{"id":314,"date":"2021-07-24T18:59:49","date_gmt":"2021-07-24T18:59:49","guid":{"rendered":"https:\/\/www.safinel.fr\/?post_type=product&#038;p=314"},"modified":"2024-07-22T14:30:35","modified_gmt":"2024-07-22T14:30:35","slug":"dentifricio-naturale-al-mentolo-con-polvere-di-siwak-30g","status":"publish","type":"product","link":"https:\/\/www.safinel.fr\/it\/prodotto\/dentifricio-naturale-al-mentolo-con-polvere-di-siwak-30g\/","title":{"rendered":"Dentifricio in polvere naturale alla menta siwak 30g"},"content":{"rendered":"<p>Il dentifricio con polvere di Siwak alla menta \u00e8 un prodotto naturale efficace.<\/p>\n<p>Ed \u00e8 anche un must-have che riempir\u00e0 i cuori di chi ha l'animo di proteggere il pianeta. Perch\u00e9 non contiene tensioattivi o altre sostanze cancerogene come il Triclosan o il Fluoro.<\/p>\n<p>Non contiene coloranti, conservanti, prodotti sintetici o profumi, il che lo rende un prodotto naturale e vegano. .<\/p>\n<p>Questo dentifricio \u00e8 delicato sui denti, ma anche sulle gengive (che sono estremamente sensibili) e le rafforza delicatamente. Sar\u00e0 il vostro alleato contro la gengivite. \u00c8 altrettanto efficace contro la placca e l'alito cattivo.<\/p>\n<h3>Virt\u00f9 del dentifricio in polvere alla menta siwak:<\/h3>\n<p>Il dentifricio Siwak \u00e8 a base di argilla bianca, un vero toccasana per gengive e denti. Ideale per la cosmesi e la cura della pelle, \u00e8 perfetto per trattare ogni piccola ferita e irritazione.<\/p>\n<p>Contiene anche rami di Salvadora, noti per le loro propriet\u00e0 purificanti e detergenti. Ma soprattutto \u00e8 unanimemente riconosciuta per le sue propriet\u00e0 sbiancanti.<\/p>\n<p>Questo dentifricio contiene anche carbonato di calcio e le sue propriet\u00e0 abrasive per una pulizia impeccabile dei denti. Il carbonato di calcio \u00e8 noto anche per le sue propriet\u00e0 rimineralizzanti, che contribuiscono alla cura dello smalto.<\/p>\n<p>Tuttavia, grazie all'aggiunta di cristalli di menta al dentifricio in polvere Siwak, potrete dimenticare tutti i vostri piccoli problemi! Concentrati con olio essenziale di menta, rivelano tutta la sua freschezza e promettono un alito di cui non dovrete arrossire!<\/p>\n<h3><strong>Istruzioni per l'uso del dentifricio in polvere alla menta siwak :<\/strong><\/h3>\n<p>La sua composizione naturale e semplice \u00e8 stata progettata con polvere per un facile utilizzo da parte di tutti:<\/p>\n<ul>\n<li>Un po' di polvere di siwak alla menta sullo spazzolino da denti<\/li>\n<li>inumidire la polvere e si potr\u00e0 spazzolare come di consueto.<\/li>\n<\/ul>","protected":false},"excerpt":{"rendered":"<p>Le dentifrice \u00e0 la poudre de Siwak menthol\u00e9 est un produit naturel aussi bien qu&rsquo;efficace. Et c&rsquo;est \u00e9galement un in\u00e9luctable qui sera combl\u00e9e le c\u0153ur de ceux qui ont l&rsquo;\u00e2me de prot\u00e9ger la plan\u00e8te . Puisqu&rsquo;il n\u2019est constitu\u00e9 d\u2019aucun tensioactif, ou autres substances canc\u00e9rog\u00e8nes telles que le Triclosan ou le Fluor. Il ne contient aucun [&#8230;]","protected":false},"featured_media":332,"template":"","meta":[],"product_brand":[],"product_cat":[34,40,35],"product_tag":[],"class_list":{"0":"post-314","1":"product","2":"type-product","3":"status-publish","4":"has-post-thumbnail","6":"product_cat-hygiene","7":"product_cat-kb-cosmetique","8":"product_cat-soins-dentaires","10":"first","11":"outofstock","12":"shipping-taxable","13":"purchasable","14":"product-type-simple"},"yoast_head":"<!-- This site is optimized with the Yoast SEO plugin v26.6 - https:\/\/yoast.com\/wordpress\/plugins\/seo\/ -->\n<title>Dentifrice naturel menthol\u00e9 en poudre de siwak 30g - Safinel<\/title>\n<meta name=\"robots\" content=\"index, follow, max-snippet:-1, max-image-preview:large, max-video-preview:-1\" \/>\n<link rel=\"canonical\" href=\"https:\/\/www.safinel.fr\/it\/prodotto\/dentifricio-naturale-al-mentolo-con-polvere-di-siwak-30g\/\" \/>\n<meta property=\"og:locale\" content=\"it_IT\" \/>\n<meta property=\"og:type\" content=\"article\" \/>\n<meta property=\"og:title\" content=\"Dentifrice naturel menthol\u00e9 en poudre de siwak 30g - Safinel\" \/>\n<meta property=\"og:description\" content=\"Le dentifrice \u00e0 la poudre de Siwak menthol\u00e9 est un produit naturel aussi bien qu&rsquo;efficace. Et c&rsquo;est \u00e9galement un in\u00e9luctable qui sera combl\u00e9e le c\u0153ur de ceux qui ont l&rsquo;\u00e2me de prot\u00e9ger la plan\u00e8te . Puisqu&rsquo;il n\u2019est constitu\u00e9 d\u2019aucun tensioactif, ou autres substances canc\u00e9rog\u00e8nes telles que le Triclosan ou le Fluor. Il ne contient aucun [...]\" \/>\n<meta property=\"og:url\" content=\"https:\/\/www.safinel.fr\/it\/prodotto\/dentifricio-naturale-al-mentolo-con-polvere-di-siwak-30g\/\" \/>\n<meta property=\"og:site_name\" content=\"Safinel\" \/>\n<meta property=\"article:modified_time\" content=\"2024-07-22T14:30:35+00:00\" \/>\n<meta property=\"og:image\" content=\"https:\/\/www.safinel.fr\/wp-content\/uploads\/2021\/07\/dentifrice-naturel-menthole-en-poudre-au-siwak-kb-cosmetique-1.jpg\" \/>\n\t<meta property=\"og:image:width\" content=\"1000\" \/>\n\t<meta property=\"og:image:height\" content=\"1300\" \/>\n\t<meta property=\"og:image:type\" content=\"image\/jpeg\" \/>\n<meta name=\"twitter:card\" content=\"summary_large_image\" \/>\n<meta name=\"twitter:label1\" content=\"Tempo di lettura stimato\" \/>\n\t<meta name=\"twitter:data1\" content=\"2 minuti\" \/>\n<script type=\"application\/ld+json\" class=\"yoast-schema-graph\">{\"@context\":\"https:\/\/schema.org\",\"@graph\":[{\"@type\":\"WebPage\",\"@id\":\"https:\/\/www.safinel.fr\/produit\/dentifrice-naturel-menthole-en-poudre-de-siwak-30g\/\",\"url\":\"https:\/\/www.safinel.fr\/produit\/dentifrice-naturel-menthole-en-poudre-de-siwak-30g\/\",\"name\":\"Dentifrice naturel menthol\u00e9 en poudre de siwak 30g - Safinel\",\"isPartOf\":{\"@id\":\"https:\/\/www.safinel.fr\/#website\"},\"primaryImageOfPage\":{\"@id\":\"https:\/\/www.safinel.fr\/produit\/dentifrice-naturel-menthole-en-poudre-de-siwak-30g\/#primaryimage\"},\"image\":{\"@id\":\"https:\/\/www.safinel.fr\/produit\/dentifrice-naturel-menthole-en-poudre-de-siwak-30g\/#primaryimage\"},\"thumbnailUrl\":\"https:\/\/www.safinel.fr\/wp-content\/uploads\/2021\/07\/dentifrice-naturel-menthole-en-poudre-au-siwak-kb-cosmetique-1.jpg\",\"datePublished\":\"2021-07-24T18:59:49+00:00\",\"dateModified\":\"2024-07-22T14:30:35+00:00\",\"breadcrumb\":{\"@id\":\"https:\/\/www.safinel.fr\/produit\/dentifrice-naturel-menthole-en-poudre-de-siwak-30g\/#breadcrumb\"},\"inLanguage\":\"it-IT\",\"potentialAction\":[{\"@type\":\"ReadAction\",\"target\":[\"https:\/\/www.safinel.fr\/produit\/dentifrice-naturel-menthole-en-poudre-de-siwak-30g\/\"]}]},{\"@type\":\"ImageObject\",\"inLanguage\":\"it-IT\",\"@id\":\"https:\/\/www.safinel.fr\/produit\/dentifrice-naturel-menthole-en-poudre-de-siwak-30g\/#primaryimage\",\"url\":\"https:\/\/www.safinel.fr\/wp-content\/uploads\/2021\/07\/dentifrice-naturel-menthole-en-poudre-au-siwak-kb-cosmetique-1.jpg\",\"contentUrl\":\"https:\/\/www.safinel.fr\/wp-content\/uploads\/2021\/07\/dentifrice-naturel-menthole-en-poudre-au-siwak-kb-cosmetique-1.jpg\",\"width\":1000,\"height\":1300},{\"@type\":\"BreadcrumbList\",\"@id\":\"https:\/\/www.safinel.fr\/produit\/dentifrice-naturel-menthole-en-poudre-de-siwak-30g\/#breadcrumb\",\"itemListElement\":[{\"@type\":\"ListItem\",\"position\":1,\"name\":\"Accueil\",\"item\":\"https:\/\/www.safinel.fr\/\"},{\"@type\":\"ListItem\",\"position\":2,\"name\":\"Boutique\",\"item\":\"https:\/\/www.safinel.fr\/boutique\/\"},{\"@type\":\"ListItem\",\"position\":3,\"name\":\"Dentifrice naturel menthol\u00e9 en poudre de siwak 30g\"}]},{\"@type\":\"WebSite\",\"@id\":\"https:\/\/www.safinel.fr\/#website\",\"url\":\"https:\/\/www.safinel.fr\/\",\"name\":\"Safinel\",\"description\":\"\",\"publisher\":{\"@id\":\"https:\/\/www.safinel.fr\/#organization\"},\"potentialAction\":[{\"@type\":\"SearchAction\",\"target\":{\"@type\":\"EntryPoint\",\"urlTemplate\":\"https:\/\/www.safinel.fr\/?s={search_term_string}\"},\"query-input\":{\"@type\":\"PropertyValueSpecification\",\"valueRequired\":true,\"valueName\":\"search_term_string\"}}],\"inLanguage\":\"it-IT\"},{\"@type\":\"Organization\",\"@id\":\"https:\/\/www.safinel.fr\/#organization\",\"name\":\"Safinel\",\"url\":\"https:\/\/www.safinel.fr\/\",\"logo\":{\"@type\":\"ImageObject\",\"inLanguage\":\"it-IT\",\"@id\":\"https:\/\/www.safinel.fr\/#\/schema\/logo\/image\/\",\"url\":\"https:\/\/www.safinel.fr\/wp-content\/uploads\/2021\/05\/boutique-cosmetique.png\",\"contentUrl\":\"https:\/\/www.safinel.fr\/wp-content\/uploads\/2021\/05\/boutique-cosmetique.png\",\"width\":800,\"height\":200,\"caption\":\"Safinel\"},\"image\":{\"@id\":\"https:\/\/www.safinel.fr\/#\/schema\/logo\/image\/\"}}]}<\/script>\n<!-- \/ Yoast SEO plugin. -->","yoast_head_json":{"title":"Dentifricio in polvere alla menta naturale 30 g - Safinel","robots":{"index":"index","follow":"follow","max-snippet":"max-snippet:-1","max-image-preview":"max-image-preview:large","max-video-preview":"max-video-preview:-1"},"canonical":"https:\/\/www.safinel.fr\/it\/prodotto\/dentifricio-naturale-al-mentolo-con-polvere-di-siwak-30g\/","og_locale":"it_IT","og_type":"article","og_title":"Dentifrice naturel menthol\u00e9 en poudre de siwak 30g - Safinel","og_description":"Le dentifrice \u00e0 la poudre de Siwak menthol\u00e9 est un produit naturel aussi bien qu&rsquo;efficace. Et c&rsquo;est \u00e9galement un in\u00e9luctable qui sera combl\u00e9e le c\u0153ur de ceux qui ont l&rsquo;\u00e2me de prot\u00e9ger la plan\u00e8te . Puisqu&rsquo;il n\u2019est constitu\u00e9 d\u2019aucun tensioactif, ou autres substances canc\u00e9rog\u00e8nes telles que le Triclosan ou le Fluor. Il ne contient aucun [...]","og_url":"https:\/\/www.safinel.fr\/it\/prodotto\/dentifricio-naturale-al-mentolo-con-polvere-di-siwak-30g\/","og_site_name":"Safinel","article_modified_time":"2024-07-22T14:30:35+00:00","og_image":[{"width":1000,"height":1300,"url":"https:\/\/www.safinel.fr\/wp-content\/uploads\/2021\/07\/dentifrice-naturel-menthole-en-poudre-au-siwak-kb-cosmetique-1.jpg","type":"image\/jpeg"}],"twitter_card":"summary_large_image","twitter_misc":{"Tempo di lettura stimato":"2 minuti"},"schema":{"@context":"https:\/\/schema.org","@graph":[{"@type":"WebPage","@id":"https:\/\/www.safinel.fr\/produit\/dentifrice-naturel-menthole-en-poudre-de-siwak-30g\/","url":"https:\/\/www.safinel.fr\/produit\/dentifrice-naturel-menthole-en-poudre-de-siwak-30g\/","name":"Dentifricio in polvere alla menta naturale 30 g - Safinel","isPartOf":{"@id":"https:\/\/www.safinel.fr\/#website"},"primaryImageOfPage":{"@id":"https:\/\/www.safinel.fr\/produit\/dentifrice-naturel-menthole-en-poudre-de-siwak-30g\/#primaryimage"},"image":{"@id":"https:\/\/www.safinel.fr\/produit\/dentifrice-naturel-menthole-en-poudre-de-siwak-30g\/#primaryimage"},"thumbnailUrl":"https:\/\/www.safinel.fr\/wp-content\/uploads\/2021\/07\/dentifrice-naturel-menthole-en-poudre-au-siwak-kb-cosmetique-1.jpg","datePublished":"2021-07-24T18:59:49+00:00","dateModified":"2024-07-22T14:30:35+00:00","breadcrumb":{"@id":"https:\/\/www.safinel.fr\/produit\/dentifrice-naturel-menthole-en-poudre-de-siwak-30g\/#breadcrumb"},"inLanguage":"it-IT","potentialAction":[{"@type":"ReadAction","target":["https:\/\/www.safinel.fr\/produit\/dentifrice-naturel-menthole-en-poudre-de-siwak-30g\/"]}]},{"@type":"ImageObject","inLanguage":"it-IT","@id":"https:\/\/www.safinel.fr\/produit\/dentifrice-naturel-menthole-en-poudre-de-siwak-30g\/#primaryimage","url":"https:\/\/www.safinel.fr\/wp-content\/uploads\/2021\/07\/dentifrice-naturel-menthole-en-poudre-au-siwak-kb-cosmetique-1.jpg","contentUrl":"https:\/\/www.safinel.fr\/wp-content\/uploads\/2021\/07\/dentifrice-naturel-menthole-en-poudre-au-siwak-kb-cosmetique-1.jpg","width":1000,"height":1300},{"@type":"BreadcrumbList","@id":"https:\/\/www.safinel.fr\/produit\/dentifrice-naturel-menthole-en-poudre-de-siwak-30g\/#breadcrumb","itemListElement":[{"@type":"ListItem","position":1,"name":"Accueil","item":"https:\/\/www.safinel.fr\/"},{"@type":"ListItem","position":2,"name":"Boutique","item":"https:\/\/www.safinel.fr\/boutique\/"},{"@type":"ListItem","position":3,"name":"Dentifrice naturel menthol\u00e9 en poudre de siwak 30g"}]},{"@type":"WebSite","@id":"https:\/\/www.safinel.fr\/#website","url":"https:\/\/www.safinel.fr\/","name":"Safinel","description":"","publisher":{"@id":"https:\/\/www.safinel.fr\/#organization"},"potentialAction":[{"@type":"SearchAction","target":{"@type":"EntryPoint","urlTemplate":"https:\/\/www.safinel.fr\/?s={search_term_string}"},"query-input":{"@type":"PropertyValueSpecification","valueRequired":true,"valueName":"search_term_string"}}],"inLanguage":"it-IT"},{"@type":"Organization","@id":"https:\/\/www.safinel.fr\/#organization","name":"Safinel","url":"https:\/\/www.safinel.fr\/","logo":{"@type":"ImageObject","inLanguage":"it-IT","@id":"https:\/\/www.safinel.fr\/#\/schema\/logo\/image\/","url":"https:\/\/www.safinel.fr\/wp-content\/uploads\/2021\/05\/boutique-cosmetique.png","contentUrl":"https:\/\/www.safinel.fr\/wp-content\/uploads\/2021\/05\/boutique-cosmetique.png","width":800,"height":200,"caption":"Safinel"},"image":{"@id":"https:\/\/www.safinel.fr\/#\/schema\/logo\/image\/"}}]}},"_links":{"self":[{"href":"https:\/\/www.safinel.fr\/it\/wp-json\/wp\/v2\/product\/314","targetHints":{"allow":["GET"]}}],"collection":[{"href":"https:\/\/www.safinel.fr\/it\/wp-json\/wp\/v2\/product"}],"about":[{"href":"https:\/\/www.safinel.fr\/it\/wp-json\/wp\/v2\/types\/product"}],"wp:featuredmedia":[{"embeddable":true,"href":"https:\/\/www.safinel.fr\/it\/wp-json\/wp\/v2\/media\/332"}],"wp:attachment":[{"href":"https:\/\/www.safinel.fr\/it\/wp-json\/wp\/v2\/media?parent=314"}],"wp:term":[{"taxonomy":"product_brand","embeddable":true,"href":"https:\/\/www.safinel.fr\/it\/wp-json\/wp\/v2\/product_brand?post=314"},{"taxonomy":"product_cat","embeddable":true,"href":"https:\/\/www.safinel.fr\/it\/wp-json\/wp\/v2\/product_cat?post=314"},{"taxonomy":"product_tag","embeddable":true,"href":"https:\/\/www.safinel.fr\/it\/wp-json\/wp\/v2\/product_tag?post=314"}],"curies":[{"name":"wp","href":"https:\/\/api.w.org\/{rel}","templated":true}]}}