{"id":3017,"date":"2022-10-04T17:27:44","date_gmt":"2022-10-04T17:27:44","guid":{"rendered":"https:\/\/www.safinel.fr\/?post_type=product&#038;p=3017"},"modified":"2023-12-28T17:15:37","modified_gmt":"2023-12-28T17:15:37","slug":"farina-talbina-dorge","status":"publish","type":"product","link":"https:\/\/www.safinel.fr\/it\/prodotto\/farina-talbina-dorge\/","title":{"rendered":"Talbina (farina d'orzo) 200g"},"content":{"rendered":"<p>La Talbina \u00e8 un\u00a0<strong>deliziosa preparazione culinaria<\/strong>\u00a0noto per i suoi effetti benefici sull'organismo. Nei Paesi musulmani \u00e8 conosciuta da generazioni. Infatti, \u00e8 raccomandata nella tradizione profetica per i suoi numerosi benefici.\u00a0<strong>Facile da preparare\u00a0<\/strong>e destinato a\u00a0<strong>tutta la famiglia<\/strong>, Questo \u00e8 il cibo da avere in cucina.<\/p>\n<h2><strong>Uno sguardo da vicino a La Talbina<\/strong><\/h2>\n<p>Questo \u00e8 un\u00a0<strong>farina d'orzo<\/strong>. In precedenza, l'orzo \u00e8 stato privato della sua buccia non commestibile. In altre parole, il chicco \u00e8 stato leggermente levigato senza essere alterato. In questo modo conserva tutte le sue propriet\u00e0. Questa \u00e8 la principale differenza tra questo cereale e il grano o la segale. Le sue vitamine, gli aminoacidi e i minerali sono una preziosa fonte di energia.\u00a0<strong>nettare per il corpo<\/strong>.<\/p>\n<p>Soprattutto per le persone con problemi digestivi.<\/p>\n<p>Ma \u00e8 perfetta anche per le donne in gravidanza, i bambini, gli anziani e gli sportivi. La Talbina \u00e8 preparata con\u00a0<strong>latte<\/strong>\u00a0e\u00a0<a href=\"https:\/\/www.safinel.fr\/it\/categoria-prodotto\/apicoltura\/\"><strong>miele<\/strong><\/a>. E, a seconda della quantit\u00e0 di liquido, si pu\u00f2 avere una bevanda o, al contrario, un pur\u00e8 o un porridge. \u00c8 anche un pasto completo. Per questo motivo si consiglia di non aggiungere altri piatti.<\/p>\n<h2><strong>Talbina: un aiuto nel trattamento della depressione<\/strong><\/h2>\n<p>Infatti, minerali come il magnesio e il potassio hanno un effetto sul cervello. In particolare, essi,\u00a0<strong>stimolare<\/strong>\u00a0neurotrasmettitori, aiutando a regolare la maggiore ipersensibilit\u00e0 associata a stati di intensa tristezza come\u00a0<a href=\"https:\/\/www.safinel.fr\/it\/prodotto\/criniera-di-leoni-hydne-herisson\/\"><strong>Criniera di leone<\/strong><\/a>. Inoltre, gli acidi animati stimolano la\u00a0<strong>produzione di serotonina<\/strong>.<\/p>\n<p>Da qualche anno \u00e8 noto che esiste un legame tra gli stati depressivi e la riduzione di questa sostanza.  Infine, la vitamina E agisce come scudo contro l'invecchiamento cellulare e quindi la senilit\u00e0.<\/p>\n<h2><strong>Un buon regolatore\u00a0<\/strong><\/h2>\n<p>La fibra contenuta nell'orzo, che \u00e8 solubile, ha la capacit\u00e0 di\u00a0<strong>rallentare<\/strong>\u00a0l'assorbimento degli zuccheri. Per questo motivo questa preparazione \u00e8 consigliata per\u00a0<strong>diabetici<\/strong>\u00a0come il\u00a0<strong>Radice di Rehmannia.\u00a0<\/strong>In questo modo, possono far viaggiare le loro papille gustative senza rischiare un rapido aumento dei livelli di zucchero nel sangue. Inoltre, grazie al suo contenuto di potassio, questo alimento aiuter\u00e0 a risolvere i problemi di\u00a0<strong>ritenzione idrica<\/strong>.<\/p>\n<p>Infatti, agisce come un diuretico per dare sollievo al paziente. Inoltre, recenti studi hanno dimostrato che aiuta a prevenire l'insorgere di\u00a0<strong>calcoli renali<\/strong>. Ma anche ictus. Infine, si scopre che ha effetti benefici sul bilanciamento del sistema immunitario.\u00a0<strong>pressione sanguigna<\/strong>.<\/p>\n<h3><strong>La nostra ricetta per la Talbina<\/strong><\/h3>\n<p>Per 4 persone, prevedere :<\/p>\n<ul>\n<li>60 grammi di farina (4 cucchiai).<\/li>\n<li>1 litro di latte vaccino o vegetale (soia o mandorla)<\/li>\n<li><a href=\"https:\/\/www.restaurant-lentredeuxverres.com\/le-miel-de-jujubier-en-cuisine-pour-quelle-utilisation\/\" target=\"_blank\" rel=\"noopener\"><strong>Miele di giuggiole<\/strong><\/a>\u00a0o\u2019<strong>Euforbia<\/strong><\/li>\n<li>Frutta secca: uvetta, mandorle, anacardi, semi di sesamo.<\/li>\n<\/ul>\n<p>Versare il liquido in una casseruola e aggiungere gradualmente la farina d'orzo, mescolando con una frusta a mano. Assicurarsi che non ci siano grumi, quindi scaldare il composto a fuoco basso per un quarto d'ora. Mescolare regolarmente fino a ottenere una purea. A questo punto, aggiungere il miele a piacere. Una volta servito, cospargere di frutta secca e gustare!<\/p>","protected":false},"excerpt":{"rendered":"<p>Scoprite il segreto della deliziosa Talbina fatta in casa seguendo questi semplici passaggi!<\/p>\n<p>Si inizia scaldando l'acqua a fuoco lento, facendo attenzione a non superare i 40 gradi per preservare tutti i benefici degli ingredienti. Aggiungere quindi 10 g di latte di cammello, noto per le sue eccezionali propriet\u00e0 nutrizionali.<\/p>\n<p>Una volta che il latte \u00e8 ben incorporato, aggiungere lentamente 15 g di farina d'orzo per evitare grumi.<\/p>\n<p>Infine, per un tocco di dolcezza, mescolate un cucchiaio di miele. E voil\u00e0, la vostra deliziosa Talbina \u00e8 pronta da gustare! Non perdete l'occasione di gustare questa bevanda sana e nutriente, che delizier\u00e0 le vostre papille gustative e vi regaler\u00e0 una dose di benessere.<\/p>\n<p><strong>Ordinate ora e godetevi un momento di puro piacere gustativo.<\/strong><\/p>","protected":false},"featured_media":4374,"template":"","meta":[],"product_brand":[],"product_cat":[41],"product_tag":[],"class_list":{"0":"post-3017","1":"product","2":"type-product","3":"status-publish","4":"has-post-thumbnail","6":"product_cat-produits-naturels-divers","8":"first","9":"instock","10":"shipping-taxable","11":"purchasable","12":"product-type-simple"},"yoast_head":"<!-- This site is optimized with the Yoast SEO plugin v26.6 - https:\/\/yoast.com\/wordpress\/plugins\/seo\/ -->\n<title>Talbina I Farine d&#039;orge I Boisson aux bienfaits nombreux<\/title>\n<meta name=\"description\" content=\"La Talbina est une\u00a0pr\u00e9paration culinaire d\u00e9licieuse\u00a0r\u00e9put\u00e9e pour son effet b\u00e9n\u00e9fique sur l\u2019organisme. Adoptez-l\u00e0 sans plus attendre !\" \/>\n<meta name=\"robots\" content=\"index, follow, max-snippet:-1, max-image-preview:large, max-video-preview:-1\" \/>\n<link rel=\"canonical\" href=\"https:\/\/www.safinel.fr\/it\/prodotto\/farina-talbina-dorge\/\" \/>\n<meta property=\"og:locale\" content=\"it_IT\" \/>\n<meta property=\"og:type\" content=\"article\" \/>\n<meta property=\"og:title\" content=\"Talbina I Farine d&#039;orge I Boisson aux bienfaits nombreux\" \/>\n<meta property=\"og:description\" content=\"La Talbina est une\u00a0pr\u00e9paration culinaire d\u00e9licieuse\u00a0r\u00e9put\u00e9e pour son effet b\u00e9n\u00e9fique sur l\u2019organisme. Adoptez-l\u00e0 sans plus attendre !\" \/>\n<meta property=\"og:url\" content=\"https:\/\/www.safinel.fr\/it\/prodotto\/farina-talbina-dorge\/\" \/>\n<meta property=\"og:site_name\" content=\"Safinel\" \/>\n<meta property=\"article:modified_time\" content=\"2023-12-28T17:15:37+00:00\" \/>\n<meta property=\"og:image\" content=\"https:\/\/www.safinel.fr\/wp-content\/uploads\/2022\/10\/talbina-farine-dorge.jpg\" \/>\n\t<meta property=\"og:image:width\" content=\"600\" \/>\n\t<meta property=\"og:image:height\" content=\"600\" \/>\n\t<meta property=\"og:image:type\" content=\"image\/jpeg\" \/>\n<meta name=\"twitter:card\" content=\"summary_large_image\" \/>\n<meta name=\"twitter:label1\" content=\"Tempo di lettura stimato\" \/>\n\t<meta name=\"twitter:data1\" content=\"3 minuti\" \/>\n<script type=\"application\/ld+json\" class=\"yoast-schema-graph\">{\"@context\":\"https:\/\/schema.org\",\"@graph\":[{\"@type\":\"WebPage\",\"@id\":\"https:\/\/www.safinel.fr\/produit\/talbina-farine-dorge\/\",\"url\":\"https:\/\/www.safinel.fr\/produit\/talbina-farine-dorge\/\",\"name\":\"Talbina I Farine d'orge I Boisson aux bienfaits nombreux\",\"isPartOf\":{\"@id\":\"https:\/\/www.safinel.fr\/#website\"},\"primaryImageOfPage\":{\"@id\":\"https:\/\/www.safinel.fr\/produit\/talbina-farine-dorge\/#primaryimage\"},\"image\":{\"@id\":\"https:\/\/www.safinel.fr\/produit\/talbina-farine-dorge\/#primaryimage\"},\"thumbnailUrl\":\"https:\/\/www.safinel.fr\/wp-content\/uploads\/2022\/10\/talbina-farine-dorge.jpg\",\"datePublished\":\"2022-10-04T17:27:44+00:00\",\"dateModified\":\"2023-12-28T17:15:37+00:00\",\"description\":\"La Talbina est une\u00a0pr\u00e9paration culinaire d\u00e9licieuse\u00a0r\u00e9put\u00e9e pour son effet b\u00e9n\u00e9fique sur l\u2019organisme. Adoptez-l\u00e0 sans plus attendre !\",\"breadcrumb\":{\"@id\":\"https:\/\/www.safinel.fr\/produit\/talbina-farine-dorge\/#breadcrumb\"},\"inLanguage\":\"it-IT\",\"potentialAction\":[{\"@type\":\"ReadAction\",\"target\":[\"https:\/\/www.safinel.fr\/produit\/talbina-farine-dorge\/\"]}]},{\"@type\":\"ImageObject\",\"inLanguage\":\"it-IT\",\"@id\":\"https:\/\/www.safinel.fr\/produit\/talbina-farine-dorge\/#primaryimage\",\"url\":\"https:\/\/www.safinel.fr\/wp-content\/uploads\/2022\/10\/talbina-farine-dorge.jpg\",\"contentUrl\":\"https:\/\/www.safinel.fr\/wp-content\/uploads\/2022\/10\/talbina-farine-dorge.jpg\",\"width\":600,\"height\":600,\"caption\":\"talbina farine d'orge\"},{\"@type\":\"BreadcrumbList\",\"@id\":\"https:\/\/www.safinel.fr\/produit\/talbina-farine-dorge\/#breadcrumb\",\"itemListElement\":[{\"@type\":\"ListItem\",\"position\":1,\"name\":\"Accueil\",\"item\":\"https:\/\/www.safinel.fr\/\"},{\"@type\":\"ListItem\",\"position\":2,\"name\":\"Boutique\",\"item\":\"https:\/\/www.safinel.fr\/boutique\/\"},{\"@type\":\"ListItem\",\"position\":3,\"name\":\"Talbina (farine d&#8217;orge) 200g\"}]},{\"@type\":\"WebSite\",\"@id\":\"https:\/\/www.safinel.fr\/#website\",\"url\":\"https:\/\/www.safinel.fr\/\",\"name\":\"Safinel\",\"description\":\"\",\"publisher\":{\"@id\":\"https:\/\/www.safinel.fr\/#organization\"},\"potentialAction\":[{\"@type\":\"SearchAction\",\"target\":{\"@type\":\"EntryPoint\",\"urlTemplate\":\"https:\/\/www.safinel.fr\/?s={search_term_string}\"},\"query-input\":{\"@type\":\"PropertyValueSpecification\",\"valueRequired\":true,\"valueName\":\"search_term_string\"}}],\"inLanguage\":\"it-IT\"},{\"@type\":\"Organization\",\"@id\":\"https:\/\/www.safinel.fr\/#organization\",\"name\":\"Safinel\",\"url\":\"https:\/\/www.safinel.fr\/\",\"logo\":{\"@type\":\"ImageObject\",\"inLanguage\":\"it-IT\",\"@id\":\"https:\/\/www.safinel.fr\/#\/schema\/logo\/image\/\",\"url\":\"https:\/\/www.safinel.fr\/wp-content\/uploads\/2021\/05\/boutique-cosmetique.png\",\"contentUrl\":\"https:\/\/www.safinel.fr\/wp-content\/uploads\/2021\/05\/boutique-cosmetique.png\",\"width\":800,\"height\":200,\"caption\":\"Safinel\"},\"image\":{\"@id\":\"https:\/\/www.safinel.fr\/#\/schema\/logo\/image\/\"}}]}<\/script>\n<!-- \/ Yoast SEO plugin. -->","yoast_head_json":{"title":"Talbina I Farina d'orzo I Una bevanda dai molti benefici","description":"La talbina \u00e8 una deliziosa preparazione culinaria rinomata per i suoi effetti benefici sull'organismo. Adottatela senza indugio!","robots":{"index":"index","follow":"follow","max-snippet":"max-snippet:-1","max-image-preview":"max-image-preview:large","max-video-preview":"max-video-preview:-1"},"canonical":"https:\/\/www.safinel.fr\/it\/prodotto\/farina-talbina-dorge\/","og_locale":"it_IT","og_type":"article","og_title":"Talbina I Farine d'orge I Boisson aux bienfaits nombreux","og_description":"La Talbina est une\u00a0pr\u00e9paration culinaire d\u00e9licieuse\u00a0r\u00e9put\u00e9e pour son effet b\u00e9n\u00e9fique sur l\u2019organisme. Adoptez-l\u00e0 sans plus attendre !","og_url":"https:\/\/www.safinel.fr\/it\/prodotto\/farina-talbina-dorge\/","og_site_name":"Safinel","article_modified_time":"2023-12-28T17:15:37+00:00","og_image":[{"width":600,"height":600,"url":"https:\/\/www.safinel.fr\/wp-content\/uploads\/2022\/10\/talbina-farine-dorge.jpg","type":"image\/jpeg"}],"twitter_card":"summary_large_image","twitter_misc":{"Tempo di lettura stimato":"3 minuti"},"schema":{"@context":"https:\/\/schema.org","@graph":[{"@type":"WebPage","@id":"https:\/\/www.safinel.fr\/produit\/talbina-farine-dorge\/","url":"https:\/\/www.safinel.fr\/produit\/talbina-farine-dorge\/","name":"Talbina I Farina d'orzo I Una bevanda dai molti benefici","isPartOf":{"@id":"https:\/\/www.safinel.fr\/#website"},"primaryImageOfPage":{"@id":"https:\/\/www.safinel.fr\/produit\/talbina-farine-dorge\/#primaryimage"},"image":{"@id":"https:\/\/www.safinel.fr\/produit\/talbina-farine-dorge\/#primaryimage"},"thumbnailUrl":"https:\/\/www.safinel.fr\/wp-content\/uploads\/2022\/10\/talbina-farine-dorge.jpg","datePublished":"2022-10-04T17:27:44+00:00","dateModified":"2023-12-28T17:15:37+00:00","description":"La talbina \u00e8 una deliziosa preparazione culinaria rinomata per i suoi effetti benefici sull'organismo. Adottatela senza indugio!","breadcrumb":{"@id":"https:\/\/www.safinel.fr\/produit\/talbina-farine-dorge\/#breadcrumb"},"inLanguage":"it-IT","potentialAction":[{"@type":"ReadAction","target":["https:\/\/www.safinel.fr\/produit\/talbina-farine-dorge\/"]}]},{"@type":"ImageObject","inLanguage":"it-IT","@id":"https:\/\/www.safinel.fr\/produit\/talbina-farine-dorge\/#primaryimage","url":"https:\/\/www.safinel.fr\/wp-content\/uploads\/2022\/10\/talbina-farine-dorge.jpg","contentUrl":"https:\/\/www.safinel.fr\/wp-content\/uploads\/2022\/10\/talbina-farine-dorge.jpg","width":600,"height":600,"caption":"talbina farine d'orge"},{"@type":"BreadcrumbList","@id":"https:\/\/www.safinel.fr\/produit\/talbina-farine-dorge\/#breadcrumb","itemListElement":[{"@type":"ListItem","position":1,"name":"Accueil","item":"https:\/\/www.safinel.fr\/"},{"@type":"ListItem","position":2,"name":"Boutique","item":"https:\/\/www.safinel.fr\/boutique\/"},{"@type":"ListItem","position":3,"name":"Talbina (farine d&#8217;orge) 200g"}]},{"@type":"WebSite","@id":"https:\/\/www.safinel.fr\/#website","url":"https:\/\/www.safinel.fr\/","name":"Safinel","description":"","publisher":{"@id":"https:\/\/www.safinel.fr\/#organization"},"potentialAction":[{"@type":"SearchAction","target":{"@type":"EntryPoint","urlTemplate":"https:\/\/www.safinel.fr\/?s={search_term_string}"},"query-input":{"@type":"PropertyValueSpecification","valueRequired":true,"valueName":"search_term_string"}}],"inLanguage":"it-IT"},{"@type":"Organization","@id":"https:\/\/www.safinel.fr\/#organization","name":"Safinel","url":"https:\/\/www.safinel.fr\/","logo":{"@type":"ImageObject","inLanguage":"it-IT","@id":"https:\/\/www.safinel.fr\/#\/schema\/logo\/image\/","url":"https:\/\/www.safinel.fr\/wp-content\/uploads\/2021\/05\/boutique-cosmetique.png","contentUrl":"https:\/\/www.safinel.fr\/wp-content\/uploads\/2021\/05\/boutique-cosmetique.png","width":800,"height":200,"caption":"Safinel"},"image":{"@id":"https:\/\/www.safinel.fr\/#\/schema\/logo\/image\/"}}]}},"_links":{"self":[{"href":"https:\/\/www.safinel.fr\/it\/wp-json\/wp\/v2\/product\/3017","targetHints":{"allow":["GET"]}}],"collection":[{"href":"https:\/\/www.safinel.fr\/it\/wp-json\/wp\/v2\/product"}],"about":[{"href":"https:\/\/www.safinel.fr\/it\/wp-json\/wp\/v2\/types\/product"}],"wp:featuredmedia":[{"embeddable":true,"href":"https:\/\/www.safinel.fr\/it\/wp-json\/wp\/v2\/media\/4374"}],"wp:attachment":[{"href":"https:\/\/www.safinel.fr\/it\/wp-json\/wp\/v2\/media?parent=3017"}],"wp:term":[{"taxonomy":"product_brand","embeddable":true,"href":"https:\/\/www.safinel.fr\/it\/wp-json\/wp\/v2\/product_brand?post=3017"},{"taxonomy":"product_cat","embeddable":true,"href":"https:\/\/www.safinel.fr\/it\/wp-json\/wp\/v2\/product_cat?post=3017"},{"taxonomy":"product_tag","embeddable":true,"href":"https:\/\/www.safinel.fr\/it\/wp-json\/wp\/v2\/product_tag?post=3017"}],"curies":[{"name":"wp","href":"https:\/\/api.w.org\/{rel}","templated":true}]}}