{"id":3009,"date":"2022-10-03T18:13:05","date_gmt":"2022-10-03T18:13:05","guid":{"rendered":"https:\/\/www.safinel.fr\/?post_type=product&#038;p=3009"},"modified":"2023-12-28T17:15:37","modified_gmt":"2023-12-28T17:15:37","slug":"sapone-alla-carota","status":"publish","type":"product","link":"https:\/\/www.safinel.fr\/it\/prodotto\/sapone-alla-carota\/","title":{"rendered":"Sapone alla carota 80g"},"content":{"rendered":"<p>Il benessere e la bellezza della pelle sono essenziali, sia che siate uomini o donne. Se \u00e8 secca, diventa opaca e soggetta a infiammazioni e irritazioni. Prendendosene cura, la pelle rimarr\u00e0\u00a0<strong>liscia, elastica e luminosa<\/strong>. Con il sapone alla carota potete coccolare la vostra pelle ogni giorno e darle le soluzioni di cui ha bisogno per eliminare tutte le sue piccole preoccupazioni. Con una pelle bella e un colorito radioso, potete essere certi che la vita vi sorrider\u00e0!<\/p>\n<h2><strong>Sapone alla carota: una moltitudine di benefici<\/strong><\/h2>\n<p>Un brutto colorito o i brufoli possono compromettere la vostra voglia di vivere. Con questo detergente potrete combattere delicatamente queste piccole preoccupazioni.<\/p>\n<p>Le carote sono utilizzate da migliaia di anni per aiutare l'intero organismo. Infatti, aiutano a combattere malattie, virus, danni e infiammazioni. Per la pelle \u00e8 un vero tesoro. Le sue\u00a0<strong>antiossidanti<\/strong>\u00a0e i suoi minerali, in particolare il potassio, saranno\u00a0<strong>stimolare la rigenerazione<\/strong>\u00a0delle vostre cellule e la\u00a0<strong>vitamina A<\/strong>, riequilibrare il pH della pelle e\u00a0<strong>idratare profondamente<\/strong>.<\/p>\n<p>Vitamine\u00a0<strong>B1<\/strong>\u00a0e\u00a0<strong>C<\/strong>\u00a0contribuir\u00e0 inoltre a combattere l'invecchiamento delle cellule, ma anche la\u00a0<strong>macchie scure<\/strong>. Avrete un colorito radioso e uniforme! Infine, il\u00a0<strong>vitamina K<\/strong>\u00a0favorir\u00e0 la guarigione, in particolare della\u2019<strong>acne<\/strong>\u00a0come il\u00a0<strong>sapone alla curcuma<\/strong>. Come potete vedere, questo \u00e8 il prodotto di bellezza e benessere da avere se volete apparire al meglio.<\/p>\n<h2><strong>Sapone alla carota: per un colorito luminoso<\/strong><\/h2>\n<p>I suoi principi attivi agiscono sulla pelle e combattono la secchezza. La sua formula biologica deterge e idrata allo stesso tempo. A differenza dei detergenti chimici, che seccano notevolmente la pelle. In questo caso, la pelle sar\u00e0 ben nutrita e manterr\u00e0 la sua\u00a0<strong>elasticit\u00e0<\/strong>\u00a0e il suo\u00a0<strong>tono<\/strong>. Inoltre, tutto il corpo beneficer\u00e0 degli effetti degli antiossidanti e delle vitamine.<\/p>\n<p>La pelle sar\u00e0 pi\u00f9 liscia e vedrete i brufoli guarire pi\u00f9 velocemente e le loro tracce svanire gradualmente. Sul viso, scoprirete un\u00a0<strong>radiosit\u00e0 unica<\/strong>\u00a0che vi delizier\u00e0. Tutti i membri della famiglia ne faranno il loro prodotto da toilette preferito. E per un'idratazione esotica, provate il prodotto\u00a0<strong>Sapone alla papaya<\/strong>\u00a0che ha le stesse propriet\u00e0 idratanti.<\/p>\n<h3><strong>Una routine di benessere per la pelle<\/strong><\/h3>\n<p>Ogni giorno bisogna ricordarsi di bere molti liquidi, perch\u00e9 questo ha un effetto immediato sulla pelle. E, in caso di dimenticanza, ricordate che una bella pelle inizia con una buona notte di sonno.\u00a0<strong>idratazione intensa<\/strong>. Per questo le cellule hanno bisogno di acqua (l'ideale sarebbe 1,5 litri al giorno). Quando fate la doccia, rimuovete le cellule morte da tutte le parti del corpo, tranne che dal viso, con un panno per la pulizia della pelle.\u00a0<strong>Guanto esfoliante in sisal<\/strong>\u00a0per stimolare la circolazione sanguigna ed eliminare le tossine. Infine, sciacquare con acqua.\u00a0<strong>freddo<\/strong>.<\/p>\n<p>Questo rassoda e tonifica il corpo. Successivamente, nutrite il corpo con una crema idratante, ad esempio\u00a0<strong>burro<\/strong>\u00a0o il\u00a0<a href=\"https:\/\/www.safinel.fr\/it\/prodotto\/karite-chantilly\/\"><strong>crema montata al karit\u00e9<\/strong><\/a>. Per il viso, se siete sensibili o a tendenza acneica, applicate qualche goccia di\u00a0<a href=\"https:\/\/www.safinel.fr\/it\/prodotto\/siero-antiacne-al-cumino-nero\/\"><strong>Siero antiacne al cumino nero<\/strong><\/a>.<\/p>","protected":false},"excerpt":{"rendered":"<p>Il benessere e la bellezza della vostra pelle sono fondamentali, sia che siate uomini o donne. Infatti, se \u00e8 secca, diventa opaca e soggetta a infiammazioni e irritazioni. Prendendovene cura, rimarr\u00e0 liscia, elastica e luminosa. Con il sapone alla carota, la coccolerete ogni giorno e le darete [\u2026]","protected":false},"featured_media":3010,"template":"","meta":[],"product_brand":[],"product_cat":[41,123],"product_tag":[],"class_list":{"0":"post-3009","1":"product","2":"type-product","3":"status-publish","4":"has-post-thumbnail","6":"product_cat-produits-naturels-divers","7":"product_cat-savon","9":"first","10":"instock","11":"shipping-taxable","12":"purchasable","13":"product-type-simple"},"yoast_head":"<!-- This site is optimized with the Yoast SEO plugin v26.6 - https:\/\/yoast.com\/wordpress\/plugins\/seo\/ -->\n<title>Savon carotte I Pour un teint lumineux I Savon bio<\/title>\n<meta name=\"description\" content=\"Avec le savon carotte, vous chouchouterez au quotidien votre peau et lui apporterez les solutions pour \u00e9radiquer tous ses petits soucis.\" \/>\n<meta name=\"robots\" content=\"index, follow, max-snippet:-1, max-image-preview:large, max-video-preview:-1\" \/>\n<link rel=\"canonical\" href=\"https:\/\/www.safinel.fr\/it\/prodotto\/sapone-alla-carota\/\" \/>\n<meta property=\"og:locale\" content=\"it_IT\" \/>\n<meta property=\"og:type\" content=\"article\" \/>\n<meta property=\"og:title\" content=\"Savon carotte I Pour un teint lumineux I Savon bio\" \/>\n<meta property=\"og:description\" content=\"Avec le savon carotte, vous chouchouterez au quotidien votre peau et lui apporterez les solutions pour \u00e9radiquer tous ses petits soucis.\" \/>\n<meta property=\"og:url\" content=\"https:\/\/www.safinel.fr\/it\/prodotto\/sapone-alla-carota\/\" \/>\n<meta property=\"og:site_name\" content=\"Safinel\" \/>\n<meta property=\"article:modified_time\" content=\"2023-12-28T17:15:37+00:00\" \/>\n<meta property=\"og:image\" content=\"https:\/\/www.safinel.fr\/wp-content\/uploads\/2022\/10\/savon-carotte.jpg\" \/>\n\t<meta property=\"og:image:width\" content=\"600\" \/>\n\t<meta property=\"og:image:height\" content=\"600\" \/>\n\t<meta property=\"og:image:type\" content=\"image\/jpeg\" \/>\n<meta name=\"twitter:card\" content=\"summary_large_image\" \/>\n<meta name=\"twitter:label1\" content=\"Tempo di lettura stimato\" \/>\n\t<meta name=\"twitter:data1\" content=\"3 minuti\" \/>\n<script type=\"application\/ld+json\" class=\"yoast-schema-graph\">{\"@context\":\"https:\/\/schema.org\",\"@graph\":[{\"@type\":\"WebPage\",\"@id\":\"https:\/\/www.safinel.fr\/produit\/savon-carotte\/\",\"url\":\"https:\/\/www.safinel.fr\/produit\/savon-carotte\/\",\"name\":\"Savon carotte I Pour un teint lumineux I Savon bio\",\"isPartOf\":{\"@id\":\"https:\/\/www.safinel.fr\/#website\"},\"primaryImageOfPage\":{\"@id\":\"https:\/\/www.safinel.fr\/produit\/savon-carotte\/#primaryimage\"},\"image\":{\"@id\":\"https:\/\/www.safinel.fr\/produit\/savon-carotte\/#primaryimage\"},\"thumbnailUrl\":\"https:\/\/www.safinel.fr\/wp-content\/uploads\/2022\/10\/savon-carotte.jpg\",\"datePublished\":\"2022-10-03T18:13:05+00:00\",\"dateModified\":\"2023-12-28T17:15:37+00:00\",\"description\":\"Avec le savon carotte, vous chouchouterez au quotidien votre peau et lui apporterez les solutions pour \u00e9radiquer tous ses petits soucis.\",\"breadcrumb\":{\"@id\":\"https:\/\/www.safinel.fr\/produit\/savon-carotte\/#breadcrumb\"},\"inLanguage\":\"it-IT\",\"potentialAction\":[{\"@type\":\"ReadAction\",\"target\":[\"https:\/\/www.safinel.fr\/produit\/savon-carotte\/\"]}]},{\"@type\":\"ImageObject\",\"inLanguage\":\"it-IT\",\"@id\":\"https:\/\/www.safinel.fr\/produit\/savon-carotte\/#primaryimage\",\"url\":\"https:\/\/www.safinel.fr\/wp-content\/uploads\/2022\/10\/savon-carotte.jpg\",\"contentUrl\":\"https:\/\/www.safinel.fr\/wp-content\/uploads\/2022\/10\/savon-carotte.jpg\",\"width\":600,\"height\":600,\"caption\":\"Savon carotte\"},{\"@type\":\"BreadcrumbList\",\"@id\":\"https:\/\/www.safinel.fr\/produit\/savon-carotte\/#breadcrumb\",\"itemListElement\":[{\"@type\":\"ListItem\",\"position\":1,\"name\":\"Accueil\",\"item\":\"https:\/\/www.safinel.fr\/\"},{\"@type\":\"ListItem\",\"position\":2,\"name\":\"Boutique\",\"item\":\"https:\/\/www.safinel.fr\/boutique\/\"},{\"@type\":\"ListItem\",\"position\":3,\"name\":\"Savon carotte 80g\"}]},{\"@type\":\"WebSite\",\"@id\":\"https:\/\/www.safinel.fr\/#website\",\"url\":\"https:\/\/www.safinel.fr\/\",\"name\":\"Safinel\",\"description\":\"\",\"publisher\":{\"@id\":\"https:\/\/www.safinel.fr\/#organization\"},\"potentialAction\":[{\"@type\":\"SearchAction\",\"target\":{\"@type\":\"EntryPoint\",\"urlTemplate\":\"https:\/\/www.safinel.fr\/?s={search_term_string}\"},\"query-input\":{\"@type\":\"PropertyValueSpecification\",\"valueRequired\":true,\"valueName\":\"search_term_string\"}}],\"inLanguage\":\"it-IT\"},{\"@type\":\"Organization\",\"@id\":\"https:\/\/www.safinel.fr\/#organization\",\"name\":\"Safinel\",\"url\":\"https:\/\/www.safinel.fr\/\",\"logo\":{\"@type\":\"ImageObject\",\"inLanguage\":\"it-IT\",\"@id\":\"https:\/\/www.safinel.fr\/#\/schema\/logo\/image\/\",\"url\":\"https:\/\/www.safinel.fr\/wp-content\/uploads\/2021\/05\/boutique-cosmetique.png\",\"contentUrl\":\"https:\/\/www.safinel.fr\/wp-content\/uploads\/2021\/05\/boutique-cosmetique.png\",\"width\":800,\"height\":200,\"caption\":\"Safinel\"},\"image\":{\"@id\":\"https:\/\/www.safinel.fr\/#\/schema\/logo\/image\/\"}}]}<\/script>\n<!-- \/ Yoast SEO plugin. -->","yoast_head_json":{"title":"Sapone alla carota I Per un colorito luminoso I Sapone biologico","description":"Con il sapone alla carota potete coccolare la vostra pelle quotidianamente e darle le soluzioni di cui ha bisogno per eliminare tutte le sue piccole preoccupazioni.","robots":{"index":"index","follow":"follow","max-snippet":"max-snippet:-1","max-image-preview":"max-image-preview:large","max-video-preview":"max-video-preview:-1"},"canonical":"https:\/\/www.safinel.fr\/it\/prodotto\/sapone-alla-carota\/","og_locale":"it_IT","og_type":"article","og_title":"Savon carotte I Pour un teint lumineux I Savon bio","og_description":"Avec le savon carotte, vous chouchouterez au quotidien votre peau et lui apporterez les solutions pour \u00e9radiquer tous ses petits soucis.","og_url":"https:\/\/www.safinel.fr\/it\/prodotto\/sapone-alla-carota\/","og_site_name":"Safinel","article_modified_time":"2023-12-28T17:15:37+00:00","og_image":[{"width":600,"height":600,"url":"https:\/\/www.safinel.fr\/wp-content\/uploads\/2022\/10\/savon-carotte.jpg","type":"image\/jpeg"}],"twitter_card":"summary_large_image","twitter_misc":{"Tempo di lettura stimato":"3 minuti"},"schema":{"@context":"https:\/\/schema.org","@graph":[{"@type":"WebPage","@id":"https:\/\/www.safinel.fr\/produit\/savon-carotte\/","url":"https:\/\/www.safinel.fr\/produit\/savon-carotte\/","name":"Sapone alla carota I Per un colorito luminoso I Sapone biologico","isPartOf":{"@id":"https:\/\/www.safinel.fr\/#website"},"primaryImageOfPage":{"@id":"https:\/\/www.safinel.fr\/produit\/savon-carotte\/#primaryimage"},"image":{"@id":"https:\/\/www.safinel.fr\/produit\/savon-carotte\/#primaryimage"},"thumbnailUrl":"https:\/\/www.safinel.fr\/wp-content\/uploads\/2022\/10\/savon-carotte.jpg","datePublished":"2022-10-03T18:13:05+00:00","dateModified":"2023-12-28T17:15:37+00:00","description":"Con il sapone alla carota potete coccolare la vostra pelle quotidianamente e darle le soluzioni di cui ha bisogno per eliminare tutte le sue piccole preoccupazioni.","breadcrumb":{"@id":"https:\/\/www.safinel.fr\/produit\/savon-carotte\/#breadcrumb"},"inLanguage":"it-IT","potentialAction":[{"@type":"ReadAction","target":["https:\/\/www.safinel.fr\/produit\/savon-carotte\/"]}]},{"@type":"ImageObject","inLanguage":"it-IT","@id":"https:\/\/www.safinel.fr\/produit\/savon-carotte\/#primaryimage","url":"https:\/\/www.safinel.fr\/wp-content\/uploads\/2022\/10\/savon-carotte.jpg","contentUrl":"https:\/\/www.safinel.fr\/wp-content\/uploads\/2022\/10\/savon-carotte.jpg","width":600,"height":600,"caption":"Savon carotte"},{"@type":"BreadcrumbList","@id":"https:\/\/www.safinel.fr\/produit\/savon-carotte\/#breadcrumb","itemListElement":[{"@type":"ListItem","position":1,"name":"Accueil","item":"https:\/\/www.safinel.fr\/"},{"@type":"ListItem","position":2,"name":"Boutique","item":"https:\/\/www.safinel.fr\/boutique\/"},{"@type":"ListItem","position":3,"name":"Savon carotte 80g"}]},{"@type":"WebSite","@id":"https:\/\/www.safinel.fr\/#website","url":"https:\/\/www.safinel.fr\/","name":"Safinel","description":"","publisher":{"@id":"https:\/\/www.safinel.fr\/#organization"},"potentialAction":[{"@type":"SearchAction","target":{"@type":"EntryPoint","urlTemplate":"https:\/\/www.safinel.fr\/?s={search_term_string}"},"query-input":{"@type":"PropertyValueSpecification","valueRequired":true,"valueName":"search_term_string"}}],"inLanguage":"it-IT"},{"@type":"Organization","@id":"https:\/\/www.safinel.fr\/#organization","name":"Safinel","url":"https:\/\/www.safinel.fr\/","logo":{"@type":"ImageObject","inLanguage":"it-IT","@id":"https:\/\/www.safinel.fr\/#\/schema\/logo\/image\/","url":"https:\/\/www.safinel.fr\/wp-content\/uploads\/2021\/05\/boutique-cosmetique.png","contentUrl":"https:\/\/www.safinel.fr\/wp-content\/uploads\/2021\/05\/boutique-cosmetique.png","width":800,"height":200,"caption":"Safinel"},"image":{"@id":"https:\/\/www.safinel.fr\/#\/schema\/logo\/image\/"}}]}},"_links":{"self":[{"href":"https:\/\/www.safinel.fr\/it\/wp-json\/wp\/v2\/product\/3009","targetHints":{"allow":["GET"]}}],"collection":[{"href":"https:\/\/www.safinel.fr\/it\/wp-json\/wp\/v2\/product"}],"about":[{"href":"https:\/\/www.safinel.fr\/it\/wp-json\/wp\/v2\/types\/product"}],"wp:featuredmedia":[{"embeddable":true,"href":"https:\/\/www.safinel.fr\/it\/wp-json\/wp\/v2\/media\/3010"}],"wp:attachment":[{"href":"https:\/\/www.safinel.fr\/it\/wp-json\/wp\/v2\/media?parent=3009"}],"wp:term":[{"taxonomy":"product_brand","embeddable":true,"href":"https:\/\/www.safinel.fr\/it\/wp-json\/wp\/v2\/product_brand?post=3009"},{"taxonomy":"product_cat","embeddable":true,"href":"https:\/\/www.safinel.fr\/it\/wp-json\/wp\/v2\/product_cat?post=3009"},{"taxonomy":"product_tag","embeddable":true,"href":"https:\/\/www.safinel.fr\/it\/wp-json\/wp\/v2\/product_tag?post=3009"}],"curies":[{"name":"wp","href":"https:\/\/api.w.org\/{rel}","templated":true}]}}