{"id":2948,"date":"2022-09-29T10:02:03","date_gmt":"2022-09-29T10:02:03","guid":{"rendered":"https:\/\/www.safinel.fr\/?post_type=product&#038;p=2948"},"modified":"2023-12-30T12:26:18","modified_gmt":"2023-12-30T12:26:18","slug":"peperone-cubebe-peperone-a-coda","status":"publish","type":"product","link":"https:\/\/www.safinel.fr\/it\/prodotto\/peperone-cubebe-peperone-a-coda\/","title":{"rendered":"Pepe Cubeb (pepe a coda)"},"content":{"rendered":"<p>Il pepe Cubeb \u00e8 una spezia rara proveniente dall'Indonesia, pi\u00f9 precisamente dall'isola di Giava. \u00c8 ideale per\u00a0<strong>insalate<\/strong>, il\u00a0<strong>carni bianche<\/strong>\u00a0e il\u00a0<strong>pesce.<\/strong>\u00a0In effetti, \u00e8 pi\u00f9 buono crudo che cotto. Si usa anche nelle ricette di dolci. Vi invitiamo a scoprire questo condimento speciale.<\/p>\n<h2><strong>Pepe Cubeb: un sapore originale<\/strong><\/h2>\n<p>Tutti conoscono il pepe nero o bianco, ma il cubeb o pepe con la coda \u00e8 meno conosciuto. Ha note meravigliose che porteranno le vostre papille gustative in un viaggio.  Il suo sapore \u00e8 naturalmente di menta, con note di eucalipto e chiodi di garofano. Ma soprattutto \u00e8 unico per la sua scarsa o nulla piccantezza. Con esso si pu\u00f2 creare una cucina creativa che sar\u00e0 un'esplosione di sapori intensi per chi la assaggia.<\/p>\n<h2><strong>Un condimento coltivato naturalmente<\/strong><\/h2>\n<p>Nell'era della produzione di massa, sull'isola di Giava cresce spontaneamente su una liana. Per questo motivo, i luoghi di raccolta sono segretamente sorvegliati. I raccoglitori lo raccolgono dalle liane, che crescono oltre i 15 metri di altezza. \u00c8 una raccolta pericolosa, perch\u00e9 bisogna arrampicarsi molto in alto per prendere le bacche. Le bacche vengono poi lasciate al sole per circa 5 giorni. Dopodich\u00e9 diventano nere: questo \u00e8 il pepe cubeb come lo compriamo.<\/p>\n<h3><strong>L'accompagnamento perfetto per i piatti freddi<\/strong><\/h3>\n<p>Utilizzato principalmente nella\u00a0<strong>Cucina asiatica<\/strong>, Sar\u00e0 delizioso servito nell'insalata. \u00c8 ottimo anche sul pesce e sulle carni bianche. Ma bisogna fare attenzione a inserirlo all'ultimo momento. Se lo cuocete troppo, diventer\u00e0 estremamente amaro e roviner\u00e0 il sapore squisito del vostro pasto. Per saperne di pi\u00f9 sul pepe acidulato<strong>\u00a0<\/strong>da<strong>\u00a0Sichuan\u00a0<\/strong>o il<strong>\u00a0Timut\u00a0<\/strong>con note agrumate.<\/p>\n<h2><strong>Pepe Cubeb: l'ingrediente originale per i dolci<\/strong><\/h2>\n<p>Aggiunger\u00e0 un tocco di originalit\u00e0 ai vostri dessert. Soprattutto quelli a base di cioccolato. Al palato si ottiene una freschezza che dura nel tempo. Tuttavia, fate attenzione al dosaggio, che deve essere leggero per evitare un aumento dell'amaro.<\/p>\n<p>La nostra idea di dessert fresco: tagliare 300 g di fragole a strisce. Cospargere con 2 cucchiaini di zucchero e mezzo cucchiaino di pepe in polvere. Aggiungere un po' di succo di limone e mescolare. Lasciare in frigorifero per un'ora e mezza. Il risultato \u00e8 una vera delizia!<\/p>\n<p>Per i dessert al cioccolato, aggiungere 3 chicchi macinati al cioccolato fuso.<\/p>\n<h3><strong>Volete un infuso di peperoncino?<\/strong><\/h3>\n<p>In Indonesia si usa come infuso per favorire la digestione. Si usa anche per combattere la febbre. \u00c8 una spezia dalle mille virt\u00f9!<\/p>\n<h2><strong>Come si usa il pepe cubeb?<\/strong><\/h2>\n<p>Potete metterlo in infusione nella vostra cucina. Oppure schiacciarlo con un pestello e cospargerlo sul piatto all'ultimo momento.<\/p>\n<h3><strong>Scoprite altri condimenti dai sapori esotici<\/strong><\/h3>\n<p>Per ottenere sapori piccanti e speziati, speziate i vostri piatti con\u00a0<a href=\"https:\/\/www.safinel.fr\/it\/prodotto\/maniguette-al-pepe-di-alligatore\/\"><strong>Maniguette<\/strong><\/a><strong>\u00a0<\/strong>dall'Africa occidentale. E, se volete un tocco di originalit\u00e0, provate\u00a0<a href=\"https:\/\/www.safinel.fr\/it\/prodotto\/aglio-nero\/\"><strong>aglio nero<\/strong><\/a>\u00a0con note di dolcezza e liquirizia.<\/p>","protected":false},"excerpt":{"rendered":"<p>Le poivre cub\u00e8be est un aromate rare qui vient d\u2019Indon\u00e9sie et plus pr\u00e9cis\u00e9ment de l\u2019\u00eele de Java. Il est id\u00e9al pour les\u00a0salades, les\u00a0viandes blanches\u00a0et le\u00a0poisson.\u00a0En effet, il a la particularit\u00e9 d\u2019\u00eatre meilleur cru que lorsqu\u2019il est cuit. Il est, aussi, utilis\u00e9 dans les recettes de desserts. Nous vous invitons \u00e0 la d\u00e9couverte de ce condiment [&#8230;]","protected":false},"featured_media":2951,"template":"","meta":[],"product_brand":[],"product_cat":[44],"product_tag":[],"class_list":{"0":"post-2948","1":"product","2":"type-product","3":"status-publish","4":"has-post-thumbnail","6":"product_cat-epices","8":"first","9":"instock","10":"shipping-taxable","11":"purchasable","12":"product-type-variable"},"yoast_head":"<!-- This site is optimized with the Yoast SEO plugin v26.6 - https:\/\/yoast.com\/wordpress\/plugins\/seo\/ -->\n<title>Poivre de cub\u00e8be | Poivre \u00e0 queue | Achat rapide et s\u00e9curis\u00e9<\/title>\n<meta name=\"description\" content=\"Le poivre cub\u00e8be est un aromate qui vient d\u2019Indon\u00e9sie de l\u2019\u00eele de Java. Il est id\u00e9al pour les\u00a0salades, les\u00a0viandes blanches\u00a0et le\u00a0poisson.\" \/>\n<meta name=\"robots\" content=\"index, follow, max-snippet:-1, max-image-preview:large, max-video-preview:-1\" \/>\n<link rel=\"canonical\" href=\"https:\/\/www.safinel.fr\/it\/prodotto\/peperone-cubebe-peperone-a-coda\/\" \/>\n<meta property=\"og:locale\" content=\"it_IT\" \/>\n<meta property=\"og:type\" content=\"article\" \/>\n<meta property=\"og:title\" content=\"Poivre de cub\u00e8be | Poivre \u00e0 queue | Achat rapide et s\u00e9curis\u00e9\" \/>\n<meta property=\"og:description\" content=\"Le poivre cub\u00e8be est un aromate qui vient d\u2019Indon\u00e9sie de l\u2019\u00eele de Java. Il est id\u00e9al pour les\u00a0salades, les\u00a0viandes blanches\u00a0et le\u00a0poisson.\" \/>\n<meta property=\"og:url\" content=\"https:\/\/www.safinel.fr\/it\/prodotto\/peperone-cubebe-peperone-a-coda\/\" \/>\n<meta property=\"og:site_name\" content=\"Safinel\" \/>\n<meta property=\"article:modified_time\" content=\"2023-12-30T12:26:18+00:00\" \/>\n<meta property=\"og:image\" content=\"https:\/\/www.safinel.fr\/wp-content\/uploads\/2022\/09\/poivre-de-cubebe.jpg\" \/>\n\t<meta property=\"og:image:width\" content=\"600\" \/>\n\t<meta property=\"og:image:height\" content=\"600\" \/>\n\t<meta property=\"og:image:type\" content=\"image\/jpeg\" \/>\n<meta name=\"twitter:card\" content=\"summary_large_image\" \/>\n<meta name=\"twitter:label1\" content=\"Tempo di lettura stimato\" \/>\n\t<meta name=\"twitter:data1\" content=\"3 minuti\" \/>\n<script type=\"application\/ld+json\" class=\"yoast-schema-graph\">{\"@context\":\"https:\/\/schema.org\",\"@graph\":[{\"@type\":\"WebPage\",\"@id\":\"https:\/\/www.safinel.fr\/produit\/poivre-de-cubebe-poivre-a-queue\/\",\"url\":\"https:\/\/www.safinel.fr\/produit\/poivre-de-cubebe-poivre-a-queue\/\",\"name\":\"Poivre de cub\u00e8be | Poivre \u00e0 queue | Achat rapide et s\u00e9curis\u00e9\",\"isPartOf\":{\"@id\":\"https:\/\/www.safinel.fr\/#website\"},\"primaryImageOfPage\":{\"@id\":\"https:\/\/www.safinel.fr\/produit\/poivre-de-cubebe-poivre-a-queue\/#primaryimage\"},\"image\":{\"@id\":\"https:\/\/www.safinel.fr\/produit\/poivre-de-cubebe-poivre-a-queue\/#primaryimage\"},\"thumbnailUrl\":\"https:\/\/www.safinel.fr\/wp-content\/uploads\/2022\/09\/poivre-de-cubebe.jpg\",\"datePublished\":\"2022-09-29T10:02:03+00:00\",\"dateModified\":\"2023-12-30T12:26:18+00:00\",\"description\":\"Le poivre cub\u00e8be est un aromate qui vient d\u2019Indon\u00e9sie de l\u2019\u00eele de Java. Il est id\u00e9al pour les\u00a0salades, les\u00a0viandes blanches\u00a0et le\u00a0poisson.\",\"breadcrumb\":{\"@id\":\"https:\/\/www.safinel.fr\/produit\/poivre-de-cubebe-poivre-a-queue\/#breadcrumb\"},\"inLanguage\":\"it-IT\",\"potentialAction\":[{\"@type\":\"ReadAction\",\"target\":[\"https:\/\/www.safinel.fr\/produit\/poivre-de-cubebe-poivre-a-queue\/\"]}]},{\"@type\":\"ImageObject\",\"inLanguage\":\"it-IT\",\"@id\":\"https:\/\/www.safinel.fr\/produit\/poivre-de-cubebe-poivre-a-queue\/#primaryimage\",\"url\":\"https:\/\/www.safinel.fr\/wp-content\/uploads\/2022\/09\/poivre-de-cubebe.jpg\",\"contentUrl\":\"https:\/\/www.safinel.fr\/wp-content\/uploads\/2022\/09\/poivre-de-cubebe.jpg\",\"width\":600,\"height\":600,\"caption\":\"Poivre de cub\u00e8be\"},{\"@type\":\"BreadcrumbList\",\"@id\":\"https:\/\/www.safinel.fr\/produit\/poivre-de-cubebe-poivre-a-queue\/#breadcrumb\",\"itemListElement\":[{\"@type\":\"ListItem\",\"position\":1,\"name\":\"Accueil\",\"item\":\"https:\/\/www.safinel.fr\/\"},{\"@type\":\"ListItem\",\"position\":2,\"name\":\"Boutique\",\"item\":\"https:\/\/www.safinel.fr\/boutique\/\"},{\"@type\":\"ListItem\",\"position\":3,\"name\":\"Poivre de cub\u00e8be (Poivre \u00e0 queue)\"}]},{\"@type\":\"WebSite\",\"@id\":\"https:\/\/www.safinel.fr\/#website\",\"url\":\"https:\/\/www.safinel.fr\/\",\"name\":\"Safinel\",\"description\":\"\",\"publisher\":{\"@id\":\"https:\/\/www.safinel.fr\/#organization\"},\"potentialAction\":[{\"@type\":\"SearchAction\",\"target\":{\"@type\":\"EntryPoint\",\"urlTemplate\":\"https:\/\/www.safinel.fr\/?s={search_term_string}\"},\"query-input\":{\"@type\":\"PropertyValueSpecification\",\"valueRequired\":true,\"valueName\":\"search_term_string\"}}],\"inLanguage\":\"it-IT\"},{\"@type\":\"Organization\",\"@id\":\"https:\/\/www.safinel.fr\/#organization\",\"name\":\"Safinel\",\"url\":\"https:\/\/www.safinel.fr\/\",\"logo\":{\"@type\":\"ImageObject\",\"inLanguage\":\"it-IT\",\"@id\":\"https:\/\/www.safinel.fr\/#\/schema\/logo\/image\/\",\"url\":\"https:\/\/www.safinel.fr\/wp-content\/uploads\/2021\/05\/boutique-cosmetique.png\",\"contentUrl\":\"https:\/\/www.safinel.fr\/wp-content\/uploads\/2021\/05\/boutique-cosmetique.png\",\"width\":800,\"height\":200,\"caption\":\"Safinel\"},\"image\":{\"@id\":\"https:\/\/www.safinel.fr\/#\/schema\/logo\/image\/\"}}]}<\/script>\n<!-- \/ Yoast SEO plugin. -->","yoast_head_json":{"title":"Pepe Cubeb | Pepe con coda | Acquisto online rapido e sicuro","description":"Il pepe Cubeb \u00e8 una spezia proveniente dall'isola indonesiana di Giava. \u00c8 ideale per insalate, carni bianche e pesce.","robots":{"index":"index","follow":"follow","max-snippet":"max-snippet:-1","max-image-preview":"max-image-preview:large","max-video-preview":"max-video-preview:-1"},"canonical":"https:\/\/www.safinel.fr\/it\/prodotto\/peperone-cubebe-peperone-a-coda\/","og_locale":"it_IT","og_type":"article","og_title":"Poivre de cub\u00e8be | Poivre \u00e0 queue | Achat rapide et s\u00e9curis\u00e9","og_description":"Le poivre cub\u00e8be est un aromate qui vient d\u2019Indon\u00e9sie de l\u2019\u00eele de Java. Il est id\u00e9al pour les\u00a0salades, les\u00a0viandes blanches\u00a0et le\u00a0poisson.","og_url":"https:\/\/www.safinel.fr\/it\/prodotto\/peperone-cubebe-peperone-a-coda\/","og_site_name":"Safinel","article_modified_time":"2023-12-30T12:26:18+00:00","og_image":[{"width":600,"height":600,"url":"https:\/\/www.safinel.fr\/wp-content\/uploads\/2022\/09\/poivre-de-cubebe.jpg","type":"image\/jpeg"}],"twitter_card":"summary_large_image","twitter_misc":{"Tempo di lettura stimato":"3 minuti"},"schema":{"@context":"https:\/\/schema.org","@graph":[{"@type":"WebPage","@id":"https:\/\/www.safinel.fr\/produit\/poivre-de-cubebe-poivre-a-queue\/","url":"https:\/\/www.safinel.fr\/produit\/poivre-de-cubebe-poivre-a-queue\/","name":"Pepe Cubeb | Pepe con coda | Acquisto online rapido e sicuro","isPartOf":{"@id":"https:\/\/www.safinel.fr\/#website"},"primaryImageOfPage":{"@id":"https:\/\/www.safinel.fr\/produit\/poivre-de-cubebe-poivre-a-queue\/#primaryimage"},"image":{"@id":"https:\/\/www.safinel.fr\/produit\/poivre-de-cubebe-poivre-a-queue\/#primaryimage"},"thumbnailUrl":"https:\/\/www.safinel.fr\/wp-content\/uploads\/2022\/09\/poivre-de-cubebe.jpg","datePublished":"2022-09-29T10:02:03+00:00","dateModified":"2023-12-30T12:26:18+00:00","description":"Il pepe Cubeb \u00e8 una spezia proveniente dall'isola indonesiana di Giava. \u00c8 ideale per insalate, carni bianche e pesce.","breadcrumb":{"@id":"https:\/\/www.safinel.fr\/produit\/poivre-de-cubebe-poivre-a-queue\/#breadcrumb"},"inLanguage":"it-IT","potentialAction":[{"@type":"ReadAction","target":["https:\/\/www.safinel.fr\/produit\/poivre-de-cubebe-poivre-a-queue\/"]}]},{"@type":"ImageObject","inLanguage":"it-IT","@id":"https:\/\/www.safinel.fr\/produit\/poivre-de-cubebe-poivre-a-queue\/#primaryimage","url":"https:\/\/www.safinel.fr\/wp-content\/uploads\/2022\/09\/poivre-de-cubebe.jpg","contentUrl":"https:\/\/www.safinel.fr\/wp-content\/uploads\/2022\/09\/poivre-de-cubebe.jpg","width":600,"height":600,"caption":"Poivre de cub\u00e8be"},{"@type":"BreadcrumbList","@id":"https:\/\/www.safinel.fr\/produit\/poivre-de-cubebe-poivre-a-queue\/#breadcrumb","itemListElement":[{"@type":"ListItem","position":1,"name":"Accueil","item":"https:\/\/www.safinel.fr\/"},{"@type":"ListItem","position":2,"name":"Boutique","item":"https:\/\/www.safinel.fr\/boutique\/"},{"@type":"ListItem","position":3,"name":"Poivre de cub\u00e8be (Poivre \u00e0 queue)"}]},{"@type":"WebSite","@id":"https:\/\/www.safinel.fr\/#website","url":"https:\/\/www.safinel.fr\/","name":"Safinel","description":"","publisher":{"@id":"https:\/\/www.safinel.fr\/#organization"},"potentialAction":[{"@type":"SearchAction","target":{"@type":"EntryPoint","urlTemplate":"https:\/\/www.safinel.fr\/?s={search_term_string}"},"query-input":{"@type":"PropertyValueSpecification","valueRequired":true,"valueName":"search_term_string"}}],"inLanguage":"it-IT"},{"@type":"Organization","@id":"https:\/\/www.safinel.fr\/#organization","name":"Safinel","url":"https:\/\/www.safinel.fr\/","logo":{"@type":"ImageObject","inLanguage":"it-IT","@id":"https:\/\/www.safinel.fr\/#\/schema\/logo\/image\/","url":"https:\/\/www.safinel.fr\/wp-content\/uploads\/2021\/05\/boutique-cosmetique.png","contentUrl":"https:\/\/www.safinel.fr\/wp-content\/uploads\/2021\/05\/boutique-cosmetique.png","width":800,"height":200,"caption":"Safinel"},"image":{"@id":"https:\/\/www.safinel.fr\/#\/schema\/logo\/image\/"}}]}},"_links":{"self":[{"href":"https:\/\/www.safinel.fr\/it\/wp-json\/wp\/v2\/product\/2948","targetHints":{"allow":["GET"]}}],"collection":[{"href":"https:\/\/www.safinel.fr\/it\/wp-json\/wp\/v2\/product"}],"about":[{"href":"https:\/\/www.safinel.fr\/it\/wp-json\/wp\/v2\/types\/product"}],"wp:featuredmedia":[{"embeddable":true,"href":"https:\/\/www.safinel.fr\/it\/wp-json\/wp\/v2\/media\/2951"}],"wp:attachment":[{"href":"https:\/\/www.safinel.fr\/it\/wp-json\/wp\/v2\/media?parent=2948"}],"wp:term":[{"taxonomy":"product_brand","embeddable":true,"href":"https:\/\/www.safinel.fr\/it\/wp-json\/wp\/v2\/product_brand?post=2948"},{"taxonomy":"product_cat","embeddable":true,"href":"https:\/\/www.safinel.fr\/it\/wp-json\/wp\/v2\/product_cat?post=2948"},{"taxonomy":"product_tag","embeddable":true,"href":"https:\/\/www.safinel.fr\/it\/wp-json\/wp\/v2\/product_tag?post=2948"}],"curies":[{"name":"wp","href":"https:\/\/api.w.org\/{rel}","templated":true}]}}