{"id":294,"date":"2021-07-24T18:59:26","date_gmt":"2021-07-24T18:59:26","guid":{"rendered":"https:\/\/www.safinel.fr\/?post_type=product&#038;p=294"},"modified":"2023-12-30T13:52:28","modified_gmt":"2023-12-30T13:52:28","slug":"shampoo-solido-alla-nigella-60g-fonte-nigella","status":"publish","type":"product","link":"https:\/\/www.safinel.fr\/it\/prodotto\/shampoo-solido-alla-nigella-60g-fonte-nigella\/","title":{"rendered":"Nigella Shampoo solido 60g - Fonte Nigelle"},"content":{"rendered":"<p>Mai prima d'ora il cuoio capelluto e i capelli hanno beneficiato di cos\u00ec tanti principi attivi combinati in uno shampoo al cumino nero ...<\/p>\n<p>Innanzitutto, questo shampoo alla Nigella sar\u00e0 per sempre l'alleato perfetto per i vostri capelli e il vostro cuoio capelluto. Grazie ai numerosi principi attivi contenuti in questo shampoo al cumino nero.<\/p>\n<p>Ci\u00f2 che \u00e8 veramente importante sono i principi attivi contenuti nello shampoo solido. Infatti, gli shampoo liquidi contengono oltre 90 % di acqua, a differenza dei nostri shampoo solidi al cumino nero.<\/p>\n<p>\u00c8 chiaro che questo shampoo alla nigella svolger\u00e0 appieno il suo ruolo e dar\u00e0 ai vostri capelli una seconda vita. Le numerose qualit\u00e0 di questo prodotto rafforzeranno i vostri capelli, stimolandoli e ammorbidendoli, senza dimenticare di donare loro una lucentezza impeccabile.<\/p>\n<p>Vi aiuter\u00e0 a combattere qualsiasi problema legato al cuoio capelluto, come l'eczema pruriginoso... Vi aiuter\u00e0 anche a combattere la caduta dei capelli.<\/p>\n<h3><strong> Una soluzione organica ed ecologica:<\/strong><\/h3>\n<p>In primo luogo, lo shampoo solido \u00e8 riconosciuto come pi\u00f9 economico di quello acquistato al supermercato e dura pi\u00f9 a lungo. Inoltre, pu\u00f2 aiutare a fare a meno del balsamo.<\/p>\n<p>In secondo luogo, questo shampoo da 90 g dura da 100 a 120 lavaggi, l'equivalente di 4 flaconi di shampoo tradizionale. .<\/p>\n<p>In terzo luogo, \u00e8 molto ecologico grazie alla sua forma, che non richiede imballaggi in plastica.<\/p>\n<p>Infine, questo shampoo solido \u00e8 quanto di pi\u00f9 pratico si possa desiderare. \u00c8 facile da portare in giro senza l'inconveniente di rovesciare un flacone di shampoo in valigia.<\/p>\n<h3><strong>Istruzioni per l'uso :<\/strong><\/h3>\n<ul>\n<li>Bagnare e strofinare lo shampoo solido sulle mani.<\/li>\n<li>Lavorare fino a ottenere una schiuma abbastanza densa<\/li>\n<li>Applicare la mousse sui capelli e lavarli.<\/li>\n<li>Risciacquare accuratamente.<\/li>\n<li>Lasciare asciugare lo shampoo su un portasapone e lasciarlo asciugare all'aria.<\/li>\n<\/ul>\n<h3><strong>Composizione:<\/strong><\/h3>\n<ul>\n<li>Tensioattivo (sodio <span class=\"original-content\">cocoil <\/span><span class=\"original-content\">isetionato<\/span>)<\/li>\n<li>Semi di cumino nero in polvere.<\/li>\n<li>Sodio lattato<\/li>\n<li>Olio di nigella etiope<\/li>\n<li>Vitamina E biologica<\/li>\n<li>Acqua demineralizzata<\/li>\n<\/ul>","protected":false},"excerpt":{"rendered":"<p>Jamais votre cuir chevelu et vos cheveux ne b\u00e9n\u00e9ficient d&rsquo;autant de principes actifs r\u00e9unis dans un shampoing \u00e0 la nigelle &#8230; Tout d&rsquo;abord, ce Shampoing \u00e0 la Nigelle deviendra \u00e0 jamais l&rsquo;alli\u00e9 parfait pour vos cheveux et votre cuir chevelu. Gr\u00e2ce aux nombreux principes actifs contenus dans ce shampoing \u00e0 la nigelle. Effectivement, ce qui [&#8230;]","protected":false},"featured_media":327,"template":"","meta":[],"product_brand":[],"product_cat":[34,36],"product_tag":[],"class_list":{"0":"post-294","1":"product","2":"type-product","3":"status-publish","4":"has-post-thumbnail","6":"product_cat-hygiene","7":"product_cat-shampoing-solide","9":"first","10":"instock","11":"shipping-taxable","12":"purchasable","13":"product-type-simple"},"yoast_head":"<!-- This site is optimized with the Yoast SEO plugin v26.6 - https:\/\/yoast.com\/wordpress\/plugins\/seo\/ -->\n<title>Shampoing solide \u00e0 la nigelle 60g - Nigelle Source - Safinel<\/title>\n<meta name=\"robots\" content=\"index, follow, max-snippet:-1, max-image-preview:large, max-video-preview:-1\" \/>\n<link rel=\"canonical\" href=\"https:\/\/www.safinel.fr\/it\/prodotto\/shampoo-solido-alla-nigella-60g-fonte-nigella\/\" \/>\n<meta property=\"og:locale\" content=\"it_IT\" \/>\n<meta property=\"og:type\" content=\"article\" \/>\n<meta property=\"og:title\" content=\"Shampoing solide \u00e0 la nigelle 60g - Nigelle Source - Safinel\" \/>\n<meta property=\"og:description\" content=\"Jamais votre cuir chevelu et vos cheveux ne b\u00e9n\u00e9ficient d&rsquo;autant de principes actifs r\u00e9unis dans un shampoing \u00e0 la nigelle &#8230; Tout d&rsquo;abord, ce Shampoing \u00e0 la Nigelle deviendra \u00e0 jamais l&rsquo;alli\u00e9 parfait pour vos cheveux et votre cuir chevelu. Gr\u00e2ce aux nombreux principes actifs contenus dans ce shampoing \u00e0 la nigelle. Effectivement, ce qui [...]\" \/>\n<meta property=\"og:url\" content=\"https:\/\/www.safinel.fr\/it\/prodotto\/shampoo-solido-alla-nigella-60g-fonte-nigella\/\" \/>\n<meta property=\"og:site_name\" content=\"Safinel\" \/>\n<meta property=\"article:modified_time\" content=\"2023-12-30T13:52:28+00:00\" \/>\n<meta property=\"og:image\" content=\"https:\/\/www.safinel.fr\/wp-content\/uploads\/2021\/07\/shampoing-solid-3.jpg\" \/>\n\t<meta property=\"og:image:width\" content=\"954\" \/>\n\t<meta property=\"og:image:height\" content=\"800\" \/>\n\t<meta property=\"og:image:type\" content=\"image\/jpeg\" \/>\n<meta name=\"twitter:card\" content=\"summary_large_image\" \/>\n<meta name=\"twitter:label1\" content=\"Tempo di lettura stimato\" \/>\n\t<meta name=\"twitter:data1\" content=\"2 minuti\" \/>\n<script type=\"application\/ld+json\" class=\"yoast-schema-graph\">{\"@context\":\"https:\/\/schema.org\",\"@graph\":[{\"@type\":\"WebPage\",\"@id\":\"https:\/\/www.safinel.fr\/produit\/shampoing-solide-a-la-nigelle-60g-nigelle-source\/\",\"url\":\"https:\/\/www.safinel.fr\/produit\/shampoing-solide-a-la-nigelle-60g-nigelle-source\/\",\"name\":\"Shampoing solide \u00e0 la nigelle 60g - Nigelle Source - Safinel\",\"isPartOf\":{\"@id\":\"https:\/\/www.safinel.fr\/#website\"},\"primaryImageOfPage\":{\"@id\":\"https:\/\/www.safinel.fr\/produit\/shampoing-solide-a-la-nigelle-60g-nigelle-source\/#primaryimage\"},\"image\":{\"@id\":\"https:\/\/www.safinel.fr\/produit\/shampoing-solide-a-la-nigelle-60g-nigelle-source\/#primaryimage\"},\"thumbnailUrl\":\"https:\/\/www.safinel.fr\/wp-content\/uploads\/2021\/07\/shampoing-solid-3.jpg\",\"datePublished\":\"2021-07-24T18:59:26+00:00\",\"dateModified\":\"2023-12-30T13:52:28+00:00\",\"breadcrumb\":{\"@id\":\"https:\/\/www.safinel.fr\/produit\/shampoing-solide-a-la-nigelle-60g-nigelle-source\/#breadcrumb\"},\"inLanguage\":\"it-IT\",\"potentialAction\":[{\"@type\":\"ReadAction\",\"target\":[\"https:\/\/www.safinel.fr\/produit\/shampoing-solide-a-la-nigelle-60g-nigelle-source\/\"]}]},{\"@type\":\"ImageObject\",\"inLanguage\":\"it-IT\",\"@id\":\"https:\/\/www.safinel.fr\/produit\/shampoing-solide-a-la-nigelle-60g-nigelle-source\/#primaryimage\",\"url\":\"https:\/\/www.safinel.fr\/wp-content\/uploads\/2021\/07\/shampoing-solid-3.jpg\",\"contentUrl\":\"https:\/\/www.safinel.fr\/wp-content\/uploads\/2021\/07\/shampoing-solid-3.jpg\",\"width\":954,\"height\":800},{\"@type\":\"BreadcrumbList\",\"@id\":\"https:\/\/www.safinel.fr\/produit\/shampoing-solide-a-la-nigelle-60g-nigelle-source\/#breadcrumb\",\"itemListElement\":[{\"@type\":\"ListItem\",\"position\":1,\"name\":\"Accueil\",\"item\":\"https:\/\/www.safinel.fr\/\"},{\"@type\":\"ListItem\",\"position\":2,\"name\":\"Boutique\",\"item\":\"https:\/\/www.safinel.fr\/boutique\/\"},{\"@type\":\"ListItem\",\"position\":3,\"name\":\"Shampoing solide \u00e0 la nigelle 60g &#8211; Nigelle Source\"}]},{\"@type\":\"WebSite\",\"@id\":\"https:\/\/www.safinel.fr\/#website\",\"url\":\"https:\/\/www.safinel.fr\/\",\"name\":\"Safinel\",\"description\":\"\",\"publisher\":{\"@id\":\"https:\/\/www.safinel.fr\/#organization\"},\"potentialAction\":[{\"@type\":\"SearchAction\",\"target\":{\"@type\":\"EntryPoint\",\"urlTemplate\":\"https:\/\/www.safinel.fr\/?s={search_term_string}\"},\"query-input\":{\"@type\":\"PropertyValueSpecification\",\"valueRequired\":true,\"valueName\":\"search_term_string\"}}],\"inLanguage\":\"it-IT\"},{\"@type\":\"Organization\",\"@id\":\"https:\/\/www.safinel.fr\/#organization\",\"name\":\"Safinel\",\"url\":\"https:\/\/www.safinel.fr\/\",\"logo\":{\"@type\":\"ImageObject\",\"inLanguage\":\"it-IT\",\"@id\":\"https:\/\/www.safinel.fr\/#\/schema\/logo\/image\/\",\"url\":\"https:\/\/www.safinel.fr\/wp-content\/uploads\/2021\/05\/boutique-cosmetique.png\",\"contentUrl\":\"https:\/\/www.safinel.fr\/wp-content\/uploads\/2021\/05\/boutique-cosmetique.png\",\"width\":800,\"height\":200,\"caption\":\"Safinel\"},\"image\":{\"@id\":\"https:\/\/www.safinel.fr\/#\/schema\/logo\/image\/\"}}]}<\/script>\n<!-- \/ Yoast SEO plugin. -->","yoast_head_json":{"title":"Nigella Shampoo solido 60g - Fonte Nigelle - Safinel","robots":{"index":"index","follow":"follow","max-snippet":"max-snippet:-1","max-image-preview":"max-image-preview:large","max-video-preview":"max-video-preview:-1"},"canonical":"https:\/\/www.safinel.fr\/it\/prodotto\/shampoo-solido-alla-nigella-60g-fonte-nigella\/","og_locale":"it_IT","og_type":"article","og_title":"Shampoing solide \u00e0 la nigelle 60g - Nigelle Source - Safinel","og_description":"Jamais votre cuir chevelu et vos cheveux ne b\u00e9n\u00e9ficient d&rsquo;autant de principes actifs r\u00e9unis dans un shampoing \u00e0 la nigelle &#8230; Tout d&rsquo;abord, ce Shampoing \u00e0 la Nigelle deviendra \u00e0 jamais l&rsquo;alli\u00e9 parfait pour vos cheveux et votre cuir chevelu. Gr\u00e2ce aux nombreux principes actifs contenus dans ce shampoing \u00e0 la nigelle. Effectivement, ce qui [...]","og_url":"https:\/\/www.safinel.fr\/it\/prodotto\/shampoo-solido-alla-nigella-60g-fonte-nigella\/","og_site_name":"Safinel","article_modified_time":"2023-12-30T13:52:28+00:00","og_image":[{"width":954,"height":800,"url":"https:\/\/www.safinel.fr\/wp-content\/uploads\/2021\/07\/shampoing-solid-3.jpg","type":"image\/jpeg"}],"twitter_card":"summary_large_image","twitter_misc":{"Tempo di lettura stimato":"2 minuti"},"schema":{"@context":"https:\/\/schema.org","@graph":[{"@type":"WebPage","@id":"https:\/\/www.safinel.fr\/produit\/shampoing-solide-a-la-nigelle-60g-nigelle-source\/","url":"https:\/\/www.safinel.fr\/produit\/shampoing-solide-a-la-nigelle-60g-nigelle-source\/","name":"Nigella Shampoo solido 60g - Fonte Nigelle - Safinel","isPartOf":{"@id":"https:\/\/www.safinel.fr\/#website"},"primaryImageOfPage":{"@id":"https:\/\/www.safinel.fr\/produit\/shampoing-solide-a-la-nigelle-60g-nigelle-source\/#primaryimage"},"image":{"@id":"https:\/\/www.safinel.fr\/produit\/shampoing-solide-a-la-nigelle-60g-nigelle-source\/#primaryimage"},"thumbnailUrl":"https:\/\/www.safinel.fr\/wp-content\/uploads\/2021\/07\/shampoing-solid-3.jpg","datePublished":"2021-07-24T18:59:26+00:00","dateModified":"2023-12-30T13:52:28+00:00","breadcrumb":{"@id":"https:\/\/www.safinel.fr\/produit\/shampoing-solide-a-la-nigelle-60g-nigelle-source\/#breadcrumb"},"inLanguage":"it-IT","potentialAction":[{"@type":"ReadAction","target":["https:\/\/www.safinel.fr\/produit\/shampoing-solide-a-la-nigelle-60g-nigelle-source\/"]}]},{"@type":"ImageObject","inLanguage":"it-IT","@id":"https:\/\/www.safinel.fr\/produit\/shampoing-solide-a-la-nigelle-60g-nigelle-source\/#primaryimage","url":"https:\/\/www.safinel.fr\/wp-content\/uploads\/2021\/07\/shampoing-solid-3.jpg","contentUrl":"https:\/\/www.safinel.fr\/wp-content\/uploads\/2021\/07\/shampoing-solid-3.jpg","width":954,"height":800},{"@type":"BreadcrumbList","@id":"https:\/\/www.safinel.fr\/produit\/shampoing-solide-a-la-nigelle-60g-nigelle-source\/#breadcrumb","itemListElement":[{"@type":"ListItem","position":1,"name":"Accueil","item":"https:\/\/www.safinel.fr\/"},{"@type":"ListItem","position":2,"name":"Boutique","item":"https:\/\/www.safinel.fr\/boutique\/"},{"@type":"ListItem","position":3,"name":"Shampoing solide \u00e0 la nigelle 60g &#8211; Nigelle Source"}]},{"@type":"WebSite","@id":"https:\/\/www.safinel.fr\/#website","url":"https:\/\/www.safinel.fr\/","name":"Safinel","description":"","publisher":{"@id":"https:\/\/www.safinel.fr\/#organization"},"potentialAction":[{"@type":"SearchAction","target":{"@type":"EntryPoint","urlTemplate":"https:\/\/www.safinel.fr\/?s={search_term_string}"},"query-input":{"@type":"PropertyValueSpecification","valueRequired":true,"valueName":"search_term_string"}}],"inLanguage":"it-IT"},{"@type":"Organization","@id":"https:\/\/www.safinel.fr\/#organization","name":"Safinel","url":"https:\/\/www.safinel.fr\/","logo":{"@type":"ImageObject","inLanguage":"it-IT","@id":"https:\/\/www.safinel.fr\/#\/schema\/logo\/image\/","url":"https:\/\/www.safinel.fr\/wp-content\/uploads\/2021\/05\/boutique-cosmetique.png","contentUrl":"https:\/\/www.safinel.fr\/wp-content\/uploads\/2021\/05\/boutique-cosmetique.png","width":800,"height":200,"caption":"Safinel"},"image":{"@id":"https:\/\/www.safinel.fr\/#\/schema\/logo\/image\/"}}]}},"_links":{"self":[{"href":"https:\/\/www.safinel.fr\/it\/wp-json\/wp\/v2\/product\/294","targetHints":{"allow":["GET"]}}],"collection":[{"href":"https:\/\/www.safinel.fr\/it\/wp-json\/wp\/v2\/product"}],"about":[{"href":"https:\/\/www.safinel.fr\/it\/wp-json\/wp\/v2\/types\/product"}],"wp:featuredmedia":[{"embeddable":true,"href":"https:\/\/www.safinel.fr\/it\/wp-json\/wp\/v2\/media\/327"}],"wp:attachment":[{"href":"https:\/\/www.safinel.fr\/it\/wp-json\/wp\/v2\/media?parent=294"}],"wp:term":[{"taxonomy":"product_brand","embeddable":true,"href":"https:\/\/www.safinel.fr\/it\/wp-json\/wp\/v2\/product_brand?post=294"},{"taxonomy":"product_cat","embeddable":true,"href":"https:\/\/www.safinel.fr\/it\/wp-json\/wp\/v2\/product_cat?post=294"},{"taxonomy":"product_tag","embeddable":true,"href":"https:\/\/www.safinel.fr\/it\/wp-json\/wp\/v2\/product_tag?post=294"}],"curies":[{"name":"wp","href":"https:\/\/api.w.org\/{rel}","templated":true}]}}