{"id":293,"date":"2021-07-24T18:59:25","date_gmt":"2021-07-24T18:59:25","guid":{"rendered":"https:\/\/www.safinel.fr\/?post_type=product&#038;p=293"},"modified":"2023-12-30T13:53:39","modified_gmt":"2023-12-30T13:53:39","slug":"sapone-allolio-di-cumino-nero-habachia-100g-fonte-di-cumino-nero","status":"publish","type":"product","link":"https:\/\/www.safinel.fr\/it\/prodotto\/sapone-allolio-di-cumino-nero-habachia-100g-fonte-di-cumino-nero\/","title":{"rendered":"Sapone all'olio di cumino nero Habachia 100g - Fonte Nigelle"},"content":{"rendered":"<p>Prima di tutto, il sapone all'olio di cumino nero diventer\u00e0 sicuramente il vostro must di bellezza... Una volta usato, non potrete pi\u00f9 farne a meno.<\/p>\n<p>Se volete prendervi cura di voi stessi e della vostra pelle ogni giorno, scoprite subito il sapone habachia al cumino nero. Ha innumerevoli benefici per il corpo e per il viso.<\/p>\n<p>La nigella (meglio conosciuta come cumino nero) \u00e8 una pianta aromatica coltivata in molti paesi orientali. Ogni anno, questa piccola pianta dai fiori blu produce un'enorme quantit\u00e0 di piccoli semi neri aromatici dalle molteplici propriet\u00e0.<\/p>\n<p>D'altra parte, uomini e donne dall'Egitto al Maghreb, senza dimenticare l'India e la Cina, hanno adottato e sperimentato il cumino nero. Lo usano da secoli, senza conoscerne l'esatta composizione.<\/p>\n<p>Tuttavia, questo segreto \u00e8 stato tramandato di generazione in generazione per le sue incalcolabili risorse. Oggi la scienza ci ha dimostrato che i semi di cumino nero sono un composto sorprendente ricco di grassi e acidi consolidati.<\/p>\n<p>Ma in realt\u00e0 ha un effetto benefico sui livelli di colesterolo, sul diabete, sulle infiammazioni e sull'ipertensione. Inoltre, vi aiuter\u00e0 a combattere tutti i tipi di malattie minori come il raffreddore, l'asma, ecc.<\/p>\n<h3><strong>I benefici del cumino nero:<\/strong><\/h3>\n<p>Nonostante ci\u00f2, i semi di cumino nero contengono anche timochinone e nigellone. Noti per i loro benefici antistaminici, cicatrizzanti, antiossidanti e antinfettivi.<\/p>\n<p>Grazie a questa meravigliosa composizione, che aiuta a combattere i disturbi:<\/p>\n<p>- Invecchiamento della pelle,<br \/>\n- Riparazione (screpolature, scottature, cicatrizzazioni)<br \/>\n- Lenire (prurito, irritazione, infiammazione)<br \/>\n- Purificare delicatamente (punti neri, brufoli, piccole imperfezioni)<br \/>\n- Ammorbidiscono e nutrono la pelle. .<br \/>\n- Trattamento di acne, eczema e psoriasi<br \/>\n- Per alleviare i reumatismi.<\/p>\n<p>Tuttavia, come trattamento di bellezza, \u00e8 ideale per le sue propriet\u00e0 rigeneranti, lenitive e rivitalizzanti. Benefico per l'equilibrio di tutti i tipi di pelle, fa miracoli sulla pelle sensibile, secca e irritata.<\/p>\n<h3><strong>Ingredienti :<\/strong><\/h3>\n<p>- Olio di semi di nigella etiope<br \/>\n- Acqua demineralizzata<br \/>\n- Idrossido di sodio<br \/>\n- 100 % artigianale e puro<\/p>","protected":false},"excerpt":{"rendered":"<p>Tout d&rsquo;abord, il faut dire que le savon noir huile de nigelle deviendra \u00e0 coup sur votre incontournable beaut\u00e9\u2026 Une fois utilis\u00e9, vous ne pourrez plus vous en passer. Vous d\u00e9sirez prendre soin de vous et de votre peau au quotidien, d\u00e9couvrez sans plus tarder le savon noir nigelle habachia. Il poss\u00e8de d&rsquo;innombrables bienfaits pour [&#8230;]","protected":false},"featured_media":326,"template":"","meta":[],"product_brand":[],"product_cat":[34,123],"product_tag":[],"class_list":{"0":"post-293","1":"product","2":"type-product","3":"status-publish","4":"has-post-thumbnail","6":"product_cat-hygiene","7":"product_cat-savon","9":"first","10":"instock","11":"shipping-taxable","12":"purchasable","13":"product-type-simple"},"yoast_head":"<!-- This site is optimized with the Yoast SEO plugin v26.6 - https:\/\/yoast.com\/wordpress\/plugins\/seo\/ -->\n<title>Savon \u00e0 l&#039;huile de nigelle Habachia 100g - Nigelle Source - Safinel<\/title>\n<meta name=\"robots\" content=\"index, follow, max-snippet:-1, max-image-preview:large, max-video-preview:-1\" \/>\n<link rel=\"canonical\" href=\"https:\/\/www.safinel.fr\/it\/prodotto\/sapone-allolio-di-cumino-nero-habachia-100g-fonte-di-cumino-nero\/\" \/>\n<meta property=\"og:locale\" content=\"it_IT\" \/>\n<meta property=\"og:type\" content=\"article\" \/>\n<meta property=\"og:title\" content=\"Savon \u00e0 l&#039;huile de nigelle Habachia 100g - Nigelle Source - Safinel\" \/>\n<meta property=\"og:description\" content=\"Tout d&rsquo;abord, il faut dire que le savon noir huile de nigelle deviendra \u00e0 coup sur votre incontournable beaut\u00e9\u2026 Une fois utilis\u00e9, vous ne pourrez plus vous en passer. Vous d\u00e9sirez prendre soin de vous et de votre peau au quotidien, d\u00e9couvrez sans plus tarder le savon noir nigelle habachia. Il poss\u00e8de d&rsquo;innombrables bienfaits pour [...]\" \/>\n<meta property=\"og:url\" content=\"https:\/\/www.safinel.fr\/it\/prodotto\/sapone-allolio-di-cumino-nero-habachia-100g-fonte-di-cumino-nero\/\" \/>\n<meta property=\"og:site_name\" content=\"Safinel\" \/>\n<meta property=\"article:modified_time\" content=\"2023-12-30T13:53:39+00:00\" \/>\n<meta property=\"og:image\" content=\"https:\/\/www.safinel.fr\/wp-content\/uploads\/2021\/07\/savon-a-l-huile-de-nigelle-d-ethiopie-4.jpg\" \/>\n\t<meta property=\"og:image:width\" content=\"954\" \/>\n\t<meta property=\"og:image:height\" content=\"800\" \/>\n\t<meta property=\"og:image:type\" content=\"image\/jpeg\" \/>\n<meta name=\"twitter:card\" content=\"summary_large_image\" \/>\n<meta name=\"twitter:label1\" content=\"Tempo di lettura stimato\" \/>\n\t<meta name=\"twitter:data1\" content=\"2 minuti\" \/>\n<script type=\"application\/ld+json\" class=\"yoast-schema-graph\">{\"@context\":\"https:\/\/schema.org\",\"@graph\":[{\"@type\":\"WebPage\",\"@id\":\"https:\/\/www.safinel.fr\/produit\/savon-noir-a-lhuile-de-nigelle-habachia-100g-nigelle-source\/\",\"url\":\"https:\/\/www.safinel.fr\/produit\/savon-noir-a-lhuile-de-nigelle-habachia-100g-nigelle-source\/\",\"name\":\"Savon \u00e0 l'huile de nigelle Habachia 100g - Nigelle Source - Safinel\",\"isPartOf\":{\"@id\":\"https:\/\/www.safinel.fr\/#website\"},\"primaryImageOfPage\":{\"@id\":\"https:\/\/www.safinel.fr\/produit\/savon-noir-a-lhuile-de-nigelle-habachia-100g-nigelle-source\/#primaryimage\"},\"image\":{\"@id\":\"https:\/\/www.safinel.fr\/produit\/savon-noir-a-lhuile-de-nigelle-habachia-100g-nigelle-source\/#primaryimage\"},\"thumbnailUrl\":\"https:\/\/www.safinel.fr\/wp-content\/uploads\/2021\/07\/savon-a-l-huile-de-nigelle-d-ethiopie-4.jpg\",\"datePublished\":\"2021-07-24T18:59:25+00:00\",\"dateModified\":\"2023-12-30T13:53:39+00:00\",\"breadcrumb\":{\"@id\":\"https:\/\/www.safinel.fr\/produit\/savon-noir-a-lhuile-de-nigelle-habachia-100g-nigelle-source\/#breadcrumb\"},\"inLanguage\":\"it-IT\",\"potentialAction\":[{\"@type\":\"ReadAction\",\"target\":[\"https:\/\/www.safinel.fr\/produit\/savon-noir-a-lhuile-de-nigelle-habachia-100g-nigelle-source\/\"]}]},{\"@type\":\"ImageObject\",\"inLanguage\":\"it-IT\",\"@id\":\"https:\/\/www.safinel.fr\/produit\/savon-noir-a-lhuile-de-nigelle-habachia-100g-nigelle-source\/#primaryimage\",\"url\":\"https:\/\/www.safinel.fr\/wp-content\/uploads\/2021\/07\/savon-a-l-huile-de-nigelle-d-ethiopie-4.jpg\",\"contentUrl\":\"https:\/\/www.safinel.fr\/wp-content\/uploads\/2021\/07\/savon-a-l-huile-de-nigelle-d-ethiopie-4.jpg\",\"width\":954,\"height\":800},{\"@type\":\"BreadcrumbList\",\"@id\":\"https:\/\/www.safinel.fr\/produit\/savon-noir-a-lhuile-de-nigelle-habachia-100g-nigelle-source\/#breadcrumb\",\"itemListElement\":[{\"@type\":\"ListItem\",\"position\":1,\"name\":\"Accueil\",\"item\":\"https:\/\/www.safinel.fr\/\"},{\"@type\":\"ListItem\",\"position\":2,\"name\":\"Boutique\",\"item\":\"https:\/\/www.safinel.fr\/boutique\/\"},{\"@type\":\"ListItem\",\"position\":3,\"name\":\"Savon \u00e0 l&#8217;huile de nigelle Habachia 100g &#8211; Nigelle Source\"}]},{\"@type\":\"WebSite\",\"@id\":\"https:\/\/www.safinel.fr\/#website\",\"url\":\"https:\/\/www.safinel.fr\/\",\"name\":\"Safinel\",\"description\":\"\",\"publisher\":{\"@id\":\"https:\/\/www.safinel.fr\/#organization\"},\"potentialAction\":[{\"@type\":\"SearchAction\",\"target\":{\"@type\":\"EntryPoint\",\"urlTemplate\":\"https:\/\/www.safinel.fr\/?s={search_term_string}\"},\"query-input\":{\"@type\":\"PropertyValueSpecification\",\"valueRequired\":true,\"valueName\":\"search_term_string\"}}],\"inLanguage\":\"it-IT\"},{\"@type\":\"Organization\",\"@id\":\"https:\/\/www.safinel.fr\/#organization\",\"name\":\"Safinel\",\"url\":\"https:\/\/www.safinel.fr\/\",\"logo\":{\"@type\":\"ImageObject\",\"inLanguage\":\"it-IT\",\"@id\":\"https:\/\/www.safinel.fr\/#\/schema\/logo\/image\/\",\"url\":\"https:\/\/www.safinel.fr\/wp-content\/uploads\/2021\/05\/boutique-cosmetique.png\",\"contentUrl\":\"https:\/\/www.safinel.fr\/wp-content\/uploads\/2021\/05\/boutique-cosmetique.png\",\"width\":800,\"height\":200,\"caption\":\"Safinel\"},\"image\":{\"@id\":\"https:\/\/www.safinel.fr\/#\/schema\/logo\/image\/\"}}]}<\/script>\n<!-- \/ Yoast SEO plugin. -->","yoast_head_json":{"title":"Sapone all'olio di cumino nero Habachia 100g - Fonte Nigelle - Safinel","robots":{"index":"index","follow":"follow","max-snippet":"max-snippet:-1","max-image-preview":"max-image-preview:large","max-video-preview":"max-video-preview:-1"},"canonical":"https:\/\/www.safinel.fr\/it\/prodotto\/sapone-allolio-di-cumino-nero-habachia-100g-fonte-di-cumino-nero\/","og_locale":"it_IT","og_type":"article","og_title":"Savon \u00e0 l'huile de nigelle Habachia 100g - Nigelle Source - Safinel","og_description":"Tout d&rsquo;abord, il faut dire que le savon noir huile de nigelle deviendra \u00e0 coup sur votre incontournable beaut\u00e9\u2026 Une fois utilis\u00e9, vous ne pourrez plus vous en passer. Vous d\u00e9sirez prendre soin de vous et de votre peau au quotidien, d\u00e9couvrez sans plus tarder le savon noir nigelle habachia. Il poss\u00e8de d&rsquo;innombrables bienfaits pour [...]","og_url":"https:\/\/www.safinel.fr\/it\/prodotto\/sapone-allolio-di-cumino-nero-habachia-100g-fonte-di-cumino-nero\/","og_site_name":"Safinel","article_modified_time":"2023-12-30T13:53:39+00:00","og_image":[{"width":954,"height":800,"url":"https:\/\/www.safinel.fr\/wp-content\/uploads\/2021\/07\/savon-a-l-huile-de-nigelle-d-ethiopie-4.jpg","type":"image\/jpeg"}],"twitter_card":"summary_large_image","twitter_misc":{"Tempo di lettura stimato":"2 minuti"},"schema":{"@context":"https:\/\/schema.org","@graph":[{"@type":"WebPage","@id":"https:\/\/www.safinel.fr\/produit\/savon-noir-a-lhuile-de-nigelle-habachia-100g-nigelle-source\/","url":"https:\/\/www.safinel.fr\/produit\/savon-noir-a-lhuile-de-nigelle-habachia-100g-nigelle-source\/","name":"Sapone all'olio di cumino nero Habachia 100g - Fonte Nigelle - Safinel","isPartOf":{"@id":"https:\/\/www.safinel.fr\/#website"},"primaryImageOfPage":{"@id":"https:\/\/www.safinel.fr\/produit\/savon-noir-a-lhuile-de-nigelle-habachia-100g-nigelle-source\/#primaryimage"},"image":{"@id":"https:\/\/www.safinel.fr\/produit\/savon-noir-a-lhuile-de-nigelle-habachia-100g-nigelle-source\/#primaryimage"},"thumbnailUrl":"https:\/\/www.safinel.fr\/wp-content\/uploads\/2021\/07\/savon-a-l-huile-de-nigelle-d-ethiopie-4.jpg","datePublished":"2021-07-24T18:59:25+00:00","dateModified":"2023-12-30T13:53:39+00:00","breadcrumb":{"@id":"https:\/\/www.safinel.fr\/produit\/savon-noir-a-lhuile-de-nigelle-habachia-100g-nigelle-source\/#breadcrumb"},"inLanguage":"it-IT","potentialAction":[{"@type":"ReadAction","target":["https:\/\/www.safinel.fr\/produit\/savon-noir-a-lhuile-de-nigelle-habachia-100g-nigelle-source\/"]}]},{"@type":"ImageObject","inLanguage":"it-IT","@id":"https:\/\/www.safinel.fr\/produit\/savon-noir-a-lhuile-de-nigelle-habachia-100g-nigelle-source\/#primaryimage","url":"https:\/\/www.safinel.fr\/wp-content\/uploads\/2021\/07\/savon-a-l-huile-de-nigelle-d-ethiopie-4.jpg","contentUrl":"https:\/\/www.safinel.fr\/wp-content\/uploads\/2021\/07\/savon-a-l-huile-de-nigelle-d-ethiopie-4.jpg","width":954,"height":800},{"@type":"BreadcrumbList","@id":"https:\/\/www.safinel.fr\/produit\/savon-noir-a-lhuile-de-nigelle-habachia-100g-nigelle-source\/#breadcrumb","itemListElement":[{"@type":"ListItem","position":1,"name":"Accueil","item":"https:\/\/www.safinel.fr\/"},{"@type":"ListItem","position":2,"name":"Boutique","item":"https:\/\/www.safinel.fr\/boutique\/"},{"@type":"ListItem","position":3,"name":"Savon \u00e0 l&#8217;huile de nigelle Habachia 100g &#8211; Nigelle Source"}]},{"@type":"WebSite","@id":"https:\/\/www.safinel.fr\/#website","url":"https:\/\/www.safinel.fr\/","name":"Safinel","description":"","publisher":{"@id":"https:\/\/www.safinel.fr\/#organization"},"potentialAction":[{"@type":"SearchAction","target":{"@type":"EntryPoint","urlTemplate":"https:\/\/www.safinel.fr\/?s={search_term_string}"},"query-input":{"@type":"PropertyValueSpecification","valueRequired":true,"valueName":"search_term_string"}}],"inLanguage":"it-IT"},{"@type":"Organization","@id":"https:\/\/www.safinel.fr\/#organization","name":"Safinel","url":"https:\/\/www.safinel.fr\/","logo":{"@type":"ImageObject","inLanguage":"it-IT","@id":"https:\/\/www.safinel.fr\/#\/schema\/logo\/image\/","url":"https:\/\/www.safinel.fr\/wp-content\/uploads\/2021\/05\/boutique-cosmetique.png","contentUrl":"https:\/\/www.safinel.fr\/wp-content\/uploads\/2021\/05\/boutique-cosmetique.png","width":800,"height":200,"caption":"Safinel"},"image":{"@id":"https:\/\/www.safinel.fr\/#\/schema\/logo\/image\/"}}]}},"_links":{"self":[{"href":"https:\/\/www.safinel.fr\/it\/wp-json\/wp\/v2\/product\/293","targetHints":{"allow":["GET"]}}],"collection":[{"href":"https:\/\/www.safinel.fr\/it\/wp-json\/wp\/v2\/product"}],"about":[{"href":"https:\/\/www.safinel.fr\/it\/wp-json\/wp\/v2\/types\/product"}],"wp:featuredmedia":[{"embeddable":true,"href":"https:\/\/www.safinel.fr\/it\/wp-json\/wp\/v2\/media\/326"}],"wp:attachment":[{"href":"https:\/\/www.safinel.fr\/it\/wp-json\/wp\/v2\/media?parent=293"}],"wp:term":[{"taxonomy":"product_brand","embeddable":true,"href":"https:\/\/www.safinel.fr\/it\/wp-json\/wp\/v2\/product_brand?post=293"},{"taxonomy":"product_cat","embeddable":true,"href":"https:\/\/www.safinel.fr\/it\/wp-json\/wp\/v2\/product_cat?post=293"},{"taxonomy":"product_tag","embeddable":true,"href":"https:\/\/www.safinel.fr\/it\/wp-json\/wp\/v2\/product_tag?post=293"}],"curies":[{"name":"wp","href":"https:\/\/api.w.org\/{rel}","templated":true}]}}