{"id":2908,"date":"2022-09-26T15:21:17","date_gmt":"2022-09-26T15:21:17","guid":{"rendered":"https:\/\/www.safinel.fr\/?post_type=product&#038;p=2908"},"modified":"2024-01-08T06:59:35","modified_gmt":"2024-01-08T06:59:35","slug":"olio-di-damla","status":"publish","type":"product","link":"https:\/\/www.safinel.fr\/it\/prodotto\/olio-di-damla\/","title":{"rendered":"Olio per capelli all'amla"},"content":{"rendered":"<p>L<strong>\u2019Olio per capelli all'amla<\/strong>\u00a0\u00e8 un olio indiano dai molteplici benefici. Questo<strong>\u00a0Elisir indiano<\/strong>\u00a0Siete interessati? Scoprite tutti i vantaggi di questo prodotto per migliorare i vostri capelli.<\/p>\n<h2><strong>Olio di Amla per capelli: cos'\u00e8?\u00a0<\/strong><\/h2>\n<p><strong>Olio di amla\u00a0<\/strong>Il capello viene dall'India, \u00e8 molto rinomato e viene usato da secoli per la bellezza dei capelli. Ha molte virt\u00f9, in particolare per i capelli castani e bruni, ma anche per i capelli secchi o crespi.<\/p>\n<p><strong>Molto ricco di vitamine A e C e di antiossidanti,<\/strong>\u00a0L'olio di amla \u00e8 molto versatile. Agisce sulla fibra capillare per rendere i capelli pi\u00f9 forti, lucidi e lunghi.<\/p>\n<h2><strong>Olio di amla per capelli: un olio che fa bene\u00a0<\/strong><\/h2>\n<p>Come abbiamo gi\u00e0 detto, questo cosmetico presenta molti vantaggi. Vediamoli:<\/p>\n<ul>\n<li><strong>Rafforza i capelli:<\/strong>\u00a0Questo olio \u00e8 ideale per nutrire e idratare i capelli secchi e riparare le punte fragili e danneggiate. Di conseguenza, i capelli saranno molto pi\u00f9 morbidi e brillanti.<\/li>\n<li><strong>Protegge i capelli\u00a0<\/strong>La cura dei capelli con l'elisir di amla \u00e8 molto efficace. Rafforza la fibra capillare dall'interno. Utilizzatelo regolarmente, applicandolo sui capelli come se fosse un trattamento convenzionale. Noterete presto gli effetti!<\/li>\n<li><strong>Rallenta la caduta dei capelli e ne favorisce la crescita:<\/strong>\u00a0Quest'olio \u00e8 ideale per rallentare la caduta dei capelli. Questo grazie agli antiossidanti in esso contenuti, che aiutano a ridurre la caduta dei capelli e a favorirne la crescita.<\/li>\n<li><strong>Riduce la comparsa dei capelli bianchi\u00a0<\/strong>Questo cosmetico \u00e8 perfetto anche per rallentare la comparsa dei capelli bianchi. Aiuta a scurire i capelli senza renderli pi\u00f9 opachi.<\/li>\n<\/ul>\n<p>Se siete alla ricerca di un altro olio per capelli, date un'occhiata al prodotto\u2019<a href=\"https:\/\/www.safinel.fr\/it\/prodotto\/olio-di-lino-per-capelli\/\"><strong>olio di lino<\/strong><\/a>\u00a0disponibili nel nostro negozio.<\/p>\n<h2><strong>Come si usa l'olio per capelli di amla?\u00a0<\/strong><\/h2>\n<p>Questo olio di amla per capelli pu\u00f2 essere utilizzato in due modi diversi, come trattamento quotidiano o come bagno d'olio.<\/p>\n<ul>\n<li><strong>Cura quotidiana :\u00a0<\/strong><\/li>\n<\/ul>\n<p>L'utilizzo di questo macerato oleoso come trattamento quotidiano sar\u00e0 molto efficace per idratare i capelli, nutrirli e rinforzarli in profondit\u00e0.<\/p>\n<p>Per farlo, prendete un po' di olio tra le mani e applicatelo solo sui capelli asciutti, sulle punte. Non risciacquare. Applicatelo regolarmente, preferibilmente ogni giorno. In questo modo, vedrete risultati ottimali.<\/p>\n<ul>\n<li><strong>In un bagno d'olio :<\/strong><\/li>\n<\/ul>\n<p>Conoscete tutti il principio dei bagni d'olio. L'olio di amla per capelli \u00e8 ideale quando i capelli hanno bisogno di cure efficaci, quando sono molto secchi e iniziano a spezzarsi. \u00c8 perfetto anche per i trattamenti contro la caduta o la crescita dei capelli.<\/p>\n<p>Prendete un po' di olio tra le mani e applicatelo su tutti i capelli e sul cuoio capelluto. Eseguite un massaggio per stimolare la circolazione sanguigna e favorire la crescita dei capelli.<\/p>\n<p>Lasciare in posa per un minimo di 1 ora e un massimo di una notte, avvolgendo i capelli in un asciugamano. Quindi lavare e risciacquare i capelli come di consueto.<\/p>\n<h3><strong>Precauzioni\u00a0<\/strong><\/h3>\n<p>Prima di utilizzare il prodotto, effettuare un test di tolleranza nella piega del gomito.<\/p>","protected":false},"excerpt":{"rendered":"<p>L'olio di amla per capelli \u00e8 un olio indiano dai molteplici benefici. Ti interessa questo elisir indiano? Scopri tutti i suoi vantaggi per rendere splendidi i tuoi capelli. Olio di amla per capelli: che cos'\u00e8?  L'olio di amla per capelli proviene dall'India, \u00e8 molto rinomato e utilizzato da secoli per la bellezza dei capelli. Ha numerose virt\u00f9, [\u2026]","protected":false},"featured_media":2909,"template":"","meta":[],"product_brand":[],"product_cat":[28,122,41],"product_tag":[],"class_list":{"0":"post-2908","1":"product","2":"type-product","3":"status-publish","4":"has-post-thumbnail","6":"product_cat-divers","7":"product_cat-huile-vegetale","8":"product_cat-produits-naturels-divers","10":"first","11":"instock","12":"shipping-taxable","13":"purchasable","14":"product-type-variable"},"yoast_head":"<!-- This site is optimized with the Yoast SEO plugin v26.6 - https:\/\/yoast.com\/wordpress\/plugins\/seo\/ -->\n<title>Huile amla cheveux | Huile naturelle | Bienfaits nombreux<\/title>\n<meta name=\"description\" content=\"L\u2019huile amla cheveux\u00a0est une huile indienne aux multiples bienfaits. D\u00e9couvrez, tous les avantages de ce dernier afin de sublimer votre chevelure.\" \/>\n<meta name=\"robots\" content=\"index, follow, max-snippet:-1, max-image-preview:large, max-video-preview:-1\" \/>\n<link rel=\"canonical\" href=\"https:\/\/www.safinel.fr\/it\/prodotto\/olio-di-damla\/\" \/>\n<meta property=\"og:locale\" content=\"it_IT\" \/>\n<meta property=\"og:type\" content=\"article\" \/>\n<meta property=\"og:title\" content=\"Huile amla cheveux | Huile naturelle | Bienfaits nombreux\" \/>\n<meta property=\"og:description\" content=\"L\u2019huile amla cheveux\u00a0est une huile indienne aux multiples bienfaits. D\u00e9couvrez, tous les avantages de ce dernier afin de sublimer votre chevelure.\" \/>\n<meta property=\"og:url\" content=\"https:\/\/www.safinel.fr\/it\/prodotto\/olio-di-damla\/\" \/>\n<meta property=\"og:site_name\" content=\"Safinel\" \/>\n<meta property=\"article:modified_time\" content=\"2024-01-08T06:59:35+00:00\" \/>\n<meta property=\"og:image\" content=\"https:\/\/www.safinel.fr\/wp-content\/uploads\/2022\/09\/huile-amla-cheveux.jpg\" \/>\n\t<meta property=\"og:image:width\" content=\"600\" \/>\n\t<meta property=\"og:image:height\" content=\"600\" \/>\n\t<meta property=\"og:image:type\" content=\"image\/jpeg\" \/>\n<meta name=\"twitter:card\" content=\"summary_large_image\" \/>\n<meta name=\"twitter:label1\" content=\"Tempo di lettura stimato\" \/>\n\t<meta name=\"twitter:data1\" content=\"3 minuti\" \/>\n<script type=\"application\/ld+json\" class=\"yoast-schema-graph\">{\"@context\":\"https:\/\/schema.org\",\"@graph\":[{\"@type\":\"WebPage\",\"@id\":\"https:\/\/www.safinel.fr\/produit\/huile-damla\/\",\"url\":\"https:\/\/www.safinel.fr\/produit\/huile-damla\/\",\"name\":\"Huile amla cheveux | Huile naturelle | Bienfaits nombreux\",\"isPartOf\":{\"@id\":\"https:\/\/www.safinel.fr\/#website\"},\"primaryImageOfPage\":{\"@id\":\"https:\/\/www.safinel.fr\/produit\/huile-damla\/#primaryimage\"},\"image\":{\"@id\":\"https:\/\/www.safinel.fr\/produit\/huile-damla\/#primaryimage\"},\"thumbnailUrl\":\"https:\/\/www.safinel.fr\/wp-content\/uploads\/2022\/09\/huile-amla-cheveux.jpg\",\"datePublished\":\"2022-09-26T15:21:17+00:00\",\"dateModified\":\"2024-01-08T06:59:35+00:00\",\"description\":\"L\u2019huile amla cheveux\u00a0est une huile indienne aux multiples bienfaits. D\u00e9couvrez, tous les avantages de ce dernier afin de sublimer votre chevelure.\",\"breadcrumb\":{\"@id\":\"https:\/\/www.safinel.fr\/produit\/huile-damla\/#breadcrumb\"},\"inLanguage\":\"it-IT\",\"potentialAction\":[{\"@type\":\"ReadAction\",\"target\":[\"https:\/\/www.safinel.fr\/produit\/huile-damla\/\"]}]},{\"@type\":\"ImageObject\",\"inLanguage\":\"it-IT\",\"@id\":\"https:\/\/www.safinel.fr\/produit\/huile-damla\/#primaryimage\",\"url\":\"https:\/\/www.safinel.fr\/wp-content\/uploads\/2022\/09\/huile-amla-cheveux.jpg\",\"contentUrl\":\"https:\/\/www.safinel.fr\/wp-content\/uploads\/2022\/09\/huile-amla-cheveux.jpg\",\"width\":600,\"height\":600,\"caption\":\"Huile d'amla\"},{\"@type\":\"BreadcrumbList\",\"@id\":\"https:\/\/www.safinel.fr\/produit\/huile-damla\/#breadcrumb\",\"itemListElement\":[{\"@type\":\"ListItem\",\"position\":1,\"name\":\"Accueil\",\"item\":\"https:\/\/www.safinel.fr\/\"},{\"@type\":\"ListItem\",\"position\":2,\"name\":\"Boutique\",\"item\":\"https:\/\/www.safinel.fr\/boutique\/\"},{\"@type\":\"ListItem\",\"position\":3,\"name\":\"Huile d&rsquo;amla cheveux\"}]},{\"@type\":\"WebSite\",\"@id\":\"https:\/\/www.safinel.fr\/#website\",\"url\":\"https:\/\/www.safinel.fr\/\",\"name\":\"Safinel\",\"description\":\"\",\"publisher\":{\"@id\":\"https:\/\/www.safinel.fr\/#organization\"},\"potentialAction\":[{\"@type\":\"SearchAction\",\"target\":{\"@type\":\"EntryPoint\",\"urlTemplate\":\"https:\/\/www.safinel.fr\/?s={search_term_string}\"},\"query-input\":{\"@type\":\"PropertyValueSpecification\",\"valueRequired\":true,\"valueName\":\"search_term_string\"}}],\"inLanguage\":\"it-IT\"},{\"@type\":\"Organization\",\"@id\":\"https:\/\/www.safinel.fr\/#organization\",\"name\":\"Safinel\",\"url\":\"https:\/\/www.safinel.fr\/\",\"logo\":{\"@type\":\"ImageObject\",\"inLanguage\":\"it-IT\",\"@id\":\"https:\/\/www.safinel.fr\/#\/schema\/logo\/image\/\",\"url\":\"https:\/\/www.safinel.fr\/wp-content\/uploads\/2021\/05\/boutique-cosmetique.png\",\"contentUrl\":\"https:\/\/www.safinel.fr\/wp-content\/uploads\/2021\/05\/boutique-cosmetique.png\",\"width\":800,\"height\":200,\"caption\":\"Safinel\"},\"image\":{\"@id\":\"https:\/\/www.safinel.fr\/#\/schema\/logo\/image\/\"}}]}<\/script>\n<!-- \/ Yoast SEO plugin. -->","yoast_head_json":{"title":"Olio di amla per capelli | Olio naturale | Numerosi benefici","description":"L'olio di amla per capelli \u00e8 un olio indiano dai molteplici benefici. Scoprite tutti i suoi benefici per migliorare i vostri capelli.","robots":{"index":"index","follow":"follow","max-snippet":"max-snippet:-1","max-image-preview":"max-image-preview:large","max-video-preview":"max-video-preview:-1"},"canonical":"https:\/\/www.safinel.fr\/it\/prodotto\/olio-di-damla\/","og_locale":"it_IT","og_type":"article","og_title":"Huile amla cheveux | Huile naturelle | Bienfaits nombreux","og_description":"L\u2019huile amla cheveux\u00a0est une huile indienne aux multiples bienfaits. D\u00e9couvrez, tous les avantages de ce dernier afin de sublimer votre chevelure.","og_url":"https:\/\/www.safinel.fr\/it\/prodotto\/olio-di-damla\/","og_site_name":"Safinel","article_modified_time":"2024-01-08T06:59:35+00:00","og_image":[{"width":600,"height":600,"url":"https:\/\/www.safinel.fr\/wp-content\/uploads\/2022\/09\/huile-amla-cheveux.jpg","type":"image\/jpeg"}],"twitter_card":"summary_large_image","twitter_misc":{"Tempo di lettura stimato":"3 minuti"},"schema":{"@context":"https:\/\/schema.org","@graph":[{"@type":"WebPage","@id":"https:\/\/www.safinel.fr\/produit\/huile-damla\/","url":"https:\/\/www.safinel.fr\/produit\/huile-damla\/","name":"Olio di amla per capelli | Olio naturale | Numerosi benefici","isPartOf":{"@id":"https:\/\/www.safinel.fr\/#website"},"primaryImageOfPage":{"@id":"https:\/\/www.safinel.fr\/produit\/huile-damla\/#primaryimage"},"image":{"@id":"https:\/\/www.safinel.fr\/produit\/huile-damla\/#primaryimage"},"thumbnailUrl":"https:\/\/www.safinel.fr\/wp-content\/uploads\/2022\/09\/huile-amla-cheveux.jpg","datePublished":"2022-09-26T15:21:17+00:00","dateModified":"2024-01-08T06:59:35+00:00","description":"L'olio di amla per capelli \u00e8 un olio indiano dai molteplici benefici. Scoprite tutti i suoi benefici per migliorare i vostri capelli.","breadcrumb":{"@id":"https:\/\/www.safinel.fr\/produit\/huile-damla\/#breadcrumb"},"inLanguage":"it-IT","potentialAction":[{"@type":"ReadAction","target":["https:\/\/www.safinel.fr\/produit\/huile-damla\/"]}]},{"@type":"ImageObject","inLanguage":"it-IT","@id":"https:\/\/www.safinel.fr\/produit\/huile-damla\/#primaryimage","url":"https:\/\/www.safinel.fr\/wp-content\/uploads\/2022\/09\/huile-amla-cheveux.jpg","contentUrl":"https:\/\/www.safinel.fr\/wp-content\/uploads\/2022\/09\/huile-amla-cheveux.jpg","width":600,"height":600,"caption":"Huile d'amla"},{"@type":"BreadcrumbList","@id":"https:\/\/www.safinel.fr\/produit\/huile-damla\/#breadcrumb","itemListElement":[{"@type":"ListItem","position":1,"name":"Accueil","item":"https:\/\/www.safinel.fr\/"},{"@type":"ListItem","position":2,"name":"Boutique","item":"https:\/\/www.safinel.fr\/boutique\/"},{"@type":"ListItem","position":3,"name":"Huile d&rsquo;amla cheveux"}]},{"@type":"WebSite","@id":"https:\/\/www.safinel.fr\/#website","url":"https:\/\/www.safinel.fr\/","name":"Safinel","description":"","publisher":{"@id":"https:\/\/www.safinel.fr\/#organization"},"potentialAction":[{"@type":"SearchAction","target":{"@type":"EntryPoint","urlTemplate":"https:\/\/www.safinel.fr\/?s={search_term_string}"},"query-input":{"@type":"PropertyValueSpecification","valueRequired":true,"valueName":"search_term_string"}}],"inLanguage":"it-IT"},{"@type":"Organization","@id":"https:\/\/www.safinel.fr\/#organization","name":"Safinel","url":"https:\/\/www.safinel.fr\/","logo":{"@type":"ImageObject","inLanguage":"it-IT","@id":"https:\/\/www.safinel.fr\/#\/schema\/logo\/image\/","url":"https:\/\/www.safinel.fr\/wp-content\/uploads\/2021\/05\/boutique-cosmetique.png","contentUrl":"https:\/\/www.safinel.fr\/wp-content\/uploads\/2021\/05\/boutique-cosmetique.png","width":800,"height":200,"caption":"Safinel"},"image":{"@id":"https:\/\/www.safinel.fr\/#\/schema\/logo\/image\/"}}]}},"_links":{"self":[{"href":"https:\/\/www.safinel.fr\/it\/wp-json\/wp\/v2\/product\/2908","targetHints":{"allow":["GET"]}}],"collection":[{"href":"https:\/\/www.safinel.fr\/it\/wp-json\/wp\/v2\/product"}],"about":[{"href":"https:\/\/www.safinel.fr\/it\/wp-json\/wp\/v2\/types\/product"}],"wp:featuredmedia":[{"embeddable":true,"href":"https:\/\/www.safinel.fr\/it\/wp-json\/wp\/v2\/media\/2909"}],"wp:attachment":[{"href":"https:\/\/www.safinel.fr\/it\/wp-json\/wp\/v2\/media?parent=2908"}],"wp:term":[{"taxonomy":"product_brand","embeddable":true,"href":"https:\/\/www.safinel.fr\/it\/wp-json\/wp\/v2\/product_brand?post=2908"},{"taxonomy":"product_cat","embeddable":true,"href":"https:\/\/www.safinel.fr\/it\/wp-json\/wp\/v2\/product_cat?post=2908"},{"taxonomy":"product_tag","embeddable":true,"href":"https:\/\/www.safinel.fr\/it\/wp-json\/wp\/v2\/product_tag?post=2908"}],"curies":[{"name":"wp","href":"https:\/\/api.w.org\/{rel}","templated":true}]}}