{"id":2892,"date":"2022-09-25T16:25:03","date_gmt":"2022-09-25T16:25:03","guid":{"rendered":"https:\/\/www.safinel.fr\/?post_type=product&#038;p=2892"},"modified":"2024-12-27T22:43:07","modified_gmt":"2024-12-27T22:43:07","slug":"caramelle-afrodisiache-allo-zucchero-in-zollette","status":"publish","type":"product","link":"https:\/\/www.safinel.fr\/it\/prodotto\/caramelle-afrodisiache-allo-zucchero-in-zollette\/","title":{"rendered":"Caramelle afrodisiache in zolletta di zucchero"},"content":{"rendered":"<p>E se il\u00a0<strong>Caramelle afrodisiache allo zucchero in zollette<\/strong>\u00a0era la scelta perfetta per rendere pi\u00f9 piccanti i vostri momenti di intimit\u00e0? Realizzati con ingredienti naturali accuratamente selezionati, questi dolcetti sono appositamente studiati per stimolare il vostro desiderio e risvegliare i vostri sensi...<\/p>\n<h2><strong>Che cos'\u00e8 la caramella afrodisiaca Lump Sugar?<\/strong><\/h2>\n<p>Le caramelle Lump Sugar contengono ingredienti naturali noti per le loro propriet\u00e0 afrodisiache. Ogni caramella \u00e8 infusa con estratti di piante ed erbe rinomate per la loro capacit\u00e0 di aumentare la libido e il desiderio sessuale.\u00a0<a href=\"https:\/\/www.safinel.fr\/it\/prodotto\/miele-di-king-kong-afrodisiaco\/\"><strong>migliorare le prestazioni sessuali<\/strong><\/a>.<\/p>\n<p>Le caramelle Lump Sugar sono studiate per agire in modo rapido ed efficace. Grazie alla loro formulazione unica, queste caramelle stimolano la circolazione sanguigna. Il risultato \u00e8 una migliore erezione per gli uomini e una maggiore sensibilit\u00e0 per le donne.<\/p>\n<h2><strong>Caramelle afrodisiache Lump Sugar: un'esperienza di gusto eccezionale<\/strong><\/h2>\n<p>Oltre ai loro effetti afrodisiaci, le caramelle Lump Sugar offrono anche un'esperienza di gusto eccezionale. Disponibili in una variet\u00e0 di gusti deliziosi, queste dolci caramelle delizieranno le vostre papille gustative. Il tutto regalandovi una dose extra di piacere.<\/p>\n<p>Questi\u00a0<strong>dolci afrodisiaci<\/strong>\u00a0sono pratici e facili da usare. A casa, in viaggio o a una festa, questi dolcetti discreti possono essere consumati con discrezione per un'esperienza afrodisiaca immediata. Basta assaporare un dolce e attendere gli effetti.<\/p>\n<h3><strong>Concedetevi dolci afrodisiaci!<\/strong><\/h3>\n<p>Sicurezza e qualit\u00e0 sono le nostre principali priorit\u00e0. Le caramelle Lump Sugar sono prodotte in stabilimenti certificati, nel rispetto dei pi\u00f9 severi standard di salute e sicurezza.<\/p>\n<p>Quindi, se siete alla ricerca di un modo delizioso per rendere pi\u00f9 piccante la vostra sessualit\u00e0, questi dolci afrodisiaci sono l'ideale. Infatti, la loro combinazione di ingredienti naturali e di effetti stimolanti li rende un'opzione interessante per chi vuole intensificare il proprio piacere.<\/p>\n<p>Non esitate a venire a provare la<strong>\u00a0Zucchero a velo<\/strong>\u00a0e scoprire una nuova dimensione del piacere sensuale.<\/p>","protected":false},"excerpt":{"rendered":"<p><img decoding=\"async\" class=\"size-full wp-image-5091 aligncenter\" src=\"https:\/\/www.safinel.fr\/wp-content\/uploads\/2021\/06\/BANNIERE-ICONE-SAFINEL.webp\" alt=\"riassicurazione satine\" width=\"800\" height=\"200\" srcset=\"https:\/\/www.safinel.fr\/wp-content\/uploads\/2021\/06\/BANNIERE-ICONE-SAFINEL.webp 800w, https:\/\/www.safinel.fr\/wp-content\/uploads\/2021\/06\/BANNIERE-ICONE-SAFINEL-600x150.webp 600w, https:\/\/www.safinel.fr\/wp-content\/uploads\/2021\/06\/BANNIERE-ICONE-SAFINEL-768x192.webp 768w\" sizes=\"(max-width: 800px) 100vw, 800px\" \/><\/p>","protected":false},"featured_media":2894,"template":"","meta":[],"product_brand":[],"product_cat":[102],"product_tag":[],"class_list":{"0":"post-2892","1":"product","2":"type-product","3":"status-publish","4":"has-post-thumbnail","6":"product_cat-bonbon-aphrodisiaque","8":"first","9":"outofstock","10":"shipping-taxable","11":"purchasable","12":"product-type-simple"},"yoast_head":"<!-- This site is optimized with the Yoast SEO plugin v26.6 - https:\/\/yoast.com\/wordpress\/plugins\/seo\/ -->\n<title>Bonbon aphrodisiaque lump sugar | Pimenter vos moments intimes<\/title>\n<meta name=\"description\" content=\"Et si le\u00a0bonbon aphrodisiaque Lump Sugar\u00a0\u00e9tait le choix parfait pour pimenter vos moments intimes\u00a0? Adoptez-le sans plus attendre !\" \/>\n<meta name=\"robots\" content=\"index, follow, max-snippet:-1, max-image-preview:large, max-video-preview:-1\" \/>\n<link rel=\"canonical\" href=\"https:\/\/www.safinel.fr\/it\/prodotto\/caramelle-afrodisiache-allo-zucchero-in-zollette\/\" \/>\n<meta property=\"og:locale\" content=\"it_IT\" \/>\n<meta property=\"og:type\" content=\"article\" \/>\n<meta property=\"og:title\" content=\"Bonbon aphrodisiaque lump sugar | Pimenter vos moments intimes\" \/>\n<meta property=\"og:description\" content=\"Et si le\u00a0bonbon aphrodisiaque Lump Sugar\u00a0\u00e9tait le choix parfait pour pimenter vos moments intimes\u00a0? Adoptez-le sans plus attendre !\" \/>\n<meta property=\"og:url\" content=\"https:\/\/www.safinel.fr\/it\/prodotto\/caramelle-afrodisiache-allo-zucchero-in-zollette\/\" \/>\n<meta property=\"og:site_name\" content=\"Safinel\" \/>\n<meta property=\"article:modified_time\" content=\"2024-12-27T22:43:07+00:00\" \/>\n<meta property=\"og:image\" content=\"https:\/\/www.safinel.fr\/wp-content\/uploads\/2022\/09\/bonbon-aphrodisiaque-lump-sugar.jpg\" \/>\n\t<meta property=\"og:image:width\" content=\"600\" \/>\n\t<meta property=\"og:image:height\" content=\"600\" \/>\n\t<meta property=\"og:image:type\" content=\"image\/jpeg\" \/>\n<meta name=\"twitter:card\" content=\"summary_large_image\" \/>\n<meta name=\"twitter:label1\" content=\"Tempo di lettura stimato\" \/>\n\t<meta name=\"twitter:data1\" content=\"2 minuti\" \/>\n<script type=\"application\/ld+json\" class=\"yoast-schema-graph\">{\"@context\":\"https:\/\/schema.org\",\"@graph\":[{\"@type\":\"WebPage\",\"@id\":\"https:\/\/www.safinel.fr\/produit\/bonbon-aphrodisiaque-lump-sugar\/\",\"url\":\"https:\/\/www.safinel.fr\/produit\/bonbon-aphrodisiaque-lump-sugar\/\",\"name\":\"Bonbon aphrodisiaque lump sugar | Pimenter vos moments intimes\",\"isPartOf\":{\"@id\":\"https:\/\/www.safinel.fr\/#website\"},\"primaryImageOfPage\":{\"@id\":\"https:\/\/www.safinel.fr\/produit\/bonbon-aphrodisiaque-lump-sugar\/#primaryimage\"},\"image\":{\"@id\":\"https:\/\/www.safinel.fr\/produit\/bonbon-aphrodisiaque-lump-sugar\/#primaryimage\"},\"thumbnailUrl\":\"https:\/\/www.safinel.fr\/wp-content\/uploads\/2022\/09\/bonbon-aphrodisiaque-lump-sugar.jpg\",\"datePublished\":\"2022-09-25T16:25:03+00:00\",\"dateModified\":\"2024-12-27T22:43:07+00:00\",\"description\":\"Et si le\u00a0bonbon aphrodisiaque Lump Sugar\u00a0\u00e9tait le choix parfait pour pimenter vos moments intimes\u00a0? Adoptez-le sans plus attendre !\",\"breadcrumb\":{\"@id\":\"https:\/\/www.safinel.fr\/produit\/bonbon-aphrodisiaque-lump-sugar\/#breadcrumb\"},\"inLanguage\":\"it-IT\",\"potentialAction\":[{\"@type\":\"ReadAction\",\"target\":[\"https:\/\/www.safinel.fr\/produit\/bonbon-aphrodisiaque-lump-sugar\/\"]}]},{\"@type\":\"ImageObject\",\"inLanguage\":\"it-IT\",\"@id\":\"https:\/\/www.safinel.fr\/produit\/bonbon-aphrodisiaque-lump-sugar\/#primaryimage\",\"url\":\"https:\/\/www.safinel.fr\/wp-content\/uploads\/2022\/09\/bonbon-aphrodisiaque-lump-sugar.jpg\",\"contentUrl\":\"https:\/\/www.safinel.fr\/wp-content\/uploads\/2022\/09\/bonbon-aphrodisiaque-lump-sugar.jpg\",\"width\":600,\"height\":600,\"caption\":\"Bonbon aphrodisiaque lump sugar\"},{\"@type\":\"BreadcrumbList\",\"@id\":\"https:\/\/www.safinel.fr\/produit\/bonbon-aphrodisiaque-lump-sugar\/#breadcrumb\",\"itemListElement\":[{\"@type\":\"ListItem\",\"position\":1,\"name\":\"Accueil\",\"item\":\"https:\/\/www.safinel.fr\/\"},{\"@type\":\"ListItem\",\"position\":2,\"name\":\"Boutique\",\"item\":\"https:\/\/www.safinel.fr\/boutique\/\"},{\"@type\":\"ListItem\",\"position\":3,\"name\":\"Bonbon aphrodisiaque lump sugar\"}]},{\"@type\":\"WebSite\",\"@id\":\"https:\/\/www.safinel.fr\/#website\",\"url\":\"https:\/\/www.safinel.fr\/\",\"name\":\"Safinel\",\"description\":\"\",\"publisher\":{\"@id\":\"https:\/\/www.safinel.fr\/#organization\"},\"potentialAction\":[{\"@type\":\"SearchAction\",\"target\":{\"@type\":\"EntryPoint\",\"urlTemplate\":\"https:\/\/www.safinel.fr\/?s={search_term_string}\"},\"query-input\":{\"@type\":\"PropertyValueSpecification\",\"valueRequired\":true,\"valueName\":\"search_term_string\"}}],\"inLanguage\":\"it-IT\"},{\"@type\":\"Organization\",\"@id\":\"https:\/\/www.safinel.fr\/#organization\",\"name\":\"Safinel\",\"url\":\"https:\/\/www.safinel.fr\/\",\"logo\":{\"@type\":\"ImageObject\",\"inLanguage\":\"it-IT\",\"@id\":\"https:\/\/www.safinel.fr\/#\/schema\/logo\/image\/\",\"url\":\"https:\/\/www.safinel.fr\/wp-content\/uploads\/2021\/05\/boutique-cosmetique.png\",\"contentUrl\":\"https:\/\/www.safinel.fr\/wp-content\/uploads\/2021\/05\/boutique-cosmetique.png\",\"width\":800,\"height\":200,\"caption\":\"Safinel\"},\"image\":{\"@id\":\"https:\/\/www.safinel.fr\/#\/schema\/logo\/image\/\"}}]}<\/script>\n<!-- \/ Yoast SEO plugin. -->","yoast_head_json":{"title":"Bonbon afrodisiaco in zollette di zucchero | Per rendere pi\u00f9 piccanti i vostri momenti di intimit\u00e0","description":"E se le caramelle afrodisiache Lump Sugar fossero la scelta perfetta per rendere pi\u00f9 piccanti i vostri momenti di intimit\u00e0? Adottatela ora!","robots":{"index":"index","follow":"follow","max-snippet":"max-snippet:-1","max-image-preview":"max-image-preview:large","max-video-preview":"max-video-preview:-1"},"canonical":"https:\/\/www.safinel.fr\/it\/prodotto\/caramelle-afrodisiache-allo-zucchero-in-zollette\/","og_locale":"it_IT","og_type":"article","og_title":"Bonbon aphrodisiaque lump sugar | Pimenter vos moments intimes","og_description":"Et si le\u00a0bonbon aphrodisiaque Lump Sugar\u00a0\u00e9tait le choix parfait pour pimenter vos moments intimes\u00a0? Adoptez-le sans plus attendre !","og_url":"https:\/\/www.safinel.fr\/it\/prodotto\/caramelle-afrodisiache-allo-zucchero-in-zollette\/","og_site_name":"Safinel","article_modified_time":"2024-12-27T22:43:07+00:00","og_image":[{"width":600,"height":600,"url":"https:\/\/www.safinel.fr\/wp-content\/uploads\/2022\/09\/bonbon-aphrodisiaque-lump-sugar.jpg","type":"image\/jpeg"}],"twitter_card":"summary_large_image","twitter_misc":{"Tempo di lettura stimato":"2 minuti"},"schema":{"@context":"https:\/\/schema.org","@graph":[{"@type":"WebPage","@id":"https:\/\/www.safinel.fr\/produit\/bonbon-aphrodisiaque-lump-sugar\/","url":"https:\/\/www.safinel.fr\/produit\/bonbon-aphrodisiaque-lump-sugar\/","name":"Bonbon afrodisiaco in zollette di zucchero | Per rendere pi\u00f9 piccanti i vostri momenti di intimit\u00e0","isPartOf":{"@id":"https:\/\/www.safinel.fr\/#website"},"primaryImageOfPage":{"@id":"https:\/\/www.safinel.fr\/produit\/bonbon-aphrodisiaque-lump-sugar\/#primaryimage"},"image":{"@id":"https:\/\/www.safinel.fr\/produit\/bonbon-aphrodisiaque-lump-sugar\/#primaryimage"},"thumbnailUrl":"https:\/\/www.safinel.fr\/wp-content\/uploads\/2022\/09\/bonbon-aphrodisiaque-lump-sugar.jpg","datePublished":"2022-09-25T16:25:03+00:00","dateModified":"2024-12-27T22:43:07+00:00","description":"E se le caramelle afrodisiache Lump Sugar fossero la scelta perfetta per rendere pi\u00f9 piccanti i vostri momenti di intimit\u00e0? Adottatela ora!","breadcrumb":{"@id":"https:\/\/www.safinel.fr\/produit\/bonbon-aphrodisiaque-lump-sugar\/#breadcrumb"},"inLanguage":"it-IT","potentialAction":[{"@type":"ReadAction","target":["https:\/\/www.safinel.fr\/produit\/bonbon-aphrodisiaque-lump-sugar\/"]}]},{"@type":"ImageObject","inLanguage":"it-IT","@id":"https:\/\/www.safinel.fr\/produit\/bonbon-aphrodisiaque-lump-sugar\/#primaryimage","url":"https:\/\/www.safinel.fr\/wp-content\/uploads\/2022\/09\/bonbon-aphrodisiaque-lump-sugar.jpg","contentUrl":"https:\/\/www.safinel.fr\/wp-content\/uploads\/2022\/09\/bonbon-aphrodisiaque-lump-sugar.jpg","width":600,"height":600,"caption":"Bonbon aphrodisiaque lump sugar"},{"@type":"BreadcrumbList","@id":"https:\/\/www.safinel.fr\/produit\/bonbon-aphrodisiaque-lump-sugar\/#breadcrumb","itemListElement":[{"@type":"ListItem","position":1,"name":"Accueil","item":"https:\/\/www.safinel.fr\/"},{"@type":"ListItem","position":2,"name":"Boutique","item":"https:\/\/www.safinel.fr\/boutique\/"},{"@type":"ListItem","position":3,"name":"Bonbon aphrodisiaque lump sugar"}]},{"@type":"WebSite","@id":"https:\/\/www.safinel.fr\/#website","url":"https:\/\/www.safinel.fr\/","name":"Safinel","description":"","publisher":{"@id":"https:\/\/www.safinel.fr\/#organization"},"potentialAction":[{"@type":"SearchAction","target":{"@type":"EntryPoint","urlTemplate":"https:\/\/www.safinel.fr\/?s={search_term_string}"},"query-input":{"@type":"PropertyValueSpecification","valueRequired":true,"valueName":"search_term_string"}}],"inLanguage":"it-IT"},{"@type":"Organization","@id":"https:\/\/www.safinel.fr\/#organization","name":"Safinel","url":"https:\/\/www.safinel.fr\/","logo":{"@type":"ImageObject","inLanguage":"it-IT","@id":"https:\/\/www.safinel.fr\/#\/schema\/logo\/image\/","url":"https:\/\/www.safinel.fr\/wp-content\/uploads\/2021\/05\/boutique-cosmetique.png","contentUrl":"https:\/\/www.safinel.fr\/wp-content\/uploads\/2021\/05\/boutique-cosmetique.png","width":800,"height":200,"caption":"Safinel"},"image":{"@id":"https:\/\/www.safinel.fr\/#\/schema\/logo\/image\/"}}]}},"_links":{"self":[{"href":"https:\/\/www.safinel.fr\/it\/wp-json\/wp\/v2\/product\/2892","targetHints":{"allow":["GET"]}}],"collection":[{"href":"https:\/\/www.safinel.fr\/it\/wp-json\/wp\/v2\/product"}],"about":[{"href":"https:\/\/www.safinel.fr\/it\/wp-json\/wp\/v2\/types\/product"}],"wp:featuredmedia":[{"embeddable":true,"href":"https:\/\/www.safinel.fr\/it\/wp-json\/wp\/v2\/media\/2894"}],"wp:attachment":[{"href":"https:\/\/www.safinel.fr\/it\/wp-json\/wp\/v2\/media?parent=2892"}],"wp:term":[{"taxonomy":"product_brand","embeddable":true,"href":"https:\/\/www.safinel.fr\/it\/wp-json\/wp\/v2\/product_brand?post=2892"},{"taxonomy":"product_cat","embeddable":true,"href":"https:\/\/www.safinel.fr\/it\/wp-json\/wp\/v2\/product_cat?post=2892"},{"taxonomy":"product_tag","embeddable":true,"href":"https:\/\/www.safinel.fr\/it\/wp-json\/wp\/v2\/product_tag?post=2892"}],"curies":[{"name":"wp","href":"https:\/\/api.w.org\/{rel}","templated":true}]}}