{"id":2890,"date":"2022-09-25T15:46:04","date_gmt":"2022-09-25T15:46:04","guid":{"rendered":"https:\/\/www.safinel.fr\/?post_type=product&#038;p=2890"},"modified":"2026-02-08T18:25:14","modified_gmt":"2026-02-08T18:25:14","slug":"farina-di-digname","status":"publish","type":"product","link":"https:\/\/www.safinel.fr\/it\/prodotto\/farina-di-digname\/","title":{"rendered":"Farina di igname 1 kg"},"content":{"rendered":"<p>Probabilmente avete gi\u00e0 sentito parlare di\u00a0<strong>sanguinosa<\/strong>... A volte chiamato anche\u00a0<strong>foufou<\/strong>, Questo piatto, originario dell'Africa, \u00e8 rinomato non solo per il suo gusto ma anche per il suo valore nutrizionale. Ecco perch\u00e9 il vostro<strong>\u00a0Boutique del benessere Safinel<\/strong>\u00a0vorrebbe che scopriste il\u00a0<strong>farina di igname.<\/strong><\/p>\n<h2><strong>Zoom sulla farina di patate dolci!\u00a0<\/strong><\/h2>\n<p>L'igname, talvolta confuso con la manioca, \u00e8 una pianta appartenente alla famiglia delle Dioscoreaceae. Viene coltivata nelle regioni tropicali. Conosciuta come\u00a0<strong>impianto<\/strong>\u00a0Rampicante, ha tuberi ricchi di amido.<\/p>\n<p><strong>Ignam<\/strong>\u00a0\u00e8 una pianta apprezzata in tutto il mondo. Ampiamente coltivata nei climi tropicali, \u00e8 apprezzata per il suo sapore, ma anche per il suo valore nutrizionale.<\/p>\n<p>S\u00ec, se anche voi siete tra quelli che amano\u00a0<strong>condimenti<\/strong>\u00a0ricco di benefici,\u00a0<strong>Ignami<\/strong>\u00a0potrebbe conquistarvi.<\/p>\n<h2><strong>Perch\u00e9 la farina di igname?\u00a0<\/strong><\/h2>\n<p>Prima di tutto, conoscete davvero le patate dolci? La maggior parte delle persone in Francia non sa molto delle patate dolci, ma sono una delle colture pi\u00f9 popolari al mondo.\u00a0<strong>vegetale<\/strong>\u00a0gustoso e piacevole al palato. Alcuni lo paragonano ancora alla manioca o alle patate dolci, ma l'igname ha un sapore tutto suo. Scioglievole in bocca e molto piacevole al palato, la batata \u00e8 una delizia.<\/p>\n<p>Questo \u00e8 uno dei motivi per cui il vostro<strong>\u00a0boutique del benessere<\/strong>\u00a0vorremmo porre l'accento sulla farina di igname. Sebbene la farina di igname possa essere consumata come la farina tradizionale, ha molte virt\u00f9.<\/p>\n<p>\u00c8 vero che questa farina \u00e8 solitamente associata a chi vuole controllare il proprio peso. S\u00ec, questa farina \u00e8 molto ricca di sostanze nutritive ma \u00e8 comunque molto povera di calorie, quindi potrebbe sorprendervi.<\/p>\n<h2><strong>Come si pu\u00f2 utilizzare la farina di igname?\u00a0<\/strong><\/h2>\n<p>Finalmente volete approfittare della farina di igname e delle sue numerose qualit\u00e0, ed \u00e8 comprensibile! Che sia per il peso o per il suo gusto gradevole, la farina di igname \u00e8 una delle preferite.<\/p>\n<p>Questo \u00e8 uno dei motivi per cui la vostra boutique del benessere vuole farvi scoprire questo magnifico prodotto della natura.<\/p>\n<p>Per le vostre torte e altre preparazioni, questo\u00a0<strong>farina di tuberi\u00a0<\/strong>pu\u00f2 accompagnarvi. Questa fecola di patate dolci pu\u00f2 essere utilizzata allo stesso modo della fecola pi\u00f9 tradizionale, diventando una vera e propria risorsa per la vostra cucina.<\/p>\n<p>Non esitate pi\u00f9 e lasciatevi incantare da questo delizioso prodotto naturale.<\/p>\n<h3><strong>La differenza tra igname e manioca\u00a0<\/strong><\/h3>\n<p>Come il<strong>\u00a0<a href=\"https:\/\/www.safinel.fr\/it\/prodotto\/djeka-lascia\/\">Djeka se ne va<\/a><\/strong>\u00a0con\u00a0<strong><a href=\"https:\/\/www.safinel.fr\/it\/prodotto\/foglie-di-lampone\/\">foglie di lampone<\/a>,<\/strong>\u00a0patate dolci e\u00a0<a href=\"https:\/\/www.safinel.fr\/it\/manioca\/\"><strong>manioca<\/strong><\/a>\u00a0possono essere confusi! Tuttavia, per gli appassionati di analisi la differenza \u00e8 semplice! Sebbene la loro forma possa sembrare abbastanza simile a prima vista, a un esame pi\u00f9 attento si noter\u00e0 che la batata ha una buccia pi\u00f9 morbida! S\u00ec, la manioca ha una buccia con piccoli peli.<\/p>\n<p>Inoltre, quando viene tagliato, ha un colore pi\u00f9 chiaro rispetto al suo concorrente. Infine, parliamo di sapore! Se riuscite a preparare entrambi gli ignami nello stesso modo, probabilmente rimarrete sorpresi dalla differenza di sapore! La manioca ha un sapore pi\u00f9 neutro, mentre la batata \u00e8 pi\u00f9 dolce.<\/p>\n<p>Se entrambi possono dare un valore aggiunto al vostro corpo, allora non andate oltre e approfittate della farina di igname in offerta nel negozio.<\/p>","protected":false},"excerpt":{"rendered":"<p>Probabilmente avete gi\u00e0 sentito parlare del foutu... Talvolta chiamato anche foufou, questo piatto originario dell'Africa \u00e8 noto per il suo gusto ma anche per il suo apporto nutrizionale. Per questo motivo, il vostro negozio di prodotti naturali Safinel desidera farvi scoprire la farina di igname. Zoom sulla farina di igname!  L'igname, talvolta confuso con la manioca, \u00e8 una pianta che fa parte [\u2026]","protected":false},"featured_media":2891,"template":"","meta":[],"product_brand":[],"product_cat":[28,150],"product_tag":[],"class_list":{"0":"post-2890","1":"product","2":"type-product","3":"status-publish","4":"has-post-thumbnail","6":"product_cat-divers","7":"product_cat-legume-africain","9":"first","10":"outofstock","11":"shipping-taxable","12":"purchasable","13":"product-type-simple"},"yoast_head":"<!-- This site is optimized with the Yoast SEO plugin v26.6 - https:\/\/yoast.com\/wordpress\/plugins\/seo\/ -->\n<title>Farine d\u2019igname | Achat en ligne | Conseils d&#039;utilisation<\/title>\n<meta name=\"description\" content=\"Votre\u00a0boutique de bien-\u00eatre Safinel\u00a0souhaite vous faire d\u00e9couvrir la\u00a0farine d\u2019igname. Adoptez-l\u00e0 sans plus attendre en quelques clics !\" \/>\n<meta name=\"robots\" content=\"index, follow, max-snippet:-1, max-image-preview:large, max-video-preview:-1\" \/>\n<link rel=\"canonical\" href=\"https:\/\/www.safinel.fr\/it\/prodotto\/farina-di-digname\/\" \/>\n<meta property=\"og:locale\" content=\"it_IT\" \/>\n<meta property=\"og:type\" content=\"article\" \/>\n<meta property=\"og:title\" content=\"Farine d\u2019igname | Achat en ligne | Conseils d&#039;utilisation\" \/>\n<meta property=\"og:description\" content=\"Votre\u00a0boutique de bien-\u00eatre Safinel\u00a0souhaite vous faire d\u00e9couvrir la\u00a0farine d\u2019igname. Adoptez-l\u00e0 sans plus attendre en quelques clics !\" \/>\n<meta property=\"og:url\" content=\"https:\/\/www.safinel.fr\/it\/prodotto\/farina-di-digname\/\" \/>\n<meta property=\"og:site_name\" content=\"Safinel\" \/>\n<meta property=\"article:modified_time\" content=\"2026-02-08T18:25:14+00:00\" \/>\n<meta property=\"og:image\" content=\"https:\/\/www.safinel.fr\/wp-content\/uploads\/2022\/09\/farine-d-igname.jpg\" \/>\n\t<meta property=\"og:image:width\" content=\"600\" \/>\n\t<meta property=\"og:image:height\" content=\"600\" \/>\n\t<meta property=\"og:image:type\" content=\"image\/jpeg\" \/>\n<meta name=\"twitter:card\" content=\"summary_large_image\" \/>\n<meta name=\"twitter:label1\" content=\"Tempo di lettura stimato\" \/>\n\t<meta name=\"twitter:data1\" content=\"3 minuti\" \/>\n<script type=\"application\/ld+json\" class=\"yoast-schema-graph\">{\"@context\":\"https:\/\/schema.org\",\"@graph\":[{\"@type\":\"WebPage\",\"@id\":\"https:\/\/www.safinel.fr\/produit\/farine-digname\/\",\"url\":\"https:\/\/www.safinel.fr\/produit\/farine-digname\/\",\"name\":\"Farine d\u2019igname | Achat en ligne | Conseils d'utilisation\",\"isPartOf\":{\"@id\":\"https:\/\/www.safinel.fr\/#website\"},\"primaryImageOfPage\":{\"@id\":\"https:\/\/www.safinel.fr\/produit\/farine-digname\/#primaryimage\"},\"image\":{\"@id\":\"https:\/\/www.safinel.fr\/produit\/farine-digname\/#primaryimage\"},\"thumbnailUrl\":\"https:\/\/www.safinel.fr\/wp-content\/uploads\/2022\/09\/farine-d-igname.jpg\",\"datePublished\":\"2022-09-25T15:46:04+00:00\",\"dateModified\":\"2026-02-08T18:25:14+00:00\",\"description\":\"Votre\u00a0boutique de bien-\u00eatre Safinel\u00a0souhaite vous faire d\u00e9couvrir la\u00a0farine d\u2019igname. Adoptez-l\u00e0 sans plus attendre en quelques clics !\",\"breadcrumb\":{\"@id\":\"https:\/\/www.safinel.fr\/produit\/farine-digname\/#breadcrumb\"},\"inLanguage\":\"it-IT\",\"potentialAction\":[{\"@type\":\"ReadAction\",\"target\":[\"https:\/\/www.safinel.fr\/produit\/farine-digname\/\"]}]},{\"@type\":\"ImageObject\",\"inLanguage\":\"it-IT\",\"@id\":\"https:\/\/www.safinel.fr\/produit\/farine-digname\/#primaryimage\",\"url\":\"https:\/\/www.safinel.fr\/wp-content\/uploads\/2022\/09\/farine-d-igname.jpg\",\"contentUrl\":\"https:\/\/www.safinel.fr\/wp-content\/uploads\/2022\/09\/farine-d-igname.jpg\",\"width\":600,\"height\":600,\"caption\":\"Farine d\u2019igname\"},{\"@type\":\"BreadcrumbList\",\"@id\":\"https:\/\/www.safinel.fr\/produit\/farine-digname\/#breadcrumb\",\"itemListElement\":[{\"@type\":\"ListItem\",\"position\":1,\"name\":\"Accueil\",\"item\":\"https:\/\/www.safinel.fr\/\"},{\"@type\":\"ListItem\",\"position\":2,\"name\":\"Boutique\",\"item\":\"https:\/\/www.safinel.fr\/boutique\/\"},{\"@type\":\"ListItem\",\"position\":3,\"name\":\"Farine d&#8217;igname 1kg\"}]},{\"@type\":\"WebSite\",\"@id\":\"https:\/\/www.safinel.fr\/#website\",\"url\":\"https:\/\/www.safinel.fr\/\",\"name\":\"Safinel\",\"description\":\"\",\"publisher\":{\"@id\":\"https:\/\/www.safinel.fr\/#organization\"},\"potentialAction\":[{\"@type\":\"SearchAction\",\"target\":{\"@type\":\"EntryPoint\",\"urlTemplate\":\"https:\/\/www.safinel.fr\/?s={search_term_string}\"},\"query-input\":{\"@type\":\"PropertyValueSpecification\",\"valueRequired\":true,\"valueName\":\"search_term_string\"}}],\"inLanguage\":\"it-IT\"},{\"@type\":\"Organization\",\"@id\":\"https:\/\/www.safinel.fr\/#organization\",\"name\":\"Safinel\",\"url\":\"https:\/\/www.safinel.fr\/\",\"logo\":{\"@type\":\"ImageObject\",\"inLanguage\":\"it-IT\",\"@id\":\"https:\/\/www.safinel.fr\/#\/schema\/logo\/image\/\",\"url\":\"https:\/\/www.safinel.fr\/wp-content\/uploads\/2021\/05\/boutique-cosmetique.png\",\"contentUrl\":\"https:\/\/www.safinel.fr\/wp-content\/uploads\/2021\/05\/boutique-cosmetique.png\",\"width\":800,\"height\":200,\"caption\":\"Safinel\"},\"image\":{\"@id\":\"https:\/\/www.safinel.fr\/#\/schema\/logo\/image\/\"}}]}<\/script>\n<!-- \/ Yoast SEO plugin. -->","yoast_head_json":{"title":"Farina di igname | Acquista online | Consigli per l'uso","description":"La vostra boutique del benessere Safinel desidera presentarvi la farina di igname. Bastano pochi clic!","robots":{"index":"index","follow":"follow","max-snippet":"max-snippet:-1","max-image-preview":"max-image-preview:large","max-video-preview":"max-video-preview:-1"},"canonical":"https:\/\/www.safinel.fr\/it\/prodotto\/farina-di-digname\/","og_locale":"it_IT","og_type":"article","og_title":"Farine d\u2019igname | Achat en ligne | Conseils d'utilisation","og_description":"Votre\u00a0boutique de bien-\u00eatre Safinel\u00a0souhaite vous faire d\u00e9couvrir la\u00a0farine d\u2019igname. Adoptez-l\u00e0 sans plus attendre en quelques clics !","og_url":"https:\/\/www.safinel.fr\/it\/prodotto\/farina-di-digname\/","og_site_name":"Safinel","article_modified_time":"2026-02-08T18:25:14+00:00","og_image":[{"width":600,"height":600,"url":"https:\/\/www.safinel.fr\/wp-content\/uploads\/2022\/09\/farine-d-igname.jpg","type":"image\/jpeg"}],"twitter_card":"summary_large_image","twitter_misc":{"Tempo di lettura stimato":"3 minuti"},"schema":{"@context":"https:\/\/schema.org","@graph":[{"@type":"WebPage","@id":"https:\/\/www.safinel.fr\/produit\/farine-digname\/","url":"https:\/\/www.safinel.fr\/produit\/farine-digname\/","name":"Farina di igname | Acquista online | Consigli per l'uso","isPartOf":{"@id":"https:\/\/www.safinel.fr\/#website"},"primaryImageOfPage":{"@id":"https:\/\/www.safinel.fr\/produit\/farine-digname\/#primaryimage"},"image":{"@id":"https:\/\/www.safinel.fr\/produit\/farine-digname\/#primaryimage"},"thumbnailUrl":"https:\/\/www.safinel.fr\/wp-content\/uploads\/2022\/09\/farine-d-igname.jpg","datePublished":"2022-09-25T15:46:04+00:00","dateModified":"2026-02-08T18:25:14+00:00","description":"La vostra boutique del benessere Safinel desidera presentarvi la farina di igname. Bastano pochi clic!","breadcrumb":{"@id":"https:\/\/www.safinel.fr\/produit\/farine-digname\/#breadcrumb"},"inLanguage":"it-IT","potentialAction":[{"@type":"ReadAction","target":["https:\/\/www.safinel.fr\/produit\/farine-digname\/"]}]},{"@type":"ImageObject","inLanguage":"it-IT","@id":"https:\/\/www.safinel.fr\/produit\/farine-digname\/#primaryimage","url":"https:\/\/www.safinel.fr\/wp-content\/uploads\/2022\/09\/farine-d-igname.jpg","contentUrl":"https:\/\/www.safinel.fr\/wp-content\/uploads\/2022\/09\/farine-d-igname.jpg","width":600,"height":600,"caption":"Farine d\u2019igname"},{"@type":"BreadcrumbList","@id":"https:\/\/www.safinel.fr\/produit\/farine-digname\/#breadcrumb","itemListElement":[{"@type":"ListItem","position":1,"name":"Accueil","item":"https:\/\/www.safinel.fr\/"},{"@type":"ListItem","position":2,"name":"Boutique","item":"https:\/\/www.safinel.fr\/boutique\/"},{"@type":"ListItem","position":3,"name":"Farine d&#8217;igname 1kg"}]},{"@type":"WebSite","@id":"https:\/\/www.safinel.fr\/#website","url":"https:\/\/www.safinel.fr\/","name":"Safinel","description":"","publisher":{"@id":"https:\/\/www.safinel.fr\/#organization"},"potentialAction":[{"@type":"SearchAction","target":{"@type":"EntryPoint","urlTemplate":"https:\/\/www.safinel.fr\/?s={search_term_string}"},"query-input":{"@type":"PropertyValueSpecification","valueRequired":true,"valueName":"search_term_string"}}],"inLanguage":"it-IT"},{"@type":"Organization","@id":"https:\/\/www.safinel.fr\/#organization","name":"Safinel","url":"https:\/\/www.safinel.fr\/","logo":{"@type":"ImageObject","inLanguage":"it-IT","@id":"https:\/\/www.safinel.fr\/#\/schema\/logo\/image\/","url":"https:\/\/www.safinel.fr\/wp-content\/uploads\/2021\/05\/boutique-cosmetique.png","contentUrl":"https:\/\/www.safinel.fr\/wp-content\/uploads\/2021\/05\/boutique-cosmetique.png","width":800,"height":200,"caption":"Safinel"},"image":{"@id":"https:\/\/www.safinel.fr\/#\/schema\/logo\/image\/"}}]}},"_links":{"self":[{"href":"https:\/\/www.safinel.fr\/it\/wp-json\/wp\/v2\/product\/2890","targetHints":{"allow":["GET"]}}],"collection":[{"href":"https:\/\/www.safinel.fr\/it\/wp-json\/wp\/v2\/product"}],"about":[{"href":"https:\/\/www.safinel.fr\/it\/wp-json\/wp\/v2\/types\/product"}],"wp:featuredmedia":[{"embeddable":true,"href":"https:\/\/www.safinel.fr\/it\/wp-json\/wp\/v2\/media\/2891"}],"wp:attachment":[{"href":"https:\/\/www.safinel.fr\/it\/wp-json\/wp\/v2\/media?parent=2890"}],"wp:term":[{"taxonomy":"product_brand","embeddable":true,"href":"https:\/\/www.safinel.fr\/it\/wp-json\/wp\/v2\/product_brand?post=2890"},{"taxonomy":"product_cat","embeddable":true,"href":"https:\/\/www.safinel.fr\/it\/wp-json\/wp\/v2\/product_cat?post=2890"},{"taxonomy":"product_tag","embeddable":true,"href":"https:\/\/www.safinel.fr\/it\/wp-json\/wp\/v2\/product_tag?post=2890"}],"curies":[{"name":"wp","href":"https:\/\/api.w.org\/{rel}","templated":true}]}}