{"id":289,"date":"2021-07-24T18:59:25","date_gmt":"2021-07-24T18:59:25","guid":{"rendered":"https:\/\/www.safinel.fr\/?post_type=product&#038;p=289"},"modified":"2023-12-28T17:15:05","modified_gmt":"2023-12-28T17:15:05","slug":"shampoo-solido-per-radici-grasse-con-argilla-rosa-80g","status":"publish","type":"product","link":"https:\/\/www.safinel.fr\/it\/prodotto\/shampoo-solido-per-radici-grasse-con-argilla-rosa-80g\/","title":{"rendered":"Shampoo solido alle radici grasse all'argilla rosa 80g"},"content":{"rendered":"<p>Lo shampoo solido biologico con argilla rosa \u00e8 un must per i capelli grassi e danneggiati... Una volta provato, non vorrete pi\u00f9 farne a meno.<\/p>\n<p>Innanzitutto, questo shampoo solido \u00e8 una sottile miscela di argilla bianca e rossa. Tuttavia, \u00e8 sicuro di diventare il trattamento ideale per i capelli grassi, secchi e danneggiati.<\/p>\n<p>Tuttavia, l'argilla rosa trae tutti i benefici da questo shampoo delicato. Rinomata per la sua capacit\u00e0 di assorbire le impurit\u00e0 e l'eccesso di sebo, rimane comunque tonificante e delicata. Con tutti i suoi benefici, \u00e8 l'alleato perfetto per i capelli secchi e danneggiati.<\/p>\n<p>In conclusione, questo shampoo all'argilla solida sar\u00e0 il migliore amico dei vostri capelli in tutti i sensi. Oltre a rispettare l'ambiente, questo shampoo \u00e8 prodotto con metodi tradizionali ed \u00e8 macinato a mano al 100 %.<\/p>\n<h3><strong>I benefici dello shampoo solido con argilla rosa :<\/strong><\/h3>\n<ul>\n<li>Nutre profondamente<\/li>\n<li>Cura autentica<\/li>\n<li>assorbente (eccesso di sebo)<\/li>\n<li>lotta contro le impurit\u00e0<\/li>\n<li>delicato sui capelli +<\/li>\n<\/ul>\n<h3><strong>Una soluzione ecologica e biologica indiscutibile:<\/strong><\/h3>\n<p>In primo luogo, lo shampoo solido \u00e8 pi\u00f9 economico di uno shampoo tradizionale di largo consumo e dura pi\u00f9 a lungo. Inoltre, pu\u00f2 aiutarvi a fare a meno del balsamo.<\/p>\n<p>In secondo luogo, questo shampoo da 80 g dura 110 lavaggi, pari a 4 flaconi di shampoo tradizionale.<\/p>\n<p>In terzo luogo, \u00e8 molto ecologico grazie alla sua forma, che non richiede imballaggi in plastica.<\/p>\n<p>Infine, questo shampoo solido \u00e8 molto pratico. Pu\u00f2 essere trasportato ovunque senza l'inconveniente dei flaconi rovesciati nel bagaglio.<\/p>\n<h3><strong>Ingredienti :<\/strong><\/h3>\n<h6>BURRO DI BUTYROSPERMUM PARKII, COCOIL ISETIONATO DI SODIO, OLIO DI SEMI DI MACADAMIA TERNIFOLIA, OLIO DI GLICINE SOJA, ARGILLA ROSA, OLIO VEGETALE DI SOIA (OLIO DI GLICINE SOJA), OLIO VEGETALE DI JOJOBA (OLIO DI SEMI DI SIMMONDSIA CHINENSIS (JOJOBA)), OLIO ESSENZIALE DI BERGAMOTTO (CITRUS AURANTIUM BERGAMIA (BERGAMOTTO) FRUIT OIL), OLIO ESSENZIALE DI GERANIO ROSA (PELARGONIUM ASPERUM (O GRAVEOLENS) OIL), OLIO ESSENZIALE DI MANDARINO SPREMUTO A FREDDO (CITRUS RETICULATA BLANCO), OLIO ESSENZIALE DI NEROLI (CITRUS AURANTIUM VAR. AMARA).<\/h6>\n<h3><strong>Istruzioni per l'uso :<\/strong><\/h3>\n<ul>\n<li>Inumidire e strofinare lo shampoo solido sulle mani.<\/li>\n<li>Lavorare fino a ottenere una schiuma abbastanza densa<\/li>\n<li>Applicare la mousse sui capelli e lavarli.<\/li>\n<li>Risciacquare accuratamente.<\/li>\n<li>Lasciare asciugare lo shampoo<\/li>\n<\/ul>","protected":false},"excerpt":{"rendered":"<p>Lo shampoo solido biologico all'argilla rosa \u00e8 un must have per capelli grassi e danneggiati... Una volta provato, non potrete pi\u00f9 farne a meno, statene certi. Innanzitutto va detto che questo shampoo solido \u00e8 una miscela delicata di argilla bianca e argilla rossa. D'altra parte, diventer\u00e0 sicuramente il [...]","protected":false},"featured_media":322,"template":"","meta":[],"product_brand":[],"product_cat":[32,36],"product_tag":[],"class_list":{"0":"post-289","1":"product","2":"type-product","3":"status-publish","4":"has-post-thumbnail","6":"product_cat-curae","7":"product_cat-shampoing-solide","9":"first","10":"instock","11":"shipping-taxable","12":"purchasable","13":"product-type-simple"},"yoast_head":"<!-- This site is optimized with the Yoast SEO plugin v26.6 - https:\/\/yoast.com\/wordpress\/plugins\/seo\/ -->\n<title>shampoing solide racine grasse a l&#039;Argile Rose 80g - Safinel<\/title>\n<meta name=\"robots\" content=\"index, follow, max-snippet:-1, max-image-preview:large, max-video-preview:-1\" \/>\n<link rel=\"canonical\" href=\"https:\/\/www.safinel.fr\/it\/prodotto\/shampoo-solido-per-radici-grasse-con-argilla-rosa-80g\/\" \/>\n<meta property=\"og:locale\" content=\"it_IT\" \/>\n<meta property=\"og:type\" content=\"article\" \/>\n<meta property=\"og:title\" content=\"shampoing solide racine grasse a l&#039;Argile Rose 80g - Safinel\" \/>\n<meta property=\"og:description\" content=\"Le shampoing solide bio \u00e0 l&rsquo;argile rose le must have pour les cheveux gras et abim\u00e9s&#8230; Une fois essay\u00e9 vous ne pourrez plus vous en passer soyez en s\u00fbr. Tout d&rsquo;abord il faut dire que ce shampoing solide est un subtil m\u00e9lange d\u2019argile blanche et d\u2019argile rouge. En revanche, il deviendra \u00e0 coup s\u00fbr le [...]\" \/>\n<meta property=\"og:url\" content=\"https:\/\/www.safinel.fr\/it\/prodotto\/shampoo-solido-per-radici-grasse-con-argilla-rosa-80g\/\" \/>\n<meta property=\"og:site_name\" content=\"Safinel\" \/>\n<meta property=\"article:modified_time\" content=\"2023-12-28T17:15:05+00:00\" \/>\n<meta property=\"og:image\" content=\"https:\/\/www.safinel.fr\/wp-content\/uploads\/2021\/07\/shampoing-solide-racine-grasse-argille-rose-2.jpg\" \/>\n\t<meta property=\"og:image:width\" content=\"1136\" \/>\n\t<meta property=\"og:image:height\" content=\"1125\" \/>\n\t<meta property=\"og:image:type\" content=\"image\/jpeg\" \/>\n<meta name=\"twitter:card\" content=\"summary_large_image\" \/>\n<meta name=\"twitter:label1\" content=\"Tempo di lettura stimato\" \/>\n\t<meta name=\"twitter:data1\" content=\"2 minuti\" \/>\n<script type=\"application\/ld+json\" class=\"yoast-schema-graph\">{\"@context\":\"https:\/\/schema.org\",\"@graph\":[{\"@type\":\"WebPage\",\"@id\":\"https:\/\/www.safinel.fr\/produit\/shampoing-solide-racine-grasse-a-largile-rose-80g\/\",\"url\":\"https:\/\/www.safinel.fr\/produit\/shampoing-solide-racine-grasse-a-largile-rose-80g\/\",\"name\":\"shampoing solide racine grasse a l'Argile Rose 80g - Safinel\",\"isPartOf\":{\"@id\":\"https:\/\/www.safinel.fr\/#website\"},\"primaryImageOfPage\":{\"@id\":\"https:\/\/www.safinel.fr\/produit\/shampoing-solide-racine-grasse-a-largile-rose-80g\/#primaryimage\"},\"image\":{\"@id\":\"https:\/\/www.safinel.fr\/produit\/shampoing-solide-racine-grasse-a-largile-rose-80g\/#primaryimage\"},\"thumbnailUrl\":\"https:\/\/www.safinel.fr\/wp-content\/uploads\/2021\/07\/shampoing-solide-racine-grasse-argille-rose-2.jpg\",\"datePublished\":\"2021-07-24T18:59:25+00:00\",\"dateModified\":\"2023-12-28T17:15:05+00:00\",\"breadcrumb\":{\"@id\":\"https:\/\/www.safinel.fr\/produit\/shampoing-solide-racine-grasse-a-largile-rose-80g\/#breadcrumb\"},\"inLanguage\":\"it-IT\",\"potentialAction\":[{\"@type\":\"ReadAction\",\"target\":[\"https:\/\/www.safinel.fr\/produit\/shampoing-solide-racine-grasse-a-largile-rose-80g\/\"]}]},{\"@type\":\"ImageObject\",\"inLanguage\":\"it-IT\",\"@id\":\"https:\/\/www.safinel.fr\/produit\/shampoing-solide-racine-grasse-a-largile-rose-80g\/#primaryimage\",\"url\":\"https:\/\/www.safinel.fr\/wp-content\/uploads\/2021\/07\/shampoing-solide-racine-grasse-argille-rose-2.jpg\",\"contentUrl\":\"https:\/\/www.safinel.fr\/wp-content\/uploads\/2021\/07\/shampoing-solide-racine-grasse-argille-rose-2.jpg\",\"width\":1136,\"height\":1125},{\"@type\":\"BreadcrumbList\",\"@id\":\"https:\/\/www.safinel.fr\/produit\/shampoing-solide-racine-grasse-a-largile-rose-80g\/#breadcrumb\",\"itemListElement\":[{\"@type\":\"ListItem\",\"position\":1,\"name\":\"Accueil\",\"item\":\"https:\/\/www.safinel.fr\/\"},{\"@type\":\"ListItem\",\"position\":2,\"name\":\"Boutique\",\"item\":\"https:\/\/www.safinel.fr\/boutique\/\"},{\"@type\":\"ListItem\",\"position\":3,\"name\":\"shampoing solide racine grasse a l&rsquo;Argile Rose 80g\"}]},{\"@type\":\"WebSite\",\"@id\":\"https:\/\/www.safinel.fr\/#website\",\"url\":\"https:\/\/www.safinel.fr\/\",\"name\":\"Safinel\",\"description\":\"\",\"publisher\":{\"@id\":\"https:\/\/www.safinel.fr\/#organization\"},\"potentialAction\":[{\"@type\":\"SearchAction\",\"target\":{\"@type\":\"EntryPoint\",\"urlTemplate\":\"https:\/\/www.safinel.fr\/?s={search_term_string}\"},\"query-input\":{\"@type\":\"PropertyValueSpecification\",\"valueRequired\":true,\"valueName\":\"search_term_string\"}}],\"inLanguage\":\"it-IT\"},{\"@type\":\"Organization\",\"@id\":\"https:\/\/www.safinel.fr\/#organization\",\"name\":\"Safinel\",\"url\":\"https:\/\/www.safinel.fr\/\",\"logo\":{\"@type\":\"ImageObject\",\"inLanguage\":\"it-IT\",\"@id\":\"https:\/\/www.safinel.fr\/#\/schema\/logo\/image\/\",\"url\":\"https:\/\/www.safinel.fr\/wp-content\/uploads\/2021\/05\/boutique-cosmetique.png\",\"contentUrl\":\"https:\/\/www.safinel.fr\/wp-content\/uploads\/2021\/05\/boutique-cosmetique.png\",\"width\":800,\"height\":200,\"caption\":\"Safinel\"},\"image\":{\"@id\":\"https:\/\/www.safinel.fr\/#\/schema\/logo\/image\/\"}}]}<\/script>\n<!-- \/ Yoast SEO plugin. -->","yoast_head_json":{"title":"Shampoo solido alle radici grasse all'argilla rosa 80g - Safinel","robots":{"index":"index","follow":"follow","max-snippet":"max-snippet:-1","max-image-preview":"max-image-preview:large","max-video-preview":"max-video-preview:-1"},"canonical":"https:\/\/www.safinel.fr\/it\/prodotto\/shampoo-solido-per-radici-grasse-con-argilla-rosa-80g\/","og_locale":"it_IT","og_type":"article","og_title":"shampoing solide racine grasse a l'Argile Rose 80g - Safinel","og_description":"Le shampoing solide bio \u00e0 l&rsquo;argile rose le must have pour les cheveux gras et abim\u00e9s&#8230; Une fois essay\u00e9 vous ne pourrez plus vous en passer soyez en s\u00fbr. Tout d&rsquo;abord il faut dire que ce shampoing solide est un subtil m\u00e9lange d\u2019argile blanche et d\u2019argile rouge. En revanche, il deviendra \u00e0 coup s\u00fbr le [...]","og_url":"https:\/\/www.safinel.fr\/it\/prodotto\/shampoo-solido-per-radici-grasse-con-argilla-rosa-80g\/","og_site_name":"Safinel","article_modified_time":"2023-12-28T17:15:05+00:00","og_image":[{"width":1136,"height":1125,"url":"https:\/\/www.safinel.fr\/wp-content\/uploads\/2021\/07\/shampoing-solide-racine-grasse-argille-rose-2.jpg","type":"image\/jpeg"}],"twitter_card":"summary_large_image","twitter_misc":{"Tempo di lettura stimato":"2 minuti"},"schema":{"@context":"https:\/\/schema.org","@graph":[{"@type":"WebPage","@id":"https:\/\/www.safinel.fr\/produit\/shampoing-solide-racine-grasse-a-largile-rose-80g\/","url":"https:\/\/www.safinel.fr\/produit\/shampoing-solide-racine-grasse-a-largile-rose-80g\/","name":"Shampoo solido alle radici grasse all'argilla rosa 80g - Safinel","isPartOf":{"@id":"https:\/\/www.safinel.fr\/#website"},"primaryImageOfPage":{"@id":"https:\/\/www.safinel.fr\/produit\/shampoing-solide-racine-grasse-a-largile-rose-80g\/#primaryimage"},"image":{"@id":"https:\/\/www.safinel.fr\/produit\/shampoing-solide-racine-grasse-a-largile-rose-80g\/#primaryimage"},"thumbnailUrl":"https:\/\/www.safinel.fr\/wp-content\/uploads\/2021\/07\/shampoing-solide-racine-grasse-argille-rose-2.jpg","datePublished":"2021-07-24T18:59:25+00:00","dateModified":"2023-12-28T17:15:05+00:00","breadcrumb":{"@id":"https:\/\/www.safinel.fr\/produit\/shampoing-solide-racine-grasse-a-largile-rose-80g\/#breadcrumb"},"inLanguage":"it-IT","potentialAction":[{"@type":"ReadAction","target":["https:\/\/www.safinel.fr\/produit\/shampoing-solide-racine-grasse-a-largile-rose-80g\/"]}]},{"@type":"ImageObject","inLanguage":"it-IT","@id":"https:\/\/www.safinel.fr\/produit\/shampoing-solide-racine-grasse-a-largile-rose-80g\/#primaryimage","url":"https:\/\/www.safinel.fr\/wp-content\/uploads\/2021\/07\/shampoing-solide-racine-grasse-argille-rose-2.jpg","contentUrl":"https:\/\/www.safinel.fr\/wp-content\/uploads\/2021\/07\/shampoing-solide-racine-grasse-argille-rose-2.jpg","width":1136,"height":1125},{"@type":"BreadcrumbList","@id":"https:\/\/www.safinel.fr\/produit\/shampoing-solide-racine-grasse-a-largile-rose-80g\/#breadcrumb","itemListElement":[{"@type":"ListItem","position":1,"name":"Accueil","item":"https:\/\/www.safinel.fr\/"},{"@type":"ListItem","position":2,"name":"Boutique","item":"https:\/\/www.safinel.fr\/boutique\/"},{"@type":"ListItem","position":3,"name":"shampoing solide racine grasse a l&rsquo;Argile Rose 80g"}]},{"@type":"WebSite","@id":"https:\/\/www.safinel.fr\/#website","url":"https:\/\/www.safinel.fr\/","name":"Safinel","description":"","publisher":{"@id":"https:\/\/www.safinel.fr\/#organization"},"potentialAction":[{"@type":"SearchAction","target":{"@type":"EntryPoint","urlTemplate":"https:\/\/www.safinel.fr\/?s={search_term_string}"},"query-input":{"@type":"PropertyValueSpecification","valueRequired":true,"valueName":"search_term_string"}}],"inLanguage":"it-IT"},{"@type":"Organization","@id":"https:\/\/www.safinel.fr\/#organization","name":"Safinel","url":"https:\/\/www.safinel.fr\/","logo":{"@type":"ImageObject","inLanguage":"it-IT","@id":"https:\/\/www.safinel.fr\/#\/schema\/logo\/image\/","url":"https:\/\/www.safinel.fr\/wp-content\/uploads\/2021\/05\/boutique-cosmetique.png","contentUrl":"https:\/\/www.safinel.fr\/wp-content\/uploads\/2021\/05\/boutique-cosmetique.png","width":800,"height":200,"caption":"Safinel"},"image":{"@id":"https:\/\/www.safinel.fr\/#\/schema\/logo\/image\/"}}]}},"_links":{"self":[{"href":"https:\/\/www.safinel.fr\/it\/wp-json\/wp\/v2\/product\/289","targetHints":{"allow":["GET"]}}],"collection":[{"href":"https:\/\/www.safinel.fr\/it\/wp-json\/wp\/v2\/product"}],"about":[{"href":"https:\/\/www.safinel.fr\/it\/wp-json\/wp\/v2\/types\/product"}],"wp:featuredmedia":[{"embeddable":true,"href":"https:\/\/www.safinel.fr\/it\/wp-json\/wp\/v2\/media\/322"}],"wp:attachment":[{"href":"https:\/\/www.safinel.fr\/it\/wp-json\/wp\/v2\/media?parent=289"}],"wp:term":[{"taxonomy":"product_brand","embeddable":true,"href":"https:\/\/www.safinel.fr\/it\/wp-json\/wp\/v2\/product_brand?post=289"},{"taxonomy":"product_cat","embeddable":true,"href":"https:\/\/www.safinel.fr\/it\/wp-json\/wp\/v2\/product_cat?post=289"},{"taxonomy":"product_tag","embeddable":true,"href":"https:\/\/www.safinel.fr\/it\/wp-json\/wp\/v2\/product_tag?post=289"}],"curies":[{"name":"wp","href":"https:\/\/api.w.org\/{rel}","templated":true}]}}