{"id":282,"date":"2021-07-24T18:59:25","date_gmt":"2021-07-24T18:59:25","guid":{"rendered":"https:\/\/www.safinel.fr\/?post_type=product&#038;p=282"},"modified":"2023-12-28T17:15:05","modified_gmt":"2023-12-28T17:15:05","slug":"dentifricio-solido-alla-menta-di-campo","status":"publish","type":"product","link":"https:\/\/www.safinel.fr\/it\/prodotto\/dentifricio-solido-alla-menta-di-campo\/","title":{"rendered":"Dentifricio solido alla menta di campo"},"content":{"rendered":"<div class=\"gs\">\n<div class=\"\">\n<div id=\":14x\" class=\"ii gt adO\">\n<div id=\":151\" class=\"a3s aiL\">\n<div dir=\"ltr\">\n<div>\n<div>\n<div>Senza bicarbonato di sodio, rispetta lo smalto dei denti.<\/div>\n<p>Dentifricio alla menta per chi ama una sensazione di freschezza.<\/p>\n<p>Pulisce perfettamente i denti e dona un alito fresco, pur rimanendo molto delicato sulle gengive.<\/p>\n<p>Questo dentifricio solido vegano \u00e8 realizzato con principi attivi naturali che puliscono perfettamente i denti e donano un alito fresco. Non contiene bicarbonato, quindi \u00e8 delicato sullo smalto dei denti.<br \/>\n- L'olio di cocco ha propriet\u00e0 depurative e di prevenzione della carie.<br \/>\n- Lo xilitolo (dalla betulla) ha propriet\u00e0 purificanti, idratanti e protettive.<br \/>\n- Il carbonato di calcio aiuta a combattere la placca senza danneggiare lo smalto dei denti.<br \/>\n- Gli oli essenziali di menta di campo e menta piperita hanno propriet\u00e0 purificanti, tonificanti e aromatiche, e conferiscono al dentifricio Crystal un gusto extra-fresco.<\/p>\n<p>Inoltre, \u00e8 facile da trasportare nella sua piccola scatola di metallo ricaricabile e riciclabile.<br \/>\nStrofinare lo spazzolino asciutto con 3, 4 colpi avanti e indietro sul dentifricio solido e, se si preferisce, inumidirlo.<br \/>\nProdotto a mano in Francia, questo dentifricio solido Crystal \u00e8 certificato Vegan dalla PETA (People for the Ethical Treatment of Animals) e porta il marchio Slow Cosmetics. Contribuisce quindi a un bagno vegano e a rifiuti zero.<\/p>\n<\/div>\n<\/div>\n<\/div>\n<div class=\"yj6qo ajU\">\n<div id=\":143\" class=\"ajR\" tabindex=\"0\" role=\"button\" data-tooltip=\"Afficher le contenu abr\u00e9g\u00e9\" aria-label=\"Visualizzazione di contenuti abbreviati\" aria-expanded=\"false\"><img decoding=\"async\" class=\"ajT\" src=\"https:\/\/ssl.gstatic.com\/ui\/v1\/icons\/mail\/images\/cleardot.gif\" \/><\/div>\n<\/div>\n<\/div>\n<\/div>\n<div class=\"hi\"><\/div>\n<\/div>\n<\/div>","protected":false},"excerpt":{"rendered":"<p>Sans bicarbonate de soude, il respecte l&rsquo;\u00e9mail des dents. Dentifrice \u00e0 la menthe pour les amateurs de sensations fra\u00eeches. Il nettoie parfaitement les dents, procure une haleine fra\u00eeche tout en restant tr\u00e8s doux pour les gencives. Ce dentifrice vegan solide est compos\u00e9 d&rsquo;ingr\u00e9dients actifs naturels qui nettoient parfaitement vos dents et vous procurent une haleine [&#8230;]","protected":false},"featured_media":307,"template":"","meta":[],"product_brand":[],"product_cat":[32,34,35],"product_tag":[],"class_list":{"0":"post-282","1":"product","2":"type-product","3":"status-publish","4":"has-post-thumbnail","6":"product_cat-curae","7":"product_cat-hygiene","8":"product_cat-soins-dentaires","10":"first","11":"instock","12":"shipping-taxable","13":"purchasable","14":"product-type-simple"},"yoast_head":"<!-- This site is optimized with the Yoast SEO plugin v26.6 - https:\/\/yoast.com\/wordpress\/plugins\/seo\/ -->\n<title>Dentifrice solide menthe des champs - Safinel<\/title>\n<meta name=\"robots\" content=\"index, follow, max-snippet:-1, max-image-preview:large, max-video-preview:-1\" \/>\n<link rel=\"canonical\" href=\"https:\/\/www.safinel.fr\/it\/prodotto\/dentifricio-solido-alla-menta-di-campo\/\" \/>\n<meta property=\"og:locale\" content=\"it_IT\" \/>\n<meta property=\"og:type\" content=\"article\" \/>\n<meta property=\"og:title\" content=\"Dentifrice solide menthe des champs - Safinel\" \/>\n<meta property=\"og:description\" content=\"Sans bicarbonate de soude, il respecte l&rsquo;\u00e9mail des dents. Dentifrice \u00e0 la menthe pour les amateurs de sensations fra\u00eeches. Il nettoie parfaitement les dents, procure une haleine fra\u00eeche tout en restant tr\u00e8s doux pour les gencives. Ce dentifrice vegan solide est compos\u00e9 d&rsquo;ingr\u00e9dients actifs naturels qui nettoient parfaitement vos dents et vous procurent une haleine [...]\" \/>\n<meta property=\"og:url\" content=\"https:\/\/www.safinel.fr\/it\/prodotto\/dentifricio-solido-alla-menta-di-campo\/\" \/>\n<meta property=\"og:site_name\" content=\"Safinel\" \/>\n<meta property=\"article:modified_time\" content=\"2023-12-28T17:15:05+00:00\" \/>\n<meta property=\"og:image\" content=\"https:\/\/www.safinel.fr\/wp-content\/uploads\/2021\/07\/dentifrice-solide-menthe-des-champs.jpg\" \/>\n\t<meta property=\"og:image:width\" content=\"1127\" \/>\n\t<meta property=\"og:image:height\" content=\"1127\" \/>\n\t<meta property=\"og:image:type\" content=\"image\/jpeg\" \/>\n<meta name=\"twitter:card\" content=\"summary_large_image\" \/>\n<meta name=\"twitter:label1\" content=\"Tempo di lettura stimato\" \/>\n\t<meta name=\"twitter:data1\" content=\"1 minuto\" \/>\n<script type=\"application\/ld+json\" class=\"yoast-schema-graph\">{\"@context\":\"https:\/\/schema.org\",\"@graph\":[{\"@type\":\"WebPage\",\"@id\":\"https:\/\/www.safinel.fr\/produit\/dentifrice-solide-menthe-des-champs\/\",\"url\":\"https:\/\/www.safinel.fr\/produit\/dentifrice-solide-menthe-des-champs\/\",\"name\":\"Dentifrice solide menthe des champs - Safinel\",\"isPartOf\":{\"@id\":\"https:\/\/www.safinel.fr\/#website\"},\"primaryImageOfPage\":{\"@id\":\"https:\/\/www.safinel.fr\/produit\/dentifrice-solide-menthe-des-champs\/#primaryimage\"},\"image\":{\"@id\":\"https:\/\/www.safinel.fr\/produit\/dentifrice-solide-menthe-des-champs\/#primaryimage\"},\"thumbnailUrl\":\"https:\/\/www.safinel.fr\/wp-content\/uploads\/2021\/07\/dentifrice-solide-menthe-des-champs.jpg\",\"datePublished\":\"2021-07-24T18:59:25+00:00\",\"dateModified\":\"2023-12-28T17:15:05+00:00\",\"breadcrumb\":{\"@id\":\"https:\/\/www.safinel.fr\/produit\/dentifrice-solide-menthe-des-champs\/#breadcrumb\"},\"inLanguage\":\"it-IT\",\"potentialAction\":[{\"@type\":\"ReadAction\",\"target\":[\"https:\/\/www.safinel.fr\/produit\/dentifrice-solide-menthe-des-champs\/\"]}]},{\"@type\":\"ImageObject\",\"inLanguage\":\"it-IT\",\"@id\":\"https:\/\/www.safinel.fr\/produit\/dentifrice-solide-menthe-des-champs\/#primaryimage\",\"url\":\"https:\/\/www.safinel.fr\/wp-content\/uploads\/2021\/07\/dentifrice-solide-menthe-des-champs.jpg\",\"contentUrl\":\"https:\/\/www.safinel.fr\/wp-content\/uploads\/2021\/07\/dentifrice-solide-menthe-des-champs.jpg\",\"width\":1127,\"height\":1127},{\"@type\":\"BreadcrumbList\",\"@id\":\"https:\/\/www.safinel.fr\/produit\/dentifrice-solide-menthe-des-champs\/#breadcrumb\",\"itemListElement\":[{\"@type\":\"ListItem\",\"position\":1,\"name\":\"Accueil\",\"item\":\"https:\/\/www.safinel.fr\/\"},{\"@type\":\"ListItem\",\"position\":2,\"name\":\"Boutique\",\"item\":\"https:\/\/www.safinel.fr\/boutique\/\"},{\"@type\":\"ListItem\",\"position\":3,\"name\":\"Dentifrice solide menthe des champs\"}]},{\"@type\":\"WebSite\",\"@id\":\"https:\/\/www.safinel.fr\/#website\",\"url\":\"https:\/\/www.safinel.fr\/\",\"name\":\"Safinel\",\"description\":\"\",\"publisher\":{\"@id\":\"https:\/\/www.safinel.fr\/#organization\"},\"potentialAction\":[{\"@type\":\"SearchAction\",\"target\":{\"@type\":\"EntryPoint\",\"urlTemplate\":\"https:\/\/www.safinel.fr\/?s={search_term_string}\"},\"query-input\":{\"@type\":\"PropertyValueSpecification\",\"valueRequired\":true,\"valueName\":\"search_term_string\"}}],\"inLanguage\":\"it-IT\"},{\"@type\":\"Organization\",\"@id\":\"https:\/\/www.safinel.fr\/#organization\",\"name\":\"Safinel\",\"url\":\"https:\/\/www.safinel.fr\/\",\"logo\":{\"@type\":\"ImageObject\",\"inLanguage\":\"it-IT\",\"@id\":\"https:\/\/www.safinel.fr\/#\/schema\/logo\/image\/\",\"url\":\"https:\/\/www.safinel.fr\/wp-content\/uploads\/2021\/05\/boutique-cosmetique.png\",\"contentUrl\":\"https:\/\/www.safinel.fr\/wp-content\/uploads\/2021\/05\/boutique-cosmetique.png\",\"width\":800,\"height\":200,\"caption\":\"Safinel\"},\"image\":{\"@id\":\"https:\/\/www.safinel.fr\/#\/schema\/logo\/image\/\"}}]}<\/script>\n<!-- \/ Yoast SEO plugin. -->","yoast_head_json":{"title":"Dentifricio solido alla menta di campo - Safinel","robots":{"index":"index","follow":"follow","max-snippet":"max-snippet:-1","max-image-preview":"max-image-preview:large","max-video-preview":"max-video-preview:-1"},"canonical":"https:\/\/www.safinel.fr\/it\/prodotto\/dentifricio-solido-alla-menta-di-campo\/","og_locale":"it_IT","og_type":"article","og_title":"Dentifrice solide menthe des champs - Safinel","og_description":"Sans bicarbonate de soude, il respecte l&rsquo;\u00e9mail des dents. Dentifrice \u00e0 la menthe pour les amateurs de sensations fra\u00eeches. Il nettoie parfaitement les dents, procure une haleine fra\u00eeche tout en restant tr\u00e8s doux pour les gencives. Ce dentifrice vegan solide est compos\u00e9 d&rsquo;ingr\u00e9dients actifs naturels qui nettoient parfaitement vos dents et vous procurent une haleine [...]","og_url":"https:\/\/www.safinel.fr\/it\/prodotto\/dentifricio-solido-alla-menta-di-campo\/","og_site_name":"Safinel","article_modified_time":"2023-12-28T17:15:05+00:00","og_image":[{"width":1127,"height":1127,"url":"https:\/\/www.safinel.fr\/wp-content\/uploads\/2021\/07\/dentifrice-solide-menthe-des-champs.jpg","type":"image\/jpeg"}],"twitter_card":"summary_large_image","twitter_misc":{"Tempo di lettura stimato":"1 minuto"},"schema":{"@context":"https:\/\/schema.org","@graph":[{"@type":"WebPage","@id":"https:\/\/www.safinel.fr\/produit\/dentifrice-solide-menthe-des-champs\/","url":"https:\/\/www.safinel.fr\/produit\/dentifrice-solide-menthe-des-champs\/","name":"Dentifricio solido alla menta di campo - Safinel","isPartOf":{"@id":"https:\/\/www.safinel.fr\/#website"},"primaryImageOfPage":{"@id":"https:\/\/www.safinel.fr\/produit\/dentifrice-solide-menthe-des-champs\/#primaryimage"},"image":{"@id":"https:\/\/www.safinel.fr\/produit\/dentifrice-solide-menthe-des-champs\/#primaryimage"},"thumbnailUrl":"https:\/\/www.safinel.fr\/wp-content\/uploads\/2021\/07\/dentifrice-solide-menthe-des-champs.jpg","datePublished":"2021-07-24T18:59:25+00:00","dateModified":"2023-12-28T17:15:05+00:00","breadcrumb":{"@id":"https:\/\/www.safinel.fr\/produit\/dentifrice-solide-menthe-des-champs\/#breadcrumb"},"inLanguage":"it-IT","potentialAction":[{"@type":"ReadAction","target":["https:\/\/www.safinel.fr\/produit\/dentifrice-solide-menthe-des-champs\/"]}]},{"@type":"ImageObject","inLanguage":"it-IT","@id":"https:\/\/www.safinel.fr\/produit\/dentifrice-solide-menthe-des-champs\/#primaryimage","url":"https:\/\/www.safinel.fr\/wp-content\/uploads\/2021\/07\/dentifrice-solide-menthe-des-champs.jpg","contentUrl":"https:\/\/www.safinel.fr\/wp-content\/uploads\/2021\/07\/dentifrice-solide-menthe-des-champs.jpg","width":1127,"height":1127},{"@type":"BreadcrumbList","@id":"https:\/\/www.safinel.fr\/produit\/dentifrice-solide-menthe-des-champs\/#breadcrumb","itemListElement":[{"@type":"ListItem","position":1,"name":"Accueil","item":"https:\/\/www.safinel.fr\/"},{"@type":"ListItem","position":2,"name":"Boutique","item":"https:\/\/www.safinel.fr\/boutique\/"},{"@type":"ListItem","position":3,"name":"Dentifrice solide menthe des champs"}]},{"@type":"WebSite","@id":"https:\/\/www.safinel.fr\/#website","url":"https:\/\/www.safinel.fr\/","name":"Safinel","description":"","publisher":{"@id":"https:\/\/www.safinel.fr\/#organization"},"potentialAction":[{"@type":"SearchAction","target":{"@type":"EntryPoint","urlTemplate":"https:\/\/www.safinel.fr\/?s={search_term_string}"},"query-input":{"@type":"PropertyValueSpecification","valueRequired":true,"valueName":"search_term_string"}}],"inLanguage":"it-IT"},{"@type":"Organization","@id":"https:\/\/www.safinel.fr\/#organization","name":"Safinel","url":"https:\/\/www.safinel.fr\/","logo":{"@type":"ImageObject","inLanguage":"it-IT","@id":"https:\/\/www.safinel.fr\/#\/schema\/logo\/image\/","url":"https:\/\/www.safinel.fr\/wp-content\/uploads\/2021\/05\/boutique-cosmetique.png","contentUrl":"https:\/\/www.safinel.fr\/wp-content\/uploads\/2021\/05\/boutique-cosmetique.png","width":800,"height":200,"caption":"Safinel"},"image":{"@id":"https:\/\/www.safinel.fr\/#\/schema\/logo\/image\/"}}]}},"_links":{"self":[{"href":"https:\/\/www.safinel.fr\/it\/wp-json\/wp\/v2\/product\/282","targetHints":{"allow":["GET"]}}],"collection":[{"href":"https:\/\/www.safinel.fr\/it\/wp-json\/wp\/v2\/product"}],"about":[{"href":"https:\/\/www.safinel.fr\/it\/wp-json\/wp\/v2\/types\/product"}],"wp:featuredmedia":[{"embeddable":true,"href":"https:\/\/www.safinel.fr\/it\/wp-json\/wp\/v2\/media\/307"}],"wp:attachment":[{"href":"https:\/\/www.safinel.fr\/it\/wp-json\/wp\/v2\/media?parent=282"}],"wp:term":[{"taxonomy":"product_brand","embeddable":true,"href":"https:\/\/www.safinel.fr\/it\/wp-json\/wp\/v2\/product_brand?post=282"},{"taxonomy":"product_cat","embeddable":true,"href":"https:\/\/www.safinel.fr\/it\/wp-json\/wp\/v2\/product_cat?post=282"},{"taxonomy":"product_tag","embeddable":true,"href":"https:\/\/www.safinel.fr\/it\/wp-json\/wp\/v2\/product_tag?post=282"}],"curies":[{"name":"wp","href":"https:\/\/api.w.org\/{rel}","templated":true}]}}