{"id":270,"date":"2021-07-24T18:58:59","date_gmt":"2021-07-24T18:58:59","guid":{"rendered":"https:\/\/www.safinel.fr\/?post_type=product&#038;p=270"},"modified":"2023-12-30T13:53:20","modified_gmt":"2023-12-30T13:53:20","slug":"shampoo-solido-al-caffe-e-burro-di-cacao-65g-volume-shine","status":"publish","type":"product","link":"https:\/\/www.safinel.fr\/it\/prodotto\/shampoo-solido-al-caffe-e-burro-di-cacao-65g-volume-shine\/","title":{"rendered":"Shampoo solido al caff\u00e8 e burro di cacao 65 g (Volume e lucentezza)"},"content":{"rendered":"<p>Poich\u00e9 le brune non contano nulla, abbiamo lo shampoo che fa per voi! Da D\u00e9odorant Naturel, la nostra categoria di <b>shampoo solidi <\/b>\u00e8 altamente diversificato.<span class=\"Apple-converted-space\">\u00a0<\/span>Incontra il <b>shampoo solido al caff\u00e8 e burro di cacao<\/b>. L'alleato dei capelli scuri, per una lucentezza mai vista prima!<span class=\"Apple-converted-space\">\u00a0<\/span><\/p>\n<h3><b>Shampoo solido al caff\u00e8 e burro di cacao: una composizione deliziosa e geniale<span class=\"Apple-converted-space\">\u00a0<\/span><\/b><\/h3>\n<p>Questo shampoo solido si presenta sotto forma di sapone duro, niente di pi\u00f9 e niente di meno. I suoi ingredienti sono stati scelti con cura e sono ovviamente tutti naturali! Poich\u00e9 ci piace sapere cosa mettiamo sui nostri capelli, questo shampoo vi d\u00e0 la garanzia di una composizione sana!<span class=\"Apple-converted-space\">\u00a0<\/span><\/p>\n<p>Perch\u00e9 adottare il nostro shampoo solido al caff\u00e8 e burro di cacao? La risposta \u00e8 troppo lunga per questo articolo. Quindi, in poche parole... perch\u00e9 \u00e8 fantastico, ovviamente!<span class=\"Apple-converted-space\">\u00a0<\/span><\/p>\n<p>Innanzitutto, \u00e8 molto economico. A <b>pane solido<\/b> di queste dimensioni equivale a 80-100 lavaggi. Sono 3 flaconi da 250 g di shampoo liquido! Inoltre, \u00e8 ecologico e salutare sia per voi che per l'ambiente. Un approccio a spreco zero che fa bene a voi!<span class=\"Apple-converted-space\">\u00a0<\/span><\/p>\n<h3><b>Tutti i benefici del vostro shampoo solido al caff\u00e8 e burro di cacao<span class=\"Apple-converted-space\">\u00a0<\/span><\/b><\/h3>\n<p>Questo ciottolo per shampoo duro \u00e8 stato progettato specificamente per i capelli castani e scuri:<span class=\"Apple-converted-space\">\u00a0<\/span><\/p>\n<ul>\n<li>Aggiunge volume ai capelli fini e piatti; ;<span class=\"Apple-converted-space\">\u00a0<\/span><\/li>\n<li>Questo shampoo solido lascia i capelli morbidi e lucenti; ;<span class=\"Apple-converted-space\">\u00a0<\/span><\/li>\n<li>Pulisce il cuoio capelluto; ;<span class=\"Apple-converted-space\">\u00a0<\/span><\/li>\n<li>\u00c8 un vero e proprio prodotto per la cura dei capelli che dona vita ai capelli spenti.<span class=\"Apple-converted-space\">\u00a0<\/span><\/li>\n<\/ul>\n<p>E, naturalmente, il tutto con il delizioso profumo gourmet di questo cosmetico naturale 100%!<span class=\"Apple-converted-space\">\u00a0<\/span><\/p>\n<h3><b>Come si usa questo shampoo solido naturale?<span class=\"Apple-converted-space\">\u00a0<\/span><\/b><\/h3>\n<p>Niente di pi\u00f9 semplice! Basta insaponare lo shampoo tra le mani con acqua. Quindi utilizzare la schiuma per pulire i capelli dalle radici alle punte. Risciacquare con acqua tiepida.<span class=\"Apple-converted-space\">\u00a0<\/span><\/p>\n<p>Per cambiare di tanto in tanto, si pu\u00f2 anche optare per il delizioso <b><a href=\"https:\/\/www.deodorant-naturel.com\/produit\/shampoing-solide-noix-de-coco-nourrissant-cheveux-sec-abime-65g\/\">shampoo solido al cocco<\/a> !<span class=\"Apple-converted-space\">\u00a0<\/span><\/b><\/p>\n<h3><b>Conservazione<span class=\"Apple-converted-space\">\u00a0<\/span><\/b><\/h3>\n<p>Assicuratevi di lasciare asciugare bene il vostro shampoo naturale a zero rifiuti tra un utilizzo e l'altro.<\/p>","protected":false},"excerpt":{"rendered":"<p>Dona ai capelli volume e lucentezza e deterge il cuoio capelluto.<\/p>\n<p>\u26a0\ufe0f <strong>Effetti solo sui capelli castani<\/strong>\u00a0\u26a0\ufe0f<\/p>","protected":false},"featured_media":305,"template":"","meta":[],"product_brand":[],"product_cat":[34,36],"product_tag":[],"class_list":{"0":"post-270","1":"product","2":"type-product","3":"status-publish","4":"has-post-thumbnail","6":"product_cat-hygiene","7":"product_cat-shampoing-solide","9":"first","10":"outofstock","11":"shipping-taxable","12":"purchasable","13":"product-type-simple"},"yoast_head":"<!-- This site is optimized with the Yoast SEO plugin v26.6 - https:\/\/yoast.com\/wordpress\/plugins\/seo\/ -->\n<title>Shampoing solide au caf\u00e9 et beurre de cacao 65g (Volume &amp; Brillance) - Safinel<\/title>\n<meta name=\"robots\" content=\"index, follow, max-snippet:-1, max-image-preview:large, max-video-preview:-1\" \/>\n<link rel=\"canonical\" href=\"https:\/\/www.safinel.fr\/it\/prodotto\/shampoo-solido-al-caffe-e-burro-di-cacao-65g-volume-shine\/\" \/>\n<meta property=\"og:locale\" content=\"it_IT\" \/>\n<meta property=\"og:type\" content=\"article\" \/>\n<meta property=\"og:title\" content=\"Shampoing solide au caf\u00e9 et beurre de cacao 65g (Volume &amp; Brillance) - Safinel\" \/>\n<meta property=\"og:description\" content=\"Donne du volume et de la brillance \u00e0 vos cheveux, et assainit le cuir chevelu.  \u26a0\ufe0f Effets uniquement sur les cheveux bruns\u00a0\u26a0\ufe0f\" \/>\n<meta property=\"og:url\" content=\"https:\/\/www.safinel.fr\/it\/prodotto\/shampoo-solido-al-caffe-e-burro-di-cacao-65g-volume-shine\/\" \/>\n<meta property=\"og:site_name\" content=\"Safinel\" \/>\n<meta property=\"article:modified_time\" content=\"2023-12-30T13:53:20+00:00\" \/>\n<meta property=\"og:image\" content=\"https:\/\/www.safinel.fr\/wp-content\/uploads\/2021\/07\/barre-de-shampooing-eclaircissante-au-ca_description-3pt.jpg\" \/>\n\t<meta property=\"og:image:width\" content=\"653\" \/>\n\t<meta property=\"og:image:height\" content=\"591\" \/>\n\t<meta property=\"og:image:type\" content=\"image\/jpeg\" \/>\n<meta name=\"twitter:card\" content=\"summary_large_image\" \/>\n<meta name=\"twitter:label1\" content=\"Tempo di lettura stimato\" \/>\n\t<meta name=\"twitter:data1\" content=\"2 minuti\" \/>\n<script type=\"application\/ld+json\" class=\"yoast-schema-graph\">{\"@context\":\"https:\/\/schema.org\",\"@graph\":[{\"@type\":\"WebPage\",\"@id\":\"https:\/\/www.safinel.fr\/produit\/shampoing-solide-au-cafe-et-beurre-de-cacao-65g-volume-brillance\/\",\"url\":\"https:\/\/www.safinel.fr\/produit\/shampoing-solide-au-cafe-et-beurre-de-cacao-65g-volume-brillance\/\",\"name\":\"Shampoing solide au caf\u00e9 et beurre de cacao 65g (Volume & Brillance) - Safinel\",\"isPartOf\":{\"@id\":\"https:\/\/www.safinel.fr\/#website\"},\"primaryImageOfPage\":{\"@id\":\"https:\/\/www.safinel.fr\/produit\/shampoing-solide-au-cafe-et-beurre-de-cacao-65g-volume-brillance\/#primaryimage\"},\"image\":{\"@id\":\"https:\/\/www.safinel.fr\/produit\/shampoing-solide-au-cafe-et-beurre-de-cacao-65g-volume-brillance\/#primaryimage\"},\"thumbnailUrl\":\"https:\/\/www.safinel.fr\/wp-content\/uploads\/2021\/07\/barre-de-shampooing-eclaircissante-au-ca_description-3pt.jpg\",\"datePublished\":\"2021-07-24T18:58:59+00:00\",\"dateModified\":\"2023-12-30T13:53:20+00:00\",\"breadcrumb\":{\"@id\":\"https:\/\/www.safinel.fr\/produit\/shampoing-solide-au-cafe-et-beurre-de-cacao-65g-volume-brillance\/#breadcrumb\"},\"inLanguage\":\"it-IT\",\"potentialAction\":[{\"@type\":\"ReadAction\",\"target\":[\"https:\/\/www.safinel.fr\/produit\/shampoing-solide-au-cafe-et-beurre-de-cacao-65g-volume-brillance\/\"]}]},{\"@type\":\"ImageObject\",\"inLanguage\":\"it-IT\",\"@id\":\"https:\/\/www.safinel.fr\/produit\/shampoing-solide-au-cafe-et-beurre-de-cacao-65g-volume-brillance\/#primaryimage\",\"url\":\"https:\/\/www.safinel.fr\/wp-content\/uploads\/2021\/07\/barre-de-shampooing-eclaircissante-au-ca_description-3pt.jpg\",\"contentUrl\":\"https:\/\/www.safinel.fr\/wp-content\/uploads\/2021\/07\/barre-de-shampooing-eclaircissante-au-ca_description-3pt.jpg\",\"width\":653,\"height\":591},{\"@type\":\"BreadcrumbList\",\"@id\":\"https:\/\/www.safinel.fr\/produit\/shampoing-solide-au-cafe-et-beurre-de-cacao-65g-volume-brillance\/#breadcrumb\",\"itemListElement\":[{\"@type\":\"ListItem\",\"position\":1,\"name\":\"Accueil\",\"item\":\"https:\/\/www.safinel.fr\/\"},{\"@type\":\"ListItem\",\"position\":2,\"name\":\"Boutique\",\"item\":\"https:\/\/www.safinel.fr\/boutique\/\"},{\"@type\":\"ListItem\",\"position\":3,\"name\":\"Shampoing solide au caf\u00e9 et beurre de cacao 65g (Volume &#038; Brillance)\"}]},{\"@type\":\"WebSite\",\"@id\":\"https:\/\/www.safinel.fr\/#website\",\"url\":\"https:\/\/www.safinel.fr\/\",\"name\":\"Safinel\",\"description\":\"\",\"publisher\":{\"@id\":\"https:\/\/www.safinel.fr\/#organization\"},\"potentialAction\":[{\"@type\":\"SearchAction\",\"target\":{\"@type\":\"EntryPoint\",\"urlTemplate\":\"https:\/\/www.safinel.fr\/?s={search_term_string}\"},\"query-input\":{\"@type\":\"PropertyValueSpecification\",\"valueRequired\":true,\"valueName\":\"search_term_string\"}}],\"inLanguage\":\"it-IT\"},{\"@type\":\"Organization\",\"@id\":\"https:\/\/www.safinel.fr\/#organization\",\"name\":\"Safinel\",\"url\":\"https:\/\/www.safinel.fr\/\",\"logo\":{\"@type\":\"ImageObject\",\"inLanguage\":\"it-IT\",\"@id\":\"https:\/\/www.safinel.fr\/#\/schema\/logo\/image\/\",\"url\":\"https:\/\/www.safinel.fr\/wp-content\/uploads\/2021\/05\/boutique-cosmetique.png\",\"contentUrl\":\"https:\/\/www.safinel.fr\/wp-content\/uploads\/2021\/05\/boutique-cosmetique.png\",\"width\":800,\"height\":200,\"caption\":\"Safinel\"},\"image\":{\"@id\":\"https:\/\/www.safinel.fr\/#\/schema\/logo\/image\/\"}}]}<\/script>\n<!-- \/ Yoast SEO plugin. -->","yoast_head_json":{"title":"Shampoo solido al caff\u00e8 e burro di cacao 65g (Volume e lucentezza) - Safinel","robots":{"index":"index","follow":"follow","max-snippet":"max-snippet:-1","max-image-preview":"max-image-preview:large","max-video-preview":"max-video-preview:-1"},"canonical":"https:\/\/www.safinel.fr\/it\/prodotto\/shampoo-solido-al-caffe-e-burro-di-cacao-65g-volume-shine\/","og_locale":"it_IT","og_type":"article","og_title":"Shampoing solide au caf\u00e9 et beurre de cacao 65g (Volume & Brillance) - Safinel","og_description":"Donne du volume et de la brillance \u00e0 vos cheveux, et assainit le cuir chevelu.  \u26a0\ufe0f Effets uniquement sur les cheveux bruns\u00a0\u26a0\ufe0f","og_url":"https:\/\/www.safinel.fr\/it\/prodotto\/shampoo-solido-al-caffe-e-burro-di-cacao-65g-volume-shine\/","og_site_name":"Safinel","article_modified_time":"2023-12-30T13:53:20+00:00","og_image":[{"width":653,"height":591,"url":"https:\/\/www.safinel.fr\/wp-content\/uploads\/2021\/07\/barre-de-shampooing-eclaircissante-au-ca_description-3pt.jpg","type":"image\/jpeg"}],"twitter_card":"summary_large_image","twitter_misc":{"Tempo di lettura stimato":"2 minuti"},"schema":{"@context":"https:\/\/schema.org","@graph":[{"@type":"WebPage","@id":"https:\/\/www.safinel.fr\/produit\/shampoing-solide-au-cafe-et-beurre-de-cacao-65g-volume-brillance\/","url":"https:\/\/www.safinel.fr\/produit\/shampoing-solide-au-cafe-et-beurre-de-cacao-65g-volume-brillance\/","name":"Shampoo solido al caff\u00e8 e burro di cacao 65g (Volume e lucentezza) - Safinel","isPartOf":{"@id":"https:\/\/www.safinel.fr\/#website"},"primaryImageOfPage":{"@id":"https:\/\/www.safinel.fr\/produit\/shampoing-solide-au-cafe-et-beurre-de-cacao-65g-volume-brillance\/#primaryimage"},"image":{"@id":"https:\/\/www.safinel.fr\/produit\/shampoing-solide-au-cafe-et-beurre-de-cacao-65g-volume-brillance\/#primaryimage"},"thumbnailUrl":"https:\/\/www.safinel.fr\/wp-content\/uploads\/2021\/07\/barre-de-shampooing-eclaircissante-au-ca_description-3pt.jpg","datePublished":"2021-07-24T18:58:59+00:00","dateModified":"2023-12-30T13:53:20+00:00","breadcrumb":{"@id":"https:\/\/www.safinel.fr\/produit\/shampoing-solide-au-cafe-et-beurre-de-cacao-65g-volume-brillance\/#breadcrumb"},"inLanguage":"it-IT","potentialAction":[{"@type":"ReadAction","target":["https:\/\/www.safinel.fr\/produit\/shampoing-solide-au-cafe-et-beurre-de-cacao-65g-volume-brillance\/"]}]},{"@type":"ImageObject","inLanguage":"it-IT","@id":"https:\/\/www.safinel.fr\/produit\/shampoing-solide-au-cafe-et-beurre-de-cacao-65g-volume-brillance\/#primaryimage","url":"https:\/\/www.safinel.fr\/wp-content\/uploads\/2021\/07\/barre-de-shampooing-eclaircissante-au-ca_description-3pt.jpg","contentUrl":"https:\/\/www.safinel.fr\/wp-content\/uploads\/2021\/07\/barre-de-shampooing-eclaircissante-au-ca_description-3pt.jpg","width":653,"height":591},{"@type":"BreadcrumbList","@id":"https:\/\/www.safinel.fr\/produit\/shampoing-solide-au-cafe-et-beurre-de-cacao-65g-volume-brillance\/#breadcrumb","itemListElement":[{"@type":"ListItem","position":1,"name":"Accueil","item":"https:\/\/www.safinel.fr\/"},{"@type":"ListItem","position":2,"name":"Boutique","item":"https:\/\/www.safinel.fr\/boutique\/"},{"@type":"ListItem","position":3,"name":"Shampoing solide au caf\u00e9 et beurre de cacao 65g (Volume &#038; Brillance)"}]},{"@type":"WebSite","@id":"https:\/\/www.safinel.fr\/#website","url":"https:\/\/www.safinel.fr\/","name":"Safinel","description":"","publisher":{"@id":"https:\/\/www.safinel.fr\/#organization"},"potentialAction":[{"@type":"SearchAction","target":{"@type":"EntryPoint","urlTemplate":"https:\/\/www.safinel.fr\/?s={search_term_string}"},"query-input":{"@type":"PropertyValueSpecification","valueRequired":true,"valueName":"search_term_string"}}],"inLanguage":"it-IT"},{"@type":"Organization","@id":"https:\/\/www.safinel.fr\/#organization","name":"Safinel","url":"https:\/\/www.safinel.fr\/","logo":{"@type":"ImageObject","inLanguage":"it-IT","@id":"https:\/\/www.safinel.fr\/#\/schema\/logo\/image\/","url":"https:\/\/www.safinel.fr\/wp-content\/uploads\/2021\/05\/boutique-cosmetique.png","contentUrl":"https:\/\/www.safinel.fr\/wp-content\/uploads\/2021\/05\/boutique-cosmetique.png","width":800,"height":200,"caption":"Safinel"},"image":{"@id":"https:\/\/www.safinel.fr\/#\/schema\/logo\/image\/"}}]}},"_links":{"self":[{"href":"https:\/\/www.safinel.fr\/it\/wp-json\/wp\/v2\/product\/270","targetHints":{"allow":["GET"]}}],"collection":[{"href":"https:\/\/www.safinel.fr\/it\/wp-json\/wp\/v2\/product"}],"about":[{"href":"https:\/\/www.safinel.fr\/it\/wp-json\/wp\/v2\/types\/product"}],"wp:featuredmedia":[{"embeddable":true,"href":"https:\/\/www.safinel.fr\/it\/wp-json\/wp\/v2\/media\/305"}],"wp:attachment":[{"href":"https:\/\/www.safinel.fr\/it\/wp-json\/wp\/v2\/media?parent=270"}],"wp:term":[{"taxonomy":"product_brand","embeddable":true,"href":"https:\/\/www.safinel.fr\/it\/wp-json\/wp\/v2\/product_brand?post=270"},{"taxonomy":"product_cat","embeddable":true,"href":"https:\/\/www.safinel.fr\/it\/wp-json\/wp\/v2\/product_cat?post=270"},{"taxonomy":"product_tag","embeddable":true,"href":"https:\/\/www.safinel.fr\/it\/wp-json\/wp\/v2\/product_tag?post=270"}],"curies":[{"name":"wp","href":"https:\/\/api.w.org\/{rel}","templated":true}]}}