{"id":269,"date":"2021-07-24T18:58:59","date_gmt":"2021-07-24T18:58:59","guid":{"rendered":"https:\/\/www.safinel.fr\/?post_type=product&#038;p=269"},"modified":"2024-01-01T18:13:41","modified_gmt":"2024-01-01T18:13:41","slug":"shampoo-solido-nutriente-con-olio-di-dargan-e-olio-di-canapa-65g","status":"publish","type":"product","link":"https:\/\/www.safinel.fr\/it\/prodotto\/shampoo-solido-nutriente-con-olio-di-dargan-e-olio-di-canapa-65g\/","title":{"rendered":"Shampoo solido nutriente con olio di argan e olio di canapa 65g"},"content":{"rendered":"<p>Questo piccolo sassolino \u00e8 un vero e proprio must per la cura dei capelli. Eppure, molti di voi ancora non ne conoscono l'esistenza! Non lasciatevi ingannare dalle sue dimensioni ridotte, la <b>shampoo solido naturale<\/b> ha molti pi\u00f9 benefici di quanto si possa pensare. Concentratevi sul vostro nuovo alleato di bellezza, il <b>shampoo solido naturale nutriente con<\/b>\u2019<b>olio<\/b>\u2019<b>argan e<\/b>\u2019<b>olio di semi di canapa.<\/b><\/p>\n<h3><b>Shampoo naturale nutriente: il potere degli oli idratanti<\/b><\/h3>\n<p>Una volta che si \u00e8 optato per il <b>shampoo solido<\/b>, \u00c8 impossibile staccarsene! Lo shampoo solido nutriente con olio di argan e olio di semi di canapa vi conquister\u00e0 sicuramente. <b>L<\/b>\u2019<b>olio<\/b>\u2019<b>argan<\/b> nutre profondamente i capelli. Per quanto riguarda <b>l<\/b>\u2019<b>olio di semi di canapa, <\/b>\u00e8 rinomato per apportare morbidezza ed elasticit\u00e0 alla fibra capillare. Una combinazione che lascer\u00e0 i capelli morbidi e lucenti.<span class=\"Apple-converted-space\">\u00a0<\/span><\/p>\n<p>Questo shampoo solido \u00e8 un vero e proprio prodotto miracoloso!<span class=\"Apple-converted-space\">\u00a0<\/span><\/p>\n<p><b>Ingredienti:<\/b> <i>solfato di cocco di sodio, burro di cacao naturale biologico, <\/i><a href=\"https:\/\/www.amlou.fr\/produit\/huile-dolive-bio\/\" target=\"_blank\" rel=\"noopener\"><b><i>olio extravergine di oliva<\/i><\/b><\/a><i>, olio<\/i>\u2019<i>argan biologico, olio di semi di canapa biologico, mica<\/i><\/p>\n<h3><b>Quali sono i benefici dello shampoo solido nutriente all'olio di argan?<\/b><\/h3>\n<p>\u00c8 possibile che un sapone cos\u00ec piccolo abbia cos\u00ec tante propriet\u00e0? Ebbene s\u00ec, questo <b>cosmetici naturali nutrienti per capelli<\/b> vi lascer\u00e0 senza parole. Oltre a rinforzare i capelli, questo shampoo naturale ha molti altri benefici:<span class=\"Apple-converted-space\">\u00a0<\/span><\/p>\n<ul>\n<li>\u00c8 molto <b>economico<\/b> ! A seconda della marca, lo shampoo solido pu\u00f2 equivalere a tre flaconi di shampoo liquido; ;<\/li>\n<li><b>Ecologico<\/b> ! Niente sprechi d'acqua, niente imballaggi e quindi niente rifiuti; ;<\/li>\n<li>\u00c8 <b>a base di prodotti naturali<\/b> ;<\/li>\n<li>Grazie alle sue dimensioni e al suo formato compatto, \u00e8 <b>facile da trasportare<\/b>. Soprattutto, non c'\u00e8 il rischio che affondi.<\/li>\n<\/ul>\n<p><b>Come <\/b><b>utilizzare l'olio di argan e lo shampoo solido alla canapa?<\/b><\/p>\n<p>Non siete abituati a questo formato e vi state chiedendo come applicare lo shampoo solido? Ve lo spieghiamo noi!<\/p>\n<p>Si usa come il sapone tradizionale: basta insaponarlo tra le mani e applicare la schiuma sui capelli. Risciacquare e gustare!<span class=\"Apple-converted-space\">\u00a0Scopri anche il <a href=\"https:\/\/www.deodorant-naturel.com\/produit\/shampoing-solide-nourrissant-a-la-rose-75g\/\"><strong>shampoo solido all'acqua di rose<\/strong><\/a>.\u00a0<\/span><\/p>\n<h3><b>Precauzioni e conservazione<\/b><\/h3>\n<p>Dopo ogni utilizzo, lasciate asciugare il sapone e conservatelo in una piccola scatola.<\/p>\n<p>In caso di contatto con gli occhi, sciacquare con acqua pulita.<\/p>","protected":false},"excerpt":{"rendered":"<p>Questo piccolo sassolino \u00e8 un vero e proprio must have per la cura dei vostri capelli. Eppure, molti di voi non ne conoscono ancora l'esistenza! Non fatevi ingannare dalle sue piccole dimensioni, lo shampoo solido naturale ha molti pi\u00f9 vantaggi di quanto pensiate. Focus sul vostro nuovo alleato di bellezza, lo shampoo solido [...]","protected":false},"featured_media":304,"template":"","meta":[],"product_brand":[],"product_cat":[34,36],"product_tag":[],"class_list":{"0":"post-269","1":"product","2":"type-product","3":"status-publish","4":"has-post-thumbnail","6":"product_cat-hygiene","7":"product_cat-shampoing-solide","9":"first","10":"instock","11":"shipping-taxable","12":"purchasable","13":"product-type-simple"},"yoast_head":"<!-- This site is optimized with the Yoast SEO plugin v26.6 - https:\/\/yoast.com\/wordpress\/plugins\/seo\/ -->\n<title>Shampoing solide nourrissant \u00e0 l&#039;huile d&#039;argan et \u00e0 l&#039;huile de chanvre 65g - Safinel<\/title>\n<meta name=\"robots\" content=\"index, follow, max-snippet:-1, max-image-preview:large, max-video-preview:-1\" \/>\n<link rel=\"canonical\" href=\"https:\/\/www.safinel.fr\/it\/prodotto\/shampoo-solido-nutriente-con-olio-di-dargan-e-olio-di-canapa-65g\/\" \/>\n<meta property=\"og:locale\" content=\"it_IT\" \/>\n<meta property=\"og:type\" content=\"article\" \/>\n<meta property=\"og:title\" content=\"Shampoing solide nourrissant \u00e0 l&#039;huile d&#039;argan et \u00e0 l&#039;huile de chanvre 65g - Safinel\" \/>\n<meta property=\"og:description\" content=\"Ce petit galet est un v\u00e9ritable must have pour le soin de vos cheveux. Et pourtant, nombreux d\u2019entre vous ne connaissent pas encore son existence !\u00a0Ne vous fiez pas \u00e0 sa petite taille, le shampoing naturel solide poss\u00e8de bien plus d\u2019avantages que vous ne le pensez.\u00a0Focus sur votre nouvel alli\u00e9 de beaut\u00e9, le shampoing solide [...]\" \/>\n<meta property=\"og:url\" content=\"https:\/\/www.safinel.fr\/it\/prodotto\/shampoo-solido-nutriente-con-olio-di-dargan-e-olio-di-canapa-65g\/\" \/>\n<meta property=\"og:site_name\" content=\"Safinel\" \/>\n<meta property=\"article:modified_time\" content=\"2024-01-01T18:13:41+00:00\" \/>\n<meta property=\"og:image\" content=\"https:\/\/www.safinel.fr\/wp-content\/uploads\/2021\/07\/barre-de-shampooing-eclaircissante-au-ca_description-3pt-600x591-copie.jpg\" \/>\n\t<meta property=\"og:image:width\" content=\"600\" \/>\n\t<meta property=\"og:image:height\" content=\"591\" \/>\n\t<meta property=\"og:image:type\" content=\"image\/jpeg\" \/>\n<meta name=\"twitter:card\" content=\"summary_large_image\" \/>\n<meta name=\"twitter:label1\" content=\"Tempo di lettura stimato\" \/>\n\t<meta name=\"twitter:data1\" content=\"2 minuti\" \/>\n<script type=\"application\/ld+json\" class=\"yoast-schema-graph\">{\"@context\":\"https:\/\/schema.org\",\"@graph\":[{\"@type\":\"WebPage\",\"@id\":\"https:\/\/www.safinel.fr\/produit\/shampoing-solide-nourrissant-a-lhuile-dargan-et-a-lhuile-de-chanvre-65g\/\",\"url\":\"https:\/\/www.safinel.fr\/produit\/shampoing-solide-nourrissant-a-lhuile-dargan-et-a-lhuile-de-chanvre-65g\/\",\"name\":\"Shampoing solide nourrissant \u00e0 l'huile d'argan et \u00e0 l'huile de chanvre 65g - Safinel\",\"isPartOf\":{\"@id\":\"https:\/\/www.safinel.fr\/#website\"},\"primaryImageOfPage\":{\"@id\":\"https:\/\/www.safinel.fr\/produit\/shampoing-solide-nourrissant-a-lhuile-dargan-et-a-lhuile-de-chanvre-65g\/#primaryimage\"},\"image\":{\"@id\":\"https:\/\/www.safinel.fr\/produit\/shampoing-solide-nourrissant-a-lhuile-dargan-et-a-lhuile-de-chanvre-65g\/#primaryimage\"},\"thumbnailUrl\":\"https:\/\/www.safinel.fr\/wp-content\/uploads\/2021\/07\/barre-de-shampooing-eclaircissante-au-ca_description-3pt-600x591-copie.jpg\",\"datePublished\":\"2021-07-24T18:58:59+00:00\",\"dateModified\":\"2024-01-01T18:13:41+00:00\",\"breadcrumb\":{\"@id\":\"https:\/\/www.safinel.fr\/produit\/shampoing-solide-nourrissant-a-lhuile-dargan-et-a-lhuile-de-chanvre-65g\/#breadcrumb\"},\"inLanguage\":\"it-IT\",\"potentialAction\":[{\"@type\":\"ReadAction\",\"target\":[\"https:\/\/www.safinel.fr\/produit\/shampoing-solide-nourrissant-a-lhuile-dargan-et-a-lhuile-de-chanvre-65g\/\"]}]},{\"@type\":\"ImageObject\",\"inLanguage\":\"it-IT\",\"@id\":\"https:\/\/www.safinel.fr\/produit\/shampoing-solide-nourrissant-a-lhuile-dargan-et-a-lhuile-de-chanvre-65g\/#primaryimage\",\"url\":\"https:\/\/www.safinel.fr\/wp-content\/uploads\/2021\/07\/barre-de-shampooing-eclaircissante-au-ca_description-3pt-600x591-copie.jpg\",\"contentUrl\":\"https:\/\/www.safinel.fr\/wp-content\/uploads\/2021\/07\/barre-de-shampooing-eclaircissante-au-ca_description-3pt-600x591-copie.jpg\",\"width\":600,\"height\":591},{\"@type\":\"BreadcrumbList\",\"@id\":\"https:\/\/www.safinel.fr\/produit\/shampoing-solide-nourrissant-a-lhuile-dargan-et-a-lhuile-de-chanvre-65g\/#breadcrumb\",\"itemListElement\":[{\"@type\":\"ListItem\",\"position\":1,\"name\":\"Accueil\",\"item\":\"https:\/\/www.safinel.fr\/\"},{\"@type\":\"ListItem\",\"position\":2,\"name\":\"Boutique\",\"item\":\"https:\/\/www.safinel.fr\/boutique\/\"},{\"@type\":\"ListItem\",\"position\":3,\"name\":\"Shampoing solide nourrissant \u00e0 l&#8217;huile d&#8217;argan et \u00e0 l&#8217;huile de chanvre 65g\"}]},{\"@type\":\"WebSite\",\"@id\":\"https:\/\/www.safinel.fr\/#website\",\"url\":\"https:\/\/www.safinel.fr\/\",\"name\":\"Safinel\",\"description\":\"\",\"publisher\":{\"@id\":\"https:\/\/www.safinel.fr\/#organization\"},\"potentialAction\":[{\"@type\":\"SearchAction\",\"target\":{\"@type\":\"EntryPoint\",\"urlTemplate\":\"https:\/\/www.safinel.fr\/?s={search_term_string}\"},\"query-input\":{\"@type\":\"PropertyValueSpecification\",\"valueRequired\":true,\"valueName\":\"search_term_string\"}}],\"inLanguage\":\"it-IT\"},{\"@type\":\"Organization\",\"@id\":\"https:\/\/www.safinel.fr\/#organization\",\"name\":\"Safinel\",\"url\":\"https:\/\/www.safinel.fr\/\",\"logo\":{\"@type\":\"ImageObject\",\"inLanguage\":\"it-IT\",\"@id\":\"https:\/\/www.safinel.fr\/#\/schema\/logo\/image\/\",\"url\":\"https:\/\/www.safinel.fr\/wp-content\/uploads\/2021\/05\/boutique-cosmetique.png\",\"contentUrl\":\"https:\/\/www.safinel.fr\/wp-content\/uploads\/2021\/05\/boutique-cosmetique.png\",\"width\":800,\"height\":200,\"caption\":\"Safinel\"},\"image\":{\"@id\":\"https:\/\/www.safinel.fr\/#\/schema\/logo\/image\/\"}}]}<\/script>\n<!-- \/ Yoast SEO plugin. -->","yoast_head_json":{"title":"Shampoo solido nutriente con olio di argan e olio di canapa 65g - Safinel","robots":{"index":"index","follow":"follow","max-snippet":"max-snippet:-1","max-image-preview":"max-image-preview:large","max-video-preview":"max-video-preview:-1"},"canonical":"https:\/\/www.safinel.fr\/it\/prodotto\/shampoo-solido-nutriente-con-olio-di-dargan-e-olio-di-canapa-65g\/","og_locale":"it_IT","og_type":"article","og_title":"Shampoing solide nourrissant \u00e0 l'huile d'argan et \u00e0 l'huile de chanvre 65g - Safinel","og_description":"Ce petit galet est un v\u00e9ritable must have pour le soin de vos cheveux. Et pourtant, nombreux d\u2019entre vous ne connaissent pas encore son existence !\u00a0Ne vous fiez pas \u00e0 sa petite taille, le shampoing naturel solide poss\u00e8de bien plus d\u2019avantages que vous ne le pensez.\u00a0Focus sur votre nouvel alli\u00e9 de beaut\u00e9, le shampoing solide [...]","og_url":"https:\/\/www.safinel.fr\/it\/prodotto\/shampoo-solido-nutriente-con-olio-di-dargan-e-olio-di-canapa-65g\/","og_site_name":"Safinel","article_modified_time":"2024-01-01T18:13:41+00:00","og_image":[{"width":600,"height":591,"url":"https:\/\/www.safinel.fr\/wp-content\/uploads\/2021\/07\/barre-de-shampooing-eclaircissante-au-ca_description-3pt-600x591-copie.jpg","type":"image\/jpeg"}],"twitter_card":"summary_large_image","twitter_misc":{"Tempo di lettura stimato":"2 minuti"},"schema":{"@context":"https:\/\/schema.org","@graph":[{"@type":"WebPage","@id":"https:\/\/www.safinel.fr\/produit\/shampoing-solide-nourrissant-a-lhuile-dargan-et-a-lhuile-de-chanvre-65g\/","url":"https:\/\/www.safinel.fr\/produit\/shampoing-solide-nourrissant-a-lhuile-dargan-et-a-lhuile-de-chanvre-65g\/","name":"Shampoo solido nutriente con olio di argan e olio di canapa 65g - Safinel","isPartOf":{"@id":"https:\/\/www.safinel.fr\/#website"},"primaryImageOfPage":{"@id":"https:\/\/www.safinel.fr\/produit\/shampoing-solide-nourrissant-a-lhuile-dargan-et-a-lhuile-de-chanvre-65g\/#primaryimage"},"image":{"@id":"https:\/\/www.safinel.fr\/produit\/shampoing-solide-nourrissant-a-lhuile-dargan-et-a-lhuile-de-chanvre-65g\/#primaryimage"},"thumbnailUrl":"https:\/\/www.safinel.fr\/wp-content\/uploads\/2021\/07\/barre-de-shampooing-eclaircissante-au-ca_description-3pt-600x591-copie.jpg","datePublished":"2021-07-24T18:58:59+00:00","dateModified":"2024-01-01T18:13:41+00:00","breadcrumb":{"@id":"https:\/\/www.safinel.fr\/produit\/shampoing-solide-nourrissant-a-lhuile-dargan-et-a-lhuile-de-chanvre-65g\/#breadcrumb"},"inLanguage":"it-IT","potentialAction":[{"@type":"ReadAction","target":["https:\/\/www.safinel.fr\/produit\/shampoing-solide-nourrissant-a-lhuile-dargan-et-a-lhuile-de-chanvre-65g\/"]}]},{"@type":"ImageObject","inLanguage":"it-IT","@id":"https:\/\/www.safinel.fr\/produit\/shampoing-solide-nourrissant-a-lhuile-dargan-et-a-lhuile-de-chanvre-65g\/#primaryimage","url":"https:\/\/www.safinel.fr\/wp-content\/uploads\/2021\/07\/barre-de-shampooing-eclaircissante-au-ca_description-3pt-600x591-copie.jpg","contentUrl":"https:\/\/www.safinel.fr\/wp-content\/uploads\/2021\/07\/barre-de-shampooing-eclaircissante-au-ca_description-3pt-600x591-copie.jpg","width":600,"height":591},{"@type":"BreadcrumbList","@id":"https:\/\/www.safinel.fr\/produit\/shampoing-solide-nourrissant-a-lhuile-dargan-et-a-lhuile-de-chanvre-65g\/#breadcrumb","itemListElement":[{"@type":"ListItem","position":1,"name":"Accueil","item":"https:\/\/www.safinel.fr\/"},{"@type":"ListItem","position":2,"name":"Boutique","item":"https:\/\/www.safinel.fr\/boutique\/"},{"@type":"ListItem","position":3,"name":"Shampoing solide nourrissant \u00e0 l&#8217;huile d&#8217;argan et \u00e0 l&#8217;huile de chanvre 65g"}]},{"@type":"WebSite","@id":"https:\/\/www.safinel.fr\/#website","url":"https:\/\/www.safinel.fr\/","name":"Safinel","description":"","publisher":{"@id":"https:\/\/www.safinel.fr\/#organization"},"potentialAction":[{"@type":"SearchAction","target":{"@type":"EntryPoint","urlTemplate":"https:\/\/www.safinel.fr\/?s={search_term_string}"},"query-input":{"@type":"PropertyValueSpecification","valueRequired":true,"valueName":"search_term_string"}}],"inLanguage":"it-IT"},{"@type":"Organization","@id":"https:\/\/www.safinel.fr\/#organization","name":"Safinel","url":"https:\/\/www.safinel.fr\/","logo":{"@type":"ImageObject","inLanguage":"it-IT","@id":"https:\/\/www.safinel.fr\/#\/schema\/logo\/image\/","url":"https:\/\/www.safinel.fr\/wp-content\/uploads\/2021\/05\/boutique-cosmetique.png","contentUrl":"https:\/\/www.safinel.fr\/wp-content\/uploads\/2021\/05\/boutique-cosmetique.png","width":800,"height":200,"caption":"Safinel"},"image":{"@id":"https:\/\/www.safinel.fr\/#\/schema\/logo\/image\/"}}]}},"_links":{"self":[{"href":"https:\/\/www.safinel.fr\/it\/wp-json\/wp\/v2\/product\/269","targetHints":{"allow":["GET"]}}],"collection":[{"href":"https:\/\/www.safinel.fr\/it\/wp-json\/wp\/v2\/product"}],"about":[{"href":"https:\/\/www.safinel.fr\/it\/wp-json\/wp\/v2\/types\/product"}],"wp:featuredmedia":[{"embeddable":true,"href":"https:\/\/www.safinel.fr\/it\/wp-json\/wp\/v2\/media\/304"}],"wp:attachment":[{"href":"https:\/\/www.safinel.fr\/it\/wp-json\/wp\/v2\/media?parent=269"}],"wp:term":[{"taxonomy":"product_brand","embeddable":true,"href":"https:\/\/www.safinel.fr\/it\/wp-json\/wp\/v2\/product_brand?post=269"},{"taxonomy":"product_cat","embeddable":true,"href":"https:\/\/www.safinel.fr\/it\/wp-json\/wp\/v2\/product_cat?post=269"},{"taxonomy":"product_tag","embeddable":true,"href":"https:\/\/www.safinel.fr\/it\/wp-json\/wp\/v2\/product_tag?post=269"}],"curies":[{"name":"wp","href":"https:\/\/api.w.org\/{rel}","templated":true}]}}