{"id":2688,"date":"2022-09-11T10:29:45","date_gmt":"2022-09-11T10:29:45","guid":{"rendered":"https:\/\/www.safinel.fr\/?post_type=product&#038;p=2688"},"modified":"2024-03-19T09:57:03","modified_gmt":"2024-03-19T09:57:03","slug":"olio-per-lingrandimento-del-seno","status":"publish","type":"product","link":"https:\/\/www.safinel.fr\/it\/prodotto\/olio-per-lingrandimento-del-seno\/","title":{"rendered":"Olio per l'ingrandimento del seno 100ml"},"content":{"rendered":"<p>Il seno \u00e8 un bene molto importante su cui molte donne fanno affidamento per affermare la propria femminilit\u00e0. Boutique Safinel lo ha capito e propone un'interessante miscela di oli che fanno apparire il seno pi\u00f9 grande. Ecco i diversi componenti di questo olio.<\/p>\n<h2><strong>I diversi oli componenti dell'olio per l'ingrandimento del seno<\/strong><\/h2>\n<p>L'huile forme pulpeuse 50 ml \u00e8 una miscela di tre diversi oli noti per aumentare le dimensioni del seno. Si tratta dell'olio di fieno greco, dell'olio di akpi e dell'olio di kigelia.<\/p>\n<h3><strong>Olio di fieno greco<\/strong><\/h3>\n<p>Ricavato dai semi della pianta di fieno greco, l'olio di fieno greco deriva le sue propriet\u00e0 da questa pianta naturale. \u00c8 ricco di fitoestrogeni, un ormone vegetale che ha la capacit\u00e0 di rendere il seno pi\u00f9 grande e sodo. Oltre a questo ormone, l'olio di fieno greco \u00e8 ricco di proteine e vitamina C.<\/p>\n<h3><strong>Olio Akpi<\/strong><\/h3>\n<div>\u00c8 l'olio estratto dai semi di akpi. L'akpi \u00e8 un ingrediente utilizzato in cucina per addensare le salse e per dare un buon odore grazie al suo forte profumo. \u00c8 anche molto usato in cosmetica per rassodare il seno, grazie alle sue numerose propriet\u00e0. Si tratta di un potente antiossidante che, se mescolato a <a href=\"https:\/\/www.safinel.fr\/it\/prodotto\/burro-di-karite-grezzo-biologico-certificato-100ml\/\"><strong>burro di karit\u00e9<\/strong><\/a>, Non solo rende il seno pi\u00f9 grande, ma rende anche la pelle pi\u00f9 liscia.<\/div>\n<h3><strong>Olio di kigelia<\/strong><\/h3>\n<div>Quest'olio si ricava dalla pianta di kigelia. Si tratta di un albero i cui frutti sono ricchi di principi attivi che gli conferiscono le propriet\u00e0 tonificanti del seno. I suoi principi attivi comprendono flavonoidi, fitosteroli, steroidi e saponine.<\/div>\n<h3><strong>Altri ingredienti dell'olio per l'ingrandimento del seno<\/strong><\/h3>\n<p>Essendo una miscela di oli, Safinel aggiunge un conservante e una vitamina per mantenere tutte le propriet\u00e0 dei diversi oli che la compongono. Si tratta del Cosgard e della vitamina E. Il Cosgard \u00e8 un conservante ampiamente utilizzato nei cosmetici. \u00c8 antimicotico e antibatterico e garantisce la conservazione dei preparati cosmetici proteggendoli dalla crescita di batteri e muffe. La vitamina E \u00e8 un antiossidante che previene l'ossidazione degli oli.<\/p>","protected":false},"excerpt":{"rendered":"<div class=\"product-short-description\">\n<p><strong>Un olio lussurioso per ingrandire il seno e i fianchi<\/strong><\/p>\n<p><strong>Ingredienti:<\/strong><\/p>\n<p>Burro di karit\u00e8 + olio di akpi + olio di kigelia + olio di fieno greco<\/p>\n<\/div>","protected":false},"featured_media":2689,"template":"","meta":[],"product_brand":[],"product_cat":[122,23],"product_tag":[],"class_list":{"0":"post-2688","1":"product","2":"type-product","3":"status-publish","4":"has-post-thumbnail","6":"product_cat-huile-vegetale","7":"product_cat-hygiene-feminine","9":"first","10":"instock","11":"shipping-taxable","12":"purchasable","13":"product-type-simple"},"yoast_head":"<!-- This site is optimized with the Yoast SEO plugin v26.6 - https:\/\/yoast.com\/wordpress\/plugins\/seo\/ -->\n<title>Huile pour grossir des seins I Huile 100% naturelle<\/title>\n<meta name=\"description\" content=\"Les seins repr\u00e9sentent un atout tr\u00e8s important sur lequel les femmes se basent pour affirmer leur f\u00e9minit\u00e9. D\u00e9couvrez l&#039;huile pour grossir des seins.\" \/>\n<meta name=\"robots\" content=\"index, follow, max-snippet:-1, max-image-preview:large, max-video-preview:-1\" \/>\n<link rel=\"canonical\" href=\"https:\/\/www.safinel.fr\/it\/prodotto\/olio-per-lingrandimento-del-seno\/\" \/>\n<meta property=\"og:locale\" content=\"it_IT\" \/>\n<meta property=\"og:type\" content=\"article\" \/>\n<meta property=\"og:title\" content=\"Huile pour grossir des seins I Huile 100% naturelle\" \/>\n<meta property=\"og:description\" content=\"Les seins repr\u00e9sentent un atout tr\u00e8s important sur lequel les femmes se basent pour affirmer leur f\u00e9minit\u00e9. D\u00e9couvrez l&#039;huile pour grossir des seins.\" \/>\n<meta property=\"og:url\" content=\"https:\/\/www.safinel.fr\/it\/prodotto\/olio-per-lingrandimento-del-seno\/\" \/>\n<meta property=\"og:site_name\" content=\"Safinel\" \/>\n<meta property=\"article:modified_time\" content=\"2024-03-19T09:57:03+00:00\" \/>\n<meta property=\"og:image\" content=\"https:\/\/www.safinel.fr\/wp-content\/uploads\/2022\/09\/huile-pour-grossir-des-seins.jpg\" \/>\n\t<meta property=\"og:image:width\" content=\"600\" \/>\n\t<meta property=\"og:image:height\" content=\"600\" \/>\n\t<meta property=\"og:image:type\" content=\"image\/jpeg\" \/>\n<meta name=\"twitter:card\" content=\"summary_large_image\" \/>\n<meta name=\"twitter:label1\" content=\"Tempo di lettura stimato\" \/>\n\t<meta name=\"twitter:data1\" content=\"2 minuti\" \/>\n<script type=\"application\/ld+json\" class=\"yoast-schema-graph\">{\"@context\":\"https:\/\/schema.org\",\"@graph\":[{\"@type\":\"WebPage\",\"@id\":\"https:\/\/www.safinel.fr\/produit\/huile-pour-grossir-des-seins\/\",\"url\":\"https:\/\/www.safinel.fr\/produit\/huile-pour-grossir-des-seins\/\",\"name\":\"Huile pour grossir des seins I Huile 100% naturelle\",\"isPartOf\":{\"@id\":\"https:\/\/www.safinel.fr\/#website\"},\"primaryImageOfPage\":{\"@id\":\"https:\/\/www.safinel.fr\/produit\/huile-pour-grossir-des-seins\/#primaryimage\"},\"image\":{\"@id\":\"https:\/\/www.safinel.fr\/produit\/huile-pour-grossir-des-seins\/#primaryimage\"},\"thumbnailUrl\":\"https:\/\/www.safinel.fr\/wp-content\/uploads\/2022\/09\/huile-pour-grossir-des-seins.jpg\",\"datePublished\":\"2022-09-11T10:29:45+00:00\",\"dateModified\":\"2024-03-19T09:57:03+00:00\",\"description\":\"Les seins repr\u00e9sentent un atout tr\u00e8s important sur lequel les femmes se basent pour affirmer leur f\u00e9minit\u00e9. D\u00e9couvrez l'huile pour grossir des seins.\",\"breadcrumb\":{\"@id\":\"https:\/\/www.safinel.fr\/produit\/huile-pour-grossir-des-seins\/#breadcrumb\"},\"inLanguage\":\"it-IT\",\"potentialAction\":[{\"@type\":\"ReadAction\",\"target\":[\"https:\/\/www.safinel.fr\/produit\/huile-pour-grossir-des-seins\/\"]}]},{\"@type\":\"ImageObject\",\"inLanguage\":\"it-IT\",\"@id\":\"https:\/\/www.safinel.fr\/produit\/huile-pour-grossir-des-seins\/#primaryimage\",\"url\":\"https:\/\/www.safinel.fr\/wp-content\/uploads\/2022\/09\/huile-pour-grossir-des-seins.jpg\",\"contentUrl\":\"https:\/\/www.safinel.fr\/wp-content\/uploads\/2022\/09\/huile-pour-grossir-des-seins.jpg\",\"width\":600,\"height\":600,\"caption\":\"Huile pour grossir des seins\"},{\"@type\":\"BreadcrumbList\",\"@id\":\"https:\/\/www.safinel.fr\/produit\/huile-pour-grossir-des-seins\/#breadcrumb\",\"itemListElement\":[{\"@type\":\"ListItem\",\"position\":1,\"name\":\"Accueil\",\"item\":\"https:\/\/www.safinel.fr\/\"},{\"@type\":\"ListItem\",\"position\":2,\"name\":\"Boutique\",\"item\":\"https:\/\/www.safinel.fr\/boutique\/\"},{\"@type\":\"ListItem\",\"position\":3,\"name\":\"Huile pour grossir des seins 100ml\"}]},{\"@type\":\"WebSite\",\"@id\":\"https:\/\/www.safinel.fr\/#website\",\"url\":\"https:\/\/www.safinel.fr\/\",\"name\":\"Safinel\",\"description\":\"\",\"publisher\":{\"@id\":\"https:\/\/www.safinel.fr\/#organization\"},\"potentialAction\":[{\"@type\":\"SearchAction\",\"target\":{\"@type\":\"EntryPoint\",\"urlTemplate\":\"https:\/\/www.safinel.fr\/?s={search_term_string}\"},\"query-input\":{\"@type\":\"PropertyValueSpecification\",\"valueRequired\":true,\"valueName\":\"search_term_string\"}}],\"inLanguage\":\"it-IT\"},{\"@type\":\"Organization\",\"@id\":\"https:\/\/www.safinel.fr\/#organization\",\"name\":\"Safinel\",\"url\":\"https:\/\/www.safinel.fr\/\",\"logo\":{\"@type\":\"ImageObject\",\"inLanguage\":\"it-IT\",\"@id\":\"https:\/\/www.safinel.fr\/#\/schema\/logo\/image\/\",\"url\":\"https:\/\/www.safinel.fr\/wp-content\/uploads\/2021\/05\/boutique-cosmetique.png\",\"contentUrl\":\"https:\/\/www.safinel.fr\/wp-content\/uploads\/2021\/05\/boutique-cosmetique.png\",\"width\":800,\"height\":200,\"caption\":\"Safinel\"},\"image\":{\"@id\":\"https:\/\/www.safinel.fr\/#\/schema\/logo\/image\/\"}}]}<\/script>\n<!-- \/ Yoast SEO plugin. -->","yoast_head_json":{"title":"Olio per l'ingrandimento del seno I Olio naturale 100%","description":"Il seno \u00e8 un bene molto importante su cui le donne fanno affidamento per affermare la propria femminilit\u00e0. Per saperne di pi\u00f9 sull'olio per l'ingrandimento del seno.","robots":{"index":"index","follow":"follow","max-snippet":"max-snippet:-1","max-image-preview":"max-image-preview:large","max-video-preview":"max-video-preview:-1"},"canonical":"https:\/\/www.safinel.fr\/it\/prodotto\/olio-per-lingrandimento-del-seno\/","og_locale":"it_IT","og_type":"article","og_title":"Huile pour grossir des seins I Huile 100% naturelle","og_description":"Les seins repr\u00e9sentent un atout tr\u00e8s important sur lequel les femmes se basent pour affirmer leur f\u00e9minit\u00e9. D\u00e9couvrez l'huile pour grossir des seins.","og_url":"https:\/\/www.safinel.fr\/it\/prodotto\/olio-per-lingrandimento-del-seno\/","og_site_name":"Safinel","article_modified_time":"2024-03-19T09:57:03+00:00","og_image":[{"width":600,"height":600,"url":"https:\/\/www.safinel.fr\/wp-content\/uploads\/2022\/09\/huile-pour-grossir-des-seins.jpg","type":"image\/jpeg"}],"twitter_card":"summary_large_image","twitter_misc":{"Tempo di lettura stimato":"2 minuti"},"schema":{"@context":"https:\/\/schema.org","@graph":[{"@type":"WebPage","@id":"https:\/\/www.safinel.fr\/produit\/huile-pour-grossir-des-seins\/","url":"https:\/\/www.safinel.fr\/produit\/huile-pour-grossir-des-seins\/","name":"Olio per l'ingrandimento del seno I Olio naturale 100%","isPartOf":{"@id":"https:\/\/www.safinel.fr\/#website"},"primaryImageOfPage":{"@id":"https:\/\/www.safinel.fr\/produit\/huile-pour-grossir-des-seins\/#primaryimage"},"image":{"@id":"https:\/\/www.safinel.fr\/produit\/huile-pour-grossir-des-seins\/#primaryimage"},"thumbnailUrl":"https:\/\/www.safinel.fr\/wp-content\/uploads\/2022\/09\/huile-pour-grossir-des-seins.jpg","datePublished":"2022-09-11T10:29:45+00:00","dateModified":"2024-03-19T09:57:03+00:00","description":"Il seno \u00e8 un bene molto importante su cui le donne fanno affidamento per affermare la propria femminilit\u00e0. Per saperne di pi\u00f9 sull'olio per l'ingrandimento del seno.","breadcrumb":{"@id":"https:\/\/www.safinel.fr\/produit\/huile-pour-grossir-des-seins\/#breadcrumb"},"inLanguage":"it-IT","potentialAction":[{"@type":"ReadAction","target":["https:\/\/www.safinel.fr\/produit\/huile-pour-grossir-des-seins\/"]}]},{"@type":"ImageObject","inLanguage":"it-IT","@id":"https:\/\/www.safinel.fr\/produit\/huile-pour-grossir-des-seins\/#primaryimage","url":"https:\/\/www.safinel.fr\/wp-content\/uploads\/2022\/09\/huile-pour-grossir-des-seins.jpg","contentUrl":"https:\/\/www.safinel.fr\/wp-content\/uploads\/2022\/09\/huile-pour-grossir-des-seins.jpg","width":600,"height":600,"caption":"Huile pour grossir des seins"},{"@type":"BreadcrumbList","@id":"https:\/\/www.safinel.fr\/produit\/huile-pour-grossir-des-seins\/#breadcrumb","itemListElement":[{"@type":"ListItem","position":1,"name":"Accueil","item":"https:\/\/www.safinel.fr\/"},{"@type":"ListItem","position":2,"name":"Boutique","item":"https:\/\/www.safinel.fr\/boutique\/"},{"@type":"ListItem","position":3,"name":"Huile pour grossir des seins 100ml"}]},{"@type":"WebSite","@id":"https:\/\/www.safinel.fr\/#website","url":"https:\/\/www.safinel.fr\/","name":"Safinel","description":"","publisher":{"@id":"https:\/\/www.safinel.fr\/#organization"},"potentialAction":[{"@type":"SearchAction","target":{"@type":"EntryPoint","urlTemplate":"https:\/\/www.safinel.fr\/?s={search_term_string}"},"query-input":{"@type":"PropertyValueSpecification","valueRequired":true,"valueName":"search_term_string"}}],"inLanguage":"it-IT"},{"@type":"Organization","@id":"https:\/\/www.safinel.fr\/#organization","name":"Safinel","url":"https:\/\/www.safinel.fr\/","logo":{"@type":"ImageObject","inLanguage":"it-IT","@id":"https:\/\/www.safinel.fr\/#\/schema\/logo\/image\/","url":"https:\/\/www.safinel.fr\/wp-content\/uploads\/2021\/05\/boutique-cosmetique.png","contentUrl":"https:\/\/www.safinel.fr\/wp-content\/uploads\/2021\/05\/boutique-cosmetique.png","width":800,"height":200,"caption":"Safinel"},"image":{"@id":"https:\/\/www.safinel.fr\/#\/schema\/logo\/image\/"}}]}},"_links":{"self":[{"href":"https:\/\/www.safinel.fr\/it\/wp-json\/wp\/v2\/product\/2688","targetHints":{"allow":["GET"]}}],"collection":[{"href":"https:\/\/www.safinel.fr\/it\/wp-json\/wp\/v2\/product"}],"about":[{"href":"https:\/\/www.safinel.fr\/it\/wp-json\/wp\/v2\/types\/product"}],"wp:featuredmedia":[{"embeddable":true,"href":"https:\/\/www.safinel.fr\/it\/wp-json\/wp\/v2\/media\/2689"}],"wp:attachment":[{"href":"https:\/\/www.safinel.fr\/it\/wp-json\/wp\/v2\/media?parent=2688"}],"wp:term":[{"taxonomy":"product_brand","embeddable":true,"href":"https:\/\/www.safinel.fr\/it\/wp-json\/wp\/v2\/product_brand?post=2688"},{"taxonomy":"product_cat","embeddable":true,"href":"https:\/\/www.safinel.fr\/it\/wp-json\/wp\/v2\/product_cat?post=2688"},{"taxonomy":"product_tag","embeddable":true,"href":"https:\/\/www.safinel.fr\/it\/wp-json\/wp\/v2\/product_tag?post=2688"}],"curies":[{"name":"wp","href":"https:\/\/api.w.org\/{rel}","templated":true}]}}