{"id":268,"date":"2021-07-24T18:58:59","date_gmt":"2021-07-24T18:58:59","guid":{"rendered":"https:\/\/www.safinel.fr\/?post_type=product&#038;p=268"},"modified":"2023-12-30T13:54:04","modified_gmt":"2023-12-30T13:54:04","slug":"shampoo-solido-antinfiammatorio-allacqua-di-rose-per-capelli-lunghi-e-ricci-75g","status":"publish","type":"product","link":"https:\/\/www.safinel.fr\/it\/prodotto\/shampoo-solido-antinfiammatorio-allacqua-di-rose-per-capelli-lunghi-e-ricci-75g\/","title":{"rendered":"Shampoo solido antinfiammatorio all'acqua di rose (capelli ricci e lunghi) 75g"},"content":{"rendered":"<p>I capelli lunghi e ricci possono essere bellissimi, ma hanno i loro svantaggi quando si tratta di manutenzione. Ma noi di D\u00e9odorant Naturel pensiamo a tutti. Il vostro negozio online naturale ha selezionato con cura un'intera gamma di prodotti per voi. <b>gamma di shampoo solidi.<span class=\"Apple-converted-space\">\u00a0<\/span><\/b>Le <b>shampoo solido antinfiammatorio all'acqua di rosa <\/b>\u00e8 specificamente progettato per i capelli lunghi e ricci!<span class=\"Apple-converted-space\">\u00a0<\/span><\/p>\n<h2><b>Shampoo solido antinfiammatorio per capelli sani<span class=\"Apple-converted-space\">\u00a0<\/span><\/b><\/h2>\n<p>Questo <b>barretta di shampoo solido<\/b> \u00e8 un ciottolo rotondo. La sua composizione sapientemente lavorata \u00e8 un vero tesoro per il cuoio capelluto irritato. Uno dei suoi ingredienti principali \u00e8 la delicata acqua di rose. Questo idrosol \u00e8 noto per le sue <b>Lenisce arrossamenti e irritazioni<\/b>. Ha anche<b> benefici antinfiammatori<\/b> e <b>stimola la circolazione del cuoio capelluto<\/b>. Il che tende a migliorare la crescita dei capelli!<span class=\"Apple-converted-space\">\u00a0<\/span><\/p>\n<p>Inoltre, potrete godere di<b> Azione anti-crespo<\/b> che le nostre teste ricce ameranno. Questo shampoo solido \u00e8 un <b>antiforfora<\/b> che deterge delicatamente il cuoio capelluto. Grazie al burro di karit\u00e9, i vostri capelli saranno<b> profondamente idratata e nutrita.<span class=\"Apple-converted-space\">\u00a0<\/span><\/b><\/p>\n<p>Ricci definiti e capelli sani con questo prodotto <b>shampoo a rifiuti zero!<span class=\"Apple-converted-space\">\u00a0<\/span><\/b><\/p>\n<p><b>Ingredienti:<\/b> <i><a href=\"https:\/\/www.aroma-zone.com\/info\/fiche-technique\/emulsifiant-btms-aroma-zone\" target=\"_blank\" rel=\"noopener\"><strong>Metosolfato (BTMS),<\/strong><\/a> alcool cetearilico, burro di karit\u00e9 naturale biologico, olio di jojoba biologico, olio di noce biologico, olio di oliva.<\/i>\u2019<i>oliva, <a href=\"https:\/\/www.encens-store.fr\/produit\/huile-essentielle-maison-rose-musk\/\" target=\"_blank\" rel=\"noopener\"><strong>olio essenziale di rosa<\/strong><\/a><\/i><\/p>\n<h3><b>I nostri consigli per l'uso<span class=\"Apple-converted-space\">\u00a0<\/span><\/b><\/h3>\n<p>Ecco alcuni consigli per l'utilizzo di questo shampoo solido naturale alla rosa:<span class=\"Apple-converted-space\">\u00a0<\/span><\/p>\n<ol>\n<li>Bagnare la barra di sapone; ;<span class=\"Apple-converted-space\">\u00a0<\/span><\/li>\n<li>Formare una schiuma tra le mani e raccogliere la schiuma; ;<span class=\"Apple-converted-space\">\u00a0<\/span><\/li>\n<li>Iniziare a massaggiare le radici del cuoio capelluto, terminando con le radici; ;<span class=\"Apple-converted-space\">\u00a0<\/span><\/li>\n<li>Risciacquare accuratamente con acqua pulita; ;<span class=\"Apple-converted-space\">\u00a0<\/span><\/li>\n<\/ol>\n<p>Per idratare intensamente i capelli, potete iniziare con un trattamento per capelli! Applicare <a href=\"https:\/\/www.deodorant-naturel.com\/produit\/beurre-vegetale-de-karite-brut-certifiee-bio-100ml\/\"><b>burro di karit\u00e9<\/b><\/a> su tutti i capelli, concentrandosi sulle punte. Lasciare in posa per qualche ora. Infine, utilizzate il vostro shampoo solido naturale!<span class=\"Apple-converted-space\">\u00a0<\/span><\/p>\n<h3><b>Conservazione<span class=\"Apple-converted-space\">\u00a0shampoo solido all'acqua di rose<\/span><\/b><\/h3>\n<p>Lasciate lo shampoo solido su un portasapone, assicurandovi che l'acqua non ristagni.<span class=\"Apple-converted-space\">\u00a0<\/span><\/p>","protected":false},"excerpt":{"rendered":"<p>Les cheveux longs et boucl\u00e9s, bien que magnifiques, ont leur lot d\u2019inconv\u00e9nients en terme d\u2019entretien. Mais chez D\u00e9odorant Naturel, on pense \u00e0 tout le monde. Votre boutique naturelle en ligne a donc soigneusement s\u00e9lectionn\u00e9 toute une gamme de shampoings solides.\u00a0Le shampoing solide anti-inflammatoire \u00e0 l\u2019eau de rose est sp\u00e9cifiquement adapt\u00e9 pour les cheveux longs et [&#8230;]","protected":false},"featured_media":303,"template":"","meta":[],"product_brand":[],"product_cat":[34,36],"product_tag":[],"class_list":{"0":"post-268","1":"product","2":"type-product","3":"status-publish","4":"has-post-thumbnail","6":"product_cat-hygiene","7":"product_cat-shampoing-solide","9":"first","10":"outofstock","11":"shipping-taxable","12":"purchasable","13":"product-type-simple"},"yoast_head":"<!-- This site is optimized with the Yoast SEO plugin v26.6 - https:\/\/yoast.com\/wordpress\/plugins\/seo\/ -->\n<title>Shampoing solide anti-inflammatoire a l&#039;eau de rose (cheveux boucl\u00e9s et longs) 75g - Safinel<\/title>\n<meta name=\"robots\" content=\"index, follow, max-snippet:-1, max-image-preview:large, max-video-preview:-1\" \/>\n<link rel=\"canonical\" href=\"https:\/\/www.safinel.fr\/it\/prodotto\/shampoo-solido-antinfiammatorio-allacqua-di-rose-per-capelli-lunghi-e-ricci-75g\/\" \/>\n<meta property=\"og:locale\" content=\"it_IT\" \/>\n<meta property=\"og:type\" content=\"article\" \/>\n<meta property=\"og:title\" content=\"Shampoing solide anti-inflammatoire a l&#039;eau de rose (cheveux boucl\u00e9s et longs) 75g - Safinel\" \/>\n<meta property=\"og:description\" content=\"Les cheveux longs et boucl\u00e9s, bien que magnifiques, ont leur lot d\u2019inconv\u00e9nients en terme d\u2019entretien. Mais chez D\u00e9odorant Naturel, on pense \u00e0 tout le monde. Votre boutique naturelle en ligne a donc soigneusement s\u00e9lectionn\u00e9 toute une gamme de shampoings solides.\u00a0Le shampoing solide anti-inflammatoire \u00e0 l\u2019eau de rose est sp\u00e9cifiquement adapt\u00e9 pour les cheveux longs et [...]\" \/>\n<meta property=\"og:url\" content=\"https:\/\/www.safinel.fr\/it\/prodotto\/shampoo-solido-antinfiammatorio-allacqua-di-rose-per-capelli-lunghi-e-ricci-75g\/\" \/>\n<meta property=\"og:site_name\" content=\"Safinel\" \/>\n<meta property=\"article:modified_time\" content=\"2023-12-30T13:54:04+00:00\" \/>\n<meta property=\"og:image\" content=\"https:\/\/www.safinel.fr\/wp-content\/uploads\/2021\/07\/df.jpg\" \/>\n\t<meta property=\"og:image:width\" content=\"800\" \/>\n\t<meta property=\"og:image:height\" content=\"800\" \/>\n\t<meta property=\"og:image:type\" content=\"image\/jpeg\" \/>\n<meta name=\"twitter:card\" content=\"summary_large_image\" \/>\n<meta name=\"twitter:label1\" content=\"Tempo di lettura stimato\" \/>\n\t<meta name=\"twitter:data1\" content=\"2 minuti\" \/>\n<script type=\"application\/ld+json\" class=\"yoast-schema-graph\">{\"@context\":\"https:\/\/schema.org\",\"@graph\":[{\"@type\":\"WebPage\",\"@id\":\"https:\/\/www.safinel.fr\/produit\/shampoing-solide-anti-inflammatoire-a-leau-de-rose-cheveux-boucles-et-longs-75g\/\",\"url\":\"https:\/\/www.safinel.fr\/produit\/shampoing-solide-anti-inflammatoire-a-leau-de-rose-cheveux-boucles-et-longs-75g\/\",\"name\":\"Shampoing solide anti-inflammatoire a l'eau de rose (cheveux boucl\u00e9s et longs) 75g - Safinel\",\"isPartOf\":{\"@id\":\"https:\/\/www.safinel.fr\/#website\"},\"primaryImageOfPage\":{\"@id\":\"https:\/\/www.safinel.fr\/produit\/shampoing-solide-anti-inflammatoire-a-leau-de-rose-cheveux-boucles-et-longs-75g\/#primaryimage\"},\"image\":{\"@id\":\"https:\/\/www.safinel.fr\/produit\/shampoing-solide-anti-inflammatoire-a-leau-de-rose-cheveux-boucles-et-longs-75g\/#primaryimage\"},\"thumbnailUrl\":\"https:\/\/www.safinel.fr\/wp-content\/uploads\/2021\/07\/df.jpg\",\"datePublished\":\"2021-07-24T18:58:59+00:00\",\"dateModified\":\"2023-12-30T13:54:04+00:00\",\"breadcrumb\":{\"@id\":\"https:\/\/www.safinel.fr\/produit\/shampoing-solide-anti-inflammatoire-a-leau-de-rose-cheveux-boucles-et-longs-75g\/#breadcrumb\"},\"inLanguage\":\"it-IT\",\"potentialAction\":[{\"@type\":\"ReadAction\",\"target\":[\"https:\/\/www.safinel.fr\/produit\/shampoing-solide-anti-inflammatoire-a-leau-de-rose-cheveux-boucles-et-longs-75g\/\"]}]},{\"@type\":\"ImageObject\",\"inLanguage\":\"it-IT\",\"@id\":\"https:\/\/www.safinel.fr\/produit\/shampoing-solide-anti-inflammatoire-a-leau-de-rose-cheveux-boucles-et-longs-75g\/#primaryimage\",\"url\":\"https:\/\/www.safinel.fr\/wp-content\/uploads\/2021\/07\/df.jpg\",\"contentUrl\":\"https:\/\/www.safinel.fr\/wp-content\/uploads\/2021\/07\/df.jpg\",\"width\":800,\"height\":800},{\"@type\":\"BreadcrumbList\",\"@id\":\"https:\/\/www.safinel.fr\/produit\/shampoing-solide-anti-inflammatoire-a-leau-de-rose-cheveux-boucles-et-longs-75g\/#breadcrumb\",\"itemListElement\":[{\"@type\":\"ListItem\",\"position\":1,\"name\":\"Accueil\",\"item\":\"https:\/\/www.safinel.fr\/\"},{\"@type\":\"ListItem\",\"position\":2,\"name\":\"Boutique\",\"item\":\"https:\/\/www.safinel.fr\/boutique\/\"},{\"@type\":\"ListItem\",\"position\":3,\"name\":\"Shampoing solide anti-inflammatoire a l&#8217;eau de rose (cheveux boucl\u00e9s et longs) 75g\"}]},{\"@type\":\"WebSite\",\"@id\":\"https:\/\/www.safinel.fr\/#website\",\"url\":\"https:\/\/www.safinel.fr\/\",\"name\":\"Safinel\",\"description\":\"\",\"publisher\":{\"@id\":\"https:\/\/www.safinel.fr\/#organization\"},\"potentialAction\":[{\"@type\":\"SearchAction\",\"target\":{\"@type\":\"EntryPoint\",\"urlTemplate\":\"https:\/\/www.safinel.fr\/?s={search_term_string}\"},\"query-input\":{\"@type\":\"PropertyValueSpecification\",\"valueRequired\":true,\"valueName\":\"search_term_string\"}}],\"inLanguage\":\"it-IT\"},{\"@type\":\"Organization\",\"@id\":\"https:\/\/www.safinel.fr\/#organization\",\"name\":\"Safinel\",\"url\":\"https:\/\/www.safinel.fr\/\",\"logo\":{\"@type\":\"ImageObject\",\"inLanguage\":\"it-IT\",\"@id\":\"https:\/\/www.safinel.fr\/#\/schema\/logo\/image\/\",\"url\":\"https:\/\/www.safinel.fr\/wp-content\/uploads\/2021\/05\/boutique-cosmetique.png\",\"contentUrl\":\"https:\/\/www.safinel.fr\/wp-content\/uploads\/2021\/05\/boutique-cosmetique.png\",\"width\":800,\"height\":200,\"caption\":\"Safinel\"},\"image\":{\"@id\":\"https:\/\/www.safinel.fr\/#\/schema\/logo\/image\/\"}}]}<\/script>\n<!-- \/ Yoast SEO plugin. -->","yoast_head_json":{"title":"Shampoo solido antinfiammatorio all'acqua di rose (capelli ricci e lunghi) 75g - Safinel","robots":{"index":"index","follow":"follow","max-snippet":"max-snippet:-1","max-image-preview":"max-image-preview:large","max-video-preview":"max-video-preview:-1"},"canonical":"https:\/\/www.safinel.fr\/it\/prodotto\/shampoo-solido-antinfiammatorio-allacqua-di-rose-per-capelli-lunghi-e-ricci-75g\/","og_locale":"it_IT","og_type":"article","og_title":"Shampoing solide anti-inflammatoire a l'eau de rose (cheveux boucl\u00e9s et longs) 75g - Safinel","og_description":"Les cheveux longs et boucl\u00e9s, bien que magnifiques, ont leur lot d\u2019inconv\u00e9nients en terme d\u2019entretien. Mais chez D\u00e9odorant Naturel, on pense \u00e0 tout le monde. Votre boutique naturelle en ligne a donc soigneusement s\u00e9lectionn\u00e9 toute une gamme de shampoings solides.\u00a0Le shampoing solide anti-inflammatoire \u00e0 l\u2019eau de rose est sp\u00e9cifiquement adapt\u00e9 pour les cheveux longs et [...]","og_url":"https:\/\/www.safinel.fr\/it\/prodotto\/shampoo-solido-antinfiammatorio-allacqua-di-rose-per-capelli-lunghi-e-ricci-75g\/","og_site_name":"Safinel","article_modified_time":"2023-12-30T13:54:04+00:00","og_image":[{"width":800,"height":800,"url":"https:\/\/www.safinel.fr\/wp-content\/uploads\/2021\/07\/df.jpg","type":"image\/jpeg"}],"twitter_card":"summary_large_image","twitter_misc":{"Tempo di lettura stimato":"2 minuti"},"schema":{"@context":"https:\/\/schema.org","@graph":[{"@type":"WebPage","@id":"https:\/\/www.safinel.fr\/produit\/shampoing-solide-anti-inflammatoire-a-leau-de-rose-cheveux-boucles-et-longs-75g\/","url":"https:\/\/www.safinel.fr\/produit\/shampoing-solide-anti-inflammatoire-a-leau-de-rose-cheveux-boucles-et-longs-75g\/","name":"Shampoo solido antinfiammatorio all'acqua di rose (capelli ricci e lunghi) 75g - Safinel","isPartOf":{"@id":"https:\/\/www.safinel.fr\/#website"},"primaryImageOfPage":{"@id":"https:\/\/www.safinel.fr\/produit\/shampoing-solide-anti-inflammatoire-a-leau-de-rose-cheveux-boucles-et-longs-75g\/#primaryimage"},"image":{"@id":"https:\/\/www.safinel.fr\/produit\/shampoing-solide-anti-inflammatoire-a-leau-de-rose-cheveux-boucles-et-longs-75g\/#primaryimage"},"thumbnailUrl":"https:\/\/www.safinel.fr\/wp-content\/uploads\/2021\/07\/df.jpg","datePublished":"2021-07-24T18:58:59+00:00","dateModified":"2023-12-30T13:54:04+00:00","breadcrumb":{"@id":"https:\/\/www.safinel.fr\/produit\/shampoing-solide-anti-inflammatoire-a-leau-de-rose-cheveux-boucles-et-longs-75g\/#breadcrumb"},"inLanguage":"it-IT","potentialAction":[{"@type":"ReadAction","target":["https:\/\/www.safinel.fr\/produit\/shampoing-solide-anti-inflammatoire-a-leau-de-rose-cheveux-boucles-et-longs-75g\/"]}]},{"@type":"ImageObject","inLanguage":"it-IT","@id":"https:\/\/www.safinel.fr\/produit\/shampoing-solide-anti-inflammatoire-a-leau-de-rose-cheveux-boucles-et-longs-75g\/#primaryimage","url":"https:\/\/www.safinel.fr\/wp-content\/uploads\/2021\/07\/df.jpg","contentUrl":"https:\/\/www.safinel.fr\/wp-content\/uploads\/2021\/07\/df.jpg","width":800,"height":800},{"@type":"BreadcrumbList","@id":"https:\/\/www.safinel.fr\/produit\/shampoing-solide-anti-inflammatoire-a-leau-de-rose-cheveux-boucles-et-longs-75g\/#breadcrumb","itemListElement":[{"@type":"ListItem","position":1,"name":"Accueil","item":"https:\/\/www.safinel.fr\/"},{"@type":"ListItem","position":2,"name":"Boutique","item":"https:\/\/www.safinel.fr\/boutique\/"},{"@type":"ListItem","position":3,"name":"Shampoing solide anti-inflammatoire a l&#8217;eau de rose (cheveux boucl\u00e9s et longs) 75g"}]},{"@type":"WebSite","@id":"https:\/\/www.safinel.fr\/#website","url":"https:\/\/www.safinel.fr\/","name":"Safinel","description":"","publisher":{"@id":"https:\/\/www.safinel.fr\/#organization"},"potentialAction":[{"@type":"SearchAction","target":{"@type":"EntryPoint","urlTemplate":"https:\/\/www.safinel.fr\/?s={search_term_string}"},"query-input":{"@type":"PropertyValueSpecification","valueRequired":true,"valueName":"search_term_string"}}],"inLanguage":"it-IT"},{"@type":"Organization","@id":"https:\/\/www.safinel.fr\/#organization","name":"Safinel","url":"https:\/\/www.safinel.fr\/","logo":{"@type":"ImageObject","inLanguage":"it-IT","@id":"https:\/\/www.safinel.fr\/#\/schema\/logo\/image\/","url":"https:\/\/www.safinel.fr\/wp-content\/uploads\/2021\/05\/boutique-cosmetique.png","contentUrl":"https:\/\/www.safinel.fr\/wp-content\/uploads\/2021\/05\/boutique-cosmetique.png","width":800,"height":200,"caption":"Safinel"},"image":{"@id":"https:\/\/www.safinel.fr\/#\/schema\/logo\/image\/"}}]}},"_links":{"self":[{"href":"https:\/\/www.safinel.fr\/it\/wp-json\/wp\/v2\/product\/268","targetHints":{"allow":["GET"]}}],"collection":[{"href":"https:\/\/www.safinel.fr\/it\/wp-json\/wp\/v2\/product"}],"about":[{"href":"https:\/\/www.safinel.fr\/it\/wp-json\/wp\/v2\/types\/product"}],"wp:featuredmedia":[{"embeddable":true,"href":"https:\/\/www.safinel.fr\/it\/wp-json\/wp\/v2\/media\/303"}],"wp:attachment":[{"href":"https:\/\/www.safinel.fr\/it\/wp-json\/wp\/v2\/media?parent=268"}],"wp:term":[{"taxonomy":"product_brand","embeddable":true,"href":"https:\/\/www.safinel.fr\/it\/wp-json\/wp\/v2\/product_brand?post=268"},{"taxonomy":"product_cat","embeddable":true,"href":"https:\/\/www.safinel.fr\/it\/wp-json\/wp\/v2\/product_cat?post=268"},{"taxonomy":"product_tag","embeddable":true,"href":"https:\/\/www.safinel.fr\/it\/wp-json\/wp\/v2\/product_tag?post=268"}],"curies":[{"name":"wp","href":"https:\/\/api.w.org\/{rel}","templated":true}]}}