{"id":2679,"date":"2022-09-11T10:10:54","date_gmt":"2022-09-11T10:10:54","guid":{"rendered":"https:\/\/www.safinel.fr\/?post_type=product&#038;p=2679"},"modified":"2024-03-12T13:20:37","modified_gmt":"2024-03-12T13:20:37","slug":"cono-bianco-henne","status":"publish","type":"product","link":"https:\/\/www.safinel.fr\/it\/prodotto\/cono-bianco-henne\/","title":{"rendered":"Cono di henn\u00e9 bianco"},"content":{"rendered":"<p>Tradizionalmente, l'henn\u00e9 naturale, di colore arancione scuro, viene utilizzato per abbellire le spose nel Maghreb, nel mondo arabo e in Asia. Negli ultimi anni, tuttavia, l'henn\u00e9 bianco \u00e8 diventato il colore pi\u00f9 popolare.\u00a0<strong>nuova tendenza<\/strong>\u00a0tatuaggio effimero. Il suo colore gli conferisce un aspetto eccezionale, che ne determina il successo. Viene utilizzato per\u00a0<strong>esaltare la bellezza delle spose<\/strong>\u00a0di tutte le origini. Ma anche tutte le donne che vogliono farsi belle in modo originale. Con i coni di henn\u00e9 bianco \u00e8 possibile\u00a0<strong>ornate le vostre mani e i vostri piedi<\/strong>\u00a0e quelli dei vostri cari con facilit\u00e0.<\/p>\n<h2><strong>Uno sguardo ravvicinato all'henn\u00e9 bianco<\/strong><\/h2>\n<p>A differenza dell'henn\u00e9 tradizionale, \u00e8 realizzato con coloranti e cosmetici, compresa la colla. Per questo motivo si chiama body paint. Di conseguenza, i suoi coloranti rimarranno sulla superficie della pelle, proprio come il make-up.<\/p>\n<p>Alle persone con pelle molto reattiva e sensibile si consiglia di effettuare un test preventivo.<\/p>\n<h2><strong>I benefici dei coni di henn\u00e9 bianco<\/strong><\/h2>\n<p>Chi \u00e8 abituato ai tatuaggi sa quanto sia difficile rimuoverli quando sono di colore arancione scuro. Bisogna aspettare settimane prima che i disegni svaniscano. Con il bianco, questa seccatura appartiene al passato. Durer\u00e0 al massimo 48 ore. E se volete toglierlo prima, potete semplicemente<strong>\u00a0andare sott'acqua<\/strong>.<\/p>\n<p>Un altro vantaggio \u00e8 il suo colore, che si abbina\u00a0<strong>tutti i tipi di pelle<\/strong>. Le brune lo adorano, perch\u00e9 il\u00a0<strong>il contrasto sar\u00e0 accentuato<\/strong>. \u00c8 come indossare un diamante al dito. Le persone di carnagione chiara lo cercano per la sua\u00a0<strong>eleganza discreta<\/strong>. In breve, \u00e8 acclamato all'unanimit\u00e0!<\/p>\n<p>Infine, una volta tatuate, dovrete aspettare non pi\u00f9 di 2 ore per ottenere un bel risultato. Con l'henn\u00e9 tradizionale, invece, dovrete aspettare molto di pi\u00f9 e il colore si scurir\u00e0 solo il giorno dopo.<\/p>\n<h2><strong>L'henn\u00e9 bianco in un cono, il preferito delle spose<\/strong><\/h2>\n<p>Siete alla ricerca di una futura sposa?\u00a0<strong>a<\/strong>\u00a0<strong>gioielli che vi faranno apparire al meglio<\/strong>\u00a0con il vostro splendido abito? Ci pensiamo noi! Le mani e i piedi, a seconda dei vostri gusti, saranno semplicemente splendidi. Visitare\u00a0<strong><a href=\"https:\/\/www.ecole-du-massage.com\/comment-prendre-soin-de-ses-cheveux-en-2022\/\" target=\"_blank\" rel=\"noopener\">disegni fini e delicati<\/a>\u00a0<\/strong>dar\u00e0 l'impressione che il pizzo del vostro abito si estenda fino alla punta delle dita. Per non parlare del simbolismo del bianco, che evoca purezza, pace e saggezza. Non c'\u00e8 dubbio, sarete le pi\u00f9 belle.<\/p>\n<h3><strong>Ideale per le feste<\/strong><\/h3>\n<p>Una nascita, un compleanno, una laurea... Tutti questi eventi sono un'occasione per stare insieme alla famiglia o agli amici. Offrire alle donne un tatuaggio originale sar\u00e0 un ottimo modo per\u00a0<strong>rafforzare i legami fraterni<\/strong>. Sentirsi belli contribuisce alla felicit\u00e0, quindi immaginate la gioia di vedere questi bellissimi disegni sulle loro mani.<\/p>\n<h3><strong>Quanto?<\/strong><\/h3>\n<p>Per facilitare l'acquisto, offriamo diverse quantit\u00e0:<\/p>\n<ul>\n<li>1 cono per uso personale<\/li>\n<li>3 coni se volete incantare la vostra famiglia e i vostri amici<\/li>\n<li>12 coni per pianificare le vostre uscite di bellezza tutto l'anno.<\/li>\n<\/ul>\n<p>Il cono di henn\u00e9 bianco sar\u00e0\u00a0<strong>la risorsa che vi far\u00e0 apparire al meglio<\/strong>. E non dimenticatevi di coccolare i vostri capelli, riflesso della vostra femminilit\u00e0, con i nostri\u00a0<a href=\"https:\/\/www.safinel.fr\/it\/categoria-prodotto\/botox-per-capelli\/\"><strong>botox capillari<\/strong><\/a>.<\/p>","protected":false},"excerpt":{"rendered":"<p>Tradizionalmente, l'henn\u00e9 naturale, di colore arancione scuro, \u00e8 utilizzato per abbellire le spose nel Maghreb, nel mondo arabo e in Asia. Tuttavia, negli ultimi anni, l'henn\u00e9 bianco \u00e8 diventato la nuova tendenza dei tatuaggi temporanei. Il suo colore gli conferisce un effetto eccezionale che ne determina il successo. \u00c8 cos\u00ec che viene utilizzato per esaltare la bellezza [\u2026]","protected":false},"featured_media":2683,"template":"","meta":[],"product_brand":[],"product_cat":[28],"product_tag":[],"class_list":{"0":"post-2679","1":"product","2":"type-product","3":"status-publish","4":"has-post-thumbnail","6":"product_cat-divers","8":"first","9":"outofstock","10":"shipping-taxable","11":"purchasable","12":"product-type-variable"},"yoast_head":"<!-- This site is optimized with the Yoast SEO plugin v26.6 - https:\/\/yoast.com\/wordpress\/plugins\/seo\/ -->\n<title>Henn\u00e9 blanc en c\u00f4ne I Id\u00e9al pour mariage I Achat s\u00e9curis\u00e9<\/title>\n<meta name=\"description\" content=\"Le henn\u00e9 blanc est devenu la\u00a0nouvelle tendance\u00a0du tatouage \u00e9ph\u00e9m\u00e8re. Sa couleur lui octroie un rendu exceptionnel qui fait son succ\u00e8s.\" \/>\n<meta name=\"robots\" content=\"index, follow, max-snippet:-1, max-image-preview:large, max-video-preview:-1\" \/>\n<link rel=\"canonical\" href=\"https:\/\/www.safinel.fr\/it\/prodotto\/cono-bianco-henne\/\" \/>\n<meta property=\"og:locale\" content=\"it_IT\" \/>\n<meta property=\"og:type\" content=\"article\" \/>\n<meta property=\"og:title\" content=\"Henn\u00e9 blanc en c\u00f4ne I Id\u00e9al pour mariage I Achat s\u00e9curis\u00e9\" \/>\n<meta property=\"og:description\" content=\"Le henn\u00e9 blanc est devenu la\u00a0nouvelle tendance\u00a0du tatouage \u00e9ph\u00e9m\u00e8re. Sa couleur lui octroie un rendu exceptionnel qui fait son succ\u00e8s.\" \/>\n<meta property=\"og:url\" content=\"https:\/\/www.safinel.fr\/it\/prodotto\/cono-bianco-henne\/\" \/>\n<meta property=\"og:site_name\" content=\"Safinel\" \/>\n<meta property=\"article:modified_time\" content=\"2024-03-12T13:20:37+00:00\" \/>\n<meta property=\"og:image\" content=\"https:\/\/www.safinel.fr\/wp-content\/uploads\/2022\/09\/henne-blanc-en-cone.jpg\" \/>\n\t<meta property=\"og:image:width\" content=\"600\" \/>\n\t<meta property=\"og:image:height\" content=\"600\" \/>\n\t<meta property=\"og:image:type\" content=\"image\/jpeg\" \/>\n<meta name=\"twitter:card\" content=\"summary_large_image\" \/>\n<meta name=\"twitter:label1\" content=\"Tempo di lettura stimato\" \/>\n\t<meta name=\"twitter:data1\" content=\"3 minuti\" \/>\n<script type=\"application\/ld+json\" class=\"yoast-schema-graph\">{\"@context\":\"https:\/\/schema.org\",\"@graph\":[{\"@type\":\"WebPage\",\"@id\":\"https:\/\/www.safinel.fr\/produit\/henne-blanc-en-cone\/\",\"url\":\"https:\/\/www.safinel.fr\/produit\/henne-blanc-en-cone\/\",\"name\":\"Henn\u00e9 blanc en c\u00f4ne I Id\u00e9al pour mariage I Achat s\u00e9curis\u00e9\",\"isPartOf\":{\"@id\":\"https:\/\/www.safinel.fr\/#website\"},\"primaryImageOfPage\":{\"@id\":\"https:\/\/www.safinel.fr\/produit\/henne-blanc-en-cone\/#primaryimage\"},\"image\":{\"@id\":\"https:\/\/www.safinel.fr\/produit\/henne-blanc-en-cone\/#primaryimage\"},\"thumbnailUrl\":\"https:\/\/www.safinel.fr\/wp-content\/uploads\/2022\/09\/henne-blanc-en-cone.jpg\",\"datePublished\":\"2022-09-11T10:10:54+00:00\",\"dateModified\":\"2024-03-12T13:20:37+00:00\",\"description\":\"Le henn\u00e9 blanc est devenu la\u00a0nouvelle tendance\u00a0du tatouage \u00e9ph\u00e9m\u00e8re. Sa couleur lui octroie un rendu exceptionnel qui fait son succ\u00e8s.\",\"breadcrumb\":{\"@id\":\"https:\/\/www.safinel.fr\/produit\/henne-blanc-en-cone\/#breadcrumb\"},\"inLanguage\":\"it-IT\",\"potentialAction\":[{\"@type\":\"ReadAction\",\"target\":[\"https:\/\/www.safinel.fr\/produit\/henne-blanc-en-cone\/\"]}]},{\"@type\":\"ImageObject\",\"inLanguage\":\"it-IT\",\"@id\":\"https:\/\/www.safinel.fr\/produit\/henne-blanc-en-cone\/#primaryimage\",\"url\":\"https:\/\/www.safinel.fr\/wp-content\/uploads\/2022\/09\/henne-blanc-en-cone.jpg\",\"contentUrl\":\"https:\/\/www.safinel.fr\/wp-content\/uploads\/2022\/09\/henne-blanc-en-cone.jpg\",\"width\":600,\"height\":600,\"caption\":\"Henn\u00e9 blanc en c\u00f4ne\"},{\"@type\":\"BreadcrumbList\",\"@id\":\"https:\/\/www.safinel.fr\/produit\/henne-blanc-en-cone\/#breadcrumb\",\"itemListElement\":[{\"@type\":\"ListItem\",\"position\":1,\"name\":\"Accueil\",\"item\":\"https:\/\/www.safinel.fr\/\"},{\"@type\":\"ListItem\",\"position\":2,\"name\":\"Boutique\",\"item\":\"https:\/\/www.safinel.fr\/boutique\/\"},{\"@type\":\"ListItem\",\"position\":3,\"name\":\"Henn\u00e9 blanc en c\u00f4ne\"}]},{\"@type\":\"WebSite\",\"@id\":\"https:\/\/www.safinel.fr\/#website\",\"url\":\"https:\/\/www.safinel.fr\/\",\"name\":\"Safinel\",\"description\":\"\",\"publisher\":{\"@id\":\"https:\/\/www.safinel.fr\/#organization\"},\"potentialAction\":[{\"@type\":\"SearchAction\",\"target\":{\"@type\":\"EntryPoint\",\"urlTemplate\":\"https:\/\/www.safinel.fr\/?s={search_term_string}\"},\"query-input\":{\"@type\":\"PropertyValueSpecification\",\"valueRequired\":true,\"valueName\":\"search_term_string\"}}],\"inLanguage\":\"it-IT\"},{\"@type\":\"Organization\",\"@id\":\"https:\/\/www.safinel.fr\/#organization\",\"name\":\"Safinel\",\"url\":\"https:\/\/www.safinel.fr\/\",\"logo\":{\"@type\":\"ImageObject\",\"inLanguage\":\"it-IT\",\"@id\":\"https:\/\/www.safinel.fr\/#\/schema\/logo\/image\/\",\"url\":\"https:\/\/www.safinel.fr\/wp-content\/uploads\/2021\/05\/boutique-cosmetique.png\",\"contentUrl\":\"https:\/\/www.safinel.fr\/wp-content\/uploads\/2021\/05\/boutique-cosmetique.png\",\"width\":800,\"height\":200,\"caption\":\"Safinel\"},\"image\":{\"@id\":\"https:\/\/www.safinel.fr\/#\/schema\/logo\/image\/\"}}]}<\/script>\n<!-- \/ Yoast SEO plugin. -->","yoast_head_json":{"title":"Cono di henn\u00e9 bianco I Ideale per matrimoni I Acquisto sicuro","description":"L'henn\u00e9 bianco \u00e8 diventato la nuova tendenza dei tatuaggi effimeri. Il suo colore gli conferisce un aspetto eccezionale, che ne determina il successo.","robots":{"index":"index","follow":"follow","max-snippet":"max-snippet:-1","max-image-preview":"max-image-preview:large","max-video-preview":"max-video-preview:-1"},"canonical":"https:\/\/www.safinel.fr\/it\/prodotto\/cono-bianco-henne\/","og_locale":"it_IT","og_type":"article","og_title":"Henn\u00e9 blanc en c\u00f4ne I Id\u00e9al pour mariage I Achat s\u00e9curis\u00e9","og_description":"Le henn\u00e9 blanc est devenu la\u00a0nouvelle tendance\u00a0du tatouage \u00e9ph\u00e9m\u00e8re. Sa couleur lui octroie un rendu exceptionnel qui fait son succ\u00e8s.","og_url":"https:\/\/www.safinel.fr\/it\/prodotto\/cono-bianco-henne\/","og_site_name":"Safinel","article_modified_time":"2024-03-12T13:20:37+00:00","og_image":[{"width":600,"height":600,"url":"https:\/\/www.safinel.fr\/wp-content\/uploads\/2022\/09\/henne-blanc-en-cone.jpg","type":"image\/jpeg"}],"twitter_card":"summary_large_image","twitter_misc":{"Tempo di lettura stimato":"3 minuti"},"schema":{"@context":"https:\/\/schema.org","@graph":[{"@type":"WebPage","@id":"https:\/\/www.safinel.fr\/produit\/henne-blanc-en-cone\/","url":"https:\/\/www.safinel.fr\/produit\/henne-blanc-en-cone\/","name":"Cono di henn\u00e9 bianco I Ideale per matrimoni I Acquisto sicuro","isPartOf":{"@id":"https:\/\/www.safinel.fr\/#website"},"primaryImageOfPage":{"@id":"https:\/\/www.safinel.fr\/produit\/henne-blanc-en-cone\/#primaryimage"},"image":{"@id":"https:\/\/www.safinel.fr\/produit\/henne-blanc-en-cone\/#primaryimage"},"thumbnailUrl":"https:\/\/www.safinel.fr\/wp-content\/uploads\/2022\/09\/henne-blanc-en-cone.jpg","datePublished":"2022-09-11T10:10:54+00:00","dateModified":"2024-03-12T13:20:37+00:00","description":"L'henn\u00e9 bianco \u00e8 diventato la nuova tendenza dei tatuaggi effimeri. Il suo colore gli conferisce un aspetto eccezionale, che ne determina il successo.","breadcrumb":{"@id":"https:\/\/www.safinel.fr\/produit\/henne-blanc-en-cone\/#breadcrumb"},"inLanguage":"it-IT","potentialAction":[{"@type":"ReadAction","target":["https:\/\/www.safinel.fr\/produit\/henne-blanc-en-cone\/"]}]},{"@type":"ImageObject","inLanguage":"it-IT","@id":"https:\/\/www.safinel.fr\/produit\/henne-blanc-en-cone\/#primaryimage","url":"https:\/\/www.safinel.fr\/wp-content\/uploads\/2022\/09\/henne-blanc-en-cone.jpg","contentUrl":"https:\/\/www.safinel.fr\/wp-content\/uploads\/2022\/09\/henne-blanc-en-cone.jpg","width":600,"height":600,"caption":"Henn\u00e9 blanc en c\u00f4ne"},{"@type":"BreadcrumbList","@id":"https:\/\/www.safinel.fr\/produit\/henne-blanc-en-cone\/#breadcrumb","itemListElement":[{"@type":"ListItem","position":1,"name":"Accueil","item":"https:\/\/www.safinel.fr\/"},{"@type":"ListItem","position":2,"name":"Boutique","item":"https:\/\/www.safinel.fr\/boutique\/"},{"@type":"ListItem","position":3,"name":"Henn\u00e9 blanc en c\u00f4ne"}]},{"@type":"WebSite","@id":"https:\/\/www.safinel.fr\/#website","url":"https:\/\/www.safinel.fr\/","name":"Safinel","description":"","publisher":{"@id":"https:\/\/www.safinel.fr\/#organization"},"potentialAction":[{"@type":"SearchAction","target":{"@type":"EntryPoint","urlTemplate":"https:\/\/www.safinel.fr\/?s={search_term_string}"},"query-input":{"@type":"PropertyValueSpecification","valueRequired":true,"valueName":"search_term_string"}}],"inLanguage":"it-IT"},{"@type":"Organization","@id":"https:\/\/www.safinel.fr\/#organization","name":"Safinel","url":"https:\/\/www.safinel.fr\/","logo":{"@type":"ImageObject","inLanguage":"it-IT","@id":"https:\/\/www.safinel.fr\/#\/schema\/logo\/image\/","url":"https:\/\/www.safinel.fr\/wp-content\/uploads\/2021\/05\/boutique-cosmetique.png","contentUrl":"https:\/\/www.safinel.fr\/wp-content\/uploads\/2021\/05\/boutique-cosmetique.png","width":800,"height":200,"caption":"Safinel"},"image":{"@id":"https:\/\/www.safinel.fr\/#\/schema\/logo\/image\/"}}]}},"_links":{"self":[{"href":"https:\/\/www.safinel.fr\/it\/wp-json\/wp\/v2\/product\/2679","targetHints":{"allow":["GET"]}}],"collection":[{"href":"https:\/\/www.safinel.fr\/it\/wp-json\/wp\/v2\/product"}],"about":[{"href":"https:\/\/www.safinel.fr\/it\/wp-json\/wp\/v2\/types\/product"}],"wp:featuredmedia":[{"embeddable":true,"href":"https:\/\/www.safinel.fr\/it\/wp-json\/wp\/v2\/media\/2683"}],"wp:attachment":[{"href":"https:\/\/www.safinel.fr\/it\/wp-json\/wp\/v2\/media?parent=2679"}],"wp:term":[{"taxonomy":"product_brand","embeddable":true,"href":"https:\/\/www.safinel.fr\/it\/wp-json\/wp\/v2\/product_brand?post=2679"},{"taxonomy":"product_cat","embeddable":true,"href":"https:\/\/www.safinel.fr\/it\/wp-json\/wp\/v2\/product_cat?post=2679"},{"taxonomy":"product_tag","embeddable":true,"href":"https:\/\/www.safinel.fr\/it\/wp-json\/wp\/v2\/product_tag?post=2679"}],"curies":[{"name":"wp","href":"https:\/\/api.w.org\/{rel}","templated":true}]}}