{"id":2675,"date":"2022-09-11T09:45:13","date_gmt":"2022-09-11T09:45:13","guid":{"rendered":"https:\/\/www.safinel.fr\/?post_type=product&#038;p=2675"},"modified":"2024-07-17T07:52:53","modified_gmt":"2024-07-17T07:52:53","slug":"foglie-di-dambunu","status":"publish","type":"product","link":"https:\/\/www.safinel.fr\/it\/prodotto\/foglie-di-dambunu\/","title":{"rendered":"Foglie di ambunu (erba naturale districante)"},"content":{"rendered":"<p>Al giorno d'oggi, il ritorno alla naturalit\u00e0 sta prendendo piede nel mondo della bellezza, sia per quanto riguarda la cura del corpo che dei capelli. Per <a href=\"https:\/\/www.safinel.fr\/it\/categoria-prodotto\/botox-per-capelli\/\"><strong>cura dei capelli<\/strong><\/a>, Esistono numerose piante che hanno diversi benefici per i capelli. Una di queste \u00e8 l'ambunu, un'erba africana molto interessante e utile per districare i capelli in modo naturale. Ecco una panoramica di questa meraviglia naturale.<\/p>\n<h2><strong>Ambunu: che cos'\u00e8?\u00a0<\/strong><\/h2>\n<p>\u00c8 un'erba che cresce in alcuni Paesi africani come Ciad, Niger, Burkina-Faso e Mozambico. Conosciuto anche come falso sesamo, con il suo nome scientifico Ceratotheca sesamoides, l'ambunu \u00e8 una pianta della famiglia delle Pedaliaceae che cresce stagionalmente, spesso subito dopo la stagione delle piogge. \u00c8 una pianta erbacea che presenta numerosi vantaggi.<\/p>\n<p>Nella farmacopea africana viene utilizzata per curare diverse malattie, ma \u00e8 anche molto utile per la cura dei capelli. Quando viene essiccato e ridotto in polvere, ha una consistenza appiccicosa che lo rende un districante naturale per i capelli. L'ambunu \u00e8 una pianta che contiene numerosi antiossidanti e aminoacidi. Ci\u00f2 la rende una pianta antinfiammatoria e antiossidante.<\/p>\n<h2><strong>Le propriet\u00e0 dell'ambunu sui capelli<\/strong><\/h2>\n<p>Oltre alle sue propriet\u00e0 commestibili, l'ambunu ha una serie di altre propriet\u00e0 per i capelli. Questa pianta contiene grandi quantit\u00e0 di saponina. Si tratta di una molecola naturale che conferisce all'ambunu le sue propriet\u00e0 emollienti e districanti. Grazie alle sue propriet\u00e0 antisettiche, oltre a quelle tensioattive delle saponine, l'ambunu idrata intensamente i capelli, rendendoli elastici e facili da districare. \u00c8 una pianta naturale che limita la caduta dei capelli prevenendo la secchezza del cuoio capelluto.<\/p>\n<p>Rinforza i capelli, donando loro volume. Come pianta naturale districante ed emolliente, l'ambunu si prende cura dei capelli aggiungendo lucentezza. \u00c8 un balsamo naturale che combatte l'alopecia e stimola la crescita dei capelli. Vi consigliamo vivamente di usarla per districare i capelli, perch\u00e9 oltre a tutti questi benefici, questa pianta pu\u00f2 aiutare ad alleviare il prurito del cuoio capelluto e a eliminare la forfora dai capelli.<\/p>\n<h3><strong>Come utilizzare questa erba naturale districante nella vostra routine di cura dei capelli<\/strong><\/h3>\n<p>Utilizzare questa pianta per la cura dei capelli \u00e8 molto semplice e facile da fare. Si pu\u00f2 usare come complemento allo shampoo. Tutto ci\u00f2 che serve per prepararlo \u00e8 acqua calda e un piccolo contenitore. Versate uno o due cucchiai di polvere di ambunu o di foglie essiccate in circa un litro di acqua calda.<\/p>\n<p>Lasciare riposare per almeno 30 minuti per consentire al districante naturale di agire correttamente.<\/p>\n<p>Una volta che la composizione si \u00e8 completamente raffreddata e ha raggiunto la consistenza ideale, applicarla su viso e collo. <strong>capelli<\/strong> leggermente umido. Quindi, massaggiare il prodotto sul cuoio capelluto per far penetrare l'acqua. Utilizzare una spazzola per districare. \u00c8 possibile lasciare il prodotto sui capelli per qualche minuto o risciacquare abbondantemente con acqua subito dopo averli districati.<\/p>","protected":false},"excerpt":{"rendered":"<p>Utilizzare questa pianta per la cura dei capelli \u00e8 molto semplice e facile da fare.<\/p>\n<p>Questo prodotto pu\u00f2 essere utilizzato come complemento dello shampoo.<\/p>\n<p><img decoding=\"async\" class=\"size-full wp-image-5091 aligncenter\" src=\"https:\/\/www.safinel.fr\/wp-content\/uploads\/2021\/06\/BANNIERE-ICONE-SAFINEL.webp\" alt=\"riassicurazione satine\" width=\"800\" height=\"200\" srcset=\"https:\/\/www.safinel.fr\/wp-content\/uploads\/2021\/06\/BANNIERE-ICONE-SAFINEL.webp 800w, https:\/\/www.safinel.fr\/wp-content\/uploads\/2021\/06\/BANNIERE-ICONE-SAFINEL-600x150.webp 600w, https:\/\/www.safinel.fr\/wp-content\/uploads\/2021\/06\/BANNIERE-ICONE-SAFINEL-768x192.webp 768w\" sizes=\"(max-width: 800px) 100vw, 800px\" \/><\/p>","protected":false},"featured_media":2676,"template":"","meta":[],"product_brand":[],"product_cat":[27],"product_tag":[],"class_list":{"0":"post-2675","1":"product","2":"type-product","3":"status-publish","4":"has-post-thumbnail","6":"product_cat-plantes-medicinales","8":"first","9":"outofstock","10":"shipping-taxable","11":"purchasable","12":"product-type-variable"},"yoast_head":"<!-- This site is optimized with the Yoast SEO plugin v26.6 - https:\/\/yoast.com\/wordpress\/plugins\/seo\/ -->\n<title>Ambunu I Herbe d\u00e9m\u00ealante naturelle I Achat s\u00e9curis\u00e9<\/title>\n<meta name=\"description\" content=\"Pour les soins capillaires, il existe plusieurs plantes qui disposent de divers avantages pour les cheveux. Parmi celles-ci, il y a l\u2019ambunu.\" \/>\n<meta name=\"robots\" content=\"index, follow, max-snippet:-1, max-image-preview:large, max-video-preview:-1\" \/>\n<link rel=\"canonical\" href=\"https:\/\/www.safinel.fr\/it\/prodotto\/foglie-di-dambunu\/\" \/>\n<meta property=\"og:locale\" content=\"it_IT\" \/>\n<meta property=\"og:type\" content=\"article\" \/>\n<meta property=\"og:title\" content=\"Ambunu I Herbe d\u00e9m\u00ealante naturelle I Achat s\u00e9curis\u00e9\" \/>\n<meta property=\"og:description\" content=\"Pour les soins capillaires, il existe plusieurs plantes qui disposent de divers avantages pour les cheveux. Parmi celles-ci, il y a l\u2019ambunu.\" \/>\n<meta property=\"og:url\" content=\"https:\/\/www.safinel.fr\/it\/prodotto\/foglie-di-dambunu\/\" \/>\n<meta property=\"og:site_name\" content=\"Safinel\" \/>\n<meta property=\"article:modified_time\" content=\"2024-07-17T07:52:53+00:00\" \/>\n<meta property=\"og:image\" content=\"https:\/\/www.safinel.fr\/wp-content\/uploads\/2022\/09\/feuilles-ambunu.jpg\" \/>\n\t<meta property=\"og:image:width\" content=\"600\" \/>\n\t<meta property=\"og:image:height\" content=\"600\" \/>\n\t<meta property=\"og:image:type\" content=\"image\/jpeg\" \/>\n<meta name=\"twitter:card\" content=\"summary_large_image\" \/>\n<meta name=\"twitter:label1\" content=\"Tempo di lettura stimato\" \/>\n\t<meta name=\"twitter:data1\" content=\"3 minuti\" \/>\n<script type=\"application\/ld+json\" class=\"yoast-schema-graph\">{\"@context\":\"https:\/\/schema.org\",\"@graph\":[{\"@type\":\"WebPage\",\"@id\":\"https:\/\/www.safinel.fr\/produit\/feuilles-dambunu\/\",\"url\":\"https:\/\/www.safinel.fr\/produit\/feuilles-dambunu\/\",\"name\":\"Ambunu I Herbe d\u00e9m\u00ealante naturelle I Achat s\u00e9curis\u00e9\",\"isPartOf\":{\"@id\":\"https:\/\/www.safinel.fr\/#website\"},\"primaryImageOfPage\":{\"@id\":\"https:\/\/www.safinel.fr\/produit\/feuilles-dambunu\/#primaryimage\"},\"image\":{\"@id\":\"https:\/\/www.safinel.fr\/produit\/feuilles-dambunu\/#primaryimage\"},\"thumbnailUrl\":\"https:\/\/www.safinel.fr\/wp-content\/uploads\/2022\/09\/feuilles-ambunu.jpg\",\"datePublished\":\"2022-09-11T09:45:13+00:00\",\"dateModified\":\"2024-07-17T07:52:53+00:00\",\"description\":\"Pour les soins capillaires, il existe plusieurs plantes qui disposent de divers avantages pour les cheveux. Parmi celles-ci, il y a l\u2019ambunu.\",\"breadcrumb\":{\"@id\":\"https:\/\/www.safinel.fr\/produit\/feuilles-dambunu\/#breadcrumb\"},\"inLanguage\":\"it-IT\",\"potentialAction\":[{\"@type\":\"ReadAction\",\"target\":[\"https:\/\/www.safinel.fr\/produit\/feuilles-dambunu\/\"]}]},{\"@type\":\"ImageObject\",\"inLanguage\":\"it-IT\",\"@id\":\"https:\/\/www.safinel.fr\/produit\/feuilles-dambunu\/#primaryimage\",\"url\":\"https:\/\/www.safinel.fr\/wp-content\/uploads\/2022\/09\/feuilles-ambunu.jpg\",\"contentUrl\":\"https:\/\/www.safinel.fr\/wp-content\/uploads\/2022\/09\/feuilles-ambunu.jpg\",\"width\":600,\"height\":600,\"caption\":\"Ambunu I Herbe d\u00e9m\u00ealante naturelle\"},{\"@type\":\"BreadcrumbList\",\"@id\":\"https:\/\/www.safinel.fr\/produit\/feuilles-dambunu\/#breadcrumb\",\"itemListElement\":[{\"@type\":\"ListItem\",\"position\":1,\"name\":\"Accueil\",\"item\":\"https:\/\/www.safinel.fr\/\"},{\"@type\":\"ListItem\",\"position\":2,\"name\":\"Boutique\",\"item\":\"https:\/\/www.safinel.fr\/boutique\/\"},{\"@type\":\"ListItem\",\"position\":3,\"name\":\"Feuilles d&#8217;ambunu (Herbe d\u00e9m\u00ealante naturelle)\"}]},{\"@type\":\"WebSite\",\"@id\":\"https:\/\/www.safinel.fr\/#website\",\"url\":\"https:\/\/www.safinel.fr\/\",\"name\":\"Safinel\",\"description\":\"\",\"publisher\":{\"@id\":\"https:\/\/www.safinel.fr\/#organization\"},\"potentialAction\":[{\"@type\":\"SearchAction\",\"target\":{\"@type\":\"EntryPoint\",\"urlTemplate\":\"https:\/\/www.safinel.fr\/?s={search_term_string}\"},\"query-input\":{\"@type\":\"PropertyValueSpecification\",\"valueRequired\":true,\"valueName\":\"search_term_string\"}}],\"inLanguage\":\"it-IT\"},{\"@type\":\"Organization\",\"@id\":\"https:\/\/www.safinel.fr\/#organization\",\"name\":\"Safinel\",\"url\":\"https:\/\/www.safinel.fr\/\",\"logo\":{\"@type\":\"ImageObject\",\"inLanguage\":\"it-IT\",\"@id\":\"https:\/\/www.safinel.fr\/#\/schema\/logo\/image\/\",\"url\":\"https:\/\/www.safinel.fr\/wp-content\/uploads\/2021\/05\/boutique-cosmetique.png\",\"contentUrl\":\"https:\/\/www.safinel.fr\/wp-content\/uploads\/2021\/05\/boutique-cosmetique.png\",\"width\":800,\"height\":200,\"caption\":\"Safinel\"},\"image\":{\"@id\":\"https:\/\/www.safinel.fr\/#\/schema\/logo\/image\/\"}}]}<\/script>\n<!-- \/ Yoast SEO plugin. -->","yoast_head_json":{"title":"Ambunu I Erba districante naturale I Acquisto sicuro","description":"Quando si parla di cura dei capelli, ci sono diverse piante che hanno diversi benefici per i capelli. Una di queste \u00e8 l'ambunu.","robots":{"index":"index","follow":"follow","max-snippet":"max-snippet:-1","max-image-preview":"max-image-preview:large","max-video-preview":"max-video-preview:-1"},"canonical":"https:\/\/www.safinel.fr\/it\/prodotto\/foglie-di-dambunu\/","og_locale":"it_IT","og_type":"article","og_title":"Ambunu I Herbe d\u00e9m\u00ealante naturelle I Achat s\u00e9curis\u00e9","og_description":"Pour les soins capillaires, il existe plusieurs plantes qui disposent de divers avantages pour les cheveux. Parmi celles-ci, il y a l\u2019ambunu.","og_url":"https:\/\/www.safinel.fr\/it\/prodotto\/foglie-di-dambunu\/","og_site_name":"Safinel","article_modified_time":"2024-07-17T07:52:53+00:00","og_image":[{"width":600,"height":600,"url":"https:\/\/www.safinel.fr\/wp-content\/uploads\/2022\/09\/feuilles-ambunu.jpg","type":"image\/jpeg"}],"twitter_card":"summary_large_image","twitter_misc":{"Tempo di lettura stimato":"3 minuti"},"schema":{"@context":"https:\/\/schema.org","@graph":[{"@type":"WebPage","@id":"https:\/\/www.safinel.fr\/produit\/feuilles-dambunu\/","url":"https:\/\/www.safinel.fr\/produit\/feuilles-dambunu\/","name":"Ambunu I Erba districante naturale I Acquisto sicuro","isPartOf":{"@id":"https:\/\/www.safinel.fr\/#website"},"primaryImageOfPage":{"@id":"https:\/\/www.safinel.fr\/produit\/feuilles-dambunu\/#primaryimage"},"image":{"@id":"https:\/\/www.safinel.fr\/produit\/feuilles-dambunu\/#primaryimage"},"thumbnailUrl":"https:\/\/www.safinel.fr\/wp-content\/uploads\/2022\/09\/feuilles-ambunu.jpg","datePublished":"2022-09-11T09:45:13+00:00","dateModified":"2024-07-17T07:52:53+00:00","description":"Quando si parla di cura dei capelli, ci sono diverse piante che hanno diversi benefici per i capelli. Una di queste \u00e8 l'ambunu.","breadcrumb":{"@id":"https:\/\/www.safinel.fr\/produit\/feuilles-dambunu\/#breadcrumb"},"inLanguage":"it-IT","potentialAction":[{"@type":"ReadAction","target":["https:\/\/www.safinel.fr\/produit\/feuilles-dambunu\/"]}]},{"@type":"ImageObject","inLanguage":"it-IT","@id":"https:\/\/www.safinel.fr\/produit\/feuilles-dambunu\/#primaryimage","url":"https:\/\/www.safinel.fr\/wp-content\/uploads\/2022\/09\/feuilles-ambunu.jpg","contentUrl":"https:\/\/www.safinel.fr\/wp-content\/uploads\/2022\/09\/feuilles-ambunu.jpg","width":600,"height":600,"caption":"Ambunu I Herbe d\u00e9m\u00ealante naturelle"},{"@type":"BreadcrumbList","@id":"https:\/\/www.safinel.fr\/produit\/feuilles-dambunu\/#breadcrumb","itemListElement":[{"@type":"ListItem","position":1,"name":"Accueil","item":"https:\/\/www.safinel.fr\/"},{"@type":"ListItem","position":2,"name":"Boutique","item":"https:\/\/www.safinel.fr\/boutique\/"},{"@type":"ListItem","position":3,"name":"Feuilles d&#8217;ambunu (Herbe d\u00e9m\u00ealante naturelle)"}]},{"@type":"WebSite","@id":"https:\/\/www.safinel.fr\/#website","url":"https:\/\/www.safinel.fr\/","name":"Safinel","description":"","publisher":{"@id":"https:\/\/www.safinel.fr\/#organization"},"potentialAction":[{"@type":"SearchAction","target":{"@type":"EntryPoint","urlTemplate":"https:\/\/www.safinel.fr\/?s={search_term_string}"},"query-input":{"@type":"PropertyValueSpecification","valueRequired":true,"valueName":"search_term_string"}}],"inLanguage":"it-IT"},{"@type":"Organization","@id":"https:\/\/www.safinel.fr\/#organization","name":"Safinel","url":"https:\/\/www.safinel.fr\/","logo":{"@type":"ImageObject","inLanguage":"it-IT","@id":"https:\/\/www.safinel.fr\/#\/schema\/logo\/image\/","url":"https:\/\/www.safinel.fr\/wp-content\/uploads\/2021\/05\/boutique-cosmetique.png","contentUrl":"https:\/\/www.safinel.fr\/wp-content\/uploads\/2021\/05\/boutique-cosmetique.png","width":800,"height":200,"caption":"Safinel"},"image":{"@id":"https:\/\/www.safinel.fr\/#\/schema\/logo\/image\/"}}]}},"_links":{"self":[{"href":"https:\/\/www.safinel.fr\/it\/wp-json\/wp\/v2\/product\/2675","targetHints":{"allow":["GET"]}}],"collection":[{"href":"https:\/\/www.safinel.fr\/it\/wp-json\/wp\/v2\/product"}],"about":[{"href":"https:\/\/www.safinel.fr\/it\/wp-json\/wp\/v2\/types\/product"}],"wp:featuredmedia":[{"embeddable":true,"href":"https:\/\/www.safinel.fr\/it\/wp-json\/wp\/v2\/media\/2676"}],"wp:attachment":[{"href":"https:\/\/www.safinel.fr\/it\/wp-json\/wp\/v2\/media?parent=2675"}],"wp:term":[{"taxonomy":"product_brand","embeddable":true,"href":"https:\/\/www.safinel.fr\/it\/wp-json\/wp\/v2\/product_brand?post=2675"},{"taxonomy":"product_cat","embeddable":true,"href":"https:\/\/www.safinel.fr\/it\/wp-json\/wp\/v2\/product_cat?post=2675"},{"taxonomy":"product_tag","embeddable":true,"href":"https:\/\/www.safinel.fr\/it\/wp-json\/wp\/v2\/product_tag?post=2675"}],"curies":[{"name":"wp","href":"https:\/\/api.w.org\/{rel}","templated":true}]}}