{"id":267,"date":"2021-07-24T18:58:59","date_gmt":"2021-07-24T18:58:59","guid":{"rendered":"https:\/\/www.safinel.fr\/?post_type=product&#038;p=267"},"modified":"2023-12-28T17:15:04","modified_gmt":"2023-12-28T17:15:04","slug":"shampoo-solido-allo-zenzero-per-la-caduta-dei-capelli-65g","status":"publish","type":"product","link":"https:\/\/www.safinel.fr\/it\/prodotto\/shampoo-solido-allo-zenzero-per-la-caduta-dei-capelli-65g\/","title":{"rendered":"Shampoo solido allo zenzero 65g"},"content":{"rendered":"<p>Che ne dite di un <i>shampoo ecologico, efficace e conveniente<\/i> ? Il nostro <b>saponetta solida<\/b> soddisfa tutte le vostre aspettative!<span class=\"Apple-converted-space\">\u00a0<\/span>Il nostro <b>shampoo solido naturale anti-caduta dei capelli arricchito con zenzero<\/b>, che gli conferisce molte virt\u00f9. Quindi, per avere capelli bellissimi, adottate questo piccolo cosmetico a rifiuti zero!<span class=\"Apple-converted-space\">\u00a0<\/span><\/p>\n<h2><b>Uno shampoo naturale anti-caduta dei capelli: efficace e sano!<span class=\"Apple-converted-space\">\u00a0<\/span><\/b><\/h2>\n<p>\u00c8 difficile abbandonare le cattive abitudini. S\u00ec, il classico shampoo liquido \u00e8 una cattiva abitudine. Inquinante, a volte costoso, la sua composizione \u00e8 tutt'altro che esemplare. Anzi, il contrario.<span class=\"Apple-converted-space\">\u00a0<\/span><\/p>\n<p>Quindi, se vi diciamo che questo<b> piccolo ciottolo di sapone naturale<\/b> pu\u00f2 aiutarvi a prendervi cura di voi stessi. E allo stesso tempo a prendervi cura dell'ambiente... quindi cogliete l'occasione!<span class=\"Apple-converted-space\">\u00a0<\/span><\/p>\n<p>Questo shampoo \u00e8 un concentrato di ingredienti naturali. Una formula unica e sapientemente studiata. Con un'azione rinforzante contro la caduta dei capelli.<span class=\"Apple-converted-space\">\u00a0<\/span><\/p>\n<p><b>Ingredienti: <\/b><i>Sodio coco solfato, <a href=\"https:\/\/www.deodorant-naturel.com\/produit\/shampoing-solide-au-cafe-et-beurre-de-cacao-65g\/\"><strong>burro di cacao<\/strong><\/a> naturale biologico, olio di cocco extravergine, estratto di<\/i>\u2019<i>ortica, estratto di menta piperita, estratto di zenzero, <a href=\"https:\/\/www.aroma-zone.com\/info\/fiche-technique\/huile-essentielle-menthe-poivree-bio-aroma-zone\" target=\"_blank\" rel=\"noopener\"><strong>olio essenziale di menta piperita<\/strong><\/a><\/i><\/p>\n<h3><b>L'efficacia dello zenzero in questo shampoo solido naturale<span class=\"Apple-converted-space\">\u00a0<\/span><\/b><\/h3>\n<p>Il nostro <b>shampoo duro naturale<\/b> contiene molti oli vegetali. Ma lo zenzero ha una serie di benefici:<span class=\"Apple-converted-space\">\u00a0<\/span><\/p>\n<ul>\n<li>Questo rizoma migliora la circolazione sanguigna fin dalla radice, stimolando la crescita dei capelli. Combatte anche la caduta dei capelli; ;<span class=\"Apple-converted-space\">\u00a0Scopri anche il <a href=\"https:\/\/www.biomielandco.com\/huiles\/310-serum-anti-chute-naturel.html\" target=\"_blank\" rel=\"noopener\"><strong>siero per la crescita dei capelli<\/strong><\/a><\/span><\/li>\n<li>Questo shampoo naturale rafforza la fibra capillare; ;<span class=\"Apple-converted-space\">\u00a0<\/span><\/li>\n<li>Nutre e idrata in profondit\u00e0.<span class=\"Apple-converted-space\">\u00a0<\/span><\/li>\n<\/ul>\n<h3><b>Per utilizzare correttamente lo shampoo solido allo zenzero <span class=\"Apple-converted-space\">\u00a0<\/span><\/b><\/h3>\n<p>Pronti per molti usi? Perch\u00e9 questo\u00a0<b>shampoo solido<\/b>\u00a0<strong>zenzero<\/strong> equivale ad almeno due flaconi di shampoo liquido da 250 g!<span class=\"Apple-converted-space\">\u00a0<\/span><\/p>\n<p>E per avere capelli belli e curati, niente di pi\u00f9 semplice:<span class=\"Apple-converted-space\">\u00a0<\/span><\/p>\n<ol>\n<li>Bagnare lo shampoo solido allo zenzero; ;<span class=\"Apple-converted-space\">\u00a0<\/span><\/li>\n<li>Utilizzare la mousse ottenuta dallo sfregamento per massaggiare le radici. Continuare con le lunghezze e le punte; ;<span class=\"Apple-converted-space\">\u00a0<\/span><\/li>\n<li>Sciacquare accuratamente i capelli e lasciarli asciugare, preferibilmente all'aria aperta.<span class=\"Apple-converted-space\">\u00a0<\/span><\/li>\n<\/ol>\n<p><b>Precauzioni<span class=\"Apple-converted-space\">\u00a0<\/span><\/b><\/p>\n<p>In caso di contatto con gli occhi, sciacquare immediatamente.<\/p>","protected":false},"excerpt":{"rendered":"<p>Che ne dite di uno shampoo ecologico, efficace e che vi fa risparmiare? La nostra saponetta solida soddisfa tutte le vostre esigenze! Il nostro shampoo solido naturale anticaduta \u00e8 arricchito con zenzero, che gli conferisce numerose propriet\u00e0 benefiche. Quindi, per avere capelli splendidi, scegliete questo piccolo cosmetico a zero rifiuti! Uno shampoo naturale [\u2026]","protected":false},"featured_media":302,"template":"","meta":[],"product_brand":[],"product_cat":[34,36],"product_tag":[],"class_list":{"0":"post-267","1":"product","2":"type-product","3":"status-publish","4":"has-post-thumbnail","6":"product_cat-hygiene","7":"product_cat-shampoing-solide","9":"first","10":"outofstock","11":"shipping-taxable","12":"purchasable","13":"product-type-simple"},"yoast_head":"<!-- This site is optimized with the Yoast SEO plugin v26.6 - https:\/\/yoast.com\/wordpress\/plugins\/seo\/ -->\n<title>Shampoing solide au gingembre anti chute 65g - Safinel<\/title>\n<meta name=\"robots\" content=\"index, follow, max-snippet:-1, max-image-preview:large, max-video-preview:-1\" \/>\n<link rel=\"canonical\" href=\"https:\/\/www.safinel.fr\/it\/prodotto\/shampoo-solido-allo-zenzero-per-la-caduta-dei-capelli-65g\/\" \/>\n<meta property=\"og:locale\" content=\"it_IT\" \/>\n<meta property=\"og:type\" content=\"article\" \/>\n<meta property=\"og:title\" content=\"Shampoing solide au gingembre anti chute 65g - Safinel\" \/>\n<meta property=\"og:description\" content=\"Que dites-vous d\u2019un shampoing \u00e9cologique, efficace, et qui vous fait faire des \u00e9conomies ? Notre pain de savon solide r\u00e9pond \u00e0 toutes vos attentes !\u00a0Notre shampoing solide naturel anti-chute est enrichi au gingembre, ce qui lui donne de nombreuses vertus. Alors, pour une belle chevelure, adoptez ce petit cosm\u00e9tique z\u00e9ro d\u00e9chet !\u00a0 Un shampoing naturel [...]\" \/>\n<meta property=\"og:url\" content=\"https:\/\/www.safinel.fr\/it\/prodotto\/shampoo-solido-allo-zenzero-per-la-caduta-dei-capelli-65g\/\" \/>\n<meta property=\"og:site_name\" content=\"Safinel\" \/>\n<meta property=\"article:modified_time\" content=\"2023-12-28T17:15:04+00:00\" \/>\n<meta property=\"og:image\" content=\"https:\/\/www.safinel.fr\/wp-content\/uploads\/2021\/07\/234ff874b76f2ed21035b96ef138b9fb.jpg\" \/>\n\t<meta property=\"og:image:width\" content=\"750\" \/>\n\t<meta property=\"og:image:height\" content=\"750\" \/>\n\t<meta property=\"og:image:type\" content=\"image\/jpeg\" \/>\n<meta name=\"twitter:card\" content=\"summary_large_image\" \/>\n<meta name=\"twitter:label1\" content=\"Tempo di lettura stimato\" \/>\n\t<meta name=\"twitter:data1\" content=\"2 minuti\" \/>\n<script type=\"application\/ld+json\" class=\"yoast-schema-graph\">{\"@context\":\"https:\/\/schema.org\",\"@graph\":[{\"@type\":\"WebPage\",\"@id\":\"https:\/\/www.safinel.fr\/produit\/shampoing-solide-au-gingembre-anti-chute-65g\/\",\"url\":\"https:\/\/www.safinel.fr\/produit\/shampoing-solide-au-gingembre-anti-chute-65g\/\",\"name\":\"Shampoing solide au gingembre anti chute 65g - Safinel\",\"isPartOf\":{\"@id\":\"https:\/\/www.safinel.fr\/#website\"},\"primaryImageOfPage\":{\"@id\":\"https:\/\/www.safinel.fr\/produit\/shampoing-solide-au-gingembre-anti-chute-65g\/#primaryimage\"},\"image\":{\"@id\":\"https:\/\/www.safinel.fr\/produit\/shampoing-solide-au-gingembre-anti-chute-65g\/#primaryimage\"},\"thumbnailUrl\":\"https:\/\/www.safinel.fr\/wp-content\/uploads\/2021\/07\/234ff874b76f2ed21035b96ef138b9fb.jpg\",\"datePublished\":\"2021-07-24T18:58:59+00:00\",\"dateModified\":\"2023-12-28T17:15:04+00:00\",\"breadcrumb\":{\"@id\":\"https:\/\/www.safinel.fr\/produit\/shampoing-solide-au-gingembre-anti-chute-65g\/#breadcrumb\"},\"inLanguage\":\"it-IT\",\"potentialAction\":[{\"@type\":\"ReadAction\",\"target\":[\"https:\/\/www.safinel.fr\/produit\/shampoing-solide-au-gingembre-anti-chute-65g\/\"]}]},{\"@type\":\"ImageObject\",\"inLanguage\":\"it-IT\",\"@id\":\"https:\/\/www.safinel.fr\/produit\/shampoing-solide-au-gingembre-anti-chute-65g\/#primaryimage\",\"url\":\"https:\/\/www.safinel.fr\/wp-content\/uploads\/2021\/07\/234ff874b76f2ed21035b96ef138b9fb.jpg\",\"contentUrl\":\"https:\/\/www.safinel.fr\/wp-content\/uploads\/2021\/07\/234ff874b76f2ed21035b96ef138b9fb.jpg\",\"width\":750,\"height\":750},{\"@type\":\"BreadcrumbList\",\"@id\":\"https:\/\/www.safinel.fr\/produit\/shampoing-solide-au-gingembre-anti-chute-65g\/#breadcrumb\",\"itemListElement\":[{\"@type\":\"ListItem\",\"position\":1,\"name\":\"Accueil\",\"item\":\"https:\/\/www.safinel.fr\/\"},{\"@type\":\"ListItem\",\"position\":2,\"name\":\"Boutique\",\"item\":\"https:\/\/www.safinel.fr\/boutique\/\"},{\"@type\":\"ListItem\",\"position\":3,\"name\":\"Shampoing solide au gingembre anti chute 65g\"}]},{\"@type\":\"WebSite\",\"@id\":\"https:\/\/www.safinel.fr\/#website\",\"url\":\"https:\/\/www.safinel.fr\/\",\"name\":\"Safinel\",\"description\":\"\",\"publisher\":{\"@id\":\"https:\/\/www.safinel.fr\/#organization\"},\"potentialAction\":[{\"@type\":\"SearchAction\",\"target\":{\"@type\":\"EntryPoint\",\"urlTemplate\":\"https:\/\/www.safinel.fr\/?s={search_term_string}\"},\"query-input\":{\"@type\":\"PropertyValueSpecification\",\"valueRequired\":true,\"valueName\":\"search_term_string\"}}],\"inLanguage\":\"it-IT\"},{\"@type\":\"Organization\",\"@id\":\"https:\/\/www.safinel.fr\/#organization\",\"name\":\"Safinel\",\"url\":\"https:\/\/www.safinel.fr\/\",\"logo\":{\"@type\":\"ImageObject\",\"inLanguage\":\"it-IT\",\"@id\":\"https:\/\/www.safinel.fr\/#\/schema\/logo\/image\/\",\"url\":\"https:\/\/www.safinel.fr\/wp-content\/uploads\/2021\/05\/boutique-cosmetique.png\",\"contentUrl\":\"https:\/\/www.safinel.fr\/wp-content\/uploads\/2021\/05\/boutique-cosmetique.png\",\"width\":800,\"height\":200,\"caption\":\"Safinel\"},\"image\":{\"@id\":\"https:\/\/www.safinel.fr\/#\/schema\/logo\/image\/\"}}]}<\/script>\n<!-- \/ Yoast SEO plugin. -->","yoast_head_json":{"title":"Shampoo solido allo zenzero 65 g - Safinel","robots":{"index":"index","follow":"follow","max-snippet":"max-snippet:-1","max-image-preview":"max-image-preview:large","max-video-preview":"max-video-preview:-1"},"canonical":"https:\/\/www.safinel.fr\/it\/prodotto\/shampoo-solido-allo-zenzero-per-la-caduta-dei-capelli-65g\/","og_locale":"it_IT","og_type":"article","og_title":"Shampoing solide au gingembre anti chute 65g - Safinel","og_description":"Que dites-vous d\u2019un shampoing \u00e9cologique, efficace, et qui vous fait faire des \u00e9conomies ? Notre pain de savon solide r\u00e9pond \u00e0 toutes vos attentes !\u00a0Notre shampoing solide naturel anti-chute est enrichi au gingembre, ce qui lui donne de nombreuses vertus. Alors, pour une belle chevelure, adoptez ce petit cosm\u00e9tique z\u00e9ro d\u00e9chet !\u00a0 Un shampoing naturel [...]","og_url":"https:\/\/www.safinel.fr\/it\/prodotto\/shampoo-solido-allo-zenzero-per-la-caduta-dei-capelli-65g\/","og_site_name":"Safinel","article_modified_time":"2023-12-28T17:15:04+00:00","og_image":[{"width":750,"height":750,"url":"https:\/\/www.safinel.fr\/wp-content\/uploads\/2021\/07\/234ff874b76f2ed21035b96ef138b9fb.jpg","type":"image\/jpeg"}],"twitter_card":"summary_large_image","twitter_misc":{"Tempo di lettura stimato":"2 minuti"},"schema":{"@context":"https:\/\/schema.org","@graph":[{"@type":"WebPage","@id":"https:\/\/www.safinel.fr\/produit\/shampoing-solide-au-gingembre-anti-chute-65g\/","url":"https:\/\/www.safinel.fr\/produit\/shampoing-solide-au-gingembre-anti-chute-65g\/","name":"Shampoo solido allo zenzero 65 g - Safinel","isPartOf":{"@id":"https:\/\/www.safinel.fr\/#website"},"primaryImageOfPage":{"@id":"https:\/\/www.safinel.fr\/produit\/shampoing-solide-au-gingembre-anti-chute-65g\/#primaryimage"},"image":{"@id":"https:\/\/www.safinel.fr\/produit\/shampoing-solide-au-gingembre-anti-chute-65g\/#primaryimage"},"thumbnailUrl":"https:\/\/www.safinel.fr\/wp-content\/uploads\/2021\/07\/234ff874b76f2ed21035b96ef138b9fb.jpg","datePublished":"2021-07-24T18:58:59+00:00","dateModified":"2023-12-28T17:15:04+00:00","breadcrumb":{"@id":"https:\/\/www.safinel.fr\/produit\/shampoing-solide-au-gingembre-anti-chute-65g\/#breadcrumb"},"inLanguage":"it-IT","potentialAction":[{"@type":"ReadAction","target":["https:\/\/www.safinel.fr\/produit\/shampoing-solide-au-gingembre-anti-chute-65g\/"]}]},{"@type":"ImageObject","inLanguage":"it-IT","@id":"https:\/\/www.safinel.fr\/produit\/shampoing-solide-au-gingembre-anti-chute-65g\/#primaryimage","url":"https:\/\/www.safinel.fr\/wp-content\/uploads\/2021\/07\/234ff874b76f2ed21035b96ef138b9fb.jpg","contentUrl":"https:\/\/www.safinel.fr\/wp-content\/uploads\/2021\/07\/234ff874b76f2ed21035b96ef138b9fb.jpg","width":750,"height":750},{"@type":"BreadcrumbList","@id":"https:\/\/www.safinel.fr\/produit\/shampoing-solide-au-gingembre-anti-chute-65g\/#breadcrumb","itemListElement":[{"@type":"ListItem","position":1,"name":"Accueil","item":"https:\/\/www.safinel.fr\/"},{"@type":"ListItem","position":2,"name":"Boutique","item":"https:\/\/www.safinel.fr\/boutique\/"},{"@type":"ListItem","position":3,"name":"Shampoing solide au gingembre anti chute 65g"}]},{"@type":"WebSite","@id":"https:\/\/www.safinel.fr\/#website","url":"https:\/\/www.safinel.fr\/","name":"Safinel","description":"","publisher":{"@id":"https:\/\/www.safinel.fr\/#organization"},"potentialAction":[{"@type":"SearchAction","target":{"@type":"EntryPoint","urlTemplate":"https:\/\/www.safinel.fr\/?s={search_term_string}"},"query-input":{"@type":"PropertyValueSpecification","valueRequired":true,"valueName":"search_term_string"}}],"inLanguage":"it-IT"},{"@type":"Organization","@id":"https:\/\/www.safinel.fr\/#organization","name":"Safinel","url":"https:\/\/www.safinel.fr\/","logo":{"@type":"ImageObject","inLanguage":"it-IT","@id":"https:\/\/www.safinel.fr\/#\/schema\/logo\/image\/","url":"https:\/\/www.safinel.fr\/wp-content\/uploads\/2021\/05\/boutique-cosmetique.png","contentUrl":"https:\/\/www.safinel.fr\/wp-content\/uploads\/2021\/05\/boutique-cosmetique.png","width":800,"height":200,"caption":"Safinel"},"image":{"@id":"https:\/\/www.safinel.fr\/#\/schema\/logo\/image\/"}}]}},"_links":{"self":[{"href":"https:\/\/www.safinel.fr\/it\/wp-json\/wp\/v2\/product\/267","targetHints":{"allow":["GET"]}}],"collection":[{"href":"https:\/\/www.safinel.fr\/it\/wp-json\/wp\/v2\/product"}],"about":[{"href":"https:\/\/www.safinel.fr\/it\/wp-json\/wp\/v2\/types\/product"}],"wp:featuredmedia":[{"embeddable":true,"href":"https:\/\/www.safinel.fr\/it\/wp-json\/wp\/v2\/media\/302"}],"wp:attachment":[{"href":"https:\/\/www.safinel.fr\/it\/wp-json\/wp\/v2\/media?parent=267"}],"wp:term":[{"taxonomy":"product_brand","embeddable":true,"href":"https:\/\/www.safinel.fr\/it\/wp-json\/wp\/v2\/product_brand?post=267"},{"taxonomy":"product_cat","embeddable":true,"href":"https:\/\/www.safinel.fr\/it\/wp-json\/wp\/v2\/product_cat?post=267"},{"taxonomy":"product_tag","embeddable":true,"href":"https:\/\/www.safinel.fr\/it\/wp-json\/wp\/v2\/product_tag?post=267"}],"curies":[{"name":"wp","href":"https:\/\/api.w.org\/{rel}","templated":true}]}}