{"id":2561,"date":"2022-09-06T18:51:22","date_gmt":"2022-09-06T18:51:22","guid":{"rendered":"https:\/\/www.safinel.fr\/?post_type=product&#038;p=2561"},"modified":"2026-04-08T10:38:32","modified_gmt":"2026-04-08T10:38:32","slug":"kognon-mousso","status":"publish","type":"product","link":"https:\/\/www.safinel.fr\/it\/prodotto\/kognon-mousso\/","title":{"rendered":"Pace Kognon mousso"},"content":{"rendered":"<p>Il Kognon mousso \u00e8 una bevanda che pu\u00f2 essere utilizzata per trattare molte malattie. Oltre a essere un afrodisiaco naturale, aiuta a trattare le emorroidi e i disturbi di stomaco. Scoprite di pi\u00f9 su questa medicina naturale qui!<\/p>\n<h2><strong>Descrizione di Kognon mousso<\/strong><\/h2>\n<p>Kognon mousso \u00e8 un\u00a0<strong>medicina naturale<\/strong>\u00a0molto efficace. Prodotta in Costa d'Avorio, pu\u00f2 essere utilizzata per trattare un'ampia gamma di infezioni. Questa bevanda afrodisiaca aiuta ad alleviare il mal di stomaco e l'emicrania. Pu\u00f2 essere utilizzata anche per trattare le emorroidi interne ed esterne. Combatte anche la stanchezza generale e l'ipertensione. Aiuta anche a trattare l'eiaculazione precoce e l'impotenza sessuale.<\/p>\n<p>A differenza di alcuni medicinali farmaceutici, il Kogno moussou\u00a0<strong>ha pochi effetti collaterali<\/strong>. Inoltre, \u00e8 adatto sia agli uomini che alle donne. Grazie ai suoi ingredienti naturali, pu\u00f2 essere conservato per lungo tempo senza che si guasti o cambi sapore.<\/p>\n<h2><strong>Composizione<\/strong><\/h2>\n<p>Kognon-mousso \u00e8 un\u00a0<strong>prodotto 100% naturale<\/strong>. Si ottiene dalla corteccia e dal succo delle foglie di issopo. Contiene anche una piccola quantit\u00e0 di\u00a0<a href=\"https:\/\/www.safinel.fr\/it\/prodotto\/zenzero\/\"><strong>zenzero<\/strong><\/a>. \u00c8 questo che gli conferisce il colore giallastro. Contiene anche acqua minerale e una piccola quantit\u00e0 di zucchero. Inoltre, la bevanda Kognon-moussou \u00e8 stata controllata da specialisti della farmacopea prima di essere immessa sul mercato.<\/p>\n<h3><strong>Istruzioni per l'uso<\/strong><\/h3>\n<p>Kognon mousso ha pochi effetti collaterali. Tuttavia, affinch\u00e9 sia efficace, deve essere assunto come indicato nel foglietto illustrativo. Prima di assumere il farmaco, \u00e8 necessario\u00a0<strong>agitare bene la bottiglia<\/strong>. Assumere quindi due bicchieri di t\u00e8 una volta al giorno, preferibilmente dopo o prima di cena.<\/p>\n<p>Dopo l'assunzione di una dose, si consiglia di lasciare un intervallo di tre giorni prima di assumerne un'altra. Questo prodotto non \u00e8 adatto alle donne in gravidanza. Inoltre, deve essere tenuto fuori dalla portata dei bambini.<\/p>","protected":false},"excerpt":{"rendered":"<p><img decoding=\"async\" class=\"size-full wp-image-5091 aligncenter\" src=\"https:\/\/www.safinel.fr\/wp-content\/uploads\/2021\/06\/BANNIERE-ICONE-SAFINEL.webp\" alt=\"riassicurazione satine\" width=\"800\" height=\"200\" srcset=\"https:\/\/www.safinel.fr\/wp-content\/uploads\/2021\/06\/BANNIERE-ICONE-SAFINEL.webp 800w, https:\/\/www.safinel.fr\/wp-content\/uploads\/2021\/06\/BANNIERE-ICONE-SAFINEL-600x150.webp 600w, https:\/\/www.safinel.fr\/wp-content\/uploads\/2021\/06\/BANNIERE-ICONE-SAFINEL-768x192.webp 768w\" sizes=\"(max-width: 800px) 100vw, 800px\" \/><\/p>","protected":false},"featured_media":4092,"template":"","meta":[],"product_brand":[],"product_cat":[91],"product_tag":[],"class_list":{"0":"post-2561","1":"product","2":"type-product","3":"status-publish","4":"has-post-thumbnail","6":"product_cat-boisson-aphrodisiaque-africaine","8":"first","9":"instock","10":"shipping-taxable","11":"purchasable","12":"product-type-simple"},"yoast_head":"<!-- This site is optimized with the Yoast SEO plugin v26.6 - https:\/\/yoast.com\/wordpress\/plugins\/seo\/ -->\n<title>Kognon mousso I Boisson aphrodisiaque b\u00e9n\u00e9fique<\/title>\n<meta name=\"description\" content=\"Kognon mousso est une boisson qui permet de soigner de nombreuses maladies. En plus d\u2019\u00eatre un aphrodisiaque naturel. Adoptez-l\u00e0 !\" \/>\n<meta name=\"robots\" content=\"index, follow, max-snippet:-1, max-image-preview:large, max-video-preview:-1\" \/>\n<link rel=\"canonical\" href=\"https:\/\/www.safinel.fr\/it\/prodotto\/kognon-mousso\/\" \/>\n<meta property=\"og:locale\" content=\"it_IT\" \/>\n<meta property=\"og:type\" content=\"article\" \/>\n<meta property=\"og:title\" content=\"Kognon mousso I Boisson aphrodisiaque b\u00e9n\u00e9fique\" \/>\n<meta property=\"og:description\" content=\"Kognon mousso est une boisson qui permet de soigner de nombreuses maladies. En plus d\u2019\u00eatre un aphrodisiaque naturel. Adoptez-l\u00e0 !\" \/>\n<meta property=\"og:url\" content=\"https:\/\/www.safinel.fr\/it\/prodotto\/kognon-mousso\/\" \/>\n<meta property=\"og:site_name\" content=\"Safinel\" \/>\n<meta property=\"article:modified_time\" content=\"2026-04-08T10:38:32+00:00\" \/>\n<meta property=\"og:image\" content=\"https:\/\/www.safinel.fr\/wp-content\/uploads\/2022\/09\/la-paix-equivalent-kognon-mousso.jpg\" \/>\n\t<meta property=\"og:image:width\" content=\"600\" \/>\n\t<meta property=\"og:image:height\" content=\"600\" \/>\n\t<meta property=\"og:image:type\" content=\"image\/jpeg\" \/>\n<meta name=\"twitter:card\" content=\"summary_large_image\" \/>\n<meta name=\"twitter:label1\" content=\"Tempo di lettura stimato\" \/>\n\t<meta name=\"twitter:data1\" content=\"2 minuti\" \/>\n<script type=\"application\/ld+json\" class=\"yoast-schema-graph\">{\"@context\":\"https:\/\/schema.org\",\"@graph\":[{\"@type\":\"WebPage\",\"@id\":\"https:\/\/www.safinel.fr\/produit\/kognon-mousso\/\",\"url\":\"https:\/\/www.safinel.fr\/produit\/kognon-mousso\/\",\"name\":\"Kognon mousso I Boisson aphrodisiaque b\u00e9n\u00e9fique\",\"isPartOf\":{\"@id\":\"https:\/\/www.safinel.fr\/#website\"},\"primaryImageOfPage\":{\"@id\":\"https:\/\/www.safinel.fr\/produit\/kognon-mousso\/#primaryimage\"},\"image\":{\"@id\":\"https:\/\/www.safinel.fr\/produit\/kognon-mousso\/#primaryimage\"},\"thumbnailUrl\":\"https:\/\/www.safinel.fr\/wp-content\/uploads\/2022\/09\/la-paix-equivalent-kognon-mousso.jpg\",\"datePublished\":\"2022-09-06T18:51:22+00:00\",\"dateModified\":\"2026-04-08T10:38:32+00:00\",\"description\":\"Kognon mousso est une boisson qui permet de soigner de nombreuses maladies. En plus d\u2019\u00eatre un aphrodisiaque naturel. Adoptez-l\u00e0 !\",\"breadcrumb\":{\"@id\":\"https:\/\/www.safinel.fr\/produit\/kognon-mousso\/#breadcrumb\"},\"inLanguage\":\"it-IT\",\"potentialAction\":[{\"@type\":\"ReadAction\",\"target\":[\"https:\/\/www.safinel.fr\/produit\/kognon-mousso\/\"]}]},{\"@type\":\"ImageObject\",\"inLanguage\":\"it-IT\",\"@id\":\"https:\/\/www.safinel.fr\/produit\/kognon-mousso\/#primaryimage\",\"url\":\"https:\/\/www.safinel.fr\/wp-content\/uploads\/2022\/09\/la-paix-equivalent-kognon-mousso.jpg\",\"contentUrl\":\"https:\/\/www.safinel.fr\/wp-content\/uploads\/2022\/09\/la-paix-equivalent-kognon-mousso.jpg\",\"width\":600,\"height\":600,\"caption\":\"La Paix (\u00c9quivalent Kognon mousso)\"},{\"@type\":\"BreadcrumbList\",\"@id\":\"https:\/\/www.safinel.fr\/produit\/kognon-mousso\/#breadcrumb\",\"itemListElement\":[{\"@type\":\"ListItem\",\"position\":1,\"name\":\"Accueil\",\"item\":\"https:\/\/www.safinel.fr\/\"},{\"@type\":\"ListItem\",\"position\":2,\"name\":\"Boutique\",\"item\":\"https:\/\/www.safinel.fr\/boutique\/\"},{\"@type\":\"ListItem\",\"position\":3,\"name\":\"La Paix Kognon mousso\"}]},{\"@type\":\"WebSite\",\"@id\":\"https:\/\/www.safinel.fr\/#website\",\"url\":\"https:\/\/www.safinel.fr\/\",\"name\":\"Safinel\",\"description\":\"\",\"publisher\":{\"@id\":\"https:\/\/www.safinel.fr\/#organization\"},\"potentialAction\":[{\"@type\":\"SearchAction\",\"target\":{\"@type\":\"EntryPoint\",\"urlTemplate\":\"https:\/\/www.safinel.fr\/?s={search_term_string}\"},\"query-input\":{\"@type\":\"PropertyValueSpecification\",\"valueRequired\":true,\"valueName\":\"search_term_string\"}}],\"inLanguage\":\"it-IT\"},{\"@type\":\"Organization\",\"@id\":\"https:\/\/www.safinel.fr\/#organization\",\"name\":\"Safinel\",\"url\":\"https:\/\/www.safinel.fr\/\",\"logo\":{\"@type\":\"ImageObject\",\"inLanguage\":\"it-IT\",\"@id\":\"https:\/\/www.safinel.fr\/#\/schema\/logo\/image\/\",\"url\":\"https:\/\/www.safinel.fr\/wp-content\/uploads\/2021\/05\/boutique-cosmetique.png\",\"contentUrl\":\"https:\/\/www.safinel.fr\/wp-content\/uploads\/2021\/05\/boutique-cosmetique.png\",\"width\":800,\"height\":200,\"caption\":\"Safinel\"},\"image\":{\"@id\":\"https:\/\/www.safinel.fr\/#\/schema\/logo\/image\/\"}}]}<\/script>\n<!-- \/ Yoast SEO plugin. -->","yoast_head_json":{"title":"Kognon mousso I Bevanda afrodisiaca benefica","description":"Il Kognon mousso \u00e8 una bevanda in grado di curare molte malattie. Oltre a essere un afrodisiaco naturale. Provatela!","robots":{"index":"index","follow":"follow","max-snippet":"max-snippet:-1","max-image-preview":"max-image-preview:large","max-video-preview":"max-video-preview:-1"},"canonical":"https:\/\/www.safinel.fr\/it\/prodotto\/kognon-mousso\/","og_locale":"it_IT","og_type":"article","og_title":"Kognon mousso I Boisson aphrodisiaque b\u00e9n\u00e9fique","og_description":"Kognon mousso est une boisson qui permet de soigner de nombreuses maladies. En plus d\u2019\u00eatre un aphrodisiaque naturel. Adoptez-l\u00e0 !","og_url":"https:\/\/www.safinel.fr\/it\/prodotto\/kognon-mousso\/","og_site_name":"Safinel","article_modified_time":"2026-04-08T10:38:32+00:00","og_image":[{"width":600,"height":600,"url":"https:\/\/www.safinel.fr\/wp-content\/uploads\/2022\/09\/la-paix-equivalent-kognon-mousso.jpg","type":"image\/jpeg"}],"twitter_card":"summary_large_image","twitter_misc":{"Tempo di lettura stimato":"2 minuti"},"schema":{"@context":"https:\/\/schema.org","@graph":[{"@type":"WebPage","@id":"https:\/\/www.safinel.fr\/produit\/kognon-mousso\/","url":"https:\/\/www.safinel.fr\/produit\/kognon-mousso\/","name":"Kognon mousso I Bevanda afrodisiaca benefica","isPartOf":{"@id":"https:\/\/www.safinel.fr\/#website"},"primaryImageOfPage":{"@id":"https:\/\/www.safinel.fr\/produit\/kognon-mousso\/#primaryimage"},"image":{"@id":"https:\/\/www.safinel.fr\/produit\/kognon-mousso\/#primaryimage"},"thumbnailUrl":"https:\/\/www.safinel.fr\/wp-content\/uploads\/2022\/09\/la-paix-equivalent-kognon-mousso.jpg","datePublished":"2022-09-06T18:51:22+00:00","dateModified":"2026-04-08T10:38:32+00:00","description":"Il Kognon mousso \u00e8 una bevanda in grado di curare molte malattie. Oltre a essere un afrodisiaco naturale. Provatela!","breadcrumb":{"@id":"https:\/\/www.safinel.fr\/produit\/kognon-mousso\/#breadcrumb"},"inLanguage":"it-IT","potentialAction":[{"@type":"ReadAction","target":["https:\/\/www.safinel.fr\/produit\/kognon-mousso\/"]}]},{"@type":"ImageObject","inLanguage":"it-IT","@id":"https:\/\/www.safinel.fr\/produit\/kognon-mousso\/#primaryimage","url":"https:\/\/www.safinel.fr\/wp-content\/uploads\/2022\/09\/la-paix-equivalent-kognon-mousso.jpg","contentUrl":"https:\/\/www.safinel.fr\/wp-content\/uploads\/2022\/09\/la-paix-equivalent-kognon-mousso.jpg","width":600,"height":600,"caption":"La Paix (\u00c9quivalent Kognon mousso)"},{"@type":"BreadcrumbList","@id":"https:\/\/www.safinel.fr\/produit\/kognon-mousso\/#breadcrumb","itemListElement":[{"@type":"ListItem","position":1,"name":"Accueil","item":"https:\/\/www.safinel.fr\/"},{"@type":"ListItem","position":2,"name":"Boutique","item":"https:\/\/www.safinel.fr\/boutique\/"},{"@type":"ListItem","position":3,"name":"La Paix Kognon mousso"}]},{"@type":"WebSite","@id":"https:\/\/www.safinel.fr\/#website","url":"https:\/\/www.safinel.fr\/","name":"Safinel","description":"","publisher":{"@id":"https:\/\/www.safinel.fr\/#organization"},"potentialAction":[{"@type":"SearchAction","target":{"@type":"EntryPoint","urlTemplate":"https:\/\/www.safinel.fr\/?s={search_term_string}"},"query-input":{"@type":"PropertyValueSpecification","valueRequired":true,"valueName":"search_term_string"}}],"inLanguage":"it-IT"},{"@type":"Organization","@id":"https:\/\/www.safinel.fr\/#organization","name":"Safinel","url":"https:\/\/www.safinel.fr\/","logo":{"@type":"ImageObject","inLanguage":"it-IT","@id":"https:\/\/www.safinel.fr\/#\/schema\/logo\/image\/","url":"https:\/\/www.safinel.fr\/wp-content\/uploads\/2021\/05\/boutique-cosmetique.png","contentUrl":"https:\/\/www.safinel.fr\/wp-content\/uploads\/2021\/05\/boutique-cosmetique.png","width":800,"height":200,"caption":"Safinel"},"image":{"@id":"https:\/\/www.safinel.fr\/#\/schema\/logo\/image\/"}}]}},"_links":{"self":[{"href":"https:\/\/www.safinel.fr\/it\/wp-json\/wp\/v2\/product\/2561","targetHints":{"allow":["GET"]}}],"collection":[{"href":"https:\/\/www.safinel.fr\/it\/wp-json\/wp\/v2\/product"}],"about":[{"href":"https:\/\/www.safinel.fr\/it\/wp-json\/wp\/v2\/types\/product"}],"wp:featuredmedia":[{"embeddable":true,"href":"https:\/\/www.safinel.fr\/it\/wp-json\/wp\/v2\/media\/4092"}],"wp:attachment":[{"href":"https:\/\/www.safinel.fr\/it\/wp-json\/wp\/v2\/media?parent=2561"}],"wp:term":[{"taxonomy":"product_brand","embeddable":true,"href":"https:\/\/www.safinel.fr\/it\/wp-json\/wp\/v2\/product_brand?post=2561"},{"taxonomy":"product_cat","embeddable":true,"href":"https:\/\/www.safinel.fr\/it\/wp-json\/wp\/v2\/product_cat?post=2561"},{"taxonomy":"product_tag","embeddable":true,"href":"https:\/\/www.safinel.fr\/it\/wp-json\/wp\/v2\/product_tag?post=2561"}],"curies":[{"name":"wp","href":"https:\/\/api.w.org\/{rel}","templated":true}]}}