{"id":2505,"date":"2022-09-02T17:47:29","date_gmt":"2022-09-02T17:47:29","guid":{"rendered":"https:\/\/www.safinel.fr\/?post_type=product&#038;p=2505"},"modified":"2023-12-28T17:15:33","modified_gmt":"2023-12-28T17:15:33","slug":"radice-di-marshmallow","status":"publish","type":"product","link":"https:\/\/www.safinel.fr\/it\/prodotto\/radice-di-marshmallow\/","title":{"rendered":"Radice di marshmallow 100g"},"content":{"rendered":"<p>La radice di marshmallow \u00e8 nota per le sue\u00a0<strong>propriet\u00e0 ammorbidenti<\/strong>. In fitoterapia, viene utilizzato per\u00a0<strong>lenire l'infiammazione\u00a0<\/strong>le membrane mucose, in particolare qualsiasi\u00a0<strong>il sistema respiratorio e digestivo<\/strong>. \u00c8 conosciuto anche nel mondo della cosmesi dove \u00e8 particolarmente apprezzato per la sua azione su\u00a0<strong>pelle e capelli<\/strong>.<\/p>\n<h2><strong>Introduzione al marshmallow\u00a0<\/strong><\/h2>\n<p>Questa pianta dai fiori bianco-rosati pu\u00f2 raggiungere oltre un metro di altezza. Appartiene alla\u00a0<strong>piante da mucillagine<\/strong>, Questa sostanza viscosa e appiccicosa ha molti benefici. In particolare in fitoterapia, dove questa sostanza \u00e8 ricercata per le sue propriet\u00e0.\u00a0<strong>calmante e tranquillizzante<\/strong>. Ma \u00e8 anche eccellente per la cura della pelle e dei capelli. Si usa anche in cucina. La pasta di marshmallow veniva originariamente ricavata da questa pianta.<\/p>\n<h2><strong>Radice di altea: un efficace lassativo naturale<\/strong><\/h2>\n<p>A livello interno, le sue propriet\u00e0 emollienti sono un rimedio naturale per il trattamento di\u00a0<strong>stitichezza<\/strong>\u00a0come\u00a0<a href=\"https:\/\/www.safinel.fr\/it\/prodotto\/pebe\/\"><strong>pebe alla griglia<\/strong><\/a>.  Avr\u00e0 anche un impatto su\u00a0<strong>infezioni del tratto urinario<\/strong>\u00a0alleviare il prurito delle mucose. A tal fine, si pu\u00f2 bere sotto forma di tisana. Il\u00a0<strong>Frutta a 4 facce<\/strong>\u00a0sar\u00e0 raccomandato per l'igiene intima.<\/p>\n<h3><strong>Alleviare l'infiammazione interna<\/strong><\/h3>\n<p>I principi attivi della pianta\u00a0<strong>lenire l'infiammazione<\/strong>. In particolare le vie respiratorie e digestive. Lenisce\u00a0<strong>mucose<\/strong>\u00a0indebolito dall'acidit\u00e0 causata, ad esempio, dal vomito ripetuto. Di conseguenza, si avverte spesso una sensazione di bruciore e formicolio. Questa pianta\u00a0<strong>riparazione\u00a0<\/strong>ed eliminare le irritazioni causate da vomito o diarrea.<\/p>\n<h2><strong>Radice di altea: una barriera contro la tosse secca<\/strong><\/h2>\n<p>\u00c8 meglio di uno sciroppo, perch\u00e9 avr\u00e0 un effetto duraturo sui tessuti.<\/p>\n<p><strong>Consigli per la preparazione<\/strong>\u00a0In una tazza, versare acqua calda su 2 grammi di radice di altea. Questo calmer\u00e0 la tosse. Se volete eliminare il muco o il catarro, aggiungete alla miscela un po' di radice di altea.\u00a0<strong>T\u00e8 alla liquirizia<\/strong>.<\/p>\n<p><strong>Radice di altea: un rimedio lenitivo per i problemi della pelle<\/strong><\/p>\n<p>Per il\u00a0<strong>pelle secca o screpolata<\/strong>, Questo \u00e8 il rimedio che vi dar\u00e0 sollievo. Inoltre, consente una guarigione profonda dei tessuti. Allo stesso modo, per disturbi quali\u2019<strong>eczema<\/strong>, Si tratta di una soluzione a portata di mano che\u00a0<strong>cura<\/strong>, ma anche\u00a0<strong>lenire il prurito<\/strong>.<\/p>\n<h3><strong>Alleviare la pelle del bambino\u00a0<\/strong><\/h3>\n<p>Sar\u00e0 efficace\u00a0<strong>come cataplasma<\/strong>\u00a0per trattare\u00a0<strong>Natiche irritate<\/strong>, ma anche\u00a0<strong>piccole ustioni<\/strong> o qualsiasi eruzione cutanea secca. Sar\u00e0 come un morbido manto che avvolger\u00e0 la zona dolorante con qualcosa di pi\u00f9 di una crema calda, lenitiva e idratante. <a href=\"https:\/\/fitinline.com\/profile\/couche_lavable\/\" target=\"_blank\" rel=\"noopener\"><strong>rivestimento di buona qualit\u00e0<\/strong><\/a>.<br \/>\nModo d'uso: mettere a bagno diversi cucchiai di radice di altea per una notte. Il giorno successivo, far bollire a fuoco molto basso per 20 minuti. Una volta raffreddato il preparato, imbevetelo di un impacco e applicatelo sulla zona da trattare.<\/p>\n<p><strong>Radice di marshmallow: un districante naturale e delicato<\/strong><\/p>\n<p>Le sue propriet\u00e0 ammorbidenti\u00a0<strong>aiuto per lo styling<\/strong>\u00a0ammorbidendo i capelli come\u00a0<a href=\"https:\/\/www.safinel.fr\/it\/prodotto\/olio-di-lino-per-capelli\/\"><strong>olio di lino<\/strong><\/a>. Inoltre, i capelli riacquisteranno la loro\u00a0<strong>lucido\u00a0<\/strong>e prender\u00e0 in\u00a0<strong>volume<\/strong>. E se il vostro cuoio capelluto \u00e8 soggetto a\u00a0<strong>prurito<\/strong>, sar\u00e0 tutto dimenticato!<\/p>","protected":false},"excerpt":{"rendered":"<p>La racine de guimauve est connue pour ses\u00a0vertus adoucissantes. En phytoth\u00e9rapie, elle est utilis\u00e9e pour\u00a0calmer les inflammations\u00a0des muqueuses notamment toute\u00a0la sph\u00e8re respiratoire et digestive. Elle est aussi connue dans le monde des cosm\u00e9tiques o\u00f9 elle est particuli\u00e8rement appr\u00e9ci\u00e9e pour son action sur\u00a0la peau et les cheveux. Pr\u00e9sentation de la guimauve\u00a0 Cette plante aux fleurs blanches [&#8230;]","protected":false},"featured_media":2506,"template":"","meta":[],"product_brand":[],"product_cat":[27,19],"product_tag":[],"class_list":{"0":"post-2505","1":"product","2":"type-product","3":"status-publish","4":"has-post-thumbnail","6":"product_cat-plantes-medicinales","7":"product_cat-thes-tisanes","9":"first","10":"outofstock","11":"shipping-taxable","12":"purchasable","13":"product-type-simple"},"yoast_head":"<!-- This site is optimized with the Yoast SEO plugin v26.6 - https:\/\/yoast.com\/wordpress\/plugins\/seo\/ -->\n<title>Racine de guimauve I Adoucissante I Id\u00e9al pour b\u00e9b\u00e9<\/title>\n<meta name=\"description\" content=\"La racine de guimauve est connue pour ses\u00a0vertus adoucissantes. En phytoth\u00e9rapie, elle est utilis\u00e9e pour\u00a0calmer les inflammations\u00a0des muqueuses.\" \/>\n<meta name=\"robots\" content=\"index, follow, max-snippet:-1, max-image-preview:large, max-video-preview:-1\" \/>\n<link rel=\"canonical\" href=\"https:\/\/www.safinel.fr\/it\/prodotto\/radice-di-marshmallow\/\" \/>\n<meta property=\"og:locale\" content=\"it_IT\" \/>\n<meta property=\"og:type\" content=\"article\" \/>\n<meta property=\"og:title\" content=\"Racine de guimauve I Adoucissante I Id\u00e9al pour b\u00e9b\u00e9\" \/>\n<meta property=\"og:description\" content=\"La racine de guimauve est connue pour ses\u00a0vertus adoucissantes. En phytoth\u00e9rapie, elle est utilis\u00e9e pour\u00a0calmer les inflammations\u00a0des muqueuses.\" \/>\n<meta property=\"og:url\" content=\"https:\/\/www.safinel.fr\/it\/prodotto\/radice-di-marshmallow\/\" \/>\n<meta property=\"og:site_name\" content=\"Safinel\" \/>\n<meta property=\"article:modified_time\" content=\"2023-12-28T17:15:33+00:00\" \/>\n<meta property=\"og:image\" content=\"https:\/\/www.safinel.fr\/wp-content\/uploads\/2022\/09\/racine-de-guimauve.jpg\" \/>\n\t<meta property=\"og:image:width\" content=\"600\" \/>\n\t<meta property=\"og:image:height\" content=\"600\" \/>\n\t<meta property=\"og:image:type\" content=\"image\/jpeg\" \/>\n<meta name=\"twitter:card\" content=\"summary_large_image\" \/>\n<meta name=\"twitter:label1\" content=\"Tempo di lettura stimato\" \/>\n\t<meta name=\"twitter:data1\" content=\"3 minuti\" \/>\n<script type=\"application\/ld+json\" class=\"yoast-schema-graph\">{\"@context\":\"https:\/\/schema.org\",\"@graph\":[{\"@type\":\"WebPage\",\"@id\":\"https:\/\/www.safinel.fr\/produit\/racine-de-guimauve\/\",\"url\":\"https:\/\/www.safinel.fr\/produit\/racine-de-guimauve\/\",\"name\":\"Racine de guimauve I Adoucissante I Id\u00e9al pour b\u00e9b\u00e9\",\"isPartOf\":{\"@id\":\"https:\/\/www.safinel.fr\/#website\"},\"primaryImageOfPage\":{\"@id\":\"https:\/\/www.safinel.fr\/produit\/racine-de-guimauve\/#primaryimage\"},\"image\":{\"@id\":\"https:\/\/www.safinel.fr\/produit\/racine-de-guimauve\/#primaryimage\"},\"thumbnailUrl\":\"https:\/\/www.safinel.fr\/wp-content\/uploads\/2022\/09\/racine-de-guimauve.jpg\",\"datePublished\":\"2022-09-02T17:47:29+00:00\",\"dateModified\":\"2023-12-28T17:15:33+00:00\",\"description\":\"La racine de guimauve est connue pour ses\u00a0vertus adoucissantes. En phytoth\u00e9rapie, elle est utilis\u00e9e pour\u00a0calmer les inflammations\u00a0des muqueuses.\",\"breadcrumb\":{\"@id\":\"https:\/\/www.safinel.fr\/produit\/racine-de-guimauve\/#breadcrumb\"},\"inLanguage\":\"it-IT\",\"potentialAction\":[{\"@type\":\"ReadAction\",\"target\":[\"https:\/\/www.safinel.fr\/produit\/racine-de-guimauve\/\"]}]},{\"@type\":\"ImageObject\",\"inLanguage\":\"it-IT\",\"@id\":\"https:\/\/www.safinel.fr\/produit\/racine-de-guimauve\/#primaryimage\",\"url\":\"https:\/\/www.safinel.fr\/wp-content\/uploads\/2022\/09\/racine-de-guimauve.jpg\",\"contentUrl\":\"https:\/\/www.safinel.fr\/wp-content\/uploads\/2022\/09\/racine-de-guimauve.jpg\",\"width\":600,\"height\":600,\"caption\":\"Racine de guimauve 100g\"},{\"@type\":\"BreadcrumbList\",\"@id\":\"https:\/\/www.safinel.fr\/produit\/racine-de-guimauve\/#breadcrumb\",\"itemListElement\":[{\"@type\":\"ListItem\",\"position\":1,\"name\":\"Accueil\",\"item\":\"https:\/\/www.safinel.fr\/\"},{\"@type\":\"ListItem\",\"position\":2,\"name\":\"Boutique\",\"item\":\"https:\/\/www.safinel.fr\/boutique\/\"},{\"@type\":\"ListItem\",\"position\":3,\"name\":\"Racine de guimauve 100g\"}]},{\"@type\":\"WebSite\",\"@id\":\"https:\/\/www.safinel.fr\/#website\",\"url\":\"https:\/\/www.safinel.fr\/\",\"name\":\"Safinel\",\"description\":\"\",\"publisher\":{\"@id\":\"https:\/\/www.safinel.fr\/#organization\"},\"potentialAction\":[{\"@type\":\"SearchAction\",\"target\":{\"@type\":\"EntryPoint\",\"urlTemplate\":\"https:\/\/www.safinel.fr\/?s={search_term_string}\"},\"query-input\":{\"@type\":\"PropertyValueSpecification\",\"valueRequired\":true,\"valueName\":\"search_term_string\"}}],\"inLanguage\":\"it-IT\"},{\"@type\":\"Organization\",\"@id\":\"https:\/\/www.safinel.fr\/#organization\",\"name\":\"Safinel\",\"url\":\"https:\/\/www.safinel.fr\/\",\"logo\":{\"@type\":\"ImageObject\",\"inLanguage\":\"it-IT\",\"@id\":\"https:\/\/www.safinel.fr\/#\/schema\/logo\/image\/\",\"url\":\"https:\/\/www.safinel.fr\/wp-content\/uploads\/2021\/05\/boutique-cosmetique.png\",\"contentUrl\":\"https:\/\/www.safinel.fr\/wp-content\/uploads\/2021\/05\/boutique-cosmetique.png\",\"width\":800,\"height\":200,\"caption\":\"Safinel\"},\"image\":{\"@id\":\"https:\/\/www.safinel.fr\/#\/schema\/logo\/image\/\"}}]}<\/script>\n<!-- \/ Yoast SEO plugin. -->","yoast_head_json":{"title":"Radice di marshmallow I Lenitivo I Ideale per i bambini","description":"La radice di altea \u00e8 nota per le sue propriet\u00e0 lenitive. In fitoterapia viene utilizzata per lenire le infiammazioni delle mucose.","robots":{"index":"index","follow":"follow","max-snippet":"max-snippet:-1","max-image-preview":"max-image-preview:large","max-video-preview":"max-video-preview:-1"},"canonical":"https:\/\/www.safinel.fr\/it\/prodotto\/radice-di-marshmallow\/","og_locale":"it_IT","og_type":"article","og_title":"Racine de guimauve I Adoucissante I Id\u00e9al pour b\u00e9b\u00e9","og_description":"La racine de guimauve est connue pour ses\u00a0vertus adoucissantes. En phytoth\u00e9rapie, elle est utilis\u00e9e pour\u00a0calmer les inflammations\u00a0des muqueuses.","og_url":"https:\/\/www.safinel.fr\/it\/prodotto\/radice-di-marshmallow\/","og_site_name":"Safinel","article_modified_time":"2023-12-28T17:15:33+00:00","og_image":[{"width":600,"height":600,"url":"https:\/\/www.safinel.fr\/wp-content\/uploads\/2022\/09\/racine-de-guimauve.jpg","type":"image\/jpeg"}],"twitter_card":"summary_large_image","twitter_misc":{"Tempo di lettura stimato":"3 minuti"},"schema":{"@context":"https:\/\/schema.org","@graph":[{"@type":"WebPage","@id":"https:\/\/www.safinel.fr\/produit\/racine-de-guimauve\/","url":"https:\/\/www.safinel.fr\/produit\/racine-de-guimauve\/","name":"Radice di marshmallow I Lenitivo I Ideale per i bambini","isPartOf":{"@id":"https:\/\/www.safinel.fr\/#website"},"primaryImageOfPage":{"@id":"https:\/\/www.safinel.fr\/produit\/racine-de-guimauve\/#primaryimage"},"image":{"@id":"https:\/\/www.safinel.fr\/produit\/racine-de-guimauve\/#primaryimage"},"thumbnailUrl":"https:\/\/www.safinel.fr\/wp-content\/uploads\/2022\/09\/racine-de-guimauve.jpg","datePublished":"2022-09-02T17:47:29+00:00","dateModified":"2023-12-28T17:15:33+00:00","description":"La radice di altea \u00e8 nota per le sue propriet\u00e0 lenitive. In fitoterapia viene utilizzata per lenire le infiammazioni delle mucose.","breadcrumb":{"@id":"https:\/\/www.safinel.fr\/produit\/racine-de-guimauve\/#breadcrumb"},"inLanguage":"it-IT","potentialAction":[{"@type":"ReadAction","target":["https:\/\/www.safinel.fr\/produit\/racine-de-guimauve\/"]}]},{"@type":"ImageObject","inLanguage":"it-IT","@id":"https:\/\/www.safinel.fr\/produit\/racine-de-guimauve\/#primaryimage","url":"https:\/\/www.safinel.fr\/wp-content\/uploads\/2022\/09\/racine-de-guimauve.jpg","contentUrl":"https:\/\/www.safinel.fr\/wp-content\/uploads\/2022\/09\/racine-de-guimauve.jpg","width":600,"height":600,"caption":"Racine de guimauve 100g"},{"@type":"BreadcrumbList","@id":"https:\/\/www.safinel.fr\/produit\/racine-de-guimauve\/#breadcrumb","itemListElement":[{"@type":"ListItem","position":1,"name":"Accueil","item":"https:\/\/www.safinel.fr\/"},{"@type":"ListItem","position":2,"name":"Boutique","item":"https:\/\/www.safinel.fr\/boutique\/"},{"@type":"ListItem","position":3,"name":"Racine de guimauve 100g"}]},{"@type":"WebSite","@id":"https:\/\/www.safinel.fr\/#website","url":"https:\/\/www.safinel.fr\/","name":"Safinel","description":"","publisher":{"@id":"https:\/\/www.safinel.fr\/#organization"},"potentialAction":[{"@type":"SearchAction","target":{"@type":"EntryPoint","urlTemplate":"https:\/\/www.safinel.fr\/?s={search_term_string}"},"query-input":{"@type":"PropertyValueSpecification","valueRequired":true,"valueName":"search_term_string"}}],"inLanguage":"it-IT"},{"@type":"Organization","@id":"https:\/\/www.safinel.fr\/#organization","name":"Safinel","url":"https:\/\/www.safinel.fr\/","logo":{"@type":"ImageObject","inLanguage":"it-IT","@id":"https:\/\/www.safinel.fr\/#\/schema\/logo\/image\/","url":"https:\/\/www.safinel.fr\/wp-content\/uploads\/2021\/05\/boutique-cosmetique.png","contentUrl":"https:\/\/www.safinel.fr\/wp-content\/uploads\/2021\/05\/boutique-cosmetique.png","width":800,"height":200,"caption":"Safinel"},"image":{"@id":"https:\/\/www.safinel.fr\/#\/schema\/logo\/image\/"}}]}},"_links":{"self":[{"href":"https:\/\/www.safinel.fr\/it\/wp-json\/wp\/v2\/product\/2505","targetHints":{"allow":["GET"]}}],"collection":[{"href":"https:\/\/www.safinel.fr\/it\/wp-json\/wp\/v2\/product"}],"about":[{"href":"https:\/\/www.safinel.fr\/it\/wp-json\/wp\/v2\/types\/product"}],"wp:featuredmedia":[{"embeddable":true,"href":"https:\/\/www.safinel.fr\/it\/wp-json\/wp\/v2\/media\/2506"}],"wp:attachment":[{"href":"https:\/\/www.safinel.fr\/it\/wp-json\/wp\/v2\/media?parent=2505"}],"wp:term":[{"taxonomy":"product_brand","embeddable":true,"href":"https:\/\/www.safinel.fr\/it\/wp-json\/wp\/v2\/product_brand?post=2505"},{"taxonomy":"product_cat","embeddable":true,"href":"https:\/\/www.safinel.fr\/it\/wp-json\/wp\/v2\/product_cat?post=2505"},{"taxonomy":"product_tag","embeddable":true,"href":"https:\/\/www.safinel.fr\/it\/wp-json\/wp\/v2\/product_tag?post=2505"}],"curies":[{"name":"wp","href":"https:\/\/api.w.org\/{rel}","templated":true}]}}