{"id":2492,"date":"2022-09-01T16:50:34","date_gmt":"2022-09-01T16:50:34","guid":{"rendered":"https:\/\/www.safinel.fr\/?post_type=product&#038;p=2492"},"modified":"2023-12-30T12:29:40","modified_gmt":"2023-12-30T12:29:40","slug":"alchemilla-bio-in-gel","status":"publish","type":"product","link":"https:\/\/www.safinel.fr\/it\/prodotto\/alchemilla-bio-in-gel\/","title":{"rendered":"Capsule di alchemilla biologica"},"content":{"rendered":"<p>La vostra vita di donna \u00e8 costellata di\u00a0<strong>cambiamenti ormonali<\/strong>\u00a0a causa dell'et\u00e0, delle gravidanze, delle prove e delle tribolazioni della vita, come pure\u00a0<strong>sindromi legate a\u00a0<\/strong>il tuo<strong>\u00a0intimit\u00e0.\u00a0<\/strong>Grazie alle capsule di Alchemilla Bio, il vostro corpo avr\u00e0 la soluzione naturale per affrontare serenamente queste tempeste interiori.<\/p>\n<h2><strong>Un rimedio efficace che merita di essere conosciuto meglio\u00a0<\/strong><\/h2>\n<p>Le capsule di alchemilla sono ricavate dall'omonima pianta. I naturopati la utilizzano per le sue qualit\u00e0\u00a0<strong>propriet\u00e0 emostatiche, antitumorali e disidratanti\u00a0<\/strong>e\u00a0<strong>rinvigorente<\/strong>. Calma l'infiammazione e sgonfia i tessuti gonfi. Le capsule hanno lo stesso effetto, con un'azione mirata su intestino, utero e dintorni.<\/p>\n<h2><strong>Le capsule di alchemilla: una barriera contro l'emorragia<\/strong><\/h2>\n<p>I principi attivi di questa pianta hanno i seguenti effetti\u00a0<strong>arrestare l'emorragia<\/strong>. In concreto, il diametro dei vasi si riduce e torna alle dimensioni normali. Di conseguenza, il flusso sanguigno si riduce. Questa \u00e8 la soluzione alle mestruazioni abbondanti e alle emorragie che possono verificarsi al di fuori del periodo mestruale.<\/p>\n<p>Per la lochia, si consiglia di variare con tisane di\u00a0<a href=\"https:\/\/www.safinel.fr\/it\/prodotto\/foglie-di-lampone\/\"><strong>foglie di lampone<\/strong><\/a>.<\/p>\n<h3><strong>Un tonico per il tessuto uterino<\/strong><\/h3>\n<p>Queste capsule permettono di\u00a0<strong>tono\u00a0<\/strong>dell'utero, soprattutto dopo il parto. Questo restringimento generale consente anche di prevenire e curare la discesa degli organi dall'utero. D'ora in poi questa zona sar\u00e0\u00a0<strong>stimolato e rinvigorito<\/strong>.<\/p>\n<h3><strong>Amica delle donne in perimenopausa<\/strong><\/h3>\n<p>L'alchemilla render\u00e0 pi\u00f9 facile questo passaggio non sempre facile. Si consiglia di assumerla come integratore,\u00a0<a href=\"https:\/\/www.safinel.fr\/it\/prodotto\/albero-casto\/\"><strong>capsule di castagno<\/strong><\/a>.<\/p>\n<h3><strong>Come devo assumere le capsule biologiche di Alchemilla?<\/strong><\/h3>\n<p>Deve essere assunto prima dei pasti.  Dose giornaliera: 3 capsule, da interrompere durante le mestruazioni.<\/p>\n<p>Prima o durante la menopausa: 3 dosi al giorno per 3 mesi. Ogni mese, interrompere l'assunzione per una settimana. Sconsigliato alle donne in gravidanza o in allattamento. Sconsigliato alle persone che soffrono di stitichezza, poich\u00e9 ha un effetto antidiarroico.<\/p>","protected":false},"excerpt":{"rendered":"<p><strong>Caratteristiche :<\/strong><\/p>\n<ul>\n<li>90 capsule<\/li>\n<li>Bio<\/li>\n<li>Prodotto in Francia<\/li>\n<\/ul>","protected":false},"featured_media":2493,"template":"","meta":[],"product_brand":[],"product_cat":[23],"product_tag":[],"class_list":{"0":"post-2492","1":"product","2":"type-product","3":"status-publish","4":"has-post-thumbnail","6":"product_cat-hygiene-feminine","8":"first","9":"outofstock","10":"shipping-taxable","11":"purchasable","12":"product-type-simple"},"yoast_head":"<!-- This site is optimized with the Yoast SEO plugin v26.6 - https:\/\/yoast.com\/wordpress\/plugins\/seo\/ -->\n<title>G\u00e9lules alch\u00e9mille bio I Bienfaits nombreux pour votre corps<\/title>\n<meta name=\"description\" content=\"Gr\u00e2ce aux g\u00e9lules Alch\u00e9mille Bio, votre corps aura la solution naturelle pour traverser ces temp\u00eates int\u00e9rieures sereinement.\" \/>\n<meta name=\"robots\" content=\"index, follow, max-snippet:-1, max-image-preview:large, max-video-preview:-1\" \/>\n<link rel=\"canonical\" href=\"https:\/\/www.safinel.fr\/it\/prodotto\/alchemilla-bio-in-gel\/\" \/>\n<meta property=\"og:locale\" content=\"it_IT\" \/>\n<meta property=\"og:type\" content=\"article\" \/>\n<meta property=\"og:title\" content=\"G\u00e9lules alch\u00e9mille bio I Bienfaits nombreux pour votre corps\" \/>\n<meta property=\"og:description\" content=\"Gr\u00e2ce aux g\u00e9lules Alch\u00e9mille Bio, votre corps aura la solution naturelle pour traverser ces temp\u00eates int\u00e9rieures sereinement.\" \/>\n<meta property=\"og:url\" content=\"https:\/\/www.safinel.fr\/it\/prodotto\/alchemilla-bio-in-gel\/\" \/>\n<meta property=\"og:site_name\" content=\"Safinel\" \/>\n<meta property=\"article:modified_time\" content=\"2023-12-30T12:29:40+00:00\" \/>\n<meta property=\"og:image\" content=\"https:\/\/www.safinel.fr\/wp-content\/uploads\/2022\/09\/ge\u0301lule-Alche\u0301mille-bio.jpg\" \/>\n\t<meta property=\"og:image:width\" content=\"600\" \/>\n\t<meta property=\"og:image:height\" content=\"600\" \/>\n\t<meta property=\"og:image:type\" content=\"image\/jpeg\" \/>\n<meta name=\"twitter:card\" content=\"summary_large_image\" \/>\n<meta name=\"twitter:label1\" content=\"Tempo di lettura stimato\" \/>\n\t<meta name=\"twitter:data1\" content=\"2 minuti\" \/>\n<script type=\"application\/ld+json\" class=\"yoast-schema-graph\">{\"@context\":\"https:\/\/schema.org\",\"@graph\":[{\"@type\":\"WebPage\",\"@id\":\"https:\/\/www.safinel.fr\/produit\/gelules-alchemille-bio\/\",\"url\":\"https:\/\/www.safinel.fr\/produit\/gelules-alchemille-bio\/\",\"name\":\"G\u00e9lules alch\u00e9mille bio I Bienfaits nombreux pour votre corps\",\"isPartOf\":{\"@id\":\"https:\/\/www.safinel.fr\/#website\"},\"primaryImageOfPage\":{\"@id\":\"https:\/\/www.safinel.fr\/produit\/gelules-alchemille-bio\/#primaryimage\"},\"image\":{\"@id\":\"https:\/\/www.safinel.fr\/produit\/gelules-alchemille-bio\/#primaryimage\"},\"thumbnailUrl\":\"https:\/\/www.safinel.fr\/wp-content\/uploads\/2022\/09\/ge\u0301lule-Alche\u0301mille-bio.jpg\",\"datePublished\":\"2022-09-01T16:50:34+00:00\",\"dateModified\":\"2023-12-30T12:29:40+00:00\",\"description\":\"Gr\u00e2ce aux g\u00e9lules Alch\u00e9mille Bio, votre corps aura la solution naturelle pour traverser ces temp\u00eates int\u00e9rieures sereinement.\",\"breadcrumb\":{\"@id\":\"https:\/\/www.safinel.fr\/produit\/gelules-alchemille-bio\/#breadcrumb\"},\"inLanguage\":\"it-IT\",\"potentialAction\":[{\"@type\":\"ReadAction\",\"target\":[\"https:\/\/www.safinel.fr\/produit\/gelules-alchemille-bio\/\"]}]},{\"@type\":\"ImageObject\",\"inLanguage\":\"it-IT\",\"@id\":\"https:\/\/www.safinel.fr\/produit\/gelules-alchemille-bio\/#primaryimage\",\"url\":\"https:\/\/www.safinel.fr\/wp-content\/uploads\/2022\/09\/ge\u0301lule-Alche\u0301mille-bio.jpg\",\"contentUrl\":\"https:\/\/www.safinel.fr\/wp-content\/uploads\/2022\/09\/ge\u0301lule-Alche\u0301mille-bio.jpg\",\"width\":600,\"height\":600,\"caption\":\"G\u00e9lules alch\u00e9mille bio\"},{\"@type\":\"BreadcrumbList\",\"@id\":\"https:\/\/www.safinel.fr\/produit\/gelules-alchemille-bio\/#breadcrumb\",\"itemListElement\":[{\"@type\":\"ListItem\",\"position\":1,\"name\":\"Accueil\",\"item\":\"https:\/\/www.safinel.fr\/\"},{\"@type\":\"ListItem\",\"position\":2,\"name\":\"Boutique\",\"item\":\"https:\/\/www.safinel.fr\/boutique\/\"},{\"@type\":\"ListItem\",\"position\":3,\"name\":\"G\u00e9lules alch\u00e9mille bio\"}]},{\"@type\":\"WebSite\",\"@id\":\"https:\/\/www.safinel.fr\/#website\",\"url\":\"https:\/\/www.safinel.fr\/\",\"name\":\"Safinel\",\"description\":\"\",\"publisher\":{\"@id\":\"https:\/\/www.safinel.fr\/#organization\"},\"potentialAction\":[{\"@type\":\"SearchAction\",\"target\":{\"@type\":\"EntryPoint\",\"urlTemplate\":\"https:\/\/www.safinel.fr\/?s={search_term_string}\"},\"query-input\":{\"@type\":\"PropertyValueSpecification\",\"valueRequired\":true,\"valueName\":\"search_term_string\"}}],\"inLanguage\":\"it-IT\"},{\"@type\":\"Organization\",\"@id\":\"https:\/\/www.safinel.fr\/#organization\",\"name\":\"Safinel\",\"url\":\"https:\/\/www.safinel.fr\/\",\"logo\":{\"@type\":\"ImageObject\",\"inLanguage\":\"it-IT\",\"@id\":\"https:\/\/www.safinel.fr\/#\/schema\/logo\/image\/\",\"url\":\"https:\/\/www.safinel.fr\/wp-content\/uploads\/2021\/05\/boutique-cosmetique.png\",\"contentUrl\":\"https:\/\/www.safinel.fr\/wp-content\/uploads\/2021\/05\/boutique-cosmetique.png\",\"width\":800,\"height\":200,\"caption\":\"Safinel\"},\"image\":{\"@id\":\"https:\/\/www.safinel.fr\/#\/schema\/logo\/image\/\"}}]}<\/script>\n<!-- \/ Yoast SEO plugin. -->","yoast_head_json":{"title":"Capsule di alchemilla biologica I Numerosi benefici per l'organismo","description":"Grazie alle capsule di Alchemilla Bio, il vostro corpo avr\u00e0 la soluzione naturale per affrontare serenamente queste tempeste interiori.","robots":{"index":"index","follow":"follow","max-snippet":"max-snippet:-1","max-image-preview":"max-image-preview:large","max-video-preview":"max-video-preview:-1"},"canonical":"https:\/\/www.safinel.fr\/it\/prodotto\/alchemilla-bio-in-gel\/","og_locale":"it_IT","og_type":"article","og_title":"G\u00e9lules alch\u00e9mille bio I Bienfaits nombreux pour votre corps","og_description":"Gr\u00e2ce aux g\u00e9lules Alch\u00e9mille Bio, votre corps aura la solution naturelle pour traverser ces temp\u00eates int\u00e9rieures sereinement.","og_url":"https:\/\/www.safinel.fr\/it\/prodotto\/alchemilla-bio-in-gel\/","og_site_name":"Safinel","article_modified_time":"2023-12-30T12:29:40+00:00","og_image":[{"width":600,"height":600,"url":"https:\/\/www.safinel.fr\/wp-content\/uploads\/2022\/09\/ge\u0301lule-Alche\u0301mille-bio.jpg","type":"image\/jpeg"}],"twitter_card":"summary_large_image","twitter_misc":{"Tempo di lettura stimato":"2 minuti"},"schema":{"@context":"https:\/\/schema.org","@graph":[{"@type":"WebPage","@id":"https:\/\/www.safinel.fr\/produit\/gelules-alchemille-bio\/","url":"https:\/\/www.safinel.fr\/produit\/gelules-alchemille-bio\/","name":"Capsule di alchemilla biologica I Numerosi benefici per l'organismo","isPartOf":{"@id":"https:\/\/www.safinel.fr\/#website"},"primaryImageOfPage":{"@id":"https:\/\/www.safinel.fr\/produit\/gelules-alchemille-bio\/#primaryimage"},"image":{"@id":"https:\/\/www.safinel.fr\/produit\/gelules-alchemille-bio\/#primaryimage"},"thumbnailUrl":"https:\/\/www.safinel.fr\/wp-content\/uploads\/2022\/09\/ge\u0301lule-Alche\u0301mille-bio.jpg","datePublished":"2022-09-01T16:50:34+00:00","dateModified":"2023-12-30T12:29:40+00:00","description":"Grazie alle capsule di Alchemilla Bio, il vostro corpo avr\u00e0 la soluzione naturale per affrontare serenamente queste tempeste interiori.","breadcrumb":{"@id":"https:\/\/www.safinel.fr\/produit\/gelules-alchemille-bio\/#breadcrumb"},"inLanguage":"it-IT","potentialAction":[{"@type":"ReadAction","target":["https:\/\/www.safinel.fr\/produit\/gelules-alchemille-bio\/"]}]},{"@type":"ImageObject","inLanguage":"it-IT","@id":"https:\/\/www.safinel.fr\/produit\/gelules-alchemille-bio\/#primaryimage","url":"https:\/\/www.safinel.fr\/wp-content\/uploads\/2022\/09\/ge\u0301lule-Alche\u0301mille-bio.jpg","contentUrl":"https:\/\/www.safinel.fr\/wp-content\/uploads\/2022\/09\/ge\u0301lule-Alche\u0301mille-bio.jpg","width":600,"height":600,"caption":"G\u00e9lules alch\u00e9mille bio"},{"@type":"BreadcrumbList","@id":"https:\/\/www.safinel.fr\/produit\/gelules-alchemille-bio\/#breadcrumb","itemListElement":[{"@type":"ListItem","position":1,"name":"Accueil","item":"https:\/\/www.safinel.fr\/"},{"@type":"ListItem","position":2,"name":"Boutique","item":"https:\/\/www.safinel.fr\/boutique\/"},{"@type":"ListItem","position":3,"name":"G\u00e9lules alch\u00e9mille bio"}]},{"@type":"WebSite","@id":"https:\/\/www.safinel.fr\/#website","url":"https:\/\/www.safinel.fr\/","name":"Safinel","description":"","publisher":{"@id":"https:\/\/www.safinel.fr\/#organization"},"potentialAction":[{"@type":"SearchAction","target":{"@type":"EntryPoint","urlTemplate":"https:\/\/www.safinel.fr\/?s={search_term_string}"},"query-input":{"@type":"PropertyValueSpecification","valueRequired":true,"valueName":"search_term_string"}}],"inLanguage":"it-IT"},{"@type":"Organization","@id":"https:\/\/www.safinel.fr\/#organization","name":"Safinel","url":"https:\/\/www.safinel.fr\/","logo":{"@type":"ImageObject","inLanguage":"it-IT","@id":"https:\/\/www.safinel.fr\/#\/schema\/logo\/image\/","url":"https:\/\/www.safinel.fr\/wp-content\/uploads\/2021\/05\/boutique-cosmetique.png","contentUrl":"https:\/\/www.safinel.fr\/wp-content\/uploads\/2021\/05\/boutique-cosmetique.png","width":800,"height":200,"caption":"Safinel"},"image":{"@id":"https:\/\/www.safinel.fr\/#\/schema\/logo\/image\/"}}]}},"_links":{"self":[{"href":"https:\/\/www.safinel.fr\/it\/wp-json\/wp\/v2\/product\/2492","targetHints":{"allow":["GET"]}}],"collection":[{"href":"https:\/\/www.safinel.fr\/it\/wp-json\/wp\/v2\/product"}],"about":[{"href":"https:\/\/www.safinel.fr\/it\/wp-json\/wp\/v2\/types\/product"}],"wp:featuredmedia":[{"embeddable":true,"href":"https:\/\/www.safinel.fr\/it\/wp-json\/wp\/v2\/media\/2493"}],"wp:attachment":[{"href":"https:\/\/www.safinel.fr\/it\/wp-json\/wp\/v2\/media?parent=2492"}],"wp:term":[{"taxonomy":"product_brand","embeddable":true,"href":"https:\/\/www.safinel.fr\/it\/wp-json\/wp\/v2\/product_brand?post=2492"},{"taxonomy":"product_cat","embeddable":true,"href":"https:\/\/www.safinel.fr\/it\/wp-json\/wp\/v2\/product_cat?post=2492"},{"taxonomy":"product_tag","embeddable":true,"href":"https:\/\/www.safinel.fr\/it\/wp-json\/wp\/v2\/product_tag?post=2492"}],"curies":[{"name":"wp","href":"https:\/\/api.w.org\/{rel}","templated":true}]}}