{"id":246,"date":"2021-07-24T18:58:58","date_gmt":"2021-07-24T18:58:58","guid":{"rendered":"https:\/\/www.safinel.fr\/?post_type=product&#038;p=246"},"modified":"2023-12-30T13:56:03","modified_gmt":"2023-12-30T13:56:03","slug":"deodorante-naturale-petit-grain-bigarade-ai-fiori-darancio-50ml","status":"publish","type":"product","link":"https:\/\/www.safinel.fr\/it\/prodotto\/deodorante-naturale-petit-grain-bigarade-ai-fiori-darancio-50ml\/","title":{"rendered":"Deodorante naturale - Petit grain Bigarade (fiori d'arancio) 50ml"},"content":{"rendered":"<p>Cosa? Non siete ancora passati al deodorante naturale! Allora lasciateci fare qualcosa! Perch\u00e9 abbiamo una piccola meraviglia per voi... Si tratta del <b>deodorante naturale petit grain bigaradier<\/b>, con il delizioso profumo dei fiori d'arancio.<span class=\"Apple-converted-space\">\u00a0<\/span><\/p>\n<p>Questa piccola meraviglia con <i>100% ingredienti naturali<\/i> diventer\u00e0 rapidamente il miglior amico delle vostre ascelle!<span class=\"Apple-converted-space\">\u00a0<\/span><\/p>\n<h2><b>Deodorante naturale Petit grain bigaradier: per chi si vuole bene<span class=\"Apple-converted-space\">\u00a0<\/span><\/b><\/h2>\n<p>Questo deodorante naturale \u00e8 una boccata d'aria fresca! \u00c8 prodotto in Francia con ingredienti naturali. Potrete beneficiare dei suoi<b> benefici antibatterici e antifungini<\/b>. Non agisce come un <b>antitraspirante<\/b>, ma piuttosto come un <b>assorbitore di umidit\u00e0<\/b>. Neutralizzando al contempo gli odori sgradevoli!<span class=\"Apple-converted-space\">\u00a0<\/span><\/p>\n<p>Approfittate del <b>il delicato e dolce profumo dei fiori d'arancio<\/b>. Le sue note agrumate vi faranno dimenticare i deodoranti classici (e chimici!).<span class=\"Apple-converted-space\">\u00a0<\/span><\/p>\n<p><b>Ingredienti:<\/b> <i>Olio di Coco nucifera (<a href=\"https:\/\/www.aroma-zone.com\/info\/fiche-technique\/huile-vegetale-coco-bio-aroma-zone\" target=\"_blank\" rel=\"noopener\"><strong>olio di cocco<\/strong><\/a>), bicarbonato di sodio (bicarbonato di sodio), cera alba (cera d'api), citrus aurantium amara leaf\/twig oil (olio di foglie e rametti di arancio amaro).<\/i><\/p>\n<h3><b>Come si usa questo deodorante naturale ai fiori d'arancio?<span class=\"Apple-converted-space\">\u00a0<\/span><\/b><\/h3>\n<p>Le <b>deodorante naturale petit grain bigarade<\/b> \u00e8 molto facile da usare:<span class=\"Apple-converted-space\">\u00a0<\/span><\/p>\n<ol>\n<li>Lavarsi le mani e tamponare con un dito; ;<span class=\"Apple-converted-space\">\u00a0<\/span><\/li>\n<li>Applicare sulle ascelle pulite e asciutte; ;<span class=\"Apple-converted-space\">\u00a0<\/span><\/li>\n<li>A contatto con la pelle, il deodorante cremoso si scioglie armoniosamente.<\/li>\n<\/ol>\n<p>Ed ecco fatto! Ascelle pulite che profumano di fiori d'arancio!<span class=\"Apple-converted-space\">\u00a0<\/span><\/p>\n<h3><b>La ricarica \u00e8 a portata di clic!<span class=\"Apple-converted-space\">\u00a0<\/span><\/b><\/h3>\n<p>\u00c8 proprio questo il senso del passaggio al naturale: risparmiare denaro e rispettare l'ambiente. Quando il vostro deodorante naturale giunge al termine della sua vita utile, non dovete fare altro che ricaricarlo! Non potrebbe essere pi\u00f9 facile. C'\u00e8 il <b><a href=\"https:\/\/www.deodorant-naturel.com\/produit\/recharge-deodorant-naturel-petit-grain-bigarade-30g\/\">ricarica di deodorante naturale petit grain bigarade<\/a>.<\/b> A <i>a un prezzo molto basso, in modo da pagare solo il prodotto e nient'altro!<span class=\"Apple-converted-space\">\u00a0<\/span><\/i><\/p>\n<p>E se volete variare un po', trovate la ricarica che fa per voi! Basta un clic!<span class=\"Apple-converted-space\">\u00a0<\/span><\/p>\n<h3><b>Conservazione<span class=\"Apple-converted-space\">\u00a0<\/span><\/b><\/h3>\n<p>Conservare nella scatola originale, al riparo da calore e umidit\u00e0. \u00c8 cos\u00ec semplice!<span class=\"Apple-converted-space\">\u00a0<\/span><\/p>\n<h3><b>Precauzioni<\/b><\/h3>\n<p>Questo deodorante naturale pu\u00f2 essere utilizzato da <a href=\"https:\/\/www.deodorant-naturel.com\/produit\/deodorant-100-naturel-femme-enceinte\/\"><strong>donne in gravidanza<\/strong><\/a> solo a partire dal 3\u00b0 mese di gravidanza.<span class=\"Apple-converted-space\">\u00a0<\/span><\/p>\n<p>In caso di reazione cutanea avversa, interrompere l'uso del prodotto.<\/p>","protected":false},"excerpt":{"rendered":"<p>Quoi ?! Vous n\u2019\u00eates pas encore pass\u00e9 au d\u00e9odorant naturel ?! Alors, laissez-nous rem\u00e9dier \u00e0 cela ! Parce que nous allons vous proposer une petite merveille\u2026 \u00a0Il s\u2019agit du d\u00e9odorant naturel petit grain bigaradier, \u00e0 la d\u00e9licieuse odeur de fleur d\u2019oranger.\u00a0 Cette petite merveille aux ingr\u00e9dients 100% naturels va rapidement devenir la meilleure amie de [&#8230;]","protected":false},"featured_media":276,"template":"","meta":[],"product_brand":[],"product_cat":[32],"product_tag":[],"class_list":{"0":"post-246","1":"product","2":"type-product","3":"status-publish","4":"has-post-thumbnail","6":"product_cat-curae","8":"first","9":"outofstock","10":"shipping-taxable","11":"purchasable","12":"product-type-simple"},"yoast_head":"<!-- This site is optimized with the Yoast SEO plugin v26.6 - https:\/\/yoast.com\/wordpress\/plugins\/seo\/ -->\n<title>D\u00e9odorant naturel - Petit grain Bigarade (fleur d&#039;oranger) 50ml - Safinel<\/title>\n<meta name=\"robots\" content=\"index, follow, max-snippet:-1, max-image-preview:large, max-video-preview:-1\" \/>\n<link rel=\"canonical\" href=\"https:\/\/www.safinel.fr\/it\/prodotto\/deodorante-naturale-petit-grain-bigarade-ai-fiori-darancio-50ml\/\" \/>\n<meta property=\"og:locale\" content=\"it_IT\" \/>\n<meta property=\"og:type\" content=\"article\" \/>\n<meta property=\"og:title\" content=\"D\u00e9odorant naturel - Petit grain Bigarade (fleur d&#039;oranger) 50ml - Safinel\" \/>\n<meta property=\"og:description\" content=\"Quoi ?! Vous n\u2019\u00eates pas encore pass\u00e9 au d\u00e9odorant naturel ?! Alors, laissez-nous rem\u00e9dier \u00e0 cela ! Parce que nous allons vous proposer une petite merveille\u2026 \u00a0Il s\u2019agit du d\u00e9odorant naturel petit grain bigaradier, \u00e0 la d\u00e9licieuse odeur de fleur d\u2019oranger.\u00a0 Cette petite merveille aux ingr\u00e9dients 100% naturels va rapidement devenir la meilleure amie de [...]\" \/>\n<meta property=\"og:url\" content=\"https:\/\/www.safinel.fr\/it\/prodotto\/deodorante-naturale-petit-grain-bigarade-ai-fiori-darancio-50ml\/\" \/>\n<meta property=\"og:site_name\" content=\"Safinel\" \/>\n<meta property=\"article:modified_time\" content=\"2023-12-30T13:56:03+00:00\" \/>\n<meta property=\"og:image\" content=\"https:\/\/www.safinel.fr\/wp-content\/uploads\/2021\/07\/559-large_default.jpg\" \/>\n\t<meta property=\"og:image:width\" content=\"800\" \/>\n\t<meta property=\"og:image:height\" content=\"800\" \/>\n\t<meta property=\"og:image:type\" content=\"image\/jpeg\" \/>\n<meta name=\"twitter:card\" content=\"summary_large_image\" \/>\n<meta name=\"twitter:label1\" content=\"Tempo di lettura stimato\" \/>\n\t<meta name=\"twitter:data1\" content=\"2 minuti\" \/>\n<script type=\"application\/ld+json\" class=\"yoast-schema-graph\">{\"@context\":\"https:\/\/schema.org\",\"@graph\":[{\"@type\":\"WebPage\",\"@id\":\"https:\/\/www.safinel.fr\/produit\/deodorant-naturel-petit-grain-bigarade-fleur-doranger-50ml\/\",\"url\":\"https:\/\/www.safinel.fr\/produit\/deodorant-naturel-petit-grain-bigarade-fleur-doranger-50ml\/\",\"name\":\"D\u00e9odorant naturel - Petit grain Bigarade (fleur d'oranger) 50ml - Safinel\",\"isPartOf\":{\"@id\":\"https:\/\/www.safinel.fr\/#website\"},\"primaryImageOfPage\":{\"@id\":\"https:\/\/www.safinel.fr\/produit\/deodorant-naturel-petit-grain-bigarade-fleur-doranger-50ml\/#primaryimage\"},\"image\":{\"@id\":\"https:\/\/www.safinel.fr\/produit\/deodorant-naturel-petit-grain-bigarade-fleur-doranger-50ml\/#primaryimage\"},\"thumbnailUrl\":\"https:\/\/www.safinel.fr\/wp-content\/uploads\/2021\/07\/559-large_default.jpg\",\"datePublished\":\"2021-07-24T18:58:58+00:00\",\"dateModified\":\"2023-12-30T13:56:03+00:00\",\"breadcrumb\":{\"@id\":\"https:\/\/www.safinel.fr\/produit\/deodorant-naturel-petit-grain-bigarade-fleur-doranger-50ml\/#breadcrumb\"},\"inLanguage\":\"it-IT\",\"potentialAction\":[{\"@type\":\"ReadAction\",\"target\":[\"https:\/\/www.safinel.fr\/produit\/deodorant-naturel-petit-grain-bigarade-fleur-doranger-50ml\/\"]}]},{\"@type\":\"ImageObject\",\"inLanguage\":\"it-IT\",\"@id\":\"https:\/\/www.safinel.fr\/produit\/deodorant-naturel-petit-grain-bigarade-fleur-doranger-50ml\/#primaryimage\",\"url\":\"https:\/\/www.safinel.fr\/wp-content\/uploads\/2021\/07\/559-large_default.jpg\",\"contentUrl\":\"https:\/\/www.safinel.fr\/wp-content\/uploads\/2021\/07\/559-large_default.jpg\",\"width\":800,\"height\":800},{\"@type\":\"BreadcrumbList\",\"@id\":\"https:\/\/www.safinel.fr\/produit\/deodorant-naturel-petit-grain-bigarade-fleur-doranger-50ml\/#breadcrumb\",\"itemListElement\":[{\"@type\":\"ListItem\",\"position\":1,\"name\":\"Accueil\",\"item\":\"https:\/\/www.safinel.fr\/\"},{\"@type\":\"ListItem\",\"position\":2,\"name\":\"Boutique\",\"item\":\"https:\/\/www.safinel.fr\/boutique\/\"},{\"@type\":\"ListItem\",\"position\":3,\"name\":\"D\u00e9odorant naturel &#8211; Petit grain Bigarade (fleur d&#8217;oranger) 50ml\"}]},{\"@type\":\"WebSite\",\"@id\":\"https:\/\/www.safinel.fr\/#website\",\"url\":\"https:\/\/www.safinel.fr\/\",\"name\":\"Safinel\",\"description\":\"\",\"publisher\":{\"@id\":\"https:\/\/www.safinel.fr\/#organization\"},\"potentialAction\":[{\"@type\":\"SearchAction\",\"target\":{\"@type\":\"EntryPoint\",\"urlTemplate\":\"https:\/\/www.safinel.fr\/?s={search_term_string}\"},\"query-input\":{\"@type\":\"PropertyValueSpecification\",\"valueRequired\":true,\"valueName\":\"search_term_string\"}}],\"inLanguage\":\"it-IT\"},{\"@type\":\"Organization\",\"@id\":\"https:\/\/www.safinel.fr\/#organization\",\"name\":\"Safinel\",\"url\":\"https:\/\/www.safinel.fr\/\",\"logo\":{\"@type\":\"ImageObject\",\"inLanguage\":\"it-IT\",\"@id\":\"https:\/\/www.safinel.fr\/#\/schema\/logo\/image\/\",\"url\":\"https:\/\/www.safinel.fr\/wp-content\/uploads\/2021\/05\/boutique-cosmetique.png\",\"contentUrl\":\"https:\/\/www.safinel.fr\/wp-content\/uploads\/2021\/05\/boutique-cosmetique.png\",\"width\":800,\"height\":200,\"caption\":\"Safinel\"},\"image\":{\"@id\":\"https:\/\/www.safinel.fr\/#\/schema\/logo\/image\/\"}}]}<\/script>\n<!-- \/ Yoast SEO plugin. -->","yoast_head_json":{"title":"Deodorante naturale - Petit grain Bigarade (fiori d'arancio) 50ml - Safinel","robots":{"index":"index","follow":"follow","max-snippet":"max-snippet:-1","max-image-preview":"max-image-preview:large","max-video-preview":"max-video-preview:-1"},"canonical":"https:\/\/www.safinel.fr\/it\/prodotto\/deodorante-naturale-petit-grain-bigarade-ai-fiori-darancio-50ml\/","og_locale":"it_IT","og_type":"article","og_title":"D\u00e9odorant naturel - Petit grain Bigarade (fleur d'oranger) 50ml - Safinel","og_description":"Quoi ?! Vous n\u2019\u00eates pas encore pass\u00e9 au d\u00e9odorant naturel ?! Alors, laissez-nous rem\u00e9dier \u00e0 cela ! Parce que nous allons vous proposer une petite merveille\u2026 \u00a0Il s\u2019agit du d\u00e9odorant naturel petit grain bigaradier, \u00e0 la d\u00e9licieuse odeur de fleur d\u2019oranger.\u00a0 Cette petite merveille aux ingr\u00e9dients 100% naturels va rapidement devenir la meilleure amie de [...]","og_url":"https:\/\/www.safinel.fr\/it\/prodotto\/deodorante-naturale-petit-grain-bigarade-ai-fiori-darancio-50ml\/","og_site_name":"Safinel","article_modified_time":"2023-12-30T13:56:03+00:00","og_image":[{"width":800,"height":800,"url":"https:\/\/www.safinel.fr\/wp-content\/uploads\/2021\/07\/559-large_default.jpg","type":"image\/jpeg"}],"twitter_card":"summary_large_image","twitter_misc":{"Tempo di lettura stimato":"2 minuti"},"schema":{"@context":"https:\/\/schema.org","@graph":[{"@type":"WebPage","@id":"https:\/\/www.safinel.fr\/produit\/deodorant-naturel-petit-grain-bigarade-fleur-doranger-50ml\/","url":"https:\/\/www.safinel.fr\/produit\/deodorant-naturel-petit-grain-bigarade-fleur-doranger-50ml\/","name":"Deodorante naturale - Petit grain Bigarade (fiori d'arancio) 50ml - Safinel","isPartOf":{"@id":"https:\/\/www.safinel.fr\/#website"},"primaryImageOfPage":{"@id":"https:\/\/www.safinel.fr\/produit\/deodorant-naturel-petit-grain-bigarade-fleur-doranger-50ml\/#primaryimage"},"image":{"@id":"https:\/\/www.safinel.fr\/produit\/deodorant-naturel-petit-grain-bigarade-fleur-doranger-50ml\/#primaryimage"},"thumbnailUrl":"https:\/\/www.safinel.fr\/wp-content\/uploads\/2021\/07\/559-large_default.jpg","datePublished":"2021-07-24T18:58:58+00:00","dateModified":"2023-12-30T13:56:03+00:00","breadcrumb":{"@id":"https:\/\/www.safinel.fr\/produit\/deodorant-naturel-petit-grain-bigarade-fleur-doranger-50ml\/#breadcrumb"},"inLanguage":"it-IT","potentialAction":[{"@type":"ReadAction","target":["https:\/\/www.safinel.fr\/produit\/deodorant-naturel-petit-grain-bigarade-fleur-doranger-50ml\/"]}]},{"@type":"ImageObject","inLanguage":"it-IT","@id":"https:\/\/www.safinel.fr\/produit\/deodorant-naturel-petit-grain-bigarade-fleur-doranger-50ml\/#primaryimage","url":"https:\/\/www.safinel.fr\/wp-content\/uploads\/2021\/07\/559-large_default.jpg","contentUrl":"https:\/\/www.safinel.fr\/wp-content\/uploads\/2021\/07\/559-large_default.jpg","width":800,"height":800},{"@type":"BreadcrumbList","@id":"https:\/\/www.safinel.fr\/produit\/deodorant-naturel-petit-grain-bigarade-fleur-doranger-50ml\/#breadcrumb","itemListElement":[{"@type":"ListItem","position":1,"name":"Accueil","item":"https:\/\/www.safinel.fr\/"},{"@type":"ListItem","position":2,"name":"Boutique","item":"https:\/\/www.safinel.fr\/boutique\/"},{"@type":"ListItem","position":3,"name":"D\u00e9odorant naturel &#8211; Petit grain Bigarade (fleur d&#8217;oranger) 50ml"}]},{"@type":"WebSite","@id":"https:\/\/www.safinel.fr\/#website","url":"https:\/\/www.safinel.fr\/","name":"Safinel","description":"","publisher":{"@id":"https:\/\/www.safinel.fr\/#organization"},"potentialAction":[{"@type":"SearchAction","target":{"@type":"EntryPoint","urlTemplate":"https:\/\/www.safinel.fr\/?s={search_term_string}"},"query-input":{"@type":"PropertyValueSpecification","valueRequired":true,"valueName":"search_term_string"}}],"inLanguage":"it-IT"},{"@type":"Organization","@id":"https:\/\/www.safinel.fr\/#organization","name":"Safinel","url":"https:\/\/www.safinel.fr\/","logo":{"@type":"ImageObject","inLanguage":"it-IT","@id":"https:\/\/www.safinel.fr\/#\/schema\/logo\/image\/","url":"https:\/\/www.safinel.fr\/wp-content\/uploads\/2021\/05\/boutique-cosmetique.png","contentUrl":"https:\/\/www.safinel.fr\/wp-content\/uploads\/2021\/05\/boutique-cosmetique.png","width":800,"height":200,"caption":"Safinel"},"image":{"@id":"https:\/\/www.safinel.fr\/#\/schema\/logo\/image\/"}}]}},"_links":{"self":[{"href":"https:\/\/www.safinel.fr\/it\/wp-json\/wp\/v2\/product\/246","targetHints":{"allow":["GET"]}}],"collection":[{"href":"https:\/\/www.safinel.fr\/it\/wp-json\/wp\/v2\/product"}],"about":[{"href":"https:\/\/www.safinel.fr\/it\/wp-json\/wp\/v2\/types\/product"}],"wp:featuredmedia":[{"embeddable":true,"href":"https:\/\/www.safinel.fr\/it\/wp-json\/wp\/v2\/media\/276"}],"wp:attachment":[{"href":"https:\/\/www.safinel.fr\/it\/wp-json\/wp\/v2\/media?parent=246"}],"wp:term":[{"taxonomy":"product_brand","embeddable":true,"href":"https:\/\/www.safinel.fr\/it\/wp-json\/wp\/v2\/product_brand?post=246"},{"taxonomy":"product_cat","embeddable":true,"href":"https:\/\/www.safinel.fr\/it\/wp-json\/wp\/v2\/product_cat?post=246"},{"taxonomy":"product_tag","embeddable":true,"href":"https:\/\/www.safinel.fr\/it\/wp-json\/wp\/v2\/product_tag?post=246"}],"curies":[{"name":"wp","href":"https:\/\/api.w.org\/{rel}","templated":true}]}}