{"id":245,"date":"2021-07-24T18:58:58","date_gmt":"2021-07-24T18:58:58","guid":{"rendered":"https:\/\/www.safinel.fr\/?post_type=product&#038;p=245"},"modified":"2023-12-30T13:55:58","modified_gmt":"2023-12-30T13:55:58","slug":"deodorante-naturale-lavanda-patchouli-50g","status":"publish","type":"product","link":"https:\/\/www.safinel.fr\/it\/prodotto\/deodorante-naturale-lavanda-patchouli-50g\/","title":{"rendered":"Deodorante naturale - Lavanda e patchouli 50g"},"content":{"rendered":"<p>Perch\u00e9 smettere di usare i deodoranti tradizionali? Semplicemente per adottare il<b> deodorante naturale alla lavanda e al patchouli<\/b>, Naturalmente!<span class=\"Apple-converted-space\">\u00a0<\/span><\/p>\n<p>Per saperne di pi\u00f9 <b>crema deodorante made in France<\/b>, che vi far\u00e0 cambiare idea sui cosmetici ecologici!<\/p>\n<h2><b>Deodorante naturale alla lavanda e patchouli: il vostro nuovo alleato naturale!<span class=\"Apple-converted-space\">\u00a0<\/span><\/b><\/h2>\n<p>Questo deodorante naturale agisce come <b>regolatore di sudorazione<\/b>. Ma anche come<b> efficace antiodore<\/b>. Vi porter\u00e0 tutti i suoi <b>benefici antimicotici, lenitivi e antibatterici<\/b>. Tutto questo, <i>privi di interferenti endocrini dannosi per la salute.<\/i><\/p>\n<p>Il suo delicato profumo di patchouli e lavanda \u00e8 molto piacevole e rinfrescante. <span class=\"Apple-converted-space\">\u00a0<\/span><\/p>\n<p><b>Ingredienti: <\/b><i>Olio di Coco nucifera (olio di cocco biologico), bicarbonato di sodio, cera alba (cera d'api), lavandula officinalise (olio di lavanda), citrus sinensis (arancia), pogostomon cablin (<a href=\"https:\/\/www.encens-store.fr\/produit\/huile-essentielle-maison-patchouli\/\" target=\"_blank\" rel=\"noopener\"><strong>patchouli<\/strong><\/a>),<span class=\"Apple-converted-space\">\u00a0 <\/span>cananga odorata (olio essenziale di ylang ylang), cedro atlantico (cedro dell'Atlante).<\/i><\/p>\n<p>Proprio cos\u00ec! E, naturalmente, il vostro deodorante naturale ha <b>non \u00e8 mai stato testato sugli animali.<\/b> Sembra ovvio, ma vale la pena di chiarirlo!<span class=\"Apple-converted-space\">\u00a0<\/span><\/p>\n<h3><b>I nostri consigli per l'uso<span class=\"Apple-converted-space\">\u00a0<\/span><\/b><\/h3>\n<p>Le <b>deodorante naturale a lunga durata<\/b> con patchouli e lavanda pu\u00f2 essere utilizzato ogni giorno. Preferibilmente dopo la doccia, per ottenere freschezza e pulizia per tutto il giorno.<span class=\"Apple-converted-space\">\u00a0<\/span><\/p>\n<p>Applicare un pizzico sotto le ascelle usando il dito. La consistenza cremosa di questo deodorante \u00e8 molto gradevole, e inoltre ha <b>propriet\u00e0 idratanti.<span class=\"Apple-converted-space\">\u00a0<\/span><\/b><\/p>\n<p>Il vostro deodorante, oltre ad essere <b>ecologico<\/b>, \u00e8 anche molto <b>economico<\/b> ! Ricordatevi di ricaricare i vostri cosmetici non appena si esauriscono. La confezione in alluminio \u00e8 riciclabile al 100 %. Potete anche riutilizzarla pi\u00f9 volte!<span class=\"Apple-converted-space\">\u00a0<\/span><\/p>\n<h3><b>Conservazione<span class=\"Apple-converted-space\">\u00a0<\/span><\/b><\/h3>\n<p>Questo efficace deodorante naturale si conserva bene in un luogo asciutto, lontano dal calore.<span class=\"Apple-converted-space\">\u00a0<\/span><\/p>\n<p><b>Precauzioni<span class=\"Apple-converted-space\">\u00a0<\/span><\/b><\/p>\n<p>Ricordarsi sempre di lavarsi le mani prima e dopo l'uso.<span class=\"Apple-converted-space\">\u00a0<\/span><\/p>\n<p>Questo deodorante non \u00e8 consigliato alle donne in gravidanza a causa della presenza di oli essenziali. Ma non esitate a rivolgervi al nostro <a href=\"https:\/\/www.deodorant-naturel.com\/produit\/deodorant-100-naturel-femme-enceinte\/\"><b>deodorante naturale per donne in gravidanza<\/b><\/a> !<span class=\"Apple-converted-space\">\u00a0<\/span><\/p>","protected":false},"excerpt":{"rendered":"<p>Pourquoi arr\u00eater d\u2019utiliser les d\u00e9odorants classiques ? Tout simplement pour adopter le d\u00e9odorant naturel lavande et patchouli, bien s\u00fbr !\u00a0 D\u00e9couvrez sans plus attendre cette cr\u00e8me d\u00e9odorante fabriqu\u00e9e en France, qui vous fera changer d\u2019avis sur la cosm\u00e9tique verte ! Le d\u00e9odorant naturel lavande et patchouli : votre nouvel alli\u00e9 au naturel !\u00a0 Ce d\u00e9odorant [&#8230;]","protected":false},"featured_media":275,"template":"","meta":[],"product_brand":[],"product_cat":[32],"product_tag":[],"class_list":{"0":"post-245","1":"product","2":"type-product","3":"status-publish","4":"has-post-thumbnail","6":"product_cat-curae","8":"first","9":"outofstock","10":"shipping-taxable","11":"purchasable","12":"product-type-simple"},"yoast_head":"<!-- This site is optimized with the Yoast SEO plugin v26.6 - https:\/\/yoast.com\/wordpress\/plugins\/seo\/ -->\n<title>D\u00e9odorant naturel - Lavande &amp; patchouli 50g - Safinel<\/title>\n<meta name=\"robots\" content=\"index, follow, max-snippet:-1, max-image-preview:large, max-video-preview:-1\" \/>\n<link rel=\"canonical\" href=\"https:\/\/www.safinel.fr\/it\/prodotto\/deodorante-naturale-lavanda-patchouli-50g\/\" \/>\n<meta property=\"og:locale\" content=\"it_IT\" \/>\n<meta property=\"og:type\" content=\"article\" \/>\n<meta property=\"og:title\" content=\"D\u00e9odorant naturel - Lavande &amp; patchouli 50g - Safinel\" \/>\n<meta property=\"og:description\" content=\"Pourquoi arr\u00eater d\u2019utiliser les d\u00e9odorants classiques ? Tout simplement pour adopter le d\u00e9odorant naturel lavande et patchouli, bien s\u00fbr !\u00a0 D\u00e9couvrez sans plus attendre cette cr\u00e8me d\u00e9odorante fabriqu\u00e9e en France, qui vous fera changer d\u2019avis sur la cosm\u00e9tique verte ! Le d\u00e9odorant naturel lavande et patchouli : votre nouvel alli\u00e9 au naturel !\u00a0 Ce d\u00e9odorant [...]\" \/>\n<meta property=\"og:url\" content=\"https:\/\/www.safinel.fr\/it\/prodotto\/deodorante-naturale-lavanda-patchouli-50g\/\" \/>\n<meta property=\"og:site_name\" content=\"Safinel\" \/>\n<meta property=\"article:modified_time\" content=\"2023-12-30T13:55:58+00:00\" \/>\n<meta property=\"og:image\" content=\"https:\/\/www.safinel.fr\/wp-content\/uploads\/2021\/07\/555-large_default.jpg\" \/>\n\t<meta property=\"og:image:width\" content=\"800\" \/>\n\t<meta property=\"og:image:height\" content=\"800\" \/>\n\t<meta property=\"og:image:type\" content=\"image\/jpeg\" \/>\n<meta name=\"twitter:card\" content=\"summary_large_image\" \/>\n<meta name=\"twitter:label1\" content=\"Tempo di lettura stimato\" \/>\n\t<meta name=\"twitter:data1\" content=\"2 minuti\" \/>\n<script type=\"application\/ld+json\" class=\"yoast-schema-graph\">{\"@context\":\"https:\/\/schema.org\",\"@graph\":[{\"@type\":\"WebPage\",\"@id\":\"https:\/\/www.safinel.fr\/produit\/deodorant-naturel-lavande-patchouli-50g\/\",\"url\":\"https:\/\/www.safinel.fr\/produit\/deodorant-naturel-lavande-patchouli-50g\/\",\"name\":\"D\u00e9odorant naturel - Lavande & patchouli 50g - Safinel\",\"isPartOf\":{\"@id\":\"https:\/\/www.safinel.fr\/#website\"},\"primaryImageOfPage\":{\"@id\":\"https:\/\/www.safinel.fr\/produit\/deodorant-naturel-lavande-patchouli-50g\/#primaryimage\"},\"image\":{\"@id\":\"https:\/\/www.safinel.fr\/produit\/deodorant-naturel-lavande-patchouli-50g\/#primaryimage\"},\"thumbnailUrl\":\"https:\/\/www.safinel.fr\/wp-content\/uploads\/2021\/07\/555-large_default.jpg\",\"datePublished\":\"2021-07-24T18:58:58+00:00\",\"dateModified\":\"2023-12-30T13:55:58+00:00\",\"breadcrumb\":{\"@id\":\"https:\/\/www.safinel.fr\/produit\/deodorant-naturel-lavande-patchouli-50g\/#breadcrumb\"},\"inLanguage\":\"it-IT\",\"potentialAction\":[{\"@type\":\"ReadAction\",\"target\":[\"https:\/\/www.safinel.fr\/produit\/deodorant-naturel-lavande-patchouli-50g\/\"]}]},{\"@type\":\"ImageObject\",\"inLanguage\":\"it-IT\",\"@id\":\"https:\/\/www.safinel.fr\/produit\/deodorant-naturel-lavande-patchouli-50g\/#primaryimage\",\"url\":\"https:\/\/www.safinel.fr\/wp-content\/uploads\/2021\/07\/555-large_default.jpg\",\"contentUrl\":\"https:\/\/www.safinel.fr\/wp-content\/uploads\/2021\/07\/555-large_default.jpg\",\"width\":800,\"height\":800},{\"@type\":\"BreadcrumbList\",\"@id\":\"https:\/\/www.safinel.fr\/produit\/deodorant-naturel-lavande-patchouli-50g\/#breadcrumb\",\"itemListElement\":[{\"@type\":\"ListItem\",\"position\":1,\"name\":\"Accueil\",\"item\":\"https:\/\/www.safinel.fr\/\"},{\"@type\":\"ListItem\",\"position\":2,\"name\":\"Boutique\",\"item\":\"https:\/\/www.safinel.fr\/boutique\/\"},{\"@type\":\"ListItem\",\"position\":3,\"name\":\"D\u00e9odorant naturel &#8211; Lavande &#038; patchouli 50g\"}]},{\"@type\":\"WebSite\",\"@id\":\"https:\/\/www.safinel.fr\/#website\",\"url\":\"https:\/\/www.safinel.fr\/\",\"name\":\"Safinel\",\"description\":\"\",\"publisher\":{\"@id\":\"https:\/\/www.safinel.fr\/#organization\"},\"potentialAction\":[{\"@type\":\"SearchAction\",\"target\":{\"@type\":\"EntryPoint\",\"urlTemplate\":\"https:\/\/www.safinel.fr\/?s={search_term_string}\"},\"query-input\":{\"@type\":\"PropertyValueSpecification\",\"valueRequired\":true,\"valueName\":\"search_term_string\"}}],\"inLanguage\":\"it-IT\"},{\"@type\":\"Organization\",\"@id\":\"https:\/\/www.safinel.fr\/#organization\",\"name\":\"Safinel\",\"url\":\"https:\/\/www.safinel.fr\/\",\"logo\":{\"@type\":\"ImageObject\",\"inLanguage\":\"it-IT\",\"@id\":\"https:\/\/www.safinel.fr\/#\/schema\/logo\/image\/\",\"url\":\"https:\/\/www.safinel.fr\/wp-content\/uploads\/2021\/05\/boutique-cosmetique.png\",\"contentUrl\":\"https:\/\/www.safinel.fr\/wp-content\/uploads\/2021\/05\/boutique-cosmetique.png\",\"width\":800,\"height\":200,\"caption\":\"Safinel\"},\"image\":{\"@id\":\"https:\/\/www.safinel.fr\/#\/schema\/logo\/image\/\"}}]}<\/script>\n<!-- \/ Yoast SEO plugin. -->","yoast_head_json":{"title":"Deodorante naturale - Lavanda e Patchouli 50g - Safinel","robots":{"index":"index","follow":"follow","max-snippet":"max-snippet:-1","max-image-preview":"max-image-preview:large","max-video-preview":"max-video-preview:-1"},"canonical":"https:\/\/www.safinel.fr\/it\/prodotto\/deodorante-naturale-lavanda-patchouli-50g\/","og_locale":"it_IT","og_type":"article","og_title":"D\u00e9odorant naturel - Lavande & patchouli 50g - Safinel","og_description":"Pourquoi arr\u00eater d\u2019utiliser les d\u00e9odorants classiques ? Tout simplement pour adopter le d\u00e9odorant naturel lavande et patchouli, bien s\u00fbr !\u00a0 D\u00e9couvrez sans plus attendre cette cr\u00e8me d\u00e9odorante fabriqu\u00e9e en France, qui vous fera changer d\u2019avis sur la cosm\u00e9tique verte ! Le d\u00e9odorant naturel lavande et patchouli : votre nouvel alli\u00e9 au naturel !\u00a0 Ce d\u00e9odorant [...]","og_url":"https:\/\/www.safinel.fr\/it\/prodotto\/deodorante-naturale-lavanda-patchouli-50g\/","og_site_name":"Safinel","article_modified_time":"2023-12-30T13:55:58+00:00","og_image":[{"width":800,"height":800,"url":"https:\/\/www.safinel.fr\/wp-content\/uploads\/2021\/07\/555-large_default.jpg","type":"image\/jpeg"}],"twitter_card":"summary_large_image","twitter_misc":{"Tempo di lettura stimato":"2 minuti"},"schema":{"@context":"https:\/\/schema.org","@graph":[{"@type":"WebPage","@id":"https:\/\/www.safinel.fr\/produit\/deodorant-naturel-lavande-patchouli-50g\/","url":"https:\/\/www.safinel.fr\/produit\/deodorant-naturel-lavande-patchouli-50g\/","name":"Deodorante naturale - Lavanda e Patchouli 50g - Safinel","isPartOf":{"@id":"https:\/\/www.safinel.fr\/#website"},"primaryImageOfPage":{"@id":"https:\/\/www.safinel.fr\/produit\/deodorant-naturel-lavande-patchouli-50g\/#primaryimage"},"image":{"@id":"https:\/\/www.safinel.fr\/produit\/deodorant-naturel-lavande-patchouli-50g\/#primaryimage"},"thumbnailUrl":"https:\/\/www.safinel.fr\/wp-content\/uploads\/2021\/07\/555-large_default.jpg","datePublished":"2021-07-24T18:58:58+00:00","dateModified":"2023-12-30T13:55:58+00:00","breadcrumb":{"@id":"https:\/\/www.safinel.fr\/produit\/deodorant-naturel-lavande-patchouli-50g\/#breadcrumb"},"inLanguage":"it-IT","potentialAction":[{"@type":"ReadAction","target":["https:\/\/www.safinel.fr\/produit\/deodorant-naturel-lavande-patchouli-50g\/"]}]},{"@type":"ImageObject","inLanguage":"it-IT","@id":"https:\/\/www.safinel.fr\/produit\/deodorant-naturel-lavande-patchouli-50g\/#primaryimage","url":"https:\/\/www.safinel.fr\/wp-content\/uploads\/2021\/07\/555-large_default.jpg","contentUrl":"https:\/\/www.safinel.fr\/wp-content\/uploads\/2021\/07\/555-large_default.jpg","width":800,"height":800},{"@type":"BreadcrumbList","@id":"https:\/\/www.safinel.fr\/produit\/deodorant-naturel-lavande-patchouli-50g\/#breadcrumb","itemListElement":[{"@type":"ListItem","position":1,"name":"Accueil","item":"https:\/\/www.safinel.fr\/"},{"@type":"ListItem","position":2,"name":"Boutique","item":"https:\/\/www.safinel.fr\/boutique\/"},{"@type":"ListItem","position":3,"name":"D\u00e9odorant naturel &#8211; Lavande &#038; patchouli 50g"}]},{"@type":"WebSite","@id":"https:\/\/www.safinel.fr\/#website","url":"https:\/\/www.safinel.fr\/","name":"Safinel","description":"","publisher":{"@id":"https:\/\/www.safinel.fr\/#organization"},"potentialAction":[{"@type":"SearchAction","target":{"@type":"EntryPoint","urlTemplate":"https:\/\/www.safinel.fr\/?s={search_term_string}"},"query-input":{"@type":"PropertyValueSpecification","valueRequired":true,"valueName":"search_term_string"}}],"inLanguage":"it-IT"},{"@type":"Organization","@id":"https:\/\/www.safinel.fr\/#organization","name":"Safinel","url":"https:\/\/www.safinel.fr\/","logo":{"@type":"ImageObject","inLanguage":"it-IT","@id":"https:\/\/www.safinel.fr\/#\/schema\/logo\/image\/","url":"https:\/\/www.safinel.fr\/wp-content\/uploads\/2021\/05\/boutique-cosmetique.png","contentUrl":"https:\/\/www.safinel.fr\/wp-content\/uploads\/2021\/05\/boutique-cosmetique.png","width":800,"height":200,"caption":"Safinel"},"image":{"@id":"https:\/\/www.safinel.fr\/#\/schema\/logo\/image\/"}}]}},"_links":{"self":[{"href":"https:\/\/www.safinel.fr\/it\/wp-json\/wp\/v2\/product\/245","targetHints":{"allow":["GET"]}}],"collection":[{"href":"https:\/\/www.safinel.fr\/it\/wp-json\/wp\/v2\/product"}],"about":[{"href":"https:\/\/www.safinel.fr\/it\/wp-json\/wp\/v2\/types\/product"}],"wp:featuredmedia":[{"embeddable":true,"href":"https:\/\/www.safinel.fr\/it\/wp-json\/wp\/v2\/media\/275"}],"wp:attachment":[{"href":"https:\/\/www.safinel.fr\/it\/wp-json\/wp\/v2\/media?parent=245"}],"wp:term":[{"taxonomy":"product_brand","embeddable":true,"href":"https:\/\/www.safinel.fr\/it\/wp-json\/wp\/v2\/product_brand?post=245"},{"taxonomy":"product_cat","embeddable":true,"href":"https:\/\/www.safinel.fr\/it\/wp-json\/wp\/v2\/product_cat?post=245"},{"taxonomy":"product_tag","embeddable":true,"href":"https:\/\/www.safinel.fr\/it\/wp-json\/wp\/v2\/product_tag?post=245"}],"curies":[{"name":"wp","href":"https:\/\/api.w.org\/{rel}","templated":true}]}}