{"id":2448,"date":"2022-08-30T18:25:23","date_gmt":"2022-08-30T18:25:23","guid":{"rendered":"https:\/\/www.safinel.fr\/?post_type=product&#038;p=2448"},"modified":"2024-01-20T14:31:46","modified_gmt":"2024-01-20T14:31:46","slug":"citrullina-pura","status":"publish","type":"product","link":"https:\/\/www.safinel.fr\/it\/prodotto\/citrullina-pura\/","title":{"rendered":"Citrullina pura 200g"},"content":{"rendered":"<p>Se volete migliorare le vostre prestazioni sportive, favorire il recupero muscolare o sostenere il vostro sistema immunitario, dovete assolutamente conoscere\u00a0<strong>benefici della citrullina<\/strong>. In questo articolo vi diremo tutto quello che c'\u00e8 da sapere su questa molecola e dove trovarla.\u00a0<strong>prodotti di qualit\u00e0<\/strong>, come quelli offerti da Safinel.<\/p>\n<h2><strong>L'importanza della citrullina nel nostro organismo<\/strong><\/h2>\n<p>La citrullina \u00e8 un aminoacido non essenziale prodotto naturalmente dal nostro organismo. Svolge un ruolo importante in diversi processi metabolici, tra cui la riduzione dell'ammoniaca nel fegato, la produzione di energia nelle cellule e la sintesi dell'ossido nitrico (NO). Essendo l'ossido nitrico un vasodilatatore, migliora la circolazione sanguigna e quindi l'apporto di ossigeno e nutrienti ai muscoli durante l'esercizio. L'integrazione di citrullina pu\u00f2 quindi contribuire a migliorare la resistenza e le prestazioni durante l'attivit\u00e0 fisica.<\/p>\n<h3><strong>Migliorare le prestazioni sportive<\/strong><\/h3>\n<ul>\n<li>Aumento della sintesi di ossido nitrico (<strong>NO<\/strong>)<\/li>\n<li>Miglioramento della vasodilatazione<\/li>\n<li>Riduzione dell'affaticamento muscolare<\/li>\n<li>Crescita muscolare ottimizzata<\/li>\n<\/ul>\n<h3><strong>Protezione del sistema immunitario e recupero muscolare<\/strong><\/h3>\n<p>Oltre ad agire sulle prestazioni sportive, interviene anche nella regolazione dei processi metabolici legati al nostro sistema di difesa immunitaria. Inoltre, favorisce il recupero dopo lo sforzo fisico, aiutando a eliminare l'ammoniaca generata durante l'esercizio. In questo modo, riduce il rischio di dolori muscolari e crampi.<\/p>\n<h2><strong>Le diverse forme di citrullina<\/strong><\/h2>\n<p>Ci sono diversi\u00a0<strong>forme di Citrullina<\/strong>\u00a0sul mercato, ognuno con le proprie caratteristiche:<\/p>\n<ul>\n<li><strong>Malato<\/strong><\/li>\n<\/ul>\n<p>Citrullina <a href=\"https:\/\/www.safinel.fr\/it\/prodotto\/citrullina-malato\/\"><strong>Malato<\/strong><\/a> \u00e8 una combinazione di citrullina con un sale di acido malico. Viene spesso utilizzata negli integratori pre-allenamento per la sua capacit\u00e0 di migliorare la produzione di energia mitocondriale. Offre quindi un effetto sinergico per aumentare le prestazioni sportive e limitare la fatica, grazie sia all'azione vasodilatatrice della citrullina sia al ruolo energetico dell'acido malico.<\/p>\n<ul>\n<li><strong>L-Arginina<\/strong><\/li>\n<\/ul>\n<p>La citrullina \u00e8 combinata con la L-arginina, un altro aminoacido. In particolare, ottimizza la sintesi di NO nell'organismo e quindi favorisce una migliore vasodilatazione. Questa forma \u00e8 spesso preferita per gli integratori alimentari destinati a migliorare l'aumento della massa muscolare.<\/p>\n<ul>\n<li><strong>Citrullina pura<\/strong><\/li>\n<\/ul>\n<p>La Citrullina pura \u00e8 semplicemente la molecola in s\u00e9, senza alcuna associazione con altre sostanze. Ci\u00f2 consente di beneficiare degli effetti specifici di questo aminoacido senza interagire con altri componenti. In questo modo si evitano i potenziali rischi di allergie o intolleranze.<\/p>\n<h2><strong>Come si usa la citrullina?<\/strong><\/h2>\n<p>La citrullina pu\u00f2 essere assunta in diversi modi, a seconda degli obiettivi e delle preferenze:<\/p>\n<ul>\n<li><strong>In polvere<\/strong>\u00a0\u00c8 facile da mescolare in uno shaker o in acqua ed \u00e8 molto utile prima o dopo una sessione di sport.<\/li>\n<li><strong>In capsule o compresse<\/strong>\u00a0Questa forma offre anche facilit\u00e0 di consumo e precisione di dosaggio.<\/li>\n<\/ul>\n<p>La dose raccomandata varia generalmente tra\u00a0<strong>Da 2 a 6 g<\/strong>\u00a0al giorno, ma \u00e8 necessario seguire sempre le istruzioni del prodotto scelto.<\/p>\n<ul>\n<li><strong>Dove posso acquistare Citrullina pura e di qualit\u00e0?<\/strong><\/li>\n<\/ul>\n<p>Per i prodotti ricchi di citrullina. Cercate fornitori che sottolineino la purezza e la qualit\u00e0 delle loro materie prime, come il marchio Safinel. In effetti, \u00e8 meglio optare per un prodotto di cui si conoscono l'origine e i metodi di produzione.<\/p>\n<p>Non esitate a consultare il\u00a0<strong>blog<\/strong>\u00a0Se siete specialisti, iscrivetevi alla nostra newsletter o approfittate dei nostri codici promozionali per essere sempre aggiornati sulle ultime novit\u00e0 in materia di integratori alimentari come la Citrullina e beneficiare di interessanti sconti sui vostri acquisti.<\/p>","protected":false},"excerpt":{"rendered":"<p>Si vous cherchez \u00e0 am\u00e9liorer vos performances sportives, favoriser la r\u00e9cup\u00e9ration musculaire ou encore \u00e0 soutenir votre syst\u00e8me immunitaire, alors vous devez absolument d\u00e9couvrir les\u00a0bienfaits de la Citrulline. Dans cet article, nous vous pr\u00e9sentons tout ce que vous devez savoir sur cette mol\u00e9cule et o\u00f9 trouver des\u00a0produits de qualit\u00e9, tels que ceux propos\u00e9s par Safinel. [&#8230;]","protected":false},"featured_media":2449,"template":"","meta":[],"product_brand":[],"product_cat":[28],"product_tag":[],"class_list":{"0":"post-2448","1":"product","2":"type-product","3":"status-publish","4":"has-post-thumbnail","6":"product_cat-divers","8":"first","9":"outofstock","10":"shipping-taxable","11":"purchasable","12":"product-type-simple"},"yoast_head":"<!-- This site is optimized with the Yoast SEO plugin v26.6 - https:\/\/yoast.com\/wordpress\/plugins\/seo\/ -->\n<title>Citrulline Pure | Bienfaits nombreux | Achat rapide en France<\/title>\n<meta name=\"description\" content=\"Si vous cherchez \u00e0 am\u00e9liorer vos performances sportives, alors vous devez absolument d\u00e9couvrir les\u00a0bienfaits de la Citrulline.\" \/>\n<meta name=\"robots\" content=\"index, follow, max-snippet:-1, max-image-preview:large, max-video-preview:-1\" \/>\n<link rel=\"canonical\" href=\"https:\/\/www.safinel.fr\/it\/prodotto\/citrullina-pura\/\" \/>\n<meta property=\"og:locale\" content=\"it_IT\" \/>\n<meta property=\"og:type\" content=\"article\" \/>\n<meta property=\"og:title\" content=\"Citrulline Pure | Bienfaits nombreux | Achat rapide en France\" \/>\n<meta property=\"og:description\" content=\"Si vous cherchez \u00e0 am\u00e9liorer vos performances sportives, alors vous devez absolument d\u00e9couvrir les\u00a0bienfaits de la Citrulline.\" \/>\n<meta property=\"og:url\" content=\"https:\/\/www.safinel.fr\/it\/prodotto\/citrullina-pura\/\" \/>\n<meta property=\"og:site_name\" content=\"Safinel\" \/>\n<meta property=\"article:modified_time\" content=\"2024-01-20T14:31:46+00:00\" \/>\n<meta property=\"og:image\" content=\"https:\/\/www.safinel.fr\/wp-content\/uploads\/2022\/08\/pure-citrulline.jpg\" \/>\n\t<meta property=\"og:image:width\" content=\"600\" \/>\n\t<meta property=\"og:image:height\" content=\"600\" \/>\n\t<meta property=\"og:image:type\" content=\"image\/jpeg\" \/>\n<meta name=\"twitter:card\" content=\"summary_large_image\" \/>\n<meta name=\"twitter:label1\" content=\"Tempo di lettura stimato\" \/>\n\t<meta name=\"twitter:data1\" content=\"3 minuti\" \/>\n<script type=\"application\/ld+json\" class=\"yoast-schema-graph\">{\"@context\":\"https:\/\/schema.org\",\"@graph\":[{\"@type\":\"WebPage\",\"@id\":\"https:\/\/www.safinel.fr\/produit\/pure-citrulline\/\",\"url\":\"https:\/\/www.safinel.fr\/produit\/pure-citrulline\/\",\"name\":\"Citrulline Pure | Bienfaits nombreux | Achat rapide en France\",\"isPartOf\":{\"@id\":\"https:\/\/www.safinel.fr\/#website\"},\"primaryImageOfPage\":{\"@id\":\"https:\/\/www.safinel.fr\/produit\/pure-citrulline\/#primaryimage\"},\"image\":{\"@id\":\"https:\/\/www.safinel.fr\/produit\/pure-citrulline\/#primaryimage\"},\"thumbnailUrl\":\"https:\/\/www.safinel.fr\/wp-content\/uploads\/2022\/08\/pure-citrulline.jpg\",\"datePublished\":\"2022-08-30T18:25:23+00:00\",\"dateModified\":\"2024-01-20T14:31:46+00:00\",\"description\":\"Si vous cherchez \u00e0 am\u00e9liorer vos performances sportives, alors vous devez absolument d\u00e9couvrir les\u00a0bienfaits de la Citrulline.\",\"breadcrumb\":{\"@id\":\"https:\/\/www.safinel.fr\/produit\/pure-citrulline\/#breadcrumb\"},\"inLanguage\":\"it-IT\",\"potentialAction\":[{\"@type\":\"ReadAction\",\"target\":[\"https:\/\/www.safinel.fr\/produit\/pure-citrulline\/\"]}]},{\"@type\":\"ImageObject\",\"inLanguage\":\"it-IT\",\"@id\":\"https:\/\/www.safinel.fr\/produit\/pure-citrulline\/#primaryimage\",\"url\":\"https:\/\/www.safinel.fr\/wp-content\/uploads\/2022\/08\/pure-citrulline.jpg\",\"contentUrl\":\"https:\/\/www.safinel.fr\/wp-content\/uploads\/2022\/08\/pure-citrulline.jpg\",\"width\":600,\"height\":600,\"caption\":\"Citrulline 200g\"},{\"@type\":\"BreadcrumbList\",\"@id\":\"https:\/\/www.safinel.fr\/produit\/pure-citrulline\/#breadcrumb\",\"itemListElement\":[{\"@type\":\"ListItem\",\"position\":1,\"name\":\"Accueil\",\"item\":\"https:\/\/www.safinel.fr\/\"},{\"@type\":\"ListItem\",\"position\":2,\"name\":\"Boutique\",\"item\":\"https:\/\/www.safinel.fr\/boutique\/\"},{\"@type\":\"ListItem\",\"position\":3,\"name\":\"Pure Citrulline 200g\"}]},{\"@type\":\"WebSite\",\"@id\":\"https:\/\/www.safinel.fr\/#website\",\"url\":\"https:\/\/www.safinel.fr\/\",\"name\":\"Safinel\",\"description\":\"\",\"publisher\":{\"@id\":\"https:\/\/www.safinel.fr\/#organization\"},\"potentialAction\":[{\"@type\":\"SearchAction\",\"target\":{\"@type\":\"EntryPoint\",\"urlTemplate\":\"https:\/\/www.safinel.fr\/?s={search_term_string}\"},\"query-input\":{\"@type\":\"PropertyValueSpecification\",\"valueRequired\":true,\"valueName\":\"search_term_string\"}}],\"inLanguage\":\"it-IT\"},{\"@type\":\"Organization\",\"@id\":\"https:\/\/www.safinel.fr\/#organization\",\"name\":\"Safinel\",\"url\":\"https:\/\/www.safinel.fr\/\",\"logo\":{\"@type\":\"ImageObject\",\"inLanguage\":\"it-IT\",\"@id\":\"https:\/\/www.safinel.fr\/#\/schema\/logo\/image\/\",\"url\":\"https:\/\/www.safinel.fr\/wp-content\/uploads\/2021\/05\/boutique-cosmetique.png\",\"contentUrl\":\"https:\/\/www.safinel.fr\/wp-content\/uploads\/2021\/05\/boutique-cosmetique.png\",\"width\":800,\"height\":200,\"caption\":\"Safinel\"},\"image\":{\"@id\":\"https:\/\/www.safinel.fr\/#\/schema\/logo\/image\/\"}}]}<\/script>\n<!-- \/ Yoast SEO plugin. -->","yoast_head_json":{"title":"Citrulline Pure | Molti benefici | Acquistare velocemente in Francia","description":"Se volete migliorare le vostre prestazioni sportive, dovete assolutamente scoprire i benefici della citrullina.","robots":{"index":"index","follow":"follow","max-snippet":"max-snippet:-1","max-image-preview":"max-image-preview:large","max-video-preview":"max-video-preview:-1"},"canonical":"https:\/\/www.safinel.fr\/it\/prodotto\/citrullina-pura\/","og_locale":"it_IT","og_type":"article","og_title":"Citrulline Pure | Bienfaits nombreux | Achat rapide en France","og_description":"Si vous cherchez \u00e0 am\u00e9liorer vos performances sportives, alors vous devez absolument d\u00e9couvrir les\u00a0bienfaits de la Citrulline.","og_url":"https:\/\/www.safinel.fr\/it\/prodotto\/citrullina-pura\/","og_site_name":"Safinel","article_modified_time":"2024-01-20T14:31:46+00:00","og_image":[{"width":600,"height":600,"url":"https:\/\/www.safinel.fr\/wp-content\/uploads\/2022\/08\/pure-citrulline.jpg","type":"image\/jpeg"}],"twitter_card":"summary_large_image","twitter_misc":{"Tempo di lettura stimato":"3 minuti"},"schema":{"@context":"https:\/\/schema.org","@graph":[{"@type":"WebPage","@id":"https:\/\/www.safinel.fr\/produit\/pure-citrulline\/","url":"https:\/\/www.safinel.fr\/produit\/pure-citrulline\/","name":"Citrulline Pure | Molti benefici | Acquistare velocemente in Francia","isPartOf":{"@id":"https:\/\/www.safinel.fr\/#website"},"primaryImageOfPage":{"@id":"https:\/\/www.safinel.fr\/produit\/pure-citrulline\/#primaryimage"},"image":{"@id":"https:\/\/www.safinel.fr\/produit\/pure-citrulline\/#primaryimage"},"thumbnailUrl":"https:\/\/www.safinel.fr\/wp-content\/uploads\/2022\/08\/pure-citrulline.jpg","datePublished":"2022-08-30T18:25:23+00:00","dateModified":"2024-01-20T14:31:46+00:00","description":"Se volete migliorare le vostre prestazioni sportive, dovete assolutamente scoprire i benefici della citrullina.","breadcrumb":{"@id":"https:\/\/www.safinel.fr\/produit\/pure-citrulline\/#breadcrumb"},"inLanguage":"it-IT","potentialAction":[{"@type":"ReadAction","target":["https:\/\/www.safinel.fr\/produit\/pure-citrulline\/"]}]},{"@type":"ImageObject","inLanguage":"it-IT","@id":"https:\/\/www.safinel.fr\/produit\/pure-citrulline\/#primaryimage","url":"https:\/\/www.safinel.fr\/wp-content\/uploads\/2022\/08\/pure-citrulline.jpg","contentUrl":"https:\/\/www.safinel.fr\/wp-content\/uploads\/2022\/08\/pure-citrulline.jpg","width":600,"height":600,"caption":"Citrulline 200g"},{"@type":"BreadcrumbList","@id":"https:\/\/www.safinel.fr\/produit\/pure-citrulline\/#breadcrumb","itemListElement":[{"@type":"ListItem","position":1,"name":"Accueil","item":"https:\/\/www.safinel.fr\/"},{"@type":"ListItem","position":2,"name":"Boutique","item":"https:\/\/www.safinel.fr\/boutique\/"},{"@type":"ListItem","position":3,"name":"Pure Citrulline 200g"}]},{"@type":"WebSite","@id":"https:\/\/www.safinel.fr\/#website","url":"https:\/\/www.safinel.fr\/","name":"Safinel","description":"","publisher":{"@id":"https:\/\/www.safinel.fr\/#organization"},"potentialAction":[{"@type":"SearchAction","target":{"@type":"EntryPoint","urlTemplate":"https:\/\/www.safinel.fr\/?s={search_term_string}"},"query-input":{"@type":"PropertyValueSpecification","valueRequired":true,"valueName":"search_term_string"}}],"inLanguage":"it-IT"},{"@type":"Organization","@id":"https:\/\/www.safinel.fr\/#organization","name":"Safinel","url":"https:\/\/www.safinel.fr\/","logo":{"@type":"ImageObject","inLanguage":"it-IT","@id":"https:\/\/www.safinel.fr\/#\/schema\/logo\/image\/","url":"https:\/\/www.safinel.fr\/wp-content\/uploads\/2021\/05\/boutique-cosmetique.png","contentUrl":"https:\/\/www.safinel.fr\/wp-content\/uploads\/2021\/05\/boutique-cosmetique.png","width":800,"height":200,"caption":"Safinel"},"image":{"@id":"https:\/\/www.safinel.fr\/#\/schema\/logo\/image\/"}}]}},"_links":{"self":[{"href":"https:\/\/www.safinel.fr\/it\/wp-json\/wp\/v2\/product\/2448","targetHints":{"allow":["GET"]}}],"collection":[{"href":"https:\/\/www.safinel.fr\/it\/wp-json\/wp\/v2\/product"}],"about":[{"href":"https:\/\/www.safinel.fr\/it\/wp-json\/wp\/v2\/types\/product"}],"wp:featuredmedia":[{"embeddable":true,"href":"https:\/\/www.safinel.fr\/it\/wp-json\/wp\/v2\/media\/2449"}],"wp:attachment":[{"href":"https:\/\/www.safinel.fr\/it\/wp-json\/wp\/v2\/media?parent=2448"}],"wp:term":[{"taxonomy":"product_brand","embeddable":true,"href":"https:\/\/www.safinel.fr\/it\/wp-json\/wp\/v2\/product_brand?post=2448"},{"taxonomy":"product_cat","embeddable":true,"href":"https:\/\/www.safinel.fr\/it\/wp-json\/wp\/v2\/product_cat?post=2448"},{"taxonomy":"product_tag","embeddable":true,"href":"https:\/\/www.safinel.fr\/it\/wp-json\/wp\/v2\/product_tag?post=2448"}],"curies":[{"name":"wp","href":"https:\/\/api.w.org\/{rel}","templated":true}]}}