{"id":244,"date":"2021-07-24T18:58:58","date_gmt":"2021-07-24T18:58:58","guid":{"rendered":"https:\/\/www.safinel.fr\/?post_type=product&#038;p=244"},"modified":"2023-12-30T13:55:53","modified_gmt":"2023-12-30T13:55:53","slug":"deodorante-naturale-curae-men-50g","status":"publish","type":"product","link":"https:\/\/www.safinel.fr\/it\/prodotto\/deodorante-naturale-curae-men-50g\/","title":{"rendered":"Deodorante naturale Curae Homme 50g"},"content":{"rendered":"<p>Il<b> prodotti per l'igiene e la cura<\/b> hanno avuto qualche difficolt\u00e0 sul mercato francese negli ultimi anni. Tuttavia, i deodoranti per uomo resistono! Ma c'\u00e8 un'altra cosa da aggiungere, ed \u00e8 che <b>antitraspiranti <\/b>e altri <b>deodoranti classici <\/b>con sali di alluminio sono in calo! E questa \u00e8 una buona notizia. Allo stesso tempo, gli uomini mostrano un crescente interesse per i deodoranti pi\u00f9 naturali!<i> Privo di interferenti endocrini e pi\u00f9 rispettoso dell'ambiente.<span class=\"Apple-converted-space\">\u00a0<\/span><\/i>Noi di D\u00e9odorant Naturel siamo molto incoraggiati da questa tendenza. E ci spinge ad offrirvi <b>una gamma ancora pi\u00f9 completa e varia di deodoranti naturali.<span class=\"Apple-converted-space\">\u00a0<\/span><\/b>In effetti, pensavamo che le donne avessero un'ampia scelta nel nostro dipartimento di <b>creme deodoranti<\/b>. E gli uomini? Arriva il <b>deodorante per uomo<\/b>\u00a0<strong>100% naturale<\/strong> ! E come suggerisce il nome, \u00e8 per uomini!<span class=\"Apple-converted-space\">\u00a0<\/span><\/p>\n<h2><b>Deodorante naturale, un trattamento che fa bene<span class=\"Apple-converted-space\">\u00a0<\/span><\/b><\/h2>\n<p>Il deodorante naturale \u00e8 un <b>prodotto per l'igiene<\/b> sempre pi\u00f9 popolare. Sia per le donne che per gli uomini!<span class=\"Apple-converted-space\">\u00a0<\/span><\/p>\n<p>Al momento dell'acquisto, pu\u00f2 sembrare un po' pi\u00f9 costoso di un deodorante classico. Ma non lasciatevi ingannare! <i>Il deodorante naturale pu\u00f2 essere ricaricato<\/i>, E quindi, alla fine, \u00e8 molto pi\u00f9 economico di un deodorante commerciale.<span class=\"Apple-converted-space\">\u00a0<\/span><\/p>\n<p>Per non parlare del fatto che \u00e8 <b>ecologico, economico<\/b> e naturalmente <b>rispetto della vostra salute!<span class=\"Apple-converted-space\">\u00a0<\/span><\/b><\/p>\n<h3><b>Curae, il deodorante che pensa a tutto<span class=\"Apple-converted-space\">\u00a0<\/span><\/b><\/h3>\n<p>Il deodorante naturale Curae per uomo \u00e8 <b>100% naturale<\/b>. Viene fornito in una scatola di metallo completamente riciclabile. E infinitamente riutilizzabile. \u00c8 l'equivalente di 2 o addirittura 3 deodoranti in stick!<span class=\"Apple-converted-space\">\u00a0<\/span><\/p>\n<p>Questo<b> deodorante in crema per uomo<\/b> regola la traspirazione senza danneggiare la pelle. \u00c8 adatto anche alle pelli pi\u00f9 sensibili, anche dopo la rasatura. La presenza di bicarbonato di sodio permette di<i> leniscono le bruciature da rasoio e prevengono possibili infezioni.<\/i><span class=\"Apple-converted-space\">\u00a0<\/span><\/p>\n<p>Ha un<b> profumo maschile molto piacevole <\/b>e non inebriante. Vi piacer\u00e0 <b>la sottile miscela di legno di cedro rinvigorente e limone frizzante.<span class=\"Apple-converted-space\">\u00a0<\/span><\/b><\/p>\n<p>Questo prodotto \u00e8 <b>Prodotto in Francia, non testato sugli animali<\/b>, e ha un <b>composizione impeccabile<\/b>. Vi lasciamo controllare da soli:<span class=\"Apple-converted-space\">\u00a0<\/span><\/p>\n<p><b>Ingredienti:<\/b> <i>OLIO DI COCO NUCIFERA (olio di cocco), BICARBONATO DI SODIO (bicarbonato di sodio), CERA ALBA (cera alba), OLIO DI CEDRUS ATLANTICA (olio di corteccia di cedro dell'Atlante), OLIO DI SEMI DI CITRUS PARADISI (olio di semi di pompelmo), CITRUS LIMONUM (<a href=\"https:\/\/www.passeportsante.net\/fr\/Solutions\/HuilesEssentielles\/Fiche.aspx?doc=huile-essentielle-citron\" target=\"_blank\" rel=\"noopener noreferrer\"><strong>olio essenziale di limone<\/strong><\/a>), OLIO DI CITRUS LIMON PEEL (olio essenziale di scorza di limone)<span class=\"Apple-converted-space\">\u00a0<\/span><\/i><\/p>\n<h3><b>Un deodorante per uomo, non un antitraspirante!<span class=\"Apple-converted-space\">\u00a0<\/span><\/b><\/h3>\n<p>Spesso sono apprezzate per la loro azione contro la sudorazione, <b>i famosi antitraspiranti sono ben lungi dal fare bene alla salute<\/b> !<span class=\"Apple-converted-space\">\u00a0<\/span><\/p>\n<p>Contengono molecole altamente irritanti. Sono responsabili dell'infiammazione ascellare. Di conseguenza, la pelle si ispessisce, ostruendo i pori. Le ghiandole sudoripare, responsabili della traspirazione, non possono fare il loro lavoro! Questo fenomeno \u00e8 noto come \u00ab\u00a0<i>teoria del sughero<\/i>\u00a0\u00bbPer illustrare l'effetto degli antitraspiranti.<span class=\"Apple-converted-space\">\u00a0<\/span><\/p>\n<p>Come si fa a smettere di sudare?<span class=\"Apple-converted-space\">\u00a0<\/span><\/p>\n<p>Non possiamo! Fortunatamente no. Perch\u00e9 \u00e8 un processo del tutto naturale e il corpo ne ha bisogno. Anche per regolare il calore corporeo. Vi piacerebbe surriscaldarvi?<\/p>\n<p>Adottando una<b> deodorante naturale per uomo,<\/b> imparate a convivere meglio con i vostri odori corporei. Avrete <b>un buon odore,<\/b> cos\u00ec come un <b>una vera sensazione di pulizia e freschezza. <\/b>Nel rispetto del proprio corpo. Non \u00e8 bella la vita?<span class=\"Apple-converted-space\">\u00a0<\/span><\/p>\n<h3><b>Quali sono le propriet\u00e0 di questo prodotto per l'igiene maschile?<span class=\"Apple-converted-space\">\u00a0<\/span><\/b><\/h3>\n<p>Questo deodorante naturale per uomo ha molti vantaggi. Sia per voi che per l'ambiente:<span class=\"Apple-converted-space\">\u00a0<\/span><\/p>\n<ul>\n<li>Non blocca la traspirazione, ma agisce direttamente sui batteri responsabili dei cattivi odori.<\/li>\n<li>Questo deodorante cremoso dona freschezza e una tenuta garantita a lungo.<span class=\"Apple-converted-space\">\u00a0<\/span><\/li>\n<li>Non contiene <i>non contiene sali di alluminio, prodotti petrolchimici, sintetici, oli idrogenati, interferenti endocrini, siliconi, polimeri o ftalati<\/i><\/li>\n<li>Completamente riciclabile, \u00e8 una <b>prodotto a rifiuti zero<span class=\"Apple-converted-space\">\u00a0<\/span><\/b><\/li>\n<\/ul>\n<h3><b>Non dimenticate di ricaricarvi!<span class=\"Apple-converted-space\">\u00a0<\/span><\/b><\/h3>\n<p>Vi abbiamo detto che questo deodorante naturale per uomo ha molti benefici! Quando avrete finito il vostro super deodorante, ricordatevi di ordinarlo. Non un altro barattolo, solo una ricarica! <i>\u00c8 meno costoso e pi\u00f9 rispettoso dell'ambiente<\/i>. Cos\u00ec \u00e8 possibile acquistare il <b>ricarica di deodorante per uomo, 30 g<\/b>. Oppure provate un nuovo arrivato, a voi la scelta. Come <b>il <a href=\"https:\/\/www.deodorant-naturel.com\/produit\/recharge-de-deodorant-naturel-musc-tahara\/\">ricarica deodorante naturale al muschio di tahara<\/a><\/b>. Una fragranza miscelata che vi lascer\u00e0 un delizioso profumo di pulito e di fresco.<span class=\"Apple-converted-space\">\u00a0<\/span><\/p>\n<p>Inoltre, <i>Le nostre ricariche sono consegnate in confezioni biodegradabili 100%.<\/i> Realizzato con fibra di canna da zucchero e amido di mais per il coperchio.<span class=\"Apple-converted-space\">\u00a0<\/span><\/p>\n<h3><b>Come si usa il nostro deodorante naturale per uomo 100%?<\/b><\/h3>\n<p>Non abbiamo la presunzione di dirvi come si usa un deodorante. Ma va detto che questo formato di crema non \u00e8 necessariamente comune a tutti. Quindi vi daremo comunque qualche indicazione:<span class=\"Apple-converted-space\">\u00a0<\/span><\/p>\n<ol>\n<li>Preferibilmente dopo la doccia, applicare un pizzico di deodorante naturale per uomo con il dito (a voi la scelta!).<span class=\"Apple-converted-space\">\u00a0<\/span><\/li>\n<li>\u00c8 sempre meglio applicare sotto le ascelle pulite e asciutte.<span class=\"Apple-converted-space\">\u00a0<\/span><\/li>\n<\/ol>\n<p>Se non volete applicare il deodorante con le dita, optate per un utensile! Esistono piccoli cucchiai di plastica piatti che possono fare al caso vostro. S\u00ec, di plastica! Sono lavabili e riutilizzabili all'infinito, quindi non ci sono sprechi.<span class=\"Apple-converted-space\">\u00a0<\/span><\/p>\n<p><b>Precauzioni<span class=\"Apple-converted-space\">\u00a0<\/span><\/b><\/p>\n<p>Ecco alcune precauzioni per l'uso del deodorante:<span class=\"Apple-converted-space\">\u00a0<\/span><\/p>\n<ul>\n<li>Sebbene sia naturale, si consiglia di testarlo almeno 24 ore prima dell'uso. In caso di allergia, interrompere l'uso.<span class=\"Apple-converted-space\">\u00a0<\/span><\/li>\n<li>Tenere fuori dalla portata delle manine curiose.<span class=\"Apple-converted-space\">\u00a0<\/span><\/li>\n<li>Chiudere il coperchio dopo ogni utilizzo.<span class=\"Apple-converted-space\">\u00a0<\/span><\/li>\n<li><b>Non adatto alle donne in gravidanza.<\/b> Signore, preferite <b>il <a href=\"https:\/\/www.deodorant-naturel.com\/produit\/deodorant-100-naturel-femme-enceinte\/\">deodorante naturale per donne in gravidanza<\/a><\/b> ! S\u00ec, pensiamo a tutto!<span class=\"Apple-converted-space\">\u00a0<\/span><\/li>\n<li>Non ingerire. (Sul serio!)<span class=\"Apple-converted-space\">\u00a0<\/span><\/li>\n<\/ul>\n<h3><b>Per una buona conservazione<span class=\"Apple-converted-space\">\u00a0del vostro deodorante per uomo<\/span><\/b><\/h3>\n<p>Questo <b>deodorante naturale in crema <\/b>per uomo \u00e8 pratico e facile da usare. Ma richiede comunque un'attenzione particolare. Durante le stagioni pi\u00f9 fresche, nessun problema. Ma durante l'estate, se le temperature iniziano a salire, il vostro deodorante potrebbe dover essere leggermente pi\u00f9 liquido. Non c'\u00e8 nulla di complicato in questo! Conservarlo in frigorifero pu\u00f2 essere una buona soluzione.<span class=\"Apple-converted-space\">\u00a0<\/span><\/p>\n<p><b>\u00c8 meglio rispettare la data di scadenza riportata sulla confezione del prodotto.<\/b><\/p>","protected":false},"excerpt":{"rendered":"<p>Les produits d\u2019hygi\u00e8ne et de soin sont un peu en peine sur le march\u00e9 fran\u00e7ais ces derni\u00e8res ann\u00e9es. Toutefois, les d\u00e9odorants pour homme arrivent \u00e0 se maintenir ! Mais il faut ajouter une pr\u00e9cision, et pas des moindres : les anti-transpirants et autres d\u00e9odorants classiques avec sels d\u2019aluminium sont en d\u00e9clin ! Et c\u2019est une [&#8230;]","protected":false},"featured_media":274,"template":"","meta":[],"product_brand":[],"product_cat":[32],"product_tag":[],"class_list":{"0":"post-244","1":"product","2":"type-product","3":"status-publish","4":"has-post-thumbnail","6":"product_cat-curae","8":"first","9":"outofstock","10":"shipping-taxable","11":"purchasable","12":"product-type-simple"},"yoast_head":"<!-- This site is optimized with the Yoast SEO plugin v26.6 - https:\/\/yoast.com\/wordpress\/plugins\/seo\/ -->\n<title>D\u00e9odorant naturel Curae Homme 50g - Safinel<\/title>\n<meta name=\"robots\" content=\"index, follow, max-snippet:-1, max-image-preview:large, max-video-preview:-1\" \/>\n<link rel=\"canonical\" href=\"https:\/\/www.safinel.fr\/it\/prodotto\/deodorante-naturale-curae-men-50g\/\" \/>\n<meta property=\"og:locale\" content=\"it_IT\" \/>\n<meta property=\"og:type\" content=\"article\" \/>\n<meta property=\"og:title\" content=\"D\u00e9odorant naturel Curae Homme 50g - Safinel\" \/>\n<meta property=\"og:description\" content=\"Les produits d\u2019hygi\u00e8ne et de soin sont un peu en peine sur le march\u00e9 fran\u00e7ais ces derni\u00e8res ann\u00e9es. Toutefois, les d\u00e9odorants pour homme arrivent \u00e0 se maintenir ! Mais il faut ajouter une pr\u00e9cision, et pas des moindres : les anti-transpirants et autres d\u00e9odorants classiques avec sels d\u2019aluminium sont en d\u00e9clin ! Et c\u2019est une [...]\" \/>\n<meta property=\"og:url\" content=\"https:\/\/www.safinel.fr\/it\/prodotto\/deodorante-naturale-curae-men-50g\/\" \/>\n<meta property=\"og:site_name\" content=\"Safinel\" \/>\n<meta property=\"article:modified_time\" content=\"2023-12-30T13:55:53+00:00\" \/>\n<meta property=\"og:image\" content=\"https:\/\/www.safinel.fr\/wp-content\/uploads\/2021\/07\/561-large_default.jpg\" \/>\n\t<meta property=\"og:image:width\" content=\"800\" \/>\n\t<meta property=\"og:image:height\" content=\"800\" \/>\n\t<meta property=\"og:image:type\" content=\"image\/jpeg\" \/>\n<meta name=\"twitter:card\" content=\"summary_large_image\" \/>\n<meta name=\"twitter:label1\" content=\"Tempo di lettura stimato\" \/>\n\t<meta name=\"twitter:data1\" content=\"6 minuti\" \/>\n<script type=\"application\/ld+json\" class=\"yoast-schema-graph\">{\"@context\":\"https:\/\/schema.org\",\"@graph\":[{\"@type\":\"WebPage\",\"@id\":\"https:\/\/www.safinel.fr\/produit\/deodorant-naturel-curae-homme-50g\/\",\"url\":\"https:\/\/www.safinel.fr\/produit\/deodorant-naturel-curae-homme-50g\/\",\"name\":\"D\u00e9odorant naturel Curae Homme 50g - Safinel\",\"isPartOf\":{\"@id\":\"https:\/\/www.safinel.fr\/#website\"},\"primaryImageOfPage\":{\"@id\":\"https:\/\/www.safinel.fr\/produit\/deodorant-naturel-curae-homme-50g\/#primaryimage\"},\"image\":{\"@id\":\"https:\/\/www.safinel.fr\/produit\/deodorant-naturel-curae-homme-50g\/#primaryimage\"},\"thumbnailUrl\":\"https:\/\/www.safinel.fr\/wp-content\/uploads\/2021\/07\/561-large_default.jpg\",\"datePublished\":\"2021-07-24T18:58:58+00:00\",\"dateModified\":\"2023-12-30T13:55:53+00:00\",\"breadcrumb\":{\"@id\":\"https:\/\/www.safinel.fr\/produit\/deodorant-naturel-curae-homme-50g\/#breadcrumb\"},\"inLanguage\":\"it-IT\",\"potentialAction\":[{\"@type\":\"ReadAction\",\"target\":[\"https:\/\/www.safinel.fr\/produit\/deodorant-naturel-curae-homme-50g\/\"]}]},{\"@type\":\"ImageObject\",\"inLanguage\":\"it-IT\",\"@id\":\"https:\/\/www.safinel.fr\/produit\/deodorant-naturel-curae-homme-50g\/#primaryimage\",\"url\":\"https:\/\/www.safinel.fr\/wp-content\/uploads\/2021\/07\/561-large_default.jpg\",\"contentUrl\":\"https:\/\/www.safinel.fr\/wp-content\/uploads\/2021\/07\/561-large_default.jpg\",\"width\":800,\"height\":800},{\"@type\":\"BreadcrumbList\",\"@id\":\"https:\/\/www.safinel.fr\/produit\/deodorant-naturel-curae-homme-50g\/#breadcrumb\",\"itemListElement\":[{\"@type\":\"ListItem\",\"position\":1,\"name\":\"Accueil\",\"item\":\"https:\/\/www.safinel.fr\/\"},{\"@type\":\"ListItem\",\"position\":2,\"name\":\"Boutique\",\"item\":\"https:\/\/www.safinel.fr\/boutique\/\"},{\"@type\":\"ListItem\",\"position\":3,\"name\":\"D\u00e9odorant naturel Curae Homme 50g\"}]},{\"@type\":\"WebSite\",\"@id\":\"https:\/\/www.safinel.fr\/#website\",\"url\":\"https:\/\/www.safinel.fr\/\",\"name\":\"Safinel\",\"description\":\"\",\"publisher\":{\"@id\":\"https:\/\/www.safinel.fr\/#organization\"},\"potentialAction\":[{\"@type\":\"SearchAction\",\"target\":{\"@type\":\"EntryPoint\",\"urlTemplate\":\"https:\/\/www.safinel.fr\/?s={search_term_string}\"},\"query-input\":{\"@type\":\"PropertyValueSpecification\",\"valueRequired\":true,\"valueName\":\"search_term_string\"}}],\"inLanguage\":\"it-IT\"},{\"@type\":\"Organization\",\"@id\":\"https:\/\/www.safinel.fr\/#organization\",\"name\":\"Safinel\",\"url\":\"https:\/\/www.safinel.fr\/\",\"logo\":{\"@type\":\"ImageObject\",\"inLanguage\":\"it-IT\",\"@id\":\"https:\/\/www.safinel.fr\/#\/schema\/logo\/image\/\",\"url\":\"https:\/\/www.safinel.fr\/wp-content\/uploads\/2021\/05\/boutique-cosmetique.png\",\"contentUrl\":\"https:\/\/www.safinel.fr\/wp-content\/uploads\/2021\/05\/boutique-cosmetique.png\",\"width\":800,\"height\":200,\"caption\":\"Safinel\"},\"image\":{\"@id\":\"https:\/\/www.safinel.fr\/#\/schema\/logo\/image\/\"}}]}<\/script>\n<!-- \/ Yoast SEO plugin. -->","yoast_head_json":{"title":"Deodorante naturale Curae Homme 50g - Safinel","robots":{"index":"index","follow":"follow","max-snippet":"max-snippet:-1","max-image-preview":"max-image-preview:large","max-video-preview":"max-video-preview:-1"},"canonical":"https:\/\/www.safinel.fr\/it\/prodotto\/deodorante-naturale-curae-men-50g\/","og_locale":"it_IT","og_type":"article","og_title":"D\u00e9odorant naturel Curae Homme 50g - Safinel","og_description":"Les produits d\u2019hygi\u00e8ne et de soin sont un peu en peine sur le march\u00e9 fran\u00e7ais ces derni\u00e8res ann\u00e9es. Toutefois, les d\u00e9odorants pour homme arrivent \u00e0 se maintenir ! Mais il faut ajouter une pr\u00e9cision, et pas des moindres : les anti-transpirants et autres d\u00e9odorants classiques avec sels d\u2019aluminium sont en d\u00e9clin ! Et c\u2019est une [...]","og_url":"https:\/\/www.safinel.fr\/it\/prodotto\/deodorante-naturale-curae-men-50g\/","og_site_name":"Safinel","article_modified_time":"2023-12-30T13:55:53+00:00","og_image":[{"width":800,"height":800,"url":"https:\/\/www.safinel.fr\/wp-content\/uploads\/2021\/07\/561-large_default.jpg","type":"image\/jpeg"}],"twitter_card":"summary_large_image","twitter_misc":{"Tempo di lettura stimato":"6 minuti"},"schema":{"@context":"https:\/\/schema.org","@graph":[{"@type":"WebPage","@id":"https:\/\/www.safinel.fr\/produit\/deodorant-naturel-curae-homme-50g\/","url":"https:\/\/www.safinel.fr\/produit\/deodorant-naturel-curae-homme-50g\/","name":"Deodorante naturale Curae Homme 50g - Safinel","isPartOf":{"@id":"https:\/\/www.safinel.fr\/#website"},"primaryImageOfPage":{"@id":"https:\/\/www.safinel.fr\/produit\/deodorant-naturel-curae-homme-50g\/#primaryimage"},"image":{"@id":"https:\/\/www.safinel.fr\/produit\/deodorant-naturel-curae-homme-50g\/#primaryimage"},"thumbnailUrl":"https:\/\/www.safinel.fr\/wp-content\/uploads\/2021\/07\/561-large_default.jpg","datePublished":"2021-07-24T18:58:58+00:00","dateModified":"2023-12-30T13:55:53+00:00","breadcrumb":{"@id":"https:\/\/www.safinel.fr\/produit\/deodorant-naturel-curae-homme-50g\/#breadcrumb"},"inLanguage":"it-IT","potentialAction":[{"@type":"ReadAction","target":["https:\/\/www.safinel.fr\/produit\/deodorant-naturel-curae-homme-50g\/"]}]},{"@type":"ImageObject","inLanguage":"it-IT","@id":"https:\/\/www.safinel.fr\/produit\/deodorant-naturel-curae-homme-50g\/#primaryimage","url":"https:\/\/www.safinel.fr\/wp-content\/uploads\/2021\/07\/561-large_default.jpg","contentUrl":"https:\/\/www.safinel.fr\/wp-content\/uploads\/2021\/07\/561-large_default.jpg","width":800,"height":800},{"@type":"BreadcrumbList","@id":"https:\/\/www.safinel.fr\/produit\/deodorant-naturel-curae-homme-50g\/#breadcrumb","itemListElement":[{"@type":"ListItem","position":1,"name":"Accueil","item":"https:\/\/www.safinel.fr\/"},{"@type":"ListItem","position":2,"name":"Boutique","item":"https:\/\/www.safinel.fr\/boutique\/"},{"@type":"ListItem","position":3,"name":"D\u00e9odorant naturel Curae Homme 50g"}]},{"@type":"WebSite","@id":"https:\/\/www.safinel.fr\/#website","url":"https:\/\/www.safinel.fr\/","name":"Safinel","description":"","publisher":{"@id":"https:\/\/www.safinel.fr\/#organization"},"potentialAction":[{"@type":"SearchAction","target":{"@type":"EntryPoint","urlTemplate":"https:\/\/www.safinel.fr\/?s={search_term_string}"},"query-input":{"@type":"PropertyValueSpecification","valueRequired":true,"valueName":"search_term_string"}}],"inLanguage":"it-IT"},{"@type":"Organization","@id":"https:\/\/www.safinel.fr\/#organization","name":"Safinel","url":"https:\/\/www.safinel.fr\/","logo":{"@type":"ImageObject","inLanguage":"it-IT","@id":"https:\/\/www.safinel.fr\/#\/schema\/logo\/image\/","url":"https:\/\/www.safinel.fr\/wp-content\/uploads\/2021\/05\/boutique-cosmetique.png","contentUrl":"https:\/\/www.safinel.fr\/wp-content\/uploads\/2021\/05\/boutique-cosmetique.png","width":800,"height":200,"caption":"Safinel"},"image":{"@id":"https:\/\/www.safinel.fr\/#\/schema\/logo\/image\/"}}]}},"_links":{"self":[{"href":"https:\/\/www.safinel.fr\/it\/wp-json\/wp\/v2\/product\/244","targetHints":{"allow":["GET"]}}],"collection":[{"href":"https:\/\/www.safinel.fr\/it\/wp-json\/wp\/v2\/product"}],"about":[{"href":"https:\/\/www.safinel.fr\/it\/wp-json\/wp\/v2\/types\/product"}],"wp:featuredmedia":[{"embeddable":true,"href":"https:\/\/www.safinel.fr\/it\/wp-json\/wp\/v2\/media\/274"}],"wp:attachment":[{"href":"https:\/\/www.safinel.fr\/it\/wp-json\/wp\/v2\/media?parent=244"}],"wp:term":[{"taxonomy":"product_brand","embeddable":true,"href":"https:\/\/www.safinel.fr\/it\/wp-json\/wp\/v2\/product_brand?post=244"},{"taxonomy":"product_cat","embeddable":true,"href":"https:\/\/www.safinel.fr\/it\/wp-json\/wp\/v2\/product_cat?post=244"},{"taxonomy":"product_tag","embeddable":true,"href":"https:\/\/www.safinel.fr\/it\/wp-json\/wp\/v2\/product_tag?post=244"}],"curies":[{"name":"wp","href":"https:\/\/api.w.org\/{rel}","templated":true}]}}