{"id":241,"date":"2021-07-24T18:58:58","date_gmt":"2021-07-24T18:58:58","guid":{"rendered":"https:\/\/www.safinel.fr\/?post_type=product&#038;p=241"},"modified":"2023-12-30T13:55:38","modified_gmt":"2023-12-30T13:55:38","slug":"deodorante-naturale-muschio-tahara-vegan-50ml","status":"publish","type":"product","link":"https:\/\/www.safinel.fr\/it\/prodotto\/deodorante-naturale-muschio-tahara-vegan-50ml\/","title":{"rendered":"Deodorante naturale Muschio Tahara Vegan 50ml"},"content":{"rendered":"<p>Immaginate: le vostre ascelle sono pulite e depilate e il vostro corpo ha un delizioso profumo di pulito. Il tutto senza che un solo coniglietto sia stato maltrattato o che sia stato utilizzato un solo prodotto animale. Cosa c'entra questo? Cosa c'entra? Beh, il nostro meraviglioso <b>deodorante naturale e vegano al muschio di tahara,<\/b>\u00a0Naturalmente!<span class=\"Apple-converted-space\">\u00a0<\/span><\/p>\n<p>Nel <b>deodoranti naturali in crema 100%<\/b>, Abbiamo in serbo altre sorprese! Dopo il <b>deodorante speciale per donne in gravidanza<\/b>, Ecco un altro prodotto per l'igiene che soddisfa tutti.<span class=\"Apple-converted-space\">\u00a0<\/span><\/p>\n<p>Ecco un approfondimento su un prodotto cos\u00ec piacevole che anche i coniglietti pi\u00f9 simpatici vorrebbero provare! Bene, dai, smettiamola!<span class=\"Apple-converted-space\">\u00a0<\/span><\/p>\n<h2><b>Deodorante naturale, un must per il vostro bagno<span class=\"Apple-converted-space\">\u00a0<\/span><\/b><\/h2>\n<p>Prima di entrare nei dettagli, parliamo di deodoranti! Stick, roll-on, spray... confezioni colorate e slogan accattivanti. Tutto bene, ma che ne \u00e8 della nostra salute? Perch\u00e9 s\u00ec, la maggior parte dei <b>deodoranti classici<\/b> che sono ampiamente disponibili sul mercato sono estremamente dannosi! Sia per l'ambiente che per il nostro benessere.<span class=\"Apple-converted-space\">\u00a0<\/span><\/p>\n<p>Contengono innumerevoli <i>sostanze chimiche, coloranti e altri interferenti endocrini<\/i>. I deodoranti classici hanno <b>sali di alluminio<\/b>, che, secondo studi scientifici, potrebbe aumentare il rischio di cancro al seno. Ma anche gli uomini non sono immuni dalle conseguenze per la loro salute.<span class=\"Apple-converted-space\">\u00a0<\/span><\/p>\n<p>Ecco perch\u00e9 noi di D\u00e9odorant Naturel vogliamo essere totalmente trasparenti sui nostri prodotti. Qualunque essi siano. Quindi fate del deodorante naturale il must del vostro bagno. Senza il rischio di avvelenarsi ogni giorno!<span class=\"Apple-converted-space\">\u00a0<\/span><\/p>\n<h3><b>Deodorante naturale al muschio di tahara: un profumo irresistibile<span class=\"Apple-converted-space\">\u00a0<\/span><\/b><\/h3>\n<p>Per i fan di <b>muschio di tahara<\/b>, Non c'\u00e8 bisogno di dirvi quanto sia unico il suo profumo! E irresistibilmente attraente e delizioso. Ma per tutti gli altri, lasciate che ve lo descriviamo...<span class=\"Apple-converted-space\">\u00a0<\/span><\/p>\n<p>In origine, il muschio di tahara veniva utilizzato dalle donne dell'Arabia Saudita per perfezionare l'igiene intima. In effetti, questo <b>muschio bianco<\/b> con una consistenza cremosa veniva abitualmente applicato sulle parti intime. Dopo il lavaggio rituale.<span class=\"Apple-converted-space\">\u00a0<\/span><\/p>\n<p>Il muschio di Tahara \u00e8 ampiamente utilizzato in tutto il mondo da molti anni. Viene ancora utilizzato come muschio intimo, ma anche come ingrediente di molti prodotti per l'igiene: <i>profumi, spray, saponi, oli per il corpo, lozioni per il corpo...<span class=\"Apple-converted-space\">\u00a0<\/span><\/i><\/p>\n<p>Ma anche nei deodoranti, come nel caso del nostro <b>Deodorante naturale al muschio di tahara Vegan.<span class=\"Apple-converted-space\">\u00a0<\/span><\/b><\/p>\n<h3><b>Caratteristiche del prodotto<span class=\"Apple-converted-space\">\u00a0<\/span><\/b><\/h3>\n<p><b>Formato: <\/b>vaso rotondo in alluminio riciclabile<span class=\"Apple-converted-space\">\u00a0<\/span><\/p>\n<p><b>Peso :<\/b> 50 g<span class=\"Apple-converted-space\">\u00a0<\/span><\/p>\n<p><b>Materiale :<\/b> deodorante in crema<span class=\"Apple-converted-space\">\u00a0<\/span><\/p>\n<p><b>Odore :<\/b> delizioso profumo di muschio di tahara e gradevoli note di olio di cocco<span class=\"Apple-converted-space\">\u00a0<\/span><\/p>\n<p><b>Composizione:<\/b> OLIO DI COCO NUCIFERA (olio di cocco vegetale), BICARBONATO DI SODIO (bicarbonato di sodio), OLIO DI SOIA IDROGENATO (olio idrogenato), MUSC TAHARA.<\/p>\n<h3><b>La garanzia di un prodotto etico e di qualit\u00e0<span class=\"Apple-converted-space\">\u00a0<\/span><\/b><\/h3>\n<p>Il nostro deodorante naturale con <a href=\"https:\/\/www.amlou.fr\/produit\/musc-tahara-blanc-intime\/\" target=\"_blank\" rel=\"noopener noreferrer\"><strong>muschio intimo<\/strong><\/a> tahara e vegano ha determinate garanzie:<span class=\"Apple-converted-space\">\u00a0<\/span><\/p>\n<ul>\n<li>Non contiene <b>nessun olio essenziale<\/b> \u00c8 un deodorante che <i>pu\u00f2 essere utilizzato senza problemi dalle donne in gravidanza<span class=\"Apple-converted-space\">\u00a0<\/span><\/i><\/li>\n<\/ul>\n<ul>\n<li>\u00c8 <b>prodotto in Francia<span class=\"Apple-converted-space\">\u00a0<\/span><\/b><\/li>\n<\/ul>\n<ul>\n<li>\u00c8 un deodorante naturale che<b> non \u00e8 stato testato sugli animali<span class=\"Apple-converted-space\">\u00a0<\/span><\/b><\/li>\n<\/ul>\n<ul>\n<li>\u00c8 <b>Certificato vegano<\/b>. Ci\u00f2 significa che non contiene ingredienti di origine animale. In particolare, non contiene cera d'api, ampiamente utilizzata nei deodoranti.<\/li>\n<\/ul>\n<ul>\n<li>Questo deodorante vegano naturale al muschio di tahara \u00e8 adatto a tutti i membri della famiglia.<span class=\"Apple-converted-space\">\u00a0<\/span><\/li>\n<\/ul>\n<ul>\n<li>\u00c8 un prodotto con una fragranza mista. Pu\u00f2 quindi essere utilizzato da tutti, uomini e donne. E scommettiamo che non lascer\u00e0 nessuno indifferente!<span class=\"Apple-converted-space\">\u00a0<\/span><\/li>\n<\/ul>\n<h3><b>Una serie di vantaggi<span class=\"Apple-converted-space\">\u00a0<\/span><\/b><\/h3>\n<p>Il nostro deodorante naturale al muschio di tahara presenta numerosi vantaggi:<span class=\"Apple-converted-space\">\u00a0<\/span><\/p>\n<p><b>Economico<span class=\"Apple-converted-space\">\u00a0<\/span><\/b><\/p>\n<p>Questo <b>deodorante in crema<\/b> pu\u00f2 sembrare un po' pi\u00f9 costoso al momento dell'acquisto. Tuttavia, contiene<i> l'equivalente di 2 o 3 deodoranti convenzionali in stick.<\/i> Inoltre, se si desidera riacquistarlo, si pu\u00f2 optare per il solo deodorante, senza la confezione. \u00c8 un ottimo modo per risparmiare!<span class=\"Apple-converted-space\">\u00a0<\/span><\/p>\n<p><b>Ecologico<span class=\"Apple-converted-space\">\u00a0<\/span><\/b><\/p>\n<p>La confezione del deodorante naturale aromatizzato con muschio di tahara \u00e8 <b>100% riciclato e riciclabile<\/b>. Inoltre, \u00e8 possibile riutilizzare questo barattolo di metallo pi\u00f9 volte.<span class=\"Apple-converted-space\">\u00a0<\/span><\/p>\n<p><b>Ricaricabile<span class=\"Apple-converted-space\">\u00a0<\/span><\/b><\/p>\n<p>Il vostro prezioso deodorante naturale in crema sta per esaurirsi? Ricordatevi di ricaricarlo! Quando acquistate il <b>ricarica di deodorante vegano al muschio di tahara<\/b>, Se siete grandi fan! O se avete voglia di cambiare, non esitate a scoprirne altri. Come il <b>ricarica di <a href=\"https:\/\/www.deodorant-naturel.com\/produit\/deodorant-naturel-vegan\/\">deodorante naturale alla rosa<\/a><\/b>, E vegano, naturalmente!<span class=\"Apple-converted-space\">\u00a0<\/span><\/p>\n<p><b>100% naturale<span class=\"Apple-converted-space\">\u00a0<\/span><\/b><\/p>\n<p>Il nostro deodorante naturale \u00e8 <b>100% naturale.<\/b> Questa s\u00ec che \u00e8 una buona notizia! Pi\u00f9 seriamente, non contiene <b>senza sali di alluminio.<\/b> Nessuna sostanza chimica, nessun interferente endocrino. Solo <b>un prodotto sano, che fa bene alla salute<\/b> ! S\u00ec, s\u00ec, vi assicuriamo che esiste!<span class=\"Apple-converted-space\">\u00a0<\/span><\/p>\n<p><b>Rispettoso della pelle<span class=\"Apple-converted-space\">\u00a0<\/span><\/b><\/p>\n<p>Non agisce come un <b>anti-traspirante.<\/b> Perch\u00e9 la sudorazione \u00e8 del tutto naturale per il corpo, e addirittura essenziale! Un antitraspirante tende a ostruire i pori, il che \u00e8 davvero dannoso! Il nostro deodorante al muschio tahara agisce invece contro i batteri responsabili del cattivo odore. Esso <b>rinfresca e dona un piacevole profumo<\/b>, senza ostruire l'epidermide.<span class=\"Apple-converted-space\">\u00a0<\/span><\/p>\n<h3><b>Come si usa il deodorante naturale vegano musk tahara?<span class=\"Apple-converted-space\">\u00a0<\/span><\/b><\/h3>\n<p>Un'intera sezione che spiega come applicare il deodorante? No, ma aspettate! Non un deodorante qualsiasi! Questo \u00e8 naturale e la sua consistenza cremosa crea un po' di confusione se non si \u00e8 abituati.<span class=\"Apple-converted-space\">\u00a0<\/span><\/p>\n<p>Applicare un pizzico di deodorante naturale vegano al muschio di tahara sulle ascelle pulite e asciutte. Naturalmente, potete applicarlo direttamente con un dito pulito. Oppure utilizzare un piccolo utensile lavabile e riutilizzabile solo a questo scopo.<span class=\"Apple-converted-space\">\u00a0<\/span><\/p>\n<p><b>Buono a sapersi:<\/b> \u00c8 possibile utilizzare questo deodorante naturale direttamente dopo la rasatura.<span class=\"Apple-converted-space\">\u00a0<\/span><\/p>\n<p>Per chi preferisce la depilazione, si consiglia di utilizzare uno scrub naturale per esfoliare la pelle. \u00c8 possibile utilizzare <a href=\"https:\/\/www.deodorant-naturel.com\/produit\/gants-exfoliant-en-sisal\/\"><b>Guanto esfoliante in sisal<\/b><\/a> totalmente naturale e altamente efficace. Potete anche esfoliare la pelle prima della rasatura per evitare peli incarniti.<span class=\"Apple-converted-space\">\u00a0<\/span><\/p>\n<p>Una volta terminata la rasatura\/ceratura, applicare il deodorante naturale al muschio di tahara. La presenza di bicarbonato <b>Combattere le bruciature da rasoio<\/b>. Lenisce la pelle e i piccoli tagli, disinfettando al contempo.<\/p>","protected":false},"excerpt":{"rendered":"<p>Imaginez un instant : des aisselles tout juste propres et \u00e9pil\u00e9es, et une d\u00e9licate odeur de propre qui \u00e9mane de votre corps. Tout cela sans qu\u2019un seul petit lapin n\u2019ait \u00e9t\u00e9 maltrait\u00e9, ou qu\u2019un seul produit d\u2019origine animale n\u2019ait \u00e9t\u00e9 utilis\u00e9. Hein ?! Quel est le rapport ?! Eh bien, notre merveilleux deodorant musc tahara [&#8230;]","protected":false},"featured_media":271,"template":"","meta":[],"product_brand":[],"product_cat":[32],"product_tag":[],"class_list":{"0":"post-241","1":"product","2":"type-product","3":"status-publish","4":"has-post-thumbnail","6":"product_cat-curae","8":"first","9":"outofstock","10":"shipping-taxable","11":"purchasable","12":"product-type-simple"},"yoast_head":"<!-- This site is optimized with the Yoast SEO plugin v26.6 - https:\/\/yoast.com\/wordpress\/plugins\/seo\/ -->\n<title>D\u00e9odorant naturel Musc Tahara Vegan 50ml - Safinel<\/title>\n<meta name=\"robots\" content=\"index, follow, max-snippet:-1, max-image-preview:large, max-video-preview:-1\" \/>\n<link rel=\"canonical\" href=\"https:\/\/www.safinel.fr\/it\/prodotto\/deodorante-naturale-muschio-tahara-vegan-50ml\/\" \/>\n<meta property=\"og:locale\" content=\"it_IT\" \/>\n<meta property=\"og:type\" content=\"article\" \/>\n<meta property=\"og:title\" content=\"D\u00e9odorant naturel Musc Tahara Vegan 50ml - Safinel\" \/>\n<meta property=\"og:description\" content=\"Imaginez un instant : des aisselles tout juste propres et \u00e9pil\u00e9es, et une d\u00e9licate odeur de propre qui \u00e9mane de votre corps. Tout cela sans qu\u2019un seul petit lapin n\u2019ait \u00e9t\u00e9 maltrait\u00e9, ou qu\u2019un seul produit d\u2019origine animale n\u2019ait \u00e9t\u00e9 utilis\u00e9. Hein ?! Quel est le rapport ?! Eh bien, notre merveilleux deodorant musc tahara [...]\" \/>\n<meta property=\"og:url\" content=\"https:\/\/www.safinel.fr\/it\/prodotto\/deodorante-naturale-muschio-tahara-vegan-50ml\/\" \/>\n<meta property=\"og:site_name\" content=\"Safinel\" \/>\n<meta property=\"article:modified_time\" content=\"2023-12-30T13:55:38+00:00\" \/>\n<meta property=\"og:image\" content=\"https:\/\/www.safinel.fr\/wp-content\/uploads\/2021\/07\/626-large_default.jpg\" \/>\n\t<meta property=\"og:image:width\" content=\"800\" \/>\n\t<meta property=\"og:image:height\" content=\"800\" \/>\n\t<meta property=\"og:image:type\" content=\"image\/jpeg\" \/>\n<meta name=\"twitter:card\" content=\"summary_large_image\" \/>\n<meta name=\"twitter:label1\" content=\"Tempo di lettura stimato\" \/>\n\t<meta name=\"twitter:data1\" content=\"6 minuti\" \/>\n<script type=\"application\/ld+json\" class=\"yoast-schema-graph\">{\"@context\":\"https:\/\/schema.org\",\"@graph\":[{\"@type\":\"WebPage\",\"@id\":\"https:\/\/www.safinel.fr\/produit\/deodorant-naturel-musc-tahara-vegan-50ml\/\",\"url\":\"https:\/\/www.safinel.fr\/produit\/deodorant-naturel-musc-tahara-vegan-50ml\/\",\"name\":\"D\u00e9odorant naturel Musc Tahara Vegan 50ml - Safinel\",\"isPartOf\":{\"@id\":\"https:\/\/www.safinel.fr\/#website\"},\"primaryImageOfPage\":{\"@id\":\"https:\/\/www.safinel.fr\/produit\/deodorant-naturel-musc-tahara-vegan-50ml\/#primaryimage\"},\"image\":{\"@id\":\"https:\/\/www.safinel.fr\/produit\/deodorant-naturel-musc-tahara-vegan-50ml\/#primaryimage\"},\"thumbnailUrl\":\"https:\/\/www.safinel.fr\/wp-content\/uploads\/2021\/07\/626-large_default.jpg\",\"datePublished\":\"2021-07-24T18:58:58+00:00\",\"dateModified\":\"2023-12-30T13:55:38+00:00\",\"breadcrumb\":{\"@id\":\"https:\/\/www.safinel.fr\/produit\/deodorant-naturel-musc-tahara-vegan-50ml\/#breadcrumb\"},\"inLanguage\":\"it-IT\",\"potentialAction\":[{\"@type\":\"ReadAction\",\"target\":[\"https:\/\/www.safinel.fr\/produit\/deodorant-naturel-musc-tahara-vegan-50ml\/\"]}]},{\"@type\":\"ImageObject\",\"inLanguage\":\"it-IT\",\"@id\":\"https:\/\/www.safinel.fr\/produit\/deodorant-naturel-musc-tahara-vegan-50ml\/#primaryimage\",\"url\":\"https:\/\/www.safinel.fr\/wp-content\/uploads\/2021\/07\/626-large_default.jpg\",\"contentUrl\":\"https:\/\/www.safinel.fr\/wp-content\/uploads\/2021\/07\/626-large_default.jpg\",\"width\":800,\"height\":800},{\"@type\":\"BreadcrumbList\",\"@id\":\"https:\/\/www.safinel.fr\/produit\/deodorant-naturel-musc-tahara-vegan-50ml\/#breadcrumb\",\"itemListElement\":[{\"@type\":\"ListItem\",\"position\":1,\"name\":\"Accueil\",\"item\":\"https:\/\/www.safinel.fr\/\"},{\"@type\":\"ListItem\",\"position\":2,\"name\":\"Boutique\",\"item\":\"https:\/\/www.safinel.fr\/boutique\/\"},{\"@type\":\"ListItem\",\"position\":3,\"name\":\"D\u00e9odorant naturel Musc Tahara Vegan 50ml\"}]},{\"@type\":\"WebSite\",\"@id\":\"https:\/\/www.safinel.fr\/#website\",\"url\":\"https:\/\/www.safinel.fr\/\",\"name\":\"Safinel\",\"description\":\"\",\"publisher\":{\"@id\":\"https:\/\/www.safinel.fr\/#organization\"},\"potentialAction\":[{\"@type\":\"SearchAction\",\"target\":{\"@type\":\"EntryPoint\",\"urlTemplate\":\"https:\/\/www.safinel.fr\/?s={search_term_string}\"},\"query-input\":{\"@type\":\"PropertyValueSpecification\",\"valueRequired\":true,\"valueName\":\"search_term_string\"}}],\"inLanguage\":\"it-IT\"},{\"@type\":\"Organization\",\"@id\":\"https:\/\/www.safinel.fr\/#organization\",\"name\":\"Safinel\",\"url\":\"https:\/\/www.safinel.fr\/\",\"logo\":{\"@type\":\"ImageObject\",\"inLanguage\":\"it-IT\",\"@id\":\"https:\/\/www.safinel.fr\/#\/schema\/logo\/image\/\",\"url\":\"https:\/\/www.safinel.fr\/wp-content\/uploads\/2021\/05\/boutique-cosmetique.png\",\"contentUrl\":\"https:\/\/www.safinel.fr\/wp-content\/uploads\/2021\/05\/boutique-cosmetique.png\",\"width\":800,\"height\":200,\"caption\":\"Safinel\"},\"image\":{\"@id\":\"https:\/\/www.safinel.fr\/#\/schema\/logo\/image\/\"}}]}<\/script>\n<!-- \/ Yoast SEO plugin. -->","yoast_head_json":{"title":"Deodorante naturale Muschio Tahara Vegan 50ml - Safinel","robots":{"index":"index","follow":"follow","max-snippet":"max-snippet:-1","max-image-preview":"max-image-preview:large","max-video-preview":"max-video-preview:-1"},"canonical":"https:\/\/www.safinel.fr\/it\/prodotto\/deodorante-naturale-muschio-tahara-vegan-50ml\/","og_locale":"it_IT","og_type":"article","og_title":"D\u00e9odorant naturel Musc Tahara Vegan 50ml - Safinel","og_description":"Imaginez un instant : des aisselles tout juste propres et \u00e9pil\u00e9es, et une d\u00e9licate odeur de propre qui \u00e9mane de votre corps. Tout cela sans qu\u2019un seul petit lapin n\u2019ait \u00e9t\u00e9 maltrait\u00e9, ou qu\u2019un seul produit d\u2019origine animale n\u2019ait \u00e9t\u00e9 utilis\u00e9. Hein ?! Quel est le rapport ?! Eh bien, notre merveilleux deodorant musc tahara [...]","og_url":"https:\/\/www.safinel.fr\/it\/prodotto\/deodorante-naturale-muschio-tahara-vegan-50ml\/","og_site_name":"Safinel","article_modified_time":"2023-12-30T13:55:38+00:00","og_image":[{"width":800,"height":800,"url":"https:\/\/www.safinel.fr\/wp-content\/uploads\/2021\/07\/626-large_default.jpg","type":"image\/jpeg"}],"twitter_card":"summary_large_image","twitter_misc":{"Tempo di lettura stimato":"6 minuti"},"schema":{"@context":"https:\/\/schema.org","@graph":[{"@type":"WebPage","@id":"https:\/\/www.safinel.fr\/produit\/deodorant-naturel-musc-tahara-vegan-50ml\/","url":"https:\/\/www.safinel.fr\/produit\/deodorant-naturel-musc-tahara-vegan-50ml\/","name":"Deodorante naturale Muschio Tahara Vegan 50ml - Safinel","isPartOf":{"@id":"https:\/\/www.safinel.fr\/#website"},"primaryImageOfPage":{"@id":"https:\/\/www.safinel.fr\/produit\/deodorant-naturel-musc-tahara-vegan-50ml\/#primaryimage"},"image":{"@id":"https:\/\/www.safinel.fr\/produit\/deodorant-naturel-musc-tahara-vegan-50ml\/#primaryimage"},"thumbnailUrl":"https:\/\/www.safinel.fr\/wp-content\/uploads\/2021\/07\/626-large_default.jpg","datePublished":"2021-07-24T18:58:58+00:00","dateModified":"2023-12-30T13:55:38+00:00","breadcrumb":{"@id":"https:\/\/www.safinel.fr\/produit\/deodorant-naturel-musc-tahara-vegan-50ml\/#breadcrumb"},"inLanguage":"it-IT","potentialAction":[{"@type":"ReadAction","target":["https:\/\/www.safinel.fr\/produit\/deodorant-naturel-musc-tahara-vegan-50ml\/"]}]},{"@type":"ImageObject","inLanguage":"it-IT","@id":"https:\/\/www.safinel.fr\/produit\/deodorant-naturel-musc-tahara-vegan-50ml\/#primaryimage","url":"https:\/\/www.safinel.fr\/wp-content\/uploads\/2021\/07\/626-large_default.jpg","contentUrl":"https:\/\/www.safinel.fr\/wp-content\/uploads\/2021\/07\/626-large_default.jpg","width":800,"height":800},{"@type":"BreadcrumbList","@id":"https:\/\/www.safinel.fr\/produit\/deodorant-naturel-musc-tahara-vegan-50ml\/#breadcrumb","itemListElement":[{"@type":"ListItem","position":1,"name":"Accueil","item":"https:\/\/www.safinel.fr\/"},{"@type":"ListItem","position":2,"name":"Boutique","item":"https:\/\/www.safinel.fr\/boutique\/"},{"@type":"ListItem","position":3,"name":"D\u00e9odorant naturel Musc Tahara Vegan 50ml"}]},{"@type":"WebSite","@id":"https:\/\/www.safinel.fr\/#website","url":"https:\/\/www.safinel.fr\/","name":"Safinel","description":"","publisher":{"@id":"https:\/\/www.safinel.fr\/#organization"},"potentialAction":[{"@type":"SearchAction","target":{"@type":"EntryPoint","urlTemplate":"https:\/\/www.safinel.fr\/?s={search_term_string}"},"query-input":{"@type":"PropertyValueSpecification","valueRequired":true,"valueName":"search_term_string"}}],"inLanguage":"it-IT"},{"@type":"Organization","@id":"https:\/\/www.safinel.fr\/#organization","name":"Safinel","url":"https:\/\/www.safinel.fr\/","logo":{"@type":"ImageObject","inLanguage":"it-IT","@id":"https:\/\/www.safinel.fr\/#\/schema\/logo\/image\/","url":"https:\/\/www.safinel.fr\/wp-content\/uploads\/2021\/05\/boutique-cosmetique.png","contentUrl":"https:\/\/www.safinel.fr\/wp-content\/uploads\/2021\/05\/boutique-cosmetique.png","width":800,"height":200,"caption":"Safinel"},"image":{"@id":"https:\/\/www.safinel.fr\/#\/schema\/logo\/image\/"}}]}},"_links":{"self":[{"href":"https:\/\/www.safinel.fr\/it\/wp-json\/wp\/v2\/product\/241","targetHints":{"allow":["GET"]}}],"collection":[{"href":"https:\/\/www.safinel.fr\/it\/wp-json\/wp\/v2\/product"}],"about":[{"href":"https:\/\/www.safinel.fr\/it\/wp-json\/wp\/v2\/types\/product"}],"wp:featuredmedia":[{"embeddable":true,"href":"https:\/\/www.safinel.fr\/it\/wp-json\/wp\/v2\/media\/271"}],"wp:attachment":[{"href":"https:\/\/www.safinel.fr\/it\/wp-json\/wp\/v2\/media?parent=241"}],"wp:term":[{"taxonomy":"product_brand","embeddable":true,"href":"https:\/\/www.safinel.fr\/it\/wp-json\/wp\/v2\/product_brand?post=241"},{"taxonomy":"product_cat","embeddable":true,"href":"https:\/\/www.safinel.fr\/it\/wp-json\/wp\/v2\/product_cat?post=241"},{"taxonomy":"product_tag","embeddable":true,"href":"https:\/\/www.safinel.fr\/it\/wp-json\/wp\/v2\/product_tag?post=241"}],"curies":[{"name":"wp","href":"https:\/\/api.w.org\/{rel}","templated":true}]}}