{"id":2284,"date":"2022-08-22T14:39:29","date_gmt":"2022-08-22T14:39:29","guid":{"rendered":"https:\/\/www.safinel.fr\/?post_type=product&#038;p=2284"},"modified":"2026-03-03T16:30:17","modified_gmt":"2026-03-03T16:30:17","slug":"aglio-nero","status":"publish","type":"product","link":"https:\/\/www.safinel.fr\/it\/prodotto\/aglio-nero\/","title":{"rendered":"Aglio nero"},"content":{"rendered":"<p>Una scoperta che potrebbe sorprendere molti vi aspetta nella vostra boutique Safinel! Incontrate il\u2019<strong>aglio nero<\/strong>\u00a0e i suoi numerosi benefici...<\/p>\n<h2><strong>Aglio nero : Che cos'\u00e8 l'aglio nero?<\/strong><\/h2>\n<p>Avete mai avuto a che fare con l'aglio nero? Mentre alcune persone sono scettiche e si chiedono cosa sia l'aglio nero, altre non lo sono.\u00a0<strong>condimento<\/strong>, Quindi mettetevi comodi, perch\u00e9 stiamo per arrivare al dunque! Di solito \u00e8 conosciuta per il suo colore bianco. Prima e dopo il peeling, il suo aspetto rimane chiaro!<\/p>\n<p>Tuttavia, l'aglio nero \u00e8 molto diverso e presenta altre caratteristiche. Originaria dell'Asia, questa pianta ha affascinato l'Occidente! Sebbene il suo gusto e il suo odore classici possano sembrare persistenti, pu\u00f2 anche essere cucinato per essere pi\u00f9 leggero. Ricorda delicatamente la liquirizia e il balsamico. Dolce e un po' piccante, potrebbe sorprendere pi\u00f9 di una persona!<\/p>\n<h2><strong>Come si usa l'aglio nero?\u00a0<\/strong><\/h2>\n<p>Se siete curiosi di sapere come utilizzare questo condimento, ecco qualche consiglio! \u00c8 vero che, proprio come\u2019<strong>aglio classico,<\/strong>\u00a0potete utilizzarlo in base ai vostri desideri culinari. Intero, sminuzzato o tritato, il cuoco siete voi! Il suo sapore balsamico pu\u00f2 dare alle vostre ricette un sapore di rinnovamento. Su una fetta di pane o per accompagnare le patate fritte, l'aglio nero potrebbe essere il condimento che vi mancava in cucina.<\/p>\n<p>Pu\u00f2 essere utilizzato anche nella preparazione di alcuni dolci!<\/p>\n<h2><strong>Ricetta istantanea con aglio nero :\u00a0<\/strong><\/h2>\n<p>Ecco la breve lista degli ingredienti: 200 g di cioccolato, 150 g di burro, 100 g di zucchero di canna semolato, 3 uova, 10 g di aglio nero.<\/p>\n<ul>\n<li>Per prima cosa, spezzettare il cioccolato in un pentolino e cuocerlo a bagnomaria.<\/li>\n<li>Mettere il burro precedentemente ammorbidito in una ciotola e aggiungere lo zucchero di canna, quindi mescolare fino a ottenere un composto liscio e fluido.<\/li>\n<li>Aggiungere quindi le uova una alla volta, alternandole con la farina e l'aglio nero in polvere. Mescolare bene durante ogni aggiunta per garantire una pastella omogenea.<\/li>\n<li>Infine, aggiungere il cioccolato fuso. Mescolare e mettere il composto nella teglia.<\/li>\n<li>Mettere in forno, preriscaldato a 150\u00b0.<\/li>\n<li>Tutto quello che dovete fare \u00e8 aspettare tra i 15 e i 25 minuti, a seconda delle vostre preferenze di cottura.<\/li>\n<\/ul>\n<h3><strong>I benefici di un condimento senza eguali\u00a0<\/strong><\/h3>\n<p>Perch\u00e9 allora non dare un'occhiata ai benefici di questo condimento?<\/p>\n<ul>\n<li>Una risorsa per ridurre\u00a0<strong>colesterolo\u00a0<\/strong><\/li>\n<li>\u00c8 un vantaggio contro gli acidi grassi<\/li>\n<li>Utile per aiutare a combattere le infezioni<\/li>\n<li>\u00c8 noto anche che \u00e8 un vantaggio per la prevenzione di\u00a0<strong>malattie cardiovascolari\u00a0<\/strong><\/li>\n<li>Una risorsa contro l'ipertensione<\/li>\n<\/ul>\n<p>Come potete vedere, questo condimento, per quanto insolito, \u00e8 davvero vincente.\u00a0<strong>Il tesoro della natura\u00a0<\/strong>! E sappiamo quanto sia importante per voi<strong>\u00a0risorse naturali<\/strong>. Per questo motivo l'aglio nero potrebbe essere il\u2019<strong>alicamento\u00a0<\/strong>che vi siete persi!<\/p>\n<p>Non esitate pi\u00f9 e unitevi alla schiera di coloro che hanno il coraggio di riporre la loro fiducia in\u00a0<strong>prodotti naturali<\/strong>.\u00a0<a href=\"https:\/\/www.safinel.fr\/it\/prodotto\/polvere-di-turkesterone\/\"><strong>Polvere di Turkesterone<\/strong><\/a>\u00a0o\u00a0<a href=\"https:\/\/www.safinel.fr\/it\/prodotto\/radici-di-gouro\/\"><strong>Radici di gouro<\/strong><\/a>, La scelta non manca da Safinel!<\/p>","protected":false},"excerpt":{"rendered":"<p>Una scoperta che potrebbe sorprendere molti vi aspetta nel vostro negozio Safinel! Ecco l'aglio nero e i suoi numerosi benefici... Aglio nero : Che cos'\u00e8? Avete mai provato l'aglio nero? Se alcuni sono ancora dubbiosi e si chiedono cosa sia questo condimento, assicuratevi di avere una buona [...]","protected":false},"featured_media":2285,"template":"","meta":[],"product_brand":[],"product_cat":[28,44],"product_tag":[],"class_list":{"0":"post-2284","1":"product","2":"type-product","3":"status-publish","4":"has-post-thumbnail","6":"product_cat-divers","7":"product_cat-epices","9":"first","10":"outofstock","11":"shipping-taxable","12":"purchasable","13":"product-type-variable"},"yoast_head":"<!-- This site is optimized with the Yoast SEO plugin v26.6 - https:\/\/yoast.com\/wordpress\/plugins\/seo\/ -->\n<title>Ail noir I Bienfaits nombreux I Achat et recette en ligne<\/title>\n<meta name=\"description\" content=\"Une d\u00e9couverte qui pourrait en surprendre plus d\u2019un vous attend chez Safinel ! Faites la rencontre de l\u2019ail noir\u00a0et de ses nombreux bienfaits\u2026\" \/>\n<meta name=\"robots\" content=\"index, follow, max-snippet:-1, max-image-preview:large, max-video-preview:-1\" \/>\n<link rel=\"canonical\" href=\"https:\/\/www.safinel.fr\/it\/prodotto\/aglio-nero\/\" \/>\n<meta property=\"og:locale\" content=\"it_IT\" \/>\n<meta property=\"og:type\" content=\"article\" \/>\n<meta property=\"og:title\" content=\"Ail noir I Bienfaits nombreux I Achat et recette en ligne\" \/>\n<meta property=\"og:description\" content=\"Une d\u00e9couverte qui pourrait en surprendre plus d\u2019un vous attend chez Safinel ! Faites la rencontre de l\u2019ail noir\u00a0et de ses nombreux bienfaits\u2026\" \/>\n<meta property=\"og:url\" content=\"https:\/\/www.safinel.fr\/it\/prodotto\/aglio-nero\/\" \/>\n<meta property=\"og:site_name\" content=\"Safinel\" \/>\n<meta property=\"article:modified_time\" content=\"2026-03-03T16:30:17+00:00\" \/>\n<meta property=\"og:image\" content=\"https:\/\/www.safinel.fr\/wp-content\/uploads\/2022\/08\/ail-noir-gousse-unique-et-multiple.jpg\" \/>\n\t<meta property=\"og:image:width\" content=\"600\" \/>\n\t<meta property=\"og:image:height\" content=\"600\" \/>\n\t<meta property=\"og:image:type\" content=\"image\/jpeg\" \/>\n<meta name=\"twitter:card\" content=\"summary_large_image\" \/>\n<meta name=\"twitter:label1\" content=\"Tempo di lettura stimato\" \/>\n\t<meta name=\"twitter:data1\" content=\"3 minuti\" \/>\n<script type=\"application\/ld+json\" class=\"yoast-schema-graph\">{\"@context\":\"https:\/\/schema.org\",\"@graph\":[{\"@type\":\"WebPage\",\"@id\":\"https:\/\/www.safinel.fr\/produit\/ail-noir\/\",\"url\":\"https:\/\/www.safinel.fr\/produit\/ail-noir\/\",\"name\":\"Ail noir I Bienfaits nombreux I Achat et recette en ligne\",\"isPartOf\":{\"@id\":\"https:\/\/www.safinel.fr\/#website\"},\"primaryImageOfPage\":{\"@id\":\"https:\/\/www.safinel.fr\/produit\/ail-noir\/#primaryimage\"},\"image\":{\"@id\":\"https:\/\/www.safinel.fr\/produit\/ail-noir\/#primaryimage\"},\"thumbnailUrl\":\"https:\/\/www.safinel.fr\/wp-content\/uploads\/2022\/08\/ail-noir-gousse-unique-et-multiple.jpg\",\"datePublished\":\"2022-08-22T14:39:29+00:00\",\"dateModified\":\"2026-03-03T16:30:17+00:00\",\"description\":\"Une d\u00e9couverte qui pourrait en surprendre plus d\u2019un vous attend chez Safinel ! Faites la rencontre de l\u2019ail noir\u00a0et de ses nombreux bienfaits\u2026\",\"breadcrumb\":{\"@id\":\"https:\/\/www.safinel.fr\/produit\/ail-noir\/#breadcrumb\"},\"inLanguage\":\"it-IT\",\"potentialAction\":[{\"@type\":\"ReadAction\",\"target\":[\"https:\/\/www.safinel.fr\/produit\/ail-noir\/\"]}]},{\"@type\":\"ImageObject\",\"inLanguage\":\"it-IT\",\"@id\":\"https:\/\/www.safinel.fr\/produit\/ail-noir\/#primaryimage\",\"url\":\"https:\/\/www.safinel.fr\/wp-content\/uploads\/2022\/08\/ail-noir-gousse-unique-et-multiple.jpg\",\"contentUrl\":\"https:\/\/www.safinel.fr\/wp-content\/uploads\/2022\/08\/ail-noir-gousse-unique-et-multiple.jpg\",\"width\":600,\"height\":600,\"caption\":\"ail-noir-gousse-unique-et-multiple\"},{\"@type\":\"BreadcrumbList\",\"@id\":\"https:\/\/www.safinel.fr\/produit\/ail-noir\/#breadcrumb\",\"itemListElement\":[{\"@type\":\"ListItem\",\"position\":1,\"name\":\"Accueil\",\"item\":\"https:\/\/www.safinel.fr\/\"},{\"@type\":\"ListItem\",\"position\":2,\"name\":\"Boutique\",\"item\":\"https:\/\/www.safinel.fr\/boutique\/\"},{\"@type\":\"ListItem\",\"position\":3,\"name\":\"Ail noir\"}]},{\"@type\":\"WebSite\",\"@id\":\"https:\/\/www.safinel.fr\/#website\",\"url\":\"https:\/\/www.safinel.fr\/\",\"name\":\"Safinel\",\"description\":\"\",\"publisher\":{\"@id\":\"https:\/\/www.safinel.fr\/#organization\"},\"potentialAction\":[{\"@type\":\"SearchAction\",\"target\":{\"@type\":\"EntryPoint\",\"urlTemplate\":\"https:\/\/www.safinel.fr\/?s={search_term_string}\"},\"query-input\":{\"@type\":\"PropertyValueSpecification\",\"valueRequired\":true,\"valueName\":\"search_term_string\"}}],\"inLanguage\":\"it-IT\"},{\"@type\":\"Organization\",\"@id\":\"https:\/\/www.safinel.fr\/#organization\",\"name\":\"Safinel\",\"url\":\"https:\/\/www.safinel.fr\/\",\"logo\":{\"@type\":\"ImageObject\",\"inLanguage\":\"it-IT\",\"@id\":\"https:\/\/www.safinel.fr\/#\/schema\/logo\/image\/\",\"url\":\"https:\/\/www.safinel.fr\/wp-content\/uploads\/2021\/05\/boutique-cosmetique.png\",\"contentUrl\":\"https:\/\/www.safinel.fr\/wp-content\/uploads\/2021\/05\/boutique-cosmetique.png\",\"width\":800,\"height\":200,\"caption\":\"Safinel\"},\"image\":{\"@id\":\"https:\/\/www.safinel.fr\/#\/schema\/logo\/image\/\"}}]}<\/script>\n<!-- \/ Yoast SEO plugin. -->","yoast_head_json":{"title":"Aglio nero I Molti benefici I Acquistare e preparare online","description":"Safinel vi aspetta una scoperta che potrebbe sorprendere molti! Vi presentiamo l'aglio nero e i suoi numerosi benefici...","robots":{"index":"index","follow":"follow","max-snippet":"max-snippet:-1","max-image-preview":"max-image-preview:large","max-video-preview":"max-video-preview:-1"},"canonical":"https:\/\/www.safinel.fr\/it\/prodotto\/aglio-nero\/","og_locale":"it_IT","og_type":"article","og_title":"Ail noir I Bienfaits nombreux I Achat et recette en ligne","og_description":"Une d\u00e9couverte qui pourrait en surprendre plus d\u2019un vous attend chez Safinel ! Faites la rencontre de l\u2019ail noir\u00a0et de ses nombreux bienfaits\u2026","og_url":"https:\/\/www.safinel.fr\/it\/prodotto\/aglio-nero\/","og_site_name":"Safinel","article_modified_time":"2026-03-03T16:30:17+00:00","og_image":[{"width":600,"height":600,"url":"https:\/\/www.safinel.fr\/wp-content\/uploads\/2022\/08\/ail-noir-gousse-unique-et-multiple.jpg","type":"image\/jpeg"}],"twitter_card":"summary_large_image","twitter_misc":{"Tempo di lettura stimato":"3 minuti"},"schema":{"@context":"https:\/\/schema.org","@graph":[{"@type":"WebPage","@id":"https:\/\/www.safinel.fr\/produit\/ail-noir\/","url":"https:\/\/www.safinel.fr\/produit\/ail-noir\/","name":"Aglio nero I Molti benefici I Acquistare e preparare online","isPartOf":{"@id":"https:\/\/www.safinel.fr\/#website"},"primaryImageOfPage":{"@id":"https:\/\/www.safinel.fr\/produit\/ail-noir\/#primaryimage"},"image":{"@id":"https:\/\/www.safinel.fr\/produit\/ail-noir\/#primaryimage"},"thumbnailUrl":"https:\/\/www.safinel.fr\/wp-content\/uploads\/2022\/08\/ail-noir-gousse-unique-et-multiple.jpg","datePublished":"2022-08-22T14:39:29+00:00","dateModified":"2026-03-03T16:30:17+00:00","description":"Safinel vi aspetta una scoperta che potrebbe sorprendere molti! Vi presentiamo l'aglio nero e i suoi numerosi benefici...","breadcrumb":{"@id":"https:\/\/www.safinel.fr\/produit\/ail-noir\/#breadcrumb"},"inLanguage":"it-IT","potentialAction":[{"@type":"ReadAction","target":["https:\/\/www.safinel.fr\/produit\/ail-noir\/"]}]},{"@type":"ImageObject","inLanguage":"it-IT","@id":"https:\/\/www.safinel.fr\/produit\/ail-noir\/#primaryimage","url":"https:\/\/www.safinel.fr\/wp-content\/uploads\/2022\/08\/ail-noir-gousse-unique-et-multiple.jpg","contentUrl":"https:\/\/www.safinel.fr\/wp-content\/uploads\/2022\/08\/ail-noir-gousse-unique-et-multiple.jpg","width":600,"height":600,"caption":"ail-noir-gousse-unique-et-multiple"},{"@type":"BreadcrumbList","@id":"https:\/\/www.safinel.fr\/produit\/ail-noir\/#breadcrumb","itemListElement":[{"@type":"ListItem","position":1,"name":"Accueil","item":"https:\/\/www.safinel.fr\/"},{"@type":"ListItem","position":2,"name":"Boutique","item":"https:\/\/www.safinel.fr\/boutique\/"},{"@type":"ListItem","position":3,"name":"Ail noir"}]},{"@type":"WebSite","@id":"https:\/\/www.safinel.fr\/#website","url":"https:\/\/www.safinel.fr\/","name":"Safinel","description":"","publisher":{"@id":"https:\/\/www.safinel.fr\/#organization"},"potentialAction":[{"@type":"SearchAction","target":{"@type":"EntryPoint","urlTemplate":"https:\/\/www.safinel.fr\/?s={search_term_string}"},"query-input":{"@type":"PropertyValueSpecification","valueRequired":true,"valueName":"search_term_string"}}],"inLanguage":"it-IT"},{"@type":"Organization","@id":"https:\/\/www.safinel.fr\/#organization","name":"Safinel","url":"https:\/\/www.safinel.fr\/","logo":{"@type":"ImageObject","inLanguage":"it-IT","@id":"https:\/\/www.safinel.fr\/#\/schema\/logo\/image\/","url":"https:\/\/www.safinel.fr\/wp-content\/uploads\/2021\/05\/boutique-cosmetique.png","contentUrl":"https:\/\/www.safinel.fr\/wp-content\/uploads\/2021\/05\/boutique-cosmetique.png","width":800,"height":200,"caption":"Safinel"},"image":{"@id":"https:\/\/www.safinel.fr\/#\/schema\/logo\/image\/"}}]}},"_links":{"self":[{"href":"https:\/\/www.safinel.fr\/it\/wp-json\/wp\/v2\/product\/2284","targetHints":{"allow":["GET"]}}],"collection":[{"href":"https:\/\/www.safinel.fr\/it\/wp-json\/wp\/v2\/product"}],"about":[{"href":"https:\/\/www.safinel.fr\/it\/wp-json\/wp\/v2\/types\/product"}],"wp:featuredmedia":[{"embeddable":true,"href":"https:\/\/www.safinel.fr\/it\/wp-json\/wp\/v2\/media\/2285"}],"wp:attachment":[{"href":"https:\/\/www.safinel.fr\/it\/wp-json\/wp\/v2\/media?parent=2284"}],"wp:term":[{"taxonomy":"product_brand","embeddable":true,"href":"https:\/\/www.safinel.fr\/it\/wp-json\/wp\/v2\/product_brand?post=2284"},{"taxonomy":"product_cat","embeddable":true,"href":"https:\/\/www.safinel.fr\/it\/wp-json\/wp\/v2\/product_cat?post=2284"},{"taxonomy":"product_tag","embeddable":true,"href":"https:\/\/www.safinel.fr\/it\/wp-json\/wp\/v2\/product_tag?post=2284"}],"curies":[{"name":"wp","href":"https:\/\/api.w.org\/{rel}","templated":true}]}}