{"id":2281,"date":"2022-08-22T13:56:43","date_gmt":"2022-08-22T13:56:43","guid":{"rendered":"https:\/\/www.safinel.fr\/?post_type=product&#038;p=2281"},"modified":"2024-02-21T10:58:37","modified_gmt":"2024-02-21T10:58:37","slug":"albero-casto","status":"publish","type":"product","link":"https:\/\/www.safinel.fr\/it\/prodotto\/albero-casto\/","title":{"rendered":"Semi di castagno 100g"},"content":{"rendered":"<p>L'albero di castagno Vitex agnus-castus \u00e8 un prodotto naturale che esiste da oltre duemila anni. Gi\u00e0 nel Medioevo era ampiamente utilizzato per diversi scopi. La sua popolarit\u00e0 \u00e8 aumentata nel tempo. Lo si pu\u00f2 trovare in vari centri commerciali in diverse forme. Scoprite i diversi effetti di questo prodotto e la sua origine.<\/p>\n<h2><strong>Presentazione dell'albero di castagno<\/strong><\/h2>\n<p>L'agnocasto \u00e8 un arbusto aromatico della famiglia delle Verbenaceae. Ne esistono diversi estratti, ma la forma pi\u00f9 comune \u00e8 quella dei semi di castagno. \u00c8 una pianta secolare che si trova in Europa, pi\u00f9 precisamente in Francia. In natura, tuttavia, si trova in Marocco, Portogallo, Tunisia e in molti altri Paesi.<\/p>\n<p>L'agnocasto \u00e8 un arbusto deciduo che in Europa raggiunge un'altezza di 2 o 3 metri. In Nord Africa pu\u00f2 raggiungere i 5-6 metri di altezza. Produce fiori blu-violacei e frutti grigio scuro. I frutti assomigliano a grani di pepe.<\/p>\n<h2><strong>Le origini dell'albero del casto<\/strong><\/h2>\n<p>Conosciuto ancora come Vitex agnus, l'agnocasto risale a quasi 2000 anni fa. Fu allora che vennero riconosciute le sue virt\u00f9 medicinali. I semi di Vitex agnus-castus venivano utilizzati per preparare una bevanda calda per calmare la libido. Questo gli valse il nome di \u00abpepe del monaco\u00bb.<\/p>\n<p>Nel corso del tempo, i nomi utilizzati per descrivere il seme dell'albero di casto si sono moltiplicati, cos\u00ec come gli usi a cui pu\u00f2 essere destinato. Il prodotto che in origine era utilizzato esclusivamente per gli uomini, ora veniva utilizzato anche per le donne. Nel 1943, un'azienda tedesca svilupp\u00f2 un estratto di bacche di agnocasto che, nel 1950, fu standardizzato per l'uso nel trattamento della mastalgia.<\/p>\n<h2><strong>I benefici dell'albero di castagno Vitex agnus-castus<\/strong><\/h2>\n<p>L'albero di castagno \u00e8 una pianta naturale con molti benefici, soprattutto per le donne. Certo, il suo potere come calmante della libido maschile non \u00e8 mai stato scientificamente provato. Tuttavia, come trattamento per i disturbi femminili, \u00e8 stato dimostrato.<\/p>\n<p><strong>Mastalgia : <\/strong>La mastalgia \u00e8 un dolore pronunciato al seno che pu\u00f2 essere causato da lesioni, gravidanza, allattamento o reggiseno troppo stretto. Per lenire questo dolore si pu\u00f2 utilizzare il Vitex agnus-castus. L'estratto di castagno utilizzato in questo caso \u00e8 il Mastodynon, una bacca essiccata.<\/p>\n<p><strong>Menopausa : <\/strong>L'agnocasto viene utilizzato anche come trattamento sperimentale per alleviare alcuni sintomi della menopausa. Diversi laboratori lo utilizzano per completare la composizione dei loro prodotti anti-et\u00e0. In particolare, combinando l'agnocasto con l'iperico. Tuttavia, si tratta di un'iniziativa recente che non ha ancora dimostrato la sua efficacia.<\/p>\n<h3><strong>Disturbi del ciclo mestruale<\/strong><\/h3>\n<p>Per migliaia e migliaia di anni, le donne di tutto il mondo hanno sofferto di\u2019<a href=\"https:\/\/www.safinel.fr\/it\/prodotto\/tisana-regolatrice-del-ciclo-mestruale\/\"><strong>ciclo mestruale irregolare<\/strong><\/a>. Sia l'Organizzazione Mondiale della Sanit\u00e0 (OMS) che la Commissione Europea riconoscono i benefici dell'agnocasto come rimedio. Viene anche utilizzato per alleviare i sintomi della sindrome premestruale.<\/p>\n<p>In breve, il Vitex agnus-castus ha molte virt\u00f9. Pu\u00f2 persino trattare i problemi di fertilit\u00e0 femminile. Tutto dipende dal dosaggio. A seconda di questo fattore, la pianta pu\u00f2 essere considerata afrodisiaca o anafrodisiaca. Esistono anche molte controindicazioni all'uso di questo prodotto. Pertanto, prima di assumerlo, \u00e8 bene discuterne con il proprio medico.<\/p>","protected":false},"excerpt":{"rendered":"<p><strong>Caratteristiche :\u00a0<\/strong><\/p>\n<div class=\"product-short-description\">\n<p>100 grammi producono oltre 35 tisane da 250 ml.<\/p>\n<\/div>","protected":false},"featured_media":2282,"template":"","meta":[],"product_brand":[],"product_cat":[15,27],"product_tag":[],"class_list":{"0":"post-2281","1":"product","2":"type-product","3":"status-publish","4":"has-post-thumbnail","6":"product_cat-fertilite","7":"product_cat-plantes-medicinales","9":"first","10":"instock","11":"shipping-taxable","12":"purchasable","13":"product-type-simple"},"yoast_head":"<!-- This site is optimized with the Yoast SEO plugin v26.6 - https:\/\/yoast.com\/wordpress\/plugins\/seo\/ -->\n<title>Gattilier I Vitex agnus-castus I Bienfaits nombreux<\/title>\n<meta name=\"description\" content=\"Le gattilier est un produit naturel qui existe depuis plus de deux mill\u00e9naires. D\u00e9j\u00e0 au Moyen \u00c2ge, il \u00e9tait tr\u00e8s utilis\u00e9 \u00e0 diverses fins.\" \/>\n<meta name=\"robots\" content=\"index, follow, max-snippet:-1, max-image-preview:large, max-video-preview:-1\" \/>\n<link rel=\"canonical\" href=\"https:\/\/www.safinel.fr\/it\/prodotto\/albero-casto\/\" \/>\n<meta property=\"og:locale\" content=\"it_IT\" \/>\n<meta property=\"og:type\" content=\"article\" \/>\n<meta property=\"og:title\" content=\"Gattilier I Vitex agnus-castus I Bienfaits nombreux\" \/>\n<meta property=\"og:description\" content=\"Le gattilier est un produit naturel qui existe depuis plus de deux mill\u00e9naires. D\u00e9j\u00e0 au Moyen \u00c2ge, il \u00e9tait tr\u00e8s utilis\u00e9 \u00e0 diverses fins.\" \/>\n<meta property=\"og:url\" content=\"https:\/\/www.safinel.fr\/it\/prodotto\/albero-casto\/\" \/>\n<meta property=\"og:site_name\" content=\"Safinel\" \/>\n<meta property=\"article:modified_time\" content=\"2024-02-21T10:58:37+00:00\" \/>\n<meta property=\"og:image\" content=\"https:\/\/www.safinel.fr\/wp-content\/uploads\/2022\/08\/Gattilier-Vitex-agnus-castus-graine.jpg\" \/>\n\t<meta property=\"og:image:width\" content=\"600\" \/>\n\t<meta property=\"og:image:height\" content=\"600\" \/>\n\t<meta property=\"og:image:type\" content=\"image\/jpeg\" \/>\n<meta name=\"twitter:card\" content=\"summary_large_image\" \/>\n<meta name=\"twitter:label1\" content=\"Tempo di lettura stimato\" \/>\n\t<meta name=\"twitter:data1\" content=\"3 minuti\" \/>\n<script type=\"application\/ld+json\" class=\"yoast-schema-graph\">{\"@context\":\"https:\/\/schema.org\",\"@graph\":[{\"@type\":\"WebPage\",\"@id\":\"https:\/\/www.safinel.fr\/produit\/gattilier\/\",\"url\":\"https:\/\/www.safinel.fr\/produit\/gattilier\/\",\"name\":\"Gattilier I Vitex agnus-castus I Bienfaits nombreux\",\"isPartOf\":{\"@id\":\"https:\/\/www.safinel.fr\/#website\"},\"primaryImageOfPage\":{\"@id\":\"https:\/\/www.safinel.fr\/produit\/gattilier\/#primaryimage\"},\"image\":{\"@id\":\"https:\/\/www.safinel.fr\/produit\/gattilier\/#primaryimage\"},\"thumbnailUrl\":\"https:\/\/www.safinel.fr\/wp-content\/uploads\/2022\/08\/Gattilier-Vitex-agnus-castus-graine.jpg\",\"datePublished\":\"2022-08-22T13:56:43+00:00\",\"dateModified\":\"2024-02-21T10:58:37+00:00\",\"description\":\"Le gattilier est un produit naturel qui existe depuis plus de deux mill\u00e9naires. D\u00e9j\u00e0 au Moyen \u00c2ge, il \u00e9tait tr\u00e8s utilis\u00e9 \u00e0 diverses fins.\",\"breadcrumb\":{\"@id\":\"https:\/\/www.safinel.fr\/produit\/gattilier\/#breadcrumb\"},\"inLanguage\":\"it-IT\",\"potentialAction\":[{\"@type\":\"ReadAction\",\"target\":[\"https:\/\/www.safinel.fr\/produit\/gattilier\/\"]}]},{\"@type\":\"ImageObject\",\"inLanguage\":\"it-IT\",\"@id\":\"https:\/\/www.safinel.fr\/produit\/gattilier\/#primaryimage\",\"url\":\"https:\/\/www.safinel.fr\/wp-content\/uploads\/2022\/08\/Gattilier-Vitex-agnus-castus-graine.jpg\",\"contentUrl\":\"https:\/\/www.safinel.fr\/wp-content\/uploads\/2022\/08\/Gattilier-Vitex-agnus-castus-graine.jpg\",\"width\":600,\"height\":600,\"caption\":\"Gattilier, Vitex agnus castus graine\"},{\"@type\":\"BreadcrumbList\",\"@id\":\"https:\/\/www.safinel.fr\/produit\/gattilier\/#breadcrumb\",\"itemListElement\":[{\"@type\":\"ListItem\",\"position\":1,\"name\":\"Accueil\",\"item\":\"https:\/\/www.safinel.fr\/\"},{\"@type\":\"ListItem\",\"position\":2,\"name\":\"Boutique\",\"item\":\"https:\/\/www.safinel.fr\/boutique\/\"},{\"@type\":\"ListItem\",\"position\":3,\"name\":\"Gattilier en graines 100g\"}]},{\"@type\":\"WebSite\",\"@id\":\"https:\/\/www.safinel.fr\/#website\",\"url\":\"https:\/\/www.safinel.fr\/\",\"name\":\"Safinel\",\"description\":\"\",\"publisher\":{\"@id\":\"https:\/\/www.safinel.fr\/#organization\"},\"potentialAction\":[{\"@type\":\"SearchAction\",\"target\":{\"@type\":\"EntryPoint\",\"urlTemplate\":\"https:\/\/www.safinel.fr\/?s={search_term_string}\"},\"query-input\":{\"@type\":\"PropertyValueSpecification\",\"valueRequired\":true,\"valueName\":\"search_term_string\"}}],\"inLanguage\":\"it-IT\"},{\"@type\":\"Organization\",\"@id\":\"https:\/\/www.safinel.fr\/#organization\",\"name\":\"Safinel\",\"url\":\"https:\/\/www.safinel.fr\/\",\"logo\":{\"@type\":\"ImageObject\",\"inLanguage\":\"it-IT\",\"@id\":\"https:\/\/www.safinel.fr\/#\/schema\/logo\/image\/\",\"url\":\"https:\/\/www.safinel.fr\/wp-content\/uploads\/2021\/05\/boutique-cosmetique.png\",\"contentUrl\":\"https:\/\/www.safinel.fr\/wp-content\/uploads\/2021\/05\/boutique-cosmetique.png\",\"width\":800,\"height\":200,\"caption\":\"Safinel\"},\"image\":{\"@id\":\"https:\/\/www.safinel.fr\/#\/schema\/logo\/image\/\"}}]}<\/script>\n<!-- \/ Yoast SEO plugin. -->","yoast_head_json":{"title":"Albero di castagno I Vitex agnus-castus I Numerosi benefici","description":"L'agnocasto \u00e8 un prodotto naturale che esiste da oltre duemila anni. Gi\u00e0 nel Medioevo era ampiamente utilizzato per diversi scopi.","robots":{"index":"index","follow":"follow","max-snippet":"max-snippet:-1","max-image-preview":"max-image-preview:large","max-video-preview":"max-video-preview:-1"},"canonical":"https:\/\/www.safinel.fr\/it\/prodotto\/albero-casto\/","og_locale":"it_IT","og_type":"article","og_title":"Gattilier I Vitex agnus-castus I Bienfaits nombreux","og_description":"Le gattilier est un produit naturel qui existe depuis plus de deux mill\u00e9naires. D\u00e9j\u00e0 au Moyen \u00c2ge, il \u00e9tait tr\u00e8s utilis\u00e9 \u00e0 diverses fins.","og_url":"https:\/\/www.safinel.fr\/it\/prodotto\/albero-casto\/","og_site_name":"Safinel","article_modified_time":"2024-02-21T10:58:37+00:00","og_image":[{"width":600,"height":600,"url":"https:\/\/www.safinel.fr\/wp-content\/uploads\/2022\/08\/Gattilier-Vitex-agnus-castus-graine.jpg","type":"image\/jpeg"}],"twitter_card":"summary_large_image","twitter_misc":{"Tempo di lettura stimato":"3 minuti"},"schema":{"@context":"https:\/\/schema.org","@graph":[{"@type":"WebPage","@id":"https:\/\/www.safinel.fr\/produit\/gattilier\/","url":"https:\/\/www.safinel.fr\/produit\/gattilier\/","name":"Albero di castagno I Vitex agnus-castus I Numerosi benefici","isPartOf":{"@id":"https:\/\/www.safinel.fr\/#website"},"primaryImageOfPage":{"@id":"https:\/\/www.safinel.fr\/produit\/gattilier\/#primaryimage"},"image":{"@id":"https:\/\/www.safinel.fr\/produit\/gattilier\/#primaryimage"},"thumbnailUrl":"https:\/\/www.safinel.fr\/wp-content\/uploads\/2022\/08\/Gattilier-Vitex-agnus-castus-graine.jpg","datePublished":"2022-08-22T13:56:43+00:00","dateModified":"2024-02-21T10:58:37+00:00","description":"L'agnocasto \u00e8 un prodotto naturale che esiste da oltre duemila anni. Gi\u00e0 nel Medioevo era ampiamente utilizzato per diversi scopi.","breadcrumb":{"@id":"https:\/\/www.safinel.fr\/produit\/gattilier\/#breadcrumb"},"inLanguage":"it-IT","potentialAction":[{"@type":"ReadAction","target":["https:\/\/www.safinel.fr\/produit\/gattilier\/"]}]},{"@type":"ImageObject","inLanguage":"it-IT","@id":"https:\/\/www.safinel.fr\/produit\/gattilier\/#primaryimage","url":"https:\/\/www.safinel.fr\/wp-content\/uploads\/2022\/08\/Gattilier-Vitex-agnus-castus-graine.jpg","contentUrl":"https:\/\/www.safinel.fr\/wp-content\/uploads\/2022\/08\/Gattilier-Vitex-agnus-castus-graine.jpg","width":600,"height":600,"caption":"Gattilier, Vitex agnus castus graine"},{"@type":"BreadcrumbList","@id":"https:\/\/www.safinel.fr\/produit\/gattilier\/#breadcrumb","itemListElement":[{"@type":"ListItem","position":1,"name":"Accueil","item":"https:\/\/www.safinel.fr\/"},{"@type":"ListItem","position":2,"name":"Boutique","item":"https:\/\/www.safinel.fr\/boutique\/"},{"@type":"ListItem","position":3,"name":"Gattilier en graines 100g"}]},{"@type":"WebSite","@id":"https:\/\/www.safinel.fr\/#website","url":"https:\/\/www.safinel.fr\/","name":"Safinel","description":"","publisher":{"@id":"https:\/\/www.safinel.fr\/#organization"},"potentialAction":[{"@type":"SearchAction","target":{"@type":"EntryPoint","urlTemplate":"https:\/\/www.safinel.fr\/?s={search_term_string}"},"query-input":{"@type":"PropertyValueSpecification","valueRequired":true,"valueName":"search_term_string"}}],"inLanguage":"it-IT"},{"@type":"Organization","@id":"https:\/\/www.safinel.fr\/#organization","name":"Safinel","url":"https:\/\/www.safinel.fr\/","logo":{"@type":"ImageObject","inLanguage":"it-IT","@id":"https:\/\/www.safinel.fr\/#\/schema\/logo\/image\/","url":"https:\/\/www.safinel.fr\/wp-content\/uploads\/2021\/05\/boutique-cosmetique.png","contentUrl":"https:\/\/www.safinel.fr\/wp-content\/uploads\/2021\/05\/boutique-cosmetique.png","width":800,"height":200,"caption":"Safinel"},"image":{"@id":"https:\/\/www.safinel.fr\/#\/schema\/logo\/image\/"}}]}},"_links":{"self":[{"href":"https:\/\/www.safinel.fr\/it\/wp-json\/wp\/v2\/product\/2281","targetHints":{"allow":["GET"]}}],"collection":[{"href":"https:\/\/www.safinel.fr\/it\/wp-json\/wp\/v2\/product"}],"about":[{"href":"https:\/\/www.safinel.fr\/it\/wp-json\/wp\/v2\/types\/product"}],"wp:featuredmedia":[{"embeddable":true,"href":"https:\/\/www.safinel.fr\/it\/wp-json\/wp\/v2\/media\/2282"}],"wp:attachment":[{"href":"https:\/\/www.safinel.fr\/it\/wp-json\/wp\/v2\/media?parent=2281"}],"wp:term":[{"taxonomy":"product_brand","embeddable":true,"href":"https:\/\/www.safinel.fr\/it\/wp-json\/wp\/v2\/product_brand?post=2281"},{"taxonomy":"product_cat","embeddable":true,"href":"https:\/\/www.safinel.fr\/it\/wp-json\/wp\/v2\/product_cat?post=2281"},{"taxonomy":"product_tag","embeddable":true,"href":"https:\/\/www.safinel.fr\/it\/wp-json\/wp\/v2\/product_tag?post=2281"}],"curies":[{"name":"wp","href":"https:\/\/api.w.org\/{rel}","templated":true}]}}