{"id":2236,"date":"2022-08-18T12:34:43","date_gmt":"2022-08-18T12:34:43","guid":{"rendered":"https:\/\/www.safinel.fr\/?post_type=product&#038;p=2236"},"modified":"2025-04-11T18:54:04","modified_gmt":"2025-04-11T18:54:04","slug":"zenzero","status":"publish","type":"product","link":"https:\/\/www.safinel.fr\/it\/prodotto\/zenzero\/","title":{"rendered":"Zenzero in polvere 100 g"},"content":{"rendered":"<p>Arte culinaria o trattamento medicinale? La natura ci ha concesso ancora una volta l'onore e il piacere di mettere sotto i riflettori un alimento sorprendente. La suspense \u00e8 al culmine, ed \u00e8 ora di scoprire di pi\u00f9 sulla\u00a0<strong>zenzero in polvere<\/strong>\u00a0!<\/p>\n<p>Se anche la vostra curiosit\u00e0 \u00e8 stata stuzzicata, non preoccupatevi, vi diremo di pi\u00f9...<\/p>\n<h2><strong>Lo zenzero in polvere fa notizia!\u00a0<\/strong><\/h2>\n<p>Avete mai sentito parlare di<strong>\u00a0zingiber officinale\u00a0<\/strong>? Pi\u00f9 comunemente conosciuto come zenzero, questo\u00a0<strong>spezia<\/strong>\u00a0originaria dell'Asia, \u00e8 particolarmente apprezzata per la sua radice orizzontale, il rizoma.<\/p>\n<p>Questo fusto sotterraneo dalla buccia beige \u00e8 molto apprezzato nel mondo culinario e ha varcato i confini dell'Asia per entrare in molti piatti dell'arcipelago delle Comore. Gli echi annunciano questa spezia come una pianta medicinale dai numerosi benefici! Preparatevi a riscoprire cosa nasconde davvero questo zenzero in polvere.<\/p>\n<h2><strong>Alla scoperta dello zenzero in polvere\u00a0<\/strong><\/h2>\n<p>Il tuo\u00a0<strong>boutique del benessere\u00a0<\/strong>Vorrei dirvi di pi\u00f9 su questo<strong>\u00a0alicamento naturale.\u00a0<\/strong>Ecco perch\u00e9 Safinel ha il famoso zenzero in polvere. Lo troverete nella sua confezione ermetica per preservare le propriet\u00e0 di questa spezia dalle molteplici virt\u00f9.<\/p>\n<p>Inoltre, il suo contenuto di 100 g \u00e8 ideale per un uso frequente e prolungato! Se volete approfittarne anche voi, visitate il nostro negozio!<\/p>\n<h2><strong>Quali sono i benefici dello zenzero in polvere?\u00a0<\/strong><\/h2>\n<p>Sebbene lo zenzero sia generalmente conosciuto per il suo sapore piccante in alcuni piatti, \u00e8 un vero e proprio toccasana per la salute! \u00c8 vero, questo prodotto naturale \u00e8 certamente apprezzato per il suo sapore, ma \u00e8 anche una risorsa nella lotta contro alcuni disturbi.<\/p>\n<ul>\n<li>Come probabilmente saprete, lo zenzero \u00e8 noto come afrodisiaco naturale. Molto utile per combattere la stanchezza e aumentare il vigore sessuale, questa pianta asiatica pu\u00f2 essere un vero vantaggio per migliorare l'intimit\u00e0.<\/li>\n<li>\u00c8 molto apprezzato anche per i problemi digestivi<\/li>\n<li>Previene la nausea e il vomito<\/li>\n<li>Utilizzato da alcuni sportivi di alto livello, lo zenzero pu\u00f2 aiutare ad alleviare i dolori muscolari.<\/li>\n<\/ul>\n<p>La vostra boutique del benessere vi consiglia di non superare i 10 grammi di polvere al giorno. Per una cura o un trattamento, non esitate a consultare un medico!<\/p>\n<h3><strong>Spezie o frutta tropicale?\u00a0<\/strong><\/h3>\n<p>Siete amanti delle sorprese? La vostra boutique Safinel desidera presentarvi alcuni prodotti naturali dai molteplici benefici! Se questa spezia vi ha affascinato, ora vi presentiamo il frutto tropicale chiamato\u00a0<a href=\"https:\/\/www.safinel.fr\/it\/prodotto\/haritaki\/\"><strong>polvere di haritaki<\/strong><\/a> ! Sebbene sia noto per migliorare le prestazioni fisiche. Come la vista e la memoria, ad esempio, questo prodotto naturale ha molti assi nella manica.<\/p>\n<p>Potete anche conoscere\u00a0<strong><a href=\"https:\/\/www.safinel.fr\/it\/prodotto\/corteccia-di-mango\/\">corteccia di mango<\/a>.\u00a0<\/strong>Solitamente apprezzato per i suoi frutti, l'albero del mango ha dimostrato che la sua corteccia \u00e8 molto pi\u00f9 che una semplice protezione.<\/p>\n<p>Ora che ne sapete di pi\u00f9 su tutti questi prodotti, tocca a voi! Non esitate pi\u00f9 e siate tra i pi\u00f9 audaci.<\/p>","protected":false},"excerpt":{"rendered":"<p>Arte culinaria o trattamento medico? La natura ci fa ancora l'onore e il piacere di mettere sotto i riflettori un sorprendente alimento medicinale. La suspense \u00e8 al culmine, \u00e8 ora di saperne di pi\u00f9 sullo zenzero in polvere! Se anche voi siete curiosi, state tranquilli, vi sveleremo tutto [...]","protected":false},"featured_media":2235,"template":"","meta":[],"product_brand":[],"product_cat":[44,169,53],"product_tag":[],"class_list":{"0":"post-2236","1":"product","2":"type-product","3":"status-publish","4":"has-post-thumbnail","6":"product_cat-epices","7":"product_cat-epices-du-monde","8":"product_cat-epices-marocaines","10":"first","11":"instock","12":"shipping-taxable","13":"purchasable","14":"product-type-simple"},"yoast_head":"<!-- This site is optimized with the Yoast SEO plugin v26.6 - https:\/\/yoast.com\/wordpress\/plugins\/seo\/ -->\n<title>Gingembre en poudre 100g | Plante aux bienfaits nombreux<\/title>\n<meta name=\"description\" content=\"Art culinaire ou traitement m\u00e9dicamenteux ? Il est temps d\u2019en apprendre davantage sur le\u00a0gingembre en poudre\u00a0chez Safinel !\" \/>\n<meta name=\"robots\" content=\"index, follow, max-snippet:-1, max-image-preview:large, max-video-preview:-1\" \/>\n<link rel=\"canonical\" href=\"https:\/\/www.safinel.fr\/it\/prodotto\/zenzero\/\" \/>\n<meta property=\"og:locale\" content=\"it_IT\" \/>\n<meta property=\"og:type\" content=\"article\" \/>\n<meta property=\"og:title\" content=\"Gingembre en poudre 100g | Plante aux bienfaits nombreux\" \/>\n<meta property=\"og:description\" content=\"Art culinaire ou traitement m\u00e9dicamenteux ? Il est temps d\u2019en apprendre davantage sur le\u00a0gingembre en poudre\u00a0chez Safinel !\" \/>\n<meta property=\"og:url\" content=\"https:\/\/www.safinel.fr\/it\/prodotto\/zenzero\/\" \/>\n<meta property=\"og:site_name\" content=\"Safinel\" \/>\n<meta property=\"article:modified_time\" content=\"2025-04-11T18:54:04+00:00\" \/>\n<meta property=\"og:image\" content=\"https:\/\/www.safinel.fr\/wp-content\/uploads\/2022\/08\/gingembre-epice.jpg\" \/>\n\t<meta property=\"og:image:width\" content=\"600\" \/>\n\t<meta property=\"og:image:height\" content=\"600\" \/>\n\t<meta property=\"og:image:type\" content=\"image\/jpeg\" \/>\n<meta name=\"twitter:card\" content=\"summary_large_image\" \/>\n<meta name=\"twitter:label1\" content=\"Tempo di lettura stimato\" \/>\n\t<meta name=\"twitter:data1\" content=\"3 minuti\" \/>\n<script type=\"application\/ld+json\" class=\"yoast-schema-graph\">{\"@context\":\"https:\/\/schema.org\",\"@graph\":[{\"@type\":\"WebPage\",\"@id\":\"https:\/\/www.safinel.fr\/produit\/gingembre\/\",\"url\":\"https:\/\/www.safinel.fr\/produit\/gingembre\/\",\"name\":\"Gingembre en poudre 100g | Plante aux bienfaits nombreux\",\"isPartOf\":{\"@id\":\"https:\/\/www.safinel.fr\/#website\"},\"primaryImageOfPage\":{\"@id\":\"https:\/\/www.safinel.fr\/produit\/gingembre\/#primaryimage\"},\"image\":{\"@id\":\"https:\/\/www.safinel.fr\/produit\/gingembre\/#primaryimage\"},\"thumbnailUrl\":\"https:\/\/www.safinel.fr\/wp-content\/uploads\/2022\/08\/gingembre-epice.jpg\",\"datePublished\":\"2022-08-18T12:34:43+00:00\",\"dateModified\":\"2025-04-11T18:54:04+00:00\",\"description\":\"Art culinaire ou traitement m\u00e9dicamenteux ? Il est temps d\u2019en apprendre davantage sur le\u00a0gingembre en poudre\u00a0chez Safinel !\",\"breadcrumb\":{\"@id\":\"https:\/\/www.safinel.fr\/produit\/gingembre\/#breadcrumb\"},\"inLanguage\":\"it-IT\",\"potentialAction\":[{\"@type\":\"ReadAction\",\"target\":[\"https:\/\/www.safinel.fr\/produit\/gingembre\/\"]}]},{\"@type\":\"ImageObject\",\"inLanguage\":\"it-IT\",\"@id\":\"https:\/\/www.safinel.fr\/produit\/gingembre\/#primaryimage\",\"url\":\"https:\/\/www.safinel.fr\/wp-content\/uploads\/2022\/08\/gingembre-epice.jpg\",\"contentUrl\":\"https:\/\/www.safinel.fr\/wp-content\/uploads\/2022\/08\/gingembre-epice.jpg\",\"width\":600,\"height\":600,\"caption\":\"Gingembre en poudre 100g\"},{\"@type\":\"BreadcrumbList\",\"@id\":\"https:\/\/www.safinel.fr\/produit\/gingembre\/#breadcrumb\",\"itemListElement\":[{\"@type\":\"ListItem\",\"position\":1,\"name\":\"Accueil\",\"item\":\"https:\/\/www.safinel.fr\/\"},{\"@type\":\"ListItem\",\"position\":2,\"name\":\"Boutique\",\"item\":\"https:\/\/www.safinel.fr\/boutique\/\"},{\"@type\":\"ListItem\",\"position\":3,\"name\":\"Gingembre en poudre 100g\"}]},{\"@type\":\"WebSite\",\"@id\":\"https:\/\/www.safinel.fr\/#website\",\"url\":\"https:\/\/www.safinel.fr\/\",\"name\":\"Safinel\",\"description\":\"\",\"publisher\":{\"@id\":\"https:\/\/www.safinel.fr\/#organization\"},\"potentialAction\":[{\"@type\":\"SearchAction\",\"target\":{\"@type\":\"EntryPoint\",\"urlTemplate\":\"https:\/\/www.safinel.fr\/?s={search_term_string}\"},\"query-input\":{\"@type\":\"PropertyValueSpecification\",\"valueRequired\":true,\"valueName\":\"search_term_string\"}}],\"inLanguage\":\"it-IT\"},{\"@type\":\"Organization\",\"@id\":\"https:\/\/www.safinel.fr\/#organization\",\"name\":\"Safinel\",\"url\":\"https:\/\/www.safinel.fr\/\",\"logo\":{\"@type\":\"ImageObject\",\"inLanguage\":\"it-IT\",\"@id\":\"https:\/\/www.safinel.fr\/#\/schema\/logo\/image\/\",\"url\":\"https:\/\/www.safinel.fr\/wp-content\/uploads\/2021\/05\/boutique-cosmetique.png\",\"contentUrl\":\"https:\/\/www.safinel.fr\/wp-content\/uploads\/2021\/05\/boutique-cosmetique.png\",\"width\":800,\"height\":200,\"caption\":\"Safinel\"},\"image\":{\"@id\":\"https:\/\/www.safinel.fr\/#\/schema\/logo\/image\/\"}}]}<\/script>\n<!-- \/ Yoast SEO plugin. -->","yoast_head_json":{"title":"Zenzero in polvere 100g | Pianta dai numerosi benefici","description":"Arte culinaria o trattamento medicinale? \u00c8 il momento di scoprire di pi\u00f9 sullo zenzero in polvere di Safinel!","robots":{"index":"index","follow":"follow","max-snippet":"max-snippet:-1","max-image-preview":"max-image-preview:large","max-video-preview":"max-video-preview:-1"},"canonical":"https:\/\/www.safinel.fr\/it\/prodotto\/zenzero\/","og_locale":"it_IT","og_type":"article","og_title":"Gingembre en poudre 100g | Plante aux bienfaits nombreux","og_description":"Art culinaire ou traitement m\u00e9dicamenteux ? Il est temps d\u2019en apprendre davantage sur le\u00a0gingembre en poudre\u00a0chez Safinel !","og_url":"https:\/\/www.safinel.fr\/it\/prodotto\/zenzero\/","og_site_name":"Safinel","article_modified_time":"2025-04-11T18:54:04+00:00","og_image":[{"width":600,"height":600,"url":"https:\/\/www.safinel.fr\/wp-content\/uploads\/2022\/08\/gingembre-epice.jpg","type":"image\/jpeg"}],"twitter_card":"summary_large_image","twitter_misc":{"Tempo di lettura stimato":"3 minuti"},"schema":{"@context":"https:\/\/schema.org","@graph":[{"@type":"WebPage","@id":"https:\/\/www.safinel.fr\/produit\/gingembre\/","url":"https:\/\/www.safinel.fr\/produit\/gingembre\/","name":"Zenzero in polvere 100g | Pianta dai numerosi benefici","isPartOf":{"@id":"https:\/\/www.safinel.fr\/#website"},"primaryImageOfPage":{"@id":"https:\/\/www.safinel.fr\/produit\/gingembre\/#primaryimage"},"image":{"@id":"https:\/\/www.safinel.fr\/produit\/gingembre\/#primaryimage"},"thumbnailUrl":"https:\/\/www.safinel.fr\/wp-content\/uploads\/2022\/08\/gingembre-epice.jpg","datePublished":"2022-08-18T12:34:43+00:00","dateModified":"2025-04-11T18:54:04+00:00","description":"Arte culinaria o trattamento medicinale? \u00c8 il momento di scoprire di pi\u00f9 sullo zenzero in polvere di Safinel!","breadcrumb":{"@id":"https:\/\/www.safinel.fr\/produit\/gingembre\/#breadcrumb"},"inLanguage":"it-IT","potentialAction":[{"@type":"ReadAction","target":["https:\/\/www.safinel.fr\/produit\/gingembre\/"]}]},{"@type":"ImageObject","inLanguage":"it-IT","@id":"https:\/\/www.safinel.fr\/produit\/gingembre\/#primaryimage","url":"https:\/\/www.safinel.fr\/wp-content\/uploads\/2022\/08\/gingembre-epice.jpg","contentUrl":"https:\/\/www.safinel.fr\/wp-content\/uploads\/2022\/08\/gingembre-epice.jpg","width":600,"height":600,"caption":"Gingembre en poudre 100g"},{"@type":"BreadcrumbList","@id":"https:\/\/www.safinel.fr\/produit\/gingembre\/#breadcrumb","itemListElement":[{"@type":"ListItem","position":1,"name":"Accueil","item":"https:\/\/www.safinel.fr\/"},{"@type":"ListItem","position":2,"name":"Boutique","item":"https:\/\/www.safinel.fr\/boutique\/"},{"@type":"ListItem","position":3,"name":"Gingembre en poudre 100g"}]},{"@type":"WebSite","@id":"https:\/\/www.safinel.fr\/#website","url":"https:\/\/www.safinel.fr\/","name":"Safinel","description":"","publisher":{"@id":"https:\/\/www.safinel.fr\/#organization"},"potentialAction":[{"@type":"SearchAction","target":{"@type":"EntryPoint","urlTemplate":"https:\/\/www.safinel.fr\/?s={search_term_string}"},"query-input":{"@type":"PropertyValueSpecification","valueRequired":true,"valueName":"search_term_string"}}],"inLanguage":"it-IT"},{"@type":"Organization","@id":"https:\/\/www.safinel.fr\/#organization","name":"Safinel","url":"https:\/\/www.safinel.fr\/","logo":{"@type":"ImageObject","inLanguage":"it-IT","@id":"https:\/\/www.safinel.fr\/#\/schema\/logo\/image\/","url":"https:\/\/www.safinel.fr\/wp-content\/uploads\/2021\/05\/boutique-cosmetique.png","contentUrl":"https:\/\/www.safinel.fr\/wp-content\/uploads\/2021\/05\/boutique-cosmetique.png","width":800,"height":200,"caption":"Safinel"},"image":{"@id":"https:\/\/www.safinel.fr\/#\/schema\/logo\/image\/"}}]}},"_links":{"self":[{"href":"https:\/\/www.safinel.fr\/it\/wp-json\/wp\/v2\/product\/2236","targetHints":{"allow":["GET"]}}],"collection":[{"href":"https:\/\/www.safinel.fr\/it\/wp-json\/wp\/v2\/product"}],"about":[{"href":"https:\/\/www.safinel.fr\/it\/wp-json\/wp\/v2\/types\/product"}],"wp:featuredmedia":[{"embeddable":true,"href":"https:\/\/www.safinel.fr\/it\/wp-json\/wp\/v2\/media\/2235"}],"wp:attachment":[{"href":"https:\/\/www.safinel.fr\/it\/wp-json\/wp\/v2\/media?parent=2236"}],"wp:term":[{"taxonomy":"product_brand","embeddable":true,"href":"https:\/\/www.safinel.fr\/it\/wp-json\/wp\/v2\/product_brand?post=2236"},{"taxonomy":"product_cat","embeddable":true,"href":"https:\/\/www.safinel.fr\/it\/wp-json\/wp\/v2\/product_cat?post=2236"},{"taxonomy":"product_tag","embeddable":true,"href":"https:\/\/www.safinel.fr\/it\/wp-json\/wp\/v2\/product_tag?post=2236"}],"curies":[{"name":"wp","href":"https:\/\/api.w.org\/{rel}","templated":true}]}}