{"id":221,"date":"2021-07-19T12:06:03","date_gmt":"2021-07-19T12:06:03","guid":{"rendered":"https:\/\/www.safinel.fr\/?post_type=product&#038;p=221"},"modified":"2024-06-02T14:24:14","modified_gmt":"2024-06-02T14:24:14","slug":"puro-sangue-di-drago","status":"publish","type":"product","link":"https:\/\/www.safinel.fr\/it\/prodotto\/puro-sangue-di-drago\/","title":{"rendered":"Puro sangue di drago"},"content":{"rendered":"<p>E se\u00a0<strong>puro sangue di drago<\/strong>, Il mito del \"t\u00e8 verde\", con le sue numerose virt\u00f9, non \u00e8 pi\u00f9 un mito ma una realt\u00e0? Conosciuto anche come\u00a0<strong>Cavaliere del drago di Socotra<\/strong>\u00a0oppure\u00a0<strong>Sangre de drago in America Latina<\/strong>, Questo elisir, sconosciuto ad alcuni, \u00e8 una linfa con un'ampia gamma di propriet\u00e0.<\/p>\n<p>Utilizzato in numerosi rimedi, il suo nome deriva dal suo aspetto rosso sangue! Se questo non vi dice molto, non lasciatevi scoraggiare: il resto sta per arrivare e vi aspetta una sorpresa!<\/p>\n<h2><strong>Cos'\u00e8 il sangue di drago puro?<\/strong><\/h2>\n<p>Questa linfa proviene da un albero chiamato Croton lechleri, situato in America Latina, pi\u00f9 precisamente in Colombia e Per\u00f9. Radicato ad un'altitudine di oltre 1.000 metri, questo albero cresce nel bel mezzo della foresta amazzonica.<\/p>\n<p>Estratto per generazioni dalle popolazioni indigene, il sangue di drago \u00e8 un prodotto unico nel suo genere.<strong>\u00a0rimedio casalingo naturale.\u00a0<\/strong>Oggi si trova in diverse forme, tra cui :<\/p>\n<ul>\n<li><strong>In incenso:\u00a0<\/strong><\/li>\n<\/ul>\n<p>\u00c8 possibile trovare il sangue di drago\u00a0<strong>in trucioli\u00a0<\/strong>o in\u00a0<strong>bastoni<\/strong>\u00a0per profumare la casa. Una fragranza balsamica, piacevolmente lenitiva e purificante.<\/p>\n<ul>\n<li><strong>In estratto concentrato :<\/strong><\/li>\n<\/ul>\n<p>Solitamente venduto in bottiglie, il sangue di drago puramente concentrato \u00e8 talvolta difficile da trovare!<\/p>\n<ul>\n<li><strong>Come principio attivo cosmetico:<\/strong><\/li>\n<\/ul>\n<p>Il sangue di drago \u00e8 oggi spesso presente in cosmetici come gel, creme e persino saponi.<\/p>\n<h2><strong>I benefici del sangue di drago puro\u00a0<\/strong><\/h2>\n<p>Questo\u00a0<strong>elisir<\/strong>\u00a0ricco di benefici, \u00e8 un tesoro naturale il cui utilizzo varia a seconda delle esigenze. Viene utilizzato in particolare per\u00a0<strong>problemi di pelle<\/strong>\u00a0come :<\/p>\n<ul>\n<li>Sulle ferite per favorirne la guarigione, da cui il suo soprannome, Liquid Dressing. Ma si usa anche su smagliature e cicatrici.<\/li>\n<\/ul>\n<ul>\n<li><strong>Anti-et\u00e0 naturale<\/strong>, per rivitalizzare la pelle e restituirle tono e compattezza.<\/li>\n<\/ul>\n<p>Inoltre, il suo utilizzo pu\u00f2 variare a seconda delle esigenze. Ad esempio, questa insolita bevanda pu\u00f2 aiutare a combattere disturbi interni quali\u00a0<strong>rettocolite emorragica\u00a0<\/strong>o il\u00a0<a href=\"https:\/\/www.vidal.fr\/maladies\/estomac-intestins\/maladie-crohn.html\" target=\"_blank\" rel=\"noopener\"><strong>Malattia di Crohn<\/strong><\/a>. Problemi di salute legati al colon e ai transiti intestinali.<\/p>\n<p>Le sue propriet\u00e0 immunostimolanti, la ricca protezione batterica e le propriet\u00e0 antinfiammatorie sono ritenute efficaci per la flora intestinale. E quindi alleviare alcuni dei sintomi di queste malattie.<\/p>\n<p>\u00c8 il momento di scoprire di pi\u00f9 sull'uso di questa misteriosa sostanza dalle molteplici virt\u00f9.<\/p>\n<h3><strong>Come si usa questo prodotto naturale?\u00a0<\/strong><\/h3>\n<p>L'uso dell'elisir di sangue di drago pu\u00f2 variare a seconda delle esigenze. Per questo motivo, esamineremo alcuni esempi:<\/p>\n<ul>\n<li>Per l'uso sulla pelle, come nel caso di eczemi o punture d'insetto, applicare direttamente sulla zona interessata in modo che possa agire correttamente.<\/li>\n<li>Ma si pu\u00f2 anche diluire questo rimedio naturale in acqua per i disturbi interni. Cos\u00ec pu\u00f2 aiutare ad alleviare il dolore.<\/li>\n<\/ul>\n<p>Non esitate, il vostro negozio online Safinel dispone di un'ampia gamma di prodotti e di una categoria di\u00a0<strong>piante medicinali<\/strong>. Dove \u00e8 possibile accedere\u00a0<a href=\"https:\/\/www.safinel.fr\/it\/prodotto\/radici-di-vetiver\/\"><strong>radice di vetiver<\/strong><\/a>\u00a0che notoriamente aiutano a combattere la cattiva circolazione e lo stress.<\/p>\n<p>Ma anche<strong>\u00a0<a href=\"https:\/\/www.safinel.fr\/it\/prodotto\/grani-di-pepe-di-szechuan\/\">Pepe di Sichuan<\/a><\/strong>\u00a0pieno di virt\u00f9.<\/p>","protected":false},"excerpt":{"rendered":"<p>E se il sangue di drago puro, dalle numerose virt\u00f9, non fosse pi\u00f9 un mito ma una realt\u00e0? Conosciuto anche con il nome di Dragonnier de Socotra o Sangre de drago in America Latina, questo elisir sconosciuto ad alcuni \u00e8 una linfa dalle numerose propriet\u00e0. Utilizzato in diversi rimedi, il suo nome deriva dal suo aspetto rosso sangue! Se questo [\u2026]","protected":false},"featured_media":219,"template":"","meta":[],"product_brand":[],"product_cat":[27],"product_tag":[],"class_list":{"0":"post-221","1":"product","2":"type-product","3":"status-publish","4":"has-post-thumbnail","6":"product_cat-plantes-medicinales","8":"first","9":"outofstock","10":"shipping-taxable","11":"purchasable","12":"product-type-variable"},"yoast_head":"<!-- This site is optimized with the Yoast SEO plugin v26.6 - https:\/\/yoast.com\/wordpress\/plugins\/seo\/ -->\n<title>Sang de dragon pur | Vertus multiples \u00e0 d\u00e9couvrir en ligne<\/title>\n<meta name=\"description\" content=\"Et si\u00a0le sang de dragon pur, aux nombreuses vertus, n\u2019\u00e9tait plus un mythe mais une r\u00e9alit\u00e9\u00a0? Ici, d\u00e9couvrez-le en quelques clics !\" \/>\n<meta name=\"robots\" content=\"index, follow, max-snippet:-1, max-image-preview:large, max-video-preview:-1\" \/>\n<link rel=\"canonical\" href=\"https:\/\/www.safinel.fr\/it\/prodotto\/puro-sangue-di-drago\/\" \/>\n<meta property=\"og:locale\" content=\"it_IT\" \/>\n<meta property=\"og:type\" content=\"article\" \/>\n<meta property=\"og:title\" content=\"Sang de dragon pur | Vertus multiples \u00e0 d\u00e9couvrir en ligne\" \/>\n<meta property=\"og:description\" content=\"Et si\u00a0le sang de dragon pur, aux nombreuses vertus, n\u2019\u00e9tait plus un mythe mais une r\u00e9alit\u00e9\u00a0? Ici, d\u00e9couvrez-le en quelques clics !\" \/>\n<meta property=\"og:url\" content=\"https:\/\/www.safinel.fr\/it\/prodotto\/puro-sangue-di-drago\/\" \/>\n<meta property=\"og:site_name\" content=\"Safinel\" \/>\n<meta property=\"article:modified_time\" content=\"2024-06-02T14:24:14+00:00\" \/>\n<meta property=\"og:image\" content=\"https:\/\/www.safinel.fr\/wp-content\/uploads\/2021\/07\/sang-de-dragon-bouteillle-50ml-1024x1024-1.jpg\" \/>\n\t<meta property=\"og:image:width\" content=\"1024\" \/>\n\t<meta property=\"og:image:height\" content=\"1024\" \/>\n\t<meta property=\"og:image:type\" content=\"image\/jpeg\" \/>\n<meta name=\"twitter:card\" content=\"summary_large_image\" \/>\n<meta name=\"twitter:label1\" content=\"Tempo di lettura stimato\" \/>\n\t<meta name=\"twitter:data1\" content=\"3 minuti\" \/>\n<script type=\"application\/ld+json\" class=\"yoast-schema-graph\">{\"@context\":\"https:\/\/schema.org\",\"@graph\":[{\"@type\":\"WebPage\",\"@id\":\"https:\/\/www.safinel.fr\/produit\/sang-de-dragon-pur\/\",\"url\":\"https:\/\/www.safinel.fr\/produit\/sang-de-dragon-pur\/\",\"name\":\"Sang de dragon pur | Vertus multiples \u00e0 d\u00e9couvrir en ligne\",\"isPartOf\":{\"@id\":\"https:\/\/www.safinel.fr\/#website\"},\"primaryImageOfPage\":{\"@id\":\"https:\/\/www.safinel.fr\/produit\/sang-de-dragon-pur\/#primaryimage\"},\"image\":{\"@id\":\"https:\/\/www.safinel.fr\/produit\/sang-de-dragon-pur\/#primaryimage\"},\"thumbnailUrl\":\"https:\/\/www.safinel.fr\/wp-content\/uploads\/2021\/07\/sang-de-dragon-bouteillle-50ml-1024x1024-1.jpg\",\"datePublished\":\"2021-07-19T12:06:03+00:00\",\"dateModified\":\"2024-06-02T14:24:14+00:00\",\"description\":\"Et si\u00a0le sang de dragon pur, aux nombreuses vertus, n\u2019\u00e9tait plus un mythe mais une r\u00e9alit\u00e9\u00a0? Ici, d\u00e9couvrez-le en quelques clics !\",\"breadcrumb\":{\"@id\":\"https:\/\/www.safinel.fr\/produit\/sang-de-dragon-pur\/#breadcrumb\"},\"inLanguage\":\"it-IT\",\"potentialAction\":[{\"@type\":\"ReadAction\",\"target\":[\"https:\/\/www.safinel.fr\/produit\/sang-de-dragon-pur\/\"]}]},{\"@type\":\"ImageObject\",\"inLanguage\":\"it-IT\",\"@id\":\"https:\/\/www.safinel.fr\/produit\/sang-de-dragon-pur\/#primaryimage\",\"url\":\"https:\/\/www.safinel.fr\/wp-content\/uploads\/2021\/07\/sang-de-dragon-bouteillle-50ml-1024x1024-1.jpg\",\"contentUrl\":\"https:\/\/www.safinel.fr\/wp-content\/uploads\/2021\/07\/sang-de-dragon-bouteillle-50ml-1024x1024-1.jpg\",\"width\":1024,\"height\":1024,\"caption\":\"sang de dragon pur 50ml\"},{\"@type\":\"BreadcrumbList\",\"@id\":\"https:\/\/www.safinel.fr\/produit\/sang-de-dragon-pur\/#breadcrumb\",\"itemListElement\":[{\"@type\":\"ListItem\",\"position\":1,\"name\":\"Accueil\",\"item\":\"https:\/\/www.safinel.fr\/\"},{\"@type\":\"ListItem\",\"position\":2,\"name\":\"Boutique\",\"item\":\"https:\/\/www.safinel.fr\/boutique\/\"},{\"@type\":\"ListItem\",\"position\":3,\"name\":\"Sang de dragon pur\"}]},{\"@type\":\"WebSite\",\"@id\":\"https:\/\/www.safinel.fr\/#website\",\"url\":\"https:\/\/www.safinel.fr\/\",\"name\":\"Safinel\",\"description\":\"\",\"publisher\":{\"@id\":\"https:\/\/www.safinel.fr\/#organization\"},\"potentialAction\":[{\"@type\":\"SearchAction\",\"target\":{\"@type\":\"EntryPoint\",\"urlTemplate\":\"https:\/\/www.safinel.fr\/?s={search_term_string}\"},\"query-input\":{\"@type\":\"PropertyValueSpecification\",\"valueRequired\":true,\"valueName\":\"search_term_string\"}}],\"inLanguage\":\"it-IT\"},{\"@type\":\"Organization\",\"@id\":\"https:\/\/www.safinel.fr\/#organization\",\"name\":\"Safinel\",\"url\":\"https:\/\/www.safinel.fr\/\",\"logo\":{\"@type\":\"ImageObject\",\"inLanguage\":\"it-IT\",\"@id\":\"https:\/\/www.safinel.fr\/#\/schema\/logo\/image\/\",\"url\":\"https:\/\/www.safinel.fr\/wp-content\/uploads\/2021\/05\/boutique-cosmetique.png\",\"contentUrl\":\"https:\/\/www.safinel.fr\/wp-content\/uploads\/2021\/05\/boutique-cosmetique.png\",\"width\":800,\"height\":200,\"caption\":\"Safinel\"},\"image\":{\"@id\":\"https:\/\/www.safinel.fr\/#\/schema\/logo\/image\/\"}}]}<\/script>\n<!-- \/ Yoast SEO plugin. -->","yoast_head_json":{"title":"Puro sangue di drago | Molteplici virt\u00f9 da scoprire online","description":"E se il sangue di drago puro, con le sue numerose virt\u00f9, non fosse pi\u00f9 un mito ma una realt\u00e0? Scopritelo in pochi clic!","robots":{"index":"index","follow":"follow","max-snippet":"max-snippet:-1","max-image-preview":"max-image-preview:large","max-video-preview":"max-video-preview:-1"},"canonical":"https:\/\/www.safinel.fr\/it\/prodotto\/puro-sangue-di-drago\/","og_locale":"it_IT","og_type":"article","og_title":"Sang de dragon pur | Vertus multiples \u00e0 d\u00e9couvrir en ligne","og_description":"Et si\u00a0le sang de dragon pur, aux nombreuses vertus, n\u2019\u00e9tait plus un mythe mais une r\u00e9alit\u00e9\u00a0? Ici, d\u00e9couvrez-le en quelques clics !","og_url":"https:\/\/www.safinel.fr\/it\/prodotto\/puro-sangue-di-drago\/","og_site_name":"Safinel","article_modified_time":"2024-06-02T14:24:14+00:00","og_image":[{"width":1024,"height":1024,"url":"https:\/\/www.safinel.fr\/wp-content\/uploads\/2021\/07\/sang-de-dragon-bouteillle-50ml-1024x1024-1.jpg","type":"image\/jpeg"}],"twitter_card":"summary_large_image","twitter_misc":{"Tempo di lettura stimato":"3 minuti"},"schema":{"@context":"https:\/\/schema.org","@graph":[{"@type":"WebPage","@id":"https:\/\/www.safinel.fr\/produit\/sang-de-dragon-pur\/","url":"https:\/\/www.safinel.fr\/produit\/sang-de-dragon-pur\/","name":"Puro sangue di drago | Molteplici virt\u00f9 da scoprire online","isPartOf":{"@id":"https:\/\/www.safinel.fr\/#website"},"primaryImageOfPage":{"@id":"https:\/\/www.safinel.fr\/produit\/sang-de-dragon-pur\/#primaryimage"},"image":{"@id":"https:\/\/www.safinel.fr\/produit\/sang-de-dragon-pur\/#primaryimage"},"thumbnailUrl":"https:\/\/www.safinel.fr\/wp-content\/uploads\/2021\/07\/sang-de-dragon-bouteillle-50ml-1024x1024-1.jpg","datePublished":"2021-07-19T12:06:03+00:00","dateModified":"2024-06-02T14:24:14+00:00","description":"E se il sangue di drago puro, con le sue numerose virt\u00f9, non fosse pi\u00f9 un mito ma una realt\u00e0? Scopritelo in pochi clic!","breadcrumb":{"@id":"https:\/\/www.safinel.fr\/produit\/sang-de-dragon-pur\/#breadcrumb"},"inLanguage":"it-IT","potentialAction":[{"@type":"ReadAction","target":["https:\/\/www.safinel.fr\/produit\/sang-de-dragon-pur\/"]}]},{"@type":"ImageObject","inLanguage":"it-IT","@id":"https:\/\/www.safinel.fr\/produit\/sang-de-dragon-pur\/#primaryimage","url":"https:\/\/www.safinel.fr\/wp-content\/uploads\/2021\/07\/sang-de-dragon-bouteillle-50ml-1024x1024-1.jpg","contentUrl":"https:\/\/www.safinel.fr\/wp-content\/uploads\/2021\/07\/sang-de-dragon-bouteillle-50ml-1024x1024-1.jpg","width":1024,"height":1024,"caption":"sang de dragon pur 50ml"},{"@type":"BreadcrumbList","@id":"https:\/\/www.safinel.fr\/produit\/sang-de-dragon-pur\/#breadcrumb","itemListElement":[{"@type":"ListItem","position":1,"name":"Accueil","item":"https:\/\/www.safinel.fr\/"},{"@type":"ListItem","position":2,"name":"Boutique","item":"https:\/\/www.safinel.fr\/boutique\/"},{"@type":"ListItem","position":3,"name":"Sang de dragon pur"}]},{"@type":"WebSite","@id":"https:\/\/www.safinel.fr\/#website","url":"https:\/\/www.safinel.fr\/","name":"Safinel","description":"","publisher":{"@id":"https:\/\/www.safinel.fr\/#organization"},"potentialAction":[{"@type":"SearchAction","target":{"@type":"EntryPoint","urlTemplate":"https:\/\/www.safinel.fr\/?s={search_term_string}"},"query-input":{"@type":"PropertyValueSpecification","valueRequired":true,"valueName":"search_term_string"}}],"inLanguage":"it-IT"},{"@type":"Organization","@id":"https:\/\/www.safinel.fr\/#organization","name":"Safinel","url":"https:\/\/www.safinel.fr\/","logo":{"@type":"ImageObject","inLanguage":"it-IT","@id":"https:\/\/www.safinel.fr\/#\/schema\/logo\/image\/","url":"https:\/\/www.safinel.fr\/wp-content\/uploads\/2021\/05\/boutique-cosmetique.png","contentUrl":"https:\/\/www.safinel.fr\/wp-content\/uploads\/2021\/05\/boutique-cosmetique.png","width":800,"height":200,"caption":"Safinel"},"image":{"@id":"https:\/\/www.safinel.fr\/#\/schema\/logo\/image\/"}}]}},"_links":{"self":[{"href":"https:\/\/www.safinel.fr\/it\/wp-json\/wp\/v2\/product\/221","targetHints":{"allow":["GET"]}}],"collection":[{"href":"https:\/\/www.safinel.fr\/it\/wp-json\/wp\/v2\/product"}],"about":[{"href":"https:\/\/www.safinel.fr\/it\/wp-json\/wp\/v2\/types\/product"}],"wp:featuredmedia":[{"embeddable":true,"href":"https:\/\/www.safinel.fr\/it\/wp-json\/wp\/v2\/media\/219"}],"wp:attachment":[{"href":"https:\/\/www.safinel.fr\/it\/wp-json\/wp\/v2\/media?parent=221"}],"wp:term":[{"taxonomy":"product_brand","embeddable":true,"href":"https:\/\/www.safinel.fr\/it\/wp-json\/wp\/v2\/product_brand?post=221"},{"taxonomy":"product_cat","embeddable":true,"href":"https:\/\/www.safinel.fr\/it\/wp-json\/wp\/v2\/product_cat?post=221"},{"taxonomy":"product_tag","embeddable":true,"href":"https:\/\/www.safinel.fr\/it\/wp-json\/wp\/v2\/product_tag?post=221"}],"curies":[{"name":"wp","href":"https:\/\/api.w.org\/{rel}","templated":true}]}}