{"id":2179,"date":"2022-08-17T09:41:43","date_gmt":"2022-08-17T09:41:43","guid":{"rendered":"https:\/\/www.safinel.fr\/?post_type=product&#038;p=2179"},"modified":"2023-12-30T12:34:55","modified_gmt":"2023-12-30T12:34:55","slug":"dargan-olio-shampoo-1000ml","status":"publish","type":"product","link":"https:\/\/www.safinel.fr\/it\/prodotto\/dargan-olio-shampoo-1000ml\/","title":{"rendered":"Shampoo all'olio di argan 1000ml - Pro Hair Professional"},"content":{"rendered":"","protected":false},"excerpt":{"rendered":"<p><strong>Caratteristiche :<\/strong><\/p>\n<ul>\n<li>Lo shampoo all'olio di argan \u00e8 ideale per tutti i tipi di capelli.<\/li>\n<li>Formula a base di olio di argan che nutre perfettamente, ripristina e dona un aspetto sano, morbidezza e lucentezza.<\/li>\n<li>\u00c8 ricco di omega-6, vitamina E e antiossidanti.<\/li>\n<li>Protegge dagli effetti dell'invecchiamento.<\/li>\n<li>L'uso regolare dello shampoo restituisce forza e vitalit\u00e0 ai capelli, rendendoli elastici e flessibili e aggiungendo lucentezza.<\/li>\n<\/ul>","protected":false},"featured_media":2209,"template":"","meta":[],"product_brand":[],"product_cat":[79,146,77,78],"product_tag":[],"class_list":{"0":"post-2179","1":"product","2":"type-product","3":"status-publish","4":"has-post-thumbnail","6":"product_cat-botox-capillaire","7":"product_cat-produit-cheveux","8":"product_cat-pro-hair-professional","9":"product_cat-shampoing","11":"first","12":"instock","13":"shipping-taxable","14":"purchasable","15":"product-type-simple"},"yoast_head":"<!-- This site is optimized with the Yoast SEO plugin v26.6 - https:\/\/yoast.com\/wordpress\/plugins\/seo\/ -->\n<title>Shampoing \u00e0 l&#039;huile d&#039;argan 1000ml - Pro Hair Professional - Safinel<\/title>\n<meta name=\"robots\" content=\"index, follow, max-snippet:-1, max-image-preview:large, max-video-preview:-1\" \/>\n<link rel=\"canonical\" href=\"https:\/\/www.safinel.fr\/it\/prodotto\/dargan-olio-shampoo-1000ml\/\" \/>\n<meta property=\"og:locale\" content=\"it_IT\" \/>\n<meta property=\"og:type\" content=\"article\" \/>\n<meta property=\"og:title\" content=\"Shampoing \u00e0 l&#039;huile d&#039;argan 1000ml - Pro Hair Professional - Safinel\" \/>\n<meta property=\"og:description\" content=\"Caract\u00e9ristiques :   Le shampoing \u00e0 l\u2019huile d\u2019argan est id\u00e9al pour tous types de cheveux.  Formule \u00e0 base d\u2019huile d\u2019argan qui nourrit parfaitement, restaure et donne une apparence saine, la douceur et la brillance.  Il est riche en om\u00e9ga-6, en vitamine E et en antioxydants  Prot\u00e8gent des effets du vieillissement.  L\u2019utilisation r\u00e9guli\u00e8re de shampooing redonne force et vitalit\u00e9 aux cheveux, les rend \u00e9lastiques, flexibles et ajoute de la brillance.\" \/>\n<meta property=\"og:url\" content=\"https:\/\/www.safinel.fr\/it\/prodotto\/dargan-olio-shampoo-1000ml\/\" \/>\n<meta property=\"og:site_name\" content=\"Safinel\" \/>\n<meta property=\"article:modified_time\" content=\"2023-12-30T12:34:55+00:00\" \/>\n<meta property=\"og:image\" content=\"https:\/\/www.safinel.fr\/wp-content\/uploads\/2022\/08\/shampoing-argan-pro-hair-professional.jpg\" \/>\n\t<meta property=\"og:image:width\" content=\"600\" \/>\n\t<meta property=\"og:image:height\" content=\"600\" \/>\n\t<meta property=\"og:image:type\" content=\"image\/jpeg\" \/>\n<meta name=\"twitter:card\" content=\"summary_large_image\" \/>\n<script type=\"application\/ld+json\" class=\"yoast-schema-graph\">{\"@context\":\"https:\/\/schema.org\",\"@graph\":[{\"@type\":\"WebPage\",\"@id\":\"https:\/\/www.safinel.fr\/produit\/shampoing-a-lhuile-dargan-1000ml\/\",\"url\":\"https:\/\/www.safinel.fr\/produit\/shampoing-a-lhuile-dargan-1000ml\/\",\"name\":\"Shampoing \u00e0 l'huile d'argan 1000ml - Pro Hair Professional - Safinel\",\"isPartOf\":{\"@id\":\"https:\/\/www.safinel.fr\/#website\"},\"primaryImageOfPage\":{\"@id\":\"https:\/\/www.safinel.fr\/produit\/shampoing-a-lhuile-dargan-1000ml\/#primaryimage\"},\"image\":{\"@id\":\"https:\/\/www.safinel.fr\/produit\/shampoing-a-lhuile-dargan-1000ml\/#primaryimage\"},\"thumbnailUrl\":\"https:\/\/www.safinel.fr\/wp-content\/uploads\/2022\/08\/shampoing-argan-pro-hair-professional.jpg\",\"datePublished\":\"2022-08-17T09:41:43+00:00\",\"dateModified\":\"2023-12-30T12:34:55+00:00\",\"breadcrumb\":{\"@id\":\"https:\/\/www.safinel.fr\/produit\/shampoing-a-lhuile-dargan-1000ml\/#breadcrumb\"},\"inLanguage\":\"it-IT\",\"potentialAction\":[{\"@type\":\"ReadAction\",\"target\":[\"https:\/\/www.safinel.fr\/produit\/shampoing-a-lhuile-dargan-1000ml\/\"]}]},{\"@type\":\"ImageObject\",\"inLanguage\":\"it-IT\",\"@id\":\"https:\/\/www.safinel.fr\/produit\/shampoing-a-lhuile-dargan-1000ml\/#primaryimage\",\"url\":\"https:\/\/www.safinel.fr\/wp-content\/uploads\/2022\/08\/shampoing-argan-pro-hair-professional.jpg\",\"contentUrl\":\"https:\/\/www.safinel.fr\/wp-content\/uploads\/2022\/08\/shampoing-argan-pro-hair-professional.jpg\",\"width\":600,\"height\":600},{\"@type\":\"BreadcrumbList\",\"@id\":\"https:\/\/www.safinel.fr\/produit\/shampoing-a-lhuile-dargan-1000ml\/#breadcrumb\",\"itemListElement\":[{\"@type\":\"ListItem\",\"position\":1,\"name\":\"Accueil\",\"item\":\"https:\/\/www.safinel.fr\/\"},{\"@type\":\"ListItem\",\"position\":2,\"name\":\"Boutique\",\"item\":\"https:\/\/www.safinel.fr\/boutique\/\"},{\"@type\":\"ListItem\",\"position\":3,\"name\":\"Shampoing \u00e0 l&#8217;huile d&#8217;argan 1000ml &#8211; Pro Hair Professional\"}]},{\"@type\":\"WebSite\",\"@id\":\"https:\/\/www.safinel.fr\/#website\",\"url\":\"https:\/\/www.safinel.fr\/\",\"name\":\"Safinel\",\"description\":\"\",\"publisher\":{\"@id\":\"https:\/\/www.safinel.fr\/#organization\"},\"potentialAction\":[{\"@type\":\"SearchAction\",\"target\":{\"@type\":\"EntryPoint\",\"urlTemplate\":\"https:\/\/www.safinel.fr\/?s={search_term_string}\"},\"query-input\":{\"@type\":\"PropertyValueSpecification\",\"valueRequired\":true,\"valueName\":\"search_term_string\"}}],\"inLanguage\":\"it-IT\"},{\"@type\":\"Organization\",\"@id\":\"https:\/\/www.safinel.fr\/#organization\",\"name\":\"Safinel\",\"url\":\"https:\/\/www.safinel.fr\/\",\"logo\":{\"@type\":\"ImageObject\",\"inLanguage\":\"it-IT\",\"@id\":\"https:\/\/www.safinel.fr\/#\/schema\/logo\/image\/\",\"url\":\"https:\/\/www.safinel.fr\/wp-content\/uploads\/2021\/05\/boutique-cosmetique.png\",\"contentUrl\":\"https:\/\/www.safinel.fr\/wp-content\/uploads\/2021\/05\/boutique-cosmetique.png\",\"width\":800,\"height\":200,\"caption\":\"Safinel\"},\"image\":{\"@id\":\"https:\/\/www.safinel.fr\/#\/schema\/logo\/image\/\"}}]}<\/script>\n<!-- \/ Yoast SEO plugin. -->","yoast_head_json":{"title":"Shampoo all'olio di argan 1000ml - Pro Hair Professional - Safinel","robots":{"index":"index","follow":"follow","max-snippet":"max-snippet:-1","max-image-preview":"max-image-preview:large","max-video-preview":"max-video-preview:-1"},"canonical":"https:\/\/www.safinel.fr\/it\/prodotto\/dargan-olio-shampoo-1000ml\/","og_locale":"it_IT","og_type":"article","og_title":"Shampoing \u00e0 l'huile d'argan 1000ml - Pro Hair Professional - Safinel","og_description":"Caract\u00e9ristiques :   Le shampoing \u00e0 l\u2019huile d\u2019argan est id\u00e9al pour tous types de cheveux.  Formule \u00e0 base d\u2019huile d\u2019argan qui nourrit parfaitement, restaure et donne une apparence saine, la douceur et la brillance.  Il est riche en om\u00e9ga-6, en vitamine E et en antioxydants  Prot\u00e8gent des effets du vieillissement.  L\u2019utilisation r\u00e9guli\u00e8re de shampooing redonne force et vitalit\u00e9 aux cheveux, les rend \u00e9lastiques, flexibles et ajoute de la brillance.","og_url":"https:\/\/www.safinel.fr\/it\/prodotto\/dargan-olio-shampoo-1000ml\/","og_site_name":"Safinel","article_modified_time":"2023-12-30T12:34:55+00:00","og_image":[{"width":600,"height":600,"url":"https:\/\/www.safinel.fr\/wp-content\/uploads\/2022\/08\/shampoing-argan-pro-hair-professional.jpg","type":"image\/jpeg"}],"twitter_card":"summary_large_image","schema":{"@context":"https:\/\/schema.org","@graph":[{"@type":"WebPage","@id":"https:\/\/www.safinel.fr\/produit\/shampoing-a-lhuile-dargan-1000ml\/","url":"https:\/\/www.safinel.fr\/produit\/shampoing-a-lhuile-dargan-1000ml\/","name":"Shampoo all'olio di argan 1000ml - Pro Hair Professional - Safinel","isPartOf":{"@id":"https:\/\/www.safinel.fr\/#website"},"primaryImageOfPage":{"@id":"https:\/\/www.safinel.fr\/produit\/shampoing-a-lhuile-dargan-1000ml\/#primaryimage"},"image":{"@id":"https:\/\/www.safinel.fr\/produit\/shampoing-a-lhuile-dargan-1000ml\/#primaryimage"},"thumbnailUrl":"https:\/\/www.safinel.fr\/wp-content\/uploads\/2022\/08\/shampoing-argan-pro-hair-professional.jpg","datePublished":"2022-08-17T09:41:43+00:00","dateModified":"2023-12-30T12:34:55+00:00","breadcrumb":{"@id":"https:\/\/www.safinel.fr\/produit\/shampoing-a-lhuile-dargan-1000ml\/#breadcrumb"},"inLanguage":"it-IT","potentialAction":[{"@type":"ReadAction","target":["https:\/\/www.safinel.fr\/produit\/shampoing-a-lhuile-dargan-1000ml\/"]}]},{"@type":"ImageObject","inLanguage":"it-IT","@id":"https:\/\/www.safinel.fr\/produit\/shampoing-a-lhuile-dargan-1000ml\/#primaryimage","url":"https:\/\/www.safinel.fr\/wp-content\/uploads\/2022\/08\/shampoing-argan-pro-hair-professional.jpg","contentUrl":"https:\/\/www.safinel.fr\/wp-content\/uploads\/2022\/08\/shampoing-argan-pro-hair-professional.jpg","width":600,"height":600},{"@type":"BreadcrumbList","@id":"https:\/\/www.safinel.fr\/produit\/shampoing-a-lhuile-dargan-1000ml\/#breadcrumb","itemListElement":[{"@type":"ListItem","position":1,"name":"Accueil","item":"https:\/\/www.safinel.fr\/"},{"@type":"ListItem","position":2,"name":"Boutique","item":"https:\/\/www.safinel.fr\/boutique\/"},{"@type":"ListItem","position":3,"name":"Shampoing \u00e0 l&#8217;huile d&#8217;argan 1000ml &#8211; Pro Hair Professional"}]},{"@type":"WebSite","@id":"https:\/\/www.safinel.fr\/#website","url":"https:\/\/www.safinel.fr\/","name":"Safinel","description":"","publisher":{"@id":"https:\/\/www.safinel.fr\/#organization"},"potentialAction":[{"@type":"SearchAction","target":{"@type":"EntryPoint","urlTemplate":"https:\/\/www.safinel.fr\/?s={search_term_string}"},"query-input":{"@type":"PropertyValueSpecification","valueRequired":true,"valueName":"search_term_string"}}],"inLanguage":"it-IT"},{"@type":"Organization","@id":"https:\/\/www.safinel.fr\/#organization","name":"Safinel","url":"https:\/\/www.safinel.fr\/","logo":{"@type":"ImageObject","inLanguage":"it-IT","@id":"https:\/\/www.safinel.fr\/#\/schema\/logo\/image\/","url":"https:\/\/www.safinel.fr\/wp-content\/uploads\/2021\/05\/boutique-cosmetique.png","contentUrl":"https:\/\/www.safinel.fr\/wp-content\/uploads\/2021\/05\/boutique-cosmetique.png","width":800,"height":200,"caption":"Safinel"},"image":{"@id":"https:\/\/www.safinel.fr\/#\/schema\/logo\/image\/"}}]}},"_links":{"self":[{"href":"https:\/\/www.safinel.fr\/it\/wp-json\/wp\/v2\/product\/2179","targetHints":{"allow":["GET"]}}],"collection":[{"href":"https:\/\/www.safinel.fr\/it\/wp-json\/wp\/v2\/product"}],"about":[{"href":"https:\/\/www.safinel.fr\/it\/wp-json\/wp\/v2\/types\/product"}],"wp:featuredmedia":[{"embeddable":true,"href":"https:\/\/www.safinel.fr\/it\/wp-json\/wp\/v2\/media\/2209"}],"wp:attachment":[{"href":"https:\/\/www.safinel.fr\/it\/wp-json\/wp\/v2\/media?parent=2179"}],"wp:term":[{"taxonomy":"product_brand","embeddable":true,"href":"https:\/\/www.safinel.fr\/it\/wp-json\/wp\/v2\/product_brand?post=2179"},{"taxonomy":"product_cat","embeddable":true,"href":"https:\/\/www.safinel.fr\/it\/wp-json\/wp\/v2\/product_cat?post=2179"},{"taxonomy":"product_tag","embeddable":true,"href":"https:\/\/www.safinel.fr\/it\/wp-json\/wp\/v2\/product_tag?post=2179"}],"curies":[{"name":"wp","href":"https:\/\/api.w.org\/{rel}","templated":true}]}}