{"id":2108,"date":"2022-08-01T15:48:11","date_gmt":"2022-08-01T15:48:11","guid":{"rendered":"https:\/\/www.safinel.fr\/?post_type=product&#038;p=2108"},"modified":"2025-10-12T18:47:02","modified_gmt":"2025-10-12T18:47:02","slug":"crema-per-ingrandire-il-seno-e-i-glutei","status":"publish","type":"product","link":"https:\/\/www.safinel.fr\/it\/prodotto\/crema-per-ingrandire-il-seno-e-i-glutei\/","title":{"rendered":"Crema per ingrandire il seno e i glutei 100ml"},"content":{"rendered":"<p>La crema per l'ingrandimento del seno e dei glutei cambier\u00e0 la vostra vita! A base di oli naturali, agisce sul processo di crescita di queste aree. Sarete stupiti dai risultati sorprendenti!<\/p>\n<h2><strong>Una lente di ingrandimento su questa crema miracolosa per l'ingrandimento del seno<\/strong><\/h2>\n<p>Questo prodotto, che da anni \u00e8 il preferito dalle donne africane, vi far\u00e0 passare la giornata. Il suo successo \u00e8 dovuto agli oli, noti per le loro qualit\u00e0 rimpolpanti, modellanti e rassodanti. I formulatori lo realizzano con burro di karit\u00e9, ideale per una pelle bella, e 3 oli:<\/p>\n<ul>\n<li>Akpi<\/li>\n<li><a href=\"https:\/\/www.safinel.fr\/it\/prodotto\/kigelia-africana\/\"><strong>Kig\u00e9lia<\/strong><\/a><\/li>\n<li><a href=\"https:\/\/www.safinel.fr\/it\/prodotto\/burro-di-fieno-greco\/\"><strong>Fieno greco<\/strong><\/a><\/li>\n<\/ul>\n<p>Per preservare questi prodotti naturali sono stati aggiunti vitamina E e cosgard.<\/p>\n<h2><strong>Oli scelti per la loro azione sulla crescita\u00a0<\/strong><\/h2>\n<p><a href=\"https:\/\/www.safinel.fr\/it\/prodotto\/olio-dakpi\/\"><strong>Olio Akpi<\/strong><\/a>, \u00e8 l'ingrediente chiave di questo unguento. Ricavato dai semi dell'omonimo albero, ha una serie di benefici, tra cui un'azione di rinforzo. Il fieno greco viene spesso utilizzato per aumentare la massa muscolare. Il vantaggio \u00e8 che si pu\u00f2 intervenire su un'area specifica. L'olio di chilegia modella il seno e rassoda i glutei. Infine, il burro di karit\u00e9 si prender\u00e0 cura della vostra pelle grazie al suo alto livello di idratazione. Inoltre, previene le smagliature che possono comparire quando si aumenta di peso. Questa crema, ovviamente, far\u00e0 apparire i vostri glutei pi\u00f9 grandi.<span style=\"color: #333333;\"><span style=\"font-size: 20.16px;\">.<\/span><\/span><\/p>\n<h2><strong>Una fiducia ritrovata per una sessualit\u00e0 appagata<\/strong><\/h2>\n<p>Il vostro seno e i vostri glutei si massificheranno e vi sentirete pi\u00f9 belle. Ritroverete la fiducia in voi stesse e sarete in pace con il vostro corpo. In armonia con voi stesse e con il vostro partner, la vostra sessualit\u00e0 fiorir\u00e0.<\/p>\n<h3><strong>Come utilizzare questa crema per l'ingrandimento del seno<\/strong><\/h3>\n<p>Applicare la crema sulla pelle pulita. Massaggiare la pelle con piccoli movimenti circolari dal basso verso l'alto per 5 minuti. Massaggiare mattina e sera per ottenere risultati ottimali. Per il benessere del corpo, provate il nostro olio di Akpi.<\/p>","protected":false},"excerpt":{"rendered":"<p><strong>Ingredienti:<\/strong><\/p>\n<p>Burro di karit\u00e8 + olio di akpi + olio di kigelia + olio di fieno greco + vitamina e + cosgard.<\/p>\n<p><img decoding=\"async\" class=\"size-full wp-image-5091 aligncenter\" src=\"https:\/\/www.safinel.fr\/wp-content\/uploads\/2021\/06\/BANNIERE-ICONE-SAFINEL.webp\" alt=\"riassicurazione satine\" width=\"800\" height=\"200\" srcset=\"https:\/\/www.safinel.fr\/wp-content\/uploads\/2021\/06\/BANNIERE-ICONE-SAFINEL.webp 800w, https:\/\/www.safinel.fr\/wp-content\/uploads\/2021\/06\/BANNIERE-ICONE-SAFINEL-600x150.webp 600w, https:\/\/www.safinel.fr\/wp-content\/uploads\/2021\/06\/BANNIERE-ICONE-SAFINEL-768x192.webp 768w\" sizes=\"(max-width: 800px) 100vw, 800px\" \/><\/p>","protected":false},"featured_media":5235,"template":"","meta":[],"product_brand":[],"product_cat":[149,28],"product_tag":[],"class_list":{"0":"post-2108","1":"product","2":"type-product","3":"status-publish","4":"has-post-thumbnail","6":"product_cat-creme-aphrodisiaque","7":"product_cat-divers","9":"first","10":"outofstock","11":"shipping-taxable","12":"purchasable","13":"product-type-simple"},"yoast_head":"<!-- This site is optimized with the Yoast SEO plugin v26.6 - https:\/\/yoast.com\/wordpress\/plugins\/seo\/ -->\n<title>Grossir des seins I D\u00e9couvrez notre cr\u00e8me de croissance<\/title>\n<meta name=\"description\" content=\"La cr\u00e8me pour grossir des seins et les fesses va vous changer la vie\u00a0! \u00c0 base d\u2019huiles naturelles, elle va agir sur le processus de croissance de ces zones.\" \/>\n<meta name=\"robots\" content=\"index, follow, max-snippet:-1, max-image-preview:large, max-video-preview:-1\" \/>\n<link rel=\"canonical\" href=\"https:\/\/www.safinel.fr\/it\/prodotto\/crema-per-ingrandire-il-seno-e-i-glutei\/\" \/>\n<meta property=\"og:locale\" content=\"it_IT\" \/>\n<meta property=\"og:type\" content=\"article\" \/>\n<meta property=\"og:title\" content=\"Grossir des seins I D\u00e9couvrez notre cr\u00e8me de croissance\" \/>\n<meta property=\"og:description\" content=\"La cr\u00e8me pour grossir des seins et les fesses va vous changer la vie\u00a0! \u00c0 base d\u2019huiles naturelles, elle va agir sur le processus de croissance de ces zones.\" \/>\n<meta property=\"og:url\" content=\"https:\/\/www.safinel.fr\/it\/prodotto\/crema-per-ingrandire-il-seno-e-i-glutei\/\" \/>\n<meta property=\"og:site_name\" content=\"Safinel\" \/>\n<meta property=\"article:modified_time\" content=\"2025-10-12T18:47:02+00:00\" \/>\n<meta property=\"og:image\" content=\"https:\/\/www.safinel.fr\/wp-content\/uploads\/2022\/08\/creme-pour-grossir-seins.jpg\" \/>\n\t<meta property=\"og:image:width\" content=\"600\" \/>\n\t<meta property=\"og:image:height\" content=\"600\" \/>\n\t<meta property=\"og:image:type\" content=\"image\/jpeg\" \/>\n<meta name=\"twitter:card\" content=\"summary_large_image\" \/>\n<meta name=\"twitter:label1\" content=\"Tempo di lettura stimato\" \/>\n\t<meta name=\"twitter:data1\" content=\"2 minuti\" \/>\n<script type=\"application\/ld+json\" class=\"yoast-schema-graph\">{\"@context\":\"https:\/\/schema.org\",\"@graph\":[{\"@type\":\"WebPage\",\"@id\":\"https:\/\/www.safinel.fr\/produit\/creme-pour-grossire-les-seins-et-les-fesses\/\",\"url\":\"https:\/\/www.safinel.fr\/produit\/creme-pour-grossire-les-seins-et-les-fesses\/\",\"name\":\"Grossir des seins I D\u00e9couvrez notre cr\u00e8me de croissance\",\"isPartOf\":{\"@id\":\"https:\/\/www.safinel.fr\/#website\"},\"primaryImageOfPage\":{\"@id\":\"https:\/\/www.safinel.fr\/produit\/creme-pour-grossire-les-seins-et-les-fesses\/#primaryimage\"},\"image\":{\"@id\":\"https:\/\/www.safinel.fr\/produit\/creme-pour-grossire-les-seins-et-les-fesses\/#primaryimage\"},\"thumbnailUrl\":\"https:\/\/www.safinel.fr\/wp-content\/uploads\/2022\/08\/creme-pour-grossir-seins.jpg\",\"datePublished\":\"2022-08-01T15:48:11+00:00\",\"dateModified\":\"2025-10-12T18:47:02+00:00\",\"description\":\"La cr\u00e8me pour grossir des seins et les fesses va vous changer la vie\u00a0! \u00c0 base d\u2019huiles naturelles, elle va agir sur le processus de croissance de ces zones.\",\"breadcrumb\":{\"@id\":\"https:\/\/www.safinel.fr\/produit\/creme-pour-grossire-les-seins-et-les-fesses\/#breadcrumb\"},\"inLanguage\":\"it-IT\",\"potentialAction\":[{\"@type\":\"ReadAction\",\"target\":[\"https:\/\/www.safinel.fr\/produit\/creme-pour-grossire-les-seins-et-les-fesses\/\"]}]},{\"@type\":\"ImageObject\",\"inLanguage\":\"it-IT\",\"@id\":\"https:\/\/www.safinel.fr\/produit\/creme-pour-grossire-les-seins-et-les-fesses\/#primaryimage\",\"url\":\"https:\/\/www.safinel.fr\/wp-content\/uploads\/2022\/08\/creme-pour-grossir-seins.jpg\",\"contentUrl\":\"https:\/\/www.safinel.fr\/wp-content\/uploads\/2022\/08\/creme-pour-grossir-seins.jpg\",\"width\":600,\"height\":600,\"caption\":\"Cr\u00e8me pour grossir les seins et les fesses 100ml\"},{\"@type\":\"BreadcrumbList\",\"@id\":\"https:\/\/www.safinel.fr\/produit\/creme-pour-grossire-les-seins-et-les-fesses\/#breadcrumb\",\"itemListElement\":[{\"@type\":\"ListItem\",\"position\":1,\"name\":\"Accueil\",\"item\":\"https:\/\/www.safinel.fr\/\"},{\"@type\":\"ListItem\",\"position\":2,\"name\":\"Boutique\",\"item\":\"https:\/\/www.safinel.fr\/boutique\/\"},{\"@type\":\"ListItem\",\"position\":3,\"name\":\"Cr\u00e8me pour grossir les seins et les fesses 100ml\"}]},{\"@type\":\"WebSite\",\"@id\":\"https:\/\/www.safinel.fr\/#website\",\"url\":\"https:\/\/www.safinel.fr\/\",\"name\":\"Safinel\",\"description\":\"\",\"publisher\":{\"@id\":\"https:\/\/www.safinel.fr\/#organization\"},\"potentialAction\":[{\"@type\":\"SearchAction\",\"target\":{\"@type\":\"EntryPoint\",\"urlTemplate\":\"https:\/\/www.safinel.fr\/?s={search_term_string}\"},\"query-input\":{\"@type\":\"PropertyValueSpecification\",\"valueRequired\":true,\"valueName\":\"search_term_string\"}}],\"inLanguage\":\"it-IT\"},{\"@type\":\"Organization\",\"@id\":\"https:\/\/www.safinel.fr\/#organization\",\"name\":\"Safinel\",\"url\":\"https:\/\/www.safinel.fr\/\",\"logo\":{\"@type\":\"ImageObject\",\"inLanguage\":\"it-IT\",\"@id\":\"https:\/\/www.safinel.fr\/#\/schema\/logo\/image\/\",\"url\":\"https:\/\/www.safinel.fr\/wp-content\/uploads\/2021\/05\/boutique-cosmetique.png\",\"contentUrl\":\"https:\/\/www.safinel.fr\/wp-content\/uploads\/2021\/05\/boutique-cosmetique.png\",\"width\":800,\"height\":200,\"caption\":\"Safinel\"},\"image\":{\"@id\":\"https:\/\/www.safinel.fr\/#\/schema\/logo\/image\/\"}}]}<\/script>\n<!-- \/ Yoast SEO plugin. -->","yoast_head_json":{"title":"Ingrandimento del seno I Scoprite la nostra crema per la crescita","description":"La crema per l'ingrandimento del seno e dei glutei cambier\u00e0 la vostra vita! A base di oli naturali, agisce sul processo di crescita di queste aree.","robots":{"index":"index","follow":"follow","max-snippet":"max-snippet:-1","max-image-preview":"max-image-preview:large","max-video-preview":"max-video-preview:-1"},"canonical":"https:\/\/www.safinel.fr\/it\/prodotto\/crema-per-ingrandire-il-seno-e-i-glutei\/","og_locale":"it_IT","og_type":"article","og_title":"Grossir des seins I D\u00e9couvrez notre cr\u00e8me de croissance","og_description":"La cr\u00e8me pour grossir des seins et les fesses va vous changer la vie\u00a0! \u00c0 base d\u2019huiles naturelles, elle va agir sur le processus de croissance de ces zones.","og_url":"https:\/\/www.safinel.fr\/it\/prodotto\/crema-per-ingrandire-il-seno-e-i-glutei\/","og_site_name":"Safinel","article_modified_time":"2025-10-12T18:47:02+00:00","og_image":[{"width":600,"height":600,"url":"https:\/\/www.safinel.fr\/wp-content\/uploads\/2022\/08\/creme-pour-grossir-seins.jpg","type":"image\/jpeg"}],"twitter_card":"summary_large_image","twitter_misc":{"Tempo di lettura stimato":"2 minuti"},"schema":{"@context":"https:\/\/schema.org","@graph":[{"@type":"WebPage","@id":"https:\/\/www.safinel.fr\/produit\/creme-pour-grossire-les-seins-et-les-fesses\/","url":"https:\/\/www.safinel.fr\/produit\/creme-pour-grossire-les-seins-et-les-fesses\/","name":"Ingrandimento del seno I Scoprite la nostra crema per la crescita","isPartOf":{"@id":"https:\/\/www.safinel.fr\/#website"},"primaryImageOfPage":{"@id":"https:\/\/www.safinel.fr\/produit\/creme-pour-grossire-les-seins-et-les-fesses\/#primaryimage"},"image":{"@id":"https:\/\/www.safinel.fr\/produit\/creme-pour-grossire-les-seins-et-les-fesses\/#primaryimage"},"thumbnailUrl":"https:\/\/www.safinel.fr\/wp-content\/uploads\/2022\/08\/creme-pour-grossir-seins.jpg","datePublished":"2022-08-01T15:48:11+00:00","dateModified":"2025-10-12T18:47:02+00:00","description":"La crema per l'ingrandimento del seno e dei glutei cambier\u00e0 la vostra vita! A base di oli naturali, agisce sul processo di crescita di queste aree.","breadcrumb":{"@id":"https:\/\/www.safinel.fr\/produit\/creme-pour-grossire-les-seins-et-les-fesses\/#breadcrumb"},"inLanguage":"it-IT","potentialAction":[{"@type":"ReadAction","target":["https:\/\/www.safinel.fr\/produit\/creme-pour-grossire-les-seins-et-les-fesses\/"]}]},{"@type":"ImageObject","inLanguage":"it-IT","@id":"https:\/\/www.safinel.fr\/produit\/creme-pour-grossire-les-seins-et-les-fesses\/#primaryimage","url":"https:\/\/www.safinel.fr\/wp-content\/uploads\/2022\/08\/creme-pour-grossir-seins.jpg","contentUrl":"https:\/\/www.safinel.fr\/wp-content\/uploads\/2022\/08\/creme-pour-grossir-seins.jpg","width":600,"height":600,"caption":"Cr\u00e8me pour grossir les seins et les fesses 100ml"},{"@type":"BreadcrumbList","@id":"https:\/\/www.safinel.fr\/produit\/creme-pour-grossire-les-seins-et-les-fesses\/#breadcrumb","itemListElement":[{"@type":"ListItem","position":1,"name":"Accueil","item":"https:\/\/www.safinel.fr\/"},{"@type":"ListItem","position":2,"name":"Boutique","item":"https:\/\/www.safinel.fr\/boutique\/"},{"@type":"ListItem","position":3,"name":"Cr\u00e8me pour grossir les seins et les fesses 100ml"}]},{"@type":"WebSite","@id":"https:\/\/www.safinel.fr\/#website","url":"https:\/\/www.safinel.fr\/","name":"Safinel","description":"","publisher":{"@id":"https:\/\/www.safinel.fr\/#organization"},"potentialAction":[{"@type":"SearchAction","target":{"@type":"EntryPoint","urlTemplate":"https:\/\/www.safinel.fr\/?s={search_term_string}"},"query-input":{"@type":"PropertyValueSpecification","valueRequired":true,"valueName":"search_term_string"}}],"inLanguage":"it-IT"},{"@type":"Organization","@id":"https:\/\/www.safinel.fr\/#organization","name":"Safinel","url":"https:\/\/www.safinel.fr\/","logo":{"@type":"ImageObject","inLanguage":"it-IT","@id":"https:\/\/www.safinel.fr\/#\/schema\/logo\/image\/","url":"https:\/\/www.safinel.fr\/wp-content\/uploads\/2021\/05\/boutique-cosmetique.png","contentUrl":"https:\/\/www.safinel.fr\/wp-content\/uploads\/2021\/05\/boutique-cosmetique.png","width":800,"height":200,"caption":"Safinel"},"image":{"@id":"https:\/\/www.safinel.fr\/#\/schema\/logo\/image\/"}}]}},"_links":{"self":[{"href":"https:\/\/www.safinel.fr\/it\/wp-json\/wp\/v2\/product\/2108","targetHints":{"allow":["GET"]}}],"collection":[{"href":"https:\/\/www.safinel.fr\/it\/wp-json\/wp\/v2\/product"}],"about":[{"href":"https:\/\/www.safinel.fr\/it\/wp-json\/wp\/v2\/types\/product"}],"wp:featuredmedia":[{"embeddable":true,"href":"https:\/\/www.safinel.fr\/it\/wp-json\/wp\/v2\/media\/5235"}],"wp:attachment":[{"href":"https:\/\/www.safinel.fr\/it\/wp-json\/wp\/v2\/media?parent=2108"}],"wp:term":[{"taxonomy":"product_brand","embeddable":true,"href":"https:\/\/www.safinel.fr\/it\/wp-json\/wp\/v2\/product_brand?post=2108"},{"taxonomy":"product_cat","embeddable":true,"href":"https:\/\/www.safinel.fr\/it\/wp-json\/wp\/v2\/product_cat?post=2108"},{"taxonomy":"product_tag","embeddable":true,"href":"https:\/\/www.safinel.fr\/it\/wp-json\/wp\/v2\/product_tag?post=2108"}],"curies":[{"name":"wp","href":"https:\/\/api.w.org\/{rel}","templated":true}]}}