{"id":2103,"date":"2022-08-01T15:41:05","date_gmt":"2022-08-01T15:41:05","guid":{"rendered":"https:\/\/www.safinel.fr\/?post_type=product&#038;p=2103"},"modified":"2024-03-03T15:00:04","modified_gmt":"2024-03-03T15:00:04","slug":"beure-dakpi","status":"publish","type":"product","link":"https:\/\/www.safinel.fr\/it\/prodotto\/beure-dakpi\/","title":{"rendered":"Burro Akpi"},"content":{"rendered":"<p>Le<strong>\u00a0burro akpi<\/strong>\u00a0\u00e8 un ingrediente di bellezza tradizionale africano, utilizzato da anni per migliorare l'aspetto della pelle. Questo burro \u00e8 ottenuto dai semi del frutto dell'albero Akpi, che cresce nell'Africa occidentale. \u00c8 ricco di vitamina E, acidi grassi essenziali e antiossidanti, che lo rendono ideale per nutrire e rivitalizzare la pelle. E non \u00e8 tutto...<\/p>\n<h2><strong>I benefici del burro di akpi per la pelle<\/strong><\/h2>\n<p>Il burro di Akpi \u00e8 un eccellente idratante per la pelle. Penetra rapidamente nell'epidermide, lasciando la pelle morbida e liscia. \u00c8 inoltre ricco di antiossidanti, che aiutano a proteggere la pelle dai danni causati dai radicali liberi. Questo pu\u00f2 aiutare a prevenire i segni prematuri dell'invecchiamento, come le rughe e le macchie dell'et\u00e0.<\/p>\n<p>Inoltre, questo cosmetico naturale \u00e8 noto per le sue propriet\u00e0<strong>\u00a0<a href=\"https:\/\/www.safinel.fr\/it\/prodotto\/crema-per-ingrandire-il-seno-e-i-glutei\/\">attraente su petto e glutei<\/a>\u00a0<\/strong>! Avete capito bene, ragazze! Se anche voi volete migliorare il vostro seno e aumentarne il volume, siete nel posto giusto.<\/p>\n<h3><strong>Il segreto di bellezza africano con il burro di akpi<\/strong><\/h3>\n<p>Il burro di Akpi pu\u00f2 essere utilizzato come idratante della pelle, come trattamento per cicatrici e smagliature, ma soprattutto per rassodare e proteggere la pelle.\u00a0<strong>tonificare il seno<\/strong>\u00a0e glutei. Pu\u00f2 essere applicato direttamente sulla pelle o utilizzato come ingrediente di prodotti di bellezza fatti in casa.<\/p>\n<h3><strong>Visitate Safinel per scoprire altri prodotti!<\/strong><\/h3>\n<p>Se il burro di akpi \u00e8 un ingrediente naturale di bellezza incredibilmente versatile che offre molti benefici, \u00e8 un idratante naturale ed efficace per tonificare il corpo! In effetti, il burro di akpi \u00e8 una scelta saggia. Ordinate subito da Safinel per scoprire tutti i benefici di questo prodotto di bellezza naturale.<strong>\u00a0bellezza tradizionale africana<\/strong>.<\/p>\n<p>Avete anche la possibilit\u00e0 di riunirvi con le tavolette\u00a0<strong>Giogo<\/strong>\u00a0o il <a href=\"https:\/\/www.safinel.fr\/it\/prodotto\/confezione-talbina\/\"><strong>confezione talbina<\/strong><\/a>. Non esitate e trattatevi come meritate!<\/p>","protected":false},"excerpt":{"rendered":"<p><strong>Ingredienti:<\/strong><\/p>\n<p>Burro di akpi + olio di akpi + polvere di akpi = vitamina e + cosgard.<\/p>\n<p><img decoding=\"async\" class=\"size-full wp-image-5091 aligncenter\" src=\"https:\/\/www.safinel.fr\/wp-content\/uploads\/2021\/06\/BANNIERE-ICONE-SAFINEL.webp\" alt=\"riassicurazione satine\" width=\"800\" height=\"200\" srcset=\"https:\/\/www.safinel.fr\/wp-content\/uploads\/2021\/06\/BANNIERE-ICONE-SAFINEL.webp 800w, https:\/\/www.safinel.fr\/wp-content\/uploads\/2021\/06\/BANNIERE-ICONE-SAFINEL-600x150.webp 600w, https:\/\/www.safinel.fr\/wp-content\/uploads\/2021\/06\/BANNIERE-ICONE-SAFINEL-768x192.webp 768w\" sizes=\"(max-width: 800px) 100vw, 800px\" \/><\/p>","protected":false},"featured_media":5388,"template":"","meta":[],"product_brand":[],"product_cat":[28],"product_tag":[],"class_list":{"0":"post-2103","1":"product","2":"type-product","3":"status-publish","4":"has-post-thumbnail","6":"product_cat-divers","8":"first","9":"outofstock","10":"shipping-taxable","11":"purchasable","12":"product-type-simple"},"yoast_head":"<!-- This site is optimized with the Yoast SEO plugin v26.6 - https:\/\/yoast.com\/wordpress\/plugins\/seo\/ -->\n<title>Le beurre d&#039;Akpi I Un ingr\u00e9dient aux multiples bienfaits<\/title>\n<meta name=\"description\" content=\"Le\u00a0beurre d&#039;akpi\u00a0est un ingr\u00e9dient de beaut\u00e9 africain traditionnel qui a \u00e9t\u00e9 utilis\u00e9 pendant des ann\u00e9es pour l\u2019apparence.\" \/>\n<meta name=\"robots\" content=\"index, follow, max-snippet:-1, max-image-preview:large, max-video-preview:-1\" \/>\n<link rel=\"canonical\" href=\"https:\/\/www.safinel.fr\/it\/prodotto\/beure-dakpi\/\" \/>\n<meta property=\"og:locale\" content=\"it_IT\" \/>\n<meta property=\"og:type\" content=\"article\" \/>\n<meta property=\"og:title\" content=\"Le beurre d&#039;Akpi I Un ingr\u00e9dient aux multiples bienfaits\" \/>\n<meta property=\"og:description\" content=\"Le\u00a0beurre d&#039;akpi\u00a0est un ingr\u00e9dient de beaut\u00e9 africain traditionnel qui a \u00e9t\u00e9 utilis\u00e9 pendant des ann\u00e9es pour l\u2019apparence.\" \/>\n<meta property=\"og:url\" content=\"https:\/\/www.safinel.fr\/it\/prodotto\/beure-dakpi\/\" \/>\n<meta property=\"og:site_name\" content=\"Safinel\" \/>\n<meta property=\"article:modified_time\" content=\"2024-03-03T15:00:04+00:00\" \/>\n<meta property=\"og:image\" content=\"https:\/\/www.safinel.fr\/wp-content\/uploads\/2022\/08\/beurre-dakpi.jpg\" \/>\n\t<meta property=\"og:image:width\" content=\"600\" \/>\n\t<meta property=\"og:image:height\" content=\"600\" \/>\n\t<meta property=\"og:image:type\" content=\"image\/jpeg\" \/>\n<meta name=\"twitter:card\" content=\"summary_large_image\" \/>\n<meta name=\"twitter:label1\" content=\"Tempo di lettura stimato\" \/>\n\t<meta name=\"twitter:data1\" content=\"2 minuti\" \/>\n<script type=\"application\/ld+json\" class=\"yoast-schema-graph\">{\"@context\":\"https:\/\/schema.org\",\"@graph\":[{\"@type\":\"WebPage\",\"@id\":\"https:\/\/www.safinel.fr\/produit\/beure-dakpi\/\",\"url\":\"https:\/\/www.safinel.fr\/produit\/beure-dakpi\/\",\"name\":\"Le beurre d'Akpi I Un ingr\u00e9dient aux multiples bienfaits\",\"isPartOf\":{\"@id\":\"https:\/\/www.safinel.fr\/#website\"},\"primaryImageOfPage\":{\"@id\":\"https:\/\/www.safinel.fr\/produit\/beure-dakpi\/#primaryimage\"},\"image\":{\"@id\":\"https:\/\/www.safinel.fr\/produit\/beure-dakpi\/#primaryimage\"},\"thumbnailUrl\":\"https:\/\/www.safinel.fr\/wp-content\/uploads\/2022\/08\/beurre-dakpi.jpg\",\"datePublished\":\"2022-08-01T15:41:05+00:00\",\"dateModified\":\"2024-03-03T15:00:04+00:00\",\"description\":\"Le\u00a0beurre d'akpi\u00a0est un ingr\u00e9dient de beaut\u00e9 africain traditionnel qui a \u00e9t\u00e9 utilis\u00e9 pendant des ann\u00e9es pour l\u2019apparence.\",\"breadcrumb\":{\"@id\":\"https:\/\/www.safinel.fr\/produit\/beure-dakpi\/#breadcrumb\"},\"inLanguage\":\"it-IT\",\"potentialAction\":[{\"@type\":\"ReadAction\",\"target\":[\"https:\/\/www.safinel.fr\/produit\/beure-dakpi\/\"]}]},{\"@type\":\"ImageObject\",\"inLanguage\":\"it-IT\",\"@id\":\"https:\/\/www.safinel.fr\/produit\/beure-dakpi\/#primaryimage\",\"url\":\"https:\/\/www.safinel.fr\/wp-content\/uploads\/2022\/08\/beurre-dakpi.jpg\",\"contentUrl\":\"https:\/\/www.safinel.fr\/wp-content\/uploads\/2022\/08\/beurre-dakpi.jpg\",\"width\":600,\"height\":600,\"caption\":\"Beure d'akpi\"},{\"@type\":\"BreadcrumbList\",\"@id\":\"https:\/\/www.safinel.fr\/produit\/beure-dakpi\/#breadcrumb\",\"itemListElement\":[{\"@type\":\"ListItem\",\"position\":1,\"name\":\"Accueil\",\"item\":\"https:\/\/www.safinel.fr\/\"},{\"@type\":\"ListItem\",\"position\":2,\"name\":\"Boutique\",\"item\":\"https:\/\/www.safinel.fr\/boutique\/\"},{\"@type\":\"ListItem\",\"position\":3,\"name\":\"Beurre d&#8217;akpi\"}]},{\"@type\":\"WebSite\",\"@id\":\"https:\/\/www.safinel.fr\/#website\",\"url\":\"https:\/\/www.safinel.fr\/\",\"name\":\"Safinel\",\"description\":\"\",\"publisher\":{\"@id\":\"https:\/\/www.safinel.fr\/#organization\"},\"potentialAction\":[{\"@type\":\"SearchAction\",\"target\":{\"@type\":\"EntryPoint\",\"urlTemplate\":\"https:\/\/www.safinel.fr\/?s={search_term_string}\"},\"query-input\":{\"@type\":\"PropertyValueSpecification\",\"valueRequired\":true,\"valueName\":\"search_term_string\"}}],\"inLanguage\":\"it-IT\"},{\"@type\":\"Organization\",\"@id\":\"https:\/\/www.safinel.fr\/#organization\",\"name\":\"Safinel\",\"url\":\"https:\/\/www.safinel.fr\/\",\"logo\":{\"@type\":\"ImageObject\",\"inLanguage\":\"it-IT\",\"@id\":\"https:\/\/www.safinel.fr\/#\/schema\/logo\/image\/\",\"url\":\"https:\/\/www.safinel.fr\/wp-content\/uploads\/2021\/05\/boutique-cosmetique.png\",\"contentUrl\":\"https:\/\/www.safinel.fr\/wp-content\/uploads\/2021\/05\/boutique-cosmetique.png\",\"width\":800,\"height\":200,\"caption\":\"Safinel\"},\"image\":{\"@id\":\"https:\/\/www.safinel.fr\/#\/schema\/logo\/image\/\"}}]}<\/script>\n<!-- \/ Yoast SEO plugin. -->","yoast_head_json":{"title":"Burro di Akpi I Un ingrediente dai molteplici benefici","description":"Il burro di Akpi \u00e8 un ingrediente di bellezza tradizionale africano, utilizzato da anni per migliorare l'aspetto della pelle.","robots":{"index":"index","follow":"follow","max-snippet":"max-snippet:-1","max-image-preview":"max-image-preview:large","max-video-preview":"max-video-preview:-1"},"canonical":"https:\/\/www.safinel.fr\/it\/prodotto\/beure-dakpi\/","og_locale":"it_IT","og_type":"article","og_title":"Le beurre d'Akpi I Un ingr\u00e9dient aux multiples bienfaits","og_description":"Le\u00a0beurre d'akpi\u00a0est un ingr\u00e9dient de beaut\u00e9 africain traditionnel qui a \u00e9t\u00e9 utilis\u00e9 pendant des ann\u00e9es pour l\u2019apparence.","og_url":"https:\/\/www.safinel.fr\/it\/prodotto\/beure-dakpi\/","og_site_name":"Safinel","article_modified_time":"2024-03-03T15:00:04+00:00","og_image":[{"width":600,"height":600,"url":"https:\/\/www.safinel.fr\/wp-content\/uploads\/2022\/08\/beurre-dakpi.jpg","type":"image\/jpeg"}],"twitter_card":"summary_large_image","twitter_misc":{"Tempo di lettura stimato":"2 minuti"},"schema":{"@context":"https:\/\/schema.org","@graph":[{"@type":"WebPage","@id":"https:\/\/www.safinel.fr\/produit\/beure-dakpi\/","url":"https:\/\/www.safinel.fr\/produit\/beure-dakpi\/","name":"Burro di Akpi I Un ingrediente dai molteplici benefici","isPartOf":{"@id":"https:\/\/www.safinel.fr\/#website"},"primaryImageOfPage":{"@id":"https:\/\/www.safinel.fr\/produit\/beure-dakpi\/#primaryimage"},"image":{"@id":"https:\/\/www.safinel.fr\/produit\/beure-dakpi\/#primaryimage"},"thumbnailUrl":"https:\/\/www.safinel.fr\/wp-content\/uploads\/2022\/08\/beurre-dakpi.jpg","datePublished":"2022-08-01T15:41:05+00:00","dateModified":"2024-03-03T15:00:04+00:00","description":"Il burro di Akpi \u00e8 un ingrediente di bellezza tradizionale africano, utilizzato da anni per migliorare l'aspetto della pelle.","breadcrumb":{"@id":"https:\/\/www.safinel.fr\/produit\/beure-dakpi\/#breadcrumb"},"inLanguage":"it-IT","potentialAction":[{"@type":"ReadAction","target":["https:\/\/www.safinel.fr\/produit\/beure-dakpi\/"]}]},{"@type":"ImageObject","inLanguage":"it-IT","@id":"https:\/\/www.safinel.fr\/produit\/beure-dakpi\/#primaryimage","url":"https:\/\/www.safinel.fr\/wp-content\/uploads\/2022\/08\/beurre-dakpi.jpg","contentUrl":"https:\/\/www.safinel.fr\/wp-content\/uploads\/2022\/08\/beurre-dakpi.jpg","width":600,"height":600,"caption":"Beure d'akpi"},{"@type":"BreadcrumbList","@id":"https:\/\/www.safinel.fr\/produit\/beure-dakpi\/#breadcrumb","itemListElement":[{"@type":"ListItem","position":1,"name":"Accueil","item":"https:\/\/www.safinel.fr\/"},{"@type":"ListItem","position":2,"name":"Boutique","item":"https:\/\/www.safinel.fr\/boutique\/"},{"@type":"ListItem","position":3,"name":"Beurre d&#8217;akpi"}]},{"@type":"WebSite","@id":"https:\/\/www.safinel.fr\/#website","url":"https:\/\/www.safinel.fr\/","name":"Safinel","description":"","publisher":{"@id":"https:\/\/www.safinel.fr\/#organization"},"potentialAction":[{"@type":"SearchAction","target":{"@type":"EntryPoint","urlTemplate":"https:\/\/www.safinel.fr\/?s={search_term_string}"},"query-input":{"@type":"PropertyValueSpecification","valueRequired":true,"valueName":"search_term_string"}}],"inLanguage":"it-IT"},{"@type":"Organization","@id":"https:\/\/www.safinel.fr\/#organization","name":"Safinel","url":"https:\/\/www.safinel.fr\/","logo":{"@type":"ImageObject","inLanguage":"it-IT","@id":"https:\/\/www.safinel.fr\/#\/schema\/logo\/image\/","url":"https:\/\/www.safinel.fr\/wp-content\/uploads\/2021\/05\/boutique-cosmetique.png","contentUrl":"https:\/\/www.safinel.fr\/wp-content\/uploads\/2021\/05\/boutique-cosmetique.png","width":800,"height":200,"caption":"Safinel"},"image":{"@id":"https:\/\/www.safinel.fr\/#\/schema\/logo\/image\/"}}]}},"_links":{"self":[{"href":"https:\/\/www.safinel.fr\/it\/wp-json\/wp\/v2\/product\/2103","targetHints":{"allow":["GET"]}}],"collection":[{"href":"https:\/\/www.safinel.fr\/it\/wp-json\/wp\/v2\/product"}],"about":[{"href":"https:\/\/www.safinel.fr\/it\/wp-json\/wp\/v2\/types\/product"}],"wp:featuredmedia":[{"embeddable":true,"href":"https:\/\/www.safinel.fr\/it\/wp-json\/wp\/v2\/media\/5388"}],"wp:attachment":[{"href":"https:\/\/www.safinel.fr\/it\/wp-json\/wp\/v2\/media?parent=2103"}],"wp:term":[{"taxonomy":"product_brand","embeddable":true,"href":"https:\/\/www.safinel.fr\/it\/wp-json\/wp\/v2\/product_brand?post=2103"},{"taxonomy":"product_cat","embeddable":true,"href":"https:\/\/www.safinel.fr\/it\/wp-json\/wp\/v2\/product_cat?post=2103"},{"taxonomy":"product_tag","embeddable":true,"href":"https:\/\/www.safinel.fr\/it\/wp-json\/wp\/v2\/product_tag?post=2103"}],"curies":[{"name":"wp","href":"https:\/\/api.w.org\/{rel}","templated":true}]}}