{"id":207,"date":"2021-07-15T14:22:57","date_gmt":"2021-07-15T14:22:57","guid":{"rendered":"https:\/\/www.safinel.fr\/?post_type=product&#038;p=207"},"modified":"2023-12-28T17:15:00","modified_gmt":"2023-12-28T17:15:00","slug":"polvere-di-bhringaraj-100g","status":"publish","type":"product","link":"https:\/\/www.safinel.fr\/it\/prodotto\/polvere-di-bhringaraj-100g\/","title":{"rendered":"Polvere di Bhringaraj 100 g"},"content":{"rendered":"<p>La polvere di Bhringaraj \u00e8 un prodotto per la cura dei capelli ottenuto dalle foglie essiccate della stessa pianta. Originaria dell'India, \u00e8 una pianta ayurvedica utilizzata da secoli. In un'altra lingua, preferiamo chiamarla \u00abpolvere di Maka\u00bb, che significa \u00abre dei capelli\u00bb.<span class=\"Apple-converted-space\">\u00a0<\/span><\/p>\n<h2><b>Polvere di Bhringaraj: un tonico per capelli<\/b><\/h2>\n<p>La polvere di Bhringaraj \u00e8 comunemente usata in caso di alopecia e calvizie. Questa polvere tonificante stimola la crescita dei capelli. \u00c8 un trattamento naturale consigliato per combattere la caduta dei capelli. Svolge esattamente lo stesso ruolo dell'olio di ricino, ma sotto forma di cataplasma.<span class=\"Apple-converted-space\">\u00a0<\/span><\/p>\n<p>Questo cosmetico in polvere naturale stimola il follicolo pilifero (la radice del capello). Si tratta della parte del capello sepolta a 4 millimetri di profondit\u00e0 sotto il cranio. \u00c8 questa parte che smette di crescere e causa la caduta dei capelli. Pertanto, il<b> <\/b>La polvere di Bhringaraj \u00e8 molto efficace per le zone calve e per limitare la comparsa dei capelli bianchi.<span class=\"Apple-converted-space\">\u00a0<\/span><\/p>\n<h2><b>Come si fa un cataplasma con questa polvere ayurvedica?<\/b><\/h2>\n<p>La polvere di Bhringaraj si usa cruda mescolandola con acqua calda o tiepida. Mescolare bene fino a ottenere una soluzione densa e leggermente viscosa. Per ottimizzare la cura dei capelli, si pu\u00f2 anche aggiungere la polvere di Bhringaraj alla miscela. <strong><a href=\"https:\/\/www.safinel.fr\/it\/prodotto\/polvere-di-brahmi-per-capelli\/\">Polvere di Brahmi<\/a><\/strong>.<\/p>\n<p>Prima dell'uso, assicurarsi di utilizzare un guanto e abiti vecchi. Questa polvere indiana, molto disordinata, tende a macchiarsi come l'henn\u00e9. \u00c8 anche molto difficile da rimuovere dai tessuti.<span class=\"Apple-converted-space\">\u00a0<\/span><\/p>\n<p>Se avete i capelli lunghi, divideteli in pi\u00f9 ciocche prima di applicare la maschera. Prestate particolare attenzione alle radici. Sebbene la polvere di Bhringaraj fornisca forza e tenacia alla fibra capillare, sono le radici ad averne pi\u00f9 bisogno. Infatti, sono le radici a rompersi e a provocare la caduta dei capelli.<span class=\"Apple-converted-space\">\u00a0<\/span><\/p>\n<p>Ottimizzando il trattamento in questa zona specifica, \u00e8 possibile stimolare la crescita dei capelli.<span class=\"Apple-converted-space\">\u00a0<\/span><\/p>\n<h2><b>Per quali tipi di capelli \u00e8 adatto?<\/b><\/h2>\n<p>Seguite queste raccomandazioni per evitare di commettere errori imbarazzanti. Essendo un prodotto naturale, la polvere di Bhringaraj non deve essere utilizzata su capelli biondi o chiari. I coloranti naturali presenti in questo trattamento tendono infatti a denaturare i capelli.<span class=\"Apple-converted-space\">\u00a0<\/span><\/p>\n<p>D'altra parte, il Bhringaraj fa miracoli sui capelli indisciplinati, crespi o mediterranei. Soprattutto se avete capelli ricci o crespi, questo trattamento naturale \u00e8 consigliato. Dona ai capelli forza e vitalit\u00e0, aumentandone il volume e la struttura.<\/p>\n<h3><b>Con quali oli cosmetici si pu\u00f2 mescolare la polvere di Bhringaraj?<\/b><\/h3>\n<p>La polvere di Bhringaraj pu\u00f2 essere pi\u00f9 efficace se combinata con oli vegetali, che stimolano anche la crescita dei capelli. Oltre a un'aggiunta oleosa per rafforzare la fibra capillare, questa polvere ayurvedica pu\u00f2 essere mescolata con qualche goccia di olio di ricino o di olio di jojoba.<span class=\"Apple-converted-space\">\u00a0<\/span><\/p>\n<p>Procedete poi normalmente con la vostra routine di cura dei capelli. L'olio cosmetico tende a stimolare l'idratazione dei capelli, mentre la polvere tende a renderli pi\u00f9 secchi.<\/p>","protected":false},"excerpt":{"rendered":"<p>Le Bhringaraj en poudre est un soin capillaire obtenue \u00e0 partir des feuilles s\u00e9ch\u00e9es de la m\u00eame plante. Originaire d\u2019Inde, c\u2019est une plante ayurv\u00e9dique utilis\u00e9e depuis des si\u00e8cles. Dans un autre langage, on pr\u00e9f\u00e8re la nommer \u00ab\u00a0poudre de Maka\u00a0\u00bb signifiant \u00ab\u00a0roi des cheveux\u00a0\u00bb.\u00a0 Le Bhringaraj en poudre\u00a0: un tonifiant pour les cheveux Le Bhringaraj en [&#8230;]","protected":false},"featured_media":184,"template":"","meta":[],"product_brand":[],"product_cat":[27,110],"product_tag":[],"class_list":{"0":"post-207","1":"product","2":"type-product","3":"status-publish","4":"has-post-thumbnail","6":"product_cat-plantes-medicinales","7":"product_cat-poudre-cheveux-ayurvedique","9":"first","10":"instock","11":"shipping-taxable","12":"purchasable","13":"product-type-simple"},"yoast_head":"<!-- This site is optimized with the Yoast SEO plugin v26.6 - https:\/\/yoast.com\/wordpress\/plugins\/seo\/ -->\n<title>Bhringaraj en poudre | Soin cheveux 100% naturel | Safinel.fr<\/title>\n<meta name=\"description\" content=\"Le Bhringaraj en poudre est un soin capillaire obtenue \u00e0 partir des feuilles s\u00e9ch\u00e9es de la m\u00eame plante. Adoptez-le sans plus attendre !\" \/>\n<meta name=\"robots\" content=\"index, follow, max-snippet:-1, max-image-preview:large, max-video-preview:-1\" \/>\n<link rel=\"canonical\" href=\"https:\/\/www.safinel.fr\/it\/prodotto\/polvere-di-bhringaraj-100g\/\" \/>\n<meta property=\"og:locale\" content=\"it_IT\" \/>\n<meta property=\"og:type\" content=\"article\" \/>\n<meta property=\"og:title\" content=\"Bhringaraj en poudre | Soin cheveux 100% naturel | Safinel.fr\" \/>\n<meta property=\"og:description\" content=\"Le Bhringaraj en poudre est un soin capillaire obtenue \u00e0 partir des feuilles s\u00e9ch\u00e9es de la m\u00eame plante. Adoptez-le sans plus attendre !\" \/>\n<meta property=\"og:url\" content=\"https:\/\/www.safinel.fr\/it\/prodotto\/polvere-di-bhringaraj-100g\/\" \/>\n<meta property=\"og:site_name\" content=\"Safinel\" \/>\n<meta property=\"article:modified_time\" content=\"2023-12-28T17:15:00+00:00\" \/>\n<meta property=\"og:image\" content=\"https:\/\/www.safinel.fr\/wp-content\/uploads\/2021\/07\/bringharaj.jpg\" \/>\n\t<meta property=\"og:image:width\" content=\"1001\" \/>\n\t<meta property=\"og:image:height\" content=\"1001\" \/>\n\t<meta property=\"og:image:type\" content=\"image\/jpeg\" \/>\n<meta name=\"twitter:card\" content=\"summary_large_image\" \/>\n<meta name=\"twitter:label1\" content=\"Tempo di lettura stimato\" \/>\n\t<meta name=\"twitter:data1\" content=\"3 minuti\" \/>\n<script type=\"application\/ld+json\" class=\"yoast-schema-graph\">{\"@context\":\"https:\/\/schema.org\",\"@graph\":[{\"@type\":\"WebPage\",\"@id\":\"https:\/\/www.safinel.fr\/produit\/bhringaraj-en-poudre-100g\/\",\"url\":\"https:\/\/www.safinel.fr\/produit\/bhringaraj-en-poudre-100g\/\",\"name\":\"Bhringaraj en poudre | Soin cheveux 100% naturel | Safinel.fr\",\"isPartOf\":{\"@id\":\"https:\/\/www.safinel.fr\/#website\"},\"primaryImageOfPage\":{\"@id\":\"https:\/\/www.safinel.fr\/produit\/bhringaraj-en-poudre-100g\/#primaryimage\"},\"image\":{\"@id\":\"https:\/\/www.safinel.fr\/produit\/bhringaraj-en-poudre-100g\/#primaryimage\"},\"thumbnailUrl\":\"https:\/\/www.safinel.fr\/wp-content\/uploads\/2021\/07\/bringharaj.jpg\",\"datePublished\":\"2021-07-15T14:22:57+00:00\",\"dateModified\":\"2023-12-28T17:15:00+00:00\",\"description\":\"Le Bhringaraj en poudre est un soin capillaire obtenue \u00e0 partir des feuilles s\u00e9ch\u00e9es de la m\u00eame plante. Adoptez-le sans plus attendre !\",\"breadcrumb\":{\"@id\":\"https:\/\/www.safinel.fr\/produit\/bhringaraj-en-poudre-100g\/#breadcrumb\"},\"inLanguage\":\"it-IT\",\"potentialAction\":[{\"@type\":\"ReadAction\",\"target\":[\"https:\/\/www.safinel.fr\/produit\/bhringaraj-en-poudre-100g\/\"]}]},{\"@type\":\"ImageObject\",\"inLanguage\":\"it-IT\",\"@id\":\"https:\/\/www.safinel.fr\/produit\/bhringaraj-en-poudre-100g\/#primaryimage\",\"url\":\"https:\/\/www.safinel.fr\/wp-content\/uploads\/2021\/07\/bringharaj.jpg\",\"contentUrl\":\"https:\/\/www.safinel.fr\/wp-content\/uploads\/2021\/07\/bringharaj.jpg\",\"width\":1001,\"height\":1001,\"caption\":\"Bhringaraj en poudre\"},{\"@type\":\"BreadcrumbList\",\"@id\":\"https:\/\/www.safinel.fr\/produit\/bhringaraj-en-poudre-100g\/#breadcrumb\",\"itemListElement\":[{\"@type\":\"ListItem\",\"position\":1,\"name\":\"Accueil\",\"item\":\"https:\/\/www.safinel.fr\/\"},{\"@type\":\"ListItem\",\"position\":2,\"name\":\"Boutique\",\"item\":\"https:\/\/www.safinel.fr\/boutique\/\"},{\"@type\":\"ListItem\",\"position\":3,\"name\":\"Bhringaraj en poudre 100g\"}]},{\"@type\":\"WebSite\",\"@id\":\"https:\/\/www.safinel.fr\/#website\",\"url\":\"https:\/\/www.safinel.fr\/\",\"name\":\"Safinel\",\"description\":\"\",\"publisher\":{\"@id\":\"https:\/\/www.safinel.fr\/#organization\"},\"potentialAction\":[{\"@type\":\"SearchAction\",\"target\":{\"@type\":\"EntryPoint\",\"urlTemplate\":\"https:\/\/www.safinel.fr\/?s={search_term_string}\"},\"query-input\":{\"@type\":\"PropertyValueSpecification\",\"valueRequired\":true,\"valueName\":\"search_term_string\"}}],\"inLanguage\":\"it-IT\"},{\"@type\":\"Organization\",\"@id\":\"https:\/\/www.safinel.fr\/#organization\",\"name\":\"Safinel\",\"url\":\"https:\/\/www.safinel.fr\/\",\"logo\":{\"@type\":\"ImageObject\",\"inLanguage\":\"it-IT\",\"@id\":\"https:\/\/www.safinel.fr\/#\/schema\/logo\/image\/\",\"url\":\"https:\/\/www.safinel.fr\/wp-content\/uploads\/2021\/05\/boutique-cosmetique.png\",\"contentUrl\":\"https:\/\/www.safinel.fr\/wp-content\/uploads\/2021\/05\/boutique-cosmetique.png\",\"width\":800,\"height\":200,\"caption\":\"Safinel\"},\"image\":{\"@id\":\"https:\/\/www.safinel.fr\/#\/schema\/logo\/image\/\"}}]}<\/script>\n<!-- \/ Yoast SEO plugin. -->","yoast_head_json":{"title":"Polvere di Bhringaraj | Cura naturale dei capelli 100% | Safinel.it","description":"La polvere di Bhringaraj \u00e8 un prodotto per la cura dei capelli ottenuto dalle foglie essiccate della stessa pianta. Adottatelo subito!","robots":{"index":"index","follow":"follow","max-snippet":"max-snippet:-1","max-image-preview":"max-image-preview:large","max-video-preview":"max-video-preview:-1"},"canonical":"https:\/\/www.safinel.fr\/it\/prodotto\/polvere-di-bhringaraj-100g\/","og_locale":"it_IT","og_type":"article","og_title":"Bhringaraj en poudre | Soin cheveux 100% naturel | Safinel.fr","og_description":"Le Bhringaraj en poudre est un soin capillaire obtenue \u00e0 partir des feuilles s\u00e9ch\u00e9es de la m\u00eame plante. Adoptez-le sans plus attendre !","og_url":"https:\/\/www.safinel.fr\/it\/prodotto\/polvere-di-bhringaraj-100g\/","og_site_name":"Safinel","article_modified_time":"2023-12-28T17:15:00+00:00","og_image":[{"width":1001,"height":1001,"url":"https:\/\/www.safinel.fr\/wp-content\/uploads\/2021\/07\/bringharaj.jpg","type":"image\/jpeg"}],"twitter_card":"summary_large_image","twitter_misc":{"Tempo di lettura stimato":"3 minuti"},"schema":{"@context":"https:\/\/schema.org","@graph":[{"@type":"WebPage","@id":"https:\/\/www.safinel.fr\/produit\/bhringaraj-en-poudre-100g\/","url":"https:\/\/www.safinel.fr\/produit\/bhringaraj-en-poudre-100g\/","name":"Polvere di Bhringaraj | Cura naturale dei capelli 100% | Safinel.it","isPartOf":{"@id":"https:\/\/www.safinel.fr\/#website"},"primaryImageOfPage":{"@id":"https:\/\/www.safinel.fr\/produit\/bhringaraj-en-poudre-100g\/#primaryimage"},"image":{"@id":"https:\/\/www.safinel.fr\/produit\/bhringaraj-en-poudre-100g\/#primaryimage"},"thumbnailUrl":"https:\/\/www.safinel.fr\/wp-content\/uploads\/2021\/07\/bringharaj.jpg","datePublished":"2021-07-15T14:22:57+00:00","dateModified":"2023-12-28T17:15:00+00:00","description":"La polvere di Bhringaraj \u00e8 un prodotto per la cura dei capelli ottenuto dalle foglie essiccate della stessa pianta. Adottatelo subito!","breadcrumb":{"@id":"https:\/\/www.safinel.fr\/produit\/bhringaraj-en-poudre-100g\/#breadcrumb"},"inLanguage":"it-IT","potentialAction":[{"@type":"ReadAction","target":["https:\/\/www.safinel.fr\/produit\/bhringaraj-en-poudre-100g\/"]}]},{"@type":"ImageObject","inLanguage":"it-IT","@id":"https:\/\/www.safinel.fr\/produit\/bhringaraj-en-poudre-100g\/#primaryimage","url":"https:\/\/www.safinel.fr\/wp-content\/uploads\/2021\/07\/bringharaj.jpg","contentUrl":"https:\/\/www.safinel.fr\/wp-content\/uploads\/2021\/07\/bringharaj.jpg","width":1001,"height":1001,"caption":"Bhringaraj en poudre"},{"@type":"BreadcrumbList","@id":"https:\/\/www.safinel.fr\/produit\/bhringaraj-en-poudre-100g\/#breadcrumb","itemListElement":[{"@type":"ListItem","position":1,"name":"Accueil","item":"https:\/\/www.safinel.fr\/"},{"@type":"ListItem","position":2,"name":"Boutique","item":"https:\/\/www.safinel.fr\/boutique\/"},{"@type":"ListItem","position":3,"name":"Bhringaraj en poudre 100g"}]},{"@type":"WebSite","@id":"https:\/\/www.safinel.fr\/#website","url":"https:\/\/www.safinel.fr\/","name":"Safinel","description":"","publisher":{"@id":"https:\/\/www.safinel.fr\/#organization"},"potentialAction":[{"@type":"SearchAction","target":{"@type":"EntryPoint","urlTemplate":"https:\/\/www.safinel.fr\/?s={search_term_string}"},"query-input":{"@type":"PropertyValueSpecification","valueRequired":true,"valueName":"search_term_string"}}],"inLanguage":"it-IT"},{"@type":"Organization","@id":"https:\/\/www.safinel.fr\/#organization","name":"Safinel","url":"https:\/\/www.safinel.fr\/","logo":{"@type":"ImageObject","inLanguage":"it-IT","@id":"https:\/\/www.safinel.fr\/#\/schema\/logo\/image\/","url":"https:\/\/www.safinel.fr\/wp-content\/uploads\/2021\/05\/boutique-cosmetique.png","contentUrl":"https:\/\/www.safinel.fr\/wp-content\/uploads\/2021\/05\/boutique-cosmetique.png","width":800,"height":200,"caption":"Safinel"},"image":{"@id":"https:\/\/www.safinel.fr\/#\/schema\/logo\/image\/"}}]}},"_links":{"self":[{"href":"https:\/\/www.safinel.fr\/it\/wp-json\/wp\/v2\/product\/207","targetHints":{"allow":["GET"]}}],"collection":[{"href":"https:\/\/www.safinel.fr\/it\/wp-json\/wp\/v2\/product"}],"about":[{"href":"https:\/\/www.safinel.fr\/it\/wp-json\/wp\/v2\/types\/product"}],"wp:featuredmedia":[{"embeddable":true,"href":"https:\/\/www.safinel.fr\/it\/wp-json\/wp\/v2\/media\/184"}],"wp:attachment":[{"href":"https:\/\/www.safinel.fr\/it\/wp-json\/wp\/v2\/media?parent=207"}],"wp:term":[{"taxonomy":"product_brand","embeddable":true,"href":"https:\/\/www.safinel.fr\/it\/wp-json\/wp\/v2\/product_brand?post=207"},{"taxonomy":"product_cat","embeddable":true,"href":"https:\/\/www.safinel.fr\/it\/wp-json\/wp\/v2\/product_cat?post=207"},{"taxonomy":"product_tag","embeddable":true,"href":"https:\/\/www.safinel.fr\/it\/wp-json\/wp\/v2\/product_tag?post=207"}],"curies":[{"name":"wp","href":"https:\/\/api.w.org\/{rel}","templated":true}]}}