{"id":2054,"date":"2022-08-06T14:11:30","date_gmt":"2022-08-06T14:11:30","guid":{"rendered":"https:\/\/www.safinel.fr\/?post_type=product&#038;p=2054"},"modified":"2024-04-16T11:54:13","modified_gmt":"2024-04-16T11:54:13","slug":"polvere-di-bouye-di-baobab","status":"publish","type":"product","link":"https:\/\/www.safinel.fr\/it\/prodotto\/polvere-di-bouye-di-baobab\/","title":{"rendered":"Baobab in polvere (Bouye) 100 g"},"content":{"rendered":"<p>Il baobab \u00e8 un albero che produce un frutto che, una volta macinato in polvere, costituisce un eccellente integratore alimentare. Scoprite qui cosa c'\u00e8 da sapere sulla polvere di baobab.<\/p>\n<h2><strong>Polvere di baobab: cos'\u00e8?<\/strong><\/h2>\n<p>Il baobab \u00e8 un albero della famiglia delle Malvaceae che si presenta in otto variet\u00e0, tutte adattate alle condizioni climatiche pi\u00f9 aride. Conosciuto anche come \u00abalbero magico\u00bb o \u00abalbero bottiglia\u00bb, si trova nella savana africana. Produce un frutto chiamato akoussa, noto anche come \u00abpane delle scimmie\u00bb. \u00c8 questo frutto che viene utilizzato nella maggior parte dei casi per produrre questo integratore alimentare impareggiabile.<\/p>\n<h2><strong>Cosa contiene la polvere di baobab?<\/strong><\/h2>\n<p>Questo frutto \u00e8 uno dei pi\u00f9 ricchi di vitamina C al mondo. 100 grammi di polpa di akoussa contengono 300 mg di vitamina C. Si tratta di una quantit\u00e0 sette volte superiore a quella contenuta in un'arancia. Nella polvere di akoussa sono presenti anche le vitamine A, PP, B1 e B6, oltre a minerali e oligoelementi essenziali come potassio, zinco, ferro e fosforo.<\/p>\n<h2><strong>Propriet\u00e0 e benefici della polvere di baobab<\/strong><\/h2>\n<p>I benefici sono immensi:<\/p>\n<ul>\n<li>un migliore antinfiammatorio ;<\/li>\n<li>un antiossidante naturale; ;<\/li>\n<li>un aumento della forma fisica e delle vitamine ;<\/li>\n<li>prevenire il rischio di carenze nutrizionali ;<\/li>\n<li>un migliore <a href=\"https:\/\/www.safinel.fr\/it\/prodotto\/foglie-di-gelso-bianco\/\"><strong>fonte di fibre<\/strong><\/a> ;<\/li>\n<li>combattere i disturbi gastrointestinali.<\/li>\n<\/ul>\n<p>La polvere di baobab \u00e8 probabilmente uno degli alimenti pi\u00f9 sorprendenti al mondo.<\/p>\n<h3><strong>Come si usa?<\/strong><\/h3>\n<p>Viene utilizzato essenzialmente come integratore alimentare. L'ideale sarebbe consumarne da cinque a quindici grammi al giorno. Si pu\u00f2 aggiungere alle bevande (succhi di frutta, acqua, ecc.) o ai piatti grazie al suo sapore leggermente agrodolce. \u00c8 preferibile assumerlo al mattino, per godere dei suoi benefici durante tutta la giornata.<\/p>","protected":false},"excerpt":{"rendered":"<p>Il baobab \u00e8 un albero che produce un frutto che, una volta macinato in polvere, costituisce un eccellente integratore alimentare. Scoprite qui cosa c'\u00e8 da sapere sulla polvere di baobab. Polvere di baobab: cos'\u00e8? Il baobab \u00e8 un albero della famiglia delle Malvaceae che esiste in otto specie diverse.","protected":false},"featured_media":2055,"template":"","meta":[],"product_brand":[],"product_cat":[59,110],"product_tag":[],"class_list":{"0":"post-2054","1":"product","2":"type-product","3":"status-publish","4":"has-post-thumbnail","6":"product_cat-fruit-tropical","7":"product_cat-poudre-cheveux-ayurvedique","9":"first","10":"instock","11":"shipping-taxable","12":"purchasable","13":"product-type-simple"},"yoast_head":"<!-- This site is optimized with the Yoast SEO plugin v26.6 - https:\/\/yoast.com\/wordpress\/plugins\/seo\/ -->\n<title>Poudre de baobab (Bouye) I Fruit tropical I Contenance 100g<\/title>\n<meta name=\"description\" content=\"Le baobab est un arbre qui produit un fruit qui, une fois r\u00e9duit en poudre, se trouve \u00eatre un excellent compl\u00e9ment. D\u00e9couvrez la poudre de baobab.\" \/>\n<meta name=\"robots\" content=\"index, follow, max-snippet:-1, max-image-preview:large, max-video-preview:-1\" \/>\n<link rel=\"canonical\" href=\"https:\/\/www.safinel.fr\/it\/prodotto\/polvere-di-bouye-di-baobab\/\" \/>\n<meta property=\"og:locale\" content=\"it_IT\" \/>\n<meta property=\"og:type\" content=\"article\" \/>\n<meta property=\"og:title\" content=\"Poudre de baobab (Bouye) I Fruit tropical I Contenance 100g\" \/>\n<meta property=\"og:description\" content=\"Le baobab est un arbre qui produit un fruit qui, une fois r\u00e9duit en poudre, se trouve \u00eatre un excellent compl\u00e9ment. D\u00e9couvrez la poudre de baobab.\" \/>\n<meta property=\"og:url\" content=\"https:\/\/www.safinel.fr\/it\/prodotto\/polvere-di-bouye-di-baobab\/\" \/>\n<meta property=\"og:site_name\" content=\"Safinel\" \/>\n<meta property=\"article:modified_time\" content=\"2024-04-16T11:54:13+00:00\" \/>\n<meta property=\"og:image\" content=\"https:\/\/www.safinel.fr\/wp-content\/uploads\/2022\/08\/bouye-fruit-du-baobab.jpg\" \/>\n\t<meta property=\"og:image:width\" content=\"600\" \/>\n\t<meta property=\"og:image:height\" content=\"600\" \/>\n\t<meta property=\"og:image:type\" content=\"image\/jpeg\" \/>\n<meta name=\"twitter:card\" content=\"summary_large_image\" \/>\n<meta name=\"twitter:label1\" content=\"Tempo di lettura stimato\" \/>\n\t<meta name=\"twitter:data1\" content=\"2 minuti\" \/>\n<script type=\"application\/ld+json\" class=\"yoast-schema-graph\">{\"@context\":\"https:\/\/schema.org\",\"@graph\":[{\"@type\":\"WebPage\",\"@id\":\"https:\/\/www.safinel.fr\/produit\/poudre-de-baobab-bouye\/\",\"url\":\"https:\/\/www.safinel.fr\/produit\/poudre-de-baobab-bouye\/\",\"name\":\"Poudre de baobab (Bouye) I Fruit tropical I Contenance 100g\",\"isPartOf\":{\"@id\":\"https:\/\/www.safinel.fr\/#website\"},\"primaryImageOfPage\":{\"@id\":\"https:\/\/www.safinel.fr\/produit\/poudre-de-baobab-bouye\/#primaryimage\"},\"image\":{\"@id\":\"https:\/\/www.safinel.fr\/produit\/poudre-de-baobab-bouye\/#primaryimage\"},\"thumbnailUrl\":\"https:\/\/www.safinel.fr\/wp-content\/uploads\/2022\/08\/bouye-fruit-du-baobab.jpg\",\"datePublished\":\"2022-08-06T14:11:30+00:00\",\"dateModified\":\"2024-04-16T11:54:13+00:00\",\"description\":\"Le baobab est un arbre qui produit un fruit qui, une fois r\u00e9duit en poudre, se trouve \u00eatre un excellent compl\u00e9ment. D\u00e9couvrez la poudre de baobab.\",\"breadcrumb\":{\"@id\":\"https:\/\/www.safinel.fr\/produit\/poudre-de-baobab-bouye\/#breadcrumb\"},\"inLanguage\":\"it-IT\",\"potentialAction\":[{\"@type\":\"ReadAction\",\"target\":[\"https:\/\/www.safinel.fr\/produit\/poudre-de-baobab-bouye\/\"]}]},{\"@type\":\"ImageObject\",\"inLanguage\":\"it-IT\",\"@id\":\"https:\/\/www.safinel.fr\/produit\/poudre-de-baobab-bouye\/#primaryimage\",\"url\":\"https:\/\/www.safinel.fr\/wp-content\/uploads\/2022\/08\/bouye-fruit-du-baobab.jpg\",\"contentUrl\":\"https:\/\/www.safinel.fr\/wp-content\/uploads\/2022\/08\/bouye-fruit-du-baobab.jpg\",\"width\":600,\"height\":600,\"caption\":\"poudre de baobab\"},{\"@type\":\"BreadcrumbList\",\"@id\":\"https:\/\/www.safinel.fr\/produit\/poudre-de-baobab-bouye\/#breadcrumb\",\"itemListElement\":[{\"@type\":\"ListItem\",\"position\":1,\"name\":\"Accueil\",\"item\":\"https:\/\/www.safinel.fr\/\"},{\"@type\":\"ListItem\",\"position\":2,\"name\":\"Boutique\",\"item\":\"https:\/\/www.safinel.fr\/boutique\/\"},{\"@type\":\"ListItem\",\"position\":3,\"name\":\"Poudre de baobab (Bouye) 100g\"}]},{\"@type\":\"WebSite\",\"@id\":\"https:\/\/www.safinel.fr\/#website\",\"url\":\"https:\/\/www.safinel.fr\/\",\"name\":\"Safinel\",\"description\":\"\",\"publisher\":{\"@id\":\"https:\/\/www.safinel.fr\/#organization\"},\"potentialAction\":[{\"@type\":\"SearchAction\",\"target\":{\"@type\":\"EntryPoint\",\"urlTemplate\":\"https:\/\/www.safinel.fr\/?s={search_term_string}\"},\"query-input\":{\"@type\":\"PropertyValueSpecification\",\"valueRequired\":true,\"valueName\":\"search_term_string\"}}],\"inLanguage\":\"it-IT\"},{\"@type\":\"Organization\",\"@id\":\"https:\/\/www.safinel.fr\/#organization\",\"name\":\"Safinel\",\"url\":\"https:\/\/www.safinel.fr\/\",\"logo\":{\"@type\":\"ImageObject\",\"inLanguage\":\"it-IT\",\"@id\":\"https:\/\/www.safinel.fr\/#\/schema\/logo\/image\/\",\"url\":\"https:\/\/www.safinel.fr\/wp-content\/uploads\/2021\/05\/boutique-cosmetique.png\",\"contentUrl\":\"https:\/\/www.safinel.fr\/wp-content\/uploads\/2021\/05\/boutique-cosmetique.png\",\"width\":800,\"height\":200,\"caption\":\"Safinel\"},\"image\":{\"@id\":\"https:\/\/www.safinel.fr\/#\/schema\/logo\/image\/\"}}]}<\/script>\n<!-- \/ Yoast SEO plugin. -->","yoast_head_json":{"title":"Baobab (Bouye) in polvere I Frutto tropicale I Capacit\u00e0 100g","description":"L'albero di baobab produce un frutto che, macinato in polvere, costituisce un ottimo integratore. Scoprite la polvere di baobab.","robots":{"index":"index","follow":"follow","max-snippet":"max-snippet:-1","max-image-preview":"max-image-preview:large","max-video-preview":"max-video-preview:-1"},"canonical":"https:\/\/www.safinel.fr\/it\/prodotto\/polvere-di-bouye-di-baobab\/","og_locale":"it_IT","og_type":"article","og_title":"Poudre de baobab (Bouye) I Fruit tropical I Contenance 100g","og_description":"Le baobab est un arbre qui produit un fruit qui, une fois r\u00e9duit en poudre, se trouve \u00eatre un excellent compl\u00e9ment. D\u00e9couvrez la poudre de baobab.","og_url":"https:\/\/www.safinel.fr\/it\/prodotto\/polvere-di-bouye-di-baobab\/","og_site_name":"Safinel","article_modified_time":"2024-04-16T11:54:13+00:00","og_image":[{"width":600,"height":600,"url":"https:\/\/www.safinel.fr\/wp-content\/uploads\/2022\/08\/bouye-fruit-du-baobab.jpg","type":"image\/jpeg"}],"twitter_card":"summary_large_image","twitter_misc":{"Tempo di lettura stimato":"2 minuti"},"schema":{"@context":"https:\/\/schema.org","@graph":[{"@type":"WebPage","@id":"https:\/\/www.safinel.fr\/produit\/poudre-de-baobab-bouye\/","url":"https:\/\/www.safinel.fr\/produit\/poudre-de-baobab-bouye\/","name":"Baobab (Bouye) in polvere I Frutto tropicale I Capacit\u00e0 100g","isPartOf":{"@id":"https:\/\/www.safinel.fr\/#website"},"primaryImageOfPage":{"@id":"https:\/\/www.safinel.fr\/produit\/poudre-de-baobab-bouye\/#primaryimage"},"image":{"@id":"https:\/\/www.safinel.fr\/produit\/poudre-de-baobab-bouye\/#primaryimage"},"thumbnailUrl":"https:\/\/www.safinel.fr\/wp-content\/uploads\/2022\/08\/bouye-fruit-du-baobab.jpg","datePublished":"2022-08-06T14:11:30+00:00","dateModified":"2024-04-16T11:54:13+00:00","description":"L'albero di baobab produce un frutto che, macinato in polvere, costituisce un ottimo integratore. Scoprite la polvere di baobab.","breadcrumb":{"@id":"https:\/\/www.safinel.fr\/produit\/poudre-de-baobab-bouye\/#breadcrumb"},"inLanguage":"it-IT","potentialAction":[{"@type":"ReadAction","target":["https:\/\/www.safinel.fr\/produit\/poudre-de-baobab-bouye\/"]}]},{"@type":"ImageObject","inLanguage":"it-IT","@id":"https:\/\/www.safinel.fr\/produit\/poudre-de-baobab-bouye\/#primaryimage","url":"https:\/\/www.safinel.fr\/wp-content\/uploads\/2022\/08\/bouye-fruit-du-baobab.jpg","contentUrl":"https:\/\/www.safinel.fr\/wp-content\/uploads\/2022\/08\/bouye-fruit-du-baobab.jpg","width":600,"height":600,"caption":"poudre de baobab"},{"@type":"BreadcrumbList","@id":"https:\/\/www.safinel.fr\/produit\/poudre-de-baobab-bouye\/#breadcrumb","itemListElement":[{"@type":"ListItem","position":1,"name":"Accueil","item":"https:\/\/www.safinel.fr\/"},{"@type":"ListItem","position":2,"name":"Boutique","item":"https:\/\/www.safinel.fr\/boutique\/"},{"@type":"ListItem","position":3,"name":"Poudre de baobab (Bouye) 100g"}]},{"@type":"WebSite","@id":"https:\/\/www.safinel.fr\/#website","url":"https:\/\/www.safinel.fr\/","name":"Safinel","description":"","publisher":{"@id":"https:\/\/www.safinel.fr\/#organization"},"potentialAction":[{"@type":"SearchAction","target":{"@type":"EntryPoint","urlTemplate":"https:\/\/www.safinel.fr\/?s={search_term_string}"},"query-input":{"@type":"PropertyValueSpecification","valueRequired":true,"valueName":"search_term_string"}}],"inLanguage":"it-IT"},{"@type":"Organization","@id":"https:\/\/www.safinel.fr\/#organization","name":"Safinel","url":"https:\/\/www.safinel.fr\/","logo":{"@type":"ImageObject","inLanguage":"it-IT","@id":"https:\/\/www.safinel.fr\/#\/schema\/logo\/image\/","url":"https:\/\/www.safinel.fr\/wp-content\/uploads\/2021\/05\/boutique-cosmetique.png","contentUrl":"https:\/\/www.safinel.fr\/wp-content\/uploads\/2021\/05\/boutique-cosmetique.png","width":800,"height":200,"caption":"Safinel"},"image":{"@id":"https:\/\/www.safinel.fr\/#\/schema\/logo\/image\/"}}]}},"_links":{"self":[{"href":"https:\/\/www.safinel.fr\/it\/wp-json\/wp\/v2\/product\/2054","targetHints":{"allow":["GET"]}}],"collection":[{"href":"https:\/\/www.safinel.fr\/it\/wp-json\/wp\/v2\/product"}],"about":[{"href":"https:\/\/www.safinel.fr\/it\/wp-json\/wp\/v2\/types\/product"}],"wp:featuredmedia":[{"embeddable":true,"href":"https:\/\/www.safinel.fr\/it\/wp-json\/wp\/v2\/media\/2055"}],"wp:attachment":[{"href":"https:\/\/www.safinel.fr\/it\/wp-json\/wp\/v2\/media?parent=2054"}],"wp:term":[{"taxonomy":"product_brand","embeddable":true,"href":"https:\/\/www.safinel.fr\/it\/wp-json\/wp\/v2\/product_brand?post=2054"},{"taxonomy":"product_cat","embeddable":true,"href":"https:\/\/www.safinel.fr\/it\/wp-json\/wp\/v2\/product_cat?post=2054"},{"taxonomy":"product_tag","embeddable":true,"href":"https:\/\/www.safinel.fr\/it\/wp-json\/wp\/v2\/product_tag?post=2054"}],"curies":[{"name":"wp","href":"https:\/\/api.w.org\/{rel}","templated":true}]}}