{"id":205,"date":"2021-07-15T13:41:05","date_gmt":"2021-07-15T13:41:05","guid":{"rendered":"https:\/\/www.safinel.fr\/?post_type=product&#038;p=205"},"modified":"2024-02-23T23:34:15","modified_gmt":"2024-02-23T23:34:15","slug":"polvere-di-reetha","status":"publish","type":"product","link":"https:\/\/www.safinel.fr\/it\/prodotto\/polvere-di-reetha\/","title":{"rendered":"Reetha in polvere 100 g"},"content":{"rendered":"<p>La polvere di Reetha \u00e8 un cosmetico naturale ottenuto dalla corteccia dell'albero Sapindus mukorossi. Nel linguaggio comune, gli indiani lo chiamano \u00abalbero del sapone\u00bb. La Reetha \u00e8 un cosmetico naturale ottenuto dalla corteccia dell'albero Sapindus mukorossi. Nel linguaggio comune, gli indiani lo chiamano \u00abalbero del sapone\u00bb. Noi europei preferiamo il termine \u00abalbero del sapone indiano\u00bb.<\/p>\n<p>Si tratta di una polvere ayurvedica molto utilizzata nei prodotti per la cura dei capelli. Il frutto, e pi\u00f9 precisamente la noce, dell'albero di reetha \u00e8 il materiale che ci interessa. Ha molteplici benefici per la salute dei capelli.<span class=\"Apple-converted-space\">\u00a0<\/span><\/p>\n<h2><b>Polvere di Reetha: straordinarie propriet\u00e0 detergenti<\/b><\/h2>\n<p>La polvere di Reetha \u00e8 nota anche come Arita. Queste due parole simili si riferiscono allo stesso prodotto. Molto ricca di saponine, la corteccia della noce di Sapindus mukorossi ha un pronunciato potere pulente. Le donne indiane usano questa polvere anche per lavare i tessuti. Questo uso diversificato \u00e8 privo di sostanze chimiche e segue l'onda verde.<span class=\"Apple-converted-space\">\u00a0<\/span><\/p>\n<p>La polvere di Reetha aiuta a mantenere il cuoio capelluto. D\u00e0 forza e lucentezza e lo protegge dalle aggressioni esterne. Questo rimedio naturale \u00e8 efficace anche per eliminare i pidocchi. Applicandolo sotto forma di maschere, elimina facilmente questi parassiti. <span class=\"Apple-converted-space\">\u00a0<\/span><\/p>\n<h2><b>Una polvere ayurvedica estremamente efficace per combattere il sebo<\/b><\/h2>\n<p>Questa polvere cosmetica indiana \u00e8 ideale per la pulizia del cuoio capelluto. L'acidit\u00e0 naturale del cuore di Reetha stabilizza il PJ nel cuore della fibra capillare. Idealmente, mantiene un livello di PH da 4,5 a 5,5. Questo non solo impedisce la proliferazione di batteri e funghi. Combatte anche il grasso, lasciando i capelli puliti e setosi.<span class=\"Apple-converted-space\">\u00a0<\/span><\/p>\n<p>Inoltre, se siete abituati a fare la doccia con acqua dura, la polvere di Reetha combatte questo problema. Protegge i capelli dalla secchezza.<span class=\"Apple-converted-space\">\u00a0<\/span><\/p>\n<h2><b>Come si usa la polvere cosmetica Reetha?<span class=\"Apple-converted-space\">\u00a0<\/span><\/b><\/h2>\n<p>La polvere di Reetha viene utilizzata come maschera o cataplasma. La procedura \u00e8 molto semplice. Basta mescolare la polvere con acqua calda. Quindi impastare fino a ottenere una pasta uniforme prima di applicarla sui capelli.<span class=\"Apple-converted-space\">\u00a0<\/span><\/p>\n<p>Non temete! Il fatto che Reetha non faccia schiuma non significa che non lavi. Al contrario, rimuove le impurit\u00e0. L'agente schiumogeno \u00e8 solo un effetto chimico degli shampoo. Crea solo una sensazione di benessere senza avere alcun effetto lavante. In genere sono altri gli ingredienti che fanno il loro lavoro.<span class=\"Apple-converted-space\">\u00a0<\/span><\/p>\n<p>La polvere di Reetha ha la capacit\u00e0 di pulire in profondit\u00e0 grazie ai suoi agenti acidi naturali. Usatela per mantenere i capelli pieni di vitalit\u00e0.<span class=\"Apple-converted-space\">\u00a0<\/span><\/p>\n<h3><b>Incorporare oli cosmetici per migliorare le prestazioni del trattamento<\/b><\/h3>\n<p>Nulla vieta di mescolare i cosmetici naturali a vostro vantaggio. Provate con <a href=\"https:\/\/www.safinel.fr\/it\/prodotto\/kapoor-kachli\/\"><strong>kapoor kachli<\/strong><\/a> o altri trattamenti disponibili sugli scaffali.<span class=\"Apple-converted-space\">\u00a0<\/span><\/p>\n<p>Gli oli vegetali ricchi di vitamina E e antiossidanti sono consigliati per migliorare la cura naturale di Reetha. Gli esempi non mancano. Jojoba, mandorle dolci e argan sono tra i pi\u00f9 consigliati. Rivelano la loro pellicola grassa intorno ai capelli per idratarli intensamente. A voi la scelta.<span class=\"Apple-converted-space\">\u00a0<\/span><\/p>","protected":false},"excerpt":{"rendered":"<p><img decoding=\"async\" class=\"size-full wp-image-5091 aligncenter\" src=\"https:\/\/www.safinel.fr\/wp-content\/uploads\/2021\/06\/BANNIERE-ICONE-SAFINEL.webp\" alt=\"riassicurazione satine\" width=\"800\" height=\"200\" srcset=\"https:\/\/www.safinel.fr\/wp-content\/uploads\/2021\/06\/BANNIERE-ICONE-SAFINEL.webp 800w, https:\/\/www.safinel.fr\/wp-content\/uploads\/2021\/06\/BANNIERE-ICONE-SAFINEL-600x150.webp 600w, https:\/\/www.safinel.fr\/wp-content\/uploads\/2021\/06\/BANNIERE-ICONE-SAFINEL-768x192.webp 768w\" sizes=\"(max-width: 800px) 100vw, 800px\" \/><\/p>","protected":false},"featured_media":186,"template":"","meta":[],"product_brand":[],"product_cat":[27],"product_tag":[],"class_list":{"0":"post-205","1":"product","2":"type-product","3":"status-publish","4":"has-post-thumbnail","6":"product_cat-plantes-medicinales","8":"first","9":"instock","10":"shipping-taxable","11":"purchasable","12":"product-type-simple"},"yoast_head":"<!-- This site is optimized with the Yoast SEO plugin v26.6 - https:\/\/yoast.com\/wordpress\/plugins\/seo\/ -->\n<title>Poudre de Reetha | Cosm\u00e9tique naturel aux nombreux bienfaits<\/title>\n<meta name=\"description\" content=\"La poudre de Reetha est un cosm\u00e9tique naturel obtenu \u00e0 partir de l\u2019\u00e9corce de l\u2019arbre \u00ab\u00a0Sapindus mukorossi\u00a0\u00bb. Adoptez-l\u00e0 en quelques clics !\" \/>\n<meta name=\"robots\" content=\"index, follow, max-snippet:-1, max-image-preview:large, max-video-preview:-1\" \/>\n<link rel=\"canonical\" href=\"https:\/\/www.safinel.fr\/it\/prodotto\/polvere-di-reetha\/\" \/>\n<meta property=\"og:locale\" content=\"it_IT\" \/>\n<meta property=\"og:type\" content=\"article\" \/>\n<meta property=\"og:title\" content=\"Poudre de Reetha | Cosm\u00e9tique naturel aux nombreux bienfaits\" \/>\n<meta property=\"og:description\" content=\"La poudre de Reetha est un cosm\u00e9tique naturel obtenu \u00e0 partir de l\u2019\u00e9corce de l\u2019arbre \u00ab\u00a0Sapindus mukorossi\u00a0\u00bb. Adoptez-l\u00e0 en quelques clics !\" \/>\n<meta property=\"og:url\" content=\"https:\/\/www.safinel.fr\/it\/prodotto\/polvere-di-reetha\/\" \/>\n<meta property=\"og:site_name\" content=\"Safinel\" \/>\n<meta property=\"article:modified_time\" content=\"2024-02-23T23:34:15+00:00\" \/>\n<meta property=\"og:image\" content=\"https:\/\/www.safinel.fr\/wp-content\/uploads\/2021\/07\/reetha.jpg\" \/>\n\t<meta property=\"og:image:width\" content=\"1001\" \/>\n\t<meta property=\"og:image:height\" content=\"1001\" \/>\n\t<meta property=\"og:image:type\" content=\"image\/jpeg\" \/>\n<meta name=\"twitter:card\" content=\"summary_large_image\" \/>\n<meta name=\"twitter:label1\" content=\"Tempo di lettura stimato\" \/>\n\t<meta name=\"twitter:data1\" content=\"3 minuti\" \/>\n<script type=\"application\/ld+json\" class=\"yoast-schema-graph\">{\"@context\":\"https:\/\/schema.org\",\"@graph\":[{\"@type\":\"WebPage\",\"@id\":\"https:\/\/www.safinel.fr\/produit\/poudre-de-reetha\/\",\"url\":\"https:\/\/www.safinel.fr\/produit\/poudre-de-reetha\/\",\"name\":\"Poudre de Reetha | Cosm\u00e9tique naturel aux nombreux bienfaits\",\"isPartOf\":{\"@id\":\"https:\/\/www.safinel.fr\/#website\"},\"primaryImageOfPage\":{\"@id\":\"https:\/\/www.safinel.fr\/produit\/poudre-de-reetha\/#primaryimage\"},\"image\":{\"@id\":\"https:\/\/www.safinel.fr\/produit\/poudre-de-reetha\/#primaryimage\"},\"thumbnailUrl\":\"https:\/\/www.safinel.fr\/wp-content\/uploads\/2021\/07\/reetha.jpg\",\"datePublished\":\"2021-07-15T13:41:05+00:00\",\"dateModified\":\"2024-02-23T23:34:15+00:00\",\"description\":\"La poudre de Reetha est un cosm\u00e9tique naturel obtenu \u00e0 partir de l\u2019\u00e9corce de l\u2019arbre \u00ab\u00a0Sapindus mukorossi\u00a0\u00bb. Adoptez-l\u00e0 en quelques clics !\",\"breadcrumb\":{\"@id\":\"https:\/\/www.safinel.fr\/produit\/poudre-de-reetha\/#breadcrumb\"},\"inLanguage\":\"it-IT\",\"potentialAction\":[{\"@type\":\"ReadAction\",\"target\":[\"https:\/\/www.safinel.fr\/produit\/poudre-de-reetha\/\"]}]},{\"@type\":\"ImageObject\",\"inLanguage\":\"it-IT\",\"@id\":\"https:\/\/www.safinel.fr\/produit\/poudre-de-reetha\/#primaryimage\",\"url\":\"https:\/\/www.safinel.fr\/wp-content\/uploads\/2021\/07\/reetha.jpg\",\"contentUrl\":\"https:\/\/www.safinel.fr\/wp-content\/uploads\/2021\/07\/reetha.jpg\",\"width\":1001,\"height\":1001,\"caption\":\"Poudre de Reetha\"},{\"@type\":\"BreadcrumbList\",\"@id\":\"https:\/\/www.safinel.fr\/produit\/poudre-de-reetha\/#breadcrumb\",\"itemListElement\":[{\"@type\":\"ListItem\",\"position\":1,\"name\":\"Accueil\",\"item\":\"https:\/\/www.safinel.fr\/\"},{\"@type\":\"ListItem\",\"position\":2,\"name\":\"Boutique\",\"item\":\"https:\/\/www.safinel.fr\/boutique\/\"},{\"@type\":\"ListItem\",\"position\":3,\"name\":\"Poudre de reetha 100g\"}]},{\"@type\":\"WebSite\",\"@id\":\"https:\/\/www.safinel.fr\/#website\",\"url\":\"https:\/\/www.safinel.fr\/\",\"name\":\"Safinel\",\"description\":\"\",\"publisher\":{\"@id\":\"https:\/\/www.safinel.fr\/#organization\"},\"potentialAction\":[{\"@type\":\"SearchAction\",\"target\":{\"@type\":\"EntryPoint\",\"urlTemplate\":\"https:\/\/www.safinel.fr\/?s={search_term_string}\"},\"query-input\":{\"@type\":\"PropertyValueSpecification\",\"valueRequired\":true,\"valueName\":\"search_term_string\"}}],\"inLanguage\":\"it-IT\"},{\"@type\":\"Organization\",\"@id\":\"https:\/\/www.safinel.fr\/#organization\",\"name\":\"Safinel\",\"url\":\"https:\/\/www.safinel.fr\/\",\"logo\":{\"@type\":\"ImageObject\",\"inLanguage\":\"it-IT\",\"@id\":\"https:\/\/www.safinel.fr\/#\/schema\/logo\/image\/\",\"url\":\"https:\/\/www.safinel.fr\/wp-content\/uploads\/2021\/05\/boutique-cosmetique.png\",\"contentUrl\":\"https:\/\/www.safinel.fr\/wp-content\/uploads\/2021\/05\/boutique-cosmetique.png\",\"width\":800,\"height\":200,\"caption\":\"Safinel\"},\"image\":{\"@id\":\"https:\/\/www.safinel.fr\/#\/schema\/logo\/image\/\"}}]}<\/script>\n<!-- \/ Yoast SEO plugin. -->","yoast_head_json":{"title":"Polvere di Reetha | Un cosmetico naturale dai molti benefici","description":"La polvere di Reetha \u00e8 un cosmetico naturale ricavato dalla corteccia dell'albero Sapindus mukorossi. Bastano pochi clic!","robots":{"index":"index","follow":"follow","max-snippet":"max-snippet:-1","max-image-preview":"max-image-preview:large","max-video-preview":"max-video-preview:-1"},"canonical":"https:\/\/www.safinel.fr\/it\/prodotto\/polvere-di-reetha\/","og_locale":"it_IT","og_type":"article","og_title":"Poudre de Reetha | Cosm\u00e9tique naturel aux nombreux bienfaits","og_description":"La poudre de Reetha est un cosm\u00e9tique naturel obtenu \u00e0 partir de l\u2019\u00e9corce de l\u2019arbre \u00ab\u00a0Sapindus mukorossi\u00a0\u00bb. Adoptez-l\u00e0 en quelques clics !","og_url":"https:\/\/www.safinel.fr\/it\/prodotto\/polvere-di-reetha\/","og_site_name":"Safinel","article_modified_time":"2024-02-23T23:34:15+00:00","og_image":[{"width":1001,"height":1001,"url":"https:\/\/www.safinel.fr\/wp-content\/uploads\/2021\/07\/reetha.jpg","type":"image\/jpeg"}],"twitter_card":"summary_large_image","twitter_misc":{"Tempo di lettura stimato":"3 minuti"},"schema":{"@context":"https:\/\/schema.org","@graph":[{"@type":"WebPage","@id":"https:\/\/www.safinel.fr\/produit\/poudre-de-reetha\/","url":"https:\/\/www.safinel.fr\/produit\/poudre-de-reetha\/","name":"Polvere di Reetha | Un cosmetico naturale dai molti benefici","isPartOf":{"@id":"https:\/\/www.safinel.fr\/#website"},"primaryImageOfPage":{"@id":"https:\/\/www.safinel.fr\/produit\/poudre-de-reetha\/#primaryimage"},"image":{"@id":"https:\/\/www.safinel.fr\/produit\/poudre-de-reetha\/#primaryimage"},"thumbnailUrl":"https:\/\/www.safinel.fr\/wp-content\/uploads\/2021\/07\/reetha.jpg","datePublished":"2021-07-15T13:41:05+00:00","dateModified":"2024-02-23T23:34:15+00:00","description":"La polvere di Reetha \u00e8 un cosmetico naturale ricavato dalla corteccia dell'albero Sapindus mukorossi. Bastano pochi clic!","breadcrumb":{"@id":"https:\/\/www.safinel.fr\/produit\/poudre-de-reetha\/#breadcrumb"},"inLanguage":"it-IT","potentialAction":[{"@type":"ReadAction","target":["https:\/\/www.safinel.fr\/produit\/poudre-de-reetha\/"]}]},{"@type":"ImageObject","inLanguage":"it-IT","@id":"https:\/\/www.safinel.fr\/produit\/poudre-de-reetha\/#primaryimage","url":"https:\/\/www.safinel.fr\/wp-content\/uploads\/2021\/07\/reetha.jpg","contentUrl":"https:\/\/www.safinel.fr\/wp-content\/uploads\/2021\/07\/reetha.jpg","width":1001,"height":1001,"caption":"Poudre de Reetha"},{"@type":"BreadcrumbList","@id":"https:\/\/www.safinel.fr\/produit\/poudre-de-reetha\/#breadcrumb","itemListElement":[{"@type":"ListItem","position":1,"name":"Accueil","item":"https:\/\/www.safinel.fr\/"},{"@type":"ListItem","position":2,"name":"Boutique","item":"https:\/\/www.safinel.fr\/boutique\/"},{"@type":"ListItem","position":3,"name":"Poudre de reetha 100g"}]},{"@type":"WebSite","@id":"https:\/\/www.safinel.fr\/#website","url":"https:\/\/www.safinel.fr\/","name":"Safinel","description":"","publisher":{"@id":"https:\/\/www.safinel.fr\/#organization"},"potentialAction":[{"@type":"SearchAction","target":{"@type":"EntryPoint","urlTemplate":"https:\/\/www.safinel.fr\/?s={search_term_string}"},"query-input":{"@type":"PropertyValueSpecification","valueRequired":true,"valueName":"search_term_string"}}],"inLanguage":"it-IT"},{"@type":"Organization","@id":"https:\/\/www.safinel.fr\/#organization","name":"Safinel","url":"https:\/\/www.safinel.fr\/","logo":{"@type":"ImageObject","inLanguage":"it-IT","@id":"https:\/\/www.safinel.fr\/#\/schema\/logo\/image\/","url":"https:\/\/www.safinel.fr\/wp-content\/uploads\/2021\/05\/boutique-cosmetique.png","contentUrl":"https:\/\/www.safinel.fr\/wp-content\/uploads\/2021\/05\/boutique-cosmetique.png","width":800,"height":200,"caption":"Safinel"},"image":{"@id":"https:\/\/www.safinel.fr\/#\/schema\/logo\/image\/"}}]}},"_links":{"self":[{"href":"https:\/\/www.safinel.fr\/it\/wp-json\/wp\/v2\/product\/205","targetHints":{"allow":["GET"]}}],"collection":[{"href":"https:\/\/www.safinel.fr\/it\/wp-json\/wp\/v2\/product"}],"about":[{"href":"https:\/\/www.safinel.fr\/it\/wp-json\/wp\/v2\/types\/product"}],"wp:featuredmedia":[{"embeddable":true,"href":"https:\/\/www.safinel.fr\/it\/wp-json\/wp\/v2\/media\/186"}],"wp:attachment":[{"href":"https:\/\/www.safinel.fr\/it\/wp-json\/wp\/v2\/media?parent=205"}],"wp:term":[{"taxonomy":"product_brand","embeddable":true,"href":"https:\/\/www.safinel.fr\/it\/wp-json\/wp\/v2\/product_brand?post=205"},{"taxonomy":"product_cat","embeddable":true,"href":"https:\/\/www.safinel.fr\/it\/wp-json\/wp\/v2\/product_cat?post=205"},{"taxonomy":"product_tag","embeddable":true,"href":"https:\/\/www.safinel.fr\/it\/wp-json\/wp\/v2\/product_tag?post=205"}],"curies":[{"name":"wp","href":"https:\/\/api.w.org\/{rel}","templated":true}]}}