{"id":1998,"date":"2022-06-03T09:21:19","date_gmt":"2022-06-03T09:21:19","guid":{"rendered":"https:\/\/www.safinel.fr\/?post_type=product&#038;p=1998"},"modified":"2024-01-17T11:40:35","modified_gmt":"2024-01-17T11:40:35","slug":"foglie-di-gelso-bianco","status":"publish","type":"product","link":"https:\/\/www.safinel.fr\/it\/prodotto\/foglie-di-gelso-bianco\/","title":{"rendered":"Foglie di gelso bianco essiccate"},"content":{"rendered":"<p>La natura offre una moltitudine di ricchezze, tra cui le piante con i loro numerosi benefici. Esiste infatti un'enorme variet\u00e0 di flora utilizzata per vari scopi, per alleviare diversi tipi di disturbi. Per esempio, le foglie tagliate del gelso bianco sono note per fare miracoli nella medicina tradizionale. Ecco alcune informazioni sulle virt\u00f9 del Morus Alba!<\/p>\n<h2><strong>Che cos'\u00e8 il gelso bianco<\/strong><\/h2>\n<p>Il gelso bianco \u00e8 un albero originario della Cina, di colore verde chiaro e quindi non completamente bianco. \u00c8 un tipo particolare di Moraceae, con un aspetto cespuglioso che fornisce una magnifica ombra all'ambiente circostante. Le sue foglie possono diventare caduche in un determinato periodo dell'anno. In particolare, in autunno assumono una rigogliosa tonalit\u00e0 giallo-oro.<\/p>\n<p>Sono ampiamente utilizzati in pseudo-medicina, in quanto possiedono enormi virt\u00f9 terapeutiche. \u00c8 anche un albero che produce eccellenti frutti dolci, di colore bianco-rosato, che possono diventare rossi o neri. Questi frutti sono molto apprezzati dagli appassionati in molte parti del mondo. Il Morus Alba \u00e8 una specie tipicamente molto rustica, in grado di resistere alle intemperie nella maggior parte delle stagioni.<\/p>\n<p>\u00c8 naturalmente molto resistente grazie alla sua\u00a0<strong>la sua struttura <a href=\"https:\/\/www.safinel.fr\/it\/prodotto\/radici-di-gouro\/\">radice<\/a> equilibrato<\/strong>. Pu\u00f2 sopportare senza problemi la siccit\u00e0 di alcuni periodi caldi dell'anno. Questo albero \u00e8 il pi\u00f9 famoso e comune dei gelsi. Si trova spesso in Asia, Africa e in alcune parti dell'America e dell'Europa.<\/p>\n<h2><strong>Effetti benefici del Morus Alba<\/strong><\/h2>\n<p>Per migliaia di anni, il gelso bianco \u00e8 stato conosciuto come il\u00a0<strong>principale fonte di sussistenza per i bachi da seta<\/strong>. Questi vantaggi fisici lo rendono un'aggiunta ideale a qualsiasi paesaggio naturale o giardino. Le foglie di questo albero maestoso sono un ottimo ingrediente per la fitoterapia.<\/p>\n<p>Nella loro forma tagliata, questi esemplari hanno molte propriet\u00e0 benefiche. In primo luogo, sono una delle tisane pi\u00f9 popolari del pianeta. Il consumo regolare di questo infuso\u00a0<strong>ridurre ed equilibrare la quantit\u00e0 di zucchero nell'organismo<\/strong>.<\/p>\n<p>Infatti, questo materiale \u00e8 naturalmente composto da fibre, che lo rendono un eccellente lassativo che regola la circolazione sanguigna. Elimina gli agenti patogeni e favorisce il funzionamento degli organi digestivi. La Morus Alba \u00e8 nota anche per la sua capacit\u00e0 di rilassare il corpo.<\/p>\n<p>Infatti, l'uso regolare del t\u00e8 Morus Alba aiuta a\u00a0<strong>combattere la tensione e lo stress<\/strong>. Lenisce e calma il sistema nervoso. Infine, le foglie di gelso bianco tagliate sono note per essere potenti antiossidanti che accelerano la guarigione. Sono anche ottimi rimedi per la febbre e le malattie cardiovascolari.<\/p>\n<h3><strong>Dove trovare il Morus Alba<\/strong><\/h3>\n<p>Il gelso bianco \u00e8 una pianta che pu\u00f2 sopravvivere a molti tipi di terreno. Tuttavia, si consiglia vivamente di coltivarlo in vigneti o giardini con terreni molto fertili. Esistono diversi modi per procurarsi questo ingrediente miracoloso.<\/p>\n<p>Da un lato, ci sono\u00a0<strong>siti specializzati<\/strong>\u00a0che possono fornirvi le foglie di gelso bianco gi\u00e0 tagliate. In alternativa, potete rivolgervi alle erboristerie professionali riconosciute per effettuare l'ordine.<\/p>\n<p>La Morus Alba \u00e8 una pianta leggendaria dalle molteplici funzioni. \u00c8 un ottimo rimedio per mantenere la salute e il benessere.<\/p>","protected":false},"excerpt":{"rendered":"<p>La natura offre una moltitudine di ricchezze, tra cui le piante con i loro numerosi benefici. Esiste infatti una grande variet\u00e0 di flora utilizzata per diversi scopi per alleviare diversi tipi di disturbi. Ad esempio, le foglie tagliate del gelso bianco sono note per fare miracoli nella medicina tradizionale. Ecco quindi alcuni [\u2026]","protected":false},"featured_media":1999,"template":"","meta":[],"product_brand":[],"product_cat":[27],"product_tag":[],"class_list":{"0":"post-1998","1":"product","2":"type-product","3":"status-publish","4":"has-post-thumbnail","6":"product_cat-plantes-medicinales","8":"first","9":"instock","10":"shipping-taxable","11":"purchasable","12":"product-type-variable"},"yoast_head":"<!-- This site is optimized with the Yoast SEO plugin v26.6 - https:\/\/yoast.com\/wordpress\/plugins\/seo\/ -->\n<title>M\u00fbrier blanc (Morus Alba) I Achat de feuilles de m\u00fbrier blanc<\/title>\n<meta name=\"description\" content=\"Les feuilles coup\u00e9es de m\u00fbrier blanc sont connues pour faire des merveilles dans la m\u00e9decine traditionnelle. D\u00e9couvrez notre s\u00e9lection !\" \/>\n<meta name=\"robots\" content=\"index, follow, max-snippet:-1, max-image-preview:large, max-video-preview:-1\" \/>\n<link rel=\"canonical\" href=\"https:\/\/www.safinel.fr\/it\/prodotto\/foglie-di-gelso-bianco\/\" \/>\n<meta property=\"og:locale\" content=\"it_IT\" \/>\n<meta property=\"og:type\" content=\"article\" \/>\n<meta property=\"og:title\" content=\"M\u00fbrier blanc (Morus Alba) I Achat de feuilles de m\u00fbrier blanc\" \/>\n<meta property=\"og:description\" content=\"Les feuilles coup\u00e9es de m\u00fbrier blanc sont connues pour faire des merveilles dans la m\u00e9decine traditionnelle. D\u00e9couvrez notre s\u00e9lection !\" \/>\n<meta property=\"og:url\" content=\"https:\/\/www.safinel.fr\/it\/prodotto\/foglie-di-gelso-bianco\/\" \/>\n<meta property=\"og:site_name\" content=\"Safinel\" \/>\n<meta property=\"article:modified_time\" content=\"2024-01-17T11:40:35+00:00\" \/>\n<meta property=\"og:image\" content=\"https:\/\/www.safinel.fr\/wp-content\/uploads\/2022\/08\/feuilles-de-murier-blanc.jpg\" \/>\n\t<meta property=\"og:image:width\" content=\"600\" \/>\n\t<meta property=\"og:image:height\" content=\"600\" \/>\n\t<meta property=\"og:image:type\" content=\"image\/jpeg\" \/>\n<meta name=\"twitter:card\" content=\"summary_large_image\" \/>\n<meta name=\"twitter:label1\" content=\"Tempo di lettura stimato\" \/>\n\t<meta name=\"twitter:data1\" content=\"3 minuti\" \/>\n<script type=\"application\/ld+json\" class=\"yoast-schema-graph\">{\"@context\":\"https:\/\/schema.org\",\"@graph\":[{\"@type\":\"WebPage\",\"@id\":\"https:\/\/www.safinel.fr\/produit\/feuilles-de-murier-blanc\/\",\"url\":\"https:\/\/www.safinel.fr\/produit\/feuilles-de-murier-blanc\/\",\"name\":\"M\u00fbrier blanc (Morus Alba) I Achat de feuilles de m\u00fbrier blanc\",\"isPartOf\":{\"@id\":\"https:\/\/www.safinel.fr\/#website\"},\"primaryImageOfPage\":{\"@id\":\"https:\/\/www.safinel.fr\/produit\/feuilles-de-murier-blanc\/#primaryimage\"},\"image\":{\"@id\":\"https:\/\/www.safinel.fr\/produit\/feuilles-de-murier-blanc\/#primaryimage\"},\"thumbnailUrl\":\"https:\/\/www.safinel.fr\/wp-content\/uploads\/2022\/08\/feuilles-de-murier-blanc.jpg\",\"datePublished\":\"2022-06-03T09:21:19+00:00\",\"dateModified\":\"2024-01-17T11:40:35+00:00\",\"description\":\"Les feuilles coup\u00e9es de m\u00fbrier blanc sont connues pour faire des merveilles dans la m\u00e9decine traditionnelle. D\u00e9couvrez notre s\u00e9lection !\",\"breadcrumb\":{\"@id\":\"https:\/\/www.safinel.fr\/produit\/feuilles-de-murier-blanc\/#breadcrumb\"},\"inLanguage\":\"it-IT\",\"potentialAction\":[{\"@type\":\"ReadAction\",\"target\":[\"https:\/\/www.safinel.fr\/produit\/feuilles-de-murier-blanc\/\"]}]},{\"@type\":\"ImageObject\",\"inLanguage\":\"it-IT\",\"@id\":\"https:\/\/www.safinel.fr\/produit\/feuilles-de-murier-blanc\/#primaryimage\",\"url\":\"https:\/\/www.safinel.fr\/wp-content\/uploads\/2022\/08\/feuilles-de-murier-blanc.jpg\",\"contentUrl\":\"https:\/\/www.safinel.fr\/wp-content\/uploads\/2022\/08\/feuilles-de-murier-blanc.jpg\",\"width\":600,\"height\":600,\"caption\":\"Feuilles de m\u00fbrier blanc s\u00e9ch\u00e9es\"},{\"@type\":\"BreadcrumbList\",\"@id\":\"https:\/\/www.safinel.fr\/produit\/feuilles-de-murier-blanc\/#breadcrumb\",\"itemListElement\":[{\"@type\":\"ListItem\",\"position\":1,\"name\":\"Accueil\",\"item\":\"https:\/\/www.safinel.fr\/\"},{\"@type\":\"ListItem\",\"position\":2,\"name\":\"Boutique\",\"item\":\"https:\/\/www.safinel.fr\/boutique\/\"},{\"@type\":\"ListItem\",\"position\":3,\"name\":\"Feuilles de m\u00fbrier blanc s\u00e9ch\u00e9es\"}]},{\"@type\":\"WebSite\",\"@id\":\"https:\/\/www.safinel.fr\/#website\",\"url\":\"https:\/\/www.safinel.fr\/\",\"name\":\"Safinel\",\"description\":\"\",\"publisher\":{\"@id\":\"https:\/\/www.safinel.fr\/#organization\"},\"potentialAction\":[{\"@type\":\"SearchAction\",\"target\":{\"@type\":\"EntryPoint\",\"urlTemplate\":\"https:\/\/www.safinel.fr\/?s={search_term_string}\"},\"query-input\":{\"@type\":\"PropertyValueSpecification\",\"valueRequired\":true,\"valueName\":\"search_term_string\"}}],\"inLanguage\":\"it-IT\"},{\"@type\":\"Organization\",\"@id\":\"https:\/\/www.safinel.fr\/#organization\",\"name\":\"Safinel\",\"url\":\"https:\/\/www.safinel.fr\/\",\"logo\":{\"@type\":\"ImageObject\",\"inLanguage\":\"it-IT\",\"@id\":\"https:\/\/www.safinel.fr\/#\/schema\/logo\/image\/\",\"url\":\"https:\/\/www.safinel.fr\/wp-content\/uploads\/2021\/05\/boutique-cosmetique.png\",\"contentUrl\":\"https:\/\/www.safinel.fr\/wp-content\/uploads\/2021\/05\/boutique-cosmetique.png\",\"width\":800,\"height\":200,\"caption\":\"Safinel\"},\"image\":{\"@id\":\"https:\/\/www.safinel.fr\/#\/schema\/logo\/image\/\"}}]}<\/script>\n<!-- \/ Yoast SEO plugin. -->","yoast_head_json":{"title":"Gelso bianco (Morus Alba) I Acquistare le foglie di gelso bianco","description":"Le foglie di gelso bianco tagliate sono note per i loro effetti miracolosi nella medicina tradizionale. Scoprite la nostra selezione!","robots":{"index":"index","follow":"follow","max-snippet":"max-snippet:-1","max-image-preview":"max-image-preview:large","max-video-preview":"max-video-preview:-1"},"canonical":"https:\/\/www.safinel.fr\/it\/prodotto\/foglie-di-gelso-bianco\/","og_locale":"it_IT","og_type":"article","og_title":"M\u00fbrier blanc (Morus Alba) I Achat de feuilles de m\u00fbrier blanc","og_description":"Les feuilles coup\u00e9es de m\u00fbrier blanc sont connues pour faire des merveilles dans la m\u00e9decine traditionnelle. D\u00e9couvrez notre s\u00e9lection !","og_url":"https:\/\/www.safinel.fr\/it\/prodotto\/foglie-di-gelso-bianco\/","og_site_name":"Safinel","article_modified_time":"2024-01-17T11:40:35+00:00","og_image":[{"width":600,"height":600,"url":"https:\/\/www.safinel.fr\/wp-content\/uploads\/2022\/08\/feuilles-de-murier-blanc.jpg","type":"image\/jpeg"}],"twitter_card":"summary_large_image","twitter_misc":{"Tempo di lettura stimato":"3 minuti"},"schema":{"@context":"https:\/\/schema.org","@graph":[{"@type":"WebPage","@id":"https:\/\/www.safinel.fr\/produit\/feuilles-de-murier-blanc\/","url":"https:\/\/www.safinel.fr\/produit\/feuilles-de-murier-blanc\/","name":"Gelso bianco (Morus Alba) I Acquistare le foglie di gelso bianco","isPartOf":{"@id":"https:\/\/www.safinel.fr\/#website"},"primaryImageOfPage":{"@id":"https:\/\/www.safinel.fr\/produit\/feuilles-de-murier-blanc\/#primaryimage"},"image":{"@id":"https:\/\/www.safinel.fr\/produit\/feuilles-de-murier-blanc\/#primaryimage"},"thumbnailUrl":"https:\/\/www.safinel.fr\/wp-content\/uploads\/2022\/08\/feuilles-de-murier-blanc.jpg","datePublished":"2022-06-03T09:21:19+00:00","dateModified":"2024-01-17T11:40:35+00:00","description":"Le foglie di gelso bianco tagliate sono note per i loro effetti miracolosi nella medicina tradizionale. Scoprite la nostra selezione!","breadcrumb":{"@id":"https:\/\/www.safinel.fr\/produit\/feuilles-de-murier-blanc\/#breadcrumb"},"inLanguage":"it-IT","potentialAction":[{"@type":"ReadAction","target":["https:\/\/www.safinel.fr\/produit\/feuilles-de-murier-blanc\/"]}]},{"@type":"ImageObject","inLanguage":"it-IT","@id":"https:\/\/www.safinel.fr\/produit\/feuilles-de-murier-blanc\/#primaryimage","url":"https:\/\/www.safinel.fr\/wp-content\/uploads\/2022\/08\/feuilles-de-murier-blanc.jpg","contentUrl":"https:\/\/www.safinel.fr\/wp-content\/uploads\/2022\/08\/feuilles-de-murier-blanc.jpg","width":600,"height":600,"caption":"Feuilles de m\u00fbrier blanc s\u00e9ch\u00e9es"},{"@type":"BreadcrumbList","@id":"https:\/\/www.safinel.fr\/produit\/feuilles-de-murier-blanc\/#breadcrumb","itemListElement":[{"@type":"ListItem","position":1,"name":"Accueil","item":"https:\/\/www.safinel.fr\/"},{"@type":"ListItem","position":2,"name":"Boutique","item":"https:\/\/www.safinel.fr\/boutique\/"},{"@type":"ListItem","position":3,"name":"Feuilles de m\u00fbrier blanc s\u00e9ch\u00e9es"}]},{"@type":"WebSite","@id":"https:\/\/www.safinel.fr\/#website","url":"https:\/\/www.safinel.fr\/","name":"Safinel","description":"","publisher":{"@id":"https:\/\/www.safinel.fr\/#organization"},"potentialAction":[{"@type":"SearchAction","target":{"@type":"EntryPoint","urlTemplate":"https:\/\/www.safinel.fr\/?s={search_term_string}"},"query-input":{"@type":"PropertyValueSpecification","valueRequired":true,"valueName":"search_term_string"}}],"inLanguage":"it-IT"},{"@type":"Organization","@id":"https:\/\/www.safinel.fr\/#organization","name":"Safinel","url":"https:\/\/www.safinel.fr\/","logo":{"@type":"ImageObject","inLanguage":"it-IT","@id":"https:\/\/www.safinel.fr\/#\/schema\/logo\/image\/","url":"https:\/\/www.safinel.fr\/wp-content\/uploads\/2021\/05\/boutique-cosmetique.png","contentUrl":"https:\/\/www.safinel.fr\/wp-content\/uploads\/2021\/05\/boutique-cosmetique.png","width":800,"height":200,"caption":"Safinel"},"image":{"@id":"https:\/\/www.safinel.fr\/#\/schema\/logo\/image\/"}}]}},"_links":{"self":[{"href":"https:\/\/www.safinel.fr\/it\/wp-json\/wp\/v2\/product\/1998","targetHints":{"allow":["GET"]}}],"collection":[{"href":"https:\/\/www.safinel.fr\/it\/wp-json\/wp\/v2\/product"}],"about":[{"href":"https:\/\/www.safinel.fr\/it\/wp-json\/wp\/v2\/types\/product"}],"wp:featuredmedia":[{"embeddable":true,"href":"https:\/\/www.safinel.fr\/it\/wp-json\/wp\/v2\/media\/1999"}],"wp:attachment":[{"href":"https:\/\/www.safinel.fr\/it\/wp-json\/wp\/v2\/media?parent=1998"}],"wp:term":[{"taxonomy":"product_brand","embeddable":true,"href":"https:\/\/www.safinel.fr\/it\/wp-json\/wp\/v2\/product_brand?post=1998"},{"taxonomy":"product_cat","embeddable":true,"href":"https:\/\/www.safinel.fr\/it\/wp-json\/wp\/v2\/product_cat?post=1998"},{"taxonomy":"product_tag","embeddable":true,"href":"https:\/\/www.safinel.fr\/it\/wp-json\/wp\/v2\/product_tag?post=1998"}],"curies":[{"name":"wp","href":"https:\/\/api.w.org\/{rel}","templated":true}]}}