{"id":1975,"date":"2022-05-29T15:02:13","date_gmt":"2022-05-29T15:02:13","guid":{"rendered":"https:\/\/www.safinel.fr\/?post_type=product&#038;p=1975"},"modified":"2024-06-16T07:38:07","modified_gmt":"2024-06-16T07:38:07","slug":"eufrasia-euphrasia-officinalis","status":"publish","type":"product","link":"https:\/\/www.safinel.fr\/it\/prodotto\/eufrasia-euphrasia-officinalis\/","title":{"rendered":"Eufrasia (Euphrasia officinalis)"},"content":{"rendered":"<p>Piccola pianta parassita, l'eufrasia cresce generalmente nei prati. Utilizzata fin dal Medioevo, \u00e8 nota per i suoi numerosi benefici per la salute. L'eufrasia \u00e8 infatti un agente antinfiammatorio, antisettico e antibatterico. Per illustrarlo, ecco i principali benefici di questa pianta.<\/p>\n<h2><strong>Alleviare i sintomi delle malattie oftalmiche<\/strong><\/h2>\n<p>L'eufrasia \u00e8 utilizzata principalmente per lenire i sintomi delle malattie oftalmiche. Queste includono lievi infiammazioni della congiuntiva e delle palpebre. Pu\u00f2 anche essere usata per trattare gli occhi stanchi e che lacrimano.<\/p>\n<p>L'eufrasia aiuta anche ad alleviare l'orzaiolo e la secchezza oculare. Lo stesso vale per le perdite spesse o irritanti. Questa pianta ha anche virt\u00f9 terapeutiche contro l'irite o la ptosi, che si manifesta come cedimento delle palpebre.<\/p>\n<p>Infine, l'eufrasia aiuta ad alleviare la sensazione di bruciore o gonfiore delle palpebre. Questo vale anche per i corpi estranei nell'occhio. Infine, va notato che l'eufrasia pu\u00f2 essere utilizzata per alleviare la sensibilit\u00e0 alla luce, nota anche come fotofobia.<\/p>\n<h2><strong>Altri benefici dell'euforbia<\/strong><\/h2>\n<p>Oltre ai benefici sopra elencati, l'eufrasia ha una serie di altri benefici. Ad esempio, pu\u00f2 essere utilizzata per alleviare sintomi come <a href=\"https:\/\/www.safinel.fr\/it\/prodotto\/miele-dagmico\/\"><strong>tosse<\/strong><\/a> e raucedine. Pu\u00f2 anche essere usata per alleviare la sinusite e il naso che cola. L'eufrasia pu\u00f2 anche essere usata per stimolare la digestione. Questa pianta \u00e8 quindi un rimedio naturale a cui rivolgersi in caso di problemi digestivi.<\/p>\n<p>Tuttavia, per trarre tutti i benefici dell'euforbia, \u00e8 necessario utilizzarla con saggezza. Ecco perch\u00e9 \u00e8 importante sapere come farlo.<\/p>\n<h2><strong>Utilizzo dell'euforbia<\/strong><\/h2>\n<p>L'eufrasia viene generalmente utilizzata in forma essiccata. Esistono quindi due alternative principali. Si tratta dell'infusione e dell'uso esterno.<\/p>\n<p>Per preparare un infuso, far bollire una tazza d'acqua. Una volta raggiunta l'ebollizione, aggiungere un cucchiaio di materiale vegetale tagliato da mettere in infusione. Lasciare quindi riposare per circa dieci minuti. Alla fine si otterr\u00e0 una tisana. Si consiglia di berne da 2 a 3 tazze al giorno. Attenzione: questa bevanda ha un sapore forte e amaro.<\/p>\n<p>Per uso esterno, invece, applicare impacchi o bagni oculari pi\u00f9 volte al giorno. Il collirio va applicato sul sacco congiuntivale dell'occhio. Questa operazione deve essere eseguita due o tre volte al giorno.<\/p>\n<p>Per trattare il naso che cola e il raffreddore da fieno, \u00e8 sufficiente pulire le narici con l'eufrasia. Per una maggiore efficacia, \u00e8 possibile combinarla con l'agrimonia essiccata. L'agrimonia aiuta a trattare le perdite patologiche e croniche.<\/p>\n<h3><strong>Conclusione<\/strong><\/h3>\n<p>In breve, l'eufrasia ha molti benefici per la salute. Ci\u00f2 \u00e8 dovuto alle sue propriet\u00e0 analgesiche, antibiotiche e antinfiammatorie. Aiuta ad alleviare i sintomi delle malattie oftalmiche. Pu\u00f2 essere utilizzata anche per trattare tosse, sinusite e naso che cola. \u00c8 sufficiente seguire la procedura spiegata sopra.<\/p>","protected":false},"excerpt":{"rendered":"<p>Petite plante parasite, l\u2019euphraise pousse g\u00e9n\u00e9ralement dans les pr\u00e9s. Elle est utilis\u00e9e depuis le Moyen-\u00c2ge et est r\u00e9put\u00e9e pour ses nombreux effets b\u00e9n\u00e9fiques sur la sant\u00e9. En r\u00e9alit\u00e9, l\u2019euphraise est \u00e0 la fois un anti-inflammatoire, un antiseptique et un antibact\u00e9rien. Pour vous l\u2019illustrer, voici les principaux bienfaits de cette plante. L\u2019apaisement des sympt\u00f4mes des maladies [&#8230;]","protected":false},"featured_media":1979,"template":"","meta":[],"product_brand":[],"product_cat":[27],"product_tag":[],"class_list":{"0":"post-1975","1":"product","2":"type-product","3":"status-publish","4":"has-post-thumbnail","6":"product_cat-plantes-medicinales","8":"first","9":"instock","10":"shipping-taxable","11":"purchasable","12":"product-type-variable"},"yoast_head":"<!-- This site is optimized with the Yoast SEO plugin v26.6 - https:\/\/yoast.com\/wordpress\/plugins\/seo\/ -->\n<title>Euphraise (Euphrasia officinalis) I Plante aux bienfaits nombreux<\/title>\n<meta name=\"description\" content=\"Petite plante parasite, l\u2019euphraise pousse g\u00e9n\u00e9ralement dans les pr\u00e9s. Elle est utilis\u00e9e depuis le Moyen-\u00c2ge et est r\u00e9put\u00e9e pour ses effets b\u00e9n\u00e9fiques.\" \/>\n<meta name=\"robots\" content=\"index, follow, max-snippet:-1, max-image-preview:large, max-video-preview:-1\" \/>\n<link rel=\"canonical\" href=\"https:\/\/www.safinel.fr\/it\/prodotto\/eufrasia-euphrasia-officinalis\/\" \/>\n<meta property=\"og:locale\" content=\"it_IT\" \/>\n<meta property=\"og:type\" content=\"article\" \/>\n<meta property=\"og:title\" content=\"Euphraise (Euphrasia officinalis) I Plante aux bienfaits nombreux\" \/>\n<meta property=\"og:description\" content=\"Petite plante parasite, l\u2019euphraise pousse g\u00e9n\u00e9ralement dans les pr\u00e9s. Elle est utilis\u00e9e depuis le Moyen-\u00c2ge et est r\u00e9put\u00e9e pour ses effets b\u00e9n\u00e9fiques.\" \/>\n<meta property=\"og:url\" content=\"https:\/\/www.safinel.fr\/it\/prodotto\/eufrasia-euphrasia-officinalis\/\" \/>\n<meta property=\"og:site_name\" content=\"Safinel\" \/>\n<meta property=\"article:modified_time\" content=\"2024-06-16T07:38:07+00:00\" \/>\n<meta property=\"og:image\" content=\"https:\/\/www.safinel.fr\/wp-content\/uploads\/2022\/07\/les-bienfaits-de-l-euphraise.jpg\" \/>\n\t<meta property=\"og:image:width\" content=\"600\" \/>\n\t<meta property=\"og:image:height\" content=\"600\" \/>\n\t<meta property=\"og:image:type\" content=\"image\/jpeg\" \/>\n<meta name=\"twitter:card\" content=\"summary_large_image\" \/>\n<meta name=\"twitter:label1\" content=\"Tempo di lettura stimato\" \/>\n\t<meta name=\"twitter:data1\" content=\"3 minuti\" \/>\n<script type=\"application\/ld+json\" class=\"yoast-schema-graph\">{\"@context\":\"https:\/\/schema.org\",\"@graph\":[{\"@type\":\"WebPage\",\"@id\":\"https:\/\/www.safinel.fr\/produit\/euphraise-euphrasia-officinalis\/\",\"url\":\"https:\/\/www.safinel.fr\/produit\/euphraise-euphrasia-officinalis\/\",\"name\":\"Euphraise (Euphrasia officinalis) I Plante aux bienfaits nombreux\",\"isPartOf\":{\"@id\":\"https:\/\/www.safinel.fr\/#website\"},\"primaryImageOfPage\":{\"@id\":\"https:\/\/www.safinel.fr\/produit\/euphraise-euphrasia-officinalis\/#primaryimage\"},\"image\":{\"@id\":\"https:\/\/www.safinel.fr\/produit\/euphraise-euphrasia-officinalis\/#primaryimage\"},\"thumbnailUrl\":\"https:\/\/www.safinel.fr\/wp-content\/uploads\/2022\/07\/les-bienfaits-de-l-euphraise.jpg\",\"datePublished\":\"2022-05-29T15:02:13+00:00\",\"dateModified\":\"2024-06-16T07:38:07+00:00\",\"description\":\"Petite plante parasite, l\u2019euphraise pousse g\u00e9n\u00e9ralement dans les pr\u00e9s. Elle est utilis\u00e9e depuis le Moyen-\u00c2ge et est r\u00e9put\u00e9e pour ses effets b\u00e9n\u00e9fiques.\",\"breadcrumb\":{\"@id\":\"https:\/\/www.safinel.fr\/produit\/euphraise-euphrasia-officinalis\/#breadcrumb\"},\"inLanguage\":\"it-IT\",\"potentialAction\":[{\"@type\":\"ReadAction\",\"target\":[\"https:\/\/www.safinel.fr\/produit\/euphraise-euphrasia-officinalis\/\"]}]},{\"@type\":\"ImageObject\",\"inLanguage\":\"it-IT\",\"@id\":\"https:\/\/www.safinel.fr\/produit\/euphraise-euphrasia-officinalis\/#primaryimage\",\"url\":\"https:\/\/www.safinel.fr\/wp-content\/uploads\/2022\/07\/les-bienfaits-de-l-euphraise.jpg\",\"contentUrl\":\"https:\/\/www.safinel.fr\/wp-content\/uploads\/2022\/07\/les-bienfaits-de-l-euphraise.jpg\",\"width\":600,\"height\":600,\"caption\":\"Euphraise\"},{\"@type\":\"BreadcrumbList\",\"@id\":\"https:\/\/www.safinel.fr\/produit\/euphraise-euphrasia-officinalis\/#breadcrumb\",\"itemListElement\":[{\"@type\":\"ListItem\",\"position\":1,\"name\":\"Accueil\",\"item\":\"https:\/\/www.safinel.fr\/\"},{\"@type\":\"ListItem\",\"position\":2,\"name\":\"Boutique\",\"item\":\"https:\/\/www.safinel.fr\/boutique\/\"},{\"@type\":\"ListItem\",\"position\":3,\"name\":\"Euphraise (Euphrasia officinalis)\"}]},{\"@type\":\"WebSite\",\"@id\":\"https:\/\/www.safinel.fr\/#website\",\"url\":\"https:\/\/www.safinel.fr\/\",\"name\":\"Safinel\",\"description\":\"\",\"publisher\":{\"@id\":\"https:\/\/www.safinel.fr\/#organization\"},\"potentialAction\":[{\"@type\":\"SearchAction\",\"target\":{\"@type\":\"EntryPoint\",\"urlTemplate\":\"https:\/\/www.safinel.fr\/?s={search_term_string}\"},\"query-input\":{\"@type\":\"PropertyValueSpecification\",\"valueRequired\":true,\"valueName\":\"search_term_string\"}}],\"inLanguage\":\"it-IT\"},{\"@type\":\"Organization\",\"@id\":\"https:\/\/www.safinel.fr\/#organization\",\"name\":\"Safinel\",\"url\":\"https:\/\/www.safinel.fr\/\",\"logo\":{\"@type\":\"ImageObject\",\"inLanguage\":\"it-IT\",\"@id\":\"https:\/\/www.safinel.fr\/#\/schema\/logo\/image\/\",\"url\":\"https:\/\/www.safinel.fr\/wp-content\/uploads\/2021\/05\/boutique-cosmetique.png\",\"contentUrl\":\"https:\/\/www.safinel.fr\/wp-content\/uploads\/2021\/05\/boutique-cosmetique.png\",\"width\":800,\"height\":200,\"caption\":\"Safinel\"},\"image\":{\"@id\":\"https:\/\/www.safinel.fr\/#\/schema\/logo\/image\/\"}}]}<\/script>\n<!-- \/ Yoast SEO plugin. -->","yoast_head_json":{"title":"Eufrasia (Euphrasia officinalis) I Una pianta dai molteplici benefici","description":"Piccola pianta parassita, l'eufrasia cresce generalmente nei prati. Viene utilizzata fin dal Medioevo ed \u00e8 rinomata per i suoi effetti benefici.","robots":{"index":"index","follow":"follow","max-snippet":"max-snippet:-1","max-image-preview":"max-image-preview:large","max-video-preview":"max-video-preview:-1"},"canonical":"https:\/\/www.safinel.fr\/it\/prodotto\/eufrasia-euphrasia-officinalis\/","og_locale":"it_IT","og_type":"article","og_title":"Euphraise (Euphrasia officinalis) I Plante aux bienfaits nombreux","og_description":"Petite plante parasite, l\u2019euphraise pousse g\u00e9n\u00e9ralement dans les pr\u00e9s. Elle est utilis\u00e9e depuis le Moyen-\u00c2ge et est r\u00e9put\u00e9e pour ses effets b\u00e9n\u00e9fiques.","og_url":"https:\/\/www.safinel.fr\/it\/prodotto\/eufrasia-euphrasia-officinalis\/","og_site_name":"Safinel","article_modified_time":"2024-06-16T07:38:07+00:00","og_image":[{"width":600,"height":600,"url":"https:\/\/www.safinel.fr\/wp-content\/uploads\/2022\/07\/les-bienfaits-de-l-euphraise.jpg","type":"image\/jpeg"}],"twitter_card":"summary_large_image","twitter_misc":{"Tempo di lettura stimato":"3 minuti"},"schema":{"@context":"https:\/\/schema.org","@graph":[{"@type":"WebPage","@id":"https:\/\/www.safinel.fr\/produit\/euphraise-euphrasia-officinalis\/","url":"https:\/\/www.safinel.fr\/produit\/euphraise-euphrasia-officinalis\/","name":"Eufrasia (Euphrasia officinalis) I Una pianta dai molteplici benefici","isPartOf":{"@id":"https:\/\/www.safinel.fr\/#website"},"primaryImageOfPage":{"@id":"https:\/\/www.safinel.fr\/produit\/euphraise-euphrasia-officinalis\/#primaryimage"},"image":{"@id":"https:\/\/www.safinel.fr\/produit\/euphraise-euphrasia-officinalis\/#primaryimage"},"thumbnailUrl":"https:\/\/www.safinel.fr\/wp-content\/uploads\/2022\/07\/les-bienfaits-de-l-euphraise.jpg","datePublished":"2022-05-29T15:02:13+00:00","dateModified":"2024-06-16T07:38:07+00:00","description":"Piccola pianta parassita, l'eufrasia cresce generalmente nei prati. Viene utilizzata fin dal Medioevo ed \u00e8 rinomata per i suoi effetti benefici.","breadcrumb":{"@id":"https:\/\/www.safinel.fr\/produit\/euphraise-euphrasia-officinalis\/#breadcrumb"},"inLanguage":"it-IT","potentialAction":[{"@type":"ReadAction","target":["https:\/\/www.safinel.fr\/produit\/euphraise-euphrasia-officinalis\/"]}]},{"@type":"ImageObject","inLanguage":"it-IT","@id":"https:\/\/www.safinel.fr\/produit\/euphraise-euphrasia-officinalis\/#primaryimage","url":"https:\/\/www.safinel.fr\/wp-content\/uploads\/2022\/07\/les-bienfaits-de-l-euphraise.jpg","contentUrl":"https:\/\/www.safinel.fr\/wp-content\/uploads\/2022\/07\/les-bienfaits-de-l-euphraise.jpg","width":600,"height":600,"caption":"Euphraise"},{"@type":"BreadcrumbList","@id":"https:\/\/www.safinel.fr\/produit\/euphraise-euphrasia-officinalis\/#breadcrumb","itemListElement":[{"@type":"ListItem","position":1,"name":"Accueil","item":"https:\/\/www.safinel.fr\/"},{"@type":"ListItem","position":2,"name":"Boutique","item":"https:\/\/www.safinel.fr\/boutique\/"},{"@type":"ListItem","position":3,"name":"Euphraise (Euphrasia officinalis)"}]},{"@type":"WebSite","@id":"https:\/\/www.safinel.fr\/#website","url":"https:\/\/www.safinel.fr\/","name":"Safinel","description":"","publisher":{"@id":"https:\/\/www.safinel.fr\/#organization"},"potentialAction":[{"@type":"SearchAction","target":{"@type":"EntryPoint","urlTemplate":"https:\/\/www.safinel.fr\/?s={search_term_string}"},"query-input":{"@type":"PropertyValueSpecification","valueRequired":true,"valueName":"search_term_string"}}],"inLanguage":"it-IT"},{"@type":"Organization","@id":"https:\/\/www.safinel.fr\/#organization","name":"Safinel","url":"https:\/\/www.safinel.fr\/","logo":{"@type":"ImageObject","inLanguage":"it-IT","@id":"https:\/\/www.safinel.fr\/#\/schema\/logo\/image\/","url":"https:\/\/www.safinel.fr\/wp-content\/uploads\/2021\/05\/boutique-cosmetique.png","contentUrl":"https:\/\/www.safinel.fr\/wp-content\/uploads\/2021\/05\/boutique-cosmetique.png","width":800,"height":200,"caption":"Safinel"},"image":{"@id":"https:\/\/www.safinel.fr\/#\/schema\/logo\/image\/"}}]}},"_links":{"self":[{"href":"https:\/\/www.safinel.fr\/it\/wp-json\/wp\/v2\/product\/1975","targetHints":{"allow":["GET"]}}],"collection":[{"href":"https:\/\/www.safinel.fr\/it\/wp-json\/wp\/v2\/product"}],"about":[{"href":"https:\/\/www.safinel.fr\/it\/wp-json\/wp\/v2\/types\/product"}],"wp:featuredmedia":[{"embeddable":true,"href":"https:\/\/www.safinel.fr\/it\/wp-json\/wp\/v2\/media\/1979"}],"wp:attachment":[{"href":"https:\/\/www.safinel.fr\/it\/wp-json\/wp\/v2\/media?parent=1975"}],"wp:term":[{"taxonomy":"product_brand","embeddable":true,"href":"https:\/\/www.safinel.fr\/it\/wp-json\/wp\/v2\/product_brand?post=1975"},{"taxonomy":"product_cat","embeddable":true,"href":"https:\/\/www.safinel.fr\/it\/wp-json\/wp\/v2\/product_cat?post=1975"},{"taxonomy":"product_tag","embeddable":true,"href":"https:\/\/www.safinel.fr\/it\/wp-json\/wp\/v2\/product_tag?post=1975"}],"curies":[{"name":"wp","href":"https:\/\/api.w.org\/{rel}","templated":true}]}}