{"id":1969,"date":"2022-07-28T11:09:50","date_gmt":"2022-07-28T11:09:50","guid":{"rendered":"https:\/\/www.safinel.fr\/?post_type=product&#038;p=1969"},"modified":"2025-03-12T19:17:25","modified_gmt":"2025-03-12T19:17:25","slug":"miele-di-giuggiolo-dallo-yemen","status":"publish","type":"product","link":"https:\/\/www.safinel.fr\/it\/prodotto\/miele-di-giuggiolo-dallo-yemen\/","title":{"rendered":"Miele di giuggiole dello Yemen 250g"},"content":{"rendered":"<p>Il piacere del palato... Perch\u00e9 non unire gli affari al piacere? Ecco il pi\u00f9 ambito dei nettari! Si chiama\u00a0<strong>Miele di giuggiolo dello Yemen<\/strong>\u00a0!<\/p>\n<h2><strong>Il piacere di incontrare il miele di giuggiolo yemenita\u00a0<\/strong><\/h2>\n<p>Tenetevi forte, perch\u00e9 \u00e8 arrivato il momento di fare una piccola escursione per scoprire di pi\u00f9 su questo nettare cos\u00ec ricercato.<\/p>\n<p>Questo miele di giuggiolo, noto anche come\u00a0<strong>Miele di sidr<\/strong>\u00a0o<strong>\u00a0Sidr Maliky,\u00a0<\/strong>\u00e8 originario dello Yemen. Lo Yemen \u00e8 un Paese del continente asiatico. \u00c8 considerato uno dei Paesi pi\u00f9 antichi della civilt\u00e0 mediorientale.<\/p>\n<p>\u00c8 anche nota per i suoi numerosi e attraenti paesaggi, che favoriscono un'apicoltura di qualit\u00e0. Spesso associata a\u00a0<strong>i migliori mieli del mondo<\/strong>, Sidr Maliky non ha solo un sapore unico e piacevole, ma \u00e8 anche una scelta sana!<\/p>\n<h2><strong>Il miele di giuggiolo dello Yemen\u00a0<\/strong><\/h2>\n<p>Con il vostro compagno di benessere Safinel, la scelta dei prodotti \u00e8 fondamentale! Ecco perch\u00e9 il processo di selezione \u00e8 cos\u00ec meticoloso.<\/p>\n<p>Scoprite il famoso\u00a0<strong>miele raro dallo Yemen<\/strong>... \u00c8 disponibile in negozio in un barattolo trasparente, che rivela l'elisir che si sta cercando. Il contenitore da 250 g \u00e8 un vero vantaggio per chi vuole approfittare di questo elisir.<strong>\u00a0prodotti dell'alveare<\/strong>\u00a0a lungo termine!<\/p>\n<p>Inoltre, il suo aspetto dorato e l'aroma accattivante ne fanno un vero e proprio vincitore.\u00a0<strong>miele unico<\/strong>. Al palato \u00e8 molto fondente e ha anche un gusto molto pronunciato.<\/p>\n<p>Se anche voi volete gustare questo miele di giuggiolo dello Yemen, ve lo faremo scoprire in negozio, insieme a tante altre sorprese!<\/p>\n<h2><strong>Il miele di giuggiole dello Yemen: molto pi\u00f9 di un semplice assaggio\u00a0<\/strong><\/h2>\n<p>Sappiamo quanto sia importante il gusto per voi, piccoli buongustai. Se il\u00a0<strong>miele di giuggiolo maliki<\/strong>\u00a0\u00e8 sicuramente attraente per il suo sapore, ma fa anche bene alla salute! Avete capito bene! Considerato un\u00a0<strong>alicamento\u00a0<\/strong>Il Sidr Maliky possiede una moltitudine di virt\u00f9 che possono rendere questo miele una risorsa quotidiana.<\/p>\n<ul>\n<li>Antibatterico<\/li>\n<li>Energetico<\/li>\n<li>Malattie e altre infezioni legate alle vie respiratorie<\/li>\n<li>Dolore intestinale<\/li>\n<li>Ulcera<\/li>\n<li>Mal di gola<\/li>\n<\/ul>\n<p>Come si pu\u00f2 vedere, questo<strong>\u00a0miele monoflora<\/strong>\u00a0non \u00e8 solo gustoso, ma fa anche bene al metabolismo. Molto spesso viene utilizzato come\u00a0<strong>integratore alimentare<\/strong>, \u00c8 un integratore nutrizionale ed energizzante di alta qualit\u00e0. Gli sportivi di alto livello possono assumerlo prima e dopo la sessione di allenamento per facilitare lo sforzo e il recupero.<\/p>\n<h3><strong>Sorpresa, sorpresa, scoperta anche...<\/strong><\/h3>\n<p>Perch\u00e9 cambiare le buone abitudini? Il vostro negozio di benessere online \u00e8 particolarmente interessato a farvi conoscere nuovi prodotti. Per questo vorremmo parlarvi di alcune cosiddette piante medicinali.<\/p>\n<p>Avete mai sentito parlare di<strong>\u00a0<a href=\"https:\/\/www.safinel.fr\/it\/prodotto\/albero-casto\/\">Semi di castagno<\/a><\/strong>\u00a0? Considerato un tesoro per alcune donne, \u00e8 noto per contribuire a ridurre alcuni segni della menopausa.<strong>\u00a0100% naturale<\/strong>, Questo prodotto potrebbe essere una risorsa considerevole.<\/p>\n<p>Avete anche l'opportunit\u00e0 di scoprire il<strong>\u00a0<a href=\"https:\/\/www.safinel.fr\/it\/prodotto\/grani-di-pepe-di-szechuan\/\">Grani di pepe di Szechuan<\/a><\/strong>\u00a0! Lasciamo le cose come stanno! Se volete saperne di pi\u00f9, vi mettiamo in contatto con la vostra boutique del benessere!<\/p>","protected":false},"excerpt":{"rendered":"<p>Le plaisir du palais\u2026 Pourquoi ne pas m\u00ealer l\u2019utile \u00e0 l\u2019agr\u00e9able ? Faites la rencontre avec ce nectar des plus convoit\u00e9s ! Il se nomme ainsi le\u00a0Miel de jujubier du Y\u00e9men\u00a0! Le plaisir de rencontrer le miel de jujubier du Y\u00e9men\u00a0 Tenez-vous bien, car il est temps de faire une petite excursion afin d\u2019en savoir [&#8230;]","protected":false},"featured_media":1947,"template":"","meta":[],"product_brand":[],"product_cat":[24],"product_tag":[],"class_list":{"0":"post-1969","1":"product","2":"type-product","3":"status-publish","4":"has-post-thumbnail","6":"product_cat-apiculture","8":"first","9":"instock","10":"shipping-taxable","11":"purchasable","12":"product-type-simple"},"yoast_head":"<!-- This site is optimized with the Yoast SEO plugin v26.6 - https:\/\/yoast.com\/wordpress\/plugins\/seo\/ -->\n<title>Miel de jujubier I Le sidr maliki du Yemen par excellence<\/title>\n<meta name=\"description\" content=\"Le plaisir du palais\u2026 Pourquoi ne pas m\u00ealer l\u2019utile \u00e0 l\u2019agr\u00e9able ? Faites la rencontre avec ce nectar des plus convoit\u00e9s ! Le\u00a0Miel de jujubier du Y\u00e9men\u00a0!\u00a0\" \/>\n<meta name=\"robots\" content=\"index, follow, max-snippet:-1, max-image-preview:large, max-video-preview:-1\" \/>\n<link rel=\"canonical\" href=\"https:\/\/www.safinel.fr\/it\/prodotto\/miele-di-giuggiolo-dallo-yemen\/\" \/>\n<meta property=\"og:locale\" content=\"it_IT\" \/>\n<meta property=\"og:type\" content=\"article\" \/>\n<meta property=\"og:title\" content=\"Miel de jujubier I Le sidr maliki du Yemen par excellence\" \/>\n<meta property=\"og:description\" content=\"Le plaisir du palais\u2026 Pourquoi ne pas m\u00ealer l\u2019utile \u00e0 l\u2019agr\u00e9able ? Faites la rencontre avec ce nectar des plus convoit\u00e9s ! Le\u00a0Miel de jujubier du Y\u00e9men\u00a0!\u00a0\" \/>\n<meta property=\"og:url\" content=\"https:\/\/www.safinel.fr\/it\/prodotto\/miele-di-giuggiolo-dallo-yemen\/\" \/>\n<meta property=\"og:site_name\" content=\"Safinel\" \/>\n<meta property=\"article:modified_time\" content=\"2025-03-12T19:17:25+00:00\" \/>\n<meta property=\"og:image\" content=\"https:\/\/www.safinel.fr\/wp-content\/uploads\/2022\/07\/miel-de-jujubier-du-yemen.jpg\" \/>\n\t<meta property=\"og:image:width\" content=\"600\" \/>\n\t<meta property=\"og:image:height\" content=\"600\" \/>\n\t<meta property=\"og:image:type\" content=\"image\/jpeg\" \/>\n<meta name=\"twitter:card\" content=\"summary_large_image\" \/>\n<meta name=\"twitter:label1\" content=\"Tempo di lettura stimato\" \/>\n\t<meta name=\"twitter:data1\" content=\"3 minuti\" \/>\n<script type=\"application\/ld+json\" class=\"yoast-schema-graph\">{\"@context\":\"https:\/\/schema.org\",\"@graph\":[{\"@type\":\"WebPage\",\"@id\":\"https:\/\/www.safinel.fr\/produit\/miel-de-jujubier-du-yemen\/\",\"url\":\"https:\/\/www.safinel.fr\/produit\/miel-de-jujubier-du-yemen\/\",\"name\":\"Miel de jujubier I Le sidr maliki du Yemen par excellence\",\"isPartOf\":{\"@id\":\"https:\/\/www.safinel.fr\/#website\"},\"primaryImageOfPage\":{\"@id\":\"https:\/\/www.safinel.fr\/produit\/miel-de-jujubier-du-yemen\/#primaryimage\"},\"image\":{\"@id\":\"https:\/\/www.safinel.fr\/produit\/miel-de-jujubier-du-yemen\/#primaryimage\"},\"thumbnailUrl\":\"https:\/\/www.safinel.fr\/wp-content\/uploads\/2022\/07\/miel-de-jujubier-du-yemen.jpg\",\"datePublished\":\"2022-07-28T11:09:50+00:00\",\"dateModified\":\"2025-03-12T19:17:25+00:00\",\"description\":\"Le plaisir du palais\u2026 Pourquoi ne pas m\u00ealer l\u2019utile \u00e0 l\u2019agr\u00e9able ? Faites la rencontre avec ce nectar des plus convoit\u00e9s ! Le\u00a0Miel de jujubier du Y\u00e9men\u00a0!\u00a0\",\"breadcrumb\":{\"@id\":\"https:\/\/www.safinel.fr\/produit\/miel-de-jujubier-du-yemen\/#breadcrumb\"},\"inLanguage\":\"it-IT\",\"potentialAction\":[{\"@type\":\"ReadAction\",\"target\":[\"https:\/\/www.safinel.fr\/produit\/miel-de-jujubier-du-yemen\/\"]}]},{\"@type\":\"ImageObject\",\"inLanguage\":\"it-IT\",\"@id\":\"https:\/\/www.safinel.fr\/produit\/miel-de-jujubier-du-yemen\/#primaryimage\",\"url\":\"https:\/\/www.safinel.fr\/wp-content\/uploads\/2022\/07\/miel-de-jujubier-du-yemen.jpg\",\"contentUrl\":\"https:\/\/www.safinel.fr\/wp-content\/uploads\/2022\/07\/miel-de-jujubier-du-yemen.jpg\",\"width\":600,\"height\":600,\"caption\":\"Miel de jujubier du Yemen\"},{\"@type\":\"BreadcrumbList\",\"@id\":\"https:\/\/www.safinel.fr\/produit\/miel-de-jujubier-du-yemen\/#breadcrumb\",\"itemListElement\":[{\"@type\":\"ListItem\",\"position\":1,\"name\":\"Accueil\",\"item\":\"https:\/\/www.safinel.fr\/\"},{\"@type\":\"ListItem\",\"position\":2,\"name\":\"Boutique\",\"item\":\"https:\/\/www.safinel.fr\/boutique\/\"},{\"@type\":\"ListItem\",\"position\":3,\"name\":\"Miel de jujubier du Yemen 250g\"}]},{\"@type\":\"WebSite\",\"@id\":\"https:\/\/www.safinel.fr\/#website\",\"url\":\"https:\/\/www.safinel.fr\/\",\"name\":\"Safinel\",\"description\":\"\",\"publisher\":{\"@id\":\"https:\/\/www.safinel.fr\/#organization\"},\"potentialAction\":[{\"@type\":\"SearchAction\",\"target\":{\"@type\":\"EntryPoint\",\"urlTemplate\":\"https:\/\/www.safinel.fr\/?s={search_term_string}\"},\"query-input\":{\"@type\":\"PropertyValueSpecification\",\"valueRequired\":true,\"valueName\":\"search_term_string\"}}],\"inLanguage\":\"it-IT\"},{\"@type\":\"Organization\",\"@id\":\"https:\/\/www.safinel.fr\/#organization\",\"name\":\"Safinel\",\"url\":\"https:\/\/www.safinel.fr\/\",\"logo\":{\"@type\":\"ImageObject\",\"inLanguage\":\"it-IT\",\"@id\":\"https:\/\/www.safinel.fr\/#\/schema\/logo\/image\/\",\"url\":\"https:\/\/www.safinel.fr\/wp-content\/uploads\/2021\/05\/boutique-cosmetique.png\",\"contentUrl\":\"https:\/\/www.safinel.fr\/wp-content\/uploads\/2021\/05\/boutique-cosmetique.png\",\"width\":800,\"height\":200,\"caption\":\"Safinel\"},\"image\":{\"@id\":\"https:\/\/www.safinel.fr\/#\/schema\/logo\/image\/\"}}]}<\/script>\n<!-- \/ Yoast SEO plugin. -->","yoast_head_json":{"title":"Miele di giuggiole I Il sidr maliki yemenita per eccellenza","description":"Il piacere del palato... Perch\u00e9 non unire gli affari al piacere? Ecco il pi\u00f9 ambito dei nettari! Il miele di giuggiole dello Yemen!\u00a0","robots":{"index":"index","follow":"follow","max-snippet":"max-snippet:-1","max-image-preview":"max-image-preview:large","max-video-preview":"max-video-preview:-1"},"canonical":"https:\/\/www.safinel.fr\/it\/prodotto\/miele-di-giuggiolo-dallo-yemen\/","og_locale":"it_IT","og_type":"article","og_title":"Miel de jujubier I Le sidr maliki du Yemen par excellence","og_description":"Le plaisir du palais\u2026 Pourquoi ne pas m\u00ealer l\u2019utile \u00e0 l\u2019agr\u00e9able ? Faites la rencontre avec ce nectar des plus convoit\u00e9s ! Le\u00a0Miel de jujubier du Y\u00e9men\u00a0!\u00a0","og_url":"https:\/\/www.safinel.fr\/it\/prodotto\/miele-di-giuggiolo-dallo-yemen\/","og_site_name":"Safinel","article_modified_time":"2025-03-12T19:17:25+00:00","og_image":[{"width":600,"height":600,"url":"https:\/\/www.safinel.fr\/wp-content\/uploads\/2022\/07\/miel-de-jujubier-du-yemen.jpg","type":"image\/jpeg"}],"twitter_card":"summary_large_image","twitter_misc":{"Tempo di lettura stimato":"3 minuti"},"schema":{"@context":"https:\/\/schema.org","@graph":[{"@type":"WebPage","@id":"https:\/\/www.safinel.fr\/produit\/miel-de-jujubier-du-yemen\/","url":"https:\/\/www.safinel.fr\/produit\/miel-de-jujubier-du-yemen\/","name":"Miele di giuggiole I Il sidr maliki yemenita per eccellenza","isPartOf":{"@id":"https:\/\/www.safinel.fr\/#website"},"primaryImageOfPage":{"@id":"https:\/\/www.safinel.fr\/produit\/miel-de-jujubier-du-yemen\/#primaryimage"},"image":{"@id":"https:\/\/www.safinel.fr\/produit\/miel-de-jujubier-du-yemen\/#primaryimage"},"thumbnailUrl":"https:\/\/www.safinel.fr\/wp-content\/uploads\/2022\/07\/miel-de-jujubier-du-yemen.jpg","datePublished":"2022-07-28T11:09:50+00:00","dateModified":"2025-03-12T19:17:25+00:00","description":"Il piacere del palato... Perch\u00e9 non unire gli affari al piacere? Ecco il pi\u00f9 ambito dei nettari! Il miele di giuggiole dello Yemen!\u00a0","breadcrumb":{"@id":"https:\/\/www.safinel.fr\/produit\/miel-de-jujubier-du-yemen\/#breadcrumb"},"inLanguage":"it-IT","potentialAction":[{"@type":"ReadAction","target":["https:\/\/www.safinel.fr\/produit\/miel-de-jujubier-du-yemen\/"]}]},{"@type":"ImageObject","inLanguage":"it-IT","@id":"https:\/\/www.safinel.fr\/produit\/miel-de-jujubier-du-yemen\/#primaryimage","url":"https:\/\/www.safinel.fr\/wp-content\/uploads\/2022\/07\/miel-de-jujubier-du-yemen.jpg","contentUrl":"https:\/\/www.safinel.fr\/wp-content\/uploads\/2022\/07\/miel-de-jujubier-du-yemen.jpg","width":600,"height":600,"caption":"Miel de jujubier du Yemen"},{"@type":"BreadcrumbList","@id":"https:\/\/www.safinel.fr\/produit\/miel-de-jujubier-du-yemen\/#breadcrumb","itemListElement":[{"@type":"ListItem","position":1,"name":"Accueil","item":"https:\/\/www.safinel.fr\/"},{"@type":"ListItem","position":2,"name":"Boutique","item":"https:\/\/www.safinel.fr\/boutique\/"},{"@type":"ListItem","position":3,"name":"Miel de jujubier du Yemen 250g"}]},{"@type":"WebSite","@id":"https:\/\/www.safinel.fr\/#website","url":"https:\/\/www.safinel.fr\/","name":"Safinel","description":"","publisher":{"@id":"https:\/\/www.safinel.fr\/#organization"},"potentialAction":[{"@type":"SearchAction","target":{"@type":"EntryPoint","urlTemplate":"https:\/\/www.safinel.fr\/?s={search_term_string}"},"query-input":{"@type":"PropertyValueSpecification","valueRequired":true,"valueName":"search_term_string"}}],"inLanguage":"it-IT"},{"@type":"Organization","@id":"https:\/\/www.safinel.fr\/#organization","name":"Safinel","url":"https:\/\/www.safinel.fr\/","logo":{"@type":"ImageObject","inLanguage":"it-IT","@id":"https:\/\/www.safinel.fr\/#\/schema\/logo\/image\/","url":"https:\/\/www.safinel.fr\/wp-content\/uploads\/2021\/05\/boutique-cosmetique.png","contentUrl":"https:\/\/www.safinel.fr\/wp-content\/uploads\/2021\/05\/boutique-cosmetique.png","width":800,"height":200,"caption":"Safinel"},"image":{"@id":"https:\/\/www.safinel.fr\/#\/schema\/logo\/image\/"}}]}},"_links":{"self":[{"href":"https:\/\/www.safinel.fr\/it\/wp-json\/wp\/v2\/product\/1969","targetHints":{"allow":["GET"]}}],"collection":[{"href":"https:\/\/www.safinel.fr\/it\/wp-json\/wp\/v2\/product"}],"about":[{"href":"https:\/\/www.safinel.fr\/it\/wp-json\/wp\/v2\/types\/product"}],"wp:featuredmedia":[{"embeddable":true,"href":"https:\/\/www.safinel.fr\/it\/wp-json\/wp\/v2\/media\/1947"}],"wp:attachment":[{"href":"https:\/\/www.safinel.fr\/it\/wp-json\/wp\/v2\/media?parent=1969"}],"wp:term":[{"taxonomy":"product_brand","embeddable":true,"href":"https:\/\/www.safinel.fr\/it\/wp-json\/wp\/v2\/product_brand?post=1969"},{"taxonomy":"product_cat","embeddable":true,"href":"https:\/\/www.safinel.fr\/it\/wp-json\/wp\/v2\/product_cat?post=1969"},{"taxonomy":"product_tag","embeddable":true,"href":"https:\/\/www.safinel.fr\/it\/wp-json\/wp\/v2\/product_tag?post=1969"}],"curies":[{"name":"wp","href":"https:\/\/api.w.org\/{rel}","templated":true}]}}