{"id":1968,"date":"2022-07-28T11:07:16","date_gmt":"2022-07-28T11:07:16","guid":{"rendered":"https:\/\/www.safinel.fr\/?post_type=product&#038;p=1968"},"modified":"2023-12-28T17:15:23","modified_gmt":"2023-12-28T17:15:23","slug":"miele-dagmico","status":"publish","type":"product","link":"https:\/\/www.safinel.fr\/it\/prodotto\/miele-dagmico\/","title":{"rendered":"Miele marocchino daghmous 250g"},"content":{"rendered":"<p>Siete alla ricerca di un prodotto naturale di qualit\u00e0? Il vostro negozio online vuole puntare i riflettori su<strong> Miele dagmatico.<\/strong>\u00a0Conosciuto anche come\u00a0<strong>miele di euforbia<\/strong>, \u00c8 uno dei preferiti da molti appassionati.\u00a0<strong>apicoltura<\/strong>.<\/p>\n<p>Spalmato sul pane tostato o usato come cura ringiovanente, questo elisir naturale potrebbe sorprendervi!<\/p>\n<h2><strong>La sorprendente provenienza del miele di Daghmous\u00a0<\/strong><\/h2>\n<p>Prendete posto e mettetevi comodi, perch\u00e9 stiamo per parlare del famoso miele Daghmous! Per coloro che non lo conoscono ancora\u00a0<strong>Il tesoro della natura<\/strong>, Non preoccupatevi, faremo qualcosa.<\/p>\n<p>Innanzitutto, \u00e8 interessante sapere che questo nettare proviene dal Marocco! S\u00ec, l'artigianato marocchino si sta affermando ancora una volta, questa volta nel settore dell'apicoltura. Se questo Paese \u00e8 molto conosciuto tra i professionisti, \u00e8 per la qualit\u00e0 del suo nettare.<\/p>\n<p>Ma da quale fiore proviene il miele di Daghmous?<\/p>\n<p>Per quanto possa essere sorprendente, questo nettare proviene dalla\u00a0<strong>impollinazione<\/strong>\u00a0di cactus! Avete capito bene, il cactus \u00e8 una pianta singolare di cui le api raccolgono con grande piacere il famoso polline. Ed \u00e8 per questo che questo nettare \u00e8 classificato come un\u00a0<strong>miele monoflora<\/strong>\u00a0!<\/p>\n<h2><strong>Miele Safinel e Daghmous\u00a0<\/strong><\/h2>\n<p>Ora che ne sapete di pi\u00f9 su questo elisir, cosa ne pensate di andare a conoscerlo? La vostra magnifica boutique del benessere desidera farvi scoprire questo famoso elisir.\u00a0<strong>prodotti dell'alveare<\/strong>\u00a0!<\/p>\n<p>Cremoso e gustoso allo stesso tempo, i buongustai ne vanno matti... Si presenta in un vasetto trasparente, che lascia intravedere questo ambitissimo nettare! Nel suo contenitore da 250 g, \u00e8 proprio quello che ci vuole per gli amanti del miele.<\/p>\n<p>Il suo sapore fondente e il suo aspetto bruno sono gi\u00e0 un'ottima idea! Non esitate pi\u00f9 e unitevi alla schiera di coloro che amano i prodotti naturali di qualit\u00e0.<\/p>\n<h2><strong>I benefici del miele di Daghemia\u00a0<\/strong><\/h2>\n<p>Siete curiosi di conoscere le virt\u00f9 di questo miele? Non preoccupatevi, stiamo arrivando. Questo nettare dal gusto gradevole possiede anche alcune qualit\u00e0 molto utili per la vita quotidiana.<\/p>\n<p>Si ritiene infatti che abbia un effetto benefico sui malanni di stagione. Raffreddore e mal di gola sono un gioco da ragazzi con questo alimento salutare! Inoltre, per gli amanti dello sport, questo nettare pu\u00f2 essere un valore aggiunto.<\/p>\n<p>Molto utile per tonificare la muscolatura e rinvigorire il corpo, questo\u00a0<strong>miele di euforbia<\/strong>\u00a0\u00e8 un vero e proprio compagno di sforzi fisici.<\/p>\n<p>\u00c8 anche noto per regolare l'ipertensione e altre malattie cardiovascolari.<\/p>\n<h3><strong>Da qualche parte nella vostra boutique del benessere...<\/strong><\/h3>\n<p>Come sempre, la vostra boutique Safinel ha a cuore i prodotti che vende! Per questo seleziona con cura gli articoli disponibili in negozio. Avete mai incontrato il<strong>\u00a0<a href=\"https:\/\/www.safinel.fr\/it\/prodotto\/curcuma\/\">curcuma in polvere<\/a><\/strong>\u00a0Questa polvere a base vegetale, pura e vegana, potrebbe sorprendervi.<\/p>\n<p>Avrete anche l'opportunit\u00e0 di conoscere il<strong>\u00a0<a href=\"https:\/\/www.safinel.fr\/it\/prodotto\/garcinia\/\">Garcinia Cambogia<\/a><\/strong>\u00a0! In particolare, \u00e8 noto per i suoi numerosi benefici contro l'ipertensione.<\/p>\n<p>La vostra boutique del benessere online \u00e8 lieta di proporvi i prodotti che potrebbero fare al caso vostro! Ora tocca a voi!<\/p>","protected":false},"excerpt":{"rendered":"<p>Siete alla ricerca di un prodotto naturale di qualit\u00e0? Il vostro negozio online vuole dare un posto d'onore al miele di Daghmous. Conosciuto anche come miele di euforbia, \u00e8 il preferito da molti appassionati di apicoltura. Questo elisir naturale potrebbe sorprendervi! La sorprendente provenienza del miele di Daghmous Sedetevi e [...]","protected":false},"featured_media":1945,"template":"","meta":[],"product_brand":[],"product_cat":[24,70],"product_tag":[],"class_list":{"0":"post-1968","1":"product","2":"type-product","3":"status-publish","4":"has-post-thumbnail","6":"product_cat-apiculture","7":"product_cat-miels-du-maroc","9":"first","10":"instock","11":"shipping-taxable","12":"purchasable","13":"product-type-simple"},"yoast_head":"<!-- This site is optimized with the Yoast SEO plugin v26.6 - https:\/\/yoast.com\/wordpress\/plugins\/seo\/ -->\n<title>Miel de daghmous (Cactus) I Miel piquant I Bienfaits nombreux<\/title>\n<meta name=\"description\" content=\"Votre boutique souhaite mettre \u00e0 l\u2019honneur le\u00a0miel de Daghmous. Aussi surnomm\u00e9\u00a0miel d\u2019euphorbe ou cactus. Un miel piquant aux bienfaits nombreux.\" \/>\n<meta name=\"robots\" content=\"index, follow, max-snippet:-1, max-image-preview:large, max-video-preview:-1\" \/>\n<link rel=\"canonical\" href=\"https:\/\/www.safinel.fr\/it\/prodotto\/miele-dagmico\/\" \/>\n<meta property=\"og:locale\" content=\"it_IT\" \/>\n<meta property=\"og:type\" content=\"article\" \/>\n<meta property=\"og:title\" content=\"Miel de daghmous (Cactus) I Miel piquant I Bienfaits nombreux\" \/>\n<meta property=\"og:description\" content=\"Votre boutique souhaite mettre \u00e0 l\u2019honneur le\u00a0miel de Daghmous. Aussi surnomm\u00e9\u00a0miel d\u2019euphorbe ou cactus. Un miel piquant aux bienfaits nombreux.\" \/>\n<meta property=\"og:url\" content=\"https:\/\/www.safinel.fr\/it\/prodotto\/miele-dagmico\/\" \/>\n<meta property=\"og:site_name\" content=\"Safinel\" \/>\n<meta property=\"article:modified_time\" content=\"2023-12-28T17:15:23+00:00\" \/>\n<meta property=\"og:image\" content=\"https:\/\/www.safinel.fr\/wp-content\/uploads\/2022\/07\/miel-de-daghmous.jpg\" \/>\n\t<meta property=\"og:image:width\" content=\"600\" \/>\n\t<meta property=\"og:image:height\" content=\"600\" \/>\n\t<meta property=\"og:image:type\" content=\"image\/jpeg\" \/>\n<meta name=\"twitter:card\" content=\"summary_large_image\" \/>\n<meta name=\"twitter:label1\" content=\"Tempo di lettura stimato\" \/>\n\t<meta name=\"twitter:data1\" content=\"3 minuti\" \/>\n<script type=\"application\/ld+json\" class=\"yoast-schema-graph\">{\"@context\":\"https:\/\/schema.org\",\"@graph\":[{\"@type\":\"WebPage\",\"@id\":\"https:\/\/www.safinel.fr\/produit\/miel-de-daghmous\/\",\"url\":\"https:\/\/www.safinel.fr\/produit\/miel-de-daghmous\/\",\"name\":\"Miel de daghmous (Cactus) I Miel piquant I Bienfaits nombreux\",\"isPartOf\":{\"@id\":\"https:\/\/www.safinel.fr\/#website\"},\"primaryImageOfPage\":{\"@id\":\"https:\/\/www.safinel.fr\/produit\/miel-de-daghmous\/#primaryimage\"},\"image\":{\"@id\":\"https:\/\/www.safinel.fr\/produit\/miel-de-daghmous\/#primaryimage\"},\"thumbnailUrl\":\"https:\/\/www.safinel.fr\/wp-content\/uploads\/2022\/07\/miel-de-daghmous.jpg\",\"datePublished\":\"2022-07-28T11:07:16+00:00\",\"dateModified\":\"2023-12-28T17:15:23+00:00\",\"description\":\"Votre boutique souhaite mettre \u00e0 l\u2019honneur le\u00a0miel de Daghmous. Aussi surnomm\u00e9\u00a0miel d\u2019euphorbe ou cactus. Un miel piquant aux bienfaits nombreux.\",\"breadcrumb\":{\"@id\":\"https:\/\/www.safinel.fr\/produit\/miel-de-daghmous\/#breadcrumb\"},\"inLanguage\":\"it-IT\",\"potentialAction\":[{\"@type\":\"ReadAction\",\"target\":[\"https:\/\/www.safinel.fr\/produit\/miel-de-daghmous\/\"]}]},{\"@type\":\"ImageObject\",\"inLanguage\":\"it-IT\",\"@id\":\"https:\/\/www.safinel.fr\/produit\/miel-de-daghmous\/#primaryimage\",\"url\":\"https:\/\/www.safinel.fr\/wp-content\/uploads\/2022\/07\/miel-de-daghmous.jpg\",\"contentUrl\":\"https:\/\/www.safinel.fr\/wp-content\/uploads\/2022\/07\/miel-de-daghmous.jpg\",\"width\":600,\"height\":600,\"caption\":\"Miel de daghmous du maroc\"},{\"@type\":\"BreadcrumbList\",\"@id\":\"https:\/\/www.safinel.fr\/produit\/miel-de-daghmous\/#breadcrumb\",\"itemListElement\":[{\"@type\":\"ListItem\",\"position\":1,\"name\":\"Accueil\",\"item\":\"https:\/\/www.safinel.fr\/\"},{\"@type\":\"ListItem\",\"position\":2,\"name\":\"Boutique\",\"item\":\"https:\/\/www.safinel.fr\/boutique\/\"},{\"@type\":\"ListItem\",\"position\":3,\"name\":\"Miel de daghmous du Maroc 250g\"}]},{\"@type\":\"WebSite\",\"@id\":\"https:\/\/www.safinel.fr\/#website\",\"url\":\"https:\/\/www.safinel.fr\/\",\"name\":\"Safinel\",\"description\":\"\",\"publisher\":{\"@id\":\"https:\/\/www.safinel.fr\/#organization\"},\"potentialAction\":[{\"@type\":\"SearchAction\",\"target\":{\"@type\":\"EntryPoint\",\"urlTemplate\":\"https:\/\/www.safinel.fr\/?s={search_term_string}\"},\"query-input\":{\"@type\":\"PropertyValueSpecification\",\"valueRequired\":true,\"valueName\":\"search_term_string\"}}],\"inLanguage\":\"it-IT\"},{\"@type\":\"Organization\",\"@id\":\"https:\/\/www.safinel.fr\/#organization\",\"name\":\"Safinel\",\"url\":\"https:\/\/www.safinel.fr\/\",\"logo\":{\"@type\":\"ImageObject\",\"inLanguage\":\"it-IT\",\"@id\":\"https:\/\/www.safinel.fr\/#\/schema\/logo\/image\/\",\"url\":\"https:\/\/www.safinel.fr\/wp-content\/uploads\/2021\/05\/boutique-cosmetique.png\",\"contentUrl\":\"https:\/\/www.safinel.fr\/wp-content\/uploads\/2021\/05\/boutique-cosmetique.png\",\"width\":800,\"height\":200,\"caption\":\"Safinel\"},\"image\":{\"@id\":\"https:\/\/www.safinel.fr\/#\/schema\/logo\/image\/\"}}]}<\/script>\n<!-- \/ Yoast SEO plugin. -->","yoast_head_json":{"title":"Miele di daghimo (cactus) I Miele pungente I Numerosi benefici","description":"Il vostro negozio desidera mettere in risalto il miele di daghimo. Conosciuto anche come miele di euforbia o di cactus. Un miele pungente con numerosi benefici.","robots":{"index":"index","follow":"follow","max-snippet":"max-snippet:-1","max-image-preview":"max-image-preview:large","max-video-preview":"max-video-preview:-1"},"canonical":"https:\/\/www.safinel.fr\/it\/prodotto\/miele-dagmico\/","og_locale":"it_IT","og_type":"article","og_title":"Miel de daghmous (Cactus) I Miel piquant I Bienfaits nombreux","og_description":"Votre boutique souhaite mettre \u00e0 l\u2019honneur le\u00a0miel de Daghmous. Aussi surnomm\u00e9\u00a0miel d\u2019euphorbe ou cactus. Un miel piquant aux bienfaits nombreux.","og_url":"https:\/\/www.safinel.fr\/it\/prodotto\/miele-dagmico\/","og_site_name":"Safinel","article_modified_time":"2023-12-28T17:15:23+00:00","og_image":[{"width":600,"height":600,"url":"https:\/\/www.safinel.fr\/wp-content\/uploads\/2022\/07\/miel-de-daghmous.jpg","type":"image\/jpeg"}],"twitter_card":"summary_large_image","twitter_misc":{"Tempo di lettura stimato":"3 minuti"},"schema":{"@context":"https:\/\/schema.org","@graph":[{"@type":"WebPage","@id":"https:\/\/www.safinel.fr\/produit\/miel-de-daghmous\/","url":"https:\/\/www.safinel.fr\/produit\/miel-de-daghmous\/","name":"Miele di daghimo (cactus) I Miele pungente I Numerosi benefici","isPartOf":{"@id":"https:\/\/www.safinel.fr\/#website"},"primaryImageOfPage":{"@id":"https:\/\/www.safinel.fr\/produit\/miel-de-daghmous\/#primaryimage"},"image":{"@id":"https:\/\/www.safinel.fr\/produit\/miel-de-daghmous\/#primaryimage"},"thumbnailUrl":"https:\/\/www.safinel.fr\/wp-content\/uploads\/2022\/07\/miel-de-daghmous.jpg","datePublished":"2022-07-28T11:07:16+00:00","dateModified":"2023-12-28T17:15:23+00:00","description":"Il vostro negozio desidera mettere in risalto il miele di daghimo. Conosciuto anche come miele di euforbia o di cactus. Un miele pungente con numerosi benefici.","breadcrumb":{"@id":"https:\/\/www.safinel.fr\/produit\/miel-de-daghmous\/#breadcrumb"},"inLanguage":"it-IT","potentialAction":[{"@type":"ReadAction","target":["https:\/\/www.safinel.fr\/produit\/miel-de-daghmous\/"]}]},{"@type":"ImageObject","inLanguage":"it-IT","@id":"https:\/\/www.safinel.fr\/produit\/miel-de-daghmous\/#primaryimage","url":"https:\/\/www.safinel.fr\/wp-content\/uploads\/2022\/07\/miel-de-daghmous.jpg","contentUrl":"https:\/\/www.safinel.fr\/wp-content\/uploads\/2022\/07\/miel-de-daghmous.jpg","width":600,"height":600,"caption":"Miel de daghmous du maroc"},{"@type":"BreadcrumbList","@id":"https:\/\/www.safinel.fr\/produit\/miel-de-daghmous\/#breadcrumb","itemListElement":[{"@type":"ListItem","position":1,"name":"Accueil","item":"https:\/\/www.safinel.fr\/"},{"@type":"ListItem","position":2,"name":"Boutique","item":"https:\/\/www.safinel.fr\/boutique\/"},{"@type":"ListItem","position":3,"name":"Miel de daghmous du Maroc 250g"}]},{"@type":"WebSite","@id":"https:\/\/www.safinel.fr\/#website","url":"https:\/\/www.safinel.fr\/","name":"Safinel","description":"","publisher":{"@id":"https:\/\/www.safinel.fr\/#organization"},"potentialAction":[{"@type":"SearchAction","target":{"@type":"EntryPoint","urlTemplate":"https:\/\/www.safinel.fr\/?s={search_term_string}"},"query-input":{"@type":"PropertyValueSpecification","valueRequired":true,"valueName":"search_term_string"}}],"inLanguage":"it-IT"},{"@type":"Organization","@id":"https:\/\/www.safinel.fr\/#organization","name":"Safinel","url":"https:\/\/www.safinel.fr\/","logo":{"@type":"ImageObject","inLanguage":"it-IT","@id":"https:\/\/www.safinel.fr\/#\/schema\/logo\/image\/","url":"https:\/\/www.safinel.fr\/wp-content\/uploads\/2021\/05\/boutique-cosmetique.png","contentUrl":"https:\/\/www.safinel.fr\/wp-content\/uploads\/2021\/05\/boutique-cosmetique.png","width":800,"height":200,"caption":"Safinel"},"image":{"@id":"https:\/\/www.safinel.fr\/#\/schema\/logo\/image\/"}}]}},"_links":{"self":[{"href":"https:\/\/www.safinel.fr\/it\/wp-json\/wp\/v2\/product\/1968","targetHints":{"allow":["GET"]}}],"collection":[{"href":"https:\/\/www.safinel.fr\/it\/wp-json\/wp\/v2\/product"}],"about":[{"href":"https:\/\/www.safinel.fr\/it\/wp-json\/wp\/v2\/types\/product"}],"wp:featuredmedia":[{"embeddable":true,"href":"https:\/\/www.safinel.fr\/it\/wp-json\/wp\/v2\/media\/1945"}],"wp:attachment":[{"href":"https:\/\/www.safinel.fr\/it\/wp-json\/wp\/v2\/media?parent=1968"}],"wp:term":[{"taxonomy":"product_brand","embeddable":true,"href":"https:\/\/www.safinel.fr\/it\/wp-json\/wp\/v2\/product_brand?post=1968"},{"taxonomy":"product_cat","embeddable":true,"href":"https:\/\/www.safinel.fr\/it\/wp-json\/wp\/v2\/product_cat?post=1968"},{"taxonomy":"product_tag","embeddable":true,"href":"https:\/\/www.safinel.fr\/it\/wp-json\/wp\/v2\/product_tag?post=1968"}],"curies":[{"name":"wp","href":"https:\/\/api.w.org\/{rel}","templated":true}]}}