{"id":1967,"date":"2022-07-28T11:04:22","date_gmt":"2022-07-28T11:04:22","guid":{"rendered":"https:\/\/www.safinel.fr\/?post_type=product&#038;p=1967"},"modified":"2023-12-28T17:15:23","modified_gmt":"2023-12-28T17:15:23","slug":"miele-di-deucalipto","status":"publish","type":"product","link":"https:\/\/www.safinel.fr\/it\/prodotto\/miele-di-deucalipto\/","title":{"rendered":"Miele di eucalipto marocchino 250g"},"content":{"rendered":"<p>E se fosse finalmente giunto il momento di incontrare il\u00a0<strong>miele di eucalipto dal Marocco<\/strong>\u00a0? Molto profumato e molto gustoso, questo nettare sembra essere molto popolare in Francia!<\/p>\n<h2><strong>Perch\u00e9 il miele di eucalipto del Marocco?\u00a0<\/strong><\/h2>\n<p>Se vi state ancora chiedendo perch\u00e9 il miele di eucalipto del Marocco e non un altro, probabilmente \u00e8 perch\u00e9 non avete ancora avuto modo di farlo sciogliere sotto il vostro palato... Infatti, sebbene il miele di eucalipto si trovi generalmente nell'Europa meridionale, \u00e8 possibile trovarlo anche in Nord Africa, in particolare in Marocco!<\/p>\n<p>Questo nettare \u00e8 apprezzato soprattutto per il suo aroma, ma anche per il suo sapore unico! La maggior parte<strong>\u00a0amanti del miele<\/strong>\u00a0piace per il suo gusto duraturo, ma anche per il suo sapore di menta.<\/p>\n<h2><strong>Safinel vi fa scoprire il miele di eucalipto del Marocco\u00a0<\/strong><\/h2>\n<p>Sempre alla ricerca dei prodotti migliori, la vostra boutique Safinel punta finalmente i riflettori sul famoso miele di eucalipto! Il suo successo parla da s\u00e9, ma permetteteci di presentarvi questo nettare di fama mondiale.<\/p>\n<p>\u00c8 disponibile in un contenitore da 250 g, in modo che anche i buongustai pi\u00f9 esigenti possano gustarlo a lungo! L'aspetto cremoso e il colore marrone chiaro riflettono la qualit\u00e0 di questo prodotto.\u00a0<strong>prodotti dell'alveare<\/strong>.<\/p>\n<h2><strong>Quali sono i benefici del miele di eucalipto del Marocco?\u00a0<\/strong><\/h2>\n<p>Il miele \u00e8 noto per essere una risorsa contro le cosiddette malattie invernali! Tra queste, il mal di gola <a href=\"https:\/\/www.safinel.fr\/it\/prodotto\/miele-dagmico\/\"><strong>tosse diversa<\/strong><\/a>, o alcuni problemi respiratori come il comune raffreddore.<\/p>\n<p>Il miele di eucalipto non fa eccezione alla regola, anzi! \u00c8 ottimo per combattere i batteri, ma anche per aumentare i livelli di energia. Molto apprezzato dai migliori sportivi, potrebbe conquistare anche voi...<\/p>\n<h3><strong>Quando non c'\u00e8 pi\u00f9, \u00e8 ancora qui da Safinel!\u00a0<\/strong><\/h3>\n<p>Non \u00e8 ancora finita! Il vostro negozio Safinel desidera presentarvi le capsule di enotera! Molto utili per ritardare i segni dell'invecchiamento, possono anche aiutare a combattere i sintomi della menopausa.<\/p>","protected":false},"excerpt":{"rendered":"<p>E se fosse finalmente giunto il momento di conoscere il miele di eucalipto marocchino? Profumatissimo e molto gustoso, questo nettare sembra essere molto apprezzato in Francia! Perch\u00e9 il miele di eucalipto del Marocco?  Se vi state ancora chiedendo perch\u00e9 scegliere il miele di eucalipto del Marocco e non un altro, probabilmente \u00e8 perch\u00e9 [...]","protected":false},"featured_media":1942,"template":"","meta":[],"product_brand":[],"product_cat":[24,70],"product_tag":[],"class_list":{"0":"post-1967","1":"product","2":"type-product","3":"status-publish","4":"has-post-thumbnail","6":"product_cat-apiculture","7":"product_cat-miels-du-maroc","9":"first","10":"outofstock","11":"shipping-taxable","12":"purchasable","13":"product-type-simple"},"yoast_head":"<!-- This site is optimized with the Yoast SEO plugin v26.6 - https:\/\/yoast.com\/wordpress\/plugins\/seo\/ -->\n<title>Miel d\u2019eucalyptus du Maroc I Bienfaits nombreux I 250g<\/title>\n<meta name=\"description\" content=\"Et s\u2019il \u00e9tait enfin temps de faire la rencontre du\u00a0miel d\u2019eucalyptus du Maroc\u00a0? Tr\u00e8s parfum\u00e9 et tr\u00e8s savoureux d\u00e9couvrez-le rapidement !\" \/>\n<meta name=\"robots\" content=\"index, follow, max-snippet:-1, max-image-preview:large, max-video-preview:-1\" \/>\n<link rel=\"canonical\" href=\"https:\/\/www.safinel.fr\/it\/prodotto\/miele-di-deucalipto\/\" \/>\n<meta property=\"og:locale\" content=\"it_IT\" \/>\n<meta property=\"og:type\" content=\"article\" \/>\n<meta property=\"og:title\" content=\"Miel d\u2019eucalyptus du Maroc I Bienfaits nombreux I 250g\" \/>\n<meta property=\"og:description\" content=\"Et s\u2019il \u00e9tait enfin temps de faire la rencontre du\u00a0miel d\u2019eucalyptus du Maroc\u00a0? Tr\u00e8s parfum\u00e9 et tr\u00e8s savoureux d\u00e9couvrez-le rapidement !\" \/>\n<meta property=\"og:url\" content=\"https:\/\/www.safinel.fr\/it\/prodotto\/miele-di-deucalipto\/\" \/>\n<meta property=\"og:site_name\" content=\"Safinel\" \/>\n<meta property=\"article:modified_time\" content=\"2023-12-28T17:15:23+00:00\" \/>\n<meta property=\"og:image\" content=\"https:\/\/www.safinel.fr\/wp-content\/uploads\/2022\/07\/miel-eucalyptus.jpg\" \/>\n\t<meta property=\"og:image:width\" content=\"600\" \/>\n\t<meta property=\"og:image:height\" content=\"600\" \/>\n\t<meta property=\"og:image:type\" content=\"image\/jpeg\" \/>\n<meta name=\"twitter:card\" content=\"summary_large_image\" \/>\n<meta name=\"twitter:label1\" content=\"Tempo di lettura stimato\" \/>\n\t<meta name=\"twitter:data1\" content=\"2 minuti\" \/>\n<script type=\"application\/ld+json\" class=\"yoast-schema-graph\">{\"@context\":\"https:\/\/schema.org\",\"@graph\":[{\"@type\":\"WebPage\",\"@id\":\"https:\/\/www.safinel.fr\/produit\/miel-deucalyptus\/\",\"url\":\"https:\/\/www.safinel.fr\/produit\/miel-deucalyptus\/\",\"name\":\"Miel d\u2019eucalyptus du Maroc I Bienfaits nombreux I 250g\",\"isPartOf\":{\"@id\":\"https:\/\/www.safinel.fr\/#website\"},\"primaryImageOfPage\":{\"@id\":\"https:\/\/www.safinel.fr\/produit\/miel-deucalyptus\/#primaryimage\"},\"image\":{\"@id\":\"https:\/\/www.safinel.fr\/produit\/miel-deucalyptus\/#primaryimage\"},\"thumbnailUrl\":\"https:\/\/www.safinel.fr\/wp-content\/uploads\/2022\/07\/miel-eucalyptus.jpg\",\"datePublished\":\"2022-07-28T11:04:22+00:00\",\"dateModified\":\"2023-12-28T17:15:23+00:00\",\"description\":\"Et s\u2019il \u00e9tait enfin temps de faire la rencontre du\u00a0miel d\u2019eucalyptus du Maroc\u00a0? Tr\u00e8s parfum\u00e9 et tr\u00e8s savoureux d\u00e9couvrez-le rapidement !\",\"breadcrumb\":{\"@id\":\"https:\/\/www.safinel.fr\/produit\/miel-deucalyptus\/#breadcrumb\"},\"inLanguage\":\"it-IT\",\"potentialAction\":[{\"@type\":\"ReadAction\",\"target\":[\"https:\/\/www.safinel.fr\/produit\/miel-deucalyptus\/\"]}]},{\"@type\":\"ImageObject\",\"inLanguage\":\"it-IT\",\"@id\":\"https:\/\/www.safinel.fr\/produit\/miel-deucalyptus\/#primaryimage\",\"url\":\"https:\/\/www.safinel.fr\/wp-content\/uploads\/2022\/07\/miel-eucalyptus.jpg\",\"contentUrl\":\"https:\/\/www.safinel.fr\/wp-content\/uploads\/2022\/07\/miel-eucalyptus.jpg\",\"width\":600,\"height\":600,\"caption\":\"Miel d'eucalyptus du Maroc 250g\"},{\"@type\":\"BreadcrumbList\",\"@id\":\"https:\/\/www.safinel.fr\/produit\/miel-deucalyptus\/#breadcrumb\",\"itemListElement\":[{\"@type\":\"ListItem\",\"position\":1,\"name\":\"Accueil\",\"item\":\"https:\/\/www.safinel.fr\/\"},{\"@type\":\"ListItem\",\"position\":2,\"name\":\"Boutique\",\"item\":\"https:\/\/www.safinel.fr\/boutique\/\"},{\"@type\":\"ListItem\",\"position\":3,\"name\":\"Miel d&rsquo;eucalyptus du Maroc 250g\"}]},{\"@type\":\"WebSite\",\"@id\":\"https:\/\/www.safinel.fr\/#website\",\"url\":\"https:\/\/www.safinel.fr\/\",\"name\":\"Safinel\",\"description\":\"\",\"publisher\":{\"@id\":\"https:\/\/www.safinel.fr\/#organization\"},\"potentialAction\":[{\"@type\":\"SearchAction\",\"target\":{\"@type\":\"EntryPoint\",\"urlTemplate\":\"https:\/\/www.safinel.fr\/?s={search_term_string}\"},\"query-input\":{\"@type\":\"PropertyValueSpecification\",\"valueRequired\":true,\"valueName\":\"search_term_string\"}}],\"inLanguage\":\"it-IT\"},{\"@type\":\"Organization\",\"@id\":\"https:\/\/www.safinel.fr\/#organization\",\"name\":\"Safinel\",\"url\":\"https:\/\/www.safinel.fr\/\",\"logo\":{\"@type\":\"ImageObject\",\"inLanguage\":\"it-IT\",\"@id\":\"https:\/\/www.safinel.fr\/#\/schema\/logo\/image\/\",\"url\":\"https:\/\/www.safinel.fr\/wp-content\/uploads\/2021\/05\/boutique-cosmetique.png\",\"contentUrl\":\"https:\/\/www.safinel.fr\/wp-content\/uploads\/2021\/05\/boutique-cosmetique.png\",\"width\":800,\"height\":200,\"caption\":\"Safinel\"},\"image\":{\"@id\":\"https:\/\/www.safinel.fr\/#\/schema\/logo\/image\/\"}}]}<\/script>\n<!-- \/ Yoast SEO plugin. -->","yoast_head_json":{"title":"Miele di eucalipto dal Marocco I Molti benefici I 250g","description":"E se fosse finalmente giunto il momento di conoscere il miele di eucalipto del Marocco? \u00c8 altamente aromatico e molto gustoso, quindi scopritelo subito!","robots":{"index":"index","follow":"follow","max-snippet":"max-snippet:-1","max-image-preview":"max-image-preview:large","max-video-preview":"max-video-preview:-1"},"canonical":"https:\/\/www.safinel.fr\/it\/prodotto\/miele-di-deucalipto\/","og_locale":"it_IT","og_type":"article","og_title":"Miel d\u2019eucalyptus du Maroc I Bienfaits nombreux I 250g","og_description":"Et s\u2019il \u00e9tait enfin temps de faire la rencontre du\u00a0miel d\u2019eucalyptus du Maroc\u00a0? Tr\u00e8s parfum\u00e9 et tr\u00e8s savoureux d\u00e9couvrez-le rapidement !","og_url":"https:\/\/www.safinel.fr\/it\/prodotto\/miele-di-deucalipto\/","og_site_name":"Safinel","article_modified_time":"2023-12-28T17:15:23+00:00","og_image":[{"width":600,"height":600,"url":"https:\/\/www.safinel.fr\/wp-content\/uploads\/2022\/07\/miel-eucalyptus.jpg","type":"image\/jpeg"}],"twitter_card":"summary_large_image","twitter_misc":{"Tempo di lettura stimato":"2 minuti"},"schema":{"@context":"https:\/\/schema.org","@graph":[{"@type":"WebPage","@id":"https:\/\/www.safinel.fr\/produit\/miel-deucalyptus\/","url":"https:\/\/www.safinel.fr\/produit\/miel-deucalyptus\/","name":"Miele di eucalipto dal Marocco I Molti benefici I 250g","isPartOf":{"@id":"https:\/\/www.safinel.fr\/#website"},"primaryImageOfPage":{"@id":"https:\/\/www.safinel.fr\/produit\/miel-deucalyptus\/#primaryimage"},"image":{"@id":"https:\/\/www.safinel.fr\/produit\/miel-deucalyptus\/#primaryimage"},"thumbnailUrl":"https:\/\/www.safinel.fr\/wp-content\/uploads\/2022\/07\/miel-eucalyptus.jpg","datePublished":"2022-07-28T11:04:22+00:00","dateModified":"2023-12-28T17:15:23+00:00","description":"E se fosse finalmente giunto il momento di conoscere il miele di eucalipto del Marocco? \u00c8 altamente aromatico e molto gustoso, quindi scopritelo subito!","breadcrumb":{"@id":"https:\/\/www.safinel.fr\/produit\/miel-deucalyptus\/#breadcrumb"},"inLanguage":"it-IT","potentialAction":[{"@type":"ReadAction","target":["https:\/\/www.safinel.fr\/produit\/miel-deucalyptus\/"]}]},{"@type":"ImageObject","inLanguage":"it-IT","@id":"https:\/\/www.safinel.fr\/produit\/miel-deucalyptus\/#primaryimage","url":"https:\/\/www.safinel.fr\/wp-content\/uploads\/2022\/07\/miel-eucalyptus.jpg","contentUrl":"https:\/\/www.safinel.fr\/wp-content\/uploads\/2022\/07\/miel-eucalyptus.jpg","width":600,"height":600,"caption":"Miel d'eucalyptus du Maroc 250g"},{"@type":"BreadcrumbList","@id":"https:\/\/www.safinel.fr\/produit\/miel-deucalyptus\/#breadcrumb","itemListElement":[{"@type":"ListItem","position":1,"name":"Accueil","item":"https:\/\/www.safinel.fr\/"},{"@type":"ListItem","position":2,"name":"Boutique","item":"https:\/\/www.safinel.fr\/boutique\/"},{"@type":"ListItem","position":3,"name":"Miel d&rsquo;eucalyptus du Maroc 250g"}]},{"@type":"WebSite","@id":"https:\/\/www.safinel.fr\/#website","url":"https:\/\/www.safinel.fr\/","name":"Safinel","description":"","publisher":{"@id":"https:\/\/www.safinel.fr\/#organization"},"potentialAction":[{"@type":"SearchAction","target":{"@type":"EntryPoint","urlTemplate":"https:\/\/www.safinel.fr\/?s={search_term_string}"},"query-input":{"@type":"PropertyValueSpecification","valueRequired":true,"valueName":"search_term_string"}}],"inLanguage":"it-IT"},{"@type":"Organization","@id":"https:\/\/www.safinel.fr\/#organization","name":"Safinel","url":"https:\/\/www.safinel.fr\/","logo":{"@type":"ImageObject","inLanguage":"it-IT","@id":"https:\/\/www.safinel.fr\/#\/schema\/logo\/image\/","url":"https:\/\/www.safinel.fr\/wp-content\/uploads\/2021\/05\/boutique-cosmetique.png","contentUrl":"https:\/\/www.safinel.fr\/wp-content\/uploads\/2021\/05\/boutique-cosmetique.png","width":800,"height":200,"caption":"Safinel"},"image":{"@id":"https:\/\/www.safinel.fr\/#\/schema\/logo\/image\/"}}]}},"_links":{"self":[{"href":"https:\/\/www.safinel.fr\/it\/wp-json\/wp\/v2\/product\/1967","targetHints":{"allow":["GET"]}}],"collection":[{"href":"https:\/\/www.safinel.fr\/it\/wp-json\/wp\/v2\/product"}],"about":[{"href":"https:\/\/www.safinel.fr\/it\/wp-json\/wp\/v2\/types\/product"}],"wp:featuredmedia":[{"embeddable":true,"href":"https:\/\/www.safinel.fr\/it\/wp-json\/wp\/v2\/media\/1942"}],"wp:attachment":[{"href":"https:\/\/www.safinel.fr\/it\/wp-json\/wp\/v2\/media?parent=1967"}],"wp:term":[{"taxonomy":"product_brand","embeddable":true,"href":"https:\/\/www.safinel.fr\/it\/wp-json\/wp\/v2\/product_brand?post=1967"},{"taxonomy":"product_cat","embeddable":true,"href":"https:\/\/www.safinel.fr\/it\/wp-json\/wp\/v2\/product_cat?post=1967"},{"taxonomy":"product_tag","embeddable":true,"href":"https:\/\/www.safinel.fr\/it\/wp-json\/wp\/v2\/product_tag?post=1967"}],"curies":[{"name":"wp","href":"https:\/\/api.w.org\/{rel}","templated":true}]}}