{"id":1966,"date":"2022-07-28T11:02:04","date_gmt":"2022-07-28T11:02:04","guid":{"rendered":"https:\/\/www.safinel.fr\/?post_type=product&#038;p=1966"},"modified":"2025-05-07T20:11:46","modified_gmt":"2025-05-07T20:11:46","slug":"miele-di-giuggiolo-dal-marocco","status":"publish","type":"product","link":"https:\/\/www.safinel.fr\/it\/prodotto\/miele-di-giuggiolo-dal-marocco\/","title":{"rendered":"Miele di giuggiolo marocchino 250 g"},"content":{"rendered":"<p>Il miglior miele del mondo potrebbe essere proprio qui con noi... Se qualcuno non \u00e8 d'accordo, sta a voi dare la vostra opinione sul miglior miele del mondo.\u00a0<strong>miele di giuggiolo dal Marocco<\/strong>.<\/p>\n<h2><strong>L'origine del miele di giuggiolo marocchino\u00a0<\/strong><\/h2>\n<p>Il Marocco e i suoi numerosi paesaggi sono una delizia per le nostre piccole api alla ricerca dell'ambito nettare. Inoltre, il Marocco \u00e8 noto per l'apicoltura e abbiamo l'onore di incontrare il famoso albero del giuggiolo! Questo albero \u00e8 particolarmente apprezzato per la qualit\u00e0 dei suoi frutti.<strong>\u00a0prodotti dell'alveare<\/strong>.<\/p>\n<p>Considerato da alcuni tra i migliori mieli del mondo, il nettare di giuggiole potrebbe affascinare...<\/p>\n<h2><strong>Scoprite il miele di giuggiolo del Marocco!\u00a0<\/strong><\/h2>\n<p>La vostra boutique ci tiene particolarmente a mettere in evidenza i prodotti che vi soddisfano! Ecco perch\u00e9 vorremmo presentarvi il\u00a0<strong>miele di giuggiolo<\/strong>. Questo famoso prodotto ha una consistenza cremosa, un colore marrone e, soprattutto, un sapore molto gradevole. In un contenitore da 250 g, questo nettare sembra fatto per i buongustai. Una volta che lo si \u00e8 messo sotto il palato, ci si trova di fronte a una vera e propria delizia.\u00a0<strong>raffineria di zucchero naturale\u00a0<\/strong>che potrebbero sorprendervi!<\/p>\n<h2><strong>I numerosi benefici del miele di giuggiolo del Marocco\u00a0<\/strong><\/h2>\n<p>Se avete gi\u00e0 sentito parlare di questo miele, forse conoscete le sue numerose virt\u00f9. In caso contrario, non preoccupatevi, cercheremo di dirvi di pi\u00f9.<\/p>\n<p>In effetti, questo\u00a0<strong>nettare naturale<\/strong>\u00a0\u00e8 particolarmente apprezzato per i suoi benefici durante il cambio di stagione, soprattutto contro il mal di gola e i problemi respiratori. Ma fa bene anche al sistema immunitario e fornisce energia! Considerato un\u00a0<strong>integratore alimentare naturale<\/strong>, Il miele di giuggiolo proveniente dal Marocco \u00e8 affascinante.<\/p>\n<h3><strong>Sorpresa, sorpresa alla Safinel...\u00a0<\/strong><\/h3>\n<p>Siete pronti a conoscere alcuni dei prodotti pi\u00f9 allettanti della natura? Fate spazio a\u00a0<a href=\"https:\/\/www.safinel.fr\/it\/prodotto\/alchemilla-bio-in-gel\/\"><strong>capsule di alchemilla biologica<\/strong><\/a>, Ma sembra che queste capsule nascondano una serie di altre sorprese...<\/p>","protected":false},"excerpt":{"rendered":"<p>Il miglior miele del mondo potrebbe essere proprio tra noi... Se alcuni non sono d'accordo, sta a voi dare la vostra opinione sul miele di giuggiolo del Marocco. L'origine del miele di giuggiolo del Marocco Il Marocco e i suoi numerosi paesaggi sono un piacere per le nostre piccole api alla ricerca del famoso nettare tanto ambito. Inoltre, molto conosciuto [...]","protected":false},"featured_media":1946,"template":"","meta":[],"product_brand":[],"product_cat":[24,70],"product_tag":[],"class_list":{"0":"post-1966","1":"product","2":"type-product","3":"status-publish","4":"has-post-thumbnail","6":"product_cat-apiculture","7":"product_cat-miels-du-maroc","9":"first","10":"instock","11":"shipping-taxable","12":"purchasable","13":"product-type-simple"},"yoast_head":"<!-- This site is optimized with the Yoast SEO plugin v26.6 - https:\/\/yoast.com\/wordpress\/plugins\/seo\/ -->\n<title>Miel de jujubier du Maroc I Sidr marocain par excellence<\/title>\n<meta name=\"description\" content=\"Le meilleur miel du monde serait peut-\u00eatre parmi nous\u2026 Si certains divergent, \u00e0 vous de donner votre avis sur le\u00a0miel de jujubier du Maroc.\" \/>\n<meta name=\"robots\" content=\"index, follow, max-snippet:-1, max-image-preview:large, max-video-preview:-1\" \/>\n<link rel=\"canonical\" href=\"https:\/\/www.safinel.fr\/it\/prodotto\/miele-di-giuggiolo-dal-marocco\/\" \/>\n<meta property=\"og:locale\" content=\"it_IT\" \/>\n<meta property=\"og:type\" content=\"article\" \/>\n<meta property=\"og:title\" content=\"Miel de jujubier du Maroc I Sidr marocain par excellence\" \/>\n<meta property=\"og:description\" content=\"Le meilleur miel du monde serait peut-\u00eatre parmi nous\u2026 Si certains divergent, \u00e0 vous de donner votre avis sur le\u00a0miel de jujubier du Maroc.\" \/>\n<meta property=\"og:url\" content=\"https:\/\/www.safinel.fr\/it\/prodotto\/miele-di-giuggiolo-dal-marocco\/\" \/>\n<meta property=\"og:site_name\" content=\"Safinel\" \/>\n<meta property=\"article:modified_time\" content=\"2025-05-07T20:11:46+00:00\" \/>\n<meta property=\"og:image\" content=\"https:\/\/www.safinel.fr\/wp-content\/uploads\/2022\/07\/miel-de-jujubier-du-maroc.jpg\" \/>\n\t<meta property=\"og:image:width\" content=\"600\" \/>\n\t<meta property=\"og:image:height\" content=\"600\" \/>\n\t<meta property=\"og:image:type\" content=\"image\/jpeg\" \/>\n<meta name=\"twitter:card\" content=\"summary_large_image\" \/>\n<meta name=\"twitter:label1\" content=\"Tempo di lettura stimato\" \/>\n\t<meta name=\"twitter:data1\" content=\"2 minuti\" \/>\n<script type=\"application\/ld+json\" class=\"yoast-schema-graph\">{\"@context\":\"https:\/\/schema.org\",\"@graph\":[{\"@type\":\"WebPage\",\"@id\":\"https:\/\/www.safinel.fr\/produit\/miel-de-jujubier-du-maroc\/\",\"url\":\"https:\/\/www.safinel.fr\/produit\/miel-de-jujubier-du-maroc\/\",\"name\":\"Miel de jujubier du Maroc I Sidr marocain par excellence\",\"isPartOf\":{\"@id\":\"https:\/\/www.safinel.fr\/#website\"},\"primaryImageOfPage\":{\"@id\":\"https:\/\/www.safinel.fr\/produit\/miel-de-jujubier-du-maroc\/#primaryimage\"},\"image\":{\"@id\":\"https:\/\/www.safinel.fr\/produit\/miel-de-jujubier-du-maroc\/#primaryimage\"},\"thumbnailUrl\":\"https:\/\/www.safinel.fr\/wp-content\/uploads\/2022\/07\/miel-de-jujubier-du-maroc.jpg\",\"datePublished\":\"2022-07-28T11:02:04+00:00\",\"dateModified\":\"2025-05-07T20:11:46+00:00\",\"description\":\"Le meilleur miel du monde serait peut-\u00eatre parmi nous\u2026 Si certains divergent, \u00e0 vous de donner votre avis sur le\u00a0miel de jujubier du Maroc.\",\"breadcrumb\":{\"@id\":\"https:\/\/www.safinel.fr\/produit\/miel-de-jujubier-du-maroc\/#breadcrumb\"},\"inLanguage\":\"it-IT\",\"potentialAction\":[{\"@type\":\"ReadAction\",\"target\":[\"https:\/\/www.safinel.fr\/produit\/miel-de-jujubier-du-maroc\/\"]}]},{\"@type\":\"ImageObject\",\"inLanguage\":\"it-IT\",\"@id\":\"https:\/\/www.safinel.fr\/produit\/miel-de-jujubier-du-maroc\/#primaryimage\",\"url\":\"https:\/\/www.safinel.fr\/wp-content\/uploads\/2022\/07\/miel-de-jujubier-du-maroc.jpg\",\"contentUrl\":\"https:\/\/www.safinel.fr\/wp-content\/uploads\/2022\/07\/miel-de-jujubier-du-maroc.jpg\",\"width\":600,\"height\":600,\"caption\":\"Miel de jujubier du Maroc 250g\"},{\"@type\":\"BreadcrumbList\",\"@id\":\"https:\/\/www.safinel.fr\/produit\/miel-de-jujubier-du-maroc\/#breadcrumb\",\"itemListElement\":[{\"@type\":\"ListItem\",\"position\":1,\"name\":\"Accueil\",\"item\":\"https:\/\/www.safinel.fr\/\"},{\"@type\":\"ListItem\",\"position\":2,\"name\":\"Boutique\",\"item\":\"https:\/\/www.safinel.fr\/boutique\/\"},{\"@type\":\"ListItem\",\"position\":3,\"name\":\"Miel de jujubier du Maroc 250g\"}]},{\"@type\":\"WebSite\",\"@id\":\"https:\/\/www.safinel.fr\/#website\",\"url\":\"https:\/\/www.safinel.fr\/\",\"name\":\"Safinel\",\"description\":\"\",\"publisher\":{\"@id\":\"https:\/\/www.safinel.fr\/#organization\"},\"potentialAction\":[{\"@type\":\"SearchAction\",\"target\":{\"@type\":\"EntryPoint\",\"urlTemplate\":\"https:\/\/www.safinel.fr\/?s={search_term_string}\"},\"query-input\":{\"@type\":\"PropertyValueSpecification\",\"valueRequired\":true,\"valueName\":\"search_term_string\"}}],\"inLanguage\":\"it-IT\"},{\"@type\":\"Organization\",\"@id\":\"https:\/\/www.safinel.fr\/#organization\",\"name\":\"Safinel\",\"url\":\"https:\/\/www.safinel.fr\/\",\"logo\":{\"@type\":\"ImageObject\",\"inLanguage\":\"it-IT\",\"@id\":\"https:\/\/www.safinel.fr\/#\/schema\/logo\/image\/\",\"url\":\"https:\/\/www.safinel.fr\/wp-content\/uploads\/2021\/05\/boutique-cosmetique.png\",\"contentUrl\":\"https:\/\/www.safinel.fr\/wp-content\/uploads\/2021\/05\/boutique-cosmetique.png\",\"width\":800,\"height\":200,\"caption\":\"Safinel\"},\"image\":{\"@id\":\"https:\/\/www.safinel.fr\/#\/schema\/logo\/image\/\"}}]}<\/script>\n<!-- \/ Yoast SEO plugin. -->","yoast_head_json":{"title":"Miele di giuggiolo marocchino I Sidr marocchino per eccellenza","description":"Forse il miglior miele del mondo \u00e8 proprio qui tra noi... Se qualcuno non \u00e8 d'accordo, sta a voi dare la vostra opinione sul miele di giuggiole del Marocco.","robots":{"index":"index","follow":"follow","max-snippet":"max-snippet:-1","max-image-preview":"max-image-preview:large","max-video-preview":"max-video-preview:-1"},"canonical":"https:\/\/www.safinel.fr\/it\/prodotto\/miele-di-giuggiolo-dal-marocco\/","og_locale":"it_IT","og_type":"article","og_title":"Miel de jujubier du Maroc I Sidr marocain par excellence","og_description":"Le meilleur miel du monde serait peut-\u00eatre parmi nous\u2026 Si certains divergent, \u00e0 vous de donner votre avis sur le\u00a0miel de jujubier du Maroc.","og_url":"https:\/\/www.safinel.fr\/it\/prodotto\/miele-di-giuggiolo-dal-marocco\/","og_site_name":"Safinel","article_modified_time":"2025-05-07T20:11:46+00:00","og_image":[{"width":600,"height":600,"url":"https:\/\/www.safinel.fr\/wp-content\/uploads\/2022\/07\/miel-de-jujubier-du-maroc.jpg","type":"image\/jpeg"}],"twitter_card":"summary_large_image","twitter_misc":{"Tempo di lettura stimato":"2 minuti"},"schema":{"@context":"https:\/\/schema.org","@graph":[{"@type":"WebPage","@id":"https:\/\/www.safinel.fr\/produit\/miel-de-jujubier-du-maroc\/","url":"https:\/\/www.safinel.fr\/produit\/miel-de-jujubier-du-maroc\/","name":"Miele di giuggiolo marocchino I Sidr marocchino per eccellenza","isPartOf":{"@id":"https:\/\/www.safinel.fr\/#website"},"primaryImageOfPage":{"@id":"https:\/\/www.safinel.fr\/produit\/miel-de-jujubier-du-maroc\/#primaryimage"},"image":{"@id":"https:\/\/www.safinel.fr\/produit\/miel-de-jujubier-du-maroc\/#primaryimage"},"thumbnailUrl":"https:\/\/www.safinel.fr\/wp-content\/uploads\/2022\/07\/miel-de-jujubier-du-maroc.jpg","datePublished":"2022-07-28T11:02:04+00:00","dateModified":"2025-05-07T20:11:46+00:00","description":"Forse il miglior miele del mondo \u00e8 proprio qui tra noi... Se qualcuno non \u00e8 d'accordo, sta a voi dare la vostra opinione sul miele di giuggiole del Marocco.","breadcrumb":{"@id":"https:\/\/www.safinel.fr\/produit\/miel-de-jujubier-du-maroc\/#breadcrumb"},"inLanguage":"it-IT","potentialAction":[{"@type":"ReadAction","target":["https:\/\/www.safinel.fr\/produit\/miel-de-jujubier-du-maroc\/"]}]},{"@type":"ImageObject","inLanguage":"it-IT","@id":"https:\/\/www.safinel.fr\/produit\/miel-de-jujubier-du-maroc\/#primaryimage","url":"https:\/\/www.safinel.fr\/wp-content\/uploads\/2022\/07\/miel-de-jujubier-du-maroc.jpg","contentUrl":"https:\/\/www.safinel.fr\/wp-content\/uploads\/2022\/07\/miel-de-jujubier-du-maroc.jpg","width":600,"height":600,"caption":"Miel de jujubier du Maroc 250g"},{"@type":"BreadcrumbList","@id":"https:\/\/www.safinel.fr\/produit\/miel-de-jujubier-du-maroc\/#breadcrumb","itemListElement":[{"@type":"ListItem","position":1,"name":"Accueil","item":"https:\/\/www.safinel.fr\/"},{"@type":"ListItem","position":2,"name":"Boutique","item":"https:\/\/www.safinel.fr\/boutique\/"},{"@type":"ListItem","position":3,"name":"Miel de jujubier du Maroc 250g"}]},{"@type":"WebSite","@id":"https:\/\/www.safinel.fr\/#website","url":"https:\/\/www.safinel.fr\/","name":"Safinel","description":"","publisher":{"@id":"https:\/\/www.safinel.fr\/#organization"},"potentialAction":[{"@type":"SearchAction","target":{"@type":"EntryPoint","urlTemplate":"https:\/\/www.safinel.fr\/?s={search_term_string}"},"query-input":{"@type":"PropertyValueSpecification","valueRequired":true,"valueName":"search_term_string"}}],"inLanguage":"it-IT"},{"@type":"Organization","@id":"https:\/\/www.safinel.fr\/#organization","name":"Safinel","url":"https:\/\/www.safinel.fr\/","logo":{"@type":"ImageObject","inLanguage":"it-IT","@id":"https:\/\/www.safinel.fr\/#\/schema\/logo\/image\/","url":"https:\/\/www.safinel.fr\/wp-content\/uploads\/2021\/05\/boutique-cosmetique.png","contentUrl":"https:\/\/www.safinel.fr\/wp-content\/uploads\/2021\/05\/boutique-cosmetique.png","width":800,"height":200,"caption":"Safinel"},"image":{"@id":"https:\/\/www.safinel.fr\/#\/schema\/logo\/image\/"}}]}},"_links":{"self":[{"href":"https:\/\/www.safinel.fr\/it\/wp-json\/wp\/v2\/product\/1966","targetHints":{"allow":["GET"]}}],"collection":[{"href":"https:\/\/www.safinel.fr\/it\/wp-json\/wp\/v2\/product"}],"about":[{"href":"https:\/\/www.safinel.fr\/it\/wp-json\/wp\/v2\/types\/product"}],"wp:featuredmedia":[{"embeddable":true,"href":"https:\/\/www.safinel.fr\/it\/wp-json\/wp\/v2\/media\/1946"}],"wp:attachment":[{"href":"https:\/\/www.safinel.fr\/it\/wp-json\/wp\/v2\/media?parent=1966"}],"wp:term":[{"taxonomy":"product_brand","embeddable":true,"href":"https:\/\/www.safinel.fr\/it\/wp-json\/wp\/v2\/product_brand?post=1966"},{"taxonomy":"product_cat","embeddable":true,"href":"https:\/\/www.safinel.fr\/it\/wp-json\/wp\/v2\/product_cat?post=1966"},{"taxonomy":"product_tag","embeddable":true,"href":"https:\/\/www.safinel.fr\/it\/wp-json\/wp\/v2\/product_tag?post=1966"}],"curies":[{"name":"wp","href":"https:\/\/api.w.org\/{rel}","templated":true}]}}