{"id":1963,"date":"2022-07-28T10:56:24","date_gmt":"2022-07-28T10:56:24","guid":{"rendered":"https:\/\/www.safinel.fr\/?post_type=product&#038;p=1963"},"modified":"2023-12-28T17:15:21","modified_gmt":"2023-12-28T17:15:21","slug":"miele-di-cumino-nero","status":"publish","type":"product","link":"https:\/\/www.safinel.fr\/it\/prodotto\/miele-di-cumino-nero\/","title":{"rendered":"Miele di cumino nero 250 g"},"content":{"rendered":"<p>Volete scoprire altri prodotti dell'alveare? Allora conoscete un alimento ricco che fa bene al vostro corpo! \u00c8 il momento di farvi scoprire<strong>\u00a0miele di cumino nero<\/strong>\u00a0e i numerosi benefici che ne derivano.<\/p>\n<p>Gustose leccornie e rimedi si uniscono in un delizioso prodotto dell'alveare...<\/p>\n<h2><strong>Miele al cumino? Perch\u00e9 non scoprire qualcosa di pi\u00f9?<\/strong><\/h2>\n<p>Avete mai sentito parlare del cumino nero? In caso contrario, non preoccupatevi, la vostra boutique del benessere online vi dir\u00e0 di pi\u00f9...<\/p>\n<p>Innanzitutto, \u00e8 interessante sapere che il cumino nero \u00e8 una pianta della famiglia delle Ranunculaceae. Cumino nero, <a href=\"https:\/\/www.huiles-de-nigelle.com\/collection\/miel-de-nigelle\/\" target=\"_blank\" rel=\"noopener\"><strong>noto anche come cumino nero<\/strong><\/a>, Sebbene sia ampiamente utilizzato in campo culinario, pu\u00f2 essere impiegato anche per trattare una serie di disturbi...<\/p>\n<p>Ecco perch\u00e9 Safinel desidera presentarvi il miele di cumino nero! Il miele di cumino \u00e8 particolarmente noto per il suo sapore.<\/p>\n<h2><strong>Safinel presenta il suo famoso miele di cumino nero!\u00a0<\/strong><\/h2>\n<p>Habba sawda, o mieli neri; questo nettare \u00e8 considerato uno dei migliori.\u00a0<strong>miele monoflora<\/strong>... Ci\u00f2 significa che si tratta dell'incredibile risultato delle api che bottinano vicino al fiore del cumino nero.<\/p>\n<p>Siete pronti a conoscere questo ambitissimo nettare? La vostra boutique Safinel ve lo ha portato, per il piacere dei buongustai. Il nettare, di colore scuro, si presenta in un vasetto trasparente. Questo contenitore da 250 g \u00e8 un vero e proprio bonus per chi vuole godersi questo miele a lungo termine.<\/p>\n<p>Se questo<strong>\u00a0elisir \u00e8 100% naturale<\/strong>, \u00c8 importante sapere che \u00e8 stato sapientemente progettato da apicoltori di qualit\u00e0.<\/p>\n<h2><strong>Alcuni consigli utili per il miele di cumino nero<\/strong><\/h2>\n<p>Come la maggior parte dei mieli, il miele di cumino nero ha propriet\u00e0 per l'organismo. Viene generalmente utilizzato come\u2019<strong>alicamento<\/strong>\u00a0per aiutare l'organismo a superare i passaggi stagionali. Pu\u00f2 anche essere gustato semplicemente per il suo aroma e il suo sapore.<\/p>\n<p>Per i vostri panini mattutini o per dare un tocco naturale alle vostre bevande calde, il miele di cumino nero \u00e8 probabilmente la piccola delizia in pi\u00f9 che stavate aspettando!<\/p>\n<p>E se volete utilizzarlo come integratore alimentare, non potrebbe essere pi\u00f9 semplice! Potete scegliere di seguire un corso breve o di consumarlo quando ne avete bisogno. Lo sapevate che<strong>\u00a0Habba sawda miele<\/strong>\u00a0assunto ogni mattina a stomaco vuoto fa bene all'organismo? Questo nettare \u00e8 ottimo per la digestione e il colesterolo, quindi potrebbe piacervi!<\/p>\n<h3><strong>Potrete anche scoprire...<\/strong><\/h3>\n<p>La vostra boutique Safinel ama sorprendervi, ed \u00e8 per questo che vogliamo mettere in evidenza i prodotti che sono utili nella vostra vita quotidiana.<\/p>\n<p>Perch\u00e9 non accompagnare il vostro nuovo<strong>\u00a0miele nero<\/strong>\u00a0con un'infusione?\u00a0<strong><a href=\"https:\/\/www.safinel.fr\/it\/prodotto\/gambi-di-ciliegio\/\">Coda di ciliegio<\/a>\u00a0<\/strong>o<strong>\u00a0<a href=\"https:\/\/www.safinel.fr\/it\/prodotto\/te-alla-liquirizia\/\">T\u00e8 alla liquirizia<\/a><\/strong>\u00a0Gli infusi, ad esempio, sono un vero toccasana per alcuni disturbi quotidiani! Dai problemi urinari ai dolori articolari, questi infusi hanno molte virt\u00f9 che potrebbero giovarvi.<\/p>\n<p>Ecco perch\u00e9 Safinel vuole farveli scoprire, affinch\u00e9 anche voi possiate goderne appieno!<\/p>","protected":false},"excerpt":{"rendered":"<p>Volete scoprire altri prodotti dell'alveare? Allora provate un alimento ricco e benefico per l'organismo! \u00c8 ora di scoprire il miele di nigella e i suoi numerosi benefici. Golosit\u00e0 e propriet\u00e0 curative si fondono in un gustoso prodotto dell'alveare... Miele di nigella? [\u2026]","protected":false},"featured_media":1964,"template":"","meta":[],"product_brand":[],"product_cat":[24],"product_tag":[],"class_list":{"0":"post-1963","1":"product","2":"type-product","3":"status-publish","4":"has-post-thumbnail","6":"product_cat-apiculture","8":"first","9":"outofstock","10":"shipping-taxable","11":"purchasable","12":"product-type-simple"},"yoast_head":"<!-- This site is optimized with the Yoast SEO plugin v26.6 - https:\/\/yoast.com\/wordpress\/plugins\/seo\/ -->\n<title>Miel de nigelle I Miel noir habba sawda I Bienfaits nombreux<\/title>\n<meta name=\"description\" content=\"Il est temps de vous laisser d\u00e9couvrir le\u00a0miel de nigelle\u00a0et les nombreux bienfaits qui en d\u00e9coulent.\u00a0Adoptez-le en quelques clics !\" \/>\n<meta name=\"robots\" content=\"index, follow, max-snippet:-1, max-image-preview:large, max-video-preview:-1\" \/>\n<link rel=\"canonical\" href=\"https:\/\/www.safinel.fr\/it\/prodotto\/miele-di-cumino-nero\/\" \/>\n<meta property=\"og:locale\" content=\"it_IT\" \/>\n<meta property=\"og:type\" content=\"article\" \/>\n<meta property=\"og:title\" content=\"Miel de nigelle I Miel noir habba sawda I Bienfaits nombreux\" \/>\n<meta property=\"og:description\" content=\"Il est temps de vous laisser d\u00e9couvrir le\u00a0miel de nigelle\u00a0et les nombreux bienfaits qui en d\u00e9coulent.\u00a0Adoptez-le en quelques clics !\" \/>\n<meta property=\"og:url\" content=\"https:\/\/www.safinel.fr\/it\/prodotto\/miele-di-cumino-nero\/\" \/>\n<meta property=\"og:site_name\" content=\"Safinel\" \/>\n<meta property=\"article:modified_time\" content=\"2023-12-28T17:15:21+00:00\" \/>\n<meta property=\"og:image\" content=\"https:\/\/www.safinel.fr\/wp-content\/uploads\/2022\/07\/miel-de-nigelle-1.jpg\" \/>\n\t<meta property=\"og:image:width\" content=\"600\" \/>\n\t<meta property=\"og:image:height\" content=\"600\" \/>\n\t<meta property=\"og:image:type\" content=\"image\/jpeg\" \/>\n<meta name=\"twitter:card\" content=\"summary_large_image\" \/>\n<meta name=\"twitter:label1\" content=\"Tempo di lettura stimato\" \/>\n\t<meta name=\"twitter:data1\" content=\"3 minuti\" \/>\n<script type=\"application\/ld+json\" class=\"yoast-schema-graph\">{\"@context\":\"https:\/\/schema.org\",\"@graph\":[{\"@type\":\"WebPage\",\"@id\":\"https:\/\/www.safinel.fr\/produit\/miel-de-nigelle\/\",\"url\":\"https:\/\/www.safinel.fr\/produit\/miel-de-nigelle\/\",\"name\":\"Miel de nigelle I Miel noir habba sawda I Bienfaits nombreux\",\"isPartOf\":{\"@id\":\"https:\/\/www.safinel.fr\/#website\"},\"primaryImageOfPage\":{\"@id\":\"https:\/\/www.safinel.fr\/produit\/miel-de-nigelle\/#primaryimage\"},\"image\":{\"@id\":\"https:\/\/www.safinel.fr\/produit\/miel-de-nigelle\/#primaryimage\"},\"thumbnailUrl\":\"https:\/\/www.safinel.fr\/wp-content\/uploads\/2022\/07\/miel-de-nigelle-1.jpg\",\"datePublished\":\"2022-07-28T10:56:24+00:00\",\"dateModified\":\"2023-12-28T17:15:21+00:00\",\"description\":\"Il est temps de vous laisser d\u00e9couvrir le\u00a0miel de nigelle\u00a0et les nombreux bienfaits qui en d\u00e9coulent.\u00a0Adoptez-le en quelques clics !\",\"breadcrumb\":{\"@id\":\"https:\/\/www.safinel.fr\/produit\/miel-de-nigelle\/#breadcrumb\"},\"inLanguage\":\"it-IT\",\"potentialAction\":[{\"@type\":\"ReadAction\",\"target\":[\"https:\/\/www.safinel.fr\/produit\/miel-de-nigelle\/\"]}]},{\"@type\":\"ImageObject\",\"inLanguage\":\"it-IT\",\"@id\":\"https:\/\/www.safinel.fr\/produit\/miel-de-nigelle\/#primaryimage\",\"url\":\"https:\/\/www.safinel.fr\/wp-content\/uploads\/2022\/07\/miel-de-nigelle-1.jpg\",\"contentUrl\":\"https:\/\/www.safinel.fr\/wp-content\/uploads\/2022\/07\/miel-de-nigelle-1.jpg\",\"width\":600,\"height\":600,\"caption\":\"Miel de nigelle 250g\"},{\"@type\":\"BreadcrumbList\",\"@id\":\"https:\/\/www.safinel.fr\/produit\/miel-de-nigelle\/#breadcrumb\",\"itemListElement\":[{\"@type\":\"ListItem\",\"position\":1,\"name\":\"Accueil\",\"item\":\"https:\/\/www.safinel.fr\/\"},{\"@type\":\"ListItem\",\"position\":2,\"name\":\"Boutique\",\"item\":\"https:\/\/www.safinel.fr\/boutique\/\"},{\"@type\":\"ListItem\",\"position\":3,\"name\":\"Miel de nigelle 250g\"}]},{\"@type\":\"WebSite\",\"@id\":\"https:\/\/www.safinel.fr\/#website\",\"url\":\"https:\/\/www.safinel.fr\/\",\"name\":\"Safinel\",\"description\":\"\",\"publisher\":{\"@id\":\"https:\/\/www.safinel.fr\/#organization\"},\"potentialAction\":[{\"@type\":\"SearchAction\",\"target\":{\"@type\":\"EntryPoint\",\"urlTemplate\":\"https:\/\/www.safinel.fr\/?s={search_term_string}\"},\"query-input\":{\"@type\":\"PropertyValueSpecification\",\"valueRequired\":true,\"valueName\":\"search_term_string\"}}],\"inLanguage\":\"it-IT\"},{\"@type\":\"Organization\",\"@id\":\"https:\/\/www.safinel.fr\/#organization\",\"name\":\"Safinel\",\"url\":\"https:\/\/www.safinel.fr\/\",\"logo\":{\"@type\":\"ImageObject\",\"inLanguage\":\"it-IT\",\"@id\":\"https:\/\/www.safinel.fr\/#\/schema\/logo\/image\/\",\"url\":\"https:\/\/www.safinel.fr\/wp-content\/uploads\/2021\/05\/boutique-cosmetique.png\",\"contentUrl\":\"https:\/\/www.safinel.fr\/wp-content\/uploads\/2021\/05\/boutique-cosmetique.png\",\"width\":800,\"height\":200,\"caption\":\"Safinel\"},\"image\":{\"@id\":\"https:\/\/www.safinel.fr\/#\/schema\/logo\/image\/\"}}]}<\/script>\n<!-- \/ Yoast SEO plugin. -->","yoast_head_json":{"title":"Miele di cumino nero I Miele di habba sawda nero I Numerosi benefici","description":"\u00c8 arrivato il momento di farvi scoprire il miele di cumino nero e i suoi numerosi benefici. Adottatelo in pochi clic!","robots":{"index":"index","follow":"follow","max-snippet":"max-snippet:-1","max-image-preview":"max-image-preview:large","max-video-preview":"max-video-preview:-1"},"canonical":"https:\/\/www.safinel.fr\/it\/prodotto\/miele-di-cumino-nero\/","og_locale":"it_IT","og_type":"article","og_title":"Miel de nigelle I Miel noir habba sawda I Bienfaits nombreux","og_description":"Il est temps de vous laisser d\u00e9couvrir le\u00a0miel de nigelle\u00a0et les nombreux bienfaits qui en d\u00e9coulent.\u00a0Adoptez-le en quelques clics !","og_url":"https:\/\/www.safinel.fr\/it\/prodotto\/miele-di-cumino-nero\/","og_site_name":"Safinel","article_modified_time":"2023-12-28T17:15:21+00:00","og_image":[{"width":600,"height":600,"url":"https:\/\/www.safinel.fr\/wp-content\/uploads\/2022\/07\/miel-de-nigelle-1.jpg","type":"image\/jpeg"}],"twitter_card":"summary_large_image","twitter_misc":{"Tempo di lettura stimato":"3 minuti"},"schema":{"@context":"https:\/\/schema.org","@graph":[{"@type":"WebPage","@id":"https:\/\/www.safinel.fr\/produit\/miel-de-nigelle\/","url":"https:\/\/www.safinel.fr\/produit\/miel-de-nigelle\/","name":"Miele di cumino nero I Miele di habba sawda nero I Numerosi benefici","isPartOf":{"@id":"https:\/\/www.safinel.fr\/#website"},"primaryImageOfPage":{"@id":"https:\/\/www.safinel.fr\/produit\/miel-de-nigelle\/#primaryimage"},"image":{"@id":"https:\/\/www.safinel.fr\/produit\/miel-de-nigelle\/#primaryimage"},"thumbnailUrl":"https:\/\/www.safinel.fr\/wp-content\/uploads\/2022\/07\/miel-de-nigelle-1.jpg","datePublished":"2022-07-28T10:56:24+00:00","dateModified":"2023-12-28T17:15:21+00:00","description":"\u00c8 arrivato il momento di farvi scoprire il miele di cumino nero e i suoi numerosi benefici. Adottatelo in pochi clic!","breadcrumb":{"@id":"https:\/\/www.safinel.fr\/produit\/miel-de-nigelle\/#breadcrumb"},"inLanguage":"it-IT","potentialAction":[{"@type":"ReadAction","target":["https:\/\/www.safinel.fr\/produit\/miel-de-nigelle\/"]}]},{"@type":"ImageObject","inLanguage":"it-IT","@id":"https:\/\/www.safinel.fr\/produit\/miel-de-nigelle\/#primaryimage","url":"https:\/\/www.safinel.fr\/wp-content\/uploads\/2022\/07\/miel-de-nigelle-1.jpg","contentUrl":"https:\/\/www.safinel.fr\/wp-content\/uploads\/2022\/07\/miel-de-nigelle-1.jpg","width":600,"height":600,"caption":"Miel de nigelle 250g"},{"@type":"BreadcrumbList","@id":"https:\/\/www.safinel.fr\/produit\/miel-de-nigelle\/#breadcrumb","itemListElement":[{"@type":"ListItem","position":1,"name":"Accueil","item":"https:\/\/www.safinel.fr\/"},{"@type":"ListItem","position":2,"name":"Boutique","item":"https:\/\/www.safinel.fr\/boutique\/"},{"@type":"ListItem","position":3,"name":"Miel de nigelle 250g"}]},{"@type":"WebSite","@id":"https:\/\/www.safinel.fr\/#website","url":"https:\/\/www.safinel.fr\/","name":"Safinel","description":"","publisher":{"@id":"https:\/\/www.safinel.fr\/#organization"},"potentialAction":[{"@type":"SearchAction","target":{"@type":"EntryPoint","urlTemplate":"https:\/\/www.safinel.fr\/?s={search_term_string}"},"query-input":{"@type":"PropertyValueSpecification","valueRequired":true,"valueName":"search_term_string"}}],"inLanguage":"it-IT"},{"@type":"Organization","@id":"https:\/\/www.safinel.fr\/#organization","name":"Safinel","url":"https:\/\/www.safinel.fr\/","logo":{"@type":"ImageObject","inLanguage":"it-IT","@id":"https:\/\/www.safinel.fr\/#\/schema\/logo\/image\/","url":"https:\/\/www.safinel.fr\/wp-content\/uploads\/2021\/05\/boutique-cosmetique.png","contentUrl":"https:\/\/www.safinel.fr\/wp-content\/uploads\/2021\/05\/boutique-cosmetique.png","width":800,"height":200,"caption":"Safinel"},"image":{"@id":"https:\/\/www.safinel.fr\/#\/schema\/logo\/image\/"}}]}},"_links":{"self":[{"href":"https:\/\/www.safinel.fr\/it\/wp-json\/wp\/v2\/product\/1963","targetHints":{"allow":["GET"]}}],"collection":[{"href":"https:\/\/www.safinel.fr\/it\/wp-json\/wp\/v2\/product"}],"about":[{"href":"https:\/\/www.safinel.fr\/it\/wp-json\/wp\/v2\/types\/product"}],"wp:featuredmedia":[{"embeddable":true,"href":"https:\/\/www.safinel.fr\/it\/wp-json\/wp\/v2\/media\/1964"}],"wp:attachment":[{"href":"https:\/\/www.safinel.fr\/it\/wp-json\/wp\/v2\/media?parent=1963"}],"wp:term":[{"taxonomy":"product_brand","embeddable":true,"href":"https:\/\/www.safinel.fr\/it\/wp-json\/wp\/v2\/product_brand?post=1963"},{"taxonomy":"product_cat","embeddable":true,"href":"https:\/\/www.safinel.fr\/it\/wp-json\/wp\/v2\/product_cat?post=1963"},{"taxonomy":"product_tag","embeddable":true,"href":"https:\/\/www.safinel.fr\/it\/wp-json\/wp\/v2\/product_tag?post=1963"}],"curies":[{"name":"wp","href":"https:\/\/api.w.org\/{rel}","templated":true}]}}