{"id":1959,"date":"2022-07-28T10:47:15","date_gmt":"2022-07-28T10:47:15","guid":{"rendered":"https:\/\/www.safinel.fr\/?post_type=product&#038;p=1959"},"modified":"2024-03-04T17:11:19","modified_gmt":"2024-03-04T17:11:19","slug":"libidomiel","status":"publish","type":"product","link":"https:\/\/www.safinel.fr\/it\/prodotto\/libidomiel\/","title":{"rendered":"Libidomiel 250g"},"content":{"rendered":"<p>La stanchezza, lo stress e l'ansia possono essere i fattori principali di un calo della libido! Ecco perch\u00e9 la vostra boutique del benessere online vuole sottolineare i benefici di<strong>\u00a0libidomiel\u00a0<\/strong>!<\/p>\n<h2><strong>Che cos'\u00e8 la libidine?\u00a0<\/strong><\/h2>\n<p>Siete curiosi di saperne di pi\u00f9 su questo nettare... \u00c8 soprannominato libidomiel per i suoi benefici sull'intimit\u00e0. Molto apprezzato per il suo gusto e il suo aroma, \u00e8 anche una vera e propria ricchezza come\u00a0<strong>stimolante sessuale<\/strong>.<\/p>\n<p>Sia per gli uomini che per le donne questo<strong>\u00a0prodotti dell'alveare<\/strong>\u00a0per alcuni, un vero e proprio tesoro.<\/p>\n<h2><strong>Incontrare il libidomio a Safinel\u00a0<\/strong><\/h2>\n<p>La vostra boutique del benessere \u00e8 sempre lieta di presentarvi prodotti di qualit\u00e0! Ecco perch\u00e9 il famoso libidomiel ha conquistato il centro della scena! La sua composizione naturale comprende<strong>\u00a0<a href=\"https:\/\/www.safinel.fr\/it\/prodotto\/miele-di-giuggiolo-dal-marocco\/\">miele di giuggiolo dal Marocco<\/a><\/strong>, Con l'aggiunta di pueraria mirifica, shatavari, maca e kacip fatima, sembra essere un vantaggio per migliorare l'intimit\u00e0.<\/p>\n<p>Disponibile in un vasetto da 250 g, \u00e8 l'ideale per chi vuole godersi questo nettare a lungo termine. Cremoso e molto gustoso, questo miele potrebbe fare al caso vostro!<\/p>\n<h2><strong>Le molte qualit\u00e0 di libidomiel\u00a0<\/strong><\/h2>\n<p>Se la sua composizione naturale \u00e8 un vantaggio significativo in termini di qualit\u00e0, immaginate le numerose virt\u00f9 che se ne possono trarre...<\/p>\n<p>Come la maggior parte dei mieli, \u00e8 una risorsa nella lotta contro alcune malattie, in particolare quelle che si verificano tra le stagioni. Come la tosse e il raffreddore, ad esempio.<\/p>\n<p>Libidomiel \u00e8 anche un'opportunit\u00e0 per coloro che vogliono\u00a0<strong>rendere pi\u00f9 piccante la loro sessualit\u00e0\u00a0<\/strong>! Con questo nettare, avete la possibilit\u00e0 di alzare il livello di calore e, cos\u00ec facendo, di\u2019<strong>aumentare la libido<\/strong>.<\/p>\n<h3><strong>Potete anche incontrare...\u00a0<\/strong><\/h3>\n<p>Safinel \u00e8 sempre in tempo per aiutarvi a scoprire nuovi prodotti naturali! Avete mai sentito parlare di\u2019<a href=\"https:\/\/www.safinel.fr\/it\/prodotto\/olio-di-kigelia-africana\/\"><strong>olio di kigelia africana<\/strong><\/a>\u00a0? Se non l'avete ancora fatto, non preoccupatevi, potete ancora scoprirlo in negozio!<\/p>","protected":false},"excerpt":{"rendered":"<p><strong>Composizione:<\/strong><\/p>\n<ul>\n<li>Miele di giuggiolo marocchino<\/li>\n<li><a href=\"https:\/\/www.safinel.fr\/it\/prodotto\/pueraria-mirifica\/\"><strong>Pueraria mirifica<\/strong><\/a><\/li>\n<li>Shatavari<\/li>\n<li>Maca<\/li>\n<li>Kacip Fatima<\/li>\n<\/ul>\n<p><strong>\u26a0\ufe0f Mescolare bene prima dell'uso \u26a0\ufe0f<\/strong><\/p>","protected":false},"featured_media":1949,"template":"","meta":[],"product_brand":[],"product_cat":[24,72],"product_tag":[],"class_list":{"0":"post-1959","1":"product","2":"type-product","3":"status-publish","4":"has-post-thumbnail","6":"product_cat-apiculture","7":"product_cat-miel-aphrodisiaque","9":"first","10":"outofstock","11":"shipping-taxable","12":"purchasable","13":"product-type-simple"},"yoast_head":"<!-- This site is optimized with the Yoast SEO plugin v26.6 - https:\/\/yoast.com\/wordpress\/plugins\/seo\/ -->\n<title>Libidomiel I Le produit de la ruche qui booste votre libido<\/title>\n<meta name=\"description\" content=\"La fatigue, le stress, et l\u2019anxi\u00e9t\u00e9 peuvent \u00eatre des facteurs majeurs \u00e0 la baisse de libido ! C\u2019est pour cela que nous vous proposons le\u00a0libidomiel\u00a0!\u00a0\" \/>\n<meta name=\"robots\" content=\"index, follow, max-snippet:-1, max-image-preview:large, max-video-preview:-1\" \/>\n<link rel=\"canonical\" href=\"https:\/\/www.safinel.fr\/it\/prodotto\/libidomiel\/\" \/>\n<meta property=\"og:locale\" content=\"it_IT\" \/>\n<meta property=\"og:type\" content=\"article\" \/>\n<meta property=\"og:title\" content=\"Libidomiel I Le produit de la ruche qui booste votre libido\" \/>\n<meta property=\"og:description\" content=\"La fatigue, le stress, et l\u2019anxi\u00e9t\u00e9 peuvent \u00eatre des facteurs majeurs \u00e0 la baisse de libido ! C\u2019est pour cela que nous vous proposons le\u00a0libidomiel\u00a0!\u00a0\" \/>\n<meta property=\"og:url\" content=\"https:\/\/www.safinel.fr\/it\/prodotto\/libidomiel\/\" \/>\n<meta property=\"og:site_name\" content=\"Safinel\" \/>\n<meta property=\"article:modified_time\" content=\"2024-03-04T17:11:19+00:00\" \/>\n<meta property=\"og:image\" content=\"https:\/\/www.safinel.fr\/wp-content\/uploads\/2022\/07\/libidomiel.jpg\" \/>\n\t<meta property=\"og:image:width\" content=\"600\" \/>\n\t<meta property=\"og:image:height\" content=\"600\" \/>\n\t<meta property=\"og:image:type\" content=\"image\/jpeg\" \/>\n<meta name=\"twitter:card\" content=\"summary_large_image\" \/>\n<meta name=\"twitter:label1\" content=\"Tempo di lettura stimato\" \/>\n\t<meta name=\"twitter:data1\" content=\"2 minuti\" \/>\n<script type=\"application\/ld+json\" class=\"yoast-schema-graph\">{\"@context\":\"https:\/\/schema.org\",\"@graph\":[{\"@type\":\"WebPage\",\"@id\":\"https:\/\/www.safinel.fr\/produit\/libidomiel\/\",\"url\":\"https:\/\/www.safinel.fr\/produit\/libidomiel\/\",\"name\":\"Libidomiel I Le produit de la ruche qui booste votre libido\",\"isPartOf\":{\"@id\":\"https:\/\/www.safinel.fr\/#website\"},\"primaryImageOfPage\":{\"@id\":\"https:\/\/www.safinel.fr\/produit\/libidomiel\/#primaryimage\"},\"image\":{\"@id\":\"https:\/\/www.safinel.fr\/produit\/libidomiel\/#primaryimage\"},\"thumbnailUrl\":\"https:\/\/www.safinel.fr\/wp-content\/uploads\/2022\/07\/libidomiel.jpg\",\"datePublished\":\"2022-07-28T10:47:15+00:00\",\"dateModified\":\"2024-03-04T17:11:19+00:00\",\"description\":\"La fatigue, le stress, et l\u2019anxi\u00e9t\u00e9 peuvent \u00eatre des facteurs majeurs \u00e0 la baisse de libido ! C\u2019est pour cela que nous vous proposons le\u00a0libidomiel\u00a0!\u00a0\",\"breadcrumb\":{\"@id\":\"https:\/\/www.safinel.fr\/produit\/libidomiel\/#breadcrumb\"},\"inLanguage\":\"it-IT\",\"potentialAction\":[{\"@type\":\"ReadAction\",\"target\":[\"https:\/\/www.safinel.fr\/produit\/libidomiel\/\"]}]},{\"@type\":\"ImageObject\",\"inLanguage\":\"it-IT\",\"@id\":\"https:\/\/www.safinel.fr\/produit\/libidomiel\/#primaryimage\",\"url\":\"https:\/\/www.safinel.fr\/wp-content\/uploads\/2022\/07\/libidomiel.jpg\",\"contentUrl\":\"https:\/\/www.safinel.fr\/wp-content\/uploads\/2022\/07\/libidomiel.jpg\",\"width\":600,\"height\":600,\"caption\":\"Libidomiel 250g\"},{\"@type\":\"BreadcrumbList\",\"@id\":\"https:\/\/www.safinel.fr\/produit\/libidomiel\/#breadcrumb\",\"itemListElement\":[{\"@type\":\"ListItem\",\"position\":1,\"name\":\"Accueil\",\"item\":\"https:\/\/www.safinel.fr\/\"},{\"@type\":\"ListItem\",\"position\":2,\"name\":\"Boutique\",\"item\":\"https:\/\/www.safinel.fr\/boutique\/\"},{\"@type\":\"ListItem\",\"position\":3,\"name\":\"Libidomiel 250g\"}]},{\"@type\":\"WebSite\",\"@id\":\"https:\/\/www.safinel.fr\/#website\",\"url\":\"https:\/\/www.safinel.fr\/\",\"name\":\"Safinel\",\"description\":\"\",\"publisher\":{\"@id\":\"https:\/\/www.safinel.fr\/#organization\"},\"potentialAction\":[{\"@type\":\"SearchAction\",\"target\":{\"@type\":\"EntryPoint\",\"urlTemplate\":\"https:\/\/www.safinel.fr\/?s={search_term_string}\"},\"query-input\":{\"@type\":\"PropertyValueSpecification\",\"valueRequired\":true,\"valueName\":\"search_term_string\"}}],\"inLanguage\":\"it-IT\"},{\"@type\":\"Organization\",\"@id\":\"https:\/\/www.safinel.fr\/#organization\",\"name\":\"Safinel\",\"url\":\"https:\/\/www.safinel.fr\/\",\"logo\":{\"@type\":\"ImageObject\",\"inLanguage\":\"it-IT\",\"@id\":\"https:\/\/www.safinel.fr\/#\/schema\/logo\/image\/\",\"url\":\"https:\/\/www.safinel.fr\/wp-content\/uploads\/2021\/05\/boutique-cosmetique.png\",\"contentUrl\":\"https:\/\/www.safinel.fr\/wp-content\/uploads\/2021\/05\/boutique-cosmetique.png\",\"width\":800,\"height\":200,\"caption\":\"Safinel\"},\"image\":{\"@id\":\"https:\/\/www.safinel.fr\/#\/schema\/logo\/image\/\"}}]}<\/script>\n<!-- \/ Yoast SEO plugin. -->","yoast_head_json":{"title":"Libidomiel I Il prodotto dell'alveare che aumenta la libido","description":"La stanchezza, lo stress e l'ansia possono essere i fattori principali di un calo della libido! Ecco perch\u00e9 vi proponiamo libidomiel!\u00a0","robots":{"index":"index","follow":"follow","max-snippet":"max-snippet:-1","max-image-preview":"max-image-preview:large","max-video-preview":"max-video-preview:-1"},"canonical":"https:\/\/www.safinel.fr\/it\/prodotto\/libidomiel\/","og_locale":"it_IT","og_type":"article","og_title":"Libidomiel I Le produit de la ruche qui booste votre libido","og_description":"La fatigue, le stress, et l\u2019anxi\u00e9t\u00e9 peuvent \u00eatre des facteurs majeurs \u00e0 la baisse de libido ! C\u2019est pour cela que nous vous proposons le\u00a0libidomiel\u00a0!\u00a0","og_url":"https:\/\/www.safinel.fr\/it\/prodotto\/libidomiel\/","og_site_name":"Safinel","article_modified_time":"2024-03-04T17:11:19+00:00","og_image":[{"width":600,"height":600,"url":"https:\/\/www.safinel.fr\/wp-content\/uploads\/2022\/07\/libidomiel.jpg","type":"image\/jpeg"}],"twitter_card":"summary_large_image","twitter_misc":{"Tempo di lettura stimato":"2 minuti"},"schema":{"@context":"https:\/\/schema.org","@graph":[{"@type":"WebPage","@id":"https:\/\/www.safinel.fr\/produit\/libidomiel\/","url":"https:\/\/www.safinel.fr\/produit\/libidomiel\/","name":"Libidomiel I Il prodotto dell'alveare che aumenta la libido","isPartOf":{"@id":"https:\/\/www.safinel.fr\/#website"},"primaryImageOfPage":{"@id":"https:\/\/www.safinel.fr\/produit\/libidomiel\/#primaryimage"},"image":{"@id":"https:\/\/www.safinel.fr\/produit\/libidomiel\/#primaryimage"},"thumbnailUrl":"https:\/\/www.safinel.fr\/wp-content\/uploads\/2022\/07\/libidomiel.jpg","datePublished":"2022-07-28T10:47:15+00:00","dateModified":"2024-03-04T17:11:19+00:00","description":"La stanchezza, lo stress e l'ansia possono essere i fattori principali di un calo della libido! Ecco perch\u00e9 vi proponiamo libidomiel!\u00a0","breadcrumb":{"@id":"https:\/\/www.safinel.fr\/produit\/libidomiel\/#breadcrumb"},"inLanguage":"it-IT","potentialAction":[{"@type":"ReadAction","target":["https:\/\/www.safinel.fr\/produit\/libidomiel\/"]}]},{"@type":"ImageObject","inLanguage":"it-IT","@id":"https:\/\/www.safinel.fr\/produit\/libidomiel\/#primaryimage","url":"https:\/\/www.safinel.fr\/wp-content\/uploads\/2022\/07\/libidomiel.jpg","contentUrl":"https:\/\/www.safinel.fr\/wp-content\/uploads\/2022\/07\/libidomiel.jpg","width":600,"height":600,"caption":"Libidomiel 250g"},{"@type":"BreadcrumbList","@id":"https:\/\/www.safinel.fr\/produit\/libidomiel\/#breadcrumb","itemListElement":[{"@type":"ListItem","position":1,"name":"Accueil","item":"https:\/\/www.safinel.fr\/"},{"@type":"ListItem","position":2,"name":"Boutique","item":"https:\/\/www.safinel.fr\/boutique\/"},{"@type":"ListItem","position":3,"name":"Libidomiel 250g"}]},{"@type":"WebSite","@id":"https:\/\/www.safinel.fr\/#website","url":"https:\/\/www.safinel.fr\/","name":"Safinel","description":"","publisher":{"@id":"https:\/\/www.safinel.fr\/#organization"},"potentialAction":[{"@type":"SearchAction","target":{"@type":"EntryPoint","urlTemplate":"https:\/\/www.safinel.fr\/?s={search_term_string}"},"query-input":{"@type":"PropertyValueSpecification","valueRequired":true,"valueName":"search_term_string"}}],"inLanguage":"it-IT"},{"@type":"Organization","@id":"https:\/\/www.safinel.fr\/#organization","name":"Safinel","url":"https:\/\/www.safinel.fr\/","logo":{"@type":"ImageObject","inLanguage":"it-IT","@id":"https:\/\/www.safinel.fr\/#\/schema\/logo\/image\/","url":"https:\/\/www.safinel.fr\/wp-content\/uploads\/2021\/05\/boutique-cosmetique.png","contentUrl":"https:\/\/www.safinel.fr\/wp-content\/uploads\/2021\/05\/boutique-cosmetique.png","width":800,"height":200,"caption":"Safinel"},"image":{"@id":"https:\/\/www.safinel.fr\/#\/schema\/logo\/image\/"}}]}},"_links":{"self":[{"href":"https:\/\/www.safinel.fr\/it\/wp-json\/wp\/v2\/product\/1959","targetHints":{"allow":["GET"]}}],"collection":[{"href":"https:\/\/www.safinel.fr\/it\/wp-json\/wp\/v2\/product"}],"about":[{"href":"https:\/\/www.safinel.fr\/it\/wp-json\/wp\/v2\/types\/product"}],"wp:featuredmedia":[{"embeddable":true,"href":"https:\/\/www.safinel.fr\/it\/wp-json\/wp\/v2\/media\/1949"}],"wp:attachment":[{"href":"https:\/\/www.safinel.fr\/it\/wp-json\/wp\/v2\/media?parent=1959"}],"wp:term":[{"taxonomy":"product_brand","embeddable":true,"href":"https:\/\/www.safinel.fr\/it\/wp-json\/wp\/v2\/product_brand?post=1959"},{"taxonomy":"product_cat","embeddable":true,"href":"https:\/\/www.safinel.fr\/it\/wp-json\/wp\/v2\/product_cat?post=1959"},{"taxonomy":"product_tag","embeddable":true,"href":"https:\/\/www.safinel.fr\/it\/wp-json\/wp\/v2\/product_tag?post=1959"}],"curies":[{"name":"wp","href":"https:\/\/api.w.org\/{rel}","templated":true}]}}