{"id":1958,"date":"2022-07-28T10:46:00","date_gmt":"2022-07-28T10:46:00","guid":{"rendered":"https:\/\/www.safinel.fr\/?post_type=product&#038;p=1958"},"modified":"2024-07-04T14:07:05","modified_gmt":"2024-07-04T14:07:05","slug":"fertimiel","status":"publish","type":"product","link":"https:\/\/www.safinel.fr\/it\/prodotto\/fertimiel\/","title":{"rendered":"Fertimiel 250g"},"content":{"rendered":"<p>La fertilit\u00e0 \u00e8 un argomento delicato per alcune persone... Ecco perch\u00e9 la vostra boutique Safinel desidera mettere in evidenza i seguenti prodotti\u00a0<strong>Fertimiel<\/strong>\u00a0! Conosciuto per la sua efficacia, \u00e8 ancora molto, molto gustoso... Lasciamo perdere e scopritelo voi stessi!<\/p>\n<h2><strong>Fertimiel: un nettare sorprendente!\u00a0<\/strong><\/h2>\n<p>Il miele \u00e8 generalmente molto apprezzato per le sue numerose virt\u00f9, ma anche per il suo sapore e aroma molto gradevole. Vi presentiamo Fertimiel e la sua composizione studiata ad arte! Il famoso\u00a0<strong>miele di giuggiolo<\/strong>\u00a0! La pueraria mirifica \u00e8 rinomata per il suo aspetto e il suo sapore gradevole. Contiene anche pueraria mirifica e shatavari,\u00a0<a href=\"https:\/\/www.pollendepalmier.fr\/\" target=\"_blank\" rel=\"noopener\"><strong>polline di palma<\/strong><\/a>, kacip fatima e falso unicorno.<\/p>\n<p>Come si pu\u00f2 vedere, questo\u00a0<strong>alicamento<\/strong>\u00a0pu\u00f2 essere un vero e proprio vantaggio per coloro che desiderano\u00a0<strong>migliorare la loro fertilit\u00e0<\/strong>.<\/p>\n<h2><strong>Il vostro negozio Safinel ha il famoso Fertimiel!\u00a0<\/strong><\/h2>\n<p>Se siete curiosi di conoscere questo prodotto dell'alveare, non preoccupatevi, la vostra boutique Safinel lo ha per voi!<\/p>\n<p>Questo nettare \u00e8 presentato in un barattolo trasparente, che rivela la famosa miscela naturale marrone. Morbido e fondente, \u00e8 disponibile in una confezione da 250 g per il piacere degli amanti del miele.<\/p>\n<h2><strong>I benefici di Fertimiel<\/strong><\/h2>\n<p>Il nome dice tutto, ma vale la pena di dare un'occhiata pi\u00f9 da vicino per scoprire cosa c'\u00e8 davvero dietro questo ambitissimo nettare.<\/p>\n<p>Molto utile per i disturbi stagionali, come mal di gola e problemi alle vie respiratorie. Fa bene anche alla fertilit\u00e0! Considerato un<strong>\u00a0afrodisiaco naturale<\/strong>, \u00e8 probabilmente la soluzione che stavate cercando!<\/p>\n<h3><strong>Scopri anche...\u00a0<\/strong><\/h3>\n<p>Come sempre, la vostra boutique del benessere desidera offrirvi i prodotti pi\u00f9 adatti a voi. Per questo motivo vorremmo farvi scoprire il\u00a0<a href=\"https:\/\/www.safinel.fr\/it\/prodotto\/geluli-di-unicorno-finti\/\"><strong>capsule di unicorno finte<\/strong><\/a>\u00a0! Se vi state ancora chiedendo cosa siano queste capsule... \u00c8 il momento di visitare la vostra boutique del benessere e conoscere questi tesori naturali.<\/p>","protected":false},"excerpt":{"rendered":"<p><strong>Composizione:<\/strong><\/p>\n<ul>\n<li>Miele di giuggiolo marocchino<\/li>\n<li><a href=\"https:\/\/www.safinel.fr\/it\/prodotto\/pueraria-mirifica\/\"><strong>Pueraria mirifica<\/strong><\/a><\/li>\n<li>Shatavari<\/li>\n<li>Polline di palma<\/li>\n<li>Kacip Fatima<\/li>\n<li>Unicorno finto<\/li>\n<\/ul>\n<p><strong>\u26a0\ufe0f Mescolare bene prima dell'uso \u26a0\ufe0f<\/strong><\/p>","protected":false},"featured_media":1950,"template":"","meta":[],"product_brand":[],"product_cat":[15,24,72],"product_tag":[],"class_list":{"0":"post-1958","1":"product","2":"type-product","3":"status-publish","4":"has-post-thumbnail","6":"product_cat-fertilite","7":"product_cat-apiculture","8":"product_cat-miel-aphrodisiaque","10":"first","11":"outofstock","12":"shipping-taxable","13":"purchasable","14":"product-type-simple"},"yoast_head":"<!-- This site is optimized with the Yoast SEO plugin v26.6 - https:\/\/yoast.com\/wordpress\/plugins\/seo\/ -->\n<title>Fertimiel I Le miel id\u00e9al pour booster votre fertilit\u00e9<\/title>\n<meta name=\"description\" content=\"La fertilit\u00e9 est un sujet sensible pour certains\u2026 C\u2019est pour cela, que votre boutique Safinel souhaite mettre en avant le\u00a0Fertimiel\u00a0!\" \/>\n<meta name=\"robots\" content=\"index, follow, max-snippet:-1, max-image-preview:large, max-video-preview:-1\" \/>\n<link rel=\"canonical\" href=\"https:\/\/www.safinel.fr\/it\/prodotto\/fertimiel\/\" \/>\n<meta property=\"og:locale\" content=\"it_IT\" \/>\n<meta property=\"og:type\" content=\"article\" \/>\n<meta property=\"og:title\" content=\"Fertimiel I Le miel id\u00e9al pour booster votre fertilit\u00e9\" \/>\n<meta property=\"og:description\" content=\"La fertilit\u00e9 est un sujet sensible pour certains\u2026 C\u2019est pour cela, que votre boutique Safinel souhaite mettre en avant le\u00a0Fertimiel\u00a0!\" \/>\n<meta property=\"og:url\" content=\"https:\/\/www.safinel.fr\/it\/prodotto\/fertimiel\/\" \/>\n<meta property=\"og:site_name\" content=\"Safinel\" \/>\n<meta property=\"article:modified_time\" content=\"2024-07-04T14:07:05+00:00\" \/>\n<meta property=\"og:image\" content=\"https:\/\/www.safinel.fr\/wp-content\/uploads\/2022\/07\/fertimiel.jpg\" \/>\n\t<meta property=\"og:image:width\" content=\"600\" \/>\n\t<meta property=\"og:image:height\" content=\"600\" \/>\n\t<meta property=\"og:image:type\" content=\"image\/jpeg\" \/>\n<meta name=\"twitter:card\" content=\"summary_large_image\" \/>\n<meta name=\"twitter:label1\" content=\"Tempo di lettura stimato\" \/>\n\t<meta name=\"twitter:data1\" content=\"2 minuti\" \/>\n<script type=\"application\/ld+json\" class=\"yoast-schema-graph\">{\"@context\":\"https:\/\/schema.org\",\"@graph\":[{\"@type\":\"WebPage\",\"@id\":\"https:\/\/www.safinel.fr\/produit\/fertimiel\/\",\"url\":\"https:\/\/www.safinel.fr\/produit\/fertimiel\/\",\"name\":\"Fertimiel I Le miel id\u00e9al pour booster votre fertilit\u00e9\",\"isPartOf\":{\"@id\":\"https:\/\/www.safinel.fr\/#website\"},\"primaryImageOfPage\":{\"@id\":\"https:\/\/www.safinel.fr\/produit\/fertimiel\/#primaryimage\"},\"image\":{\"@id\":\"https:\/\/www.safinel.fr\/produit\/fertimiel\/#primaryimage\"},\"thumbnailUrl\":\"https:\/\/www.safinel.fr\/wp-content\/uploads\/2022\/07\/fertimiel.jpg\",\"datePublished\":\"2022-07-28T10:46:00+00:00\",\"dateModified\":\"2024-07-04T14:07:05+00:00\",\"description\":\"La fertilit\u00e9 est un sujet sensible pour certains\u2026 C\u2019est pour cela, que votre boutique Safinel souhaite mettre en avant le\u00a0Fertimiel\u00a0!\",\"breadcrumb\":{\"@id\":\"https:\/\/www.safinel.fr\/produit\/fertimiel\/#breadcrumb\"},\"inLanguage\":\"it-IT\",\"potentialAction\":[{\"@type\":\"ReadAction\",\"target\":[\"https:\/\/www.safinel.fr\/produit\/fertimiel\/\"]}]},{\"@type\":\"ImageObject\",\"inLanguage\":\"it-IT\",\"@id\":\"https:\/\/www.safinel.fr\/produit\/fertimiel\/#primaryimage\",\"url\":\"https:\/\/www.safinel.fr\/wp-content\/uploads\/2022\/07\/fertimiel.jpg\",\"contentUrl\":\"https:\/\/www.safinel.fr\/wp-content\/uploads\/2022\/07\/fertimiel.jpg\",\"width\":600,\"height\":600,\"caption\":\"Fertimiel 250g\"},{\"@type\":\"BreadcrumbList\",\"@id\":\"https:\/\/www.safinel.fr\/produit\/fertimiel\/#breadcrumb\",\"itemListElement\":[{\"@type\":\"ListItem\",\"position\":1,\"name\":\"Accueil\",\"item\":\"https:\/\/www.safinel.fr\/\"},{\"@type\":\"ListItem\",\"position\":2,\"name\":\"Boutique\",\"item\":\"https:\/\/www.safinel.fr\/boutique\/\"},{\"@type\":\"ListItem\",\"position\":3,\"name\":\"Fertimiel 250g\"}]},{\"@type\":\"WebSite\",\"@id\":\"https:\/\/www.safinel.fr\/#website\",\"url\":\"https:\/\/www.safinel.fr\/\",\"name\":\"Safinel\",\"description\":\"\",\"publisher\":{\"@id\":\"https:\/\/www.safinel.fr\/#organization\"},\"potentialAction\":[{\"@type\":\"SearchAction\",\"target\":{\"@type\":\"EntryPoint\",\"urlTemplate\":\"https:\/\/www.safinel.fr\/?s={search_term_string}\"},\"query-input\":{\"@type\":\"PropertyValueSpecification\",\"valueRequired\":true,\"valueName\":\"search_term_string\"}}],\"inLanguage\":\"it-IT\"},{\"@type\":\"Organization\",\"@id\":\"https:\/\/www.safinel.fr\/#organization\",\"name\":\"Safinel\",\"url\":\"https:\/\/www.safinel.fr\/\",\"logo\":{\"@type\":\"ImageObject\",\"inLanguage\":\"it-IT\",\"@id\":\"https:\/\/www.safinel.fr\/#\/schema\/logo\/image\/\",\"url\":\"https:\/\/www.safinel.fr\/wp-content\/uploads\/2021\/05\/boutique-cosmetique.png\",\"contentUrl\":\"https:\/\/www.safinel.fr\/wp-content\/uploads\/2021\/05\/boutique-cosmetique.png\",\"width\":800,\"height\":200,\"caption\":\"Safinel\"},\"image\":{\"@id\":\"https:\/\/www.safinel.fr\/#\/schema\/logo\/image\/\"}}]}<\/script>\n<!-- \/ Yoast SEO plugin. -->","yoast_head_json":{"title":"Fertimiel I Il miele ideale per aumentare la fertilit\u00e0","description":"La fertilit\u00e0 \u00e8 un argomento delicato per alcune persone... Ecco perch\u00e9 il vostro negozio Safinel vuole puntare i riflettori su Fertimiel!","robots":{"index":"index","follow":"follow","max-snippet":"max-snippet:-1","max-image-preview":"max-image-preview:large","max-video-preview":"max-video-preview:-1"},"canonical":"https:\/\/www.safinel.fr\/it\/prodotto\/fertimiel\/","og_locale":"it_IT","og_type":"article","og_title":"Fertimiel I Le miel id\u00e9al pour booster votre fertilit\u00e9","og_description":"La fertilit\u00e9 est un sujet sensible pour certains\u2026 C\u2019est pour cela, que votre boutique Safinel souhaite mettre en avant le\u00a0Fertimiel\u00a0!","og_url":"https:\/\/www.safinel.fr\/it\/prodotto\/fertimiel\/","og_site_name":"Safinel","article_modified_time":"2024-07-04T14:07:05+00:00","og_image":[{"width":600,"height":600,"url":"https:\/\/www.safinel.fr\/wp-content\/uploads\/2022\/07\/fertimiel.jpg","type":"image\/jpeg"}],"twitter_card":"summary_large_image","twitter_misc":{"Tempo di lettura stimato":"2 minuti"},"schema":{"@context":"https:\/\/schema.org","@graph":[{"@type":"WebPage","@id":"https:\/\/www.safinel.fr\/produit\/fertimiel\/","url":"https:\/\/www.safinel.fr\/produit\/fertimiel\/","name":"Fertimiel I Il miele ideale per aumentare la fertilit\u00e0","isPartOf":{"@id":"https:\/\/www.safinel.fr\/#website"},"primaryImageOfPage":{"@id":"https:\/\/www.safinel.fr\/produit\/fertimiel\/#primaryimage"},"image":{"@id":"https:\/\/www.safinel.fr\/produit\/fertimiel\/#primaryimage"},"thumbnailUrl":"https:\/\/www.safinel.fr\/wp-content\/uploads\/2022\/07\/fertimiel.jpg","datePublished":"2022-07-28T10:46:00+00:00","dateModified":"2024-07-04T14:07:05+00:00","description":"La fertilit\u00e0 \u00e8 un argomento delicato per alcune persone... Ecco perch\u00e9 il vostro negozio Safinel vuole puntare i riflettori su Fertimiel!","breadcrumb":{"@id":"https:\/\/www.safinel.fr\/produit\/fertimiel\/#breadcrumb"},"inLanguage":"it-IT","potentialAction":[{"@type":"ReadAction","target":["https:\/\/www.safinel.fr\/produit\/fertimiel\/"]}]},{"@type":"ImageObject","inLanguage":"it-IT","@id":"https:\/\/www.safinel.fr\/produit\/fertimiel\/#primaryimage","url":"https:\/\/www.safinel.fr\/wp-content\/uploads\/2022\/07\/fertimiel.jpg","contentUrl":"https:\/\/www.safinel.fr\/wp-content\/uploads\/2022\/07\/fertimiel.jpg","width":600,"height":600,"caption":"Fertimiel 250g"},{"@type":"BreadcrumbList","@id":"https:\/\/www.safinel.fr\/produit\/fertimiel\/#breadcrumb","itemListElement":[{"@type":"ListItem","position":1,"name":"Accueil","item":"https:\/\/www.safinel.fr\/"},{"@type":"ListItem","position":2,"name":"Boutique","item":"https:\/\/www.safinel.fr\/boutique\/"},{"@type":"ListItem","position":3,"name":"Fertimiel 250g"}]},{"@type":"WebSite","@id":"https:\/\/www.safinel.fr\/#website","url":"https:\/\/www.safinel.fr\/","name":"Safinel","description":"","publisher":{"@id":"https:\/\/www.safinel.fr\/#organization"},"potentialAction":[{"@type":"SearchAction","target":{"@type":"EntryPoint","urlTemplate":"https:\/\/www.safinel.fr\/?s={search_term_string}"},"query-input":{"@type":"PropertyValueSpecification","valueRequired":true,"valueName":"search_term_string"}}],"inLanguage":"it-IT"},{"@type":"Organization","@id":"https:\/\/www.safinel.fr\/#organization","name":"Safinel","url":"https:\/\/www.safinel.fr\/","logo":{"@type":"ImageObject","inLanguage":"it-IT","@id":"https:\/\/www.safinel.fr\/#\/schema\/logo\/image\/","url":"https:\/\/www.safinel.fr\/wp-content\/uploads\/2021\/05\/boutique-cosmetique.png","contentUrl":"https:\/\/www.safinel.fr\/wp-content\/uploads\/2021\/05\/boutique-cosmetique.png","width":800,"height":200,"caption":"Safinel"},"image":{"@id":"https:\/\/www.safinel.fr\/#\/schema\/logo\/image\/"}}]}},"_links":{"self":[{"href":"https:\/\/www.safinel.fr\/it\/wp-json\/wp\/v2\/product\/1958","targetHints":{"allow":["GET"]}}],"collection":[{"href":"https:\/\/www.safinel.fr\/it\/wp-json\/wp\/v2\/product"}],"about":[{"href":"https:\/\/www.safinel.fr\/it\/wp-json\/wp\/v2\/types\/product"}],"wp:featuredmedia":[{"embeddable":true,"href":"https:\/\/www.safinel.fr\/it\/wp-json\/wp\/v2\/media\/1950"}],"wp:attachment":[{"href":"https:\/\/www.safinel.fr\/it\/wp-json\/wp\/v2\/media?parent=1958"}],"wp:term":[{"taxonomy":"product_brand","embeddable":true,"href":"https:\/\/www.safinel.fr\/it\/wp-json\/wp\/v2\/product_brand?post=1958"},{"taxonomy":"product_cat","embeddable":true,"href":"https:\/\/www.safinel.fr\/it\/wp-json\/wp\/v2\/product_cat?post=1958"},{"taxonomy":"product_tag","embeddable":true,"href":"https:\/\/www.safinel.fr\/it\/wp-json\/wp\/v2\/product_tag?post=1958"}],"curies":[{"name":"wp","href":"https:\/\/api.w.org\/{rel}","templated":true}]}}