{"id":1956,"date":"2022-07-28T10:40:05","date_gmt":"2022-07-28T10:40:05","guid":{"rendered":"https:\/\/www.safinel.fr\/?post_type=product&#038;p=1956"},"modified":"2023-12-28T17:15:21","modified_gmt":"2023-12-28T17:15:21","slug":"miele-di-rosmarino","status":"publish","type":"product","link":"https:\/\/www.safinel.fr\/it\/prodotto\/miele-di-rosmarino\/","title":{"rendered":"Miele di rosmarino di Spagna 250 g"},"content":{"rendered":"<p>\u00c8 tempo di viaggiare! Sedetevi e rimanete seduti, perch\u00e9 stiamo per attraversare il confine con la Spagna! Scoprite la<strong>\u00a0Miele di rosmarino spagnolo<\/strong>\u00a0!<\/p>\n<h2><strong>Alla scoperta del miele di rosmarino spagnolo\u00a0<\/strong><\/h2>\n<p>Se questo Paese \u00e8 famoso per il suo clima e i suoi numerosi paesaggi, non siete gli unici a goderne... Infatti, il nostro piccolo\u00a0<strong>api<\/strong>\u00a0sono particolarmente affezionati, perch\u00e9 la Spagna ha molti luoghi ideali per una fioritura di qualit\u00e0.<\/p>\n<p>Ecco perch\u00e9 Safinel desidera presentarvi il miele di rosmarino spagnolo. Si presenta in un classico vasetto da 250 g, per il piacere di chi ama i nettari profumati e gustosi.<\/p>\n<h2><strong>I benefici del miele di rosmarino spagnolo\u00a0<\/strong><\/h2>\n<p>Se anche voi siete interessati a saperne di pi\u00f9 su questo<strong>\u00a0miele monoflora,<\/strong>\u00a0non fare un altro passo!<\/p>\n<p>Innanzitutto, come la maggior parte dei mieli, \u00e8 noto per la sua capacit\u00e0 di contrastare alcune malattie, in particolare quelle stagionali. Ad esempio, il mal di gola e alcuni problemi respiratori.<\/p>\n<p>\u00c8 anche considerato un antisettico e antinfiammatorio naturale. Utilizzato da molte persone per i suoi benefici sul fegato, \u00e8 anche benefico per la digestione.<\/p>\n<h3><strong>Miele di rosmarino dalla Spagna: un integratore alimentare popolare\u00a0<\/strong><\/h3>\n<p>Che siate sportivi di alto livello o guerrieri del fine settimana, questo miele potrebbe fare al caso vostro! Ottimo per l'apporto energetico e il recupero, questo alimento salutare va assunto prima e dopo l'attivit\u00e0 fisica.<\/p>\n<p>Inoltre, se vi sentite molto stanchi, potete seguire un ciclo di trattamento, proprio come qualsiasi altro stimolante naturale.<\/p>\n<h3><strong>Potete anche visitare la vostra boutique del benessere online...<\/strong><\/h3>\n<p>Come potete vedere, il vostro negozio online ama offrirvi prodotti di qualit\u00e0 che sicuramente vi affascineranno!<\/p>\n<p>Avete mai incontrato il famoso\u00a0<strong><a href=\"https:\/\/www.safinel.fr\/it\/prodotto\/aglio-nero\/\">aglio nero<\/a>\u00a0<\/strong>? In caso contrario, vi consigliamo di visitare il nostro negozio online per saperne di pi\u00f9.<\/p>","protected":false},"excerpt":{"rendered":"<p>\u00c8 ora di viaggiare! Accomodatevi e mettetevi comodi, perch\u00e9 stiamo per attraversare il confine con la Spagna! Scoprite finalmente il miele di rosmarino spagnolo! Alla scoperta del miele di rosmarino spagnolo  Se questo paese \u00e8 famoso per il suo clima e i suoi numerosi paesaggi, vale la pena sottolineare che non siete gli unici [\u2026]","protected":false},"featured_media":1939,"template":"","meta":[],"product_brand":[],"product_cat":[24,71],"product_tag":[],"class_list":{"0":"post-1956","1":"product","2":"type-product","3":"status-publish","4":"has-post-thumbnail","6":"product_cat-apiculture","7":"product_cat-miels-despagne","9":"first","10":"instock","11":"shipping-taxable","12":"purchasable","13":"product-type-simple"},"yoast_head":"<!-- This site is optimized with the Yoast SEO plugin v26.6 - https:\/\/yoast.com\/wordpress\/plugins\/seo\/ -->\n<title>Miel de Romarin I Miel espagnol de qualit\u00e9 I Contenance 250g<\/title>\n<meta name=\"description\" content=\"Prenez bien place, restez bien install\u00e9 car nous changeons de fronti\u00e8re, pour l\u2019Espagne ! Faites enfin la d\u00e9couverte du\u00a0miel de romarin d\u2019Espagne\u00a0!\" \/>\n<meta name=\"robots\" content=\"index, follow, max-snippet:-1, max-image-preview:large, max-video-preview:-1\" \/>\n<link rel=\"canonical\" href=\"https:\/\/www.safinel.fr\/it\/prodotto\/miele-di-rosmarino\/\" \/>\n<meta property=\"og:locale\" content=\"it_IT\" \/>\n<meta property=\"og:type\" content=\"article\" \/>\n<meta property=\"og:title\" content=\"Miel de Romarin I Miel espagnol de qualit\u00e9 I Contenance 250g\" \/>\n<meta property=\"og:description\" content=\"Prenez bien place, restez bien install\u00e9 car nous changeons de fronti\u00e8re, pour l\u2019Espagne ! Faites enfin la d\u00e9couverte du\u00a0miel de romarin d\u2019Espagne\u00a0!\" \/>\n<meta property=\"og:url\" content=\"https:\/\/www.safinel.fr\/it\/prodotto\/miele-di-rosmarino\/\" \/>\n<meta property=\"og:site_name\" content=\"Safinel\" \/>\n<meta property=\"article:modified_time\" content=\"2023-12-28T17:15:21+00:00\" \/>\n<meta property=\"og:image\" content=\"https:\/\/www.safinel.fr\/wp-content\/uploads\/2022\/07\/miel-de-romarin.jpg\" \/>\n\t<meta property=\"og:image:width\" content=\"600\" \/>\n\t<meta property=\"og:image:height\" content=\"600\" \/>\n\t<meta property=\"og:image:type\" content=\"image\/jpeg\" \/>\n<meta name=\"twitter:card\" content=\"summary_large_image\" \/>\n<meta name=\"twitter:label1\" content=\"Tempo di lettura stimato\" \/>\n\t<meta name=\"twitter:data1\" content=\"2 minuti\" \/>\n<script type=\"application\/ld+json\" class=\"yoast-schema-graph\">{\"@context\":\"https:\/\/schema.org\",\"@graph\":[{\"@type\":\"WebPage\",\"@id\":\"https:\/\/www.safinel.fr\/produit\/miel-de-romarin\/\",\"url\":\"https:\/\/www.safinel.fr\/produit\/miel-de-romarin\/\",\"name\":\"Miel de Romarin I Miel espagnol de qualit\u00e9 I Contenance 250g\",\"isPartOf\":{\"@id\":\"https:\/\/www.safinel.fr\/#website\"},\"primaryImageOfPage\":{\"@id\":\"https:\/\/www.safinel.fr\/produit\/miel-de-romarin\/#primaryimage\"},\"image\":{\"@id\":\"https:\/\/www.safinel.fr\/produit\/miel-de-romarin\/#primaryimage\"},\"thumbnailUrl\":\"https:\/\/www.safinel.fr\/wp-content\/uploads\/2022\/07\/miel-de-romarin.jpg\",\"datePublished\":\"2022-07-28T10:40:05+00:00\",\"dateModified\":\"2023-12-28T17:15:21+00:00\",\"description\":\"Prenez bien place, restez bien install\u00e9 car nous changeons de fronti\u00e8re, pour l\u2019Espagne ! Faites enfin la d\u00e9couverte du\u00a0miel de romarin d\u2019Espagne\u00a0!\",\"breadcrumb\":{\"@id\":\"https:\/\/www.safinel.fr\/produit\/miel-de-romarin\/#breadcrumb\"},\"inLanguage\":\"it-IT\",\"potentialAction\":[{\"@type\":\"ReadAction\",\"target\":[\"https:\/\/www.safinel.fr\/produit\/miel-de-romarin\/\"]}]},{\"@type\":\"ImageObject\",\"inLanguage\":\"it-IT\",\"@id\":\"https:\/\/www.safinel.fr\/produit\/miel-de-romarin\/#primaryimage\",\"url\":\"https:\/\/www.safinel.fr\/wp-content\/uploads\/2022\/07\/miel-de-romarin.jpg\",\"contentUrl\":\"https:\/\/www.safinel.fr\/wp-content\/uploads\/2022\/07\/miel-de-romarin.jpg\",\"width\":600,\"height\":600,\"caption\":\"Miel de romarin d'Espagne 250g\"},{\"@type\":\"BreadcrumbList\",\"@id\":\"https:\/\/www.safinel.fr\/produit\/miel-de-romarin\/#breadcrumb\",\"itemListElement\":[{\"@type\":\"ListItem\",\"position\":1,\"name\":\"Accueil\",\"item\":\"https:\/\/www.safinel.fr\/\"},{\"@type\":\"ListItem\",\"position\":2,\"name\":\"Boutique\",\"item\":\"https:\/\/www.safinel.fr\/boutique\/\"},{\"@type\":\"ListItem\",\"position\":3,\"name\":\"Miel de romarin d&#8217;Espagne 250g\"}]},{\"@type\":\"WebSite\",\"@id\":\"https:\/\/www.safinel.fr\/#website\",\"url\":\"https:\/\/www.safinel.fr\/\",\"name\":\"Safinel\",\"description\":\"\",\"publisher\":{\"@id\":\"https:\/\/www.safinel.fr\/#organization\"},\"potentialAction\":[{\"@type\":\"SearchAction\",\"target\":{\"@type\":\"EntryPoint\",\"urlTemplate\":\"https:\/\/www.safinel.fr\/?s={search_term_string}\"},\"query-input\":{\"@type\":\"PropertyValueSpecification\",\"valueRequired\":true,\"valueName\":\"search_term_string\"}}],\"inLanguage\":\"it-IT\"},{\"@type\":\"Organization\",\"@id\":\"https:\/\/www.safinel.fr\/#organization\",\"name\":\"Safinel\",\"url\":\"https:\/\/www.safinel.fr\/\",\"logo\":{\"@type\":\"ImageObject\",\"inLanguage\":\"it-IT\",\"@id\":\"https:\/\/www.safinel.fr\/#\/schema\/logo\/image\/\",\"url\":\"https:\/\/www.safinel.fr\/wp-content\/uploads\/2021\/05\/boutique-cosmetique.png\",\"contentUrl\":\"https:\/\/www.safinel.fr\/wp-content\/uploads\/2021\/05\/boutique-cosmetique.png\",\"width\":800,\"height\":200,\"caption\":\"Safinel\"},\"image\":{\"@id\":\"https:\/\/www.safinel.fr\/#\/schema\/logo\/image\/\"}}]}<\/script>\n<!-- \/ Yoast SEO plugin. -->","yoast_head_json":{"title":"Miele di rosmarino I Miele spagnolo di qualit\u00e0 I Confezione da 250 g","description":"Sedetevi e non muovetevi, perch\u00e9 stiamo per attraversare il confine con la Spagna! Scoprite il miele di rosmarino dalla Spagna!","robots":{"index":"index","follow":"follow","max-snippet":"max-snippet:-1","max-image-preview":"max-image-preview:large","max-video-preview":"max-video-preview:-1"},"canonical":"https:\/\/www.safinel.fr\/it\/prodotto\/miele-di-rosmarino\/","og_locale":"it_IT","og_type":"article","og_title":"Miel de Romarin I Miel espagnol de qualit\u00e9 I Contenance 250g","og_description":"Prenez bien place, restez bien install\u00e9 car nous changeons de fronti\u00e8re, pour l\u2019Espagne ! Faites enfin la d\u00e9couverte du\u00a0miel de romarin d\u2019Espagne\u00a0!","og_url":"https:\/\/www.safinel.fr\/it\/prodotto\/miele-di-rosmarino\/","og_site_name":"Safinel","article_modified_time":"2023-12-28T17:15:21+00:00","og_image":[{"width":600,"height":600,"url":"https:\/\/www.safinel.fr\/wp-content\/uploads\/2022\/07\/miel-de-romarin.jpg","type":"image\/jpeg"}],"twitter_card":"summary_large_image","twitter_misc":{"Tempo di lettura stimato":"2 minuti"},"schema":{"@context":"https:\/\/schema.org","@graph":[{"@type":"WebPage","@id":"https:\/\/www.safinel.fr\/produit\/miel-de-romarin\/","url":"https:\/\/www.safinel.fr\/produit\/miel-de-romarin\/","name":"Miele di rosmarino I Miele spagnolo di qualit\u00e0 I Confezione da 250 g","isPartOf":{"@id":"https:\/\/www.safinel.fr\/#website"},"primaryImageOfPage":{"@id":"https:\/\/www.safinel.fr\/produit\/miel-de-romarin\/#primaryimage"},"image":{"@id":"https:\/\/www.safinel.fr\/produit\/miel-de-romarin\/#primaryimage"},"thumbnailUrl":"https:\/\/www.safinel.fr\/wp-content\/uploads\/2022\/07\/miel-de-romarin.jpg","datePublished":"2022-07-28T10:40:05+00:00","dateModified":"2023-12-28T17:15:21+00:00","description":"Sedetevi e non muovetevi, perch\u00e9 stiamo per attraversare il confine con la Spagna! Scoprite il miele di rosmarino dalla Spagna!","breadcrumb":{"@id":"https:\/\/www.safinel.fr\/produit\/miel-de-romarin\/#breadcrumb"},"inLanguage":"it-IT","potentialAction":[{"@type":"ReadAction","target":["https:\/\/www.safinel.fr\/produit\/miel-de-romarin\/"]}]},{"@type":"ImageObject","inLanguage":"it-IT","@id":"https:\/\/www.safinel.fr\/produit\/miel-de-romarin\/#primaryimage","url":"https:\/\/www.safinel.fr\/wp-content\/uploads\/2022\/07\/miel-de-romarin.jpg","contentUrl":"https:\/\/www.safinel.fr\/wp-content\/uploads\/2022\/07\/miel-de-romarin.jpg","width":600,"height":600,"caption":"Miel de romarin d'Espagne 250g"},{"@type":"BreadcrumbList","@id":"https:\/\/www.safinel.fr\/produit\/miel-de-romarin\/#breadcrumb","itemListElement":[{"@type":"ListItem","position":1,"name":"Accueil","item":"https:\/\/www.safinel.fr\/"},{"@type":"ListItem","position":2,"name":"Boutique","item":"https:\/\/www.safinel.fr\/boutique\/"},{"@type":"ListItem","position":3,"name":"Miel de romarin d&#8217;Espagne 250g"}]},{"@type":"WebSite","@id":"https:\/\/www.safinel.fr\/#website","url":"https:\/\/www.safinel.fr\/","name":"Safinel","description":"","publisher":{"@id":"https:\/\/www.safinel.fr\/#organization"},"potentialAction":[{"@type":"SearchAction","target":{"@type":"EntryPoint","urlTemplate":"https:\/\/www.safinel.fr\/?s={search_term_string}"},"query-input":{"@type":"PropertyValueSpecification","valueRequired":true,"valueName":"search_term_string"}}],"inLanguage":"it-IT"},{"@type":"Organization","@id":"https:\/\/www.safinel.fr\/#organization","name":"Safinel","url":"https:\/\/www.safinel.fr\/","logo":{"@type":"ImageObject","inLanguage":"it-IT","@id":"https:\/\/www.safinel.fr\/#\/schema\/logo\/image\/","url":"https:\/\/www.safinel.fr\/wp-content\/uploads\/2021\/05\/boutique-cosmetique.png","contentUrl":"https:\/\/www.safinel.fr\/wp-content\/uploads\/2021\/05\/boutique-cosmetique.png","width":800,"height":200,"caption":"Safinel"},"image":{"@id":"https:\/\/www.safinel.fr\/#\/schema\/logo\/image\/"}}]}},"_links":{"self":[{"href":"https:\/\/www.safinel.fr\/it\/wp-json\/wp\/v2\/product\/1956","targetHints":{"allow":["GET"]}}],"collection":[{"href":"https:\/\/www.safinel.fr\/it\/wp-json\/wp\/v2\/product"}],"about":[{"href":"https:\/\/www.safinel.fr\/it\/wp-json\/wp\/v2\/types\/product"}],"wp:featuredmedia":[{"embeddable":true,"href":"https:\/\/www.safinel.fr\/it\/wp-json\/wp\/v2\/media\/1939"}],"wp:attachment":[{"href":"https:\/\/www.safinel.fr\/it\/wp-json\/wp\/v2\/media?parent=1956"}],"wp:term":[{"taxonomy":"product_brand","embeddable":true,"href":"https:\/\/www.safinel.fr\/it\/wp-json\/wp\/v2\/product_brand?post=1956"},{"taxonomy":"product_cat","embeddable":true,"href":"https:\/\/www.safinel.fr\/it\/wp-json\/wp\/v2\/product_cat?post=1956"},{"taxonomy":"product_tag","embeddable":true,"href":"https:\/\/www.safinel.fr\/it\/wp-json\/wp\/v2\/product_tag?post=1956"}],"curies":[{"name":"wp","href":"https:\/\/api.w.org\/{rel}","templated":true}]}}