{"id":1935,"date":"2022-07-28T10:24:54","date_gmt":"2022-07-28T10:24:54","guid":{"rendered":"https:\/\/www.safinel.fr\/?post_type=product&#038;p=1935"},"modified":"2023-12-28T17:15:20","modified_gmt":"2023-12-28T17:15:20","slug":"miele-di-abete","status":"publish","type":"product","link":"https:\/\/www.safinel.fr\/it\/prodotto\/miele-di-abete\/","title":{"rendered":"Miele di abete 250g"},"content":{"rendered":"<p>Preparatevi a incontrare il\u00a0<strong>Miele di abete<\/strong>\u00a0! Conosciuto anche come\u00a0<strong>nettare di melata<\/strong>, Questo prodotto dell'alveare potrebbe sorprendervi.<\/p>\n<h2><strong>Che cos'\u00e8 il miele di abete?\u00a0<\/strong><\/h2>\n<p>Innanzitutto, \u00e8 interessante sapere che questo miele viene prodotto piuttosto raramente. E questo \u00e8 dovuto al modo in cui viene prodotto.<\/p>\n<p>Di solito sono le api a raccogliere il cibo.\u00a0<strong>nettare di fiori\u00a0<\/strong>per produrre il famoso miele! Per gli abeti la storia \u00e8 diversa.<\/p>\n<p>Poich\u00e9 la pianta non ha fiori, le api lasciano il posto agli afidi, che succhiano la linfa. Gli afidi secernono poi la melata, che viene infine raccolta dalle nostre piccole api. Ecco perch\u00e9 il miele di abete \u00e8 noto anche come \"miele di melata\".<strong>\u00a0miele di melata<\/strong>.<\/p>\n<h2><strong>Miele di abete presso il vostro negozio Safinel\u00a0<\/strong><\/h2>\n<p>La vostra boutique del benessere \u00e8 orgogliosa di presentarvi un nettare di qualit\u00e0 che potrebbe conquistarvi! Disponibile in un contenitore da 250 g, questo<strong>\u00a0miele dalla Francia<\/strong>\u00a0ha un aroma molto gradevole.<\/p>\n<p>Ottimo sia sul pane tostato che per addolcire la tisana, questo\u00a0<strong>nettare di abete<\/strong>\u00a0potrebbe essere un successo per tutti!<\/p>\n<p>Inoltre, se il suo gusto \u00e8 molto apprezzato, \u00e8 anche ottimo per lo sforzo fisico! Quindi, amanti dello sport, non esitate pi\u00f9 e venite a scoprire questo nuovo prodotto!\u00a0<strong>integratore alimentare naturale<\/strong>. Scioglievole e molto aromatico, provarlo significa adottarlo...<\/p>\n<h2><strong>I benefici del miele di abete\u00a0<\/strong><\/h2>\n<p>Se ne avete sentito parlare, probabilmente avrete sentito parlare delle sue numerose virt\u00f9.  Quindi, cari amanti del nettare, preparatevi a scoprire di pi\u00f9 su questo<strong>\u00a0prodotti dell'alveare<\/strong>...<\/p>\n<ul>\n<li>\u00c8 noto il suo effetto benefico sulla flora intestinale.<\/li>\n<li>Il suo contenuto di zuccheri non raffinati \u00e8 un vero vantaggio per chi svolge lavori pesanti.<\/li>\n<li>Come la maggior parte dei mieli, \u00e8 utile contro il mal di gola e alcuni problemi respiratori.<\/li>\n<li>Pu\u00f2 anche essere un vantaggio nella lotta contro le malattie cardiovascolari<\/li>\n<li>Inoltre, \u00e8 noto che \u00e8 utile per contrastare alcuni problemi della pelle.<\/li>\n<\/ul>\n<p>Come si pu\u00f2 vedere, questo<strong>\u00a0tesoro naturale<\/strong>\u00a0\u00e8 un must-have! Considerato da molti come un\u00a0<strong>alicamento<\/strong>, Unisce gli affari al piacere.<\/p>\n<h3><strong>Il piacere di scoprire...<\/strong><\/h3>\n<p>Ormai conoscete il vostro negozio online specializzato in prodotti per il benessere! E come sempre, vorremmo presentarvi un'ampia gamma di prodotti che potrebbero fare al caso vostro!<\/p>\n<p>Fate spazio a\u2019<strong>igiene orale<\/strong>\u00a0e i suoi prodotti naturali! \u00c8 vero che prendersi cura dei propri denti \u00e8 essenziale per mantenerli belli negli anni a venire. Per questo motivo la vostra boutique Safinel ha deciso di presentarvi il\u00a0<a href=\"https:\/\/www.safinel.fr\/it\/prodotto\/dentifricio-naturale-al-mentolo-con-polvere-di-siwak-30g\/\"><strong>dentifricio in polvere alla menta<\/strong><\/a>\u00a0! S\u00ec, \u00e8 ora di prendersi cura dei propri denti con prodotti di qualit\u00e0!<\/p>\n<p>Inoltre, per coloro che desiderano proteggere un po' di pi\u00f9 il pianeta, c'\u00e8 la possibilit\u00e0 di incontrare<strong>\u00a0<a href=\"https:\/\/www.safinel.fr\/it\/prodotto\/spazzolino-da-denti-per-adulti-in-bambu-beige\/\">spazzolino da denti in bamb\u00f9 beige<\/a><\/strong>\u00a0!<\/p>\n<p>Come si pu\u00f2 notare, il vostro<strong>\u00a0Negozio Safinel<\/strong>\u00a0\u00e8 tutto per voi e per il vostro benessere!<\/p>","protected":false},"excerpt":{"rendered":"<p>Preparatevi a scoprire il miele di abete! Chiamato anche nettare di melata, questo prodotto dell'alveare potrebbe sorprendervi. Che cos'\u00e8 il miele di abete?  Innanzitutto, \u00e8 interessante sapere che la produzione di questo miele \u00e8 piuttosto rara. Ci\u00f2 \u00e8 dovuto al suo schema di produzione. [\u2026]","protected":false},"featured_media":1936,"template":"","meta":[],"product_brand":[],"product_cat":[24,69],"product_tag":[],"class_list":{"0":"post-1935","1":"product","2":"type-product","3":"status-publish","4":"has-post-thumbnail","6":"product_cat-apiculture","7":"product_cat-miels-de-france","9":"first","10":"instock","11":"shipping-taxable","12":"purchasable","13":"product-type-simple"},"yoast_head":"<!-- This site is optimized with the Yoast SEO plugin v26.6 - https:\/\/yoast.com\/wordpress\/plugins\/seo\/ -->\n<title>Miel de Sapin I Bienfaits nombreux I Contenance 250g<\/title>\n<meta name=\"description\" content=\"Pr\u00e9parez-vous \u00e0 faire la rencontre du\u00a0miel de sapin\u00a0! Aussi appel\u00e9\u00a0nectar de miellat, ce produit de la ruche pourrait bien vous surprendre.\" \/>\n<meta name=\"robots\" content=\"index, follow, max-snippet:-1, max-image-preview:large, max-video-preview:-1\" \/>\n<link rel=\"canonical\" href=\"https:\/\/www.safinel.fr\/it\/prodotto\/miele-di-abete\/\" \/>\n<meta property=\"og:locale\" content=\"it_IT\" \/>\n<meta property=\"og:type\" content=\"article\" \/>\n<meta property=\"og:title\" content=\"Miel de Sapin I Bienfaits nombreux I Contenance 250g\" \/>\n<meta property=\"og:description\" content=\"Pr\u00e9parez-vous \u00e0 faire la rencontre du\u00a0miel de sapin\u00a0! Aussi appel\u00e9\u00a0nectar de miellat, ce produit de la ruche pourrait bien vous surprendre.\" \/>\n<meta property=\"og:url\" content=\"https:\/\/www.safinel.fr\/it\/prodotto\/miele-di-abete\/\" \/>\n<meta property=\"og:site_name\" content=\"Safinel\" \/>\n<meta property=\"article:modified_time\" content=\"2023-12-28T17:15:20+00:00\" \/>\n<meta property=\"og:image\" content=\"https:\/\/www.safinel.fr\/wp-content\/uploads\/2022\/07\/miel-de-sapin-vert.jpg\" \/>\n\t<meta property=\"og:image:width\" content=\"600\" \/>\n\t<meta property=\"og:image:height\" content=\"600\" \/>\n\t<meta property=\"og:image:type\" content=\"image\/jpeg\" \/>\n<meta name=\"twitter:card\" content=\"summary_large_image\" \/>\n<meta name=\"twitter:label1\" content=\"Tempo di lettura stimato\" \/>\n\t<meta name=\"twitter:data1\" content=\"3 minuti\" \/>\n<script type=\"application\/ld+json\" class=\"yoast-schema-graph\">{\"@context\":\"https:\/\/schema.org\",\"@graph\":[{\"@type\":\"WebPage\",\"@id\":\"https:\/\/www.safinel.fr\/produit\/miel-de-sapin\/\",\"url\":\"https:\/\/www.safinel.fr\/produit\/miel-de-sapin\/\",\"name\":\"Miel de Sapin I Bienfaits nombreux I Contenance 250g\",\"isPartOf\":{\"@id\":\"https:\/\/www.safinel.fr\/#website\"},\"primaryImageOfPage\":{\"@id\":\"https:\/\/www.safinel.fr\/produit\/miel-de-sapin\/#primaryimage\"},\"image\":{\"@id\":\"https:\/\/www.safinel.fr\/produit\/miel-de-sapin\/#primaryimage\"},\"thumbnailUrl\":\"https:\/\/www.safinel.fr\/wp-content\/uploads\/2022\/07\/miel-de-sapin-vert.jpg\",\"datePublished\":\"2022-07-28T10:24:54+00:00\",\"dateModified\":\"2023-12-28T17:15:20+00:00\",\"description\":\"Pr\u00e9parez-vous \u00e0 faire la rencontre du\u00a0miel de sapin\u00a0! Aussi appel\u00e9\u00a0nectar de miellat, ce produit de la ruche pourrait bien vous surprendre.\",\"breadcrumb\":{\"@id\":\"https:\/\/www.safinel.fr\/produit\/miel-de-sapin\/#breadcrumb\"},\"inLanguage\":\"it-IT\",\"potentialAction\":[{\"@type\":\"ReadAction\",\"target\":[\"https:\/\/www.safinel.fr\/produit\/miel-de-sapin\/\"]}]},{\"@type\":\"ImageObject\",\"inLanguage\":\"it-IT\",\"@id\":\"https:\/\/www.safinel.fr\/produit\/miel-de-sapin\/#primaryimage\",\"url\":\"https:\/\/www.safinel.fr\/wp-content\/uploads\/2022\/07\/miel-de-sapin-vert.jpg\",\"contentUrl\":\"https:\/\/www.safinel.fr\/wp-content\/uploads\/2022\/07\/miel-de-sapin-vert.jpg\",\"width\":600,\"height\":600,\"caption\":\"Miel de Sapin 250g\"},{\"@type\":\"BreadcrumbList\",\"@id\":\"https:\/\/www.safinel.fr\/produit\/miel-de-sapin\/#breadcrumb\",\"itemListElement\":[{\"@type\":\"ListItem\",\"position\":1,\"name\":\"Accueil\",\"item\":\"https:\/\/www.safinel.fr\/\"},{\"@type\":\"ListItem\",\"position\":2,\"name\":\"Boutique\",\"item\":\"https:\/\/www.safinel.fr\/boutique\/\"},{\"@type\":\"ListItem\",\"position\":3,\"name\":\"Miel de Sapin 250g\"}]},{\"@type\":\"WebSite\",\"@id\":\"https:\/\/www.safinel.fr\/#website\",\"url\":\"https:\/\/www.safinel.fr\/\",\"name\":\"Safinel\",\"description\":\"\",\"publisher\":{\"@id\":\"https:\/\/www.safinel.fr\/#organization\"},\"potentialAction\":[{\"@type\":\"SearchAction\",\"target\":{\"@type\":\"EntryPoint\",\"urlTemplate\":\"https:\/\/www.safinel.fr\/?s={search_term_string}\"},\"query-input\":{\"@type\":\"PropertyValueSpecification\",\"valueRequired\":true,\"valueName\":\"search_term_string\"}}],\"inLanguage\":\"it-IT\"},{\"@type\":\"Organization\",\"@id\":\"https:\/\/www.safinel.fr\/#organization\",\"name\":\"Safinel\",\"url\":\"https:\/\/www.safinel.fr\/\",\"logo\":{\"@type\":\"ImageObject\",\"inLanguage\":\"it-IT\",\"@id\":\"https:\/\/www.safinel.fr\/#\/schema\/logo\/image\/\",\"url\":\"https:\/\/www.safinel.fr\/wp-content\/uploads\/2021\/05\/boutique-cosmetique.png\",\"contentUrl\":\"https:\/\/www.safinel.fr\/wp-content\/uploads\/2021\/05\/boutique-cosmetique.png\",\"width\":800,\"height\":200,\"caption\":\"Safinel\"},\"image\":{\"@id\":\"https:\/\/www.safinel.fr\/#\/schema\/logo\/image\/\"}}]}<\/script>\n<!-- \/ Yoast SEO plugin. -->","yoast_head_json":{"title":"Miele di abete I Numerosi benefici I Capacit\u00e0 250g","description":"Preparatevi a conoscere il miele di abete! Conosciuto anche come nettare di melata, questo prodotto dell'alveare potrebbe sorprendervi.","robots":{"index":"index","follow":"follow","max-snippet":"max-snippet:-1","max-image-preview":"max-image-preview:large","max-video-preview":"max-video-preview:-1"},"canonical":"https:\/\/www.safinel.fr\/it\/prodotto\/miele-di-abete\/","og_locale":"it_IT","og_type":"article","og_title":"Miel de Sapin I Bienfaits nombreux I Contenance 250g","og_description":"Pr\u00e9parez-vous \u00e0 faire la rencontre du\u00a0miel de sapin\u00a0! Aussi appel\u00e9\u00a0nectar de miellat, ce produit de la ruche pourrait bien vous surprendre.","og_url":"https:\/\/www.safinel.fr\/it\/prodotto\/miele-di-abete\/","og_site_name":"Safinel","article_modified_time":"2023-12-28T17:15:20+00:00","og_image":[{"width":600,"height":600,"url":"https:\/\/www.safinel.fr\/wp-content\/uploads\/2022\/07\/miel-de-sapin-vert.jpg","type":"image\/jpeg"}],"twitter_card":"summary_large_image","twitter_misc":{"Tempo di lettura stimato":"3 minuti"},"schema":{"@context":"https:\/\/schema.org","@graph":[{"@type":"WebPage","@id":"https:\/\/www.safinel.fr\/produit\/miel-de-sapin\/","url":"https:\/\/www.safinel.fr\/produit\/miel-de-sapin\/","name":"Miele di abete I Numerosi benefici I Capacit\u00e0 250g","isPartOf":{"@id":"https:\/\/www.safinel.fr\/#website"},"primaryImageOfPage":{"@id":"https:\/\/www.safinel.fr\/produit\/miel-de-sapin\/#primaryimage"},"image":{"@id":"https:\/\/www.safinel.fr\/produit\/miel-de-sapin\/#primaryimage"},"thumbnailUrl":"https:\/\/www.safinel.fr\/wp-content\/uploads\/2022\/07\/miel-de-sapin-vert.jpg","datePublished":"2022-07-28T10:24:54+00:00","dateModified":"2023-12-28T17:15:20+00:00","description":"Preparatevi a conoscere il miele di abete! Conosciuto anche come nettare di melata, questo prodotto dell'alveare potrebbe sorprendervi.","breadcrumb":{"@id":"https:\/\/www.safinel.fr\/produit\/miel-de-sapin\/#breadcrumb"},"inLanguage":"it-IT","potentialAction":[{"@type":"ReadAction","target":["https:\/\/www.safinel.fr\/produit\/miel-de-sapin\/"]}]},{"@type":"ImageObject","inLanguage":"it-IT","@id":"https:\/\/www.safinel.fr\/produit\/miel-de-sapin\/#primaryimage","url":"https:\/\/www.safinel.fr\/wp-content\/uploads\/2022\/07\/miel-de-sapin-vert.jpg","contentUrl":"https:\/\/www.safinel.fr\/wp-content\/uploads\/2022\/07\/miel-de-sapin-vert.jpg","width":600,"height":600,"caption":"Miel de Sapin 250g"},{"@type":"BreadcrumbList","@id":"https:\/\/www.safinel.fr\/produit\/miel-de-sapin\/#breadcrumb","itemListElement":[{"@type":"ListItem","position":1,"name":"Accueil","item":"https:\/\/www.safinel.fr\/"},{"@type":"ListItem","position":2,"name":"Boutique","item":"https:\/\/www.safinel.fr\/boutique\/"},{"@type":"ListItem","position":3,"name":"Miel de Sapin 250g"}]},{"@type":"WebSite","@id":"https:\/\/www.safinel.fr\/#website","url":"https:\/\/www.safinel.fr\/","name":"Safinel","description":"","publisher":{"@id":"https:\/\/www.safinel.fr\/#organization"},"potentialAction":[{"@type":"SearchAction","target":{"@type":"EntryPoint","urlTemplate":"https:\/\/www.safinel.fr\/?s={search_term_string}"},"query-input":{"@type":"PropertyValueSpecification","valueRequired":true,"valueName":"search_term_string"}}],"inLanguage":"it-IT"},{"@type":"Organization","@id":"https:\/\/www.safinel.fr\/#organization","name":"Safinel","url":"https:\/\/www.safinel.fr\/","logo":{"@type":"ImageObject","inLanguage":"it-IT","@id":"https:\/\/www.safinel.fr\/#\/schema\/logo\/image\/","url":"https:\/\/www.safinel.fr\/wp-content\/uploads\/2021\/05\/boutique-cosmetique.png","contentUrl":"https:\/\/www.safinel.fr\/wp-content\/uploads\/2021\/05\/boutique-cosmetique.png","width":800,"height":200,"caption":"Safinel"},"image":{"@id":"https:\/\/www.safinel.fr\/#\/schema\/logo\/image\/"}}]}},"_links":{"self":[{"href":"https:\/\/www.safinel.fr\/it\/wp-json\/wp\/v2\/product\/1935","targetHints":{"allow":["GET"]}}],"collection":[{"href":"https:\/\/www.safinel.fr\/it\/wp-json\/wp\/v2\/product"}],"about":[{"href":"https:\/\/www.safinel.fr\/it\/wp-json\/wp\/v2\/types\/product"}],"wp:featuredmedia":[{"embeddable":true,"href":"https:\/\/www.safinel.fr\/it\/wp-json\/wp\/v2\/media\/1936"}],"wp:attachment":[{"href":"https:\/\/www.safinel.fr\/it\/wp-json\/wp\/v2\/media?parent=1935"}],"wp:term":[{"taxonomy":"product_brand","embeddable":true,"href":"https:\/\/www.safinel.fr\/it\/wp-json\/wp\/v2\/product_brand?post=1935"},{"taxonomy":"product_cat","embeddable":true,"href":"https:\/\/www.safinel.fr\/it\/wp-json\/wp\/v2\/product_cat?post=1935"},{"taxonomy":"product_tag","embeddable":true,"href":"https:\/\/www.safinel.fr\/it\/wp-json\/wp\/v2\/product_tag?post=1935"}],"curies":[{"name":"wp","href":"https:\/\/api.w.org\/{rel}","templated":true}]}}