{"id":188,"date":"2021-07-07T19:06:53","date_gmt":"2021-07-07T19:06:53","guid":{"rendered":"https:\/\/www.safinel.fr\/?post_type=product&#038;p=188"},"modified":"2023-12-28T17:15:00","modified_gmt":"2023-12-28T17:15:00","slug":"kapoor-kachli","status":"publish","type":"product","link":"https:\/\/www.safinel.fr\/it\/prodotto\/kapoor-kachli\/","title":{"rendered":"Kapoor Kachli 100g"},"content":{"rendered":"<p>La polvere vegetale di Kapoor Kachli \u00e8 un prodotto naturale per la cura dei capelli. Si usa pi\u00f9 o meno allo stesso modo del <a href=\"https:\/\/www.safinel.fr\/it\/prodotto\/polvere-di-chebe-100g\/\"><b>polvere di ch\u00e9b\u00e9<\/b><\/a>. \u00c8 uno dei prodotti della farmacopea indiana che, come l'henn\u00e9, migliora i capelli. Questa polvere ayurvedica deriva dalla pianta Hedychium spicatum. Nel linguaggio comune \u00e8 conosciuta come zenzero ornamentale. \u00c8 una pianta rigogliosa che cresce ai piedi dell'Himalaya, nel subcontinente indiano e in Birmania. \u00c8 una pianta a rizoma da cui si estrae la radice per produrre il Kapoor Kachli in polvere.<\/p>\n<h2><b>Kapoor Kachli: una meraviglia per i capelli sfibrati<\/b><\/h2>\n<p>La polvere di Kapoor Kachli \u00e8 un antico segreto di bellezza indiano. Questo tipo di cosmetico naturale \u00e8 oggi al centro della cosmesi a base vegetale. Questa polvere ayurvedica, emersa dalla sua terra d'origine, \u00e8 ormai molto conosciuta. \u00c8 sempre pi\u00f9 utilizzata nei prodotti per la cura dei capelli e nelle colorazioni vegetali. Mescolata all'henn\u00e9, tende a rafforzare e ammorbidire i capelli. Svolge quindi un ruolo idratante e rende i capelli relativamente brillanti.<span class=\"Apple-converted-space\">\u00a0<\/span><\/p>\n<p>Il Kapoor Kachli pu\u00f2 essere utilizzato anche come shampoo secco naturale. Basta mescolarlo con un po' di acqua calda o tiepida e applicarlo. Poi pettinare i capelli con la spazzola abituale.<\/p>\n<p>Rispettando l'acconciatura, questa polvere indiana rafforzer\u00e0 e dar\u00e0 vitalit\u00e0 ai capelli. Infine, \u00e8 sufficiente sciacquare i capelli a fine giornata.<span class=\"Apple-converted-space\">\u00a0<\/span><\/p>\n<h2><b>Un cosmetico naturale dalla fragranza sublime\u00a0<\/b><\/h2>\n<p>Il Kapoor Kachli ha anche la capacit\u00e0 di profumare i capelli. \u00c8 quindi un trattamento che pu\u00f2 essere usato settimanalmente. Con la stessa frequenza di lavaggio dei capelli, utilizzate il Kapoor Kachli come abbiamo appena descritto. Grazie al suo profumo, simile a quello dello zenzero, emana una leggera fragranza di limone con un retrogusto relativamente pungente. Naturale e privo di sostanze chimiche, vi permetter\u00e0 di preservare i vostri capelli grazie al familiare profumo dello zenzero selvatico.<span class=\"Apple-converted-space\">\u00a0<\/span><\/p>\n<h3><b>Polvere ayurvedica per tutti i tipi di capelli<\/b><\/h3>\n<p>La polvere di Kapoor Kachli \u00e8 un prodotto biologico che non fa eccezioni. Pu\u00f2 essere applicato a tutti i tipi di capelli. Tuttavia, sebbene abbia una preferenza per i capelli deboli, alcune persone ne hanno altrettanto bisogno:<\/p>\n<ul>\n<li>Innanzitutto, i capelli bianchi potranno mantenere un colore uniforme e conservare la loro vitalit\u00e0 e lucentezza.<span class=\"Apple-converted-space\">\u00a0 <\/span>Proprio cos\u00ec! Nonostante l'et\u00e0, cosa c'\u00e8 di pi\u00f9 bello che avere capelli bianchi o grigi attraenti e sani?.<span class=\"Apple-converted-space\">\u00a0<\/span><\/li>\n<\/ul>\n<ul>\n<li>Sui capelli chiari, poi, Kapoor Kachli crea splendidi riflessi rispettando questa specifica fibra capillare.<\/li>\n<\/ul>\n<ul>\n<li>Infine, i capelli spenti, dove questa polvere magica ridona splendore. In questa situazione, si consiglia di utilizzare\u2019<a href=\"https:\/\/www.mon-botox-capillaire.com\/produit\/huile-de-ricin-bio-cheveux\/\" target=\"_blank\" rel=\"noopener\"><strong>olio di ricino<\/strong><\/a> o jojoba per rinforzare questo prodotto per la cura dei capelli. In questo modo si ripristina la forza e, soprattutto, si stimola la crescita.<\/li>\n<\/ul>","protected":false},"excerpt":{"rendered":"<p>La polvere vegetale Kapoor Kachli \u00e8 un trattamento naturale per capelli. Si usa in modo simile alla polvere di ch\u00e9b\u00e9. Fa parte dei prodotti della farmacopea indiana che sublimano i capelli proprio come l'henn\u00e9. Questa polvere ayurvedica proviene dalla pianta chiamata Hedychium spicatum. Nel linguaggio [\u2026]","protected":false},"featured_media":185,"template":"","meta":[],"product_brand":[],"product_cat":[27,110],"product_tag":[],"class_list":{"0":"post-188","1":"product","2":"type-product","3":"status-publish","4":"has-post-thumbnail","6":"product_cat-plantes-medicinales","7":"product_cat-poudre-cheveux-ayurvedique","9":"first","10":"instock","11":"shipping-taxable","12":"purchasable","13":"product-type-simple"},"yoast_head":"<!-- This site is optimized with the Yoast SEO plugin v26.6 - https:\/\/yoast.com\/wordpress\/plugins\/seo\/ -->\n<title>Kapoor Kachli | Poudre ayurv\u00e9dique naturelle | Achat en France<\/title>\n<meta name=\"description\" content=\"La poudre v\u00e9g\u00e9tale de Kapoor Kachli est un soin capillaire naturel. Elle s\u2019utilise un peu dans le m\u00eame style que la poudre de ch\u00e9b\u00e9.\" \/>\n<meta name=\"robots\" content=\"index, follow, max-snippet:-1, max-image-preview:large, max-video-preview:-1\" \/>\n<link rel=\"canonical\" href=\"https:\/\/www.safinel.fr\/it\/prodotto\/kapoor-kachli\/\" \/>\n<meta property=\"og:locale\" content=\"it_IT\" \/>\n<meta property=\"og:type\" content=\"article\" \/>\n<meta property=\"og:title\" content=\"Kapoor Kachli | Poudre ayurv\u00e9dique naturelle | Achat en France\" \/>\n<meta property=\"og:description\" content=\"La poudre v\u00e9g\u00e9tale de Kapoor Kachli est un soin capillaire naturel. Elle s\u2019utilise un peu dans le m\u00eame style que la poudre de ch\u00e9b\u00e9.\" \/>\n<meta property=\"og:url\" content=\"https:\/\/www.safinel.fr\/it\/prodotto\/kapoor-kachli\/\" \/>\n<meta property=\"og:site_name\" content=\"Safinel\" \/>\n<meta property=\"article:modified_time\" content=\"2023-12-28T17:15:00+00:00\" \/>\n<meta property=\"og:image\" content=\"https:\/\/www.safinel.fr\/wp-content\/uploads\/2021\/07\/kapoor.jpg\" \/>\n\t<meta property=\"og:image:width\" content=\"1001\" \/>\n\t<meta property=\"og:image:height\" content=\"1001\" \/>\n\t<meta property=\"og:image:type\" content=\"image\/jpeg\" \/>\n<meta name=\"twitter:card\" content=\"summary_large_image\" \/>\n<meta name=\"twitter:label1\" content=\"Tempo di lettura stimato\" \/>\n\t<meta name=\"twitter:data1\" content=\"3 minuti\" \/>\n<script type=\"application\/ld+json\" class=\"yoast-schema-graph\">{\"@context\":\"https:\/\/schema.org\",\"@graph\":[{\"@type\":\"WebPage\",\"@id\":\"https:\/\/www.safinel.fr\/produit\/kapoor-kachli\/\",\"url\":\"https:\/\/www.safinel.fr\/produit\/kapoor-kachli\/\",\"name\":\"Kapoor Kachli | Poudre ayurv\u00e9dique naturelle | Achat en France\",\"isPartOf\":{\"@id\":\"https:\/\/www.safinel.fr\/#website\"},\"primaryImageOfPage\":{\"@id\":\"https:\/\/www.safinel.fr\/produit\/kapoor-kachli\/#primaryimage\"},\"image\":{\"@id\":\"https:\/\/www.safinel.fr\/produit\/kapoor-kachli\/#primaryimage\"},\"thumbnailUrl\":\"https:\/\/www.safinel.fr\/wp-content\/uploads\/2021\/07\/kapoor.jpg\",\"datePublished\":\"2021-07-07T19:06:53+00:00\",\"dateModified\":\"2023-12-28T17:15:00+00:00\",\"description\":\"La poudre v\u00e9g\u00e9tale de Kapoor Kachli est un soin capillaire naturel. Elle s\u2019utilise un peu dans le m\u00eame style que la poudre de ch\u00e9b\u00e9.\",\"breadcrumb\":{\"@id\":\"https:\/\/www.safinel.fr\/produit\/kapoor-kachli\/#breadcrumb\"},\"inLanguage\":\"it-IT\",\"potentialAction\":[{\"@type\":\"ReadAction\",\"target\":[\"https:\/\/www.safinel.fr\/produit\/kapoor-kachli\/\"]}]},{\"@type\":\"ImageObject\",\"inLanguage\":\"it-IT\",\"@id\":\"https:\/\/www.safinel.fr\/produit\/kapoor-kachli\/#primaryimage\",\"url\":\"https:\/\/www.safinel.fr\/wp-content\/uploads\/2021\/07\/kapoor.jpg\",\"contentUrl\":\"https:\/\/www.safinel.fr\/wp-content\/uploads\/2021\/07\/kapoor.jpg\",\"width\":1001,\"height\":1001,\"caption\":\"Kapoor Kachli en poudre\"},{\"@type\":\"BreadcrumbList\",\"@id\":\"https:\/\/www.safinel.fr\/produit\/kapoor-kachli\/#breadcrumb\",\"itemListElement\":[{\"@type\":\"ListItem\",\"position\":1,\"name\":\"Accueil\",\"item\":\"https:\/\/www.safinel.fr\/\"},{\"@type\":\"ListItem\",\"position\":2,\"name\":\"Boutique\",\"item\":\"https:\/\/www.safinel.fr\/boutique\/\"},{\"@type\":\"ListItem\",\"position\":3,\"name\":\"Kapoor Kachli 100g\"}]},{\"@type\":\"WebSite\",\"@id\":\"https:\/\/www.safinel.fr\/#website\",\"url\":\"https:\/\/www.safinel.fr\/\",\"name\":\"Safinel\",\"description\":\"\",\"publisher\":{\"@id\":\"https:\/\/www.safinel.fr\/#organization\"},\"potentialAction\":[{\"@type\":\"SearchAction\",\"target\":{\"@type\":\"EntryPoint\",\"urlTemplate\":\"https:\/\/www.safinel.fr\/?s={search_term_string}\"},\"query-input\":{\"@type\":\"PropertyValueSpecification\",\"valueRequired\":true,\"valueName\":\"search_term_string\"}}],\"inLanguage\":\"it-IT\"},{\"@type\":\"Organization\",\"@id\":\"https:\/\/www.safinel.fr\/#organization\",\"name\":\"Safinel\",\"url\":\"https:\/\/www.safinel.fr\/\",\"logo\":{\"@type\":\"ImageObject\",\"inLanguage\":\"it-IT\",\"@id\":\"https:\/\/www.safinel.fr\/#\/schema\/logo\/image\/\",\"url\":\"https:\/\/www.safinel.fr\/wp-content\/uploads\/2021\/05\/boutique-cosmetique.png\",\"contentUrl\":\"https:\/\/www.safinel.fr\/wp-content\/uploads\/2021\/05\/boutique-cosmetique.png\",\"width\":800,\"height\":200,\"caption\":\"Safinel\"},\"image\":{\"@id\":\"https:\/\/www.safinel.fr\/#\/schema\/logo\/image\/\"}}]}<\/script>\n<!-- \/ Yoast SEO plugin. -->","yoast_head_json":{"title":"Kapoor Kachli | Polvere naturale ayurvedica | Acquistare in Francia","description":"La polvere di pianta Kapoor Kachli \u00e8 un prodotto naturale per la cura dei capelli. Si usa pi\u00f9 o meno come la polvere di chebe.","robots":{"index":"index","follow":"follow","max-snippet":"max-snippet:-1","max-image-preview":"max-image-preview:large","max-video-preview":"max-video-preview:-1"},"canonical":"https:\/\/www.safinel.fr\/it\/prodotto\/kapoor-kachli\/","og_locale":"it_IT","og_type":"article","og_title":"Kapoor Kachli | Poudre ayurv\u00e9dique naturelle | Achat en France","og_description":"La poudre v\u00e9g\u00e9tale de Kapoor Kachli est un soin capillaire naturel. Elle s\u2019utilise un peu dans le m\u00eame style que la poudre de ch\u00e9b\u00e9.","og_url":"https:\/\/www.safinel.fr\/it\/prodotto\/kapoor-kachli\/","og_site_name":"Safinel","article_modified_time":"2023-12-28T17:15:00+00:00","og_image":[{"width":1001,"height":1001,"url":"https:\/\/www.safinel.fr\/wp-content\/uploads\/2021\/07\/kapoor.jpg","type":"image\/jpeg"}],"twitter_card":"summary_large_image","twitter_misc":{"Tempo di lettura stimato":"3 minuti"},"schema":{"@context":"https:\/\/schema.org","@graph":[{"@type":"WebPage","@id":"https:\/\/www.safinel.fr\/produit\/kapoor-kachli\/","url":"https:\/\/www.safinel.fr\/produit\/kapoor-kachli\/","name":"Kapoor Kachli | Polvere naturale ayurvedica | Acquistare in Francia","isPartOf":{"@id":"https:\/\/www.safinel.fr\/#website"},"primaryImageOfPage":{"@id":"https:\/\/www.safinel.fr\/produit\/kapoor-kachli\/#primaryimage"},"image":{"@id":"https:\/\/www.safinel.fr\/produit\/kapoor-kachli\/#primaryimage"},"thumbnailUrl":"https:\/\/www.safinel.fr\/wp-content\/uploads\/2021\/07\/kapoor.jpg","datePublished":"2021-07-07T19:06:53+00:00","dateModified":"2023-12-28T17:15:00+00:00","description":"La polvere di pianta Kapoor Kachli \u00e8 un prodotto naturale per la cura dei capelli. Si usa pi\u00f9 o meno come la polvere di chebe.","breadcrumb":{"@id":"https:\/\/www.safinel.fr\/produit\/kapoor-kachli\/#breadcrumb"},"inLanguage":"it-IT","potentialAction":[{"@type":"ReadAction","target":["https:\/\/www.safinel.fr\/produit\/kapoor-kachli\/"]}]},{"@type":"ImageObject","inLanguage":"it-IT","@id":"https:\/\/www.safinel.fr\/produit\/kapoor-kachli\/#primaryimage","url":"https:\/\/www.safinel.fr\/wp-content\/uploads\/2021\/07\/kapoor.jpg","contentUrl":"https:\/\/www.safinel.fr\/wp-content\/uploads\/2021\/07\/kapoor.jpg","width":1001,"height":1001,"caption":"Kapoor Kachli en poudre"},{"@type":"BreadcrumbList","@id":"https:\/\/www.safinel.fr\/produit\/kapoor-kachli\/#breadcrumb","itemListElement":[{"@type":"ListItem","position":1,"name":"Accueil","item":"https:\/\/www.safinel.fr\/"},{"@type":"ListItem","position":2,"name":"Boutique","item":"https:\/\/www.safinel.fr\/boutique\/"},{"@type":"ListItem","position":3,"name":"Kapoor Kachli 100g"}]},{"@type":"WebSite","@id":"https:\/\/www.safinel.fr\/#website","url":"https:\/\/www.safinel.fr\/","name":"Safinel","description":"","publisher":{"@id":"https:\/\/www.safinel.fr\/#organization"},"potentialAction":[{"@type":"SearchAction","target":{"@type":"EntryPoint","urlTemplate":"https:\/\/www.safinel.fr\/?s={search_term_string}"},"query-input":{"@type":"PropertyValueSpecification","valueRequired":true,"valueName":"search_term_string"}}],"inLanguage":"it-IT"},{"@type":"Organization","@id":"https:\/\/www.safinel.fr\/#organization","name":"Safinel","url":"https:\/\/www.safinel.fr\/","logo":{"@type":"ImageObject","inLanguage":"it-IT","@id":"https:\/\/www.safinel.fr\/#\/schema\/logo\/image\/","url":"https:\/\/www.safinel.fr\/wp-content\/uploads\/2021\/05\/boutique-cosmetique.png","contentUrl":"https:\/\/www.safinel.fr\/wp-content\/uploads\/2021\/05\/boutique-cosmetique.png","width":800,"height":200,"caption":"Safinel"},"image":{"@id":"https:\/\/www.safinel.fr\/#\/schema\/logo\/image\/"}}]}},"_links":{"self":[{"href":"https:\/\/www.safinel.fr\/it\/wp-json\/wp\/v2\/product\/188","targetHints":{"allow":["GET"]}}],"collection":[{"href":"https:\/\/www.safinel.fr\/it\/wp-json\/wp\/v2\/product"}],"about":[{"href":"https:\/\/www.safinel.fr\/it\/wp-json\/wp\/v2\/types\/product"}],"wp:featuredmedia":[{"embeddable":true,"href":"https:\/\/www.safinel.fr\/it\/wp-json\/wp\/v2\/media\/185"}],"wp:attachment":[{"href":"https:\/\/www.safinel.fr\/it\/wp-json\/wp\/v2\/media?parent=188"}],"wp:term":[{"taxonomy":"product_brand","embeddable":true,"href":"https:\/\/www.safinel.fr\/it\/wp-json\/wp\/v2\/product_brand?post=188"},{"taxonomy":"product_cat","embeddable":true,"href":"https:\/\/www.safinel.fr\/it\/wp-json\/wp\/v2\/product_cat?post=188"},{"taxonomy":"product_tag","embeddable":true,"href":"https:\/\/www.safinel.fr\/it\/wp-json\/wp\/v2\/product_tag?post=188"}],"curies":[{"name":"wp","href":"https:\/\/api.w.org\/{rel}","templated":true}]}}