{"id":17699,"date":"2025-11-07T06:23:23","date_gmt":"2025-11-07T06:23:23","guid":{"rendered":"https:\/\/www.safinel.fr\/?post_type=product&#038;p=17699"},"modified":"2025-11-07T06:32:13","modified_gmt":"2025-11-07T06:32:13","slug":"igname-in-polvere","status":"publish","type":"product","link":"https:\/\/www.safinel.fr\/it\/prodotto\/igname-in-polvere\/","title":{"rendered":"Igname di Ube in polvere"},"content":{"rendered":"<p><strong>L'ube<\/strong>, questo famoso <strong>igname viola<\/strong> originario del Sud-Est asiatico, sta diventando sempre pi\u00f9 popolare tra gli amanti di nuovi sapori e prodotti. <strong>naturale<\/strong>. La popolarit\u00e0 della sua versione <strong>in polvere<\/strong> \u00e8 dovuto non solo al suo gusto unico, ma anche ai suoi numerosi benefici nutrizionali.<\/p>\n<p>Riscoprite questo ortaggio in un formato moderno, facile da integrare nella vostra dieta quotidiana, e scoprite tutto quello che c'\u00e8 da sapere sull'igname in polvere.<\/p>\n<h2>Cos'\u00e8 l'ube o igname viola in polvere?<\/h2>\n<p>L'ube \u00e8 un <strong>tubero<\/strong>, conosciuto anche come <strong>igname viola<\/strong>, Si riconosce per la sua polpa naturalmente di colore viola intenso. Molto popolare in <strong>Filippine<\/strong>, Viene utilizzato soprattutto in pasticceria, dove il suo aspetto originale e il suo sapore delicato sono meravigliosi. Una volta trasformato <strong>in polvere<\/strong>, ube diventa un'alternativa pratica, ideale per godere dei suoi benefici senza vincoli di preparazione.<\/p>\n<p>Il processo di trasformazione preserva la <strong>ricchezza nutrizionale<\/strong> dell'ortaggio, consentendo al contempo di conservarlo a lungo. Oltre a essere <strong>senza additivi<\/strong>, <strong>senza coloranti<\/strong> o <strong>sapore aggiunto<\/strong>, Questa polvere concentra tutti i benefici degli ingredienti freschi. Ci\u00f2 garantisce una qualit\u00e0 ottimale per tutte le vostre ricette, sia a casa che nella cucina professionale.<\/p>\n<h2>Origine e caratteristiche dell'ube filippina<\/h2>\n<p><strong>L'ube<\/strong> gioca un ruolo importante nella <strong>Cultura culinaria filippina<\/strong>. Per secoli \u00e8 stato utilizzato in una moltitudine di piatti dolci come l'halo-halo, i gelati e i budini. Il clima tropicale di <strong>Filippine<\/strong> promuove la coltivazione di questo <strong>igname viola raro<\/strong>, noto per il suo colore naturale e l'aroma delicato.<\/p>\n<p>\u00c8 per soddisfare l'esigenza di praticit\u00e0 e di disponibilit\u00e0 tutto l'anno che il <strong>polvere di ube<\/strong> \u00e8 nato. Questo processo tradizionale garantisce che ogni cucchiaio mantenga il colore brillante e il sapore autentico del tubero.<\/p>\n<p>Allo stesso tempo, anche altre spezie provenienti da altre parti del mondo sono molto apprezzate, soprattutto da chi \u00e8 alla ricerca di alternative naturali per arricchire la propria dieta, come ad esempio&nbsp;<a href=\"https:\/\/www.safinel.fr\/it\/spezia-kankan\/\">I benefici della spezia kankan<\/a> le cui propriet\u00e0 digestive piacciono a molti buongustai. Grazie a una produzione <strong>naturale<\/strong> Il risultato \u00e8 un ingrediente versatile dalle qualit\u00e0 notevoli.<\/p>\n<h2>I benefici nutrizionali dell'igname ube in polvere<\/h2>\n<p><strong>L'ube<\/strong> \u00e8 attraente sia per il suo colore che per il suo valore nutrizionale. Il suo alto <strong>antiossidanti<\/strong>, Le antocianine, responsabili della sua pigmentazione viola, stanno attirando l'attenzione degli appassionati di alimenti salutari. Questi composti aiutano a proteggere le cellule dallo stress ossidativo e a sostenere la salute generale.<\/p>\n<p>Oltre agli antiossidanti, l'ube fornisce anche una <strong>fonte significativa di fibre alimentari<\/strong>. Queste fibre facilitano il transito intestinale e danno rapidamente una sensazione di saziet\u00e0. Contiene inoltre diversi <strong>vitamine essenziali<\/strong>, Tra queste, la vitamina C e alcune vitamine del gruppo B, che rafforzano il sistema immunitario e danno vitalit\u00e0 alla vita quotidiana.<\/p>\n<h3>Perch\u00e9 scegliere la polvere di ube naturale senza additivi?<\/h3>\n<p>Molti prodotti possono contenere sostanze chimiche aggiunte, mentre il <strong>polvere di ube autentica<\/strong> utilizza un metodo di produzione che rispetta i sapori e le propriet\u00e0 del tubero originale. Non \u00e8 necessario <strong>tintura<\/strong> per ottenere questo spettacolare colore viola: tutto deriva dalla natura stessa della patata.<\/p>\n<p>Optate per una versione <strong>senza additivi<\/strong> riduce il rischio di allergie o intolleranze, rispondendo alle aspettative dei consumatori attenti alla salute. Inoltre, alcune persone scelgono di prestare attenzione ad altri fattori legati alla salute degli uomini; a questo proposito, pu\u00f2 essere utile scoprire come <a href=\"https:\/\/www.safinel.fr\/it\/come-capire-se-un-uomo-sta-prendendo-il-viagra\/\">riconoscere un uomo che prende il viagra<\/a>, I sapori e i colori rimangono fedeli al prodotto originale. I sapori e i colori rimangono fedeli al prodotto originale, garantendo un'esperienza di gusto intatta e autentica.<\/p>\n<h3>Confronto con altre polveri vegetali<\/h3>\n<p><strong>Igname in polvere<\/strong> vince facilmente su altre alternative a base vegetale come la barbabietola, il matcha o la curcuma. Sebbene ognuna abbia le sue caratteristiche specifiche, poche offrono la combinazione unica di <strong>sapore delicato<\/strong>, di <strong>colore intenso<\/strong> e <strong>benefici nutrizionali<\/strong> trovato nella batata viola.<\/p>\n<p>In termini di <strong>macronutrienti<\/strong> e <strong>micronutrienti<\/strong>, ube si distingue per la sua ricchezza in <strong>carboidrati complessi<\/strong> e <strong>antiossidanti<\/strong>. Ecco una tabella di confronto per visualizzare le differenze:<\/p>\n<table>\n<tbody>\n<tr>\n<th>Prodotto<\/th>\n<th>Colore naturale<\/th>\n<th>Contributo principale<\/th>\n<th>Uso principale<\/th>\n<\/tr>\n<tr>\n<td><strong>Ube (igname viola) in polvere<\/strong><\/td>\n<td><strong>Viola<\/strong><\/td>\n<td><strong>Antiossidanti, fibre, vitamine<\/strong><\/td>\n<td><strong>Dolci, bevande, pasticceria<\/strong><\/td>\n<\/tr>\n<tr>\n<td>Barbabietola in polvere<\/td>\n<td>Rosso brillante<\/td>\n<td>Fibra, nitrati<\/td>\n<td>Frullati, salse, coloranti naturali<\/td>\n<\/tr>\n<tr>\n<td>Matcha<\/td>\n<td>Verde<\/td>\n<td>Antiossidanti, caffeina<\/td>\n<td>T\u00e8, pasticcini<\/td>\n<\/tr>\n<tr>\n<td>Curcuma<\/td>\n<td>Giallo<\/td>\n<td>Curcumina, antinfiammatorio<\/td>\n<td>Cucina, bevande salutari<\/td>\n<\/tr>\n<\/tbody>\n<\/table>\n<h2>Come posso utilizzare l'igname in polvere su base giornaliera?<\/h2>\n<p>L'integrazione di <strong>polvere di ube<\/strong> \u00c8 un ottimo modo per aggiungere un tocco di sapore alla vostra dieta quotidiana e non richiede particolari abilit\u00e0 culinarie. Le possibilit\u00e0 sono infinite, grazie al suo <strong>texture fine<\/strong>, il suo <strong>sapore delicato<\/strong> e la sua capacit\u00e0 di trasformare qualsiasi preparazione in un piatto di grande impatto visivo.<\/p>\n<p>Tutto ci\u00f2 che dovete fare \u00e8 <strong>dessert<\/strong>, per arricchire <strong>frullati<\/strong>, Pu\u00f2 essere utilizzato per personalizzare lo yogurt o per aggiungere un tocco di colore a pane e pancake. La polvere si scioglie molto bene nei liquidi, rendendola facile da incorporare in tutti i tipi di preparazioni culinarie.<\/p>\n<h3>Alcune idee originali da scoprire<\/h3>\n<p>Ecco alcuni esempi concreti da introdurre <strong>igname in polvere<\/strong> durante i pasti:<\/p>\n<ul>\n<li>Mescolare un cucchiaio di <strong>polvere di ube<\/strong> nell'impasto dei pancake o dei waffle; ;<\/li>\n<li>Creare <strong>gelati fatti in casa<\/strong> con il suo sapore unico e il suo colore violaceo; ;<\/li>\n<li>Aggiungere a un <strong>frullato<\/strong> con banana e latte vegetale; ;<\/li>\n<li>Incorporare nell'impasto di brioche o torte per un effetto visivo straordinario; ;<\/li>\n<li>Preparare una bevanda calda <strong>ube latte<\/strong> per cambiare il classico cioccolato.<\/li>\n<\/ul>\n<p>Alcuni osano addirittura deviare il <strong>polvere di ube<\/strong> in ingredienti salati, come gnocchi o pur\u00e8. In questo modo si sfrutta al massimo la sua <strong>colore naturale<\/strong> e i suoi contributi, rinnovando al contempo le ricette tradizionali.<\/p>\n<h2>Domande frequenti sulla polvere di igname ube<\/h2>\n<div itemscope=\"\" itemtype=\"https:\/\/schema.org\/FAQPage\">\n<div itemprop=\"mainEntity\" itemscope=\"\" itemtype=\"https:\/\/schema.org\/Question\">\n<h3 itemprop=\"name\">Quali sono i principali benefici della polvere di ube?<\/h3>\n<div itemprop=\"acceptedAnswer\" itemscope=\"\" itemtype=\"https:\/\/schema.org\/Answer\">\n<div itemprop=\"text\">\n<p><strong>Uva in polvere<\/strong> si distingue per l'elevata <strong>antiossidanti<\/strong>, in <strong>fibre alimentari<\/strong> e in <strong>varie vitamine<\/strong>. Questa composizione aiuta a sostenere le difese naturali dell'organismo, a regolare il transito e a preservare la vitalit\u00e0. Un consumo regolare fa quindi parte di un approccio al benessere.<\/p>\n<ul>\n<li>Protezione cellulare grazie a <strong>antiossidanti<\/strong>&nbsp;;<\/li>\n<li>Supporto digestivo tramite <strong>fibre solubili e insolubili<\/strong>&nbsp;;<\/li>\n<li>Rafforza il sistema immunitario <strong>vitamine naturali<\/strong>.<\/li>\n<\/ul>\n<\/div>\n<\/div>\n<\/div>\n<div itemprop=\"mainEntity\" itemscope=\"\" itemtype=\"https:\/\/schema.org\/Question\">\n<h3 itemprop=\"name\">La polvere di igname viola contiene additivi o coloranti?<\/h3>\n<div itemprop=\"acceptedAnswer\" itemscope=\"\" itemtype=\"https:\/\/schema.org\/Answer\">\n<div itemprop=\"text\">\n<p>Una buona <strong>polvere di igname viola<\/strong> proviene esclusivamente dal tubero, senza aggiunta di sostanze chimiche, aromi o additivi artificiali. <strong>coloranti<\/strong>. \u00c8 quindi consigliabile dare la preferenza ai prodotti che riportano esplicitamente la dicitura \u00ab.\u00ab\u00a0<strong>senza additivi<\/strong>\u00ab , \u00ab\u00a0<strong>senza coloranti<\/strong>\u00a0\u00bbe\u00ab\u00a0<strong>senza aromi aggiunti<\/strong>\u00ab . In questo modo si garantisce la sicurezza e la <strong>naturale<\/strong> per il consumatore.<\/p>\n<ul>\n<li>Processo di essiccazione delicato che rispetta l'integrit\u00e0 del tessuto. <strong>vegetale<\/strong>&nbsp;;<\/li>\n<li>Assenza di <strong>conservatori<\/strong> o esaltatori di sapidit\u00e0 ;<\/li>\n<li>Manutenzione completa di <strong>valori nutrizionali<\/strong>.<\/li>\n<\/ul>\n<\/div>\n<\/div>\n<\/div>\n<div itemprop=\"mainEntity\" itemscope=\"\" itemtype=\"https:\/\/schema.org\/Question\">\n<h3 itemprop=\"name\">In quali tipi di ricette la polvere di ube funziona meglio?<\/h3>\n<div itemprop=\"acceptedAnswer\" itemscope=\"\" itemtype=\"https:\/\/schema.org\/Answer\">\n<div itemprop=\"text\">\n<p>La <strong>polvere di ube<\/strong> si sposa particolarmente bene con ricette dolci come cupcake, muffin, gelati e creme. Pu\u00f2 essere utilizzato anche nelle miscele per <strong>bevande<\/strong> o <strong>latte originale<\/strong>. Alcuni stanno anche esplorando il suo uso nella cucina salata per aggiungere un tocco di creativit\u00e0 a piatti colorati.<\/p>\n<ul>\n<li><strong>Pasticceria varia<\/strong> (torte, ciambelle) ;<\/li>\n<li><strong>Bevande calde o fredde<\/strong> (caffellatte, frullati) ;<\/li>\n<li><strong>Piatti salati creativi<\/strong> (pur\u00e8, gnocchi).<\/li>\n<\/ul>\n<\/div>\n<\/div>\n<\/div>\n<div itemprop=\"mainEntity\" itemscope=\"\" itemtype=\"https:\/\/schema.org\/Question\">\n<h3 itemprop=\"name\">L'igname in polvere conserva a lungo le sue propriet\u00e0?<\/h3>\n<div itemprop=\"acceptedAnswer\" itemscope=\"\" itemtype=\"https:\/\/schema.org\/Answer\">\n<div itemprop=\"text\">\n<p>Se si memorizza il file <strong>polvere<\/strong> conservato in un contenitore ermetico, al riparo dalla luce e dall'umidit\u00e0, mantiene a lungo le sue qualit\u00e0, sia in termini di gusto che di nutrizione. Conservare in un luogo fresco e asciutto per garantire la stabilit\u00e0 del prodotto. <strong>antiossidanti<\/strong>, <strong>vitamine<\/strong> e <strong>colori naturali<\/strong>.<\/p>\n<ul>\n<li>La data di scadenza \u00e8 spesso superiore ai 12 mesi;<\/li>\n<li>Non \u00e8 necessaria la refrigerazione se il contenitore \u00e8 ben chiuso;<\/li>\n<li>Pratico per un uso occasionale o frequente.<\/li>\n<\/ul>\n<\/div>\n<\/div>\n<\/div>\n<\/div>","protected":false},"excerpt":{"rendered":"<p><img decoding=\"async\" src=\"https:\/\/www.safinel.fr\/wp-content\/uploads\/2021\/06\/BANNIERE-ICONE-SAFINEL.webp\" alt=\"riassicurazione satine\" width=\"800\" height=\"200\" class=\"alignnone size-full wp-image-5091\" srcset=\"https:\/\/www.safinel.fr\/wp-content\/uploads\/2021\/06\/BANNIERE-ICONE-SAFINEL.webp 800w, https:\/\/www.safinel.fr\/wp-content\/uploads\/2021\/06\/BANNIERE-ICONE-SAFINEL-600x150.webp 600w, https:\/\/www.safinel.fr\/wp-content\/uploads\/2021\/06\/BANNIERE-ICONE-SAFINEL-768x192.webp 768w\" sizes=\"(max-width: 800px) 100vw, 800px\" \/><\/p>","protected":false},"featured_media":17700,"template":"","meta":[],"product_brand":[],"product_cat":[44],"product_tag":[],"class_list":{"0":"post-17699","1":"product","2":"type-product","3":"status-publish","4":"has-post-thumbnail","6":"product_cat-epices","8":"first","9":"instock","10":"shipping-taxable","11":"purchasable","12":"product-type-variable"},"yoast_head":"<!-- This site is optimized with the Yoast SEO plugin v26.6 - https:\/\/yoast.com\/wordpress\/plugins\/seo\/ -->\n<title>Ube igname en poudre | Bienfaits et recettes | Achat en ligne<\/title>\n<meta name=\"description\" content=\"Explorez l&#039;ube igname en poudre, ses origines, bienfaits nutritionnels et id\u00e9es de recettes pour int\u00e9grer ce tubercule violet dans votre alimentation.\" \/>\n<meta name=\"robots\" content=\"index, follow, max-snippet:-1, max-image-preview:large, max-video-preview:-1\" \/>\n<link rel=\"canonical\" href=\"https:\/\/www.safinel.fr\/it\/prodotto\/igname-in-polvere\/\" \/>\n<meta property=\"og:locale\" content=\"it_IT\" \/>\n<meta property=\"og:type\" content=\"article\" \/>\n<meta property=\"og:title\" content=\"Ube igname en poudre | Bienfaits et recettes | Achat en ligne\" \/>\n<meta property=\"og:description\" content=\"Explorez l&#039;ube igname en poudre, ses origines, bienfaits nutritionnels et id\u00e9es de recettes pour int\u00e9grer ce tubercule violet dans votre alimentation.\" \/>\n<meta property=\"og:url\" content=\"https:\/\/www.safinel.fr\/it\/prodotto\/igname-in-polvere\/\" \/>\n<meta property=\"og:site_name\" content=\"Safinel\" \/>\n<meta property=\"article:modified_time\" content=\"2025-11-07T06:32:13+00:00\" \/>\n<meta property=\"og:image\" content=\"https:\/\/www.safinel.fr\/wp-content\/uploads\/2025\/11\/ube-igname-en-poudre.jpg\" \/>\n\t<meta property=\"og:image:width\" content=\"600\" \/>\n\t<meta property=\"og:image:height\" content=\"600\" \/>\n\t<meta property=\"og:image:type\" content=\"image\/jpeg\" \/>\n<meta name=\"twitter:card\" content=\"summary_large_image\" \/>\n<meta name=\"twitter:label1\" content=\"Tempo di lettura stimato\" \/>\n\t<meta name=\"twitter:data1\" content=\"8 minuti\" \/>\n<script type=\"application\/ld+json\" class=\"yoast-schema-graph\">{\"@context\":\"https:\/\/schema.org\",\"@graph\":[{\"@type\":\"WebPage\",\"@id\":\"https:\/\/www.safinel.fr\/produit\/ube-igname-en-poudre\/\",\"url\":\"https:\/\/www.safinel.fr\/produit\/ube-igname-en-poudre\/\",\"name\":\"Ube igname en poudre | Bienfaits et recettes | Achat en ligne\",\"isPartOf\":{\"@id\":\"https:\/\/www.safinel.fr\/#website\"},\"primaryImageOfPage\":{\"@id\":\"https:\/\/www.safinel.fr\/produit\/ube-igname-en-poudre\/#primaryimage\"},\"image\":{\"@id\":\"https:\/\/www.safinel.fr\/produit\/ube-igname-en-poudre\/#primaryimage\"},\"thumbnailUrl\":\"https:\/\/www.safinel.fr\/wp-content\/uploads\/2025\/11\/ube-igname-en-poudre.jpg\",\"datePublished\":\"2025-11-07T06:23:23+00:00\",\"dateModified\":\"2025-11-07T06:32:13+00:00\",\"description\":\"Explorez l'ube igname en poudre, ses origines, bienfaits nutritionnels et id\u00e9es de recettes pour int\u00e9grer ce tubercule violet dans votre alimentation.\",\"breadcrumb\":{\"@id\":\"https:\/\/www.safinel.fr\/produit\/ube-igname-en-poudre\/#breadcrumb\"},\"inLanguage\":\"it-IT\",\"potentialAction\":[{\"@type\":\"ReadAction\",\"target\":[\"https:\/\/www.safinel.fr\/produit\/ube-igname-en-poudre\/\"]}]},{\"@type\":\"ImageObject\",\"inLanguage\":\"it-IT\",\"@id\":\"https:\/\/www.safinel.fr\/produit\/ube-igname-en-poudre\/#primaryimage\",\"url\":\"https:\/\/www.safinel.fr\/wp-content\/uploads\/2025\/11\/ube-igname-en-poudre.jpg\",\"contentUrl\":\"https:\/\/www.safinel.fr\/wp-content\/uploads\/2025\/11\/ube-igname-en-poudre.jpg\",\"width\":600,\"height\":600,\"caption\":\"Ube igname en poudre\"},{\"@type\":\"BreadcrumbList\",\"@id\":\"https:\/\/www.safinel.fr\/produit\/ube-igname-en-poudre\/#breadcrumb\",\"itemListElement\":[{\"@type\":\"ListItem\",\"position\":1,\"name\":\"Accueil\",\"item\":\"https:\/\/www.safinel.fr\/\"},{\"@type\":\"ListItem\",\"position\":2,\"name\":\"Boutique\",\"item\":\"https:\/\/www.safinel.fr\/boutique\/\"},{\"@type\":\"ListItem\",\"position\":3,\"name\":\"Ube igname en poudre\"}]},{\"@type\":\"WebSite\",\"@id\":\"https:\/\/www.safinel.fr\/#website\",\"url\":\"https:\/\/www.safinel.fr\/\",\"name\":\"Safinel\",\"description\":\"\",\"publisher\":{\"@id\":\"https:\/\/www.safinel.fr\/#organization\"},\"potentialAction\":[{\"@type\":\"SearchAction\",\"target\":{\"@type\":\"EntryPoint\",\"urlTemplate\":\"https:\/\/www.safinel.fr\/?s={search_term_string}\"},\"query-input\":{\"@type\":\"PropertyValueSpecification\",\"valueRequired\":true,\"valueName\":\"search_term_string\"}}],\"inLanguage\":\"it-IT\"},{\"@type\":\"Organization\",\"@id\":\"https:\/\/www.safinel.fr\/#organization\",\"name\":\"Safinel\",\"url\":\"https:\/\/www.safinel.fr\/\",\"logo\":{\"@type\":\"ImageObject\",\"inLanguage\":\"it-IT\",\"@id\":\"https:\/\/www.safinel.fr\/#\/schema\/logo\/image\/\",\"url\":\"https:\/\/www.safinel.fr\/wp-content\/uploads\/2021\/05\/boutique-cosmetique.png\",\"contentUrl\":\"https:\/\/www.safinel.fr\/wp-content\/uploads\/2021\/05\/boutique-cosmetique.png\",\"width\":800,\"height\":200,\"caption\":\"Safinel\"},\"image\":{\"@id\":\"https:\/\/www.safinel.fr\/#\/schema\/logo\/image\/\"}}]}<\/script>\n<!-- \/ Yoast SEO plugin. -->","yoast_head_json":{"title":"Ube yam in polvere | Benefici e ricette | Acquista online","description":"Scoprite la polvere di igname ube, le sue origini, i benefici nutrizionali e le idee di ricette per incorporare questo tubero viola nella vostra dieta.","robots":{"index":"index","follow":"follow","max-snippet":"max-snippet:-1","max-image-preview":"max-image-preview:large","max-video-preview":"max-video-preview:-1"},"canonical":"https:\/\/www.safinel.fr\/it\/prodotto\/igname-in-polvere\/","og_locale":"it_IT","og_type":"article","og_title":"Ube igname en poudre | Bienfaits et recettes | Achat en ligne","og_description":"Explorez l'ube igname en poudre, ses origines, bienfaits nutritionnels et id\u00e9es de recettes pour int\u00e9grer ce tubercule violet dans votre alimentation.","og_url":"https:\/\/www.safinel.fr\/it\/prodotto\/igname-in-polvere\/","og_site_name":"Safinel","article_modified_time":"2025-11-07T06:32:13+00:00","og_image":[{"width":600,"height":600,"url":"https:\/\/www.safinel.fr\/wp-content\/uploads\/2025\/11\/ube-igname-en-poudre.jpg","type":"image\/jpeg"}],"twitter_card":"summary_large_image","twitter_misc":{"Tempo di lettura stimato":"8 minuti"},"schema":{"@context":"https:\/\/schema.org","@graph":[{"@type":"WebPage","@id":"https:\/\/www.safinel.fr\/produit\/ube-igname-en-poudre\/","url":"https:\/\/www.safinel.fr\/produit\/ube-igname-en-poudre\/","name":"Ube yam in polvere | Benefici e ricette | Acquista online","isPartOf":{"@id":"https:\/\/www.safinel.fr\/#website"},"primaryImageOfPage":{"@id":"https:\/\/www.safinel.fr\/produit\/ube-igname-en-poudre\/#primaryimage"},"image":{"@id":"https:\/\/www.safinel.fr\/produit\/ube-igname-en-poudre\/#primaryimage"},"thumbnailUrl":"https:\/\/www.safinel.fr\/wp-content\/uploads\/2025\/11\/ube-igname-en-poudre.jpg","datePublished":"2025-11-07T06:23:23+00:00","dateModified":"2025-11-07T06:32:13+00:00","description":"Scoprite la polvere di igname ube, le sue origini, i benefici nutrizionali e le idee di ricette per incorporare questo tubero viola nella vostra dieta.","breadcrumb":{"@id":"https:\/\/www.safinel.fr\/produit\/ube-igname-en-poudre\/#breadcrumb"},"inLanguage":"it-IT","potentialAction":[{"@type":"ReadAction","target":["https:\/\/www.safinel.fr\/produit\/ube-igname-en-poudre\/"]}]},{"@type":"ImageObject","inLanguage":"it-IT","@id":"https:\/\/www.safinel.fr\/produit\/ube-igname-en-poudre\/#primaryimage","url":"https:\/\/www.safinel.fr\/wp-content\/uploads\/2025\/11\/ube-igname-en-poudre.jpg","contentUrl":"https:\/\/www.safinel.fr\/wp-content\/uploads\/2025\/11\/ube-igname-en-poudre.jpg","width":600,"height":600,"caption":"Ube igname en poudre"},{"@type":"BreadcrumbList","@id":"https:\/\/www.safinel.fr\/produit\/ube-igname-en-poudre\/#breadcrumb","itemListElement":[{"@type":"ListItem","position":1,"name":"Accueil","item":"https:\/\/www.safinel.fr\/"},{"@type":"ListItem","position":2,"name":"Boutique","item":"https:\/\/www.safinel.fr\/boutique\/"},{"@type":"ListItem","position":3,"name":"Ube igname en poudre"}]},{"@type":"WebSite","@id":"https:\/\/www.safinel.fr\/#website","url":"https:\/\/www.safinel.fr\/","name":"Safinel","description":"","publisher":{"@id":"https:\/\/www.safinel.fr\/#organization"},"potentialAction":[{"@type":"SearchAction","target":{"@type":"EntryPoint","urlTemplate":"https:\/\/www.safinel.fr\/?s={search_term_string}"},"query-input":{"@type":"PropertyValueSpecification","valueRequired":true,"valueName":"search_term_string"}}],"inLanguage":"it-IT"},{"@type":"Organization","@id":"https:\/\/www.safinel.fr\/#organization","name":"Safinel","url":"https:\/\/www.safinel.fr\/","logo":{"@type":"ImageObject","inLanguage":"it-IT","@id":"https:\/\/www.safinel.fr\/#\/schema\/logo\/image\/","url":"https:\/\/www.safinel.fr\/wp-content\/uploads\/2021\/05\/boutique-cosmetique.png","contentUrl":"https:\/\/www.safinel.fr\/wp-content\/uploads\/2021\/05\/boutique-cosmetique.png","width":800,"height":200,"caption":"Safinel"},"image":{"@id":"https:\/\/www.safinel.fr\/#\/schema\/logo\/image\/"}}]}},"_links":{"self":[{"href":"https:\/\/www.safinel.fr\/it\/wp-json\/wp\/v2\/product\/17699","targetHints":{"allow":["GET"]}}],"collection":[{"href":"https:\/\/www.safinel.fr\/it\/wp-json\/wp\/v2\/product"}],"about":[{"href":"https:\/\/www.safinel.fr\/it\/wp-json\/wp\/v2\/types\/product"}],"wp:featuredmedia":[{"embeddable":true,"href":"https:\/\/www.safinel.fr\/it\/wp-json\/wp\/v2\/media\/17700"}],"wp:attachment":[{"href":"https:\/\/www.safinel.fr\/it\/wp-json\/wp\/v2\/media?parent=17699"}],"wp:term":[{"taxonomy":"product_brand","embeddable":true,"href":"https:\/\/www.safinel.fr\/it\/wp-json\/wp\/v2\/product_brand?post=17699"},{"taxonomy":"product_cat","embeddable":true,"href":"https:\/\/www.safinel.fr\/it\/wp-json\/wp\/v2\/product_cat?post=17699"},{"taxonomy":"product_tag","embeddable":true,"href":"https:\/\/www.safinel.fr\/it\/wp-json\/wp\/v2\/product_tag?post=17699"}],"curies":[{"name":"wp","href":"https:\/\/api.w.org\/{rel}","templated":true}]}}