{"id":17438,"date":"2025-10-03T17:52:41","date_gmt":"2025-10-03T17:52:41","guid":{"rendered":"https:\/\/www.safinel.fr\/?post_type=product&#038;p=17438"},"modified":"2025-10-04T17:13:47","modified_gmt":"2025-10-04T17:13:47","slug":"miscela-di-spezie-giapponesi-furikake","status":"publish","type":"product","link":"https:\/\/www.safinel.fr\/it\/prodotto\/miscela-di-spezie-giapponesi-furikake\/","title":{"rendered":"Furikake - Miscela di spezie giapponesi - 50g"},"content":{"rendered":"<p><strong>Furikake<\/strong> sta conquistando sempre pi\u00f9 appassionati di vino. <strong>Cucina giapponese<\/strong>, incuriosito da questo <strong>Miscela di spezie giapponesi<\/strong> colorato e gustoso. Dietro a questo nome cos\u00ec leggero si nasconde un <strong>Condimento giapponese<\/strong> una spezia tradizionale cosparsa generosamente su una ciotola di riso fumante. Composta da una sottile <strong>mix di alghe secche<\/strong>, Il furikake \u00e8 un piatto deliziosamente semplice che pu\u00f2 essere trasformato in un'intensa esperienza di sapori umami e croccanti, con l'aggiunta di semi di sesamo e talvolta di pesce essiccato. Addentriamoci nel mondo del furikake, un alleato quotidiano per chi ama combinare la semplicit\u00e0 con un'esplosione di sapori.<\/p>\n<h2>Che cos'\u00e8 il furikake?<\/h2>\n<p><strong>Furikake<\/strong> \u00e8 uno dei pi\u00f9 popolari <strong>Condimenti giapponesi<\/strong>. Questo <strong>Miscela di spezie giapponesi<\/strong> \u00e8 stato studiato per esaltare il sapore del riso semplice, ma \u00e8 anche un perfetto accompagnamento per pesce, verdure cotte o zuppe tradizionali. L'ingrediente principale rimane <strong>riso bianco<\/strong>, Questa combinazione unica di aromi esalta la dolcezza del vino.<\/p>\n<p>La sua composizione varia a seconda della regione e della ricetta, offrendo un'ampia gamma di consistenze e sapori. Spesso contiene un <strong>miscela di alghe<\/strong>, e <strong>semi di sesamo<\/strong> e a volte <strong>pesce essiccato<\/strong>. Pratico e ricco di <strong>benefici nutrizionali<\/strong>, Il furikake \u00e8 diventato un elemento essenziale della tavola giapponese.<\/p>\n<h2>Gli ingredienti principali del furikake<\/h2>\n<p>La magia di <strong>furikake<\/strong>, \u00e8 il perfetto equilibrio dei suoi ingredienti. Ogni componente aggiunge il proprio tocco: sapore, croccantezza, colore e benefici per la salute. \u00c8 questa miscela armoniosa che conferisce ai condimenti giapponesi la loro identit\u00e0 distintiva.<\/p>\n<h3>Perch\u00e9 le alghe sono essenziali?<\/h3>\n<p>L\u2019<strong>alga nori<\/strong> \u00e8 la base aromatica di <strong>miscela di alghe<\/strong> presente nel furikake. Essiccato e poi tagliato finemente, emana un inimitabile sapore marino e iodato. Oltre ad arricchire il gusto, la nori \u00e8 ricca di minerali come lo iodio e il calcio, essenziali per il corretto funzionamento dell'organismo.<\/p>\n<p>Questo componente si combina perfettamente con elementi pi\u00f9 moderni. <strong>croccante<\/strong>, Il risultato \u00e8 un'esplosione di sensazioni fin dal primo morso. A seconda della variante, si possono aggiungere altre alghe come wakame o kombu per diversificare ulteriormente la tavolozza aromatica del furikake. Vale la pena notare che esistono molte miscele diverse ispirate a culture diverse, compresa la cucina nordafricana. Gli appassionati di cucina orientale apprezzeranno la variet\u00e0 di\u2019<a href=\"https:\/\/www.safinel.fr\/it\/categoria-prodotto\/spezie-marocchine\/\">spezie tradizionali marocchine<\/a>, che condividono questo ricco aroma anche nella produzione di condimenti raffinati.<\/p>\n<h3>Il ruolo dei semi di sesamo e degli additivi nobili<\/h3>\n<p>Il <strong>semi di sesamo<\/strong> sono un must del furikake. La loro consistenza croccante e la leggera nota tostata aggiungono profondit\u00e0 e bont\u00e0 a questo piatto. <strong>Condimento giapponese<\/strong>. Tostato al punto giusto, il sesamo esalta ogni chicco di riso caldo su cui viene posto.<\/p>\n<p>Ci sono anche tocchi originali come il <strong>pesce essiccato<\/strong> (spesso bonito), shiso o fiocchi d'uovo. Il pesce essiccato intensifica il sapore umami senza mascherare gli altri sapori, mentre l'uovo aggiunge colore e ricchezza. A volte le verdure essiccate o un <strong>Miscela di spezie delicate<\/strong> vengono aggiunti alla ricetta per variare il piacere. In alcuni casi, spezie rare come <a href=\"https:\/\/www.safinel.fr\/it\/prodotto\/peperone-cubebe-peperone-a-coda\/\">pepe cubeb<\/a> che offre una dimensione piccante ed esotica ideale per arricchire sottilmente le ricette fusion.<\/p>\n<ul>\n<li><strong>Alga nori<\/strong> tritato finemente<\/li>\n<li><strong>Semi di sesamo<\/strong> bianco o nero<\/li>\n<li><strong>Pesce essiccato<\/strong> grattugiato o sbriciolato<\/li>\n<li>Uova secche in polvere<\/li>\n<li>Verdure secche a pezzetti<\/li>\n<li>Miscela di spezie delicata<\/li>\n<\/ul>\n<h2>Come si usa il furikake nella cucina giapponese?<\/h2>\n<p>Cospargere con <strong>furikake<\/strong> su una ciotola di <strong>riso<\/strong> rimane il gesto emblematico, ma i suoi usi non si fermano qui. Valorizza anche gli onigiri - i triangoli di riso ripieni - e aggiunge un tocco di classe ai vostri piatti. <strong>croccante<\/strong> alle insalate e rivisita sottilmente la zuppa di miso grazie al suo sapore umami.<\/p>\n<p>Questo <strong>Condimento giapponese<\/strong> pu\u00f2 sostituire il sale o aggiungere una nota umami alle verdure al vapore. Molti chef lo usano in ricette fusion, come uova sode, tartara o avocado toast. Bastano pochi pizzichi di furikake per dare un tocco in pi\u00f9 a una poke bowl o a un uovo sodo, per un effetto gourmet immediato.<\/p>\n<h3>Usi gastronomici e creativi<\/h3>\n<p>Per uscire dai sentieri battuti, basta un po' di fantasia. Mescolato in una vinaigrette leggera, cosparso su pomodori freschi o incorporato nell'impasto del pane, il <strong>furikake<\/strong> sorprende ad ogni utilizzo. La sua capacit\u00e0 di aggiungere sapore e croccantezza a tutti i tipi di piatti lo rende una vera risorsa per rinnovare la cucina di tutti i giorni.<\/p>\n<p>Alcuni appassionati amano cospargerlo sulle loro <strong>patate arrosto<\/strong>, o popcorn fatti in casa, o ancora formaggi freschi per dare un gusto originale. Questo <strong>miscela croccante<\/strong> \u00e8 un partner ideale per arricchire con facilit\u00e0 tutti i vostri pasti.<\/p>\n<h3>Il posto del furikake nel bento<\/h3>\n<p>Nel mondo di <strong>bento<\/strong>, in cui ogni ingrediente \u00e8 importante sia per l'occhio che per il palato, la <strong>furikake<\/strong> occupa un posto d'onore. Colora il riso in modo armonioso e attira l'attenzione tra gli altri cibi del pranzo dei nomadi giapponesi.<\/p>\n<p>Grazie alla sua versatilit\u00e0, protegge il riso anche durante il trasporto: assorbendo parte dell'umidit\u00e0, evita che i chicchi si attacchino tra loro. Il suo <strong>apporto nutrizionale<\/strong> contribuiscono a un pasto equilibrato, perfetto per una pausa pranzo gustosa e sana.<\/p>\n<h2>Quali sono i benefici nutrizionali del furikake?<\/h2>\n<p>Questo <strong>Condimento giapponese<\/strong> non si limita a deliziare il palato. Grazie al suo <strong>alghe marine ricche di iodio<\/strong> e minerali, fornisce anche proteine attraverso la <strong>pesce essiccato<\/strong>. Il <strong>semi di sesamo<\/strong>, Forniscono fibre, calcio e acidi grassi insaturi che fanno bene alla salute.<\/p>\n<p>Scegliere il <strong>furikake<\/strong> come un\u2019<strong>alternativa al sale<\/strong> aiuta a ridurre l'apporto di sodio mantenendo un sapore intenso. Il suo uso intelligente arricchisce i vostri piatti di nutrienti essenziali e aiuta a mantenere una dieta equilibrata su base giornaliera.<\/p>\n<table>\n<tbody>\n<tr>\n<th>Ingrediente principale<\/th>\n<th>Contributo nutrizionale chiave<\/th>\n<th>Effetto sulla salute<\/th>\n<\/tr>\n<tr>\n<td><strong>Alga nori<\/strong><\/td>\n<td>Iodio, magnesio, vitamine<\/td>\n<td>Equilibrio tiroideo e minerale<\/td>\n<\/tr>\n<tr>\n<td><strong>Semi di sesamo<\/strong><\/td>\n<td>Fibre, calcio, grassi buoni<\/td>\n<td>Supporto osseo e cardiovascolare<\/td>\n<\/tr>\n<tr>\n<td><strong>Pesce essiccato<\/strong><\/td>\n<td>Proteine, omega-3<\/td>\n<td>Manutenzione di muscoli e cervello<\/td>\n<\/tr>\n<\/tbody>\n<\/table>\n<h2>Domande frequenti sul furikake e sul suo utilizzo nella cucina giapponese<\/h2>\n<div itemscope=\"\" itemtype=\"https:\/\/schema.org\/FAQPage\">\n<div itemprop=\"mainEntity\" itemscope=\"\" itemtype=\"https:\/\/schema.org\/Question\">\n<h3 itemprop=\"name\">\u00c8 facile fare il furikake fatto in casa?<\/h3>\n<div itemprop=\"acceptedAnswer\" itemscope=\"\" itemtype=\"https:\/\/schema.org\/Answer\">\n<div itemprop=\"text\">\n<p>\u00c8 del tutto possibile realizzare un <strong>casa furikake<\/strong> senza attrezzature speciali o ingredienti rari. Tutto ci\u00f2 che serve \u00e8 qualche <strong>alga nori<\/strong>, e <strong>semi di sesamo tostati<\/strong>, un po' di sale ed eventualmente <strong>pesce essiccato<\/strong> grattugiato. Mescolare a piacere per ottenere un condimento personalizzato, ricco di sapore e croccante.<\/p>\n<ul>\n<li>Tagliare l'alga a strisce sottili<\/li>\n<li>Tostare leggermente i semi di sesamo<\/li>\n<li>Mescolare tutti gli ingredienti in un barattolo a chiusura ermetica<\/li>\n<\/ul>\n<\/div>\n<\/div>\n<\/div>\n<div itemprop=\"mainEntity\" itemscope=\"\" itemtype=\"https:\/\/schema.org\/Question\">\n<h3 itemprop=\"name\">In quali piatti si pu\u00f2 usare il furikake oltre al riso?<\/h3>\n<div itemprop=\"acceptedAnswer\" itemscope=\"\" itemtype=\"https:\/\/schema.org\/Answer\">\n<div itemprop=\"text\">\n<p>Questo <strong>Miscela di spezie giapponesi<\/strong> pu\u00f2 essere utilizzato in molti piatti di tutti i giorni. Cos\u00ec come <strong>riso<\/strong>, \u00c8 l'accompagnamento perfetto per <strong>verdure al vapore<\/strong>, Le possibilit\u00e0 sono quasi infinite quando si tratta di aggiungere un tocco di croccantezza e di sapore. Le possibilit\u00e0 sono quasi infinite quando si tratta di aggiungere un tocco di croccantezza e di sapore.<\/p>\n<ul>\n<li>Ciotole di varie verdure crude<\/li>\n<li>Pasta fritta alla Wok<\/li>\n<li>Uova strapazzate o omelette<\/li>\n<\/ul>\n<\/div>\n<\/div>\n<\/div>\n<div itemprop=\"mainEntity\" itemscope=\"\" itemtype=\"https:\/\/schema.org\/Question\">\n<h3 itemprop=\"name\">Il furikake \u00e8 adatto a chi \u00e8 attento all'assunzione di sale?<\/h3>\n<div itemprop=\"acceptedAnswer\" itemscope=\"\" itemtype=\"https:\/\/schema.org\/Answer\">\n<div itemprop=\"text\">\n<p>Grazie ai suoi sapori potenti e <strong>gusto umami<\/strong>, Il furikake \u00e8 un eccellente <strong>alternativa al sale<\/strong>. Scegliendo una versione a basso contenuto di sodio o dosandola con moderazione, si possono esaltare i piatti limitando l'apporto di sale.<\/p>\n<table>\n<tbody>\n<tr>\n<th>Tipo di furikake<\/th>\n<th>Contenuto medio di sodio<\/th>\n<\/tr>\n<tr>\n<td>Classico<\/td>\n<td>500-800 mg\/15 g<\/td>\n<\/tr>\n<tr>\n<td>Versione a basso contenuto di sale<\/td>\n<td>300-400 mg\/15 g<\/td>\n<\/tr>\n<\/tbody>\n<\/table>\n<\/div>\n<\/div>\n<\/div>\n<div itemprop=\"mainEntity\" itemscope=\"\" itemtype=\"https:\/\/schema.org\/Question\">\n<h3 itemprop=\"name\">Quali sono i benefici del furikake per una dieta sana?<\/h3>\n<div itemprop=\"acceptedAnswer\" itemscope=\"\" itemtype=\"https:\/\/schema.org\/Answer\">\n<div itemprop=\"text\">\n<p>Le <strong>furikake<\/strong> offre un'ampia gamma di nutrienti grazie ai suoi ingredienti naturali. Tra le fibre del sesamo, i minerali del <strong>alghe<\/strong> e <strong>pesce essiccato<\/strong>, Promuove una dieta equilibrata. Il suo <strong>croccante<\/strong> limita anche l'aggiunta di grassi o di salse ricche ai piatti.<\/p>\n<ul>\n<li>Naturalmente ricco di iodio e fibra alimentare<\/li>\n<li>La combinazione perfetta di gusto e salute<\/li>\n<\/ul>\n<\/div>\n<\/div>\n<\/div>\n<\/div>","protected":false},"excerpt":{"rendered":"<p><img decoding=\"async\" src=\"https:\/\/www.safinel.fr\/wp-content\/uploads\/2021\/06\/BANNIERE-ICONE-SAFINEL.webp\" alt=\"riassicurazione satine\" width=\"800\" height=\"200\" class=\"alignnone size-full wp-image-5091\" srcset=\"https:\/\/www.safinel.fr\/wp-content\/uploads\/2021\/06\/BANNIERE-ICONE-SAFINEL.webp 800w, https:\/\/www.safinel.fr\/wp-content\/uploads\/2021\/06\/BANNIERE-ICONE-SAFINEL-600x150.webp 600w, https:\/\/www.safinel.fr\/wp-content\/uploads\/2021\/06\/BANNIERE-ICONE-SAFINEL-768x192.webp 768w\" sizes=\"(max-width: 800px) 100vw, 800px\" \/><\/p>","protected":false},"featured_media":17439,"template":"","meta":[],"product_brand":[],"product_cat":[169],"product_tag":[],"class_list":{"0":"post-17438","1":"product","2":"type-product","3":"status-publish","4":"has-post-thumbnail","6":"product_cat-epices-du-monde","8":"first","9":"instock","10":"shipping-taxable","11":"purchasable","12":"product-type-simple"},"yoast_head":"<!-- This site is optimized with the Yoast SEO plugin v26.6 - https:\/\/yoast.com\/wordpress\/plugins\/seo\/ -->\n<title>Furikake | Condiment japonais disponible \u00e0 l&#039;achat<\/title>\n<meta name=\"description\" content=\"D\u00e9couvrez le furikake, ce condiment japonais aux mille saveurs qui sublime le riz et d&#039;autres plats avec un m\u00e9lange d&#039;\u00e9pices unique et savoureux.\" \/>\n<meta name=\"robots\" content=\"index, follow, max-snippet:-1, max-image-preview:large, max-video-preview:-1\" \/>\n<link rel=\"canonical\" href=\"https:\/\/www.safinel.fr\/it\/prodotto\/miscela-di-spezie-giapponesi-furikake\/\" \/>\n<meta property=\"og:locale\" content=\"it_IT\" \/>\n<meta property=\"og:type\" content=\"article\" \/>\n<meta property=\"og:title\" content=\"Furikake | Condiment japonais disponible \u00e0 l&#039;achat\" \/>\n<meta property=\"og:description\" content=\"D\u00e9couvrez le furikake, ce condiment japonais aux mille saveurs qui sublime le riz et d&#039;autres plats avec un m\u00e9lange d&#039;\u00e9pices unique et savoureux.\" \/>\n<meta property=\"og:url\" content=\"https:\/\/www.safinel.fr\/it\/prodotto\/miscela-di-spezie-giapponesi-furikake\/\" \/>\n<meta property=\"og:site_name\" content=\"Safinel\" \/>\n<meta property=\"article:modified_time\" content=\"2025-10-04T17:13:47+00:00\" \/>\n<meta property=\"og:image\" content=\"https:\/\/www.safinel.fr\/wp-content\/uploads\/2025\/10\/furikake.jpg\" \/>\n\t<meta property=\"og:image:width\" content=\"600\" \/>\n\t<meta property=\"og:image:height\" content=\"600\" \/>\n\t<meta property=\"og:image:type\" content=\"image\/jpeg\" \/>\n<meta name=\"twitter:card\" content=\"summary_large_image\" \/>\n<meta name=\"twitter:label1\" content=\"Tempo di lettura stimato\" \/>\n\t<meta name=\"twitter:data1\" content=\"9 minuti\" \/>\n<script type=\"application\/ld+json\" class=\"yoast-schema-graph\">{\"@context\":\"https:\/\/schema.org\",\"@graph\":[{\"@type\":\"WebPage\",\"@id\":\"https:\/\/www.safinel.fr\/produit\/furikake-melange-depices-japonais\/\",\"url\":\"https:\/\/www.safinel.fr\/produit\/furikake-melange-depices-japonais\/\",\"name\":\"Furikake | Condiment japonais disponible \u00e0 l'achat\",\"isPartOf\":{\"@id\":\"https:\/\/www.safinel.fr\/#website\"},\"primaryImageOfPage\":{\"@id\":\"https:\/\/www.safinel.fr\/produit\/furikake-melange-depices-japonais\/#primaryimage\"},\"image\":{\"@id\":\"https:\/\/www.safinel.fr\/produit\/furikake-melange-depices-japonais\/#primaryimage\"},\"thumbnailUrl\":\"https:\/\/www.safinel.fr\/wp-content\/uploads\/2025\/10\/furikake.jpg\",\"datePublished\":\"2025-10-03T17:52:41+00:00\",\"dateModified\":\"2025-10-04T17:13:47+00:00\",\"description\":\"D\u00e9couvrez le furikake, ce condiment japonais aux mille saveurs qui sublime le riz et d'autres plats avec un m\u00e9lange d'\u00e9pices unique et savoureux.\",\"breadcrumb\":{\"@id\":\"https:\/\/www.safinel.fr\/produit\/furikake-melange-depices-japonais\/#breadcrumb\"},\"inLanguage\":\"it-IT\",\"potentialAction\":[{\"@type\":\"ReadAction\",\"target\":[\"https:\/\/www.safinel.fr\/produit\/furikake-melange-depices-japonais\/\"]}]},{\"@type\":\"ImageObject\",\"inLanguage\":\"it-IT\",\"@id\":\"https:\/\/www.safinel.fr\/produit\/furikake-melange-depices-japonais\/#primaryimage\",\"url\":\"https:\/\/www.safinel.fr\/wp-content\/uploads\/2025\/10\/furikake.jpg\",\"contentUrl\":\"https:\/\/www.safinel.fr\/wp-content\/uploads\/2025\/10\/furikake.jpg\",\"width\":600,\"height\":600,\"caption\":\"Furikake - M\u00e9lange d'\u00e9pices japonais - 50g\"},{\"@type\":\"BreadcrumbList\",\"@id\":\"https:\/\/www.safinel.fr\/produit\/furikake-melange-depices-japonais\/#breadcrumb\",\"itemListElement\":[{\"@type\":\"ListItem\",\"position\":1,\"name\":\"Accueil\",\"item\":\"https:\/\/www.safinel.fr\/\"},{\"@type\":\"ListItem\",\"position\":2,\"name\":\"Boutique\",\"item\":\"https:\/\/www.safinel.fr\/boutique\/\"},{\"@type\":\"ListItem\",\"position\":3,\"name\":\"Furikake &#8211; M\u00e9lange d&#8217;\u00e9pices japonais &#8211; 50g\"}]},{\"@type\":\"WebSite\",\"@id\":\"https:\/\/www.safinel.fr\/#website\",\"url\":\"https:\/\/www.safinel.fr\/\",\"name\":\"Safinel\",\"description\":\"\",\"publisher\":{\"@id\":\"https:\/\/www.safinel.fr\/#organization\"},\"potentialAction\":[{\"@type\":\"SearchAction\",\"target\":{\"@type\":\"EntryPoint\",\"urlTemplate\":\"https:\/\/www.safinel.fr\/?s={search_term_string}\"},\"query-input\":{\"@type\":\"PropertyValueSpecification\",\"valueRequired\":true,\"valueName\":\"search_term_string\"}}],\"inLanguage\":\"it-IT\"},{\"@type\":\"Organization\",\"@id\":\"https:\/\/www.safinel.fr\/#organization\",\"name\":\"Safinel\",\"url\":\"https:\/\/www.safinel.fr\/\",\"logo\":{\"@type\":\"ImageObject\",\"inLanguage\":\"it-IT\",\"@id\":\"https:\/\/www.safinel.fr\/#\/schema\/logo\/image\/\",\"url\":\"https:\/\/www.safinel.fr\/wp-content\/uploads\/2021\/05\/boutique-cosmetique.png\",\"contentUrl\":\"https:\/\/www.safinel.fr\/wp-content\/uploads\/2021\/05\/boutique-cosmetique.png\",\"width\":800,\"height\":200,\"caption\":\"Safinel\"},\"image\":{\"@id\":\"https:\/\/www.safinel.fr\/#\/schema\/logo\/image\/\"}}]}<\/script>\n<!-- \/ Yoast SEO plugin. -->","yoast_head_json":{"title":"Furikake | Condimento giapponese disponibile per l'acquisto","description":"Scoprite il furikake, un condimento giapponese dai mille sapori che arricchisce il riso e altri piatti con una miscela di spezie unica e deliziosa.","robots":{"index":"index","follow":"follow","max-snippet":"max-snippet:-1","max-image-preview":"max-image-preview:large","max-video-preview":"max-video-preview:-1"},"canonical":"https:\/\/www.safinel.fr\/it\/prodotto\/miscela-di-spezie-giapponesi-furikake\/","og_locale":"it_IT","og_type":"article","og_title":"Furikake | Condiment japonais disponible \u00e0 l'achat","og_description":"D\u00e9couvrez le furikake, ce condiment japonais aux mille saveurs qui sublime le riz et d'autres plats avec un m\u00e9lange d'\u00e9pices unique et savoureux.","og_url":"https:\/\/www.safinel.fr\/it\/prodotto\/miscela-di-spezie-giapponesi-furikake\/","og_site_name":"Safinel","article_modified_time":"2025-10-04T17:13:47+00:00","og_image":[{"width":600,"height":600,"url":"https:\/\/www.safinel.fr\/wp-content\/uploads\/2025\/10\/furikake.jpg","type":"image\/jpeg"}],"twitter_card":"summary_large_image","twitter_misc":{"Tempo di lettura stimato":"9 minuti"},"schema":{"@context":"https:\/\/schema.org","@graph":[{"@type":"WebPage","@id":"https:\/\/www.safinel.fr\/produit\/furikake-melange-depices-japonais\/","url":"https:\/\/www.safinel.fr\/produit\/furikake-melange-depices-japonais\/","name":"Furikake | Condimento giapponese disponibile per l'acquisto","isPartOf":{"@id":"https:\/\/www.safinel.fr\/#website"},"primaryImageOfPage":{"@id":"https:\/\/www.safinel.fr\/produit\/furikake-melange-depices-japonais\/#primaryimage"},"image":{"@id":"https:\/\/www.safinel.fr\/produit\/furikake-melange-depices-japonais\/#primaryimage"},"thumbnailUrl":"https:\/\/www.safinel.fr\/wp-content\/uploads\/2025\/10\/furikake.jpg","datePublished":"2025-10-03T17:52:41+00:00","dateModified":"2025-10-04T17:13:47+00:00","description":"Scoprite il furikake, un condimento giapponese dai mille sapori che arricchisce il riso e altri piatti con una miscela di spezie unica e deliziosa.","breadcrumb":{"@id":"https:\/\/www.safinel.fr\/produit\/furikake-melange-depices-japonais\/#breadcrumb"},"inLanguage":"it-IT","potentialAction":[{"@type":"ReadAction","target":["https:\/\/www.safinel.fr\/produit\/furikake-melange-depices-japonais\/"]}]},{"@type":"ImageObject","inLanguage":"it-IT","@id":"https:\/\/www.safinel.fr\/produit\/furikake-melange-depices-japonais\/#primaryimage","url":"https:\/\/www.safinel.fr\/wp-content\/uploads\/2025\/10\/furikake.jpg","contentUrl":"https:\/\/www.safinel.fr\/wp-content\/uploads\/2025\/10\/furikake.jpg","width":600,"height":600,"caption":"Furikake - M\u00e9lange d'\u00e9pices japonais - 50g"},{"@type":"BreadcrumbList","@id":"https:\/\/www.safinel.fr\/produit\/furikake-melange-depices-japonais\/#breadcrumb","itemListElement":[{"@type":"ListItem","position":1,"name":"Accueil","item":"https:\/\/www.safinel.fr\/"},{"@type":"ListItem","position":2,"name":"Boutique","item":"https:\/\/www.safinel.fr\/boutique\/"},{"@type":"ListItem","position":3,"name":"Furikake &#8211; M\u00e9lange d&#8217;\u00e9pices japonais &#8211; 50g"}]},{"@type":"WebSite","@id":"https:\/\/www.safinel.fr\/#website","url":"https:\/\/www.safinel.fr\/","name":"Safinel","description":"","publisher":{"@id":"https:\/\/www.safinel.fr\/#organization"},"potentialAction":[{"@type":"SearchAction","target":{"@type":"EntryPoint","urlTemplate":"https:\/\/www.safinel.fr\/?s={search_term_string}"},"query-input":{"@type":"PropertyValueSpecification","valueRequired":true,"valueName":"search_term_string"}}],"inLanguage":"it-IT"},{"@type":"Organization","@id":"https:\/\/www.safinel.fr\/#organization","name":"Safinel","url":"https:\/\/www.safinel.fr\/","logo":{"@type":"ImageObject","inLanguage":"it-IT","@id":"https:\/\/www.safinel.fr\/#\/schema\/logo\/image\/","url":"https:\/\/www.safinel.fr\/wp-content\/uploads\/2021\/05\/boutique-cosmetique.png","contentUrl":"https:\/\/www.safinel.fr\/wp-content\/uploads\/2021\/05\/boutique-cosmetique.png","width":800,"height":200,"caption":"Safinel"},"image":{"@id":"https:\/\/www.safinel.fr\/#\/schema\/logo\/image\/"}}]}},"_links":{"self":[{"href":"https:\/\/www.safinel.fr\/it\/wp-json\/wp\/v2\/product\/17438","targetHints":{"allow":["GET"]}}],"collection":[{"href":"https:\/\/www.safinel.fr\/it\/wp-json\/wp\/v2\/product"}],"about":[{"href":"https:\/\/www.safinel.fr\/it\/wp-json\/wp\/v2\/types\/product"}],"wp:featuredmedia":[{"embeddable":true,"href":"https:\/\/www.safinel.fr\/it\/wp-json\/wp\/v2\/media\/17439"}],"wp:attachment":[{"href":"https:\/\/www.safinel.fr\/it\/wp-json\/wp\/v2\/media?parent=17438"}],"wp:term":[{"taxonomy":"product_brand","embeddable":true,"href":"https:\/\/www.safinel.fr\/it\/wp-json\/wp\/v2\/product_brand?post=17438"},{"taxonomy":"product_cat","embeddable":true,"href":"https:\/\/www.safinel.fr\/it\/wp-json\/wp\/v2\/product_cat?post=17438"},{"taxonomy":"product_tag","embeddable":true,"href":"https:\/\/www.safinel.fr\/it\/wp-json\/wp\/v2\/product_tag?post=17438"}],"curies":[{"name":"wp","href":"https:\/\/api.w.org\/{rel}","templated":true}]}}